{"id":13952,"date":"2026-04-25T17:40:20","date_gmt":"2026-04-25T17:40:20","guid":{"rendered":"https:\/\/gastora.eu\/?post_type=product&#038;p=13952"},"modified":"2026-04-28T16:55:36","modified_gmt":"2026-04-28T16:55:36","slug":"support-mural-pour-mixeur-bton","status":"publish","type":"product","link":"https:\/\/gastora.eu\/en\/product\/support-mural-pour-mixeur-bton\/","title":{"rendered":"Support mural pour mixeur \u00e0 b\u00e2ton"},"content":{"rendered":"<p>Organisez votre cuisine et rangez vos accessoires de mixeur \u00e0 b\u00e2tonnets en toute s\u00e9curit\u00e9 gr\u00e2ce \u00e0 la cr\u00e9maill\u00e8re murale pour mixeur \u00e0 b\u00e2tonnets. Ce support mural pratique est con\u00e7u pour suspendre en toute s\u00e9curit\u00e9 votre mixeur \u00e0 b\u00e2tonnets, vos b\u00e2tonnets d\u00e9tach\u00e9s et vos fouets, afin qu&#8217;ils soient toujours \u00e0 port\u00e9e de main. Fabriqu\u00e9 \u00e0 partir de mat\u00e9riaux durables, il constitue une solution de rangement solide et ordonn\u00e9e qui permet d&#8217;\u00e9conomiser un espace de travail pr\u00e9cieux. Sa conception conviviale permet un acc\u00e8s rapide et simple lorsque vous en avez le plus besoin. Un compl\u00e9ment parfait pour toute cuisine professionnelle cherchant \u00e0 optimiser l&#8217;efficacit\u00e9 et la propret\u00e9.<\/p>","protected":false},"excerpt":{"rendered":"<p>Support mural pour mixeur \u00e0 b\u00e2ton<\/p>","protected":false},"featured_media":6653,"template":"","meta":{"_acf_changed":false},"product_brand":[],"product_cat":[480],"product_tag":[],"class_list":{"0":"post-13952","1":"product","2":"type-product","3":"status-publish","4":"has-post-thumbnail","6":"product_cat-batteurs-melangeurs-2","8":"first","9":"instock","10":"sale","11":"taxable","12":"shipping-taxable","13":"purchasable","14":"product-type-simple"},"acf":[],"yoast_head":"<!-- This site is optimized with the Yoast SEO plugin v27.5 - https:\/\/yoast.com\/product\/yoast-seo-wordpress\/ -->\n<title>Support mural pour mixeur \u00e0 b\u00e2ton - Gastora<\/title>\n<meta name=\"description\" content=\"Achetez Support mural pour mixeur \u00e0 b\u00e2ton au meilleur prix, fiable et performant avec une livraison rapide\" \/>\n<meta name=\"robots\" content=\"index, follow, max-snippet:-1, max-image-preview:large, max-video-preview:-1\" \/>\n<link rel=\"canonical\" href=\"https:\/\/gastora.eu\/en\/product\/support-mural-pour-mixeur-bton\/\" \/>\n<meta property=\"og:locale\" content=\"en_US\" \/>\n<meta property=\"og:type\" content=\"article\" \/>\n<meta property=\"og:title\" content=\"Support mural pour mixeur \u00e0 b\u00e2ton - Gastora\" \/>\n<meta property=\"og:description\" content=\"Achetez Support mural pour mixeur \u00e0 b\u00e2ton au meilleur prix, fiable et performant avec une livraison rapide\" \/>\n<meta property=\"og:url\" content=\"https:\/\/gastora.eu\/en\/product\/support-mural-pour-mixeur-bton\/\" \/>\n<meta property=\"og:site_name\" content=\"Gastora\" \/>\n<meta property=\"article:modified_time\" content=\"2026-04-28T16:55:36+00:00\" \/>\n<meta name=\"twitter:card\" content=\"summary_large_image\" \/>\n<meta name=\"twitter:label1\" content=\"Est. reading time\" \/>\n\t<meta name=\"twitter:data1\" content=\"1 minute\" \/>\n<script type=\"application\/ld+json\" class=\"yoast-schema-graph\">{\"@context\":\"https:\\\/\\\/schema.org\",\"@graph\":[{\"@type\":\"WebPage\",\"@id\":\"https:\\\/\\\/gastora.eu\\\/product\\\/support-mural-pour-mixeur-bton\\\/\",\"url\":\"https:\\\/\\\/gastora.eu\\\/product\\\/support-mural-pour-mixeur-bton\\\/\",\"name\":\"Support mural pour mixeur \u00e0 b\u00e2ton - Gastora\",\"isPartOf\":{\"@id\":\"https:\\\/\\\/gastora.eu\\\/#website\"},\"primaryImageOfPage\":{\"@id\":\"https:\\\/\\\/gastora.eu\\\/product\\\/support-mural-pour-mixeur-bton\\\/#primaryimage\"},\"image\":{\"@id\":\"https:\\\/\\\/gastora.eu\\\/product\\\/support-mural-pour-mixeur-bton\\\/#primaryimage\"},\"thumbnailUrl\":\"https:\\\/\\\/gastora.eu\\\/wp-content\\\/uploads\\\/2026\\\/04\\\/08401095_4022.jpg\",\"datePublished\":\"2026-04-25T17:40:20+00:00\",\"dateModified\":\"2026-04-28T16:55:36+00:00\",\"description\":\"Achetez Support mural pour mixeur \u00e0 b\u00e2ton au meilleur prix, fiable et performant avec une livraison rapide\",\"breadcrumb\":{\"@id\":\"https:\\\/\\\/gastora.eu\\\/product\\\/support-mural-pour-mixeur-bton\\\/#breadcrumb\"},\"inLanguage\":\"en-US\",\"potentialAction\":[{\"@type\":\"ReadAction\",\"target\":[\"https:\\\/\\\/gastora.eu\\\/product\\\/support-mural-pour-mixeur-bton\\\/\"]}]},{\"@type\":\"ImageObject\",\"inLanguage\":\"en-US\",\"@id\":\"https:\\\/\\\/gastora.eu\\\/product\\\/support-mural-pour-mixeur-bton\\\/#primaryimage\",\"url\":\"https:\\\/\\\/gastora.eu\\\/wp-content\\\/uploads\\\/2026\\\/04\\\/08401095_4022.jpg\",\"contentUrl\":\"https:\\\/\\\/gastora.eu\\\/wp-content\\\/uploads\\\/2026\\\/04\\\/08401095_4022.jpg\",\"width\":1200,\"height\":1200},{\"@type\":\"BreadcrumbList\",\"@id\":\"https:\\\/\\\/gastora.eu\\\/product\\\/support-mural-pour-mixeur-bton\\\/#breadcrumb\",\"itemListElement\":[{\"@type\":\"ListItem\",\"position\":1,\"name\":\"Home\",\"item\":\"https:\\\/\\\/gastora.eu\\\/\"},{\"@type\":\"ListItem\",\"position\":2,\"name\":\"Shop\",\"item\":\"https:\\\/\\\/gastora.eu\\\/shop\\\/\"},{\"@type\":\"ListItem\",\"position\":3,\"name\":\"Support mural pour mixeur \u00e0 b\u00e2ton\"}]},{\"@type\":\"WebSite\",\"@id\":\"https:\\\/\\\/gastora.eu\\\/#website\",\"url\":\"https:\\\/\\\/gastora.eu\\\/\",\"name\":\"Gastora\",\"description\":\"\u00c9quipements professionnels CHR\",\"publisher\":{\"@id\":\"https:\\\/\\\/gastora.eu\\\/#organization\"},\"potentialAction\":[{\"@type\":\"SearchAction\",\"target\":{\"@type\":\"EntryPoint\",\"urlTemplate\":\"https:\\\/\\\/gastora.eu\\\/?s={search_term_string}\"},\"query-input\":{\"@type\":\"PropertyValueSpecification\",\"valueRequired\":true,\"valueName\":\"search_term_string\"}}],\"inLanguage\":\"en-US\"},{\"@type\":\"Organization\",\"@id\":\"https:\\\/\\\/gastora.eu\\\/#organization\",\"name\":\"Gastora\",\"url\":\"https:\\\/\\\/gastora.eu\\\/\",\"logo\":{\"@type\":\"ImageObject\",\"inLanguage\":\"en-US\",\"@id\":\"https:\\\/\\\/gastora.eu\\\/#\\\/schema\\\/logo\\\/image\\\/\",\"url\":\"https:\\\/\\\/gastora.eu\\\/wp-content\\\/uploads\\\/2025\\\/12\\\/ChatGPT-Image-2-janv.-2026-22_52_47-1.png\",\"contentUrl\":\"https:\\\/\\\/gastora.eu\\\/wp-content\\\/uploads\\\/2025\\\/12\\\/ChatGPT-Image-2-janv.-2026-22_52_47-1.png\",\"width\":1536,\"height\":320,\"caption\":\"Gastora\"},\"image\":{\"@id\":\"https:\\\/\\\/gastora.eu\\\/#\\\/schema\\\/logo\\\/image\\\/\"}}]}<\/script>\n<!-- \/ Yoast SEO plugin. -->","yoast_head_json":{"title":"Support mural pour mixeur \u00e0 b\u00e2ton - Gastora","description":"Achetez Support mural pour mixeur \u00e0 b\u00e2ton au meilleur prix, fiable et performant avec une livraison rapide","robots":{"index":"index","follow":"follow","max-snippet":"max-snippet:-1","max-image-preview":"max-image-preview:large","max-video-preview":"max-video-preview:-1"},"canonical":"https:\/\/gastora.eu\/en\/product\/support-mural-pour-mixeur-bton\/","og_locale":"en_US","og_type":"article","og_title":"Support mural pour mixeur \u00e0 b\u00e2ton - Gastora","og_description":"Achetez Support mural pour mixeur \u00e0 b\u00e2ton au meilleur prix, fiable et performant avec une livraison rapide","og_url":"https:\/\/gastora.eu\/en\/product\/support-mural-pour-mixeur-bton\/","og_site_name":"Gastora","article_modified_time":"2026-04-28T16:55:36+00:00","twitter_card":"summary_large_image","twitter_misc":{"Est. reading time":"1 minute"},"schema":{"@context":"https:\/\/schema.org","@graph":[{"@type":"WebPage","@id":"https:\/\/gastora.eu\/product\/support-mural-pour-mixeur-bton\/","url":"https:\/\/gastora.eu\/product\/support-mural-pour-mixeur-bton\/","name":"Support mural pour mixeur \u00e0 b\u00e2ton - Gastora","isPartOf":{"@id":"https:\/\/gastora.eu\/#website"},"primaryImageOfPage":{"@id":"https:\/\/gastora.eu\/product\/support-mural-pour-mixeur-bton\/#primaryimage"},"image":{"@id":"https:\/\/gastora.eu\/product\/support-mural-pour-mixeur-bton\/#primaryimage"},"thumbnailUrl":"https:\/\/gastora.eu\/wp-content\/uploads\/2026\/04\/08401095_4022.jpg","datePublished":"2026-04-25T17:40:20+00:00","dateModified":"2026-04-28T16:55:36+00:00","description":"Achetez Support mural pour mixeur \u00e0 b\u00e2ton au meilleur prix, fiable et performant avec une livraison rapide","breadcrumb":{"@id":"https:\/\/gastora.eu\/product\/support-mural-pour-mixeur-bton\/#breadcrumb"},"inLanguage":"en-US","potentialAction":[{"@type":"ReadAction","target":["https:\/\/gastora.eu\/product\/support-mural-pour-mixeur-bton\/"]}]},{"@type":"ImageObject","inLanguage":"en-US","@id":"https:\/\/gastora.eu\/product\/support-mural-pour-mixeur-bton\/#primaryimage","url":"https:\/\/gastora.eu\/wp-content\/uploads\/2026\/04\/08401095_4022.jpg","contentUrl":"https:\/\/gastora.eu\/wp-content\/uploads\/2026\/04\/08401095_4022.jpg","width":1200,"height":1200},{"@type":"BreadcrumbList","@id":"https:\/\/gastora.eu\/product\/support-mural-pour-mixeur-bton\/#breadcrumb","itemListElement":[{"@type":"ListItem","position":1,"name":"Home","item":"https:\/\/gastora.eu\/"},{"@type":"ListItem","position":2,"name":"Shop","item":"https:\/\/gastora.eu\/shop\/"},{"@type":"ListItem","position":3,"name":"Support mural pour mixeur \u00e0 b\u00e2ton"}]},{"@type":"WebSite","@id":"https:\/\/gastora.eu\/#website","url":"https:\/\/gastora.eu\/","name":"Gastora","description":"\u00c9quipements professionnels CHR","publisher":{"@id":"https:\/\/gastora.eu\/#organization"},"potentialAction":[{"@type":"SearchAction","target":{"@type":"EntryPoint","urlTemplate":"https:\/\/gastora.eu\/?s={search_term_string}"},"query-input":{"@type":"PropertyValueSpecification","valueRequired":true,"valueName":"search_term_string"}}],"inLanguage":"en-US"},{"@type":"Organization","@id":"https:\/\/gastora.eu\/#organization","name":"Gastora","url":"https:\/\/gastora.eu\/","logo":{"@type":"ImageObject","inLanguage":"en-US","@id":"https:\/\/gastora.eu\/#\/schema\/logo\/image\/","url":"https:\/\/gastora.eu\/wp-content\/uploads\/2025\/12\/ChatGPT-Image-2-janv.-2026-22_52_47-1.png","contentUrl":"https:\/\/gastora.eu\/wp-content\/uploads\/2025\/12\/ChatGPT-Image-2-janv.-2026-22_52_47-1.png","width":1536,"height":320,"caption":"Gastora"},"image":{"@id":"https:\/\/gastora.eu\/#\/schema\/logo\/image\/"}}]}},"jetpack_sharing_enabled":true,"_links":{"self":[{"href":"https:\/\/gastora.eu\/en\/wp-json\/wp\/v2\/product\/13952","targetHints":{"allow":["GET"]}}],"collection":[{"href":"https:\/\/gastora.eu\/en\/wp-json\/wp\/v2\/product"}],"about":[{"href":"https:\/\/gastora.eu\/en\/wp-json\/wp\/v2\/types\/product"}],"wp:featuredmedia":[{"embeddable":true,"href":"https:\/\/gastora.eu\/en\/wp-json\/wp\/v2\/media\/6653"}],"wp:attachment":[{"href":"https:\/\/gastora.eu\/en\/wp-json\/wp\/v2\/media?parent=13952"}],"wp:term":[{"taxonomy":"product_brand","embeddable":true,"href":"https:\/\/gastora.eu\/en\/wp-json\/wp\/v2\/product_brand?post=13952"},{"taxonomy":"product_cat","embeddable":true,"href":"https:\/\/gastora.eu\/en\/wp-json\/wp\/v2\/product_cat?post=13952"},{"taxonomy":"product_tag","embeddable":true,"href":"https:\/\/gastora.eu\/en\/wp-json\/wp\/v2\/product_tag?post=13952"}],"curies":[{"name":"wp","href":"https:\/\/api.w.org\/{rel}","templated":true}]}}