{"id":13944,"date":"2026-04-25T17:40:10","date_gmt":"2026-04-25T17:40:10","guid":{"rendered":"https:\/\/gastora.eu\/?post_type=product&#038;p=13944"},"modified":"2026-04-27T08:34:09","modified_gmt":"2026-04-27T08:34:09","slug":"machine-glaons-28-kgjour-glaons-creux-refroidissement-par-air","status":"publish","type":"product","link":"https:\/\/gastora.eu\/en\/product\/machine-glaons-28-kgjour-glaons-creux-refroidissement-par-air\/","title":{"rendered":"Machine \u00e0 gla\u00e7ons &#8211; 28 kg\/jour &#8211; gla\u00e7ons creux &#8211; refroidissement par air"},"content":{"rendered":"<p>Dans les bars \u00e0 cocktails, les fast-foods ou les caf\u00e9s, les boissons doivent \u00eatre servies fra\u00eeches. Cette machine \u00e0 gla\u00e7ons professionnelle produit pas moins de 28 kg de glace en 24 heures. Elle est \u00e9galement \u00e9quip\u00e9e d&#8217;un compartiment de stockage permettant de conserver jusqu&#8217;\u00e0 7 kg de gla\u00e7ons \u00e0 la bonne temp\u00e9rature, pr\u00eats \u00e0 l&#8217;emploi au pied lev\u00e9. Les gla\u00e7ons sont creux \u00e0 l&#8217;int\u00e9rieur et ont une forme de balle. Cette taille de machine \u00e0 gla\u00e7ons convient parfaitement \u00e0 une installation sous le bar ou le comptoir.<\/p>\n<h3>Machine \u00e0 gla\u00e7ons refroidie par air<\/h3>\n<p>Cette machine \u00e0 gla\u00e7ons est refroidie par air via la paroi arri\u00e8re et convient \u00e0 une utilisation en int\u00e9rieur. De plus, elle dispose d&#8217;une protection contre la surcharge pour que vous puissiez continuer \u00e0 travailler en toute s\u00e9curit\u00e9 sans la surcharger. Gr\u00e2ce \u00e0 l&#8217;efficacit\u00e9 du syst\u00e8me de refroidissement, les cubes sont joliment form\u00e9s et de grande qualit\u00e9. Le r\u00e9frig\u00e9rant utilis\u00e9 pour cette machine est le R290. Lorsque vous achetez cette machine \u00e0 gla\u00e7ons professionnelle, vous recevez \u00e9galement des tuyaux d&#8217;alimentation pour la raccorder \u00e0 une alimentation en eau. Une pelle \u00e0 glace tr\u00e8s pratique est \u00e9galement incluse. Les voyants lumineux du panneau de commande indiquent les dysfonctionnements, le remplissage du bac de stockage et le niveau d&#8217;eau trop bas. C&#8217;est id\u00e9al pour un bon entretien et une bonne pr\u00e9paration.<\/p>\n<h3>Nettoyage avec un chiffon humide<\/h3>\n<p>La porte et le bo\u00eetier de cette machine \u00e0 gla\u00e7ons refroidie par air sont tous deux en acier inoxydable 18\/8. L&#8217;int\u00e9rieur \u00e9tant en ABS, vous pouvez facilement le nettoyer avec un chiffon humide. Apr\u00e8s le nettoyage, s\u00e9chez tout avec un chiffon sec et doux. Les pieds r\u00e9glables vous permettent de placer la machine \u00e0 gla\u00e7ons de mani\u00e8re \u00e0 ce qu&#8217;elle reste bien en place.<\/p>\n<ul>\n<li>Machine \u00e0 gla\u00e7ons compacte<\/li>\n<li>bo\u00eetier et porte en acier inoxydable 18\/8<\/li>\n<li>Machine \u00e0 poser sous le comptoir<\/li>\n<li>capacit\u00e9 de stockage de 7 kg<\/li>\n<li>Chambre int\u00e9rieure en ABS<\/li>\n<li>Bonne isolation et hygi\u00e8ne<\/li>\n<li>Protection contre la surcharge<\/li>\n<li>Equip\u00e9 d&#8217;une vanne d&#8217;eau<\/li>\n<li>Refroidissement par air sur le c\u00f4t\u00e9<\/li>\n<li>Cubes creux standard<\/li>\n<li>Syst\u00e8me de refroidissement efficace avec R290<\/li>\n<li>Installation rapide et facile<\/li>\n<li>Repose sur quatre pieds r\u00e9glables<\/li>\n<li>Facile \u00e0 nettoyer<\/li>\n<li>Poids net : 26 kg<\/li>\n<li>Dimensions des gla\u00e7ons : environ \u00f82-3 x H3-4cm<\/li>\n<li>Dimensions machine : L39,8 x P51 x H60,8cm<\/li>\n<li>Capacit\u00e9 de production : 28kg en 24 heures<\/li>\n<li>Puissance : 230V\/50Hz\/1Phase 240W<\/li>\n<\/ul>","protected":false},"excerpt":{"rendered":"<p>Cette machine \u00e0 glace refroidie par air produit jusqu&#8217;\u00e0 28 kg de gla\u00e7ons en 24 heures. Vous pouvez \u00e9galement stocker jusqu&#8217;\u00e0 7 kg de glace \u00e0 la fois pour garder vos boissons au frais.<\/p>","protected":false},"featured_media":6638,"template":"","meta":{"_acf_changed":false},"product_brand":[],"product_cat":[491],"product_tag":[],"class_list":{"0":"post-13944","1":"product","2":"type-product","3":"status-publish","4":"has-post-thumbnail","6":"product_cat-machines-a-glacons-2","8":"first","9":"instock","10":"sale","11":"taxable","12":"shipping-taxable","13":"purchasable","14":"product-type-simple"},"acf":[],"yoast_head":"<!-- This site is optimized with the Yoast SEO plugin v27.4 - https:\/\/yoast.com\/product\/yoast-seo-wordpress\/ -->\n<title>Machine \u00e0 gla\u00e7ons - 28 kg\/jour - gla\u00e7ons creux - refroidissement par air - Gastora<\/title>\n<meta name=\"description\" content=\"Achetez Machine \u00e0 gla\u00e7ons - 28 kg\/jour - gla\u00e7ons creux - refroidissement par air au meilleur prix, fiable et performant avec une livraison rapide\" \/>\n<meta name=\"robots\" content=\"index, follow, max-snippet:-1, max-image-preview:large, max-video-preview:-1\" \/>\n<link rel=\"canonical\" href=\"https:\/\/gastora.eu\/en\/product\/machine-glaons-28-kgjour-glaons-creux-refroidissement-par-air\/\" \/>\n<meta property=\"og:locale\" content=\"en_US\" \/>\n<meta property=\"og:type\" content=\"article\" \/>\n<meta property=\"og:title\" content=\"Machine \u00e0 gla\u00e7ons - 28 kg\/jour - gla\u00e7ons creux - refroidissement par air - Gastora\" \/>\n<meta property=\"og:description\" content=\"Achetez Machine \u00e0 gla\u00e7ons - 28 kg\/jour - gla\u00e7ons creux - refroidissement par air au meilleur prix, fiable et performant avec une livraison rapide\" \/>\n<meta property=\"og:url\" content=\"https:\/\/gastora.eu\/en\/product\/machine-glaons-28-kgjour-glaons-creux-refroidissement-par-air\/\" \/>\n<meta property=\"og:site_name\" content=\"Gastora\" \/>\n<meta property=\"article:modified_time\" content=\"2026-04-27T08:34:09+00:00\" \/>\n<meta name=\"twitter:card\" content=\"summary_large_image\" \/>\n<meta name=\"twitter:label1\" content=\"Est. reading time\" \/>\n\t<meta name=\"twitter:data1\" content=\"2 minutes\" \/>\n<script type=\"application\/ld+json\" class=\"yoast-schema-graph\">{\"@context\":\"https:\\\/\\\/schema.org\",\"@graph\":[{\"@type\":\"WebPage\",\"@id\":\"https:\\\/\\\/gastora.eu\\\/product\\\/machine-glaons-28-kgjour-glaons-creux-refroidissement-par-air\\\/\",\"url\":\"https:\\\/\\\/gastora.eu\\\/product\\\/machine-glaons-28-kgjour-glaons-creux-refroidissement-par-air\\\/\",\"name\":\"Machine \u00e0 gla\u00e7ons - 28 kg\\\/jour - gla\u00e7ons creux - refroidissement par air - Gastora\",\"isPartOf\":{\"@id\":\"https:\\\/\\\/gastora.eu\\\/#website\"},\"primaryImageOfPage\":{\"@id\":\"https:\\\/\\\/gastora.eu\\\/product\\\/machine-glaons-28-kgjour-glaons-creux-refroidissement-par-air\\\/#primaryimage\"},\"image\":{\"@id\":\"https:\\\/\\\/gastora.eu\\\/product\\\/machine-glaons-28-kgjour-glaons-creux-refroidissement-par-air\\\/#primaryimage\"},\"thumbnailUrl\":\"https:\\\/\\\/gastora.eu\\\/wp-content\\\/uploads\\\/2026\\\/04\\\/sp-005-61656e792b431.jpg\",\"datePublished\":\"2026-04-25T17:40:10+00:00\",\"dateModified\":\"2026-04-27T08:34:09+00:00\",\"description\":\"Achetez Machine \u00e0 gla\u00e7ons - 28 kg\\\/jour - gla\u00e7ons creux - refroidissement par air au meilleur prix, fiable et performant avec une livraison rapide\",\"breadcrumb\":{\"@id\":\"https:\\\/\\\/gastora.eu\\\/product\\\/machine-glaons-28-kgjour-glaons-creux-refroidissement-par-air\\\/#breadcrumb\"},\"inLanguage\":\"en-US\",\"potentialAction\":[{\"@type\":\"ReadAction\",\"target\":[\"https:\\\/\\\/gastora.eu\\\/product\\\/machine-glaons-28-kgjour-glaons-creux-refroidissement-par-air\\\/\"]}]},{\"@type\":\"ImageObject\",\"inLanguage\":\"en-US\",\"@id\":\"https:\\\/\\\/gastora.eu\\\/product\\\/machine-glaons-28-kgjour-glaons-creux-refroidissement-par-air\\\/#primaryimage\",\"url\":\"https:\\\/\\\/gastora.eu\\\/wp-content\\\/uploads\\\/2026\\\/04\\\/sp-005-61656e792b431.jpg\",\"contentUrl\":\"https:\\\/\\\/gastora.eu\\\/wp-content\\\/uploads\\\/2026\\\/04\\\/sp-005-61656e792b431.jpg\",\"width\":1024,\"height\":1024},{\"@type\":\"BreadcrumbList\",\"@id\":\"https:\\\/\\\/gastora.eu\\\/product\\\/machine-glaons-28-kgjour-glaons-creux-refroidissement-par-air\\\/#breadcrumb\",\"itemListElement\":[{\"@type\":\"ListItem\",\"position\":1,\"name\":\"Home\",\"item\":\"https:\\\/\\\/gastora.eu\\\/\"},{\"@type\":\"ListItem\",\"position\":2,\"name\":\"Shop\",\"item\":\"https:\\\/\\\/gastora.eu\\\/shop\\\/\"},{\"@type\":\"ListItem\",\"position\":3,\"name\":\"Machine \u00e0 gla\u00e7ons &#8211; 28 kg\\\/jour &#8211; gla\u00e7ons creux &#8211; refroidissement par air\"}]},{\"@type\":\"WebSite\",\"@id\":\"https:\\\/\\\/gastora.eu\\\/#website\",\"url\":\"https:\\\/\\\/gastora.eu\\\/\",\"name\":\"Gastora\",\"description\":\"\u00c9quipements professionnels CHR\",\"publisher\":{\"@id\":\"https:\\\/\\\/gastora.eu\\\/#organization\"},\"potentialAction\":[{\"@type\":\"SearchAction\",\"target\":{\"@type\":\"EntryPoint\",\"urlTemplate\":\"https:\\\/\\\/gastora.eu\\\/?s={search_term_string}\"},\"query-input\":{\"@type\":\"PropertyValueSpecification\",\"valueRequired\":true,\"valueName\":\"search_term_string\"}}],\"inLanguage\":\"en-US\"},{\"@type\":\"Organization\",\"@id\":\"https:\\\/\\\/gastora.eu\\\/#organization\",\"name\":\"Gastora\",\"url\":\"https:\\\/\\\/gastora.eu\\\/\",\"logo\":{\"@type\":\"ImageObject\",\"inLanguage\":\"en-US\",\"@id\":\"https:\\\/\\\/gastora.eu\\\/#\\\/schema\\\/logo\\\/image\\\/\",\"url\":\"https:\\\/\\\/gastora.eu\\\/wp-content\\\/uploads\\\/2025\\\/12\\\/ChatGPT-Image-2-janv.-2026-22_52_47-1.png\",\"contentUrl\":\"https:\\\/\\\/gastora.eu\\\/wp-content\\\/uploads\\\/2025\\\/12\\\/ChatGPT-Image-2-janv.-2026-22_52_47-1.png\",\"width\":1536,\"height\":320,\"caption\":\"Gastora\"},\"image\":{\"@id\":\"https:\\\/\\\/gastora.eu\\\/#\\\/schema\\\/logo\\\/image\\\/\"}}]}<\/script>\n<!-- \/ Yoast SEO plugin. -->","yoast_head_json":{"title":"Machine \u00e0 gla\u00e7ons - 28 kg\/jour - gla\u00e7ons creux - refroidissement par air - Gastora","description":"Achetez Machine \u00e0 gla\u00e7ons - 28 kg\/jour - gla\u00e7ons creux - refroidissement par air au meilleur prix, fiable et performant avec une livraison rapide","robots":{"index":"index","follow":"follow","max-snippet":"max-snippet:-1","max-image-preview":"max-image-preview:large","max-video-preview":"max-video-preview:-1"},"canonical":"https:\/\/gastora.eu\/en\/product\/machine-glaons-28-kgjour-glaons-creux-refroidissement-par-air\/","og_locale":"en_US","og_type":"article","og_title":"Machine \u00e0 gla\u00e7ons - 28 kg\/jour - gla\u00e7ons creux - refroidissement par air - Gastora","og_description":"Achetez Machine \u00e0 gla\u00e7ons - 28 kg\/jour - gla\u00e7ons creux - refroidissement par air au meilleur prix, fiable et performant avec une livraison rapide","og_url":"https:\/\/gastora.eu\/en\/product\/machine-glaons-28-kgjour-glaons-creux-refroidissement-par-air\/","og_site_name":"Gastora","article_modified_time":"2026-04-27T08:34:09+00:00","twitter_card":"summary_large_image","twitter_misc":{"Est. reading time":"2 minutes"},"schema":{"@context":"https:\/\/schema.org","@graph":[{"@type":"WebPage","@id":"https:\/\/gastora.eu\/product\/machine-glaons-28-kgjour-glaons-creux-refroidissement-par-air\/","url":"https:\/\/gastora.eu\/product\/machine-glaons-28-kgjour-glaons-creux-refroidissement-par-air\/","name":"Machine \u00e0 gla\u00e7ons - 28 kg\/jour - gla\u00e7ons creux - refroidissement par air - Gastora","isPartOf":{"@id":"https:\/\/gastora.eu\/#website"},"primaryImageOfPage":{"@id":"https:\/\/gastora.eu\/product\/machine-glaons-28-kgjour-glaons-creux-refroidissement-par-air\/#primaryimage"},"image":{"@id":"https:\/\/gastora.eu\/product\/machine-glaons-28-kgjour-glaons-creux-refroidissement-par-air\/#primaryimage"},"thumbnailUrl":"https:\/\/gastora.eu\/wp-content\/uploads\/2026\/04\/sp-005-61656e792b431.jpg","datePublished":"2026-04-25T17:40:10+00:00","dateModified":"2026-04-27T08:34:09+00:00","description":"Achetez Machine \u00e0 gla\u00e7ons - 28 kg\/jour - gla\u00e7ons creux - refroidissement par air au meilleur prix, fiable et performant avec une livraison rapide","breadcrumb":{"@id":"https:\/\/gastora.eu\/product\/machine-glaons-28-kgjour-glaons-creux-refroidissement-par-air\/#breadcrumb"},"inLanguage":"en-US","potentialAction":[{"@type":"ReadAction","target":["https:\/\/gastora.eu\/product\/machine-glaons-28-kgjour-glaons-creux-refroidissement-par-air\/"]}]},{"@type":"ImageObject","inLanguage":"en-US","@id":"https:\/\/gastora.eu\/product\/machine-glaons-28-kgjour-glaons-creux-refroidissement-par-air\/#primaryimage","url":"https:\/\/gastora.eu\/wp-content\/uploads\/2026\/04\/sp-005-61656e792b431.jpg","contentUrl":"https:\/\/gastora.eu\/wp-content\/uploads\/2026\/04\/sp-005-61656e792b431.jpg","width":1024,"height":1024},{"@type":"BreadcrumbList","@id":"https:\/\/gastora.eu\/product\/machine-glaons-28-kgjour-glaons-creux-refroidissement-par-air\/#breadcrumb","itemListElement":[{"@type":"ListItem","position":1,"name":"Home","item":"https:\/\/gastora.eu\/"},{"@type":"ListItem","position":2,"name":"Shop","item":"https:\/\/gastora.eu\/shop\/"},{"@type":"ListItem","position":3,"name":"Machine \u00e0 gla\u00e7ons &#8211; 28 kg\/jour &#8211; gla\u00e7ons creux &#8211; refroidissement par air"}]},{"@type":"WebSite","@id":"https:\/\/gastora.eu\/#website","url":"https:\/\/gastora.eu\/","name":"Gastora","description":"\u00c9quipements professionnels CHR","publisher":{"@id":"https:\/\/gastora.eu\/#organization"},"potentialAction":[{"@type":"SearchAction","target":{"@type":"EntryPoint","urlTemplate":"https:\/\/gastora.eu\/?s={search_term_string}"},"query-input":{"@type":"PropertyValueSpecification","valueRequired":true,"valueName":"search_term_string"}}],"inLanguage":"en-US"},{"@type":"Organization","@id":"https:\/\/gastora.eu\/#organization","name":"Gastora","url":"https:\/\/gastora.eu\/","logo":{"@type":"ImageObject","inLanguage":"en-US","@id":"https:\/\/gastora.eu\/#\/schema\/logo\/image\/","url":"https:\/\/gastora.eu\/wp-content\/uploads\/2025\/12\/ChatGPT-Image-2-janv.-2026-22_52_47-1.png","contentUrl":"https:\/\/gastora.eu\/wp-content\/uploads\/2025\/12\/ChatGPT-Image-2-janv.-2026-22_52_47-1.png","width":1536,"height":320,"caption":"Gastora"},"image":{"@id":"https:\/\/gastora.eu\/#\/schema\/logo\/image\/"}}]}},"jetpack_sharing_enabled":true,"_links":{"self":[{"href":"https:\/\/gastora.eu\/en\/wp-json\/wp\/v2\/product\/13944","targetHints":{"allow":["GET"]}}],"collection":[{"href":"https:\/\/gastora.eu\/en\/wp-json\/wp\/v2\/product"}],"about":[{"href":"https:\/\/gastora.eu\/en\/wp-json\/wp\/v2\/types\/product"}],"wp:featuredmedia":[{"embeddable":true,"href":"https:\/\/gastora.eu\/en\/wp-json\/wp\/v2\/media\/6638"}],"wp:attachment":[{"href":"https:\/\/gastora.eu\/en\/wp-json\/wp\/v2\/media?parent=13944"}],"wp:term":[{"taxonomy":"product_brand","embeddable":true,"href":"https:\/\/gastora.eu\/en\/wp-json\/wp\/v2\/product_brand?post=13944"},{"taxonomy":"product_cat","embeddable":true,"href":"https:\/\/gastora.eu\/en\/wp-json\/wp\/v2\/product_cat?post=13944"},{"taxonomy":"product_tag","embeddable":true,"href":"https:\/\/gastora.eu\/en\/wp-json\/wp\/v2\/product_tag?post=13944"}],"curies":[{"name":"wp","href":"https:\/\/api.w.org\/{rel}","templated":true}]}}