{"id":13943,"date":"2026-04-25T17:40:09","date_gmt":"2026-04-25T17:40:09","guid":{"rendered":"https:\/\/gastora.eu\/?post_type=product&#038;p=13943"},"modified":"2026-04-27T08:34:09","modified_gmt":"2026-04-27T08:34:09","slug":"machine-glaons-24-kgjour-glaons-creux-refroidissement-par-air","status":"publish","type":"product","link":"https:\/\/gastora.eu\/en\/product\/machine-glaons-24-kgjour-glaons-creux-refroidissement-par-air\/","title":{"rendered":"Machine \u00e0 gla\u00e7ons &#8211; 24 kg\/jour &#8211; gla\u00e7ons creux &#8211; refroidissement par air"},"content":{"rendered":"<p>Lorsque l&#8217;on sert une boisson \u00e0 un invit\u00e9, qu&#8217;il s&#8217;agisse d&#8217;une boisson alcoolis\u00e9e, d&#8217;un soda ou m\u00eame simplement d&#8217;eau, les gla\u00e7ons sont indispensables. Non seulement ils gardent les boissons fra\u00eeches, mais ils sont aussi plus attrayants. Avec cette machine \u00e0 gla\u00e7ons, vous pouvez produire jusqu&#8217;\u00e0 24 kg de gla\u00e7ons par 24 heures. Gr\u00e2ce au compartiment de stockage pratique, vous pouvez \u00e9galement stocker jusqu&#8217;\u00e0 5 kg de gla\u00e7ons afin d&#8217;en avoir toujours suffisamment \u00e0 port\u00e9e de main pour agr\u00e9menter vos boissons. Ces gla\u00e7ons ont une forme de balle standard et sont creux \u00e0 l&#8217;int\u00e9rieur. Ce mod\u00e8le est une machine de comptoir que vous pouvez facilement placer sous un bar ou un comptoir pour un acc\u00e8s facile.<\/p>\n<h3>Inclut des voyants lumineux<\/h3>\n<p>Cette machine \u00e0 gla\u00e7ons professionnelle est refroidie par air \u00e0 l&#8217;arri\u00e8re et ne doit pas \u00eatre utilis\u00e9e dans des pi\u00e8ces trop chaudes. Le panneau de commande comporte un certain nombre de voyants lumineux qui vous avertissent que le bac de stockage est plein, que le niveau d&#8217;eau est trop bas ou qu&#8217;il y a des erreurs ou des dysfonctionnements. C&#8217;est important pour que vous sachiez exactement ce que vous devez faire pour que la production de gla\u00e7ons puisse continuer le plus rapidement possible. En outre, la machine \u00e0 gla\u00e7ons est \u00e9quip\u00e9e d&#8217;une protection contre les surcharges, ce qui vous permet de continuer \u00e0 travailler en toute s\u00e9curit\u00e9 sans vous soucier de la surcharge de l&#8217;appareil. Le syst\u00e8me de refroidissement efficace garantit que les gla\u00e7ons sont bien form\u00e9s et de haute qualit\u00e9. Le r\u00e9frig\u00e9rant utilis\u00e9 pour cette machine est le R290. Cette machine \u00e0 gla\u00e7ons professionnelle est livr\u00e9e avec des tuyaux d&#8217;alimentation qui doivent \u00eatre raccord\u00e9s \u00e0 un r\u00e9seau d&#8217;eau potable. La machine \u00e0 gla\u00e7ons n&#8217;est pas \u00e9quip\u00e9e d&#8217;une pompe de vidange. Le tuyau de vidange doit \u00eatre raccord\u00e9 plus bas que la sortie de la machine.<\/p>\n<h3>Facile \u00e0 nettoyer<\/h3>\n<p>Le bo\u00eetier et la porte de cette machine \u00e0 gla\u00e7ons sont en acier inoxydable 18\/8, ce qui rend cet appareil tr\u00e8s facile \u00e0 nettoyer. Il suffit de les nettoyer avec un chiffon humide et un peu de d\u00e9tergent doux. L&#8217;int\u00e9rieur de la machine \u00e0 gla\u00e7ons est en ABS, un autre mat\u00e9riau facile \u00e0 nettoyer. L\u00e0 encore, un chiffon humide et un peu de d\u00e9tergent suffisent pour nettoyer l&#8217;int\u00e9rieur. Toutefois, il est important de veiller \u00e0 s\u00e9cher l&#8217;appareil avec un chiffon doux apr\u00e8s le nettoyage avant de le remettre en marche. Cet appareil est \u00e9galement tr\u00e8s stable, gr\u00e2ce aux quatre pieds r\u00e9glables sur lesquels il repose.<\/p>\n<p><strong>Caract\u00e9ristiques<\/strong><\/p>\n<ul>\n<li>Machine \u00e0 glace refroidie par air<\/li>\n<li>Livr\u00e9e avec un robinet d&#8217;eau<\/li>\n<li>Fabrique des gla\u00e7ons en forme de bulles<\/li>\n<li>Panneau de commande convivial<\/li>\n<li>Voyants lumineux indiquant le niveau de stockage et le niveau d&#8217;eau<\/li>\n<\/ul>\n<p><strong>Caract\u00e9ristiques du produit<\/strong><\/p>\n<ul>\n<li>Poids net : 21 kg<\/li>\n<li>Capacit\u00e9 de production : 24 kg en 24 heures<\/li>\n<li>Capacit\u00e9 de stockage : 5 kg<\/li>\n<li>Dimensions : 33 x 47 x 58 cm L33 x P47 x H58cm<\/li>\n<li>Dimensions des gla\u00e7ons : environ \u00d82-3 x H3-4cm<\/li>\n<li>R\u00e9frig\u00e9rant : R290<\/li>\n<li>230V \/ 50Hz \/ 1 Phase 200W<\/li>\n<\/ul>","protected":false},"excerpt":{"rendered":"<p>Cette machine \u00e0 glace refroidie par air peut produire jusqu&#8217;\u00e0 24 kg de gla\u00e7ons de forme parfaite toutes les 24 heures. Elle comprend m\u00eame une capacit\u00e9 de stockage suppl\u00e9mentaire pour les gla\u00e7ons d\u00e9j\u00e0 produits, ce qui vous permet d&#8217;en avoir toujours suffisamment sous la main. Il s&#8217;agit d&#8217;une machine \u00e0 gla\u00e7ons de premi\u00e8re qualit\u00e9, id\u00e9ale pour les \u00e9tablissements de restauration.<\/p>","protected":false},"featured_media":6636,"template":"","meta":{"_acf_changed":false},"product_brand":[],"product_cat":[491],"product_tag":[],"class_list":{"0":"post-13943","1":"product","2":"type-product","3":"status-publish","4":"has-post-thumbnail","6":"product_cat-machines-a-glacons-2","8":"first","9":"instock","10":"sale","11":"taxable","12":"shipping-taxable","13":"purchasable","14":"product-type-simple"},"acf":[],"yoast_head":"<!-- This site is optimized with the Yoast SEO plugin v27.4 - https:\/\/yoast.com\/product\/yoast-seo-wordpress\/ -->\n<title>Machine \u00e0 gla\u00e7ons - 24 kg\/jour - gla\u00e7ons creux - refroidissement par air - Gastora<\/title>\n<meta name=\"description\" content=\"Achetez Machine \u00e0 gla\u00e7ons - 24 kg\/jour - gla\u00e7ons creux - refroidissement par air au meilleur prix, fiable et performant avec une livraison rapide\" \/>\n<meta name=\"robots\" content=\"index, follow, max-snippet:-1, max-image-preview:large, max-video-preview:-1\" \/>\n<link rel=\"canonical\" href=\"https:\/\/gastora.eu\/en\/product\/machine-glaons-24-kgjour-glaons-creux-refroidissement-par-air\/\" \/>\n<meta property=\"og:locale\" content=\"en_US\" \/>\n<meta property=\"og:type\" content=\"article\" \/>\n<meta property=\"og:title\" content=\"Machine \u00e0 gla\u00e7ons - 24 kg\/jour - gla\u00e7ons creux - refroidissement par air - Gastora\" \/>\n<meta property=\"og:description\" content=\"Achetez Machine \u00e0 gla\u00e7ons - 24 kg\/jour - gla\u00e7ons creux - refroidissement par air au meilleur prix, fiable et performant avec une livraison rapide\" \/>\n<meta property=\"og:url\" content=\"https:\/\/gastora.eu\/en\/product\/machine-glaons-24-kgjour-glaons-creux-refroidissement-par-air\/\" \/>\n<meta property=\"og:site_name\" content=\"Gastora\" \/>\n<meta property=\"article:modified_time\" content=\"2026-04-27T08:34:09+00:00\" \/>\n<meta name=\"twitter:card\" content=\"summary_large_image\" \/>\n<meta name=\"twitter:label1\" content=\"Est. reading time\" \/>\n\t<meta name=\"twitter:data1\" content=\"3 minutes\" \/>\n<script type=\"application\/ld+json\" class=\"yoast-schema-graph\">{\"@context\":\"https:\\\/\\\/schema.org\",\"@graph\":[{\"@type\":\"WebPage\",\"@id\":\"https:\\\/\\\/gastora.eu\\\/product\\\/machine-glaons-24-kgjour-glaons-creux-refroidissement-par-air\\\/\",\"url\":\"https:\\\/\\\/gastora.eu\\\/product\\\/machine-glaons-24-kgjour-glaons-creux-refroidissement-par-air\\\/\",\"name\":\"Machine \u00e0 gla\u00e7ons - 24 kg\\\/jour - gla\u00e7ons creux - refroidissement par air - Gastora\",\"isPartOf\":{\"@id\":\"https:\\\/\\\/gastora.eu\\\/#website\"},\"primaryImageOfPage\":{\"@id\":\"https:\\\/\\\/gastora.eu\\\/product\\\/machine-glaons-24-kgjour-glaons-creux-refroidissement-par-air\\\/#primaryimage\"},\"image\":{\"@id\":\"https:\\\/\\\/gastora.eu\\\/product\\\/machine-glaons-24-kgjour-glaons-creux-refroidissement-par-air\\\/#primaryimage\"},\"thumbnailUrl\":\"https:\\\/\\\/gastora.eu\\\/wp-content\\\/uploads\\\/2026\\\/04\\\/sp-005-61656e7910a9d.jpg\",\"datePublished\":\"2026-04-25T17:40:09+00:00\",\"dateModified\":\"2026-04-27T08:34:09+00:00\",\"description\":\"Achetez Machine \u00e0 gla\u00e7ons - 24 kg\\\/jour - gla\u00e7ons creux - refroidissement par air au meilleur prix, fiable et performant avec une livraison rapide\",\"breadcrumb\":{\"@id\":\"https:\\\/\\\/gastora.eu\\\/product\\\/machine-glaons-24-kgjour-glaons-creux-refroidissement-par-air\\\/#breadcrumb\"},\"inLanguage\":\"en-US\",\"potentialAction\":[{\"@type\":\"ReadAction\",\"target\":[\"https:\\\/\\\/gastora.eu\\\/product\\\/machine-glaons-24-kgjour-glaons-creux-refroidissement-par-air\\\/\"]}]},{\"@type\":\"ImageObject\",\"inLanguage\":\"en-US\",\"@id\":\"https:\\\/\\\/gastora.eu\\\/product\\\/machine-glaons-24-kgjour-glaons-creux-refroidissement-par-air\\\/#primaryimage\",\"url\":\"https:\\\/\\\/gastora.eu\\\/wp-content\\\/uploads\\\/2026\\\/04\\\/sp-005-61656e7910a9d.jpg\",\"contentUrl\":\"https:\\\/\\\/gastora.eu\\\/wp-content\\\/uploads\\\/2026\\\/04\\\/sp-005-61656e7910a9d.jpg\",\"width\":1024,\"height\":1024},{\"@type\":\"BreadcrumbList\",\"@id\":\"https:\\\/\\\/gastora.eu\\\/product\\\/machine-glaons-24-kgjour-glaons-creux-refroidissement-par-air\\\/#breadcrumb\",\"itemListElement\":[{\"@type\":\"ListItem\",\"position\":1,\"name\":\"Home\",\"item\":\"https:\\\/\\\/gastora.eu\\\/\"},{\"@type\":\"ListItem\",\"position\":2,\"name\":\"Shop\",\"item\":\"https:\\\/\\\/gastora.eu\\\/shop\\\/\"},{\"@type\":\"ListItem\",\"position\":3,\"name\":\"Machine \u00e0 gla\u00e7ons &#8211; 24 kg\\\/jour &#8211; gla\u00e7ons creux &#8211; refroidissement par air\"}]},{\"@type\":\"WebSite\",\"@id\":\"https:\\\/\\\/gastora.eu\\\/#website\",\"url\":\"https:\\\/\\\/gastora.eu\\\/\",\"name\":\"Gastora\",\"description\":\"\u00c9quipements professionnels CHR\",\"publisher\":{\"@id\":\"https:\\\/\\\/gastora.eu\\\/#organization\"},\"potentialAction\":[{\"@type\":\"SearchAction\",\"target\":{\"@type\":\"EntryPoint\",\"urlTemplate\":\"https:\\\/\\\/gastora.eu\\\/?s={search_term_string}\"},\"query-input\":{\"@type\":\"PropertyValueSpecification\",\"valueRequired\":true,\"valueName\":\"search_term_string\"}}],\"inLanguage\":\"en-US\"},{\"@type\":\"Organization\",\"@id\":\"https:\\\/\\\/gastora.eu\\\/#organization\",\"name\":\"Gastora\",\"url\":\"https:\\\/\\\/gastora.eu\\\/\",\"logo\":{\"@type\":\"ImageObject\",\"inLanguage\":\"en-US\",\"@id\":\"https:\\\/\\\/gastora.eu\\\/#\\\/schema\\\/logo\\\/image\\\/\",\"url\":\"https:\\\/\\\/gastora.eu\\\/wp-content\\\/uploads\\\/2025\\\/12\\\/ChatGPT-Image-2-janv.-2026-22_52_47-1.png\",\"contentUrl\":\"https:\\\/\\\/gastora.eu\\\/wp-content\\\/uploads\\\/2025\\\/12\\\/ChatGPT-Image-2-janv.-2026-22_52_47-1.png\",\"width\":1536,\"height\":320,\"caption\":\"Gastora\"},\"image\":{\"@id\":\"https:\\\/\\\/gastora.eu\\\/#\\\/schema\\\/logo\\\/image\\\/\"}}]}<\/script>\n<!-- \/ Yoast SEO plugin. -->","yoast_head_json":{"title":"Machine \u00e0 gla\u00e7ons - 24 kg\/jour - gla\u00e7ons creux - refroidissement par air - Gastora","description":"Achetez Machine \u00e0 gla\u00e7ons - 24 kg\/jour - gla\u00e7ons creux - refroidissement par air au meilleur prix, fiable et performant avec une livraison rapide","robots":{"index":"index","follow":"follow","max-snippet":"max-snippet:-1","max-image-preview":"max-image-preview:large","max-video-preview":"max-video-preview:-1"},"canonical":"https:\/\/gastora.eu\/en\/product\/machine-glaons-24-kgjour-glaons-creux-refroidissement-par-air\/","og_locale":"en_US","og_type":"article","og_title":"Machine \u00e0 gla\u00e7ons - 24 kg\/jour - gla\u00e7ons creux - refroidissement par air - Gastora","og_description":"Achetez Machine \u00e0 gla\u00e7ons - 24 kg\/jour - gla\u00e7ons creux - refroidissement par air au meilleur prix, fiable et performant avec une livraison rapide","og_url":"https:\/\/gastora.eu\/en\/product\/machine-glaons-24-kgjour-glaons-creux-refroidissement-par-air\/","og_site_name":"Gastora","article_modified_time":"2026-04-27T08:34:09+00:00","twitter_card":"summary_large_image","twitter_misc":{"Est. reading time":"3 minutes"},"schema":{"@context":"https:\/\/schema.org","@graph":[{"@type":"WebPage","@id":"https:\/\/gastora.eu\/product\/machine-glaons-24-kgjour-glaons-creux-refroidissement-par-air\/","url":"https:\/\/gastora.eu\/product\/machine-glaons-24-kgjour-glaons-creux-refroidissement-par-air\/","name":"Machine \u00e0 gla\u00e7ons - 24 kg\/jour - gla\u00e7ons creux - refroidissement par air - Gastora","isPartOf":{"@id":"https:\/\/gastora.eu\/#website"},"primaryImageOfPage":{"@id":"https:\/\/gastora.eu\/product\/machine-glaons-24-kgjour-glaons-creux-refroidissement-par-air\/#primaryimage"},"image":{"@id":"https:\/\/gastora.eu\/product\/machine-glaons-24-kgjour-glaons-creux-refroidissement-par-air\/#primaryimage"},"thumbnailUrl":"https:\/\/gastora.eu\/wp-content\/uploads\/2026\/04\/sp-005-61656e7910a9d.jpg","datePublished":"2026-04-25T17:40:09+00:00","dateModified":"2026-04-27T08:34:09+00:00","description":"Achetez Machine \u00e0 gla\u00e7ons - 24 kg\/jour - gla\u00e7ons creux - refroidissement par air au meilleur prix, fiable et performant avec une livraison rapide","breadcrumb":{"@id":"https:\/\/gastora.eu\/product\/machine-glaons-24-kgjour-glaons-creux-refroidissement-par-air\/#breadcrumb"},"inLanguage":"en-US","potentialAction":[{"@type":"ReadAction","target":["https:\/\/gastora.eu\/product\/machine-glaons-24-kgjour-glaons-creux-refroidissement-par-air\/"]}]},{"@type":"ImageObject","inLanguage":"en-US","@id":"https:\/\/gastora.eu\/product\/machine-glaons-24-kgjour-glaons-creux-refroidissement-par-air\/#primaryimage","url":"https:\/\/gastora.eu\/wp-content\/uploads\/2026\/04\/sp-005-61656e7910a9d.jpg","contentUrl":"https:\/\/gastora.eu\/wp-content\/uploads\/2026\/04\/sp-005-61656e7910a9d.jpg","width":1024,"height":1024},{"@type":"BreadcrumbList","@id":"https:\/\/gastora.eu\/product\/machine-glaons-24-kgjour-glaons-creux-refroidissement-par-air\/#breadcrumb","itemListElement":[{"@type":"ListItem","position":1,"name":"Home","item":"https:\/\/gastora.eu\/"},{"@type":"ListItem","position":2,"name":"Shop","item":"https:\/\/gastora.eu\/shop\/"},{"@type":"ListItem","position":3,"name":"Machine \u00e0 gla\u00e7ons &#8211; 24 kg\/jour &#8211; gla\u00e7ons creux &#8211; refroidissement par air"}]},{"@type":"WebSite","@id":"https:\/\/gastora.eu\/#website","url":"https:\/\/gastora.eu\/","name":"Gastora","description":"\u00c9quipements professionnels CHR","publisher":{"@id":"https:\/\/gastora.eu\/#organization"},"potentialAction":[{"@type":"SearchAction","target":{"@type":"EntryPoint","urlTemplate":"https:\/\/gastora.eu\/?s={search_term_string}"},"query-input":{"@type":"PropertyValueSpecification","valueRequired":true,"valueName":"search_term_string"}}],"inLanguage":"en-US"},{"@type":"Organization","@id":"https:\/\/gastora.eu\/#organization","name":"Gastora","url":"https:\/\/gastora.eu\/","logo":{"@type":"ImageObject","inLanguage":"en-US","@id":"https:\/\/gastora.eu\/#\/schema\/logo\/image\/","url":"https:\/\/gastora.eu\/wp-content\/uploads\/2025\/12\/ChatGPT-Image-2-janv.-2026-22_52_47-1.png","contentUrl":"https:\/\/gastora.eu\/wp-content\/uploads\/2025\/12\/ChatGPT-Image-2-janv.-2026-22_52_47-1.png","width":1536,"height":320,"caption":"Gastora"},"image":{"@id":"https:\/\/gastora.eu\/#\/schema\/logo\/image\/"}}]}},"jetpack_sharing_enabled":true,"_links":{"self":[{"href":"https:\/\/gastora.eu\/en\/wp-json\/wp\/v2\/product\/13943","targetHints":{"allow":["GET"]}}],"collection":[{"href":"https:\/\/gastora.eu\/en\/wp-json\/wp\/v2\/product"}],"about":[{"href":"https:\/\/gastora.eu\/en\/wp-json\/wp\/v2\/types\/product"}],"wp:featuredmedia":[{"embeddable":true,"href":"https:\/\/gastora.eu\/en\/wp-json\/wp\/v2\/media\/6636"}],"wp:attachment":[{"href":"https:\/\/gastora.eu\/en\/wp-json\/wp\/v2\/media?parent=13943"}],"wp:term":[{"taxonomy":"product_brand","embeddable":true,"href":"https:\/\/gastora.eu\/en\/wp-json\/wp\/v2\/product_brand?post=13943"},{"taxonomy":"product_cat","embeddable":true,"href":"https:\/\/gastora.eu\/en\/wp-json\/wp\/v2\/product_cat?post=13943"},{"taxonomy":"product_tag","embeddable":true,"href":"https:\/\/gastora.eu\/en\/wp-json\/wp\/v2\/product_tag?post=13943"}],"curies":[{"name":"wp","href":"https:\/\/api.w.org\/{rel}","templated":true}]}}