{"id":13942,"date":"2026-04-25T17:40:08","date_gmt":"2026-04-25T17:40:08","guid":{"rendered":"https:\/\/gastora.eu\/?post_type=product&#038;p=13942"},"modified":"2026-04-27T08:34:09","modified_gmt":"2026-04-27T08:34:09","slug":"machine-glaons-15-kgjour-glaons-creux-refroidissement-par-air","status":"publish","type":"product","link":"https:\/\/gastora.eu\/en\/product\/machine-glaons-15-kgjour-glaons-creux-refroidissement-par-air\/","title":{"rendered":"Machine \u00e0 gla\u00e7ons &#8211; 15 kg\/jour &#8211; gla\u00e7ons creux &#8211; refroidissement par air"},"content":{"rendered":"<p>Lors de la pr\u00e9paration de cocktails, de liqueurs ou d&#8217;autres boissons m\u00e9lang\u00e9es, les gla\u00e7ons constituent la touche finale parfaite. Une machine \u00e0 gla\u00e7ons est indispensable dans les caf\u00e9s, les bars d&#8217;h\u00f4tels et les restaurants pour maintenir les produits au frais. Cette machine \u00e0 gla\u00e7ons polyvalente est un mod\u00e8le de table \u00e9l\u00e9gant qui peut \u00eatre utilis\u00e9 \u00e0 la fois dans le cadre professionnel et \u00e0 la maison. Vous pouvez la placer sur le comptoir de votre cuisine, derri\u00e8re le bar ou sur un plan de travail dans une cuisine professionnelle. La capacit\u00e9 de production est de 15 kg de glace en seulement 24 heures. Vous pouvez \u00e9galement stocker jusqu&#8217;\u00e0 1 kg de gla\u00e7ons dans la machine.<\/p>\n<h3>Diff\u00e9rentes tailles de gla\u00e7ons<\/h3>\n<p>Cette machine \u00e0 gla\u00e7ons professionnelle est refroidie par air \u00e0 l&#8217;arri\u00e8re et convient mieux \u00e0 une utilisation \u00e0 l&#8217;int\u00e9rieur dans des pi\u00e8ces qui ne sont pas trop chaudes. Elle est dot\u00e9e d&#8217;un syst\u00e8me de refroidissement tr\u00e8s efficace et utilise le r\u00e9frig\u00e9rant R600a, exempt de CFC. Gr\u00e2ce au panneau de commande convivial, l&#8217;appareil produit rapidement et efficacement des gla\u00e7ons de la bonne taille. Pour commencer, retirez le panier \u00e0 glace et remplissez le r\u00e9servoir d&#8217;eau, qui peut contenir jusqu&#8217;\u00e0 2,2 litres. Remettez le panier \u00e0 glace en place et choisissez la taille de gla\u00e7on souhait\u00e9e \u00e0 l&#8217;aide du bouton Select. Vous avez le choix entre des gla\u00e7ons de petite, moyenne et grande taille. Lorsque vous retirez les gla\u00e7ons de la machine, celle-ci en produit automatiquement de nouveaux.<\/p>\n<h3>Nettoyage facile<\/h3>\n<p>Le bo\u00eetier de cette machine \u00e0 gla\u00e7ons pratique est en plastique avec une paroi int\u00e9rieure en ABS pour une bonne isolation et pour faciliter son entretien. L&#8217;appareil se nettoie simplement avec un chiffon humide et un peu de d\u00e9tergent. Apr\u00e8s le nettoyage, il est important de s\u00e9cher la machine \u00e0 gla\u00e7ons avec un chiffon doux et sec avant de la r\u00e9utiliser. Gr\u00e2ce aux quatre pieds individuels, vous pouvez \u00e9galement r\u00e9gler la hauteur de la machine \u00e0 gla\u00e7ons en fonction de vos besoins.<\/p>\n<p><strong>Caract\u00e9ristiques<\/strong><\/p>\n<ul>\n<li>Machine \u00e0 gla\u00e7ons refroidie par air<\/li>\n<li>Livr\u00e9e avec un robinet d&#8217;eau<\/li>\n<li>Mod\u00e8le de table compact<\/li>\n<li>Fabrique des gla\u00e7ons de diff\u00e9rentes tailles et de diff\u00e9rentes formes<\/li>\n<li>Panneau de commande convivial<\/li>\n<\/ul>\n<p><strong>Caract\u00e9ristiques du produit<\/strong><\/p>\n<ul>\n<li>Poids net : 11 kg<\/li>\n<li>R\u00e9servoir d&#8217;eau : 2,2L<\/li>\n<li>Capacit\u00e9 de production : 15kg en 24 heures<\/li>\n<li>Capacit\u00e9 de stockage : 1kg<\/li>\n<li>Dimensions : L27,5 x P37 x H33,5cm L27,5 x P37 x H33,5cm<\/li>\n<li>Dimensions des gla\u00e7ons : environ \u00f8 2-3 x H3-4cm<\/li>\n<li>Puissance : 230V \/ 50Hz \/ 1 Phase 180W<\/li>\n<\/ul>","protected":false},"excerpt":{"rendered":"<p>Cette machine \u00e0 gla\u00e7ons compacte refroidie par air permet de produire 15 kg de gla\u00e7ons en forme de balle en 24 heures. Elle dispose d&#8217;un r\u00e9servoir d&#8217;eau de 2,2 litres et d&#8217;un espace de stockage pouvant contenir jusqu&#8217;\u00e0 1 kg de gla\u00e7ons. Une solution parfaite pour garder vos boissons au frais ou pour pr\u00e9senter des produits dans les bars, restaurants, caf\u00e9s et autres \u00e9tablissements alimentaires.<\/p>","protected":false},"featured_media":6634,"template":"","meta":{"_acf_changed":false},"product_brand":[],"product_cat":[491],"product_tag":[],"class_list":{"0":"post-13942","1":"product","2":"type-product","3":"status-publish","4":"has-post-thumbnail","6":"product_cat-machines-a-glacons-2","8":"first","9":"instock","10":"sale","11":"taxable","12":"shipping-taxable","13":"purchasable","14":"product-type-simple"},"acf":[],"yoast_head":"<!-- This site is optimized with the Yoast SEO plugin v27.4 - https:\/\/yoast.com\/product\/yoast-seo-wordpress\/ -->\n<title>Machine \u00e0 gla\u00e7ons - 15 kg\/jour - gla\u00e7ons creux - refroidissement par air - Gastora<\/title>\n<meta name=\"description\" content=\"Achetez Machine \u00e0 gla\u00e7ons - 15 kg\/jour - gla\u00e7ons creux - refroidissement par air au meilleur prix, fiable et performant avec une livraison rapide\" \/>\n<meta name=\"robots\" content=\"index, follow, max-snippet:-1, max-image-preview:large, max-video-preview:-1\" \/>\n<link rel=\"canonical\" href=\"https:\/\/gastora.eu\/en\/product\/machine-glaons-15-kgjour-glaons-creux-refroidissement-par-air\/\" \/>\n<meta property=\"og:locale\" content=\"en_US\" \/>\n<meta property=\"og:type\" content=\"article\" \/>\n<meta property=\"og:title\" content=\"Machine \u00e0 gla\u00e7ons - 15 kg\/jour - gla\u00e7ons creux - refroidissement par air - Gastora\" \/>\n<meta property=\"og:description\" content=\"Achetez Machine \u00e0 gla\u00e7ons - 15 kg\/jour - gla\u00e7ons creux - refroidissement par air au meilleur prix, fiable et performant avec une livraison rapide\" \/>\n<meta property=\"og:url\" content=\"https:\/\/gastora.eu\/en\/product\/machine-glaons-15-kgjour-glaons-creux-refroidissement-par-air\/\" \/>\n<meta property=\"og:site_name\" content=\"Gastora\" \/>\n<meta property=\"article:modified_time\" content=\"2026-04-27T08:34:09+00:00\" \/>\n<meta name=\"twitter:card\" content=\"summary_large_image\" \/>\n<meta name=\"twitter:label1\" content=\"Est. reading time\" \/>\n\t<meta name=\"twitter:data1\" content=\"2 minutes\" \/>\n<script type=\"application\/ld+json\" class=\"yoast-schema-graph\">{\"@context\":\"https:\\\/\\\/schema.org\",\"@graph\":[{\"@type\":\"WebPage\",\"@id\":\"https:\\\/\\\/gastora.eu\\\/product\\\/machine-glaons-15-kgjour-glaons-creux-refroidissement-par-air\\\/\",\"url\":\"https:\\\/\\\/gastora.eu\\\/product\\\/machine-glaons-15-kgjour-glaons-creux-refroidissement-par-air\\\/\",\"name\":\"Machine \u00e0 gla\u00e7ons - 15 kg\\\/jour - gla\u00e7ons creux - refroidissement par air - Gastora\",\"isPartOf\":{\"@id\":\"https:\\\/\\\/gastora.eu\\\/#website\"},\"primaryImageOfPage\":{\"@id\":\"https:\\\/\\\/gastora.eu\\\/product\\\/machine-glaons-15-kgjour-glaons-creux-refroidissement-par-air\\\/#primaryimage\"},\"image\":{\"@id\":\"https:\\\/\\\/gastora.eu\\\/product\\\/machine-glaons-15-kgjour-glaons-creux-refroidissement-par-air\\\/#primaryimage\"},\"thumbnailUrl\":\"https:\\\/\\\/gastora.eu\\\/wp-content\\\/uploads\\\/2026\\\/04\\\/sp-005-61656e5d511b2.jpg\",\"datePublished\":\"2026-04-25T17:40:08+00:00\",\"dateModified\":\"2026-04-27T08:34:09+00:00\",\"description\":\"Achetez Machine \u00e0 gla\u00e7ons - 15 kg\\\/jour - gla\u00e7ons creux - refroidissement par air au meilleur prix, fiable et performant avec une livraison rapide\",\"breadcrumb\":{\"@id\":\"https:\\\/\\\/gastora.eu\\\/product\\\/machine-glaons-15-kgjour-glaons-creux-refroidissement-par-air\\\/#breadcrumb\"},\"inLanguage\":\"en-US\",\"potentialAction\":[{\"@type\":\"ReadAction\",\"target\":[\"https:\\\/\\\/gastora.eu\\\/product\\\/machine-glaons-15-kgjour-glaons-creux-refroidissement-par-air\\\/\"]}]},{\"@type\":\"ImageObject\",\"inLanguage\":\"en-US\",\"@id\":\"https:\\\/\\\/gastora.eu\\\/product\\\/machine-glaons-15-kgjour-glaons-creux-refroidissement-par-air\\\/#primaryimage\",\"url\":\"https:\\\/\\\/gastora.eu\\\/wp-content\\\/uploads\\\/2026\\\/04\\\/sp-005-61656e5d511b2.jpg\",\"contentUrl\":\"https:\\\/\\\/gastora.eu\\\/wp-content\\\/uploads\\\/2026\\\/04\\\/sp-005-61656e5d511b2.jpg\",\"width\":1024,\"height\":1024},{\"@type\":\"BreadcrumbList\",\"@id\":\"https:\\\/\\\/gastora.eu\\\/product\\\/machine-glaons-15-kgjour-glaons-creux-refroidissement-par-air\\\/#breadcrumb\",\"itemListElement\":[{\"@type\":\"ListItem\",\"position\":1,\"name\":\"Home\",\"item\":\"https:\\\/\\\/gastora.eu\\\/\"},{\"@type\":\"ListItem\",\"position\":2,\"name\":\"Shop\",\"item\":\"https:\\\/\\\/gastora.eu\\\/shop\\\/\"},{\"@type\":\"ListItem\",\"position\":3,\"name\":\"Machine \u00e0 gla\u00e7ons &#8211; 15 kg\\\/jour &#8211; gla\u00e7ons creux &#8211; refroidissement par air\"}]},{\"@type\":\"WebSite\",\"@id\":\"https:\\\/\\\/gastora.eu\\\/#website\",\"url\":\"https:\\\/\\\/gastora.eu\\\/\",\"name\":\"Gastora\",\"description\":\"\u00c9quipements professionnels CHR\",\"publisher\":{\"@id\":\"https:\\\/\\\/gastora.eu\\\/#organization\"},\"potentialAction\":[{\"@type\":\"SearchAction\",\"target\":{\"@type\":\"EntryPoint\",\"urlTemplate\":\"https:\\\/\\\/gastora.eu\\\/?s={search_term_string}\"},\"query-input\":{\"@type\":\"PropertyValueSpecification\",\"valueRequired\":true,\"valueName\":\"search_term_string\"}}],\"inLanguage\":\"en-US\"},{\"@type\":\"Organization\",\"@id\":\"https:\\\/\\\/gastora.eu\\\/#organization\",\"name\":\"Gastora\",\"url\":\"https:\\\/\\\/gastora.eu\\\/\",\"logo\":{\"@type\":\"ImageObject\",\"inLanguage\":\"en-US\",\"@id\":\"https:\\\/\\\/gastora.eu\\\/#\\\/schema\\\/logo\\\/image\\\/\",\"url\":\"https:\\\/\\\/gastora.eu\\\/wp-content\\\/uploads\\\/2025\\\/12\\\/ChatGPT-Image-2-janv.-2026-22_52_47-1.png\",\"contentUrl\":\"https:\\\/\\\/gastora.eu\\\/wp-content\\\/uploads\\\/2025\\\/12\\\/ChatGPT-Image-2-janv.-2026-22_52_47-1.png\",\"width\":1536,\"height\":320,\"caption\":\"Gastora\"},\"image\":{\"@id\":\"https:\\\/\\\/gastora.eu\\\/#\\\/schema\\\/logo\\\/image\\\/\"}}]}<\/script>\n<!-- \/ Yoast SEO plugin. -->","yoast_head_json":{"title":"Machine \u00e0 gla\u00e7ons - 15 kg\/jour - gla\u00e7ons creux - refroidissement par air - Gastora","description":"Achetez Machine \u00e0 gla\u00e7ons - 15 kg\/jour - gla\u00e7ons creux - refroidissement par air au meilleur prix, fiable et performant avec une livraison rapide","robots":{"index":"index","follow":"follow","max-snippet":"max-snippet:-1","max-image-preview":"max-image-preview:large","max-video-preview":"max-video-preview:-1"},"canonical":"https:\/\/gastora.eu\/en\/product\/machine-glaons-15-kgjour-glaons-creux-refroidissement-par-air\/","og_locale":"en_US","og_type":"article","og_title":"Machine \u00e0 gla\u00e7ons - 15 kg\/jour - gla\u00e7ons creux - refroidissement par air - Gastora","og_description":"Achetez Machine \u00e0 gla\u00e7ons - 15 kg\/jour - gla\u00e7ons creux - refroidissement par air au meilleur prix, fiable et performant avec une livraison rapide","og_url":"https:\/\/gastora.eu\/en\/product\/machine-glaons-15-kgjour-glaons-creux-refroidissement-par-air\/","og_site_name":"Gastora","article_modified_time":"2026-04-27T08:34:09+00:00","twitter_card":"summary_large_image","twitter_misc":{"Est. reading time":"2 minutes"},"schema":{"@context":"https:\/\/schema.org","@graph":[{"@type":"WebPage","@id":"https:\/\/gastora.eu\/product\/machine-glaons-15-kgjour-glaons-creux-refroidissement-par-air\/","url":"https:\/\/gastora.eu\/product\/machine-glaons-15-kgjour-glaons-creux-refroidissement-par-air\/","name":"Machine \u00e0 gla\u00e7ons - 15 kg\/jour - gla\u00e7ons creux - refroidissement par air - Gastora","isPartOf":{"@id":"https:\/\/gastora.eu\/#website"},"primaryImageOfPage":{"@id":"https:\/\/gastora.eu\/product\/machine-glaons-15-kgjour-glaons-creux-refroidissement-par-air\/#primaryimage"},"image":{"@id":"https:\/\/gastora.eu\/product\/machine-glaons-15-kgjour-glaons-creux-refroidissement-par-air\/#primaryimage"},"thumbnailUrl":"https:\/\/gastora.eu\/wp-content\/uploads\/2026\/04\/sp-005-61656e5d511b2.jpg","datePublished":"2026-04-25T17:40:08+00:00","dateModified":"2026-04-27T08:34:09+00:00","description":"Achetez Machine \u00e0 gla\u00e7ons - 15 kg\/jour - gla\u00e7ons creux - refroidissement par air au meilleur prix, fiable et performant avec une livraison rapide","breadcrumb":{"@id":"https:\/\/gastora.eu\/product\/machine-glaons-15-kgjour-glaons-creux-refroidissement-par-air\/#breadcrumb"},"inLanguage":"en-US","potentialAction":[{"@type":"ReadAction","target":["https:\/\/gastora.eu\/product\/machine-glaons-15-kgjour-glaons-creux-refroidissement-par-air\/"]}]},{"@type":"ImageObject","inLanguage":"en-US","@id":"https:\/\/gastora.eu\/product\/machine-glaons-15-kgjour-glaons-creux-refroidissement-par-air\/#primaryimage","url":"https:\/\/gastora.eu\/wp-content\/uploads\/2026\/04\/sp-005-61656e5d511b2.jpg","contentUrl":"https:\/\/gastora.eu\/wp-content\/uploads\/2026\/04\/sp-005-61656e5d511b2.jpg","width":1024,"height":1024},{"@type":"BreadcrumbList","@id":"https:\/\/gastora.eu\/product\/machine-glaons-15-kgjour-glaons-creux-refroidissement-par-air\/#breadcrumb","itemListElement":[{"@type":"ListItem","position":1,"name":"Home","item":"https:\/\/gastora.eu\/"},{"@type":"ListItem","position":2,"name":"Shop","item":"https:\/\/gastora.eu\/shop\/"},{"@type":"ListItem","position":3,"name":"Machine \u00e0 gla\u00e7ons &#8211; 15 kg\/jour &#8211; gla\u00e7ons creux &#8211; refroidissement par air"}]},{"@type":"WebSite","@id":"https:\/\/gastora.eu\/#website","url":"https:\/\/gastora.eu\/","name":"Gastora","description":"\u00c9quipements professionnels CHR","publisher":{"@id":"https:\/\/gastora.eu\/#organization"},"potentialAction":[{"@type":"SearchAction","target":{"@type":"EntryPoint","urlTemplate":"https:\/\/gastora.eu\/?s={search_term_string}"},"query-input":{"@type":"PropertyValueSpecification","valueRequired":true,"valueName":"search_term_string"}}],"inLanguage":"en-US"},{"@type":"Organization","@id":"https:\/\/gastora.eu\/#organization","name":"Gastora","url":"https:\/\/gastora.eu\/","logo":{"@type":"ImageObject","inLanguage":"en-US","@id":"https:\/\/gastora.eu\/#\/schema\/logo\/image\/","url":"https:\/\/gastora.eu\/wp-content\/uploads\/2025\/12\/ChatGPT-Image-2-janv.-2026-22_52_47-1.png","contentUrl":"https:\/\/gastora.eu\/wp-content\/uploads\/2025\/12\/ChatGPT-Image-2-janv.-2026-22_52_47-1.png","width":1536,"height":320,"caption":"Gastora"},"image":{"@id":"https:\/\/gastora.eu\/#\/schema\/logo\/image\/"}}]}},"jetpack_sharing_enabled":true,"_links":{"self":[{"href":"https:\/\/gastora.eu\/en\/wp-json\/wp\/v2\/product\/13942","targetHints":{"allow":["GET"]}}],"collection":[{"href":"https:\/\/gastora.eu\/en\/wp-json\/wp\/v2\/product"}],"about":[{"href":"https:\/\/gastora.eu\/en\/wp-json\/wp\/v2\/types\/product"}],"wp:featuredmedia":[{"embeddable":true,"href":"https:\/\/gastora.eu\/en\/wp-json\/wp\/v2\/media\/6634"}],"wp:attachment":[{"href":"https:\/\/gastora.eu\/en\/wp-json\/wp\/v2\/media?parent=13942"}],"wp:term":[{"taxonomy":"product_brand","embeddable":true,"href":"https:\/\/gastora.eu\/en\/wp-json\/wp\/v2\/product_brand?post=13942"},{"taxonomy":"product_cat","embeddable":true,"href":"https:\/\/gastora.eu\/en\/wp-json\/wp\/v2\/product_cat?post=13942"},{"taxonomy":"product_tag","embeddable":true,"href":"https:\/\/gastora.eu\/en\/wp-json\/wp\/v2\/product_tag?post=13942"}],"curies":[{"name":"wp","href":"https:\/\/api.w.org\/{rel}","templated":true}]}}