{"id":13937,"date":"2026-04-25T17:40:00","date_gmt":"2026-04-25T17:40:00","guid":{"rendered":"https:\/\/gastora.eu\/?post_type=product&#038;p=13937"},"modified":"2026-04-28T16:55:34","modified_gmt":"2026-04-28T16:55:34","slug":"poussoir-saucisses-15-l-automatique-verticale-incl-4-tubes-de-remplissage","status":"publish","type":"product","link":"https:\/\/gastora.eu\/en\/product\/poussoir-saucisses-15-l-automatique-verticale-incl-4-tubes-de-remplissage\/","title":{"rendered":"Poussoir \u00e0 saucisses &#8211; 15 L &#8211; automatique &#8211; verticale &#8211; incl 4 tubes de remplissage"},"content":{"rendered":"<p>Remplissez vos saucisses rapidement et efficacement gr\u00e2ce \u00e0 cette machine \u00e0 remplir les saucisses automatique d&#8217;une capacit\u00e9 de 15 litres. Cette remplisseuse de saucisses professionnelle est enti\u00e8rement fabriqu\u00e9e en acier inoxydable et est livr\u00e9e avec quatre tubes de remplissage de 16, 22, 32 et 38 mm de diam\u00e8tre. Vous recevrez \u00e9galement une p\u00e9dale pour faire fonctionner la remplisseuse de saucisses afin d&#8217;avoir les mains libres pour remplir et retourner efficacement les saucisses. La plaque de pression est munie d&#8217;un trou d&#8217;a\u00e9ration et d&#8217;un joint d&#8217;\u00e9tanch\u00e9it\u00e9. Ainsi, le moins d&#8217;air possible p\u00e9n\u00e8tre dans les saucisses pendant la rotation. La remplisseuse de saucisses peut fonctionner \u00e0 dix vitesses diff\u00e9rentes, de sorte que vous disposez toujours de la vitesse ad\u00e9quate pour une distribution parfaite.<\/p>\n<h3>Remplisseuse automatique de saucisses<\/h3>\n<p>Pour fabriquer les saucisses, il faut d&#8217;abord choisir la taille souhait\u00e9e du tube de remplissage. Placez le tube de remplissage sur la remplisseuse de saucisses. Inclinez ensuite le r\u00e9servoir et remplissez-le avec les ingr\u00e9dients de votre choix. Faites ensuite glisser le boyau ou le boyau artificiel sur le tube de remplissage. Choisissez la bonne vitesse et actionnez la p\u00e9dale pour commencer le remplissage. Avec deux mains, vous pouvez rapidement remplir et retourner les saucisses pour en produire un grand nombre en un rien de temps.<\/p>\n<h3>Lavable au lave-vaisselle<\/h3>\n<p>Cette remplisseuse automatique de saucisses est fabriqu\u00e9e en acier inoxydable, ce qui la rend facile \u00e0 nettoyer. Les tubes de remplissage et le r\u00e9servoir sont amovibles et peuvent \u00eatre nettoy\u00e9s au lave-vaisselle. Nettoyez la plaque de pression \u00e0 l&#8217;aide d&#8217;un chiffon humide et d&#8217;un d\u00e9sinfectant. Remettez ensuite toutes les pi\u00e8ces en place et votre remplisseuse de saucisses est pr\u00eate pour la prochaine utilisation.<\/p>\n<p><strong>Caract\u00e9ristiques<\/strong><\/p>\n<ul>\n<li>Bo\u00eetier, plaque de base, arbre et plaque de pression en acier inoxydable<\/li>\n<li>La plaque de pressage est scell\u00e9e par un joint d&#8217;\u00e9tanch\u00e9it\u00e9<\/li>\n<li>La section de sortie peut \u00eatre retir\u00e9e en une seule fois<\/li>\n<li>La plaque de pressage est munie d&#8217;un trou d&#8217;a\u00e9ration<\/li>\n<li>10 vitesses pour un dosage parfait<\/li>\n<\/ul>\n<p><strong>Caract\u00e9ristiques du produit<\/strong><\/p>\n<ul>\n<li>Poids net : 29kg<\/li>\n<li>Capacit\u00e9 de remplissage : 15L<\/li>\n<li>Dimensions du cylindre : \u00d822 x 41cm<\/li>\n<li>Dimensions de l&#8217;appareil : L42 x P33 x H75cm<\/li>\n<li>Diam\u00e8tre du cylindre de sortie : \u00d85cm<\/li>\n<li>230V \/ 50Hz \/ 1Phase 40W<\/li>\n<\/ul>\n<p><em>Incluant<\/em><\/p>\n<ul>\n<li><em>Quatre tubes de remplissage en acier inoxydable de \u00d816mm, \u00d822mm, \u00d832mm et \u00d838mm<\/em><\/li>\n<li><em>P\u00e9dale de commande (longueur du c\u00e2ble 1,93m)<\/em><\/li>\n<\/ul>","protected":false},"excerpt":{"rendered":"<p>Cette machine \u00e0 farcir les saucisses automatique verticale a une capacit\u00e9 de remplissage de 15 litres pour faire de d\u00e9licieuses saucisses. Elle poss\u00e8de dix vitesses, quatre tubes de remplissage et une p\u00e9dale de commande. Le bo\u00eetier, la plaque de base, l&#8217;arbre et la plaque de pression sont en acier inoxydable, ce qui facilite le nettoyage. Parfait pour les boucheries et les restaurants.<\/p>","protected":false},"featured_media":6624,"template":"","meta":{"_acf_changed":false},"product_brand":[],"product_cat":[41],"product_tag":[],"class_list":{"0":"post-13937","1":"product","2":"type-product","3":"status-publish","4":"has-post-thumbnail","6":"product_cat-preparation","8":"first","9":"instock","10":"sale","11":"taxable","12":"shipping-taxable","13":"purchasable","14":"product-type-simple"},"acf":[],"yoast_head":"<!-- This site is optimized with the Yoast SEO plugin v27.5 - https:\/\/yoast.com\/product\/yoast-seo-wordpress\/ -->\n<title>Poussoir \u00e0 saucisses - 15 L - automatique - verticale - incl 4 tubes de remplissage - Gastora<\/title>\n<meta name=\"description\" content=\"Achetez Poussoir \u00e0 saucisses - 15 L - automatique - verticale - incl 4 tubes de remplissage au meilleur prix, fiable et performant avec une livraison rapide\" \/>\n<meta name=\"robots\" content=\"index, follow, max-snippet:-1, max-image-preview:large, max-video-preview:-1\" \/>\n<link rel=\"canonical\" href=\"https:\/\/gastora.eu\/en\/product\/poussoir-saucisses-15-l-automatique-verticale-incl-4-tubes-de-remplissage\/\" \/>\n<meta property=\"og:locale\" content=\"en_US\" \/>\n<meta property=\"og:type\" content=\"article\" \/>\n<meta property=\"og:title\" content=\"Poussoir \u00e0 saucisses - 15 L - automatique - verticale - incl 4 tubes de remplissage - Gastora\" \/>\n<meta property=\"og:description\" content=\"Achetez Poussoir \u00e0 saucisses - 15 L - automatique - verticale - incl 4 tubes de remplissage au meilleur prix, fiable et performant avec une livraison rapide\" \/>\n<meta property=\"og:url\" content=\"https:\/\/gastora.eu\/en\/product\/poussoir-saucisses-15-l-automatique-verticale-incl-4-tubes-de-remplissage\/\" \/>\n<meta property=\"og:site_name\" content=\"Gastora\" \/>\n<meta property=\"article:modified_time\" content=\"2026-04-28T16:55:34+00:00\" \/>\n<meta name=\"twitter:card\" content=\"summary_large_image\" \/>\n<meta name=\"twitter:label1\" content=\"Est. reading time\" \/>\n\t<meta name=\"twitter:data1\" content=\"2 minutes\" \/>\n<script type=\"application\/ld+json\" class=\"yoast-schema-graph\">{\"@context\":\"https:\\\/\\\/schema.org\",\"@graph\":[{\"@type\":\"WebPage\",\"@id\":\"https:\\\/\\\/gastora.eu\\\/product\\\/poussoir-saucisses-15-l-automatique-verticale-incl-4-tubes-de-remplissage\\\/\",\"url\":\"https:\\\/\\\/gastora.eu\\\/product\\\/poussoir-saucisses-15-l-automatique-verticale-incl-4-tubes-de-remplissage\\\/\",\"name\":\"Poussoir \u00e0 saucisses - 15 L - automatique - verticale - incl 4 tubes de remplissage - Gastora\",\"isPartOf\":{\"@id\":\"https:\\\/\\\/gastora.eu\\\/#website\"},\"primaryImageOfPage\":{\"@id\":\"https:\\\/\\\/gastora.eu\\\/product\\\/poussoir-saucisses-15-l-automatique-verticale-incl-4-tubes-de-remplissage\\\/#primaryimage\"},\"image\":{\"@id\":\"https:\\\/\\\/gastora.eu\\\/product\\\/poussoir-saucisses-15-l-automatique-verticale-incl-4-tubes-de-remplissage\\\/#primaryimage\"},\"thumbnailUrl\":\"https:\\\/\\\/gastora.eu\\\/wp-content\\\/uploads\\\/2026\\\/04\\\/sp-005-61656e76bf71d.jpg\",\"datePublished\":\"2026-04-25T17:40:00+00:00\",\"dateModified\":\"2026-04-28T16:55:34+00:00\",\"description\":\"Achetez Poussoir \u00e0 saucisses - 15 L - automatique - verticale - incl 4 tubes de remplissage au meilleur prix, fiable et performant avec une livraison rapide\",\"breadcrumb\":{\"@id\":\"https:\\\/\\\/gastora.eu\\\/product\\\/poussoir-saucisses-15-l-automatique-verticale-incl-4-tubes-de-remplissage\\\/#breadcrumb\"},\"inLanguage\":\"en-US\",\"potentialAction\":[{\"@type\":\"ReadAction\",\"target\":[\"https:\\\/\\\/gastora.eu\\\/product\\\/poussoir-saucisses-15-l-automatique-verticale-incl-4-tubes-de-remplissage\\\/\"]}]},{\"@type\":\"ImageObject\",\"inLanguage\":\"en-US\",\"@id\":\"https:\\\/\\\/gastora.eu\\\/product\\\/poussoir-saucisses-15-l-automatique-verticale-incl-4-tubes-de-remplissage\\\/#primaryimage\",\"url\":\"https:\\\/\\\/gastora.eu\\\/wp-content\\\/uploads\\\/2026\\\/04\\\/sp-005-61656e76bf71d.jpg\",\"contentUrl\":\"https:\\\/\\\/gastora.eu\\\/wp-content\\\/uploads\\\/2026\\\/04\\\/sp-005-61656e76bf71d.jpg\",\"width\":1024,\"height\":1024},{\"@type\":\"BreadcrumbList\",\"@id\":\"https:\\\/\\\/gastora.eu\\\/product\\\/poussoir-saucisses-15-l-automatique-verticale-incl-4-tubes-de-remplissage\\\/#breadcrumb\",\"itemListElement\":[{\"@type\":\"ListItem\",\"position\":1,\"name\":\"Home\",\"item\":\"https:\\\/\\\/gastora.eu\\\/\"},{\"@type\":\"ListItem\",\"position\":2,\"name\":\"Shop\",\"item\":\"https:\\\/\\\/gastora.eu\\\/shop\\\/\"},{\"@type\":\"ListItem\",\"position\":3,\"name\":\"Poussoir \u00e0 saucisses &#8211; 15 L &#8211; automatique &#8211; verticale &#8211; incl 4 tubes de remplissage\"}]},{\"@type\":\"WebSite\",\"@id\":\"https:\\\/\\\/gastora.eu\\\/#website\",\"url\":\"https:\\\/\\\/gastora.eu\\\/\",\"name\":\"Gastora\",\"description\":\"\u00c9quipements professionnels CHR\",\"publisher\":{\"@id\":\"https:\\\/\\\/gastora.eu\\\/#organization\"},\"potentialAction\":[{\"@type\":\"SearchAction\",\"target\":{\"@type\":\"EntryPoint\",\"urlTemplate\":\"https:\\\/\\\/gastora.eu\\\/?s={search_term_string}\"},\"query-input\":{\"@type\":\"PropertyValueSpecification\",\"valueRequired\":true,\"valueName\":\"search_term_string\"}}],\"inLanguage\":\"en-US\"},{\"@type\":\"Organization\",\"@id\":\"https:\\\/\\\/gastora.eu\\\/#organization\",\"name\":\"Gastora\",\"url\":\"https:\\\/\\\/gastora.eu\\\/\",\"logo\":{\"@type\":\"ImageObject\",\"inLanguage\":\"en-US\",\"@id\":\"https:\\\/\\\/gastora.eu\\\/#\\\/schema\\\/logo\\\/image\\\/\",\"url\":\"https:\\\/\\\/gastora.eu\\\/wp-content\\\/uploads\\\/2025\\\/12\\\/ChatGPT-Image-2-janv.-2026-22_52_47-1.png\",\"contentUrl\":\"https:\\\/\\\/gastora.eu\\\/wp-content\\\/uploads\\\/2025\\\/12\\\/ChatGPT-Image-2-janv.-2026-22_52_47-1.png\",\"width\":1536,\"height\":320,\"caption\":\"Gastora\"},\"image\":{\"@id\":\"https:\\\/\\\/gastora.eu\\\/#\\\/schema\\\/logo\\\/image\\\/\"}}]}<\/script>\n<!-- \/ Yoast SEO plugin. -->","yoast_head_json":{"title":"Poussoir \u00e0 saucisses - 15 L - automatique - verticale - incl 4 tubes de remplissage - Gastora","description":"Achetez Poussoir \u00e0 saucisses - 15 L - automatique - verticale - incl 4 tubes de remplissage au meilleur prix, fiable et performant avec une livraison rapide","robots":{"index":"index","follow":"follow","max-snippet":"max-snippet:-1","max-image-preview":"max-image-preview:large","max-video-preview":"max-video-preview:-1"},"canonical":"https:\/\/gastora.eu\/en\/product\/poussoir-saucisses-15-l-automatique-verticale-incl-4-tubes-de-remplissage\/","og_locale":"en_US","og_type":"article","og_title":"Poussoir \u00e0 saucisses - 15 L - automatique - verticale - incl 4 tubes de remplissage - Gastora","og_description":"Achetez Poussoir \u00e0 saucisses - 15 L - automatique - verticale - incl 4 tubes de remplissage au meilleur prix, fiable et performant avec une livraison rapide","og_url":"https:\/\/gastora.eu\/en\/product\/poussoir-saucisses-15-l-automatique-verticale-incl-4-tubes-de-remplissage\/","og_site_name":"Gastora","article_modified_time":"2026-04-28T16:55:34+00:00","twitter_card":"summary_large_image","twitter_misc":{"Est. reading time":"2 minutes"},"schema":{"@context":"https:\/\/schema.org","@graph":[{"@type":"WebPage","@id":"https:\/\/gastora.eu\/product\/poussoir-saucisses-15-l-automatique-verticale-incl-4-tubes-de-remplissage\/","url":"https:\/\/gastora.eu\/product\/poussoir-saucisses-15-l-automatique-verticale-incl-4-tubes-de-remplissage\/","name":"Poussoir \u00e0 saucisses - 15 L - automatique - verticale - incl 4 tubes de remplissage - Gastora","isPartOf":{"@id":"https:\/\/gastora.eu\/#website"},"primaryImageOfPage":{"@id":"https:\/\/gastora.eu\/product\/poussoir-saucisses-15-l-automatique-verticale-incl-4-tubes-de-remplissage\/#primaryimage"},"image":{"@id":"https:\/\/gastora.eu\/product\/poussoir-saucisses-15-l-automatique-verticale-incl-4-tubes-de-remplissage\/#primaryimage"},"thumbnailUrl":"https:\/\/gastora.eu\/wp-content\/uploads\/2026\/04\/sp-005-61656e76bf71d.jpg","datePublished":"2026-04-25T17:40:00+00:00","dateModified":"2026-04-28T16:55:34+00:00","description":"Achetez Poussoir \u00e0 saucisses - 15 L - automatique - verticale - incl 4 tubes de remplissage au meilleur prix, fiable et performant avec une livraison rapide","breadcrumb":{"@id":"https:\/\/gastora.eu\/product\/poussoir-saucisses-15-l-automatique-verticale-incl-4-tubes-de-remplissage\/#breadcrumb"},"inLanguage":"en-US","potentialAction":[{"@type":"ReadAction","target":["https:\/\/gastora.eu\/product\/poussoir-saucisses-15-l-automatique-verticale-incl-4-tubes-de-remplissage\/"]}]},{"@type":"ImageObject","inLanguage":"en-US","@id":"https:\/\/gastora.eu\/product\/poussoir-saucisses-15-l-automatique-verticale-incl-4-tubes-de-remplissage\/#primaryimage","url":"https:\/\/gastora.eu\/wp-content\/uploads\/2026\/04\/sp-005-61656e76bf71d.jpg","contentUrl":"https:\/\/gastora.eu\/wp-content\/uploads\/2026\/04\/sp-005-61656e76bf71d.jpg","width":1024,"height":1024},{"@type":"BreadcrumbList","@id":"https:\/\/gastora.eu\/product\/poussoir-saucisses-15-l-automatique-verticale-incl-4-tubes-de-remplissage\/#breadcrumb","itemListElement":[{"@type":"ListItem","position":1,"name":"Home","item":"https:\/\/gastora.eu\/"},{"@type":"ListItem","position":2,"name":"Shop","item":"https:\/\/gastora.eu\/shop\/"},{"@type":"ListItem","position":3,"name":"Poussoir \u00e0 saucisses &#8211; 15 L &#8211; automatique &#8211; verticale &#8211; incl 4 tubes de remplissage"}]},{"@type":"WebSite","@id":"https:\/\/gastora.eu\/#website","url":"https:\/\/gastora.eu\/","name":"Gastora","description":"\u00c9quipements professionnels CHR","publisher":{"@id":"https:\/\/gastora.eu\/#organization"},"potentialAction":[{"@type":"SearchAction","target":{"@type":"EntryPoint","urlTemplate":"https:\/\/gastora.eu\/?s={search_term_string}"},"query-input":{"@type":"PropertyValueSpecification","valueRequired":true,"valueName":"search_term_string"}}],"inLanguage":"en-US"},{"@type":"Organization","@id":"https:\/\/gastora.eu\/#organization","name":"Gastora","url":"https:\/\/gastora.eu\/","logo":{"@type":"ImageObject","inLanguage":"en-US","@id":"https:\/\/gastora.eu\/#\/schema\/logo\/image\/","url":"https:\/\/gastora.eu\/wp-content\/uploads\/2025\/12\/ChatGPT-Image-2-janv.-2026-22_52_47-1.png","contentUrl":"https:\/\/gastora.eu\/wp-content\/uploads\/2025\/12\/ChatGPT-Image-2-janv.-2026-22_52_47-1.png","width":1536,"height":320,"caption":"Gastora"},"image":{"@id":"https:\/\/gastora.eu\/#\/schema\/logo\/image\/"}}]}},"jetpack_sharing_enabled":true,"_links":{"self":[{"href":"https:\/\/gastora.eu\/en\/wp-json\/wp\/v2\/product\/13937","targetHints":{"allow":["GET"]}}],"collection":[{"href":"https:\/\/gastora.eu\/en\/wp-json\/wp\/v2\/product"}],"about":[{"href":"https:\/\/gastora.eu\/en\/wp-json\/wp\/v2\/types\/product"}],"wp:featuredmedia":[{"embeddable":true,"href":"https:\/\/gastora.eu\/en\/wp-json\/wp\/v2\/media\/6624"}],"wp:attachment":[{"href":"https:\/\/gastora.eu\/en\/wp-json\/wp\/v2\/media?parent=13937"}],"wp:term":[{"taxonomy":"product_brand","embeddable":true,"href":"https:\/\/gastora.eu\/en\/wp-json\/wp\/v2\/product_brand?post=13937"},{"taxonomy":"product_cat","embeddable":true,"href":"https:\/\/gastora.eu\/en\/wp-json\/wp\/v2\/product_cat?post=13937"},{"taxonomy":"product_tag","embeddable":true,"href":"https:\/\/gastora.eu\/en\/wp-json\/wp\/v2\/product_tag?post=13937"}],"curies":[{"name":"wp","href":"https:\/\/api.w.org\/{rel}","templated":true}]}}