{"id":13935,"date":"2026-04-25T17:39:58","date_gmt":"2026-04-25T17:39:58","guid":{"rendered":"https:\/\/gastora.eu\/?post_type=product&#038;p=13935"},"modified":"2026-04-28T16:55:34","modified_gmt":"2026-04-28T16:55:34","slug":"poussoir-saucisses-5-l-horizontale-incl-4-tubes-de-remplissage","status":"publish","type":"product","link":"https:\/\/gastora.eu\/en\/product\/poussoir-saucisses-5-l-horizontale-incl-4-tubes-de-remplissage\/","title":{"rendered":"Poussoir \u00e0 saucisses &#8211; 5 L &#8211; horizontale &#8211; incl 4 tubes de remplissage"},"content":{"rendered":"<p>Si vous voulez faire des saucisses rapidement et efficacement, utilisez une machine \u00e0 saucisses professionnelle. Gr\u00e2ce \u00e0 sa position horizontale, cette machine \u00e0 saucisses peut \u00eatre plac\u00e9e sur n&#8217;importe quel plan de travail. Avec une capacit\u00e9 de remplissage de 5 litres, vous pouvez rapidement pr\u00e9parer un grand nombre de saucisses. Les dimensions des tubes de remplissage sont de 16, 22, 32 et 38 mm de diam\u00e8tre. La plaque de pression \u00e9tant pourvue d&#8217;un trou d&#8217;a\u00e9ration, un minimum d&#8217;air p\u00e9n\u00e8tre dans les saucisses. En outre, elle est munie d&#8217;un joint d&#8217;\u00e9tanch\u00e9it\u00e9. Sur le c\u00f4t\u00e9, une manivelle peut \u00eatre actionn\u00e9e manuellement pour fabriquer des saucisses \u00e0 deux vitesses.<\/p>\n<h3>Une fabrication de saucisses simple et rapide<\/h3>\n<p>Pour fabriquer des saucisses, il faut d&#8217;abord choisir le tube de remplissage souhait\u00e9. Plus le tube est fin, plus la saucisse est fine. Mettez les ingr\u00e9dients dans le r\u00e9servoir, qu&#8217;il suffit d&#8217;incliner vers vous pour le remplir. Glissez ensuite le boyau sur le tube de remplissage et maintenez-le fermement en place. De l&#8217;autre main, tournez la manivelle et le boyau sera rempli de chair \u00e0 saucisse. Veillez \u00e0 ce que la saucisse soit bien remplie, sans laisser passer trop d&#8217;air. Votre saucisse sera pr\u00eate en un rien de temps et vous pourrez passer \u00e0 la suivante.<\/p>\n<h3>Enti\u00e8rement en acier inoxydable<\/h3>\n<p>Pour une bonne hygi\u00e8ne, la machine \u00e0 farcir les saucisses doit \u00eatre nettoy\u00e9e correctement. Toutes les pi\u00e8ces sont en acier inoxydable et plusieurs d&#8217;entre elles peuvent \u00eatre retir\u00e9es pour \u00eatre nettoy\u00e9es au lave-vaisselle. La plaque de pression se nettoie facilement \u00e0 l&#8217;aide d&#8217;un chiffon humide et d&#8217;un d\u00e9sinfectant. Apr\u00e8s le nettoyage, vous pouvez remettre toutes les pi\u00e8ces en place pour la prochaine utilisation. La machine \u00e0 farcir les saucisses est \u00e9galement \u00e9quip\u00e9e de quatre pieds en caoutchouc qui permettent de la placer fermement sans qu&#8217;elle ne glisse.<\/p>\n<p><strong>Caract\u00e9ristiques<\/strong><\/p>\n<ul>\n<li>Bo\u00eetier, plaque de base, arbre et plaque de pressage en acier inoxydable<\/li>\n<li>La plaque de pressage est scell\u00e9e par un joint d&#8217;\u00e9tanch\u00e9it\u00e9<\/li>\n<li>La section de sortie peut \u00eatre retir\u00e9e en une seule fois<\/li>\n<li>Deux vitesses pour un dosage parfait<\/li>\n<li>Repose sur quatre pieds en caoutchouc<\/li>\n<li>Plaque de pressage avec un trou pour l&#8217;a\u00e9ration<\/li>\n<\/ul>\n<p><strong>Caract\u00e9ristiques du produit<\/strong><\/p>\n<ul>\n<li>Poids net : 12 kg<\/li>\n<li>Capacit\u00e9 de remplissage : 5L<\/li>\n<li>Dimensions du cylindre : \u00d814 x 32cm<\/li>\n<li>Dimensions de l&#8217;appareil : B69 x D30 x H34cm<\/li>\n<li>Diam\u00e8tre du cylindre de sortie : \u00d85cm<\/li>\n<\/ul>\n<p><em>Y compris<\/em><\/p>\n<ul>\n<li><em>Quatre tubes de remplissage en acier inoxydable de \u00d816cm, \u00d822mm, \u00d832mm et \u00d838mm<\/em><\/li>\n<\/ul>","protected":false},"excerpt":{"rendered":"<p>Cette machine \u00e0 farcir les saucisses horizontale a une capacit\u00e9 de remplissage de 5 litres pour r\u00e9aliser de d\u00e9licieuses saucisses. Cette machine \u00e0 farcir les saucisses a deux vitesses et est livr\u00e9e avec quatre tubes de remplissage. Le bo\u00eetier, la plaque de base, l&#8217;arbre et la plaque de pression sont en acier inoxydable, ce qui facilite le nettoyage. Parfait pour les boucheries et les restaurants.<\/p>","protected":false},"featured_media":6620,"template":"","meta":{"_acf_changed":false},"product_brand":[],"product_cat":[41],"product_tag":[],"class_list":{"0":"post-13935","1":"product","2":"type-product","3":"status-publish","4":"has-post-thumbnail","6":"product_cat-preparation","8":"first","9":"instock","10":"sale","11":"taxable","12":"shipping-taxable","13":"purchasable","14":"product-type-simple"},"acf":[],"yoast_head":"<!-- This site is optimized with the Yoast SEO plugin v27.5 - https:\/\/yoast.com\/product\/yoast-seo-wordpress\/ -->\n<title>Poussoir \u00e0 saucisses - 5 L - horizontale - incl 4 tubes de remplissage - Gastora<\/title>\n<meta name=\"description\" content=\"Achetez Poussoir \u00e0 saucisses - 5 L - horizontale - incl 4 tubes de remplissage au meilleur prix, fiable et performant avec une livraison rapide\" \/>\n<meta name=\"robots\" content=\"index, follow, max-snippet:-1, max-image-preview:large, max-video-preview:-1\" \/>\n<link rel=\"canonical\" href=\"https:\/\/gastora.eu\/en\/product\/poussoir-saucisses-5-l-horizontale-incl-4-tubes-de-remplissage\/\" \/>\n<meta property=\"og:locale\" content=\"en_US\" \/>\n<meta property=\"og:type\" content=\"article\" \/>\n<meta property=\"og:title\" content=\"Poussoir \u00e0 saucisses - 5 L - horizontale - incl 4 tubes de remplissage - Gastora\" \/>\n<meta property=\"og:description\" content=\"Achetez Poussoir \u00e0 saucisses - 5 L - horizontale - incl 4 tubes de remplissage au meilleur prix, fiable et performant avec une livraison rapide\" \/>\n<meta property=\"og:url\" content=\"https:\/\/gastora.eu\/en\/product\/poussoir-saucisses-5-l-horizontale-incl-4-tubes-de-remplissage\/\" \/>\n<meta property=\"og:site_name\" content=\"Gastora\" \/>\n<meta property=\"article:modified_time\" content=\"2026-04-28T16:55:34+00:00\" \/>\n<meta name=\"twitter:card\" content=\"summary_large_image\" \/>\n<meta name=\"twitter:label1\" content=\"Est. reading time\" \/>\n\t<meta name=\"twitter:data1\" content=\"2 minutes\" \/>\n<script type=\"application\/ld+json\" class=\"yoast-schema-graph\">{\"@context\":\"https:\\\/\\\/schema.org\",\"@graph\":[{\"@type\":\"WebPage\",\"@id\":\"https:\\\/\\\/gastora.eu\\\/product\\\/poussoir-saucisses-5-l-horizontale-incl-4-tubes-de-remplissage\\\/\",\"url\":\"https:\\\/\\\/gastora.eu\\\/product\\\/poussoir-saucisses-5-l-horizontale-incl-4-tubes-de-remplissage\\\/\",\"name\":\"Poussoir \u00e0 saucisses - 5 L - horizontale - incl 4 tubes de remplissage - Gastora\",\"isPartOf\":{\"@id\":\"https:\\\/\\\/gastora.eu\\\/#website\"},\"primaryImageOfPage\":{\"@id\":\"https:\\\/\\\/gastora.eu\\\/product\\\/poussoir-saucisses-5-l-horizontale-incl-4-tubes-de-remplissage\\\/#primaryimage\"},\"image\":{\"@id\":\"https:\\\/\\\/gastora.eu\\\/product\\\/poussoir-saucisses-5-l-horizontale-incl-4-tubes-de-remplissage\\\/#primaryimage\"},\"thumbnailUrl\":\"https:\\\/\\\/gastora.eu\\\/wp-content\\\/uploads\\\/2026\\\/04\\\/maxima-67-61656e7708f28.jpg\",\"datePublished\":\"2026-04-25T17:39:58+00:00\",\"dateModified\":\"2026-04-28T16:55:34+00:00\",\"description\":\"Achetez Poussoir \u00e0 saucisses - 5 L - horizontale - incl 4 tubes de remplissage au meilleur prix, fiable et performant avec une livraison rapide\",\"breadcrumb\":{\"@id\":\"https:\\\/\\\/gastora.eu\\\/product\\\/poussoir-saucisses-5-l-horizontale-incl-4-tubes-de-remplissage\\\/#breadcrumb\"},\"inLanguage\":\"en-US\",\"potentialAction\":[{\"@type\":\"ReadAction\",\"target\":[\"https:\\\/\\\/gastora.eu\\\/product\\\/poussoir-saucisses-5-l-horizontale-incl-4-tubes-de-remplissage\\\/\"]}]},{\"@type\":\"ImageObject\",\"inLanguage\":\"en-US\",\"@id\":\"https:\\\/\\\/gastora.eu\\\/product\\\/poussoir-saucisses-5-l-horizontale-incl-4-tubes-de-remplissage\\\/#primaryimage\",\"url\":\"https:\\\/\\\/gastora.eu\\\/wp-content\\\/uploads\\\/2026\\\/04\\\/maxima-67-61656e7708f28.jpg\",\"contentUrl\":\"https:\\\/\\\/gastora.eu\\\/wp-content\\\/uploads\\\/2026\\\/04\\\/maxima-67-61656e7708f28.jpg\",\"width\":1024,\"height\":1024},{\"@type\":\"BreadcrumbList\",\"@id\":\"https:\\\/\\\/gastora.eu\\\/product\\\/poussoir-saucisses-5-l-horizontale-incl-4-tubes-de-remplissage\\\/#breadcrumb\",\"itemListElement\":[{\"@type\":\"ListItem\",\"position\":1,\"name\":\"Home\",\"item\":\"https:\\\/\\\/gastora.eu\\\/\"},{\"@type\":\"ListItem\",\"position\":2,\"name\":\"Shop\",\"item\":\"https:\\\/\\\/gastora.eu\\\/shop\\\/\"},{\"@type\":\"ListItem\",\"position\":3,\"name\":\"Poussoir \u00e0 saucisses &#8211; 5 L &#8211; horizontale &#8211; incl 4 tubes de remplissage\"}]},{\"@type\":\"WebSite\",\"@id\":\"https:\\\/\\\/gastora.eu\\\/#website\",\"url\":\"https:\\\/\\\/gastora.eu\\\/\",\"name\":\"Gastora\",\"description\":\"\u00c9quipements professionnels CHR\",\"publisher\":{\"@id\":\"https:\\\/\\\/gastora.eu\\\/#organization\"},\"potentialAction\":[{\"@type\":\"SearchAction\",\"target\":{\"@type\":\"EntryPoint\",\"urlTemplate\":\"https:\\\/\\\/gastora.eu\\\/?s={search_term_string}\"},\"query-input\":{\"@type\":\"PropertyValueSpecification\",\"valueRequired\":true,\"valueName\":\"search_term_string\"}}],\"inLanguage\":\"en-US\"},{\"@type\":\"Organization\",\"@id\":\"https:\\\/\\\/gastora.eu\\\/#organization\",\"name\":\"Gastora\",\"url\":\"https:\\\/\\\/gastora.eu\\\/\",\"logo\":{\"@type\":\"ImageObject\",\"inLanguage\":\"en-US\",\"@id\":\"https:\\\/\\\/gastora.eu\\\/#\\\/schema\\\/logo\\\/image\\\/\",\"url\":\"https:\\\/\\\/gastora.eu\\\/wp-content\\\/uploads\\\/2025\\\/12\\\/ChatGPT-Image-2-janv.-2026-22_52_47-1.png\",\"contentUrl\":\"https:\\\/\\\/gastora.eu\\\/wp-content\\\/uploads\\\/2025\\\/12\\\/ChatGPT-Image-2-janv.-2026-22_52_47-1.png\",\"width\":1536,\"height\":320,\"caption\":\"Gastora\"},\"image\":{\"@id\":\"https:\\\/\\\/gastora.eu\\\/#\\\/schema\\\/logo\\\/image\\\/\"}}]}<\/script>\n<!-- \/ Yoast SEO plugin. -->","yoast_head_json":{"title":"Poussoir \u00e0 saucisses - 5 L - horizontale - incl 4 tubes de remplissage - Gastora","description":"Achetez Poussoir \u00e0 saucisses - 5 L - horizontale - incl 4 tubes de remplissage au meilleur prix, fiable et performant avec une livraison rapide","robots":{"index":"index","follow":"follow","max-snippet":"max-snippet:-1","max-image-preview":"max-image-preview:large","max-video-preview":"max-video-preview:-1"},"canonical":"https:\/\/gastora.eu\/en\/product\/poussoir-saucisses-5-l-horizontale-incl-4-tubes-de-remplissage\/","og_locale":"en_US","og_type":"article","og_title":"Poussoir \u00e0 saucisses - 5 L - horizontale - incl 4 tubes de remplissage - Gastora","og_description":"Achetez Poussoir \u00e0 saucisses - 5 L - horizontale - incl 4 tubes de remplissage au meilleur prix, fiable et performant avec une livraison rapide","og_url":"https:\/\/gastora.eu\/en\/product\/poussoir-saucisses-5-l-horizontale-incl-4-tubes-de-remplissage\/","og_site_name":"Gastora","article_modified_time":"2026-04-28T16:55:34+00:00","twitter_card":"summary_large_image","twitter_misc":{"Est. reading time":"2 minutes"},"schema":{"@context":"https:\/\/schema.org","@graph":[{"@type":"WebPage","@id":"https:\/\/gastora.eu\/product\/poussoir-saucisses-5-l-horizontale-incl-4-tubes-de-remplissage\/","url":"https:\/\/gastora.eu\/product\/poussoir-saucisses-5-l-horizontale-incl-4-tubes-de-remplissage\/","name":"Poussoir \u00e0 saucisses - 5 L - horizontale - incl 4 tubes de remplissage - Gastora","isPartOf":{"@id":"https:\/\/gastora.eu\/#website"},"primaryImageOfPage":{"@id":"https:\/\/gastora.eu\/product\/poussoir-saucisses-5-l-horizontale-incl-4-tubes-de-remplissage\/#primaryimage"},"image":{"@id":"https:\/\/gastora.eu\/product\/poussoir-saucisses-5-l-horizontale-incl-4-tubes-de-remplissage\/#primaryimage"},"thumbnailUrl":"https:\/\/gastora.eu\/wp-content\/uploads\/2026\/04\/maxima-67-61656e7708f28.jpg","datePublished":"2026-04-25T17:39:58+00:00","dateModified":"2026-04-28T16:55:34+00:00","description":"Achetez Poussoir \u00e0 saucisses - 5 L - horizontale - incl 4 tubes de remplissage au meilleur prix, fiable et performant avec une livraison rapide","breadcrumb":{"@id":"https:\/\/gastora.eu\/product\/poussoir-saucisses-5-l-horizontale-incl-4-tubes-de-remplissage\/#breadcrumb"},"inLanguage":"en-US","potentialAction":[{"@type":"ReadAction","target":["https:\/\/gastora.eu\/product\/poussoir-saucisses-5-l-horizontale-incl-4-tubes-de-remplissage\/"]}]},{"@type":"ImageObject","inLanguage":"en-US","@id":"https:\/\/gastora.eu\/product\/poussoir-saucisses-5-l-horizontale-incl-4-tubes-de-remplissage\/#primaryimage","url":"https:\/\/gastora.eu\/wp-content\/uploads\/2026\/04\/maxima-67-61656e7708f28.jpg","contentUrl":"https:\/\/gastora.eu\/wp-content\/uploads\/2026\/04\/maxima-67-61656e7708f28.jpg","width":1024,"height":1024},{"@type":"BreadcrumbList","@id":"https:\/\/gastora.eu\/product\/poussoir-saucisses-5-l-horizontale-incl-4-tubes-de-remplissage\/#breadcrumb","itemListElement":[{"@type":"ListItem","position":1,"name":"Home","item":"https:\/\/gastora.eu\/"},{"@type":"ListItem","position":2,"name":"Shop","item":"https:\/\/gastora.eu\/shop\/"},{"@type":"ListItem","position":3,"name":"Poussoir \u00e0 saucisses &#8211; 5 L &#8211; horizontale &#8211; incl 4 tubes de remplissage"}]},{"@type":"WebSite","@id":"https:\/\/gastora.eu\/#website","url":"https:\/\/gastora.eu\/","name":"Gastora","description":"\u00c9quipements professionnels CHR","publisher":{"@id":"https:\/\/gastora.eu\/#organization"},"potentialAction":[{"@type":"SearchAction","target":{"@type":"EntryPoint","urlTemplate":"https:\/\/gastora.eu\/?s={search_term_string}"},"query-input":{"@type":"PropertyValueSpecification","valueRequired":true,"valueName":"search_term_string"}}],"inLanguage":"en-US"},{"@type":"Organization","@id":"https:\/\/gastora.eu\/#organization","name":"Gastora","url":"https:\/\/gastora.eu\/","logo":{"@type":"ImageObject","inLanguage":"en-US","@id":"https:\/\/gastora.eu\/#\/schema\/logo\/image\/","url":"https:\/\/gastora.eu\/wp-content\/uploads\/2025\/12\/ChatGPT-Image-2-janv.-2026-22_52_47-1.png","contentUrl":"https:\/\/gastora.eu\/wp-content\/uploads\/2025\/12\/ChatGPT-Image-2-janv.-2026-22_52_47-1.png","width":1536,"height":320,"caption":"Gastora"},"image":{"@id":"https:\/\/gastora.eu\/#\/schema\/logo\/image\/"}}]}},"jetpack_sharing_enabled":true,"_links":{"self":[{"href":"https:\/\/gastora.eu\/en\/wp-json\/wp\/v2\/product\/13935","targetHints":{"allow":["GET"]}}],"collection":[{"href":"https:\/\/gastora.eu\/en\/wp-json\/wp\/v2\/product"}],"about":[{"href":"https:\/\/gastora.eu\/en\/wp-json\/wp\/v2\/types\/product"}],"wp:featuredmedia":[{"embeddable":true,"href":"https:\/\/gastora.eu\/en\/wp-json\/wp\/v2\/media\/6620"}],"wp:attachment":[{"href":"https:\/\/gastora.eu\/en\/wp-json\/wp\/v2\/media?parent=13935"}],"wp:term":[{"taxonomy":"product_brand","embeddable":true,"href":"https:\/\/gastora.eu\/en\/wp-json\/wp\/v2\/product_brand?post=13935"},{"taxonomy":"product_cat","embeddable":true,"href":"https:\/\/gastora.eu\/en\/wp-json\/wp\/v2\/product_cat?post=13935"},{"taxonomy":"product_tag","embeddable":true,"href":"https:\/\/gastora.eu\/en\/wp-json\/wp\/v2\/product_tag?post=13935"}],"curies":[{"name":"wp","href":"https:\/\/api.w.org\/{rel}","templated":true}]}}