{"id":13933,"date":"2026-04-25T17:39:56","date_gmt":"2026-04-25T17:39:56","guid":{"rendered":"https:\/\/gastora.eu\/?post_type=product&#038;p=13933"},"modified":"2026-04-28T16:55:33","modified_gmt":"2026-04-28T16:55:33","slug":"chariot-de-nettoyage-5-bacs-inclus","status":"publish","type":"product","link":"https:\/\/gastora.eu\/en\/product\/chariot-de-nettoyage-5-bacs-inclus\/","title":{"rendered":"Chariot de nettoyage &#8211; 5 bacs inclus"},"content":{"rendered":"<p>Un chariot de nettoyage est indispensable dans un restaurant self-service, une cantine ou un autre \u00e9tablissement de restauration. Gr\u00e2ce au chariot de nettoyage, vous vous \u00e9pargnez, ainsi qu&#8217;\u00e0 votre personnel, beaucoup de d\u00e9placements et de soul\u00e8vements. Il est id\u00e9al pour d\u00e9barrasser les tables et mettre de l&#8217;ordre dans la salle \u00e0 manger. La vaisselle sale est rapidement et facilement ramen\u00e9e \u00e0 la cuisine.<\/p>\n<h3>Outils inclus<\/h3>\n<p>Ce chariot de nettoyage est fabriqu\u00e9 en acier inoxydable, ce qui lui permet de durer des ann\u00e9es et de r\u00e9sister \u00e0 une utilisation intensive. Pour des d\u00e9placements en douceur, le chariot de nettoyage est \u00e9quip\u00e9 de quatre roues pivotantes pratiques, dont deux sont \u00e9quip\u00e9es d&#8217;un frein. Cela vous permet de ranger facilement le chariot de nettoyage sans qu&#8217;il ne roule. Le ch\u00e2ssis est \u00e9quip\u00e9 de supports pour les cinq bacs et est fabriqu\u00e9 \u00e0 partir de poteaux carr\u00e9s et tr\u00e8s r\u00e9sistants. Le chariot de nettoyage se monte rapidement et facilement \u00e0 l&#8217;aide des outils fournis.<\/p>\n<h3>Enti\u00e8rement fabriqu\u00e9 en acier inoxydable<\/h3>\n<p>Les coins sont soud\u00e9s et polis. Le chariot de nettoyage ne pr\u00e9sente pas d&#8217;ar\u00eates vives et sa finition est soign\u00e9e, ce qui permet de travailler en toute s\u00e9curit\u00e9. Le cadre est enti\u00e8rement en acier inoxydable et se nettoie facilement \u00e0 l&#8217;aide d&#8217;un chiffon l\u00e9g\u00e8rement humide. Utilisez un seau d&#8217;eau chaude et un d\u00e9tergent doux pour nettoyer toutes les surfaces. Pour un r\u00e9sultat sans trace, essuyez tout avec un chiffon sec et doux.<\/p>\n<p><strong>Caract\u00e9ristiques<\/strong><\/p>\n<ul>\n<li>Les coins sont soud\u00e9s et polis<\/li>\n<li>Les poutres de soutien sont doublement soud\u00e9es<\/li>\n<li>Installation tr\u00e8s facile (10 minutes)<\/li>\n<li>Outils inclus<\/li>\n<li>\u00c9quip\u00e9 de 4 roues, dont 2 avec freins<\/li>\n<\/ul>\n<p><strong>Caract\u00e9ristiques du produit<\/strong><\/p>\n<ul>\n<li>Poids net : 10,9 kg<\/li>\n<li>Diam\u00e8tre du m\u00e2t : 2,5cm<\/li>\n<li>Dimensions : B45 x D85 x H90cm B45 x D85 x H90cm<\/li>\n<li>\u00c9quip\u00e9 de cinq bacs amovibles : trois bacs de 53 x 38 x 15cm et deux bacs de 27 x 20 x 35cm<\/li>\n<\/ul>","protected":false},"excerpt":{"rendered":"<p>Ce chariot de nettoyage professionnel en acier inoxydable est \u00e9quip\u00e9 de cinq bacs en plastique amovibles, deux grands bacs et trois petits bacs. Il est facile \u00e0 d\u00e9placer gr\u00e2ce \u00e0 ses quatre roues pivotantes, dont deux avec frein. Le chariot de nettoyage se monte rapidement et facilement \u00e0 l&#8217;aide des outils fournis.<\/p>","protected":false},"featured_media":6616,"template":"","meta":{"_acf_changed":false},"product_brand":[],"product_cat":[485],"product_tag":[],"class_list":{"0":"post-13933","1":"product","2":"type-product","3":"status-publish","4":"has-post-thumbnail","6":"product_cat-chariots-dessertes-2","8":"first","9":"instock","10":"sale","11":"taxable","12":"shipping-taxable","13":"purchasable","14":"product-type-simple"},"acf":[],"yoast_head":"<!-- This site is optimized with the Yoast SEO plugin v27.5 - https:\/\/yoast.com\/product\/yoast-seo-wordpress\/ -->\n<title>Chariot de nettoyage - 5 bacs inclus - Gastora<\/title>\n<meta name=\"description\" content=\"Achetez Chariot de nettoyage - 5 bacs inclus au meilleur prix, fiable et performant avec une livraison rapide\" \/>\n<meta name=\"robots\" content=\"index, follow, max-snippet:-1, max-image-preview:large, max-video-preview:-1\" \/>\n<link rel=\"canonical\" href=\"https:\/\/gastora.eu\/en\/product\/chariot-de-nettoyage-5-bacs-inclus\/\" \/>\n<meta property=\"og:locale\" content=\"en_US\" \/>\n<meta property=\"og:type\" content=\"article\" \/>\n<meta property=\"og:title\" content=\"Chariot de nettoyage - 5 bacs inclus - Gastora\" \/>\n<meta property=\"og:description\" content=\"Achetez Chariot de nettoyage - 5 bacs inclus au meilleur prix, fiable et performant avec une livraison rapide\" \/>\n<meta property=\"og:url\" content=\"https:\/\/gastora.eu\/en\/product\/chariot-de-nettoyage-5-bacs-inclus\/\" \/>\n<meta property=\"og:site_name\" content=\"Gastora\" \/>\n<meta property=\"article:modified_time\" content=\"2026-04-28T16:55:33+00:00\" \/>\n<meta name=\"twitter:card\" content=\"summary_large_image\" \/>\n<meta name=\"twitter:label1\" content=\"Est. reading time\" \/>\n\t<meta name=\"twitter:data1\" content=\"2 minutes\" \/>\n<script type=\"application\/ld+json\" class=\"yoast-schema-graph\">{\"@context\":\"https:\\\/\\\/schema.org\",\"@graph\":[{\"@type\":\"WebPage\",\"@id\":\"https:\\\/\\\/gastora.eu\\\/product\\\/chariot-de-nettoyage-5-bacs-inclus\\\/\",\"url\":\"https:\\\/\\\/gastora.eu\\\/product\\\/chariot-de-nettoyage-5-bacs-inclus\\\/\",\"name\":\"Chariot de nettoyage - 5 bacs inclus - Gastora\",\"isPartOf\":{\"@id\":\"https:\\\/\\\/gastora.eu\\\/#website\"},\"primaryImageOfPage\":{\"@id\":\"https:\\\/\\\/gastora.eu\\\/product\\\/chariot-de-nettoyage-5-bacs-inclus\\\/#primaryimage\"},\"image\":{\"@id\":\"https:\\\/\\\/gastora.eu\\\/product\\\/chariot-de-nettoyage-5-bacs-inclus\\\/#primaryimage\"},\"thumbnailUrl\":\"https:\\\/\\\/gastora.eu\\\/wp-content\\\/uploads\\\/2026\\\/04\\\/sp-005-61656e7c942c1.jpg\",\"datePublished\":\"2026-04-25T17:39:56+00:00\",\"dateModified\":\"2026-04-28T16:55:33+00:00\",\"description\":\"Achetez Chariot de nettoyage - 5 bacs inclus au meilleur prix, fiable et performant avec une livraison rapide\",\"breadcrumb\":{\"@id\":\"https:\\\/\\\/gastora.eu\\\/product\\\/chariot-de-nettoyage-5-bacs-inclus\\\/#breadcrumb\"},\"inLanguage\":\"en-US\",\"potentialAction\":[{\"@type\":\"ReadAction\",\"target\":[\"https:\\\/\\\/gastora.eu\\\/product\\\/chariot-de-nettoyage-5-bacs-inclus\\\/\"]}]},{\"@type\":\"ImageObject\",\"inLanguage\":\"en-US\",\"@id\":\"https:\\\/\\\/gastora.eu\\\/product\\\/chariot-de-nettoyage-5-bacs-inclus\\\/#primaryimage\",\"url\":\"https:\\\/\\\/gastora.eu\\\/wp-content\\\/uploads\\\/2026\\\/04\\\/sp-005-61656e7c942c1.jpg\",\"contentUrl\":\"https:\\\/\\\/gastora.eu\\\/wp-content\\\/uploads\\\/2026\\\/04\\\/sp-005-61656e7c942c1.jpg\",\"width\":1024,\"height\":1024},{\"@type\":\"BreadcrumbList\",\"@id\":\"https:\\\/\\\/gastora.eu\\\/product\\\/chariot-de-nettoyage-5-bacs-inclus\\\/#breadcrumb\",\"itemListElement\":[{\"@type\":\"ListItem\",\"position\":1,\"name\":\"Home\",\"item\":\"https:\\\/\\\/gastora.eu\\\/\"},{\"@type\":\"ListItem\",\"position\":2,\"name\":\"Shop\",\"item\":\"https:\\\/\\\/gastora.eu\\\/shop\\\/\"},{\"@type\":\"ListItem\",\"position\":3,\"name\":\"Chariot de nettoyage &#8211; 5 bacs inclus\"}]},{\"@type\":\"WebSite\",\"@id\":\"https:\\\/\\\/gastora.eu\\\/#website\",\"url\":\"https:\\\/\\\/gastora.eu\\\/\",\"name\":\"Gastora\",\"description\":\"\u00c9quipements professionnels CHR\",\"publisher\":{\"@id\":\"https:\\\/\\\/gastora.eu\\\/#organization\"},\"potentialAction\":[{\"@type\":\"SearchAction\",\"target\":{\"@type\":\"EntryPoint\",\"urlTemplate\":\"https:\\\/\\\/gastora.eu\\\/?s={search_term_string}\"},\"query-input\":{\"@type\":\"PropertyValueSpecification\",\"valueRequired\":true,\"valueName\":\"search_term_string\"}}],\"inLanguage\":\"en-US\"},{\"@type\":\"Organization\",\"@id\":\"https:\\\/\\\/gastora.eu\\\/#organization\",\"name\":\"Gastora\",\"url\":\"https:\\\/\\\/gastora.eu\\\/\",\"logo\":{\"@type\":\"ImageObject\",\"inLanguage\":\"en-US\",\"@id\":\"https:\\\/\\\/gastora.eu\\\/#\\\/schema\\\/logo\\\/image\\\/\",\"url\":\"https:\\\/\\\/gastora.eu\\\/wp-content\\\/uploads\\\/2025\\\/12\\\/ChatGPT-Image-2-janv.-2026-22_52_47-1.png\",\"contentUrl\":\"https:\\\/\\\/gastora.eu\\\/wp-content\\\/uploads\\\/2025\\\/12\\\/ChatGPT-Image-2-janv.-2026-22_52_47-1.png\",\"width\":1536,\"height\":320,\"caption\":\"Gastora\"},\"image\":{\"@id\":\"https:\\\/\\\/gastora.eu\\\/#\\\/schema\\\/logo\\\/image\\\/\"}}]}<\/script>\n<!-- \/ Yoast SEO plugin. -->","yoast_head_json":{"title":"Chariot de nettoyage - 5 bacs inclus - Gastora","description":"Achetez Chariot de nettoyage - 5 bacs inclus au meilleur prix, fiable et performant avec une livraison rapide","robots":{"index":"index","follow":"follow","max-snippet":"max-snippet:-1","max-image-preview":"max-image-preview:large","max-video-preview":"max-video-preview:-1"},"canonical":"https:\/\/gastora.eu\/en\/product\/chariot-de-nettoyage-5-bacs-inclus\/","og_locale":"en_US","og_type":"article","og_title":"Chariot de nettoyage - 5 bacs inclus - Gastora","og_description":"Achetez Chariot de nettoyage - 5 bacs inclus au meilleur prix, fiable et performant avec une livraison rapide","og_url":"https:\/\/gastora.eu\/en\/product\/chariot-de-nettoyage-5-bacs-inclus\/","og_site_name":"Gastora","article_modified_time":"2026-04-28T16:55:33+00:00","twitter_card":"summary_large_image","twitter_misc":{"Est. reading time":"2 minutes"},"schema":{"@context":"https:\/\/schema.org","@graph":[{"@type":"WebPage","@id":"https:\/\/gastora.eu\/product\/chariot-de-nettoyage-5-bacs-inclus\/","url":"https:\/\/gastora.eu\/product\/chariot-de-nettoyage-5-bacs-inclus\/","name":"Chariot de nettoyage - 5 bacs inclus - Gastora","isPartOf":{"@id":"https:\/\/gastora.eu\/#website"},"primaryImageOfPage":{"@id":"https:\/\/gastora.eu\/product\/chariot-de-nettoyage-5-bacs-inclus\/#primaryimage"},"image":{"@id":"https:\/\/gastora.eu\/product\/chariot-de-nettoyage-5-bacs-inclus\/#primaryimage"},"thumbnailUrl":"https:\/\/gastora.eu\/wp-content\/uploads\/2026\/04\/sp-005-61656e7c942c1.jpg","datePublished":"2026-04-25T17:39:56+00:00","dateModified":"2026-04-28T16:55:33+00:00","description":"Achetez Chariot de nettoyage - 5 bacs inclus au meilleur prix, fiable et performant avec une livraison rapide","breadcrumb":{"@id":"https:\/\/gastora.eu\/product\/chariot-de-nettoyage-5-bacs-inclus\/#breadcrumb"},"inLanguage":"en-US","potentialAction":[{"@type":"ReadAction","target":["https:\/\/gastora.eu\/product\/chariot-de-nettoyage-5-bacs-inclus\/"]}]},{"@type":"ImageObject","inLanguage":"en-US","@id":"https:\/\/gastora.eu\/product\/chariot-de-nettoyage-5-bacs-inclus\/#primaryimage","url":"https:\/\/gastora.eu\/wp-content\/uploads\/2026\/04\/sp-005-61656e7c942c1.jpg","contentUrl":"https:\/\/gastora.eu\/wp-content\/uploads\/2026\/04\/sp-005-61656e7c942c1.jpg","width":1024,"height":1024},{"@type":"BreadcrumbList","@id":"https:\/\/gastora.eu\/product\/chariot-de-nettoyage-5-bacs-inclus\/#breadcrumb","itemListElement":[{"@type":"ListItem","position":1,"name":"Home","item":"https:\/\/gastora.eu\/"},{"@type":"ListItem","position":2,"name":"Shop","item":"https:\/\/gastora.eu\/shop\/"},{"@type":"ListItem","position":3,"name":"Chariot de nettoyage &#8211; 5 bacs inclus"}]},{"@type":"WebSite","@id":"https:\/\/gastora.eu\/#website","url":"https:\/\/gastora.eu\/","name":"Gastora","description":"\u00c9quipements professionnels CHR","publisher":{"@id":"https:\/\/gastora.eu\/#organization"},"potentialAction":[{"@type":"SearchAction","target":{"@type":"EntryPoint","urlTemplate":"https:\/\/gastora.eu\/?s={search_term_string}"},"query-input":{"@type":"PropertyValueSpecification","valueRequired":true,"valueName":"search_term_string"}}],"inLanguage":"en-US"},{"@type":"Organization","@id":"https:\/\/gastora.eu\/#organization","name":"Gastora","url":"https:\/\/gastora.eu\/","logo":{"@type":"ImageObject","inLanguage":"en-US","@id":"https:\/\/gastora.eu\/#\/schema\/logo\/image\/","url":"https:\/\/gastora.eu\/wp-content\/uploads\/2025\/12\/ChatGPT-Image-2-janv.-2026-22_52_47-1.png","contentUrl":"https:\/\/gastora.eu\/wp-content\/uploads\/2025\/12\/ChatGPT-Image-2-janv.-2026-22_52_47-1.png","width":1536,"height":320,"caption":"Gastora"},"image":{"@id":"https:\/\/gastora.eu\/#\/schema\/logo\/image\/"}}]}},"jetpack_sharing_enabled":true,"_links":{"self":[{"href":"https:\/\/gastora.eu\/en\/wp-json\/wp\/v2\/product\/13933","targetHints":{"allow":["GET"]}}],"collection":[{"href":"https:\/\/gastora.eu\/en\/wp-json\/wp\/v2\/product"}],"about":[{"href":"https:\/\/gastora.eu\/en\/wp-json\/wp\/v2\/types\/product"}],"wp:featuredmedia":[{"embeddable":true,"href":"https:\/\/gastora.eu\/en\/wp-json\/wp\/v2\/media\/6616"}],"wp:attachment":[{"href":"https:\/\/gastora.eu\/en\/wp-json\/wp\/v2\/media?parent=13933"}],"wp:term":[{"taxonomy":"product_brand","embeddable":true,"href":"https:\/\/gastora.eu\/en\/wp-json\/wp\/v2\/product_brand?post=13933"},{"taxonomy":"product_cat","embeddable":true,"href":"https:\/\/gastora.eu\/en\/wp-json\/wp\/v2\/product_cat?post=13933"},{"taxonomy":"product_tag","embeddable":true,"href":"https:\/\/gastora.eu\/en\/wp-json\/wp\/v2\/product_tag?post=13933"}],"curies":[{"name":"wp","href":"https:\/\/api.w.org\/{rel}","templated":true}]}}