{"id":13932,"date":"2026-04-25T17:39:55","date_gmt":"2026-04-25T17:39:55","guid":{"rendered":"https:\/\/gastora.eu\/?post_type=product&#038;p=13932"},"modified":"2026-05-06T14:32:01","modified_gmt":"2026-05-06T14:32:01","slug":"chariot-plateaux-boulangerie-sadapte-32-plateaux-60-x-40c-m-excl-plateaux","status":"publish","type":"product","link":"https:\/\/gastora.eu\/en\/product\/chariot-plateaux-boulangerie-sadapte-32-plateaux-60-x-40c-m-excl-plateaux\/","title":{"rendered":"Chariot \u00e0 plateaux &#8211; boulangerie &#8211; s&#8217;adapte \u00e0 32 plateaux (60 x 40c m) &#8211; excl plateaux"},"content":{"rendered":"<p>Un chariot \u00e0 plateaux robuste est indispensable dans de nombreuses boulangeries, restaurants, h\u00f4tels ou libres-services. Il permet de transporter \u00e0 peu pr\u00e8s tout, des ingr\u00e9dients aux plats et aux verres, en passant par les aliments fra\u00eechement cuits. Ce chariot dispose de suffisamment de supports pour stocker en toute s\u00e9curit\u00e9 jusqu&#8217;\u00e0 32 plateaux ou casiers. Sa construction robuste lui permet de supporter les travaux les plus lourds. Les pieds sont munis d&#8217;un pare-chocs et d&#8217;une poign\u00e9e pour faciliter le d\u00e9placement.<\/p>\n<h3>Beaucoup d&#8217;espace<\/h3>\n<p>L&#8217;utilisation d&#8217;un chariot \u00e0 plateaux vous permet de transporter plusieurs objets en une seule fois, ce qui vous \u00e9vite, ainsi qu&#8217;\u00e0 votre personnel, de soulever et de marcher. Ce chariot dispose d&#8217;un support suffisant pour accueillir 32 \u00e9tag\u00e8res de plateaux ou de rayonnages de format Bakerynorm (60 x 40 cm). Les \u00e9tag\u00e8res ont des bords repli\u00e9s et les coutures des coins ont \u00e9t\u00e9 soud\u00e9es et polies pour \u00e9viter l&#8217;accumulation de salet\u00e9s. Vous pouvez travailler en toute s\u00e9curit\u00e9 avec ce chariot, gr\u00e2ce \u00e0 sa finition soign\u00e9e sans ar\u00eates vives. Les pieds du chariot sont tr\u00e8s robustes. Le chariot \u00e0 plateaux est livr\u00e9 \u00e0 plat et peut \u00eatre assembl\u00e9 en 10 minutes. Les plateaux ou les \u00e9tag\u00e8res ne sont pas inclus mais peuvent \u00eatre command\u00e9s dans notre boutique en ligne.<\/p>\n<h3>Facile \u00e0 nettoyer<\/h3>\n<p>Cet appareil \u00e9tant enti\u00e8rement fabriqu\u00e9 en acier inoxydable, son nettoyage est tr\u00e8s simple. Remplissez un seau d&#8217;eau, ajoutez un peu de d\u00e9tergent doux et essuyez le chariot avec un chiffon humide. Si vous souhaitez repousser le chariot dans votre restaurant sans laisser de traces sur le sol, assurez-vous que tous les sols ont \u00e9t\u00e9 nettoy\u00e9s au pr\u00e9alable avec un chiffon sec et doux.<\/p>\n<p><strong>Caract\u00e9ristiques<\/strong><\/p>\n<ul>\n<li>Pieds carr\u00e9s pour plus de solidit\u00e9<\/li>\n<li>Livr\u00e9 \u00e0 plat et facile \u00e0 assembler<\/li>\n<li>Support arri\u00e8re pour emp\u00eacher le plateau de glisser sur toute sa longueur<\/li>\n<li>Les coins ont \u00e9t\u00e9 soud\u00e9s et polis sans joints<\/li>\n<li>Livr\u00e9 avec quatre roues, dont deux \u00e0 frein, et une poign\u00e9e pour faciliter le d\u00e9placement.<\/li>\n<\/ul>\n<p><strong>Caract\u00e9ristiques du produit<\/strong><\/p>\n<ul>\n<li>Poids net : 32 kg<\/li>\n<li>Dimensions : L98 x P68 x H17 L98 x P68 x H173,5cm<\/li>\n<li>Capacit\u00e9 de charge maximale par \u00e9tag\u00e8re : 15 kg<\/li>\n<li>Distance entre les \u00e9tag\u00e8res : 8,5cm<\/li>\n<li>Diam\u00e8tre du tube : 2,5cm<\/li>\n<\/ul>\n<p><strong>Remarque : les plateaux et les \u00e9tag\u00e8res ne sont pas inclus.<\/strong><\/p>","protected":false},"excerpt":{"rendered":"<p>Ce chariot \u00e0 deux plateaux est fabriqu\u00e9 en acier inoxydable et peut contenir 2 x 16 plateaux. Il est id\u00e9al pour les boulangeries, les restaurants, les h\u00f4tels et les libres-services. Ce produit est livr\u00e9 emball\u00e9 \u00e0 plat et se monte tr\u00e8s rapidement et facilement. Il comprend quatre roues, dont deux avec frein, et convient aux plateaux Bakerynorm de 60 x 40 cm.<\/p>","protected":false},"featured_media":6614,"template":"","meta":{"_acf_changed":false},"product_brand":[],"product_cat":[485],"product_tag":[],"class_list":{"0":"post-13932","1":"product","2":"type-product","3":"status-publish","4":"has-post-thumbnail","6":"product_cat-chariots-dessertes-2","8":"first","9":"instock","10":"sale","11":"taxable","12":"shipping-taxable","13":"purchasable","14":"product-type-simple"},"acf":[],"yoast_head":"<!-- This site is optimized with the Yoast SEO plugin v27.5 - https:\/\/yoast.com\/product\/yoast-seo-wordpress\/ -->\n<title>Chariot \u00e0 plateaux - boulangerie - s&#039;adapte \u00e0 32 plateaux (60 x 40c m) - excl plateaux - Gastora<\/title>\n<meta name=\"description\" content=\"Achetez Chariot \u00e0 plateaux - boulangerie - s&#039;adapte \u00e0 32 plateaux (60 x 40c m) - excl plateaux au meilleur prix, fiable et performant avec une livraison rapide\" \/>\n<meta name=\"robots\" content=\"index, follow, max-snippet:-1, max-image-preview:large, max-video-preview:-1\" \/>\n<link rel=\"canonical\" href=\"https:\/\/gastora.eu\/en\/product\/chariot-plateaux-boulangerie-sadapte-32-plateaux-60-x-40c-m-excl-plateaux\/\" \/>\n<meta property=\"og:locale\" content=\"en_US\" \/>\n<meta property=\"og:type\" content=\"article\" \/>\n<meta property=\"og:title\" content=\"Chariot \u00e0 plateaux - boulangerie - s&#039;adapte \u00e0 32 plateaux (60 x 40c m) - excl plateaux - Gastora\" \/>\n<meta property=\"og:description\" content=\"Achetez Chariot \u00e0 plateaux - boulangerie - s&#039;adapte \u00e0 32 plateaux (60 x 40c m) - excl plateaux au meilleur prix, fiable et performant avec une livraison rapide\" \/>\n<meta property=\"og:url\" content=\"https:\/\/gastora.eu\/en\/product\/chariot-plateaux-boulangerie-sadapte-32-plateaux-60-x-40c-m-excl-plateaux\/\" \/>\n<meta property=\"og:site_name\" content=\"Gastora\" \/>\n<meta property=\"article:modified_time\" content=\"2026-05-06T14:32:01+00:00\" \/>\n<meta name=\"twitter:card\" content=\"summary_large_image\" \/>\n<meta name=\"twitter:label1\" content=\"Est. reading time\" \/>\n\t<meta name=\"twitter:data1\" content=\"2 minutes\" \/>\n<script type=\"application\/ld+json\" class=\"yoast-schema-graph\">{\"@context\":\"https:\\\/\\\/schema.org\",\"@graph\":[{\"@type\":\"WebPage\",\"@id\":\"https:\\\/\\\/gastora.eu\\\/product\\\/chariot-plateaux-boulangerie-sadapte-32-plateaux-60-x-40c-m-excl-plateaux\\\/\",\"url\":\"https:\\\/\\\/gastora.eu\\\/product\\\/chariot-plateaux-boulangerie-sadapte-32-plateaux-60-x-40c-m-excl-plateaux\\\/\",\"name\":\"Chariot \u00e0 plateaux - boulangerie - s'adapte \u00e0 32 plateaux (60 x 40c m) - excl plateaux - Gastora\",\"isPartOf\":{\"@id\":\"https:\\\/\\\/gastora.eu\\\/#website\"},\"primaryImageOfPage\":{\"@id\":\"https:\\\/\\\/gastora.eu\\\/product\\\/chariot-plateaux-boulangerie-sadapte-32-plateaux-60-x-40c-m-excl-plateaux\\\/#primaryimage\"},\"image\":{\"@id\":\"https:\\\/\\\/gastora.eu\\\/product\\\/chariot-plateaux-boulangerie-sadapte-32-plateaux-60-x-40c-m-excl-plateaux\\\/#primaryimage\"},\"thumbnailUrl\":\"https:\\\/\\\/gastora.eu\\\/wp-content\\\/uploads\\\/2026\\\/04\\\/sp-005-61656e7c7523f.jpg\",\"datePublished\":\"2026-04-25T17:39:55+00:00\",\"dateModified\":\"2026-05-06T14:32:01+00:00\",\"description\":\"Achetez Chariot \u00e0 plateaux - boulangerie - s'adapte \u00e0 32 plateaux (60 x 40c m) - excl plateaux au meilleur prix, fiable et performant avec une livraison rapide\",\"breadcrumb\":{\"@id\":\"https:\\\/\\\/gastora.eu\\\/product\\\/chariot-plateaux-boulangerie-sadapte-32-plateaux-60-x-40c-m-excl-plateaux\\\/#breadcrumb\"},\"inLanguage\":\"en-US\",\"potentialAction\":[{\"@type\":\"ReadAction\",\"target\":[\"https:\\\/\\\/gastora.eu\\\/product\\\/chariot-plateaux-boulangerie-sadapte-32-plateaux-60-x-40c-m-excl-plateaux\\\/\"]}]},{\"@type\":\"ImageObject\",\"inLanguage\":\"en-US\",\"@id\":\"https:\\\/\\\/gastora.eu\\\/product\\\/chariot-plateaux-boulangerie-sadapte-32-plateaux-60-x-40c-m-excl-plateaux\\\/#primaryimage\",\"url\":\"https:\\\/\\\/gastora.eu\\\/wp-content\\\/uploads\\\/2026\\\/04\\\/sp-005-61656e7c7523f.jpg\",\"contentUrl\":\"https:\\\/\\\/gastora.eu\\\/wp-content\\\/uploads\\\/2026\\\/04\\\/sp-005-61656e7c7523f.jpg\",\"width\":1024,\"height\":1024},{\"@type\":\"BreadcrumbList\",\"@id\":\"https:\\\/\\\/gastora.eu\\\/product\\\/chariot-plateaux-boulangerie-sadapte-32-plateaux-60-x-40c-m-excl-plateaux\\\/#breadcrumb\",\"itemListElement\":[{\"@type\":\"ListItem\",\"position\":1,\"name\":\"Home\",\"item\":\"https:\\\/\\\/gastora.eu\\\/\"},{\"@type\":\"ListItem\",\"position\":2,\"name\":\"Shop\",\"item\":\"https:\\\/\\\/gastora.eu\\\/shop\\\/\"},{\"@type\":\"ListItem\",\"position\":3,\"name\":\"Chariot \u00e0 plateaux &#8211; boulangerie &#8211; s&#8217;adapte \u00e0 32 plateaux (60 x 40c m) &#8211; excl plateaux\"}]},{\"@type\":\"WebSite\",\"@id\":\"https:\\\/\\\/gastora.eu\\\/#website\",\"url\":\"https:\\\/\\\/gastora.eu\\\/\",\"name\":\"Gastora\",\"description\":\"\u00c9quipements professionnels CHR\",\"publisher\":{\"@id\":\"https:\\\/\\\/gastora.eu\\\/#organization\"},\"potentialAction\":[{\"@type\":\"SearchAction\",\"target\":{\"@type\":\"EntryPoint\",\"urlTemplate\":\"https:\\\/\\\/gastora.eu\\\/?s={search_term_string}\"},\"query-input\":{\"@type\":\"PropertyValueSpecification\",\"valueRequired\":true,\"valueName\":\"search_term_string\"}}],\"inLanguage\":\"en-US\"},{\"@type\":\"Organization\",\"@id\":\"https:\\\/\\\/gastora.eu\\\/#organization\",\"name\":\"Gastora\",\"url\":\"https:\\\/\\\/gastora.eu\\\/\",\"logo\":{\"@type\":\"ImageObject\",\"inLanguage\":\"en-US\",\"@id\":\"https:\\\/\\\/gastora.eu\\\/#\\\/schema\\\/logo\\\/image\\\/\",\"url\":\"https:\\\/\\\/gastora.eu\\\/wp-content\\\/uploads\\\/2025\\\/12\\\/ChatGPT-Image-2-janv.-2026-22_52_47-1.png\",\"contentUrl\":\"https:\\\/\\\/gastora.eu\\\/wp-content\\\/uploads\\\/2025\\\/12\\\/ChatGPT-Image-2-janv.-2026-22_52_47-1.png\",\"width\":1536,\"height\":320,\"caption\":\"Gastora\"},\"image\":{\"@id\":\"https:\\\/\\\/gastora.eu\\\/#\\\/schema\\\/logo\\\/image\\\/\"}}]}<\/script>\n<!-- \/ Yoast SEO plugin. -->","yoast_head_json":{"title":"Chariot \u00e0 plateaux - boulangerie - s'adapte \u00e0 32 plateaux (60 x 40c m) - excl plateaux - Gastora","description":"Achetez Chariot \u00e0 plateaux - boulangerie - s'adapte \u00e0 32 plateaux (60 x 40c m) - excl plateaux au meilleur prix, fiable et performant avec une livraison rapide","robots":{"index":"index","follow":"follow","max-snippet":"max-snippet:-1","max-image-preview":"max-image-preview:large","max-video-preview":"max-video-preview:-1"},"canonical":"https:\/\/gastora.eu\/en\/product\/chariot-plateaux-boulangerie-sadapte-32-plateaux-60-x-40c-m-excl-plateaux\/","og_locale":"en_US","og_type":"article","og_title":"Chariot \u00e0 plateaux - boulangerie - s'adapte \u00e0 32 plateaux (60 x 40c m) - excl plateaux - Gastora","og_description":"Achetez Chariot \u00e0 plateaux - boulangerie - s'adapte \u00e0 32 plateaux (60 x 40c m) - excl plateaux au meilleur prix, fiable et performant avec une livraison rapide","og_url":"https:\/\/gastora.eu\/en\/product\/chariot-plateaux-boulangerie-sadapte-32-plateaux-60-x-40c-m-excl-plateaux\/","og_site_name":"Gastora","article_modified_time":"2026-05-06T14:32:01+00:00","twitter_card":"summary_large_image","twitter_misc":{"Est. reading time":"2 minutes"},"schema":{"@context":"https:\/\/schema.org","@graph":[{"@type":"WebPage","@id":"https:\/\/gastora.eu\/product\/chariot-plateaux-boulangerie-sadapte-32-plateaux-60-x-40c-m-excl-plateaux\/","url":"https:\/\/gastora.eu\/product\/chariot-plateaux-boulangerie-sadapte-32-plateaux-60-x-40c-m-excl-plateaux\/","name":"Chariot \u00e0 plateaux - boulangerie - s'adapte \u00e0 32 plateaux (60 x 40c m) - excl plateaux - Gastora","isPartOf":{"@id":"https:\/\/gastora.eu\/#website"},"primaryImageOfPage":{"@id":"https:\/\/gastora.eu\/product\/chariot-plateaux-boulangerie-sadapte-32-plateaux-60-x-40c-m-excl-plateaux\/#primaryimage"},"image":{"@id":"https:\/\/gastora.eu\/product\/chariot-plateaux-boulangerie-sadapte-32-plateaux-60-x-40c-m-excl-plateaux\/#primaryimage"},"thumbnailUrl":"https:\/\/gastora.eu\/wp-content\/uploads\/2026\/04\/sp-005-61656e7c7523f.jpg","datePublished":"2026-04-25T17:39:55+00:00","dateModified":"2026-05-06T14:32:01+00:00","description":"Achetez Chariot \u00e0 plateaux - boulangerie - s'adapte \u00e0 32 plateaux (60 x 40c m) - excl plateaux au meilleur prix, fiable et performant avec une livraison rapide","breadcrumb":{"@id":"https:\/\/gastora.eu\/product\/chariot-plateaux-boulangerie-sadapte-32-plateaux-60-x-40c-m-excl-plateaux\/#breadcrumb"},"inLanguage":"en-US","potentialAction":[{"@type":"ReadAction","target":["https:\/\/gastora.eu\/product\/chariot-plateaux-boulangerie-sadapte-32-plateaux-60-x-40c-m-excl-plateaux\/"]}]},{"@type":"ImageObject","inLanguage":"en-US","@id":"https:\/\/gastora.eu\/product\/chariot-plateaux-boulangerie-sadapte-32-plateaux-60-x-40c-m-excl-plateaux\/#primaryimage","url":"https:\/\/gastora.eu\/wp-content\/uploads\/2026\/04\/sp-005-61656e7c7523f.jpg","contentUrl":"https:\/\/gastora.eu\/wp-content\/uploads\/2026\/04\/sp-005-61656e7c7523f.jpg","width":1024,"height":1024},{"@type":"BreadcrumbList","@id":"https:\/\/gastora.eu\/product\/chariot-plateaux-boulangerie-sadapte-32-plateaux-60-x-40c-m-excl-plateaux\/#breadcrumb","itemListElement":[{"@type":"ListItem","position":1,"name":"Home","item":"https:\/\/gastora.eu\/"},{"@type":"ListItem","position":2,"name":"Shop","item":"https:\/\/gastora.eu\/shop\/"},{"@type":"ListItem","position":3,"name":"Chariot \u00e0 plateaux &#8211; boulangerie &#8211; s&#8217;adapte \u00e0 32 plateaux (60 x 40c m) &#8211; excl plateaux"}]},{"@type":"WebSite","@id":"https:\/\/gastora.eu\/#website","url":"https:\/\/gastora.eu\/","name":"Gastora","description":"\u00c9quipements professionnels CHR","publisher":{"@id":"https:\/\/gastora.eu\/#organization"},"potentialAction":[{"@type":"SearchAction","target":{"@type":"EntryPoint","urlTemplate":"https:\/\/gastora.eu\/?s={search_term_string}"},"query-input":{"@type":"PropertyValueSpecification","valueRequired":true,"valueName":"search_term_string"}}],"inLanguage":"en-US"},{"@type":"Organization","@id":"https:\/\/gastora.eu\/#organization","name":"Gastora","url":"https:\/\/gastora.eu\/","logo":{"@type":"ImageObject","inLanguage":"en-US","@id":"https:\/\/gastora.eu\/#\/schema\/logo\/image\/","url":"https:\/\/gastora.eu\/wp-content\/uploads\/2025\/12\/ChatGPT-Image-2-janv.-2026-22_52_47-1.png","contentUrl":"https:\/\/gastora.eu\/wp-content\/uploads\/2025\/12\/ChatGPT-Image-2-janv.-2026-22_52_47-1.png","width":1536,"height":320,"caption":"Gastora"},"image":{"@id":"https:\/\/gastora.eu\/#\/schema\/logo\/image\/"}}]}},"jetpack_sharing_enabled":true,"_links":{"self":[{"href":"https:\/\/gastora.eu\/en\/wp-json\/wp\/v2\/product\/13932","targetHints":{"allow":["GET"]}}],"collection":[{"href":"https:\/\/gastora.eu\/en\/wp-json\/wp\/v2\/product"}],"about":[{"href":"https:\/\/gastora.eu\/en\/wp-json\/wp\/v2\/types\/product"}],"wp:featuredmedia":[{"embeddable":true,"href":"https:\/\/gastora.eu\/en\/wp-json\/wp\/v2\/media\/6614"}],"wp:attachment":[{"href":"https:\/\/gastora.eu\/en\/wp-json\/wp\/v2\/media?parent=13932"}],"wp:term":[{"taxonomy":"product_brand","embeddable":true,"href":"https:\/\/gastora.eu\/en\/wp-json\/wp\/v2\/product_brand?post=13932"},{"taxonomy":"product_cat","embeddable":true,"href":"https:\/\/gastora.eu\/en\/wp-json\/wp\/v2\/product_cat?post=13932"},{"taxonomy":"product_tag","embeddable":true,"href":"https:\/\/gastora.eu\/en\/wp-json\/wp\/v2\/product_tag?post=13932"}],"curies":[{"name":"wp","href":"https:\/\/api.w.org\/{rel}","templated":true}]}}