{"id":13931,"date":"2026-04-25T17:39:54","date_gmt":"2026-04-25T17:39:54","guid":{"rendered":"https:\/\/gastora.eu\/?post_type=product&#038;p=13931"},"modified":"2026-04-28T16:55:33","modified_gmt":"2026-04-28T16:55:33","slug":"chariot-plateaux-boulangerie-sadapte-16-plateaux-60-x-40c-m-excl-plateaux","status":"publish","type":"product","link":"https:\/\/gastora.eu\/en\/product\/chariot-plateaux-boulangerie-sadapte-16-plateaux-60-x-40c-m-excl-plateaux\/","title":{"rendered":"Chariot \u00e0 plateaux &#8211; boulangerie &#8211; s&#8217;adapte \u00e0 16 plateaux (60 x 40c m) &#8211; excl plateaux"},"content":{"rendered":"<p>Comme il y a souvent beaucoup de choses \u00e0 transporter dans le secteur de l&#8217;h\u00f4tellerie et de la restauration, un chariot \u00e0 plateaux robuste est indispensable dans les boulangeries, les restaurants, les h\u00f4tels ou les self-services. Ce chariot professionnel permet de transporter les couverts, la vaisselle, les plateaux, les plats et les ingr\u00e9dients. Le chariot dispose de 16 \u00e9tag\u00e8res dans lesquelles peuvent \u00eatre gliss\u00e9s des plateaux, des bacs ou des plateaux. La construction robuste de ce chariot lui permet de supporter des travaux lourds. Les pieds sont munis d&#8217;un pare-chocs et d&#8217;une poign\u00e9e pour faciliter le d\u00e9placement du chariot.<\/p>\n<h3>Beaucoup d&#8217;espace<\/h3>\n<p>L&#8217;utilisation d&#8217;un chariot \u00e0 plateaux vous permet de transporter plusieurs objets en une seule fois, ce qui vous \u00e9vite, ainsi qu&#8217;\u00e0 votre personnel, de devoir soulever des objets et de marcher. Ce chariot dispose d&#8217;un support suffisant pour accueillir 16 \u00e9tag\u00e8res de plateaux ou de rayonnages de format Bakerynorm (60 x 40 cm). Les \u00e9tag\u00e8res ont des bords repli\u00e9s et les coutures des coins ont \u00e9t\u00e9 soud\u00e9es et polies pour emp\u00eacher la salet\u00e9 de s&#8217;accumuler. Vous pouvez travailler en toute s\u00e9curit\u00e9 avec ce chariot, gr\u00e2ce \u00e0 sa finition soign\u00e9e sans ar\u00eates vives. Les pieds du chariot sont tr\u00e8s robustes. Le chariot \u00e0 plateaux est livr\u00e9 \u00e0 plat et peut \u00eatre assembl\u00e9 en 10 minutes. Les plateaux ou les \u00e9tag\u00e8res ne sont pas inclus mais peuvent \u00eatre command\u00e9s sur notre site web.<\/p>\n<h3>Facile \u00e0 nettoyer<\/h3>\n<p>L&#8217;\u00e9tag\u00e8re \u00e9tant enti\u00e8rement fabriqu\u00e9e en acier inoxydable, le nettoyage est tr\u00e8s simple. Remplissez un seau d&#8217;eau, ajoutez un peu de d\u00e9tergent doux et essuyez le chariot avec un chiffon humide. Si vous souhaitez remettre le chariot dans votre restaurant sans laisser de traces, essuyez tous les sols avec un chiffon sec et doux. Les d\u00e9placements ne posent aucun probl\u00e8me gr\u00e2ce aux roues pivotantes, dont deux sont \u00e9quip\u00e9es d&#8217;un frein.<\/p>\n<p><strong>Caract\u00e9ristiques<\/strong><\/p>\n<ul>\n<li>Pieds carr\u00e9s pour plus de solidit\u00e9<\/li>\n<li>Livr\u00e9 \u00e0 plat et facile \u00e0 assembler<\/li>\n<li>Support arri\u00e8re pour emp\u00eacher le plateau de glisser compl\u00e8tement<\/li>\n<li>Les coins ont \u00e9t\u00e9 soud\u00e9s et polis sans joints<\/li>\n<li>Livr\u00e9 avec quatre roues, dont deux \u00e0 frein, et une poign\u00e9e pour faciliter le d\u00e9placement.<\/li>\n<\/ul>\n<p><strong>Caract\u00e9ristiques du produit<\/strong><\/p>\n<ul>\n<li>Poids net : 20 kg<\/li>\n<li>Dimensions ext\u00e9rieures : L47,2 x P66 x H170,6cm<\/li>\n<li>Dimensions de l&#8217;insert du plateau : L41,8 x P61,5cm<\/li>\n<li>Dimensions du guide : 2x L4,5 x P61,5cm<\/li>\n<li>Distanche entre les guides : 32,8cm<\/li>\n<li>Distance entre les \u00e9tag\u00e8res : 8,5cm<\/li>\n<li>Capacit\u00e9 de charge maximale par \u00e9tag\u00e8re : 15 kg<\/li>\n<li>Diam\u00e8tre du tube : 2,5cm<\/li>\n<\/ul>\n<p><strong>Remarque : les plateaux et les \u00e9tag\u00e8res ne sont pas inclus.<\/strong><\/p>","protected":false},"excerpt":{"rendered":"<p>Ce chariot \u00e0 plateaux est fabriqu\u00e9 en acier inoxydable et est tr\u00e8s facile \u00e0 assembler. Il dispose de 16 \u00e9tag\u00e8res et est id\u00e9al pour les boulangeries, les restaurants, les h\u00f4tels et les libres-services. Le chariot Bakerynorm est \u00e9quip\u00e9 de quatre roues, dont deux avec frein, et convient aux plateaux Bakerynorm de 60 x 40 cm.<\/p>","protected":false},"featured_media":6612,"template":"","meta":{"_acf_changed":false},"product_brand":[],"product_cat":[485],"product_tag":[],"class_list":{"0":"post-13931","1":"product","2":"type-product","3":"status-publish","4":"has-post-thumbnail","6":"product_cat-chariots-dessertes-2","8":"first","9":"instock","10":"sale","11":"taxable","12":"shipping-taxable","13":"purchasable","14":"product-type-simple"},"acf":[],"yoast_head":"<!-- This site is optimized with the Yoast SEO plugin v27.5 - https:\/\/yoast.com\/product\/yoast-seo-wordpress\/ -->\n<title>Chariot \u00e0 plateaux - boulangerie - s&#039;adapte \u00e0 16 plateaux (60 x 40c m) - excl plateaux - Gastora<\/title>\n<meta name=\"description\" content=\"Achetez Chariot \u00e0 plateaux - boulangerie - s&#039;adapte \u00e0 16 plateaux (60 x 40c m) - excl plateaux au meilleur prix, fiable et performant avec une livraison rapide\" \/>\n<meta name=\"robots\" content=\"index, follow, max-snippet:-1, max-image-preview:large, max-video-preview:-1\" \/>\n<link rel=\"canonical\" href=\"https:\/\/gastora.eu\/en\/product\/chariot-plateaux-boulangerie-sadapte-16-plateaux-60-x-40c-m-excl-plateaux\/\" \/>\n<meta property=\"og:locale\" content=\"en_US\" \/>\n<meta property=\"og:type\" content=\"article\" \/>\n<meta property=\"og:title\" content=\"Chariot \u00e0 plateaux - boulangerie - s&#039;adapte \u00e0 16 plateaux (60 x 40c m) - excl plateaux - Gastora\" \/>\n<meta property=\"og:description\" content=\"Achetez Chariot \u00e0 plateaux - boulangerie - s&#039;adapte \u00e0 16 plateaux (60 x 40c m) - excl plateaux au meilleur prix, fiable et performant avec une livraison rapide\" \/>\n<meta property=\"og:url\" content=\"https:\/\/gastora.eu\/en\/product\/chariot-plateaux-boulangerie-sadapte-16-plateaux-60-x-40c-m-excl-plateaux\/\" \/>\n<meta property=\"og:site_name\" content=\"Gastora\" \/>\n<meta property=\"article:modified_time\" content=\"2026-04-28T16:55:33+00:00\" \/>\n<meta name=\"twitter:card\" content=\"summary_large_image\" \/>\n<meta name=\"twitter:label1\" content=\"Est. reading time\" \/>\n\t<meta name=\"twitter:data1\" content=\"2 minutes\" \/>\n<script type=\"application\/ld+json\" class=\"yoast-schema-graph\">{\"@context\":\"https:\\\/\\\/schema.org\",\"@graph\":[{\"@type\":\"WebPage\",\"@id\":\"https:\\\/\\\/gastora.eu\\\/product\\\/chariot-plateaux-boulangerie-sadapte-16-plateaux-60-x-40c-m-excl-plateaux\\\/\",\"url\":\"https:\\\/\\\/gastora.eu\\\/product\\\/chariot-plateaux-boulangerie-sadapte-16-plateaux-60-x-40c-m-excl-plateaux\\\/\",\"name\":\"Chariot \u00e0 plateaux - boulangerie - s'adapte \u00e0 16 plateaux (60 x 40c m) - excl plateaux - Gastora\",\"isPartOf\":{\"@id\":\"https:\\\/\\\/gastora.eu\\\/#website\"},\"primaryImageOfPage\":{\"@id\":\"https:\\\/\\\/gastora.eu\\\/product\\\/chariot-plateaux-boulangerie-sadapte-16-plateaux-60-x-40c-m-excl-plateaux\\\/#primaryimage\"},\"image\":{\"@id\":\"https:\\\/\\\/gastora.eu\\\/product\\\/chariot-plateaux-boulangerie-sadapte-16-plateaux-60-x-40c-m-excl-plateaux\\\/#primaryimage\"},\"thumbnailUrl\":\"https:\\\/\\\/gastora.eu\\\/wp-content\\\/uploads\\\/2026\\\/04\\\/sp-005-61656e7c5666d.jpg\",\"datePublished\":\"2026-04-25T17:39:54+00:00\",\"dateModified\":\"2026-04-28T16:55:33+00:00\",\"description\":\"Achetez Chariot \u00e0 plateaux - boulangerie - s'adapte \u00e0 16 plateaux (60 x 40c m) - excl plateaux au meilleur prix, fiable et performant avec une livraison rapide\",\"breadcrumb\":{\"@id\":\"https:\\\/\\\/gastora.eu\\\/product\\\/chariot-plateaux-boulangerie-sadapte-16-plateaux-60-x-40c-m-excl-plateaux\\\/#breadcrumb\"},\"inLanguage\":\"en-US\",\"potentialAction\":[{\"@type\":\"ReadAction\",\"target\":[\"https:\\\/\\\/gastora.eu\\\/product\\\/chariot-plateaux-boulangerie-sadapte-16-plateaux-60-x-40c-m-excl-plateaux\\\/\"]}]},{\"@type\":\"ImageObject\",\"inLanguage\":\"en-US\",\"@id\":\"https:\\\/\\\/gastora.eu\\\/product\\\/chariot-plateaux-boulangerie-sadapte-16-plateaux-60-x-40c-m-excl-plateaux\\\/#primaryimage\",\"url\":\"https:\\\/\\\/gastora.eu\\\/wp-content\\\/uploads\\\/2026\\\/04\\\/sp-005-61656e7c5666d.jpg\",\"contentUrl\":\"https:\\\/\\\/gastora.eu\\\/wp-content\\\/uploads\\\/2026\\\/04\\\/sp-005-61656e7c5666d.jpg\",\"width\":1024,\"height\":1024},{\"@type\":\"BreadcrumbList\",\"@id\":\"https:\\\/\\\/gastora.eu\\\/product\\\/chariot-plateaux-boulangerie-sadapte-16-plateaux-60-x-40c-m-excl-plateaux\\\/#breadcrumb\",\"itemListElement\":[{\"@type\":\"ListItem\",\"position\":1,\"name\":\"Home\",\"item\":\"https:\\\/\\\/gastora.eu\\\/\"},{\"@type\":\"ListItem\",\"position\":2,\"name\":\"Shop\",\"item\":\"https:\\\/\\\/gastora.eu\\\/shop\\\/\"},{\"@type\":\"ListItem\",\"position\":3,\"name\":\"Chariot \u00e0 plateaux &#8211; boulangerie &#8211; s&#8217;adapte \u00e0 16 plateaux (60 x 40c m) &#8211; excl plateaux\"}]},{\"@type\":\"WebSite\",\"@id\":\"https:\\\/\\\/gastora.eu\\\/#website\",\"url\":\"https:\\\/\\\/gastora.eu\\\/\",\"name\":\"Gastora\",\"description\":\"\u00c9quipements professionnels CHR\",\"publisher\":{\"@id\":\"https:\\\/\\\/gastora.eu\\\/#organization\"},\"potentialAction\":[{\"@type\":\"SearchAction\",\"target\":{\"@type\":\"EntryPoint\",\"urlTemplate\":\"https:\\\/\\\/gastora.eu\\\/?s={search_term_string}\"},\"query-input\":{\"@type\":\"PropertyValueSpecification\",\"valueRequired\":true,\"valueName\":\"search_term_string\"}}],\"inLanguage\":\"en-US\"},{\"@type\":\"Organization\",\"@id\":\"https:\\\/\\\/gastora.eu\\\/#organization\",\"name\":\"Gastora\",\"url\":\"https:\\\/\\\/gastora.eu\\\/\",\"logo\":{\"@type\":\"ImageObject\",\"inLanguage\":\"en-US\",\"@id\":\"https:\\\/\\\/gastora.eu\\\/#\\\/schema\\\/logo\\\/image\\\/\",\"url\":\"https:\\\/\\\/gastora.eu\\\/wp-content\\\/uploads\\\/2025\\\/12\\\/ChatGPT-Image-2-janv.-2026-22_52_47-1.png\",\"contentUrl\":\"https:\\\/\\\/gastora.eu\\\/wp-content\\\/uploads\\\/2025\\\/12\\\/ChatGPT-Image-2-janv.-2026-22_52_47-1.png\",\"width\":1536,\"height\":320,\"caption\":\"Gastora\"},\"image\":{\"@id\":\"https:\\\/\\\/gastora.eu\\\/#\\\/schema\\\/logo\\\/image\\\/\"}}]}<\/script>\n<!-- \/ Yoast SEO plugin. -->","yoast_head_json":{"title":"Chariot \u00e0 plateaux - boulangerie - s'adapte \u00e0 16 plateaux (60 x 40c m) - excl plateaux - Gastora","description":"Achetez Chariot \u00e0 plateaux - boulangerie - s'adapte \u00e0 16 plateaux (60 x 40c m) - excl plateaux au meilleur prix, fiable et performant avec une livraison rapide","robots":{"index":"index","follow":"follow","max-snippet":"max-snippet:-1","max-image-preview":"max-image-preview:large","max-video-preview":"max-video-preview:-1"},"canonical":"https:\/\/gastora.eu\/en\/product\/chariot-plateaux-boulangerie-sadapte-16-plateaux-60-x-40c-m-excl-plateaux\/","og_locale":"en_US","og_type":"article","og_title":"Chariot \u00e0 plateaux - boulangerie - s'adapte \u00e0 16 plateaux (60 x 40c m) - excl plateaux - Gastora","og_description":"Achetez Chariot \u00e0 plateaux - boulangerie - s'adapte \u00e0 16 plateaux (60 x 40c m) - excl plateaux au meilleur prix, fiable et performant avec une livraison rapide","og_url":"https:\/\/gastora.eu\/en\/product\/chariot-plateaux-boulangerie-sadapte-16-plateaux-60-x-40c-m-excl-plateaux\/","og_site_name":"Gastora","article_modified_time":"2026-04-28T16:55:33+00:00","twitter_card":"summary_large_image","twitter_misc":{"Est. reading time":"2 minutes"},"schema":{"@context":"https:\/\/schema.org","@graph":[{"@type":"WebPage","@id":"https:\/\/gastora.eu\/product\/chariot-plateaux-boulangerie-sadapte-16-plateaux-60-x-40c-m-excl-plateaux\/","url":"https:\/\/gastora.eu\/product\/chariot-plateaux-boulangerie-sadapte-16-plateaux-60-x-40c-m-excl-plateaux\/","name":"Chariot \u00e0 plateaux - boulangerie - s'adapte \u00e0 16 plateaux (60 x 40c m) - excl plateaux - Gastora","isPartOf":{"@id":"https:\/\/gastora.eu\/#website"},"primaryImageOfPage":{"@id":"https:\/\/gastora.eu\/product\/chariot-plateaux-boulangerie-sadapte-16-plateaux-60-x-40c-m-excl-plateaux\/#primaryimage"},"image":{"@id":"https:\/\/gastora.eu\/product\/chariot-plateaux-boulangerie-sadapte-16-plateaux-60-x-40c-m-excl-plateaux\/#primaryimage"},"thumbnailUrl":"https:\/\/gastora.eu\/wp-content\/uploads\/2026\/04\/sp-005-61656e7c5666d.jpg","datePublished":"2026-04-25T17:39:54+00:00","dateModified":"2026-04-28T16:55:33+00:00","description":"Achetez Chariot \u00e0 plateaux - boulangerie - s'adapte \u00e0 16 plateaux (60 x 40c m) - excl plateaux au meilleur prix, fiable et performant avec une livraison rapide","breadcrumb":{"@id":"https:\/\/gastora.eu\/product\/chariot-plateaux-boulangerie-sadapte-16-plateaux-60-x-40c-m-excl-plateaux\/#breadcrumb"},"inLanguage":"en-US","potentialAction":[{"@type":"ReadAction","target":["https:\/\/gastora.eu\/product\/chariot-plateaux-boulangerie-sadapte-16-plateaux-60-x-40c-m-excl-plateaux\/"]}]},{"@type":"ImageObject","inLanguage":"en-US","@id":"https:\/\/gastora.eu\/product\/chariot-plateaux-boulangerie-sadapte-16-plateaux-60-x-40c-m-excl-plateaux\/#primaryimage","url":"https:\/\/gastora.eu\/wp-content\/uploads\/2026\/04\/sp-005-61656e7c5666d.jpg","contentUrl":"https:\/\/gastora.eu\/wp-content\/uploads\/2026\/04\/sp-005-61656e7c5666d.jpg","width":1024,"height":1024},{"@type":"BreadcrumbList","@id":"https:\/\/gastora.eu\/product\/chariot-plateaux-boulangerie-sadapte-16-plateaux-60-x-40c-m-excl-plateaux\/#breadcrumb","itemListElement":[{"@type":"ListItem","position":1,"name":"Home","item":"https:\/\/gastora.eu\/"},{"@type":"ListItem","position":2,"name":"Shop","item":"https:\/\/gastora.eu\/shop\/"},{"@type":"ListItem","position":3,"name":"Chariot \u00e0 plateaux &#8211; boulangerie &#8211; s&#8217;adapte \u00e0 16 plateaux (60 x 40c m) &#8211; excl plateaux"}]},{"@type":"WebSite","@id":"https:\/\/gastora.eu\/#website","url":"https:\/\/gastora.eu\/","name":"Gastora","description":"\u00c9quipements professionnels CHR","publisher":{"@id":"https:\/\/gastora.eu\/#organization"},"potentialAction":[{"@type":"SearchAction","target":{"@type":"EntryPoint","urlTemplate":"https:\/\/gastora.eu\/?s={search_term_string}"},"query-input":{"@type":"PropertyValueSpecification","valueRequired":true,"valueName":"search_term_string"}}],"inLanguage":"en-US"},{"@type":"Organization","@id":"https:\/\/gastora.eu\/#organization","name":"Gastora","url":"https:\/\/gastora.eu\/","logo":{"@type":"ImageObject","inLanguage":"en-US","@id":"https:\/\/gastora.eu\/#\/schema\/logo\/image\/","url":"https:\/\/gastora.eu\/wp-content\/uploads\/2025\/12\/ChatGPT-Image-2-janv.-2026-22_52_47-1.png","contentUrl":"https:\/\/gastora.eu\/wp-content\/uploads\/2025\/12\/ChatGPT-Image-2-janv.-2026-22_52_47-1.png","width":1536,"height":320,"caption":"Gastora"},"image":{"@id":"https:\/\/gastora.eu\/#\/schema\/logo\/image\/"}}]}},"jetpack_sharing_enabled":true,"_links":{"self":[{"href":"https:\/\/gastora.eu\/en\/wp-json\/wp\/v2\/product\/13931","targetHints":{"allow":["GET"]}}],"collection":[{"href":"https:\/\/gastora.eu\/en\/wp-json\/wp\/v2\/product"}],"about":[{"href":"https:\/\/gastora.eu\/en\/wp-json\/wp\/v2\/types\/product"}],"wp:featuredmedia":[{"embeddable":true,"href":"https:\/\/gastora.eu\/en\/wp-json\/wp\/v2\/media\/6612"}],"wp:attachment":[{"href":"https:\/\/gastora.eu\/en\/wp-json\/wp\/v2\/media?parent=13931"}],"wp:term":[{"taxonomy":"product_brand","embeddable":true,"href":"https:\/\/gastora.eu\/en\/wp-json\/wp\/v2\/product_brand?post=13931"},{"taxonomy":"product_cat","embeddable":true,"href":"https:\/\/gastora.eu\/en\/wp-json\/wp\/v2\/product_cat?post=13931"},{"taxonomy":"product_tag","embeddable":true,"href":"https:\/\/gastora.eu\/en\/wp-json\/wp\/v2\/product_tag?post=13931"}],"curies":[{"name":"wp","href":"https:\/\/api.w.org\/{rel}","templated":true}]}}