{"id":13929,"date":"2026-04-25T17:39:52","date_gmt":"2026-04-25T17:39:52","guid":{"rendered":"https:\/\/gastora.eu\/?post_type=product&#038;p=13929"},"modified":"2026-04-28T16:55:33","modified_gmt":"2026-04-28T16:55:33","slug":"four-convection-gril-et-vapeur-4-plateaux-minuterie-intgre","status":"publish","type":"product","link":"https:\/\/gastora.eu\/en\/product\/four-convection-gril-et-vapeur-4-plateaux-minuterie-intgre\/","title":{"rendered":"Four \u00e0 convection &#8211; gril et vapeur &#8211; 4 plateaux &#8211; minuterie int\u00e9gr\u00e9e"},"content":{"rendered":"<p>Avec ce four \u00e0 convection, vous pouvez non seulement chauffer, cuire et r\u00f4tir les plats, mais aussi les griller et les cuire \u00e0 la vapeur. Vous pouvez ainsi pr\u00e9parer de d\u00e9licieux plats au four, des tartes, des g\u00e2teaux et des plats de viande. Ce four \u00e0 convection convient \u00e9galement pour r\u00f4tir les l\u00e9gumes et les pommes de terre. Le thermostat vous permet de r\u00e9gler la temp\u00e9rature jusqu&#8217;\u00e0 300\u00baC. Gr\u00e2ce \u00e0 la minuterie pratique, vous savez exactement quand votre plat est pr\u00eat. Vous pouvez \u00e9galement r\u00e9gler la minuterie entre 0 et 120 minutes.<\/p>\n<h3>Griller et cuire \u00e0 la vapeur<\/h3>\n<p>Gr\u00e2ce aux deux ventilateurs, la chaleur de la chambre int\u00e9rieure \u00e9maill\u00e9e de ce four est efficacement r\u00e9partie, ce qui garantit une cuisson uniforme des aliments. Le four est \u00e9galement \u00e9quip\u00e9 de voyants lumineux pratiques qui indiquent exactement quand la temp\u00e9rature souhait\u00e9e a \u00e9t\u00e9 atteinte. Pour plus de commodit\u00e9, la porte du four est amovible et dot\u00e9e d&#8217;un double vitrage athermique. Ce four \u00e0 convection est \u00e9galement \u00e9quip\u00e9 d&#8217;un gril et d&#8217;une fonction vapeur avec injection d&#8217;humidit\u00e9.<\/p>\n<h3>Facile \u00e0 nettoyer<\/h3>\n<p>Les pieds situ\u00e9s \u00e0 la base du four sont en caoutchouc et emp\u00eachent l&#8217;appareil de glisser pendant l&#8217;utilisation. La porte \u00e9tant amovible, le nettoyage est tr\u00e8s facile. La salet\u00e9 tenace peut \u00eatre facilement \u00e9limin\u00e9e en pla\u00e7ant un bol d&#8217;eau dans la chambre du four. Ensuite, allumez le four et faites-le chauffer \u00e0 200\u00baC. La vapeur d\u00e9tachera les r\u00e9sidus alimentaires, que vous pourrez ensuite facilement essuyer \u00e0 l&#8217;aide d&#8217;un chiffon propre.<\/p>\n<p><strong>Caract\u00e9ristiques<\/strong><\/p>\n<ul>\n<li>Construction en acier inoxydable avec int\u00e9rieur \u00e9maill\u00e9<\/li>\n<li>\u00c9quip\u00e9 de 2 moteurs<\/li>\n<li>Commande analogique et minuterie<\/li>\n<li>Thermostat r\u00e9glable de 0\u00b0C \u00e0 300\u00b0C<\/li>\n<li>Indicateurs de temp\u00e9rature<\/li>\n<li>Minuterie r\u00e9glable de 0 \u00e0 120 minutes<\/li>\n<\/ul>\n<p><strong>Caract\u00e9ristiques du produit<\/strong><\/p>\n<ul>\n<li>Poids net : 39kg<\/li>\n<li>Dimensions : B59,5 x D61,5 x H57cm : B59,5 x D61,5 x H57cm<\/li>\n<li>Incluant 4 plateaux de : B43,5 x D31,5cm<\/li>\n<li>Distance entre les plateaux : 7,5cm<\/li>\n<li>230V\/50Hz\/1Phase 2670W + 2000W (grill)<\/li>\n<\/ul>","protected":false},"excerpt":{"rendered":"<p>Avec ce four \u00e0 convection, vous pouvez chauffer, cuire, r\u00f4tir et griller pour cr\u00e9er de d\u00e9licieux plats. C&#8217;est le four id\u00e9al pour tous les \u00e9tablissements de restauration et les boulangeries. Il est \u00e9quip\u00e9 de quatre plateaux, d&#8217;une minuterie, d&#8217;une fonction gril et d&#8217;un thermostat convivial r\u00e9glable jusqu&#8217;\u00e0 300\u00baC.<\/p>","protected":false},"featured_media":6608,"template":"","meta":{"_acf_changed":false},"product_brand":[],"product_cat":[484],"product_tag":[],"class_list":{"0":"post-13929","1":"product","2":"type-product","3":"status-publish","4":"has-post-thumbnail","6":"product_cat-fours-convection-mixtes-pizza-2","8":"first","9":"instock","10":"sale","11":"taxable","12":"shipping-taxable","13":"purchasable","14":"product-type-simple"},"acf":[],"yoast_head":"<!-- This site is optimized with the Yoast SEO plugin v27.5 - https:\/\/yoast.com\/product\/yoast-seo-wordpress\/ -->\n<title>Four \u00e0 convection - gril et vapeur - 4 plateaux - minuterie int\u00e9gr\u00e9e - Gastora<\/title>\n<meta name=\"description\" content=\"Achetez Four \u00e0 convection - gril et vapeur - 4 plateaux - minuterie int\u00e9gr\u00e9e au meilleur prix, fiable et performant avec une livraison rapide\" \/>\n<meta name=\"robots\" content=\"index, follow, max-snippet:-1, max-image-preview:large, max-video-preview:-1\" \/>\n<link rel=\"canonical\" href=\"https:\/\/gastora.eu\/en\/product\/four-convection-gril-et-vapeur-4-plateaux-minuterie-intgre\/\" \/>\n<meta property=\"og:locale\" content=\"en_US\" \/>\n<meta property=\"og:type\" content=\"article\" \/>\n<meta property=\"og:title\" content=\"Four \u00e0 convection - gril et vapeur - 4 plateaux - minuterie int\u00e9gr\u00e9e - Gastora\" \/>\n<meta property=\"og:description\" content=\"Achetez Four \u00e0 convection - gril et vapeur - 4 plateaux - minuterie int\u00e9gr\u00e9e au meilleur prix, fiable et performant avec une livraison rapide\" \/>\n<meta property=\"og:url\" content=\"https:\/\/gastora.eu\/en\/product\/four-convection-gril-et-vapeur-4-plateaux-minuterie-intgre\/\" \/>\n<meta property=\"og:site_name\" content=\"Gastora\" \/>\n<meta property=\"article:modified_time\" content=\"2026-04-28T16:55:33+00:00\" \/>\n<meta name=\"twitter:card\" content=\"summary_large_image\" \/>\n<meta name=\"twitter:label1\" content=\"Est. reading time\" \/>\n\t<meta name=\"twitter:data1\" content=\"2 minutes\" \/>\n<script type=\"application\/ld+json\" class=\"yoast-schema-graph\">{\"@context\":\"https:\\\/\\\/schema.org\",\"@graph\":[{\"@type\":\"WebPage\",\"@id\":\"https:\\\/\\\/gastora.eu\\\/product\\\/four-convection-gril-et-vapeur-4-plateaux-minuterie-intgre\\\/\",\"url\":\"https:\\\/\\\/gastora.eu\\\/product\\\/four-convection-gril-et-vapeur-4-plateaux-minuterie-intgre\\\/\",\"name\":\"Four \u00e0 convection - gril et vapeur - 4 plateaux - minuterie int\u00e9gr\u00e9e - Gastora\",\"isPartOf\":{\"@id\":\"https:\\\/\\\/gastora.eu\\\/#website\"},\"primaryImageOfPage\":{\"@id\":\"https:\\\/\\\/gastora.eu\\\/product\\\/four-convection-gril-et-vapeur-4-plateaux-minuterie-intgre\\\/#primaryimage\"},\"image\":{\"@id\":\"https:\\\/\\\/gastora.eu\\\/product\\\/four-convection-gril-et-vapeur-4-plateaux-minuterie-intgre\\\/#primaryimage\"},\"thumbnailUrl\":\"https:\\\/\\\/gastora.eu\\\/wp-content\\\/uploads\\\/2026\\\/04\\\/sp-005-61656e7648383.jpg\",\"datePublished\":\"2026-04-25T17:39:52+00:00\",\"dateModified\":\"2026-04-28T16:55:33+00:00\",\"description\":\"Achetez Four \u00e0 convection - gril et vapeur - 4 plateaux - minuterie int\u00e9gr\u00e9e au meilleur prix, fiable et performant avec une livraison rapide\",\"breadcrumb\":{\"@id\":\"https:\\\/\\\/gastora.eu\\\/product\\\/four-convection-gril-et-vapeur-4-plateaux-minuterie-intgre\\\/#breadcrumb\"},\"inLanguage\":\"en-US\",\"potentialAction\":[{\"@type\":\"ReadAction\",\"target\":[\"https:\\\/\\\/gastora.eu\\\/product\\\/four-convection-gril-et-vapeur-4-plateaux-minuterie-intgre\\\/\"]}]},{\"@type\":\"ImageObject\",\"inLanguage\":\"en-US\",\"@id\":\"https:\\\/\\\/gastora.eu\\\/product\\\/four-convection-gril-et-vapeur-4-plateaux-minuterie-intgre\\\/#primaryimage\",\"url\":\"https:\\\/\\\/gastora.eu\\\/wp-content\\\/uploads\\\/2026\\\/04\\\/sp-005-61656e7648383.jpg\",\"contentUrl\":\"https:\\\/\\\/gastora.eu\\\/wp-content\\\/uploads\\\/2026\\\/04\\\/sp-005-61656e7648383.jpg\",\"width\":2048,\"height\":2048},{\"@type\":\"BreadcrumbList\",\"@id\":\"https:\\\/\\\/gastora.eu\\\/product\\\/four-convection-gril-et-vapeur-4-plateaux-minuterie-intgre\\\/#breadcrumb\",\"itemListElement\":[{\"@type\":\"ListItem\",\"position\":1,\"name\":\"Home\",\"item\":\"https:\\\/\\\/gastora.eu\\\/\"},{\"@type\":\"ListItem\",\"position\":2,\"name\":\"Shop\",\"item\":\"https:\\\/\\\/gastora.eu\\\/shop\\\/\"},{\"@type\":\"ListItem\",\"position\":3,\"name\":\"Four \u00e0 convection &#8211; gril et vapeur &#8211; 4 plateaux &#8211; minuterie int\u00e9gr\u00e9e\"}]},{\"@type\":\"WebSite\",\"@id\":\"https:\\\/\\\/gastora.eu\\\/#website\",\"url\":\"https:\\\/\\\/gastora.eu\\\/\",\"name\":\"Gastora\",\"description\":\"\u00c9quipements professionnels CHR\",\"publisher\":{\"@id\":\"https:\\\/\\\/gastora.eu\\\/#organization\"},\"potentialAction\":[{\"@type\":\"SearchAction\",\"target\":{\"@type\":\"EntryPoint\",\"urlTemplate\":\"https:\\\/\\\/gastora.eu\\\/?s={search_term_string}\"},\"query-input\":{\"@type\":\"PropertyValueSpecification\",\"valueRequired\":true,\"valueName\":\"search_term_string\"}}],\"inLanguage\":\"en-US\"},{\"@type\":\"Organization\",\"@id\":\"https:\\\/\\\/gastora.eu\\\/#organization\",\"name\":\"Gastora\",\"url\":\"https:\\\/\\\/gastora.eu\\\/\",\"logo\":{\"@type\":\"ImageObject\",\"inLanguage\":\"en-US\",\"@id\":\"https:\\\/\\\/gastora.eu\\\/#\\\/schema\\\/logo\\\/image\\\/\",\"url\":\"https:\\\/\\\/gastora.eu\\\/wp-content\\\/uploads\\\/2025\\\/12\\\/ChatGPT-Image-2-janv.-2026-22_52_47-1.png\",\"contentUrl\":\"https:\\\/\\\/gastora.eu\\\/wp-content\\\/uploads\\\/2025\\\/12\\\/ChatGPT-Image-2-janv.-2026-22_52_47-1.png\",\"width\":1536,\"height\":320,\"caption\":\"Gastora\"},\"image\":{\"@id\":\"https:\\\/\\\/gastora.eu\\\/#\\\/schema\\\/logo\\\/image\\\/\"}}]}<\/script>\n<!-- \/ Yoast SEO plugin. -->","yoast_head_json":{"title":"Four \u00e0 convection - gril et vapeur - 4 plateaux - minuterie int\u00e9gr\u00e9e - Gastora","description":"Achetez Four \u00e0 convection - gril et vapeur - 4 plateaux - minuterie int\u00e9gr\u00e9e au meilleur prix, fiable et performant avec une livraison rapide","robots":{"index":"index","follow":"follow","max-snippet":"max-snippet:-1","max-image-preview":"max-image-preview:large","max-video-preview":"max-video-preview:-1"},"canonical":"https:\/\/gastora.eu\/en\/product\/four-convection-gril-et-vapeur-4-plateaux-minuterie-intgre\/","og_locale":"en_US","og_type":"article","og_title":"Four \u00e0 convection - gril et vapeur - 4 plateaux - minuterie int\u00e9gr\u00e9e - Gastora","og_description":"Achetez Four \u00e0 convection - gril et vapeur - 4 plateaux - minuterie int\u00e9gr\u00e9e au meilleur prix, fiable et performant avec une livraison rapide","og_url":"https:\/\/gastora.eu\/en\/product\/four-convection-gril-et-vapeur-4-plateaux-minuterie-intgre\/","og_site_name":"Gastora","article_modified_time":"2026-04-28T16:55:33+00:00","twitter_card":"summary_large_image","twitter_misc":{"Est. reading time":"2 minutes"},"schema":{"@context":"https:\/\/schema.org","@graph":[{"@type":"WebPage","@id":"https:\/\/gastora.eu\/product\/four-convection-gril-et-vapeur-4-plateaux-minuterie-intgre\/","url":"https:\/\/gastora.eu\/product\/four-convection-gril-et-vapeur-4-plateaux-minuterie-intgre\/","name":"Four \u00e0 convection - gril et vapeur - 4 plateaux - minuterie int\u00e9gr\u00e9e - Gastora","isPartOf":{"@id":"https:\/\/gastora.eu\/#website"},"primaryImageOfPage":{"@id":"https:\/\/gastora.eu\/product\/four-convection-gril-et-vapeur-4-plateaux-minuterie-intgre\/#primaryimage"},"image":{"@id":"https:\/\/gastora.eu\/product\/four-convection-gril-et-vapeur-4-plateaux-minuterie-intgre\/#primaryimage"},"thumbnailUrl":"https:\/\/gastora.eu\/wp-content\/uploads\/2026\/04\/sp-005-61656e7648383.jpg","datePublished":"2026-04-25T17:39:52+00:00","dateModified":"2026-04-28T16:55:33+00:00","description":"Achetez Four \u00e0 convection - gril et vapeur - 4 plateaux - minuterie int\u00e9gr\u00e9e au meilleur prix, fiable et performant avec une livraison rapide","breadcrumb":{"@id":"https:\/\/gastora.eu\/product\/four-convection-gril-et-vapeur-4-plateaux-minuterie-intgre\/#breadcrumb"},"inLanguage":"en-US","potentialAction":[{"@type":"ReadAction","target":["https:\/\/gastora.eu\/product\/four-convection-gril-et-vapeur-4-plateaux-minuterie-intgre\/"]}]},{"@type":"ImageObject","inLanguage":"en-US","@id":"https:\/\/gastora.eu\/product\/four-convection-gril-et-vapeur-4-plateaux-minuterie-intgre\/#primaryimage","url":"https:\/\/gastora.eu\/wp-content\/uploads\/2026\/04\/sp-005-61656e7648383.jpg","contentUrl":"https:\/\/gastora.eu\/wp-content\/uploads\/2026\/04\/sp-005-61656e7648383.jpg","width":2048,"height":2048},{"@type":"BreadcrumbList","@id":"https:\/\/gastora.eu\/product\/four-convection-gril-et-vapeur-4-plateaux-minuterie-intgre\/#breadcrumb","itemListElement":[{"@type":"ListItem","position":1,"name":"Home","item":"https:\/\/gastora.eu\/"},{"@type":"ListItem","position":2,"name":"Shop","item":"https:\/\/gastora.eu\/shop\/"},{"@type":"ListItem","position":3,"name":"Four \u00e0 convection &#8211; gril et vapeur &#8211; 4 plateaux &#8211; minuterie int\u00e9gr\u00e9e"}]},{"@type":"WebSite","@id":"https:\/\/gastora.eu\/#website","url":"https:\/\/gastora.eu\/","name":"Gastora","description":"\u00c9quipements professionnels CHR","publisher":{"@id":"https:\/\/gastora.eu\/#organization"},"potentialAction":[{"@type":"SearchAction","target":{"@type":"EntryPoint","urlTemplate":"https:\/\/gastora.eu\/?s={search_term_string}"},"query-input":{"@type":"PropertyValueSpecification","valueRequired":true,"valueName":"search_term_string"}}],"inLanguage":"en-US"},{"@type":"Organization","@id":"https:\/\/gastora.eu\/#organization","name":"Gastora","url":"https:\/\/gastora.eu\/","logo":{"@type":"ImageObject","inLanguage":"en-US","@id":"https:\/\/gastora.eu\/#\/schema\/logo\/image\/","url":"https:\/\/gastora.eu\/wp-content\/uploads\/2025\/12\/ChatGPT-Image-2-janv.-2026-22_52_47-1.png","contentUrl":"https:\/\/gastora.eu\/wp-content\/uploads\/2025\/12\/ChatGPT-Image-2-janv.-2026-22_52_47-1.png","width":1536,"height":320,"caption":"Gastora"},"image":{"@id":"https:\/\/gastora.eu\/#\/schema\/logo\/image\/"}}]}},"jetpack_sharing_enabled":true,"_links":{"self":[{"href":"https:\/\/gastora.eu\/en\/wp-json\/wp\/v2\/product\/13929","targetHints":{"allow":["GET"]}}],"collection":[{"href":"https:\/\/gastora.eu\/en\/wp-json\/wp\/v2\/product"}],"about":[{"href":"https:\/\/gastora.eu\/en\/wp-json\/wp\/v2\/types\/product"}],"wp:featuredmedia":[{"embeddable":true,"href":"https:\/\/gastora.eu\/en\/wp-json\/wp\/v2\/media\/6608"}],"wp:attachment":[{"href":"https:\/\/gastora.eu\/en\/wp-json\/wp\/v2\/media?parent=13929"}],"wp:term":[{"taxonomy":"product_brand","embeddable":true,"href":"https:\/\/gastora.eu\/en\/wp-json\/wp\/v2\/product_brand?post=13929"},{"taxonomy":"product_cat","embeddable":true,"href":"https:\/\/gastora.eu\/en\/wp-json\/wp\/v2\/product_cat?post=13929"},{"taxonomy":"product_tag","embeddable":true,"href":"https:\/\/gastora.eu\/en\/wp-json\/wp\/v2\/product_tag?post=13929"}],"curies":[{"name":"wp","href":"https:\/\/api.w.org\/{rel}","templated":true}]}}