{"id":13927,"date":"2026-04-25T17:39:47","date_gmt":"2026-04-25T17:39:47","guid":{"rendered":"https:\/\/gastora.eu\/?post_type=product&#038;p=13927"},"modified":"2026-04-26T08:30:53","modified_gmt":"2026-04-26T08:30:53","slug":"convoyeur-grille-pain-300-tranches-h-vitesse-rglable-plateau-inclus","status":"publish","type":"product","link":"https:\/\/gastora.eu\/en\/product\/convoyeur-grille-pain-300-tranches-h-vitesse-rglable-plateau-inclus\/","title":{"rendered":"Convoyeur grille-pain &#8211; 300 tranches \/ h &#8211; vitesse r\u00e9glable &#8211; plateau inclus"},"content":{"rendered":"<p>Ce grille-pain \u00e0 convoyeur est un appareil professionnel au design \u00e9l\u00e9gant et \u00e0 la capacit\u00e9 fiable. Il peut griller jusqu&#8217;\u00e0 300 tranches de pain par heure, ce qui le rend id\u00e9al pour les environnements de restauration tr\u00e8s fr\u00e9quent\u00e9s. Il est \u00e9galement parfait pour griller des pistolets et des brioches. Le pain passe dans le grille-pain sur un tapis roulant et ressort grill\u00e9 par le bas.<\/p>\n<h2>Vitesse et chauffage r\u00e9glables pour des r\u00e9sultats parfaits<\/h2>\n<p>Ce grille-pain est dot\u00e9 de deux boutons rotatifs faciles \u00e0 utiliser. Le premier bouton vous permet de s\u00e9lectionner le r\u00e9glage de la chaleur : chaleur sup\u00e9rieure uniquement, chaleur sup\u00e9rieure et inf\u00e9rieure, ou r\u00e9glage sp\u00e9cial pour les pistolets. Le second bouton contr\u00f4le la vitesse du tapis roulant, ce qui permet d&#8217;ajuster le brunissement. La vitesse peut \u00eatre r\u00e9gl\u00e9e de 1 \u00e0 9 rotations par minute.<\/p>\n<p>Deux voyants lumineux clairs offrent un confort suppl\u00e9mentaire : le voyant vert indique que l&#8217;appareil est allum\u00e9, tandis que le voyant rouge indique qu&#8217;il a atteint la bonne temp\u00e9rature et qu&#8217;il est pr\u00eat \u00e0 l&#8217;emploi.<\/p>\n<p>Pour commencer, assurez-vous que tous les accessoires sont en place. Mettez le grille-pain en marche, s\u00e9lectionnez les r\u00e9glages de chauffage et de brunissement souhait\u00e9s et laissez le tapis roulant se mettre en marche. Placez le pain ou les sandwiches individuellement sur le tapis et laissez le grille-pain faire le reste.<\/p>\n<h2>Conception durable en acier inoxydable avec direction r\u00e9glable<\/h2>\n<p>Construit en acier inoxydable robuste, y compris la grille et le plateau de sortie, ce grille-pain est con\u00e7u pour durer. Il est dot\u00e9 d&#8217;un sens de passage r\u00e9glable, qui vous permet de choisir si le tapis se d\u00e9place en avant ou en arri\u00e8re, en fonction de la configuration de votre cuisine. Un tiroir ramasse-miettes amovible permet de collecter les miettes, ce qui facilite le vidage et le nettoyage.<\/p>\n<h2>Facile et rapide \u00e0 nettoyer<\/h2>\n<p>Le nettoyage de ce grille-pain est simple. \u00c9teignez et d\u00e9branchez l&#8217;appareil avant de le nettoyer. Essuyez les surfaces en acier inoxydable avec un chiffon humide et un d\u00e9tergent doux. \u00c9vitez d&#8217;utiliser des mat\u00e9riaux abrasifs pour \u00e9viter les rayures. Le bac \u00e0 miettes amovible peut \u00eatre vid\u00e9 et nettoy\u00e9 s\u00e9par\u00e9ment pour maintenir le grille-pain en excellent \u00e9tat.<\/p>\n<p>Vous recherchez un grille-pain rapide et fiable pour pr\u00e9parer de grandes quantit\u00e9s de pain dans votre entreprise de restauration ? Commandez ce grille-pain \u00e0 convoyeur d\u00e8s maintenant pour b\u00e9n\u00e9ficier d&#8217;une commodit\u00e9 ultime et d&#8217;une performance constante ! Vous pr\u00e9f\u00e9rez une autre capacit\u00e9 ? Consultez nos autres mod\u00e8les.<\/p>\n<p><strong>Caract\u00e9ristiques<\/strong><\/p>\n<ul>\n<li>Capacit\u00e9 d&#8217;environ 300 sandwiches par heure<\/li>\n<li>Machine robuste avec tapis roulant<\/li>\n<li>Bac \u00e0 miettes pour faciliter l&#8217;entretien<\/li>\n<li>Vitesse r\u00e9glable (1-9 rotations par minute)<\/li>\n<li>Deux voyants lumineux pour l&#8217;alimentation et le chauffage<\/li>\n<li>Convient \u00e9galement pour griller des petits pains et des pistolets<\/li>\n<\/ul>\n<p><strong>Caract\u00e9ristiques du produit<\/strong><\/p>\n<ul>\n<li>Poids net : 15 kg<\/li>\n<li>Capacit\u00e9 : environ 300 sandwiches par heure<\/li>\n<li>Dimensions de l&#8217;appareil, plaque de glissement incluse : L74 x P40 X H43cm<\/li>\n<li>Dimensions de l&#8217;ouverture : L25 x P7cm<\/li>\n<li>Largeur de la bande transporteuse : 25cm<\/li>\n<li>Vitesse de la bande transporteuse : 1-9 RPM<\/li>\n<li>230V \/ 50Hz \/ 1 Phase 2200W<\/li>\n<\/ul>\n<p><em>Incluant<\/em><\/p>\n<ul>\n<li><em>Plateau \u00e0 miettes<\/em><\/li>\n<li><em>Plaque de glissement<\/em><\/li>\n<li><em>D\u00e9bit de retour<\/em><\/li>\n<li><em>Plaque de couverture arri\u00e8re<\/em><\/li>\n<\/ul>","protected":false},"excerpt":{"rendered":"<p>Ce grille-pain convoyeur est un appareil professionnel et parfait si vous devez griller beaucoup de pains. Ce mod\u00e8le de grille-pain \u00e0 convoyeur grille jusqu&#8217;\u00e0 300 tranches de pain par heure. Outre les tranches de pain, ce grille-pain convient \u00e9galement pour griller des petits pains. Il est id\u00e9al pour les h\u00f4tels, les cantines et les restaurants.<\/p>","protected":false},"featured_media":6604,"template":"","meta":{"_acf_changed":false},"product_brand":[],"product_cat":[16],"product_tag":[],"class_list":{"0":"post-13927","1":"product","2":"type-product","3":"status-publish","4":"has-post-thumbnail","6":"product_cat-cuisson","8":"first","9":"instock","10":"sale","11":"taxable","12":"shipping-taxable","13":"purchasable","14":"product-type-simple"},"acf":[],"yoast_head":"<!-- This site is optimized with the Yoast SEO plugin v27.4 - https:\/\/yoast.com\/product\/yoast-seo-wordpress\/ -->\n<title>Convoyeur grille-pain - 300 tranches \/ h - vitesse r\u00e9glable - plateau inclus - Gastora<\/title>\n<meta name=\"description\" content=\"Achetez Convoyeur grille-pain - 300 tranches \/ h - vitesse r\u00e9glable - plateau inclus au meilleur prix, fiable et performant avec une livraison rapide\" \/>\n<meta name=\"robots\" content=\"index, follow, max-snippet:-1, max-image-preview:large, max-video-preview:-1\" \/>\n<link rel=\"canonical\" href=\"https:\/\/gastora.eu\/en\/product\/convoyeur-grille-pain-300-tranches-h-vitesse-rglable-plateau-inclus\/\" \/>\n<meta property=\"og:locale\" content=\"en_US\" \/>\n<meta property=\"og:type\" content=\"article\" \/>\n<meta property=\"og:title\" content=\"Convoyeur grille-pain - 300 tranches \/ h - vitesse r\u00e9glable - plateau inclus - Gastora\" \/>\n<meta property=\"og:description\" content=\"Achetez Convoyeur grille-pain - 300 tranches \/ h - vitesse r\u00e9glable - plateau inclus au meilleur prix, fiable et performant avec une livraison rapide\" \/>\n<meta property=\"og:url\" content=\"https:\/\/gastora.eu\/en\/product\/convoyeur-grille-pain-300-tranches-h-vitesse-rglable-plateau-inclus\/\" \/>\n<meta property=\"og:site_name\" content=\"Gastora\" \/>\n<meta property=\"article:modified_time\" content=\"2026-04-26T08:30:53+00:00\" \/>\n<meta name=\"twitter:card\" content=\"summary_large_image\" \/>\n<meta name=\"twitter:label1\" content=\"Est. reading time\" \/>\n\t<meta name=\"twitter:data1\" content=\"3 minutes\" \/>\n<script type=\"application\/ld+json\" class=\"yoast-schema-graph\">{\"@context\":\"https:\\\/\\\/schema.org\",\"@graph\":[{\"@type\":\"WebPage\",\"@id\":\"https:\\\/\\\/gastora.eu\\\/product\\\/convoyeur-grille-pain-300-tranches-h-vitesse-rglable-plateau-inclus\\\/\",\"url\":\"https:\\\/\\\/gastora.eu\\\/product\\\/convoyeur-grille-pain-300-tranches-h-vitesse-rglable-plateau-inclus\\\/\",\"name\":\"Convoyeur grille-pain - 300 tranches \\\/ h - vitesse r\u00e9glable - plateau inclus - Gastora\",\"isPartOf\":{\"@id\":\"https:\\\/\\\/gastora.eu\\\/#website\"},\"primaryImageOfPage\":{\"@id\":\"https:\\\/\\\/gastora.eu\\\/product\\\/convoyeur-grille-pain-300-tranches-h-vitesse-rglable-plateau-inclus\\\/#primaryimage\"},\"image\":{\"@id\":\"https:\\\/\\\/gastora.eu\\\/product\\\/convoyeur-grille-pain-300-tranches-h-vitesse-rglable-plateau-inclus\\\/#primaryimage\"},\"thumbnailUrl\":\"https:\\\/\\\/gastora.eu\\\/wp-content\\\/uploads\\\/2026\\\/04\\\/250617_09300056_img_007.jpg\",\"datePublished\":\"2026-04-25T17:39:47+00:00\",\"dateModified\":\"2026-04-26T08:30:53+00:00\",\"description\":\"Achetez Convoyeur grille-pain - 300 tranches \\\/ h - vitesse r\u00e9glable - plateau inclus au meilleur prix, fiable et performant avec une livraison rapide\",\"breadcrumb\":{\"@id\":\"https:\\\/\\\/gastora.eu\\\/product\\\/convoyeur-grille-pain-300-tranches-h-vitesse-rglable-plateau-inclus\\\/#breadcrumb\"},\"inLanguage\":\"en-US\",\"potentialAction\":[{\"@type\":\"ReadAction\",\"target\":[\"https:\\\/\\\/gastora.eu\\\/product\\\/convoyeur-grille-pain-300-tranches-h-vitesse-rglable-plateau-inclus\\\/\"]}]},{\"@type\":\"ImageObject\",\"inLanguage\":\"en-US\",\"@id\":\"https:\\\/\\\/gastora.eu\\\/product\\\/convoyeur-grille-pain-300-tranches-h-vitesse-rglable-plateau-inclus\\\/#primaryimage\",\"url\":\"https:\\\/\\\/gastora.eu\\\/wp-content\\\/uploads\\\/2026\\\/04\\\/250617_09300056_img_007.jpg\",\"contentUrl\":\"https:\\\/\\\/gastora.eu\\\/wp-content\\\/uploads\\\/2026\\\/04\\\/250617_09300056_img_007.jpg\",\"width\":1200,\"height\":1200},{\"@type\":\"BreadcrumbList\",\"@id\":\"https:\\\/\\\/gastora.eu\\\/product\\\/convoyeur-grille-pain-300-tranches-h-vitesse-rglable-plateau-inclus\\\/#breadcrumb\",\"itemListElement\":[{\"@type\":\"ListItem\",\"position\":1,\"name\":\"Home\",\"item\":\"https:\\\/\\\/gastora.eu\\\/\"},{\"@type\":\"ListItem\",\"position\":2,\"name\":\"Shop\",\"item\":\"https:\\\/\\\/gastora.eu\\\/shop\\\/\"},{\"@type\":\"ListItem\",\"position\":3,\"name\":\"Convoyeur grille-pain &#8211; 300 tranches \\\/ h &#8211; vitesse r\u00e9glable &#8211; plateau inclus\"}]},{\"@type\":\"WebSite\",\"@id\":\"https:\\\/\\\/gastora.eu\\\/#website\",\"url\":\"https:\\\/\\\/gastora.eu\\\/\",\"name\":\"Gastora\",\"description\":\"\u00c9quipements professionnels CHR\",\"publisher\":{\"@id\":\"https:\\\/\\\/gastora.eu\\\/#organization\"},\"potentialAction\":[{\"@type\":\"SearchAction\",\"target\":{\"@type\":\"EntryPoint\",\"urlTemplate\":\"https:\\\/\\\/gastora.eu\\\/?s={search_term_string}\"},\"query-input\":{\"@type\":\"PropertyValueSpecification\",\"valueRequired\":true,\"valueName\":\"search_term_string\"}}],\"inLanguage\":\"en-US\"},{\"@type\":\"Organization\",\"@id\":\"https:\\\/\\\/gastora.eu\\\/#organization\",\"name\":\"Gastora\",\"url\":\"https:\\\/\\\/gastora.eu\\\/\",\"logo\":{\"@type\":\"ImageObject\",\"inLanguage\":\"en-US\",\"@id\":\"https:\\\/\\\/gastora.eu\\\/#\\\/schema\\\/logo\\\/image\\\/\",\"url\":\"https:\\\/\\\/gastora.eu\\\/wp-content\\\/uploads\\\/2025\\\/12\\\/ChatGPT-Image-2-janv.-2026-22_52_47-1.png\",\"contentUrl\":\"https:\\\/\\\/gastora.eu\\\/wp-content\\\/uploads\\\/2025\\\/12\\\/ChatGPT-Image-2-janv.-2026-22_52_47-1.png\",\"width\":1536,\"height\":320,\"caption\":\"Gastora\"},\"image\":{\"@id\":\"https:\\\/\\\/gastora.eu\\\/#\\\/schema\\\/logo\\\/image\\\/\"}}]}<\/script>\n<!-- \/ Yoast SEO plugin. -->","yoast_head_json":{"title":"Convoyeur grille-pain - 300 tranches \/ h - vitesse r\u00e9glable - plateau inclus - Gastora","description":"Achetez Convoyeur grille-pain - 300 tranches \/ h - vitesse r\u00e9glable - plateau inclus au meilleur prix, fiable et performant avec une livraison rapide","robots":{"index":"index","follow":"follow","max-snippet":"max-snippet:-1","max-image-preview":"max-image-preview:large","max-video-preview":"max-video-preview:-1"},"canonical":"https:\/\/gastora.eu\/en\/product\/convoyeur-grille-pain-300-tranches-h-vitesse-rglable-plateau-inclus\/","og_locale":"en_US","og_type":"article","og_title":"Convoyeur grille-pain - 300 tranches \/ h - vitesse r\u00e9glable - plateau inclus - Gastora","og_description":"Achetez Convoyeur grille-pain - 300 tranches \/ h - vitesse r\u00e9glable - plateau inclus au meilleur prix, fiable et performant avec une livraison rapide","og_url":"https:\/\/gastora.eu\/en\/product\/convoyeur-grille-pain-300-tranches-h-vitesse-rglable-plateau-inclus\/","og_site_name":"Gastora","article_modified_time":"2026-04-26T08:30:53+00:00","twitter_card":"summary_large_image","twitter_misc":{"Est. reading time":"3 minutes"},"schema":{"@context":"https:\/\/schema.org","@graph":[{"@type":"WebPage","@id":"https:\/\/gastora.eu\/product\/convoyeur-grille-pain-300-tranches-h-vitesse-rglable-plateau-inclus\/","url":"https:\/\/gastora.eu\/product\/convoyeur-grille-pain-300-tranches-h-vitesse-rglable-plateau-inclus\/","name":"Convoyeur grille-pain - 300 tranches \/ h - vitesse r\u00e9glable - plateau inclus - Gastora","isPartOf":{"@id":"https:\/\/gastora.eu\/#website"},"primaryImageOfPage":{"@id":"https:\/\/gastora.eu\/product\/convoyeur-grille-pain-300-tranches-h-vitesse-rglable-plateau-inclus\/#primaryimage"},"image":{"@id":"https:\/\/gastora.eu\/product\/convoyeur-grille-pain-300-tranches-h-vitesse-rglable-plateau-inclus\/#primaryimage"},"thumbnailUrl":"https:\/\/gastora.eu\/wp-content\/uploads\/2026\/04\/250617_09300056_img_007.jpg","datePublished":"2026-04-25T17:39:47+00:00","dateModified":"2026-04-26T08:30:53+00:00","description":"Achetez Convoyeur grille-pain - 300 tranches \/ h - vitesse r\u00e9glable - plateau inclus au meilleur prix, fiable et performant avec une livraison rapide","breadcrumb":{"@id":"https:\/\/gastora.eu\/product\/convoyeur-grille-pain-300-tranches-h-vitesse-rglable-plateau-inclus\/#breadcrumb"},"inLanguage":"en-US","potentialAction":[{"@type":"ReadAction","target":["https:\/\/gastora.eu\/product\/convoyeur-grille-pain-300-tranches-h-vitesse-rglable-plateau-inclus\/"]}]},{"@type":"ImageObject","inLanguage":"en-US","@id":"https:\/\/gastora.eu\/product\/convoyeur-grille-pain-300-tranches-h-vitesse-rglable-plateau-inclus\/#primaryimage","url":"https:\/\/gastora.eu\/wp-content\/uploads\/2026\/04\/250617_09300056_img_007.jpg","contentUrl":"https:\/\/gastora.eu\/wp-content\/uploads\/2026\/04\/250617_09300056_img_007.jpg","width":1200,"height":1200},{"@type":"BreadcrumbList","@id":"https:\/\/gastora.eu\/product\/convoyeur-grille-pain-300-tranches-h-vitesse-rglable-plateau-inclus\/#breadcrumb","itemListElement":[{"@type":"ListItem","position":1,"name":"Home","item":"https:\/\/gastora.eu\/"},{"@type":"ListItem","position":2,"name":"Shop","item":"https:\/\/gastora.eu\/shop\/"},{"@type":"ListItem","position":3,"name":"Convoyeur grille-pain &#8211; 300 tranches \/ h &#8211; vitesse r\u00e9glable &#8211; plateau inclus"}]},{"@type":"WebSite","@id":"https:\/\/gastora.eu\/#website","url":"https:\/\/gastora.eu\/","name":"Gastora","description":"\u00c9quipements professionnels CHR","publisher":{"@id":"https:\/\/gastora.eu\/#organization"},"potentialAction":[{"@type":"SearchAction","target":{"@type":"EntryPoint","urlTemplate":"https:\/\/gastora.eu\/?s={search_term_string}"},"query-input":{"@type":"PropertyValueSpecification","valueRequired":true,"valueName":"search_term_string"}}],"inLanguage":"en-US"},{"@type":"Organization","@id":"https:\/\/gastora.eu\/#organization","name":"Gastora","url":"https:\/\/gastora.eu\/","logo":{"@type":"ImageObject","inLanguage":"en-US","@id":"https:\/\/gastora.eu\/#\/schema\/logo\/image\/","url":"https:\/\/gastora.eu\/wp-content\/uploads\/2025\/12\/ChatGPT-Image-2-janv.-2026-22_52_47-1.png","contentUrl":"https:\/\/gastora.eu\/wp-content\/uploads\/2025\/12\/ChatGPT-Image-2-janv.-2026-22_52_47-1.png","width":1536,"height":320,"caption":"Gastora"},"image":{"@id":"https:\/\/gastora.eu\/#\/schema\/logo\/image\/"}}]}},"jetpack_sharing_enabled":true,"_links":{"self":[{"href":"https:\/\/gastora.eu\/en\/wp-json\/wp\/v2\/product\/13927","targetHints":{"allow":["GET"]}}],"collection":[{"href":"https:\/\/gastora.eu\/en\/wp-json\/wp\/v2\/product"}],"about":[{"href":"https:\/\/gastora.eu\/en\/wp-json\/wp\/v2\/types\/product"}],"wp:featuredmedia":[{"embeddable":true,"href":"https:\/\/gastora.eu\/en\/wp-json\/wp\/v2\/media\/6604"}],"wp:attachment":[{"href":"https:\/\/gastora.eu\/en\/wp-json\/wp\/v2\/media?parent=13927"}],"wp:term":[{"taxonomy":"product_brand","embeddable":true,"href":"https:\/\/gastora.eu\/en\/wp-json\/wp\/v2\/product_brand?post=13927"},{"taxonomy":"product_cat","embeddable":true,"href":"https:\/\/gastora.eu\/en\/wp-json\/wp\/v2\/product_cat?post=13927"},{"taxonomy":"product_tag","embeddable":true,"href":"https:\/\/gastora.eu\/en\/wp-json\/wp\/v2\/product_tag?post=13927"}],"curies":[{"name":"wp","href":"https:\/\/api.w.org\/{rel}","templated":true}]}}