{"id":13914,"date":"2026-04-25T17:39:33","date_gmt":"2026-04-25T17:39:33","guid":{"rendered":"https:\/\/gastora.eu\/?post_type=product&#038;p=13914"},"modified":"2026-04-28T16:55:31","modified_gmt":"2026-04-28T16:55:31","slug":"conglateur-de-comptoir-180-cm-3-portes","status":"publish","type":"product","link":"https:\/\/gastora.eu\/en\/product\/conglateur-de-comptoir-180-cm-3-portes\/","title":{"rendered":"Cong\u00e9lateur de comptoir &#8211; 180 cm &#8211; 3 portes"},"content":{"rendered":"<p>Chaque cuisine a besoin d&#8217;un cong\u00e9lateur pour conserver les aliments congel\u00e9s et frais. Ce cong\u00e9lateur de comptoir a une double fonction : vous pouvez stocker vos l\u00e9gumes surgel\u00e9s, votre viande, votre poisson et vos glaces dans la partie cong\u00e9lateur. Le plan de travail en acier inoxydable peut \u00eatre utilis\u00e9 pour pr\u00e9parer des aliments ou des plats comme des desserts. Lorsque l&#8217;espace est limit\u00e9, ce cong\u00e9lateur de comptoir est id\u00e9al.<\/p>\n<h3>Un agencement flexible<\/h3>\n<p>Ce cong\u00e9lateur de comptoir professionnel est dot\u00e9 de trois portes robustes en acier inoxydable avec des grilles r\u00e9glables en hauteur derri\u00e8re chaque porte, offrant ainsi de nombreux espaces de rangement utiles. Il est possible de cr\u00e9er plus de sections en ajoutant des grilles suppl\u00e9mentaires dans le cong\u00e9lateur. Elles peuvent \u00eatre command\u00e9es dans notre boutique en ligne. Comme la grille a une taille de 1\/1 GN, il est \u00e9galement possible de glisser des bacs GN dans les guides. C&#8217;est pratique si vous avez des produits en vrac \u00e0 stocker.<\/p>\n<h3>Syst\u00e8me de refroidissement ventil\u00e9<\/h3>\n<p>Ce cong\u00e9lateur de comptoir est tr\u00e8s \u00e9conome en \u00e9nergie gr\u00e2ce \u00e0 son syst\u00e8me de refroidissement ventil\u00e9 et \u00e0 son cycle anti-d\u00e9givrage. Le syst\u00e8me de refroidissement ventil\u00e9 assure une r\u00e9partition uniforme de l&#8217;air froid dans le cong\u00e9lateur. Les grilles permettent \u00e9galement \u00e0 l&#8217;air froid de circuler dans le cong\u00e9lateur. Le cong\u00e9lateur de comptoir dispose \u00e9galement d&#8217;une fonction de d\u00e9givrage automatique. Cela signifie que le cong\u00e9lateur de comptoir est d\u00e9givr\u00e9 toutes les six heures. L&#8217;eau gagn\u00e9e est \u00e9vacu\u00e9e vers un bac de r\u00e9cup\u00e9ration et \u00e9vite les parois gel\u00e9es. L&#8217;isolation protectrice de 6 cm garantit que l&#8217;air froid reste dans le cong\u00e9lateur de comptoir.<\/p>\n<h3>Caract\u00e9ristiques intelligentes<\/h3>\n<p>Les portes pleines sont \u00e9quip\u00e9es de caoutchoucs de porte chauffants, pour \u00e9viter le gel. Les portes se ferment automatiquement et sont \u00e9quip\u00e9es de joints magn\u00e9tiques pour emp\u00eacher l&#8217;air froid de s&#8217;\u00e9chapper. Le r\u00e9gulateur num\u00e9rique affiche la temp\u00e9rature du cong\u00e9lateur de comptoir et les touches fl\u00e9ch\u00e9es permettent de r\u00e9gler la temp\u00e9rature souhait\u00e9e. La temp\u00e9rature peut \u00eatre r\u00e9gl\u00e9e avec pr\u00e9cision dans une fourchette de -18 \u00e0 -22\u00baC. Le cong\u00e9lateur de comptoir est \u00e9quip\u00e9 de quatre roues, ce qui permet de d\u00e9placer facilement le cong\u00e9lateur lourd. Les roues avant sont \u00e9quip\u00e9es de freins qui emp\u00eachent le cong\u00e9lateur de bouger pendant que vous travaillez dessus.<\/p>\n<h3>Nettoyage du cong\u00e9lateur de comptoir<\/h3>\n<p>Bien que le cong\u00e9lateur soit dot\u00e9 d&#8217;une fonction de d\u00e9givrage automatique, il est bon de nettoyer r\u00e9guli\u00e8rement votre cong\u00e9lateur de comptoir. Cela permet de prolonger la dur\u00e9e de vie du cong\u00e9lateur de comptoir et de garantir une cong\u00e9lation parfaite de l&#8217;appareil. D\u00e9branchez le cong\u00e9lateur de comptoir et retirez toutes les grilles et les bacs GN. Utilisez de l&#8217;eau chaude et un d\u00e9tergent doux pour nettoyer l&#8217;int\u00e9rieur du cong\u00e9lateur de comptoir \u00e0 l&#8217;aide d&#8217;un chiffon doux et humide. Nettoyez toutes les pi\u00e8ces d\u00e9tach\u00e9es de la m\u00eame mani\u00e8re. S\u00e9chez soigneusement le cong\u00e9lateur de comptoir et les pi\u00e8ces d\u00e9tach\u00e9es \u00e0 l&#8217;aide d&#8217;un chiffon doux, afin d&#8217;\u00e9viter la formation de glace. Installez les accessoires et remettez le cong\u00e9lateur en marche. L&#8217;ext\u00e9rieur peut \u00eatre nettoy\u00e9 avec un chiffon doux et humide. Gr\u00e2ce aux surfaces lisses, la salet\u00e9 et les bact\u00e9ries se r\u00e9pandent le moins possible et il n&#8217;y a pas de crevasses o\u00f9 la salet\u00e9 peut s&#8217;accumuler.<\/p>\n<p>Si l&#8217;espace est limit\u00e9, vous devriez envisager d&#8217;acheter ce cong\u00e9lateur de comptoir avec trois portes et des grilles r\u00e9glables. Avec une capacit\u00e9 nette de 312 litres, il offre suffisamment d&#8217;espace pour stocker vos produits surgel\u00e9s. Si vous avez des questions, vous pouvez contacter notre service client\u00e8le.<\/p>\n<p><strong>Caract\u00e9ristiques<\/strong><\/p>\n<ul>\n<li>Temp\u00e9rature ambiante maximale de 32\u00b0C<\/li>\n<li>Isolation protectrice compacte de 6 cm<\/li>\n<li>Cycle de d\u00e9givrage automatique pour limiter la formation de glace<\/li>\n<li>Plage de temp\u00e9rature de -18 \u00e0 -22\u00b0C<\/li>\n<li>Contr\u00f4le num\u00e9rique de la temp\u00e9rature (Dixell)<\/li>\n<\/ul>\n<p><strong>Caract\u00e9ristiques du produit<\/strong><\/p>\n<ul>\n<li>Poids net : 136kg<\/li>\n<li>Capacit\u00e9 nette : 312l<\/li>\n<li>Dimensions ext\u00e9rieures : B180 x D70 x H86cm<\/li>\n<li>Dimensions int\u00e9rieures : L124 x P57 x H56cm<\/li>\n<li>230V \/ 50Hz \/ 1 Phase 430W<\/li>\n<\/ul>\n<p><em>Incluant<\/em><\/p>\n<ul>\n<li><em>3 grilles avec guides 53 x 33,5cm<\/em><\/li>\n<\/ul>","protected":false},"excerpt":{"rendered":"<p>Ce cong\u00e9lateur de comptoir en acier inoxydable comporte trois portes et, derri\u00e8re chacune d&#8217;elles, une grille r\u00e9glable en hauteur. Il dispose d&#8217;un affichage num\u00e9rique, d&#8217;une fonction de d\u00e9givrage automatique et de roulettes pour faciliter son d\u00e9placement. Le cong\u00e9lateur de comptoir conserve vos viandes, poissons, l\u00e9gumes, etc. congel\u00e9s \u00e0 la temp\u00e9rature id\u00e9ale, indispensable dans une cuisine professionnelle.<\/p>","protected":false},"featured_media":6578,"template":"","meta":{"_acf_changed":false},"product_brand":[],"product_cat":[474],"product_tag":[],"class_list":{"0":"post-13914","1":"product","2":"type-product","3":"status-publish","4":"has-post-thumbnail","6":"product_cat-armoires-refrigerees-positif-negatif-2","8":"first","9":"instock","10":"sale","11":"taxable","12":"shipping-taxable","13":"purchasable","14":"product-type-simple"},"acf":[],"yoast_head":"<!-- This site is optimized with the Yoast SEO plugin v27.5 - https:\/\/yoast.com\/product\/yoast-seo-wordpress\/ -->\n<title>Cong\u00e9lateur de comptoir - 180 cm - 3 portes - Gastora<\/title>\n<meta name=\"description\" content=\"Achetez Cong\u00e9lateur de comptoir - 180 cm - 3 portes au meilleur prix, fiable et performant avec une livraison rapide\" \/>\n<meta name=\"robots\" content=\"index, follow, max-snippet:-1, max-image-preview:large, max-video-preview:-1\" \/>\n<link rel=\"canonical\" href=\"https:\/\/gastora.eu\/en\/product\/conglateur-de-comptoir-180-cm-3-portes\/\" \/>\n<meta property=\"og:locale\" content=\"en_US\" \/>\n<meta property=\"og:type\" content=\"article\" \/>\n<meta property=\"og:title\" content=\"Cong\u00e9lateur de comptoir - 180 cm - 3 portes - Gastora\" \/>\n<meta property=\"og:description\" content=\"Achetez Cong\u00e9lateur de comptoir - 180 cm - 3 portes au meilleur prix, fiable et performant avec une livraison rapide\" \/>\n<meta property=\"og:url\" content=\"https:\/\/gastora.eu\/en\/product\/conglateur-de-comptoir-180-cm-3-portes\/\" \/>\n<meta property=\"og:site_name\" content=\"Gastora\" \/>\n<meta property=\"article:modified_time\" content=\"2026-04-28T16:55:31+00:00\" \/>\n<meta name=\"twitter:card\" content=\"summary_large_image\" \/>\n<meta name=\"twitter:label1\" content=\"Est. reading time\" \/>\n\t<meta name=\"twitter:data1\" content=\"4 minutes\" \/>\n<script type=\"application\/ld+json\" class=\"yoast-schema-graph\">{\"@context\":\"https:\\\/\\\/schema.org\",\"@graph\":[{\"@type\":\"WebPage\",\"@id\":\"https:\\\/\\\/gastora.eu\\\/product\\\/conglateur-de-comptoir-180-cm-3-portes\\\/\",\"url\":\"https:\\\/\\\/gastora.eu\\\/product\\\/conglateur-de-comptoir-180-cm-3-portes\\\/\",\"name\":\"Cong\u00e9lateur de comptoir - 180 cm - 3 portes - Gastora\",\"isPartOf\":{\"@id\":\"https:\\\/\\\/gastora.eu\\\/#website\"},\"primaryImageOfPage\":{\"@id\":\"https:\\\/\\\/gastora.eu\\\/product\\\/conglateur-de-comptoir-180-cm-3-portes\\\/#primaryimage\"},\"image\":{\"@id\":\"https:\\\/\\\/gastora.eu\\\/product\\\/conglateur-de-comptoir-180-cm-3-portes\\\/#primaryimage\"},\"thumbnailUrl\":\"https:\\\/\\\/gastora.eu\\\/wp-content\\\/uploads\\\/2026\\\/04\\\/sp-05-61656e70c2ebe.jpg\",\"datePublished\":\"2026-04-25T17:39:33+00:00\",\"dateModified\":\"2026-04-28T16:55:31+00:00\",\"description\":\"Achetez Cong\u00e9lateur de comptoir - 180 cm - 3 portes au meilleur prix, fiable et performant avec une livraison rapide\",\"breadcrumb\":{\"@id\":\"https:\\\/\\\/gastora.eu\\\/product\\\/conglateur-de-comptoir-180-cm-3-portes\\\/#breadcrumb\"},\"inLanguage\":\"en-US\",\"potentialAction\":[{\"@type\":\"ReadAction\",\"target\":[\"https:\\\/\\\/gastora.eu\\\/product\\\/conglateur-de-comptoir-180-cm-3-portes\\\/\"]}]},{\"@type\":\"ImageObject\",\"inLanguage\":\"en-US\",\"@id\":\"https:\\\/\\\/gastora.eu\\\/product\\\/conglateur-de-comptoir-180-cm-3-portes\\\/#primaryimage\",\"url\":\"https:\\\/\\\/gastora.eu\\\/wp-content\\\/uploads\\\/2026\\\/04\\\/sp-05-61656e70c2ebe.jpg\",\"contentUrl\":\"https:\\\/\\\/gastora.eu\\\/wp-content\\\/uploads\\\/2026\\\/04\\\/sp-05-61656e70c2ebe.jpg\",\"width\":1024,\"height\":1024},{\"@type\":\"BreadcrumbList\",\"@id\":\"https:\\\/\\\/gastora.eu\\\/product\\\/conglateur-de-comptoir-180-cm-3-portes\\\/#breadcrumb\",\"itemListElement\":[{\"@type\":\"ListItem\",\"position\":1,\"name\":\"Home\",\"item\":\"https:\\\/\\\/gastora.eu\\\/\"},{\"@type\":\"ListItem\",\"position\":2,\"name\":\"Shop\",\"item\":\"https:\\\/\\\/gastora.eu\\\/shop\\\/\"},{\"@type\":\"ListItem\",\"position\":3,\"name\":\"Cong\u00e9lateur de comptoir &#8211; 180 cm &#8211; 3 portes\"}]},{\"@type\":\"WebSite\",\"@id\":\"https:\\\/\\\/gastora.eu\\\/#website\",\"url\":\"https:\\\/\\\/gastora.eu\\\/\",\"name\":\"Gastora\",\"description\":\"\u00c9quipements professionnels CHR\",\"publisher\":{\"@id\":\"https:\\\/\\\/gastora.eu\\\/#organization\"},\"potentialAction\":[{\"@type\":\"SearchAction\",\"target\":{\"@type\":\"EntryPoint\",\"urlTemplate\":\"https:\\\/\\\/gastora.eu\\\/?s={search_term_string}\"},\"query-input\":{\"@type\":\"PropertyValueSpecification\",\"valueRequired\":true,\"valueName\":\"search_term_string\"}}],\"inLanguage\":\"en-US\"},{\"@type\":\"Organization\",\"@id\":\"https:\\\/\\\/gastora.eu\\\/#organization\",\"name\":\"Gastora\",\"url\":\"https:\\\/\\\/gastora.eu\\\/\",\"logo\":{\"@type\":\"ImageObject\",\"inLanguage\":\"en-US\",\"@id\":\"https:\\\/\\\/gastora.eu\\\/#\\\/schema\\\/logo\\\/image\\\/\",\"url\":\"https:\\\/\\\/gastora.eu\\\/wp-content\\\/uploads\\\/2025\\\/12\\\/ChatGPT-Image-2-janv.-2026-22_52_47-1.png\",\"contentUrl\":\"https:\\\/\\\/gastora.eu\\\/wp-content\\\/uploads\\\/2025\\\/12\\\/ChatGPT-Image-2-janv.-2026-22_52_47-1.png\",\"width\":1536,\"height\":320,\"caption\":\"Gastora\"},\"image\":{\"@id\":\"https:\\\/\\\/gastora.eu\\\/#\\\/schema\\\/logo\\\/image\\\/\"}}]}<\/script>\n<!-- \/ Yoast SEO plugin. -->","yoast_head_json":{"title":"Cong\u00e9lateur de comptoir - 180 cm - 3 portes - Gastora","description":"Achetez Cong\u00e9lateur de comptoir - 180 cm - 3 portes au meilleur prix, fiable et performant avec une livraison rapide","robots":{"index":"index","follow":"follow","max-snippet":"max-snippet:-1","max-image-preview":"max-image-preview:large","max-video-preview":"max-video-preview:-1"},"canonical":"https:\/\/gastora.eu\/en\/product\/conglateur-de-comptoir-180-cm-3-portes\/","og_locale":"en_US","og_type":"article","og_title":"Cong\u00e9lateur de comptoir - 180 cm - 3 portes - Gastora","og_description":"Achetez Cong\u00e9lateur de comptoir - 180 cm - 3 portes au meilleur prix, fiable et performant avec une livraison rapide","og_url":"https:\/\/gastora.eu\/en\/product\/conglateur-de-comptoir-180-cm-3-portes\/","og_site_name":"Gastora","article_modified_time":"2026-04-28T16:55:31+00:00","twitter_card":"summary_large_image","twitter_misc":{"Est. reading time":"4 minutes"},"schema":{"@context":"https:\/\/schema.org","@graph":[{"@type":"WebPage","@id":"https:\/\/gastora.eu\/product\/conglateur-de-comptoir-180-cm-3-portes\/","url":"https:\/\/gastora.eu\/product\/conglateur-de-comptoir-180-cm-3-portes\/","name":"Cong\u00e9lateur de comptoir - 180 cm - 3 portes - Gastora","isPartOf":{"@id":"https:\/\/gastora.eu\/#website"},"primaryImageOfPage":{"@id":"https:\/\/gastora.eu\/product\/conglateur-de-comptoir-180-cm-3-portes\/#primaryimage"},"image":{"@id":"https:\/\/gastora.eu\/product\/conglateur-de-comptoir-180-cm-3-portes\/#primaryimage"},"thumbnailUrl":"https:\/\/gastora.eu\/wp-content\/uploads\/2026\/04\/sp-05-61656e70c2ebe.jpg","datePublished":"2026-04-25T17:39:33+00:00","dateModified":"2026-04-28T16:55:31+00:00","description":"Achetez Cong\u00e9lateur de comptoir - 180 cm - 3 portes au meilleur prix, fiable et performant avec une livraison rapide","breadcrumb":{"@id":"https:\/\/gastora.eu\/product\/conglateur-de-comptoir-180-cm-3-portes\/#breadcrumb"},"inLanguage":"en-US","potentialAction":[{"@type":"ReadAction","target":["https:\/\/gastora.eu\/product\/conglateur-de-comptoir-180-cm-3-portes\/"]}]},{"@type":"ImageObject","inLanguage":"en-US","@id":"https:\/\/gastora.eu\/product\/conglateur-de-comptoir-180-cm-3-portes\/#primaryimage","url":"https:\/\/gastora.eu\/wp-content\/uploads\/2026\/04\/sp-05-61656e70c2ebe.jpg","contentUrl":"https:\/\/gastora.eu\/wp-content\/uploads\/2026\/04\/sp-05-61656e70c2ebe.jpg","width":1024,"height":1024},{"@type":"BreadcrumbList","@id":"https:\/\/gastora.eu\/product\/conglateur-de-comptoir-180-cm-3-portes\/#breadcrumb","itemListElement":[{"@type":"ListItem","position":1,"name":"Home","item":"https:\/\/gastora.eu\/"},{"@type":"ListItem","position":2,"name":"Shop","item":"https:\/\/gastora.eu\/shop\/"},{"@type":"ListItem","position":3,"name":"Cong\u00e9lateur de comptoir &#8211; 180 cm &#8211; 3 portes"}]},{"@type":"WebSite","@id":"https:\/\/gastora.eu\/#website","url":"https:\/\/gastora.eu\/","name":"Gastora","description":"\u00c9quipements professionnels CHR","publisher":{"@id":"https:\/\/gastora.eu\/#organization"},"potentialAction":[{"@type":"SearchAction","target":{"@type":"EntryPoint","urlTemplate":"https:\/\/gastora.eu\/?s={search_term_string}"},"query-input":{"@type":"PropertyValueSpecification","valueRequired":true,"valueName":"search_term_string"}}],"inLanguage":"en-US"},{"@type":"Organization","@id":"https:\/\/gastora.eu\/#organization","name":"Gastora","url":"https:\/\/gastora.eu\/","logo":{"@type":"ImageObject","inLanguage":"en-US","@id":"https:\/\/gastora.eu\/#\/schema\/logo\/image\/","url":"https:\/\/gastora.eu\/wp-content\/uploads\/2025\/12\/ChatGPT-Image-2-janv.-2026-22_52_47-1.png","contentUrl":"https:\/\/gastora.eu\/wp-content\/uploads\/2025\/12\/ChatGPT-Image-2-janv.-2026-22_52_47-1.png","width":1536,"height":320,"caption":"Gastora"},"image":{"@id":"https:\/\/gastora.eu\/#\/schema\/logo\/image\/"}}]}},"jetpack_sharing_enabled":true,"_links":{"self":[{"href":"https:\/\/gastora.eu\/en\/wp-json\/wp\/v2\/product\/13914","targetHints":{"allow":["GET"]}}],"collection":[{"href":"https:\/\/gastora.eu\/en\/wp-json\/wp\/v2\/product"}],"about":[{"href":"https:\/\/gastora.eu\/en\/wp-json\/wp\/v2\/types\/product"}],"wp:featuredmedia":[{"embeddable":true,"href":"https:\/\/gastora.eu\/en\/wp-json\/wp\/v2\/media\/6578"}],"wp:attachment":[{"href":"https:\/\/gastora.eu\/en\/wp-json\/wp\/v2\/media?parent=13914"}],"wp:term":[{"taxonomy":"product_brand","embeddable":true,"href":"https:\/\/gastora.eu\/en\/wp-json\/wp\/v2\/product_brand?post=13914"},{"taxonomy":"product_cat","embeddable":true,"href":"https:\/\/gastora.eu\/en\/wp-json\/wp\/v2\/product_cat?post=13914"},{"taxonomy":"product_tag","embeddable":true,"href":"https:\/\/gastora.eu\/en\/wp-json\/wp\/v2\/product_tag?post=13914"}],"curies":[{"name":"wp","href":"https:\/\/api.w.org\/{rel}","templated":true}]}}