{"id":13913,"date":"2026-04-25T17:39:31","date_gmt":"2026-04-25T17:39:31","guid":{"rendered":"https:\/\/gastora.eu\/?post_type=product&#038;p=13913"},"modified":"2026-04-28T16:55:31","modified_gmt":"2026-04-28T16:55:31","slug":"conglateur-de-comptoir-136-cm-2-portes","status":"publish","type":"product","link":"https:\/\/gastora.eu\/en\/product\/conglateur-de-comptoir-136-cm-2-portes\/","title":{"rendered":"Cong\u00e9lateur de comptoir &#8211; 136 cm &#8211; 2 portes"},"content":{"rendered":"<p>Ce cong\u00e9lateur de comptoir offre le meilleur des deux mondes en un seul appareil. La partie cong\u00e9lateur est combin\u00e9e \u00e0 un comptoir robuste, ce qui en fait \u00e0 la fois un cong\u00e9lateur et un espace de travail pratique. Il est id\u00e9al pour conserver des l\u00e9gumes surgel\u00e9s, du poisson et de la cr\u00e8me glac\u00e9e \u00e0 port\u00e9e de main, en cas de besoin. Avec ce cong\u00e9lateur de comptoir, vous pouvez cr\u00e9er un lieu de travail hygi\u00e9nique pour la pr\u00e9paration des plats et des repas. Sur la droite du cong\u00e9lateur de comptoir, un puissant syst\u00e8me de cong\u00e9lation a \u00e9t\u00e9 int\u00e9gr\u00e9, avec un ventilateur pour une cong\u00e9lation optimale des produits.<\/p>\n<h3>Un cong\u00e9lateur plein de fonctionnalit\u00e9s<\/h3>\n<p>Ce cong\u00e9lateur de comptoir professionnel est dot\u00e9 de deux portes robustes en acier inoxydable et d&#8217;une \u00e9tag\u00e8re r\u00e9glable en hauteur derri\u00e8re chaque porte, offrant ainsi un grand espace de rangement utile. Un r\u00e9gulateur de temp\u00e9rature num\u00e9rique Dixell permet de r\u00e9gler la temp\u00e9rature avec pr\u00e9cision entre -10 et -20\u00baC. Le cong\u00e9lateur de comptoir est \u00e9galement dot\u00e9 d&#8217;un processus de d\u00e9givrage automatique pour votre confort. Le r\u00e9frig\u00e9rant utilis\u00e9 pour ce cong\u00e9lateur est le R290, exempt de CFC. La temp\u00e9rature ambiante maximale de ce cong\u00e9lateur professionnel est de 32\u00baC. L&#8217;isolation protectrice compacte du cong\u00e9lateur est de 6 cm.<\/p>\n<h3>Facile \u00e0 nettoyer<\/h3>\n<p>L&#8217;int\u00e9rieur et l&#8217;ext\u00e9rieur sont en acier inoxydable, ce qui facilite le nettoyage. Cela permet \u00e9galement de maintenir un espace de travail hygi\u00e9nique sur le comptoir. Gr\u00e2ce aux surfaces lisses, la salet\u00e9 et les bact\u00e9ries se r\u00e9pandent le moins possible et il n&#8217;y a pas de crevasses o\u00f9 la salet\u00e9 peut s&#8217;accumuler. Nettoyez le cong\u00e9lateur et le plan de travail \u00e0 l&#8217;aide d&#8217;un chiffon humide, d&#8217;un peu d&#8217;eau ti\u00e8de et d&#8217;un d\u00e9tergent doux. Avant de les r\u00e9utiliser, veillez \u00e0 bien les s\u00e9cher \u00e0 l&#8217;aide d&#8217;un chiffon doux.<\/p>\n<p><strong>Caract\u00e9ristiques<\/strong><\/p>\n<ul>\n<li>Temp\u00e9rature ambiante maximale de 32\u00b0C<\/li>\n<li>Isolation protectrice compacte de 6 cm<\/li>\n<li>Cycle de d\u00e9givrage automatique pour limiter la formation de glace<\/li>\n<li>Plage de temp\u00e9rature de -10 \u00e0 -20\u00b0C<\/li>\n<li>Contr\u00f4le num\u00e9rique de la temp\u00e9rature (Dixell)<\/li>\n<\/ul>\n<p><strong>Caract\u00e9ristiques du produit<\/strong><\/p>\n<ul>\n<li>Poids net : 107kg<\/li>\n<li>Capacit\u00e9 nette : 187L<\/li>\n<li>Dimensions ext\u00e9rieures : L136 x P70 x H86cm<\/li>\n<li>Dimensions int\u00e9rieures : L80 x P57 x H56cm<\/li>\n<li>230V \/ 50Hz \/ 1 Phase 390W<\/li>\n<\/ul>\n<p><em>Incluant<\/em><\/p>\n<ul>\n<li><em>2 grilles avec guides 53 x 33,5cm<\/em><\/li>\n<\/ul>","protected":false},"excerpt":{"rendered":"<p>Ce cong\u00e9lateur de comptoir haut de gamme pr\u00e9sente un design luxueux et une capacit\u00e9 totale de 187 litres. La construction est enti\u00e8rement en acier inoxydable, y compris le plan de travail, ce qui le rend durable et facile \u00e0 nettoyer. Cet appareil est \u00e9quip\u00e9 d&#8217;un r\u00e9gulateur de temp\u00e9rature num\u00e9rique pour une plus grande facilit\u00e9 d&#8217;utilisation, ainsi que d&#8217;\u00e9tag\u00e8res r\u00e9glables en hauteur.<\/p>","protected":false},"featured_media":6576,"template":"","meta":{"_acf_changed":false},"product_brand":[],"product_cat":[474],"product_tag":[],"class_list":{"0":"post-13913","1":"product","2":"type-product","3":"status-publish","4":"has-post-thumbnail","6":"product_cat-armoires-refrigerees-positif-negatif-2","8":"first","9":"instock","10":"sale","11":"taxable","12":"shipping-taxable","13":"purchasable","14":"product-type-simple"},"acf":[],"yoast_head":"<!-- This site is optimized with the Yoast SEO plugin v27.4 - https:\/\/yoast.com\/product\/yoast-seo-wordpress\/ -->\n<title>Cong\u00e9lateur de comptoir - 136 cm - 2 portes - Gastora<\/title>\n<meta name=\"description\" content=\"Achetez Cong\u00e9lateur de comptoir - 136 cm - 2 portes au meilleur prix, fiable et performant avec une livraison rapide\" \/>\n<meta name=\"robots\" content=\"index, follow, max-snippet:-1, max-image-preview:large, max-video-preview:-1\" \/>\n<link rel=\"canonical\" href=\"https:\/\/gastora.eu\/en\/product\/conglateur-de-comptoir-136-cm-2-portes\/\" \/>\n<meta property=\"og:locale\" content=\"en_US\" \/>\n<meta property=\"og:type\" content=\"article\" \/>\n<meta property=\"og:title\" content=\"Cong\u00e9lateur de comptoir - 136 cm - 2 portes - Gastora\" \/>\n<meta property=\"og:description\" content=\"Achetez Cong\u00e9lateur de comptoir - 136 cm - 2 portes au meilleur prix, fiable et performant avec une livraison rapide\" \/>\n<meta property=\"og:url\" content=\"https:\/\/gastora.eu\/en\/product\/conglateur-de-comptoir-136-cm-2-portes\/\" \/>\n<meta property=\"og:site_name\" content=\"Gastora\" \/>\n<meta property=\"article:modified_time\" content=\"2026-04-28T16:55:31+00:00\" \/>\n<meta name=\"twitter:card\" content=\"summary_large_image\" \/>\n<meta name=\"twitter:label1\" content=\"Est. reading time\" \/>\n\t<meta name=\"twitter:data1\" content=\"2 minutes\" \/>\n<script type=\"application\/ld+json\" class=\"yoast-schema-graph\">{\"@context\":\"https:\\\/\\\/schema.org\",\"@graph\":[{\"@type\":\"WebPage\",\"@id\":\"https:\\\/\\\/gastora.eu\\\/product\\\/conglateur-de-comptoir-136-cm-2-portes\\\/\",\"url\":\"https:\\\/\\\/gastora.eu\\\/product\\\/conglateur-de-comptoir-136-cm-2-portes\\\/\",\"name\":\"Cong\u00e9lateur de comptoir - 136 cm - 2 portes - Gastora\",\"isPartOf\":{\"@id\":\"https:\\\/\\\/gastora.eu\\\/#website\"},\"primaryImageOfPage\":{\"@id\":\"https:\\\/\\\/gastora.eu\\\/product\\\/conglateur-de-comptoir-136-cm-2-portes\\\/#primaryimage\"},\"image\":{\"@id\":\"https:\\\/\\\/gastora.eu\\\/product\\\/conglateur-de-comptoir-136-cm-2-portes\\\/#primaryimage\"},\"thumbnailUrl\":\"https:\\\/\\\/gastora.eu\\\/wp-content\\\/uploads\\\/2026\\\/04\\\/sp-05-61656e70aeea3.jpg\",\"datePublished\":\"2026-04-25T17:39:31+00:00\",\"dateModified\":\"2026-04-28T16:55:31+00:00\",\"description\":\"Achetez Cong\u00e9lateur de comptoir - 136 cm - 2 portes au meilleur prix, fiable et performant avec une livraison rapide\",\"breadcrumb\":{\"@id\":\"https:\\\/\\\/gastora.eu\\\/product\\\/conglateur-de-comptoir-136-cm-2-portes\\\/#breadcrumb\"},\"inLanguage\":\"en-US\",\"potentialAction\":[{\"@type\":\"ReadAction\",\"target\":[\"https:\\\/\\\/gastora.eu\\\/product\\\/conglateur-de-comptoir-136-cm-2-portes\\\/\"]}]},{\"@type\":\"ImageObject\",\"inLanguage\":\"en-US\",\"@id\":\"https:\\\/\\\/gastora.eu\\\/product\\\/conglateur-de-comptoir-136-cm-2-portes\\\/#primaryimage\",\"url\":\"https:\\\/\\\/gastora.eu\\\/wp-content\\\/uploads\\\/2026\\\/04\\\/sp-05-61656e70aeea3.jpg\",\"contentUrl\":\"https:\\\/\\\/gastora.eu\\\/wp-content\\\/uploads\\\/2026\\\/04\\\/sp-05-61656e70aeea3.jpg\",\"width\":1024,\"height\":1024},{\"@type\":\"BreadcrumbList\",\"@id\":\"https:\\\/\\\/gastora.eu\\\/product\\\/conglateur-de-comptoir-136-cm-2-portes\\\/#breadcrumb\",\"itemListElement\":[{\"@type\":\"ListItem\",\"position\":1,\"name\":\"Home\",\"item\":\"https:\\\/\\\/gastora.eu\\\/\"},{\"@type\":\"ListItem\",\"position\":2,\"name\":\"Shop\",\"item\":\"https:\\\/\\\/gastora.eu\\\/shop\\\/\"},{\"@type\":\"ListItem\",\"position\":3,\"name\":\"Cong\u00e9lateur de comptoir &#8211; 136 cm &#8211; 2 portes\"}]},{\"@type\":\"WebSite\",\"@id\":\"https:\\\/\\\/gastora.eu\\\/#website\",\"url\":\"https:\\\/\\\/gastora.eu\\\/\",\"name\":\"Gastora\",\"description\":\"\u00c9quipements professionnels CHR\",\"publisher\":{\"@id\":\"https:\\\/\\\/gastora.eu\\\/#organization\"},\"potentialAction\":[{\"@type\":\"SearchAction\",\"target\":{\"@type\":\"EntryPoint\",\"urlTemplate\":\"https:\\\/\\\/gastora.eu\\\/?s={search_term_string}\"},\"query-input\":{\"@type\":\"PropertyValueSpecification\",\"valueRequired\":true,\"valueName\":\"search_term_string\"}}],\"inLanguage\":\"en-US\"},{\"@type\":\"Organization\",\"@id\":\"https:\\\/\\\/gastora.eu\\\/#organization\",\"name\":\"Gastora\",\"url\":\"https:\\\/\\\/gastora.eu\\\/\",\"logo\":{\"@type\":\"ImageObject\",\"inLanguage\":\"en-US\",\"@id\":\"https:\\\/\\\/gastora.eu\\\/#\\\/schema\\\/logo\\\/image\\\/\",\"url\":\"https:\\\/\\\/gastora.eu\\\/wp-content\\\/uploads\\\/2025\\\/12\\\/ChatGPT-Image-2-janv.-2026-22_52_47-1.png\",\"contentUrl\":\"https:\\\/\\\/gastora.eu\\\/wp-content\\\/uploads\\\/2025\\\/12\\\/ChatGPT-Image-2-janv.-2026-22_52_47-1.png\",\"width\":1536,\"height\":320,\"caption\":\"Gastora\"},\"image\":{\"@id\":\"https:\\\/\\\/gastora.eu\\\/#\\\/schema\\\/logo\\\/image\\\/\"}}]}<\/script>\n<!-- \/ Yoast SEO plugin. -->","yoast_head_json":{"title":"Cong\u00e9lateur de comptoir - 136 cm - 2 portes - Gastora","description":"Achetez Cong\u00e9lateur de comptoir - 136 cm - 2 portes au meilleur prix, fiable et performant avec une livraison rapide","robots":{"index":"index","follow":"follow","max-snippet":"max-snippet:-1","max-image-preview":"max-image-preview:large","max-video-preview":"max-video-preview:-1"},"canonical":"https:\/\/gastora.eu\/en\/product\/conglateur-de-comptoir-136-cm-2-portes\/","og_locale":"en_US","og_type":"article","og_title":"Cong\u00e9lateur de comptoir - 136 cm - 2 portes - Gastora","og_description":"Achetez Cong\u00e9lateur de comptoir - 136 cm - 2 portes au meilleur prix, fiable et performant avec une livraison rapide","og_url":"https:\/\/gastora.eu\/en\/product\/conglateur-de-comptoir-136-cm-2-portes\/","og_site_name":"Gastora","article_modified_time":"2026-04-28T16:55:31+00:00","twitter_card":"summary_large_image","twitter_misc":{"Est. reading time":"2 minutes"},"schema":{"@context":"https:\/\/schema.org","@graph":[{"@type":"WebPage","@id":"https:\/\/gastora.eu\/product\/conglateur-de-comptoir-136-cm-2-portes\/","url":"https:\/\/gastora.eu\/product\/conglateur-de-comptoir-136-cm-2-portes\/","name":"Cong\u00e9lateur de comptoir - 136 cm - 2 portes - Gastora","isPartOf":{"@id":"https:\/\/gastora.eu\/#website"},"primaryImageOfPage":{"@id":"https:\/\/gastora.eu\/product\/conglateur-de-comptoir-136-cm-2-portes\/#primaryimage"},"image":{"@id":"https:\/\/gastora.eu\/product\/conglateur-de-comptoir-136-cm-2-portes\/#primaryimage"},"thumbnailUrl":"https:\/\/gastora.eu\/wp-content\/uploads\/2026\/04\/sp-05-61656e70aeea3.jpg","datePublished":"2026-04-25T17:39:31+00:00","dateModified":"2026-04-28T16:55:31+00:00","description":"Achetez Cong\u00e9lateur de comptoir - 136 cm - 2 portes au meilleur prix, fiable et performant avec une livraison rapide","breadcrumb":{"@id":"https:\/\/gastora.eu\/product\/conglateur-de-comptoir-136-cm-2-portes\/#breadcrumb"},"inLanguage":"en-US","potentialAction":[{"@type":"ReadAction","target":["https:\/\/gastora.eu\/product\/conglateur-de-comptoir-136-cm-2-portes\/"]}]},{"@type":"ImageObject","inLanguage":"en-US","@id":"https:\/\/gastora.eu\/product\/conglateur-de-comptoir-136-cm-2-portes\/#primaryimage","url":"https:\/\/gastora.eu\/wp-content\/uploads\/2026\/04\/sp-05-61656e70aeea3.jpg","contentUrl":"https:\/\/gastora.eu\/wp-content\/uploads\/2026\/04\/sp-05-61656e70aeea3.jpg","width":1024,"height":1024},{"@type":"BreadcrumbList","@id":"https:\/\/gastora.eu\/product\/conglateur-de-comptoir-136-cm-2-portes\/#breadcrumb","itemListElement":[{"@type":"ListItem","position":1,"name":"Home","item":"https:\/\/gastora.eu\/"},{"@type":"ListItem","position":2,"name":"Shop","item":"https:\/\/gastora.eu\/shop\/"},{"@type":"ListItem","position":3,"name":"Cong\u00e9lateur de comptoir &#8211; 136 cm &#8211; 2 portes"}]},{"@type":"WebSite","@id":"https:\/\/gastora.eu\/#website","url":"https:\/\/gastora.eu\/","name":"Gastora","description":"\u00c9quipements professionnels CHR","publisher":{"@id":"https:\/\/gastora.eu\/#organization"},"potentialAction":[{"@type":"SearchAction","target":{"@type":"EntryPoint","urlTemplate":"https:\/\/gastora.eu\/?s={search_term_string}"},"query-input":{"@type":"PropertyValueSpecification","valueRequired":true,"valueName":"search_term_string"}}],"inLanguage":"en-US"},{"@type":"Organization","@id":"https:\/\/gastora.eu\/#organization","name":"Gastora","url":"https:\/\/gastora.eu\/","logo":{"@type":"ImageObject","inLanguage":"en-US","@id":"https:\/\/gastora.eu\/#\/schema\/logo\/image\/","url":"https:\/\/gastora.eu\/wp-content\/uploads\/2025\/12\/ChatGPT-Image-2-janv.-2026-22_52_47-1.png","contentUrl":"https:\/\/gastora.eu\/wp-content\/uploads\/2025\/12\/ChatGPT-Image-2-janv.-2026-22_52_47-1.png","width":1536,"height":320,"caption":"Gastora"},"image":{"@id":"https:\/\/gastora.eu\/#\/schema\/logo\/image\/"}}]}},"jetpack_sharing_enabled":true,"_links":{"self":[{"href":"https:\/\/gastora.eu\/en\/wp-json\/wp\/v2\/product\/13913","targetHints":{"allow":["GET"]}}],"collection":[{"href":"https:\/\/gastora.eu\/en\/wp-json\/wp\/v2\/product"}],"about":[{"href":"https:\/\/gastora.eu\/en\/wp-json\/wp\/v2\/types\/product"}],"wp:featuredmedia":[{"embeddable":true,"href":"https:\/\/gastora.eu\/en\/wp-json\/wp\/v2\/media\/6576"}],"wp:attachment":[{"href":"https:\/\/gastora.eu\/en\/wp-json\/wp\/v2\/media?parent=13913"}],"wp:term":[{"taxonomy":"product_brand","embeddable":true,"href":"https:\/\/gastora.eu\/en\/wp-json\/wp\/v2\/product_brand?post=13913"},{"taxonomy":"product_cat","embeddable":true,"href":"https:\/\/gastora.eu\/en\/wp-json\/wp\/v2\/product_cat?post=13913"},{"taxonomy":"product_tag","embeddable":true,"href":"https:\/\/gastora.eu\/en\/wp-json\/wp\/v2\/product_tag?post=13913"}],"curies":[{"name":"wp","href":"https:\/\/api.w.org\/{rel}","templated":true}]}}