{"id":13911,"date":"2026-04-25T17:39:29","date_gmt":"2026-04-25T17:39:29","guid":{"rendered":"https:\/\/gastora.eu\/?post_type=product&#038;p=13911"},"modified":"2026-04-28T16:55:31","modified_gmt":"2026-04-28T16:55:31","slug":"sous-vide-stick-30-l-capacit-pompes-8-lmin","status":"publish","type":"product","link":"https:\/\/gastora.eu\/en\/product\/sous-vide-stick-30-l-capacit-pompes-8-lmin\/","title":{"rendered":"Sous vide stick &#8211; 30 L capacit\u00e9 &#8211; pompes 8 L\/min"},"content":{"rendered":"<p>Avec une capacit\u00e9 consid\u00e9rable de 30 litres, cet appareil est adapt\u00e9 \u00e0 la cuisson sous vide de diff\u00e9rents plats et aliments. Le go\u00fbt, la texture et les nutriments sont pr\u00e9serv\u00e9s lorsque vous choisissez la cuisson sous vide. Ce mode de cuisson est tr\u00e8s silencieux et l&#8217;appareil sous vide ne fait pratiquement aucun bruit. La cuisson sous vide pr\u00e9sente d&#8217;autres avantages : elle est saine car elle utilise moins de graisses et de sel dans la pr\u00e9paration, les produits ne br\u00fblent pas et ne se s\u00e9parent pas car l&#8217;eau ne d\u00e9passe pas 99\u00baC. En cuisant les plats sous vide \u00e0 une temp\u00e9rature constante, ils ne se dess\u00e8chent pas non plus.<\/p>\n<h3>Temp\u00e9rature et dur\u00e9e r\u00e9glables s\u00e9par\u00e9ment<\/h3>\n<p>Ce sous-vide professionnel est dot\u00e9 d&#8217;un syst\u00e8me de pompe brevet\u00e9 pour l&#8217;eau. Il pompe 8 litres d&#8217;eau par minute. Gr\u00e2ce \u00e0 ce d\u00e9bit d&#8217;eau r\u00e9gulier, les aliments sont pr\u00e9par\u00e9s parfaitement sous vide. L&#8217;\u00e9cran LCD affiche un affichage num\u00e9rique de la temp\u00e9rature et de l&#8217;heure. Ces deux param\u00e8tres peuvent \u00eatre r\u00e9gl\u00e9s s\u00e9par\u00e9ment \u00e0 l&#8217;aide du panneau de commande convivial dot\u00e9 de touches tactiles. En outre, l&#8217;appareil sous vide dispose d&#8217;un dispositif de s\u00e9curit\u00e9 thermique et d&#8217;une pr\u00e9cision sans pr\u00e9c\u00e9dent de 0,1\u00baC. Le cordon d&#8217;alimentation de l&#8217;appareil sous vide peut \u00eatre facilement retir\u00e9 <\/p>\n<h3>Pour le placer dans un r\u00e9servoir d&#8217;eau<\/h3>\n<p>Placez ce b\u00e2tonnet sous vide dans un r\u00e9servoir d&#8217;eau ou dans une casserole avec un c\u00f4t\u00e9 plat ou rond. \u00c0 l&#8217;aide du bouton, vous pouvez bloquer le b\u00e2tonnet pour qu&#8217;il ne puisse pas bouger. Le b\u00e2ton chauffe alors l&#8217;eau et vous pouvez y placer des aliments emball\u00e9s sous vide pour les cuire sous vide. L&#8217;appareil sous vide est fabriqu\u00e9 en acier inoxydable et est donc facile \u00e0 nettoyer. Utilisez un chiffon humide, de l&#8217;eau chaude et un peu de d\u00e9tergent doux. Utilisez ensuite un chiffon sec pour tout essuyer jusqu&#8217;\u00e0 la prochaine utilisation.<\/p>\n<ul>\n<li>Appareil sous vide agr\u00e9able et compact<\/li>\n<li>Capacit\u00e9 importante de 30,0 litres<\/li>\n<li>Temp\u00e9rature et temps r\u00e9glables s\u00e9par\u00e9ment<\/li>\n<li>Pr\u00e9cision sans pr\u00e9c\u00e9dent de 0,1C<\/li>\n<li>Temp\u00e9rature maximale de 99 degr\u00e9s Celsius<\/li>\n<li>Syst\u00e8me de pompe brevet\u00e9 pour l&#8217;eau &#8211; 8.0L par minute<\/li>\n<li>Pr\u00e9paration parfaite gr\u00e2ce \u00e0 une eau uniforme<\/li>\n<li>Le go\u00fbt, la texture et les nutriments sont conserv\u00e9s<\/li>\n<li>Machine bien isol\u00e9e<\/li>\n<li>Cuisson sous vide tr\u00e8s silencieuse &#8211; aucun bruit<\/li>\n<li>Affichage num\u00e9rique sur \u00e9cran LCD<\/li>\n<li>Panneau de commande simple avec commandes tactiles<\/li>\n<li>Avec protection thermique<\/li>\n<li>Cordon d&#8217;alimentation d\u00e9tachable<\/li>\n<li>Facile \u00e0 nettoyer<\/li>\n<li>Poids net : 2,0 kg<\/li>\n<li>S&#8217;adapte \u00e0 toutes les tailles de casseroles avec un c\u00f4t\u00e9 rond ou plat<\/li>\n<li>Dimensions : L145 x P185 x H290 mm<\/li>\n<li>230V \/ 50Hz \/ 1phase 1500 Watt<\/li>\n<p><!--0.3c--><\/ul>\n<ul>\n<li>Poids net : 2kg\n<\/li>\n<li>S&#8217;adapte \u00e0 toutes les tailles de casseroles avec un c\u00f4t\u00e9 rond ou plat\n<\/li>\n<li>Dimensions : L14,5 x P18,5 x H29cm\n<\/li>\n<li>230V\/50Hz\/1Phase 1500W<br \/>","protected":false},"excerpt":{"rendered":"<p>Ce b\u00e2ton sous vide est id\u00e9al pour pr\u00e9parer des produits sous vide afin de pr\u00e9server les saveurs et les vitamines. Avec une capacit\u00e9 de 30L, vous pouvez cuisiner de nombreux plats diff\u00e9rents sans qu&#8217;ils ne br\u00fblent ou ne s\u00e8chent. La temp\u00e9rature maximale de l&#8217;eau est de 99\u00baC et il pompe 8L d&#8217;eau par minute.<\/p>","protected":false},"featured_media":6572,"template":"","meta":{"_acf_changed":false},"product_brand":[],"product_cat":[16],"product_tag":[],"class_list":{"0":"post-13911","1":"product","2":"type-product","3":"status-publish","4":"has-post-thumbnail","6":"product_cat-cuisson","8":"first","9":"instock","10":"sale","11":"taxable","12":"shipping-taxable","13":"purchasable","14":"product-type-simple"},"acf":[],"yoast_head":"<!-- This site is optimized with the Yoast SEO plugin v27.5 - https:\/\/yoast.com\/product\/yoast-seo-wordpress\/ -->\n<title>Sous vide stick - 30 L capacit\u00e9 - pompes 8 L\/min - Gastora<\/title>\n<meta name=\"description\" content=\"Achetez Sous vide stick - 30 L capacit\u00e9 - pompes 8 L\/min au meilleur prix, fiable et performant avec une livraison rapide\" \/>\n<meta name=\"robots\" content=\"index, follow, max-snippet:-1, max-image-preview:large, max-video-preview:-1\" \/>\n<link rel=\"canonical\" href=\"https:\/\/gastora.eu\/en\/product\/sous-vide-stick-30-l-capacit-pompes-8-lmin\/\" \/>\n<meta property=\"og:locale\" content=\"en_US\" \/>\n<meta property=\"og:type\" content=\"article\" \/>\n<meta property=\"og:title\" content=\"Sous vide stick - 30 L capacit\u00e9 - pompes 8 L\/min - Gastora\" \/>\n<meta property=\"og:description\" content=\"Achetez Sous vide stick - 30 L capacit\u00e9 - pompes 8 L\/min au meilleur prix, fiable et performant avec une livraison rapide\" \/>\n<meta property=\"og:url\" content=\"https:\/\/gastora.eu\/en\/product\/sous-vide-stick-30-l-capacit-pompes-8-lmin\/\" \/>\n<meta property=\"og:site_name\" content=\"Gastora\" \/>\n<meta property=\"article:modified_time\" content=\"2026-04-28T16:55:31+00:00\" \/>\n<meta name=\"twitter:card\" content=\"summary_large_image\" \/>\n<meta name=\"twitter:label1\" content=\"Est. reading time\" \/>\n\t<meta name=\"twitter:data1\" content=\"2 minutes\" \/>\n<script type=\"application\/ld+json\" class=\"yoast-schema-graph\">{\"@context\":\"https:\\\/\\\/schema.org\",\"@graph\":[{\"@type\":\"WebPage\",\"@id\":\"https:\\\/\\\/gastora.eu\\\/product\\\/sous-vide-stick-30-l-capacit-pompes-8-lmin\\\/\",\"url\":\"https:\\\/\\\/gastora.eu\\\/product\\\/sous-vide-stick-30-l-capacit-pompes-8-lmin\\\/\",\"name\":\"Sous vide stick - 30 L capacit\u00e9 - pompes 8 L\\\/min - Gastora\",\"isPartOf\":{\"@id\":\"https:\\\/\\\/gastora.eu\\\/#website\"},\"primaryImageOfPage\":{\"@id\":\"https:\\\/\\\/gastora.eu\\\/product\\\/sous-vide-stick-30-l-capacit-pompes-8-lmin\\\/#primaryimage\"},\"image\":{\"@id\":\"https:\\\/\\\/gastora.eu\\\/product\\\/sous-vide-stick-30-l-capacit-pompes-8-lmin\\\/#primaryimage\"},\"thumbnailUrl\":\"https:\\\/\\\/gastora.eu\\\/wp-content\\\/uploads\\\/2026\\\/04\\\/09500600_225.jpg\",\"datePublished\":\"2026-04-25T17:39:29+00:00\",\"dateModified\":\"2026-04-28T16:55:31+00:00\",\"description\":\"Achetez Sous vide stick - 30 L capacit\u00e9 - pompes 8 L\\\/min au meilleur prix, fiable et performant avec une livraison rapide\",\"breadcrumb\":{\"@id\":\"https:\\\/\\\/gastora.eu\\\/product\\\/sous-vide-stick-30-l-capacit-pompes-8-lmin\\\/#breadcrumb\"},\"inLanguage\":\"en-US\",\"potentialAction\":[{\"@type\":\"ReadAction\",\"target\":[\"https:\\\/\\\/gastora.eu\\\/product\\\/sous-vide-stick-30-l-capacit-pompes-8-lmin\\\/\"]}]},{\"@type\":\"ImageObject\",\"inLanguage\":\"en-US\",\"@id\":\"https:\\\/\\\/gastora.eu\\\/product\\\/sous-vide-stick-30-l-capacit-pompes-8-lmin\\\/#primaryimage\",\"url\":\"https:\\\/\\\/gastora.eu\\\/wp-content\\\/uploads\\\/2026\\\/04\\\/09500600_225.jpg\",\"contentUrl\":\"https:\\\/\\\/gastora.eu\\\/wp-content\\\/uploads\\\/2026\\\/04\\\/09500600_225.jpg\",\"width\":1200,\"height\":1200},{\"@type\":\"BreadcrumbList\",\"@id\":\"https:\\\/\\\/gastora.eu\\\/product\\\/sous-vide-stick-30-l-capacit-pompes-8-lmin\\\/#breadcrumb\",\"itemListElement\":[{\"@type\":\"ListItem\",\"position\":1,\"name\":\"Home\",\"item\":\"https:\\\/\\\/gastora.eu\\\/\"},{\"@type\":\"ListItem\",\"position\":2,\"name\":\"Shop\",\"item\":\"https:\\\/\\\/gastora.eu\\\/shop\\\/\"},{\"@type\":\"ListItem\",\"position\":3,\"name\":\"Sous vide stick &#8211; 30 L capacit\u00e9 &#8211; pompes 8 L\\\/min\"}]},{\"@type\":\"WebSite\",\"@id\":\"https:\\\/\\\/gastora.eu\\\/#website\",\"url\":\"https:\\\/\\\/gastora.eu\\\/\",\"name\":\"Gastora\",\"description\":\"\u00c9quipements professionnels CHR\",\"publisher\":{\"@id\":\"https:\\\/\\\/gastora.eu\\\/#organization\"},\"potentialAction\":[{\"@type\":\"SearchAction\",\"target\":{\"@type\":\"EntryPoint\",\"urlTemplate\":\"https:\\\/\\\/gastora.eu\\\/?s={search_term_string}\"},\"query-input\":{\"@type\":\"PropertyValueSpecification\",\"valueRequired\":true,\"valueName\":\"search_term_string\"}}],\"inLanguage\":\"en-US\"},{\"@type\":\"Organization\",\"@id\":\"https:\\\/\\\/gastora.eu\\\/#organization\",\"name\":\"Gastora\",\"url\":\"https:\\\/\\\/gastora.eu\\\/\",\"logo\":{\"@type\":\"ImageObject\",\"inLanguage\":\"en-US\",\"@id\":\"https:\\\/\\\/gastora.eu\\\/#\\\/schema\\\/logo\\\/image\\\/\",\"url\":\"https:\\\/\\\/gastora.eu\\\/wp-content\\\/uploads\\\/2025\\\/12\\\/ChatGPT-Image-2-janv.-2026-22_52_47-1.png\",\"contentUrl\":\"https:\\\/\\\/gastora.eu\\\/wp-content\\\/uploads\\\/2025\\\/12\\\/ChatGPT-Image-2-janv.-2026-22_52_47-1.png\",\"width\":1536,\"height\":320,\"caption\":\"Gastora\"},\"image\":{\"@id\":\"https:\\\/\\\/gastora.eu\\\/#\\\/schema\\\/logo\\\/image\\\/\"}}]}<\/script>\n<!-- \/ Yoast SEO plugin. -->","yoast_head_json":{"title":"Sous vide stick - 30 L capacit\u00e9 - pompes 8 L\/min - Gastora","description":"Achetez Sous vide stick - 30 L capacit\u00e9 - pompes 8 L\/min au meilleur prix, fiable et performant avec une livraison rapide","robots":{"index":"index","follow":"follow","max-snippet":"max-snippet:-1","max-image-preview":"max-image-preview:large","max-video-preview":"max-video-preview:-1"},"canonical":"https:\/\/gastora.eu\/en\/product\/sous-vide-stick-30-l-capacit-pompes-8-lmin\/","og_locale":"en_US","og_type":"article","og_title":"Sous vide stick - 30 L capacit\u00e9 - pompes 8 L\/min - Gastora","og_description":"Achetez Sous vide stick - 30 L capacit\u00e9 - pompes 8 L\/min au meilleur prix, fiable et performant avec une livraison rapide","og_url":"https:\/\/gastora.eu\/en\/product\/sous-vide-stick-30-l-capacit-pompes-8-lmin\/","og_site_name":"Gastora","article_modified_time":"2026-04-28T16:55:31+00:00","twitter_card":"summary_large_image","twitter_misc":{"Est. reading time":"2 minutes"},"schema":{"@context":"https:\/\/schema.org","@graph":[{"@type":"WebPage","@id":"https:\/\/gastora.eu\/product\/sous-vide-stick-30-l-capacit-pompes-8-lmin\/","url":"https:\/\/gastora.eu\/product\/sous-vide-stick-30-l-capacit-pompes-8-lmin\/","name":"Sous vide stick - 30 L capacit\u00e9 - pompes 8 L\/min - Gastora","isPartOf":{"@id":"https:\/\/gastora.eu\/#website"},"primaryImageOfPage":{"@id":"https:\/\/gastora.eu\/product\/sous-vide-stick-30-l-capacit-pompes-8-lmin\/#primaryimage"},"image":{"@id":"https:\/\/gastora.eu\/product\/sous-vide-stick-30-l-capacit-pompes-8-lmin\/#primaryimage"},"thumbnailUrl":"https:\/\/gastora.eu\/wp-content\/uploads\/2026\/04\/09500600_225.jpg","datePublished":"2026-04-25T17:39:29+00:00","dateModified":"2026-04-28T16:55:31+00:00","description":"Achetez Sous vide stick - 30 L capacit\u00e9 - pompes 8 L\/min au meilleur prix, fiable et performant avec une livraison rapide","breadcrumb":{"@id":"https:\/\/gastora.eu\/product\/sous-vide-stick-30-l-capacit-pompes-8-lmin\/#breadcrumb"},"inLanguage":"en-US","potentialAction":[{"@type":"ReadAction","target":["https:\/\/gastora.eu\/product\/sous-vide-stick-30-l-capacit-pompes-8-lmin\/"]}]},{"@type":"ImageObject","inLanguage":"en-US","@id":"https:\/\/gastora.eu\/product\/sous-vide-stick-30-l-capacit-pompes-8-lmin\/#primaryimage","url":"https:\/\/gastora.eu\/wp-content\/uploads\/2026\/04\/09500600_225.jpg","contentUrl":"https:\/\/gastora.eu\/wp-content\/uploads\/2026\/04\/09500600_225.jpg","width":1200,"height":1200},{"@type":"BreadcrumbList","@id":"https:\/\/gastora.eu\/product\/sous-vide-stick-30-l-capacit-pompes-8-lmin\/#breadcrumb","itemListElement":[{"@type":"ListItem","position":1,"name":"Home","item":"https:\/\/gastora.eu\/"},{"@type":"ListItem","position":2,"name":"Shop","item":"https:\/\/gastora.eu\/shop\/"},{"@type":"ListItem","position":3,"name":"Sous vide stick &#8211; 30 L capacit\u00e9 &#8211; pompes 8 L\/min"}]},{"@type":"WebSite","@id":"https:\/\/gastora.eu\/#website","url":"https:\/\/gastora.eu\/","name":"Gastora","description":"\u00c9quipements professionnels CHR","publisher":{"@id":"https:\/\/gastora.eu\/#organization"},"potentialAction":[{"@type":"SearchAction","target":{"@type":"EntryPoint","urlTemplate":"https:\/\/gastora.eu\/?s={search_term_string}"},"query-input":{"@type":"PropertyValueSpecification","valueRequired":true,"valueName":"search_term_string"}}],"inLanguage":"en-US"},{"@type":"Organization","@id":"https:\/\/gastora.eu\/#organization","name":"Gastora","url":"https:\/\/gastora.eu\/","logo":{"@type":"ImageObject","inLanguage":"en-US","@id":"https:\/\/gastora.eu\/#\/schema\/logo\/image\/","url":"https:\/\/gastora.eu\/wp-content\/uploads\/2025\/12\/ChatGPT-Image-2-janv.-2026-22_52_47-1.png","contentUrl":"https:\/\/gastora.eu\/wp-content\/uploads\/2025\/12\/ChatGPT-Image-2-janv.-2026-22_52_47-1.png","width":1536,"height":320,"caption":"Gastora"},"image":{"@id":"https:\/\/gastora.eu\/#\/schema\/logo\/image\/"}}]}},"jetpack_sharing_enabled":true,"_links":{"self":[{"href":"https:\/\/gastora.eu\/en\/wp-json\/wp\/v2\/product\/13911","targetHints":{"allow":["GET"]}}],"collection":[{"href":"https:\/\/gastora.eu\/en\/wp-json\/wp\/v2\/product"}],"about":[{"href":"https:\/\/gastora.eu\/en\/wp-json\/wp\/v2\/types\/product"}],"wp:featuredmedia":[{"embeddable":true,"href":"https:\/\/gastora.eu\/en\/wp-json\/wp\/v2\/media\/6572"}],"wp:attachment":[{"href":"https:\/\/gastora.eu\/en\/wp-json\/wp\/v2\/media?parent=13911"}],"wp:term":[{"taxonomy":"product_brand","embeddable":true,"href":"https:\/\/gastora.eu\/en\/wp-json\/wp\/v2\/product_brand?post=13911"},{"taxonomy":"product_cat","embeddable":true,"href":"https:\/\/gastora.eu\/en\/wp-json\/wp\/v2\/product_cat?post=13911"},{"taxonomy":"product_tag","embeddable":true,"href":"https:\/\/gastora.eu\/en\/wp-json\/wp\/v2\/product_tag?post=13911"}],"curies":[{"name":"wp","href":"https:\/\/api.w.org\/{rel}","templated":true}]}}