{"id":13907,"date":"2026-04-25T17:39:24","date_gmt":"2026-04-25T17:39:24","guid":{"rendered":"https:\/\/gastora.eu\/?post_type=product&#038;p=13907"},"modified":"2026-04-27T08:34:00","modified_gmt":"2026-04-27T08:34:00","slug":"poussoir-saucisses-10-l-verticale-incl-4-tubes-de-remplissage","status":"publish","type":"product","link":"https:\/\/gastora.eu\/en\/product\/poussoir-saucisses-10-l-verticale-incl-4-tubes-de-remplissage\/","title":{"rendered":"Poussoir \u00e0 saucisses &#8211; 10 L &#8211; verticale &#8211; incl 4 tubes de remplissage"},"content":{"rendered":"<p>Pour pr\u00e9parer rapidement un grand nombre de saucisses, utilisez cette machine \u00e0 farcir les saucisses professionnelle d&#8217;une capacit\u00e9 de 10 litres. Ainsi, vous n&#8217;aurez plus \u00e0 vous soucier de la pr\u00e9paration manuelle des saucisses. Si vous n&#8217;avez pas beaucoup de place sur votre plan de travail, ce mod\u00e8le vertical est une excellente solution. Lorsque vous commandez cette farceuse \u00e0 saucisses robuste, vous recevez quatre tubes de remplissage de tailles diff\u00e9rentes : 16, 22, 32 et 38 mm. Gr\u00e2ce au trou dans la plaque de pression, tr\u00e8s peu d&#8217;air p\u00e9n\u00e8tre dans le boyau pendant le processus. De plus, la plaque de pression est joliment ferm\u00e9e par un joint. La fabrication rapide de saucisses est possible \u00e0 deux vitesses diff\u00e9rentes et, gr\u00e2ce \u00e0 la manivelle manuelle, vous gardez le contr\u00f4le de l&#8217;ensemble du processus de remplissage.<\/p>\n<h3>Fabrication de saucisses simple et contr\u00f4l\u00e9e<\/h3>\n<p>Avant de commencer \u00e0 fabriquer des saucisses, vous devez choisir le bon tube de remplissage. Plus le tube est \u00e9pais, plus les saucisses qui sortiront de la remplisseuse seront \u00e9paisses. Inclinez le r\u00e9servoir et placez tous les ingr\u00e9dients \u00e0 l&#8217;int\u00e9rieur. Faites glisser le boyau ou le boyau artificiel sur le tube de remplissage et tournez la manivelle pour remplir. Il est important de tenir fermement le boyau et de veiller \u00e0 ce que l&#8217;air ne p\u00e9n\u00e8tre pas dans la saucisse. Il est \u00e9galement conseill\u00e9 de ne pas remplir trop serr\u00e9, sinon la saucisse ne pourra pas \u00eatre form\u00e9e correctement.<\/p>\n<h3>Facile \u00e0 nettoyer au lave-vaisselle<\/h3>\n<p>Un nettoyage r\u00e9gulier est indispensable, car il y a toujours un risque de r\u00e9sidus dans le r\u00e9servoir, la plaque de pression ou le tube de remplissage. La plupart des pi\u00e8ces en acier inoxydable peuvent \u00eatre retir\u00e9es de l&#8217;appareil pour \u00eatre nettoy\u00e9es au lave-vaisselle. Pour la plaque de pression, utilisez un chiffon humide et un peu de d\u00e9sinfectant. Apr\u00e8s le nettoyage, la machine \u00e0 farcir les saucisses peut \u00eatre remont\u00e9e pour la prochaine utilisation. En outre, la machine \u00e0 farcir les saucisses est \u00e9quip\u00e9e de quatre pieds en caoutchouc qui permettent de la poser sans qu&#8217;elle ne glisse.<\/p>\n<p><strong>Caract\u00e9ristiques<\/strong><\/p>\n<ul>\n<li>Bo\u00eetier, plaque de base, arbre et plaque de pressage en acier inoxydable<\/li>\n<li>La plaque de pressage est scell\u00e9e par un joint d&#8217;\u00e9tanch\u00e9it\u00e9<\/li>\n<li>La section de sortie peut \u00eatre retir\u00e9e en une seule fois<\/li>\n<li>Deux vitesses pour un dosage parfait<\/li>\n<li>Repose sur quatre pieds en caoutchouc<\/li>\n<li>Plaque de pressage avec un trou pour l&#8217;a\u00e9ration<\/li>\n<\/ul>\n<p><strong>Caract\u00e9ristiques du produit<\/strong><\/p>\n<ul>\n<li>Poids net : 14 kg<\/li>\n<li>Capacit\u00e9 de remplissage : 10L<\/li>\n<li>Dimensions du cylindre : \u00d821,9 x 27cm<\/li>\n<li>Dimensions de la machine : L33 x P30 x H58cm<\/li>\n<li>Diam\u00e8tre du cylindre de sortie : \u00d85cm<\/li>\n<\/ul>\n<p><em>Avec<\/em><\/p>\n<ul>\n<li><em>Quatre tubes de remplissage en acier inoxydable de \u00d816mm, \u00d822mm, \u00d832mm et \u00d838mm<\/em><\/li>\n<\/ul>","protected":false},"excerpt":{"rendered":"<p>Cette machine \u00e0 farcir les saucisses verticale a une capacit\u00e9 de remplissage de 10 litres pour r\u00e9aliser de d\u00e9licieuses saucisses. Cette machine \u00e0 farcir les saucisses a deux vitesses et est livr\u00e9e avec quatre tubes de remplissage. Le bo\u00eetier, la plaque de base, l&#8217;arbre et la plaque de pression sont en acier inoxydable, ce qui facilite le nettoyage. Parfait pour les boucheries et les restaurants.<\/p>","protected":false},"featured_media":6564,"template":"","meta":{"_acf_changed":false},"product_brand":[],"product_cat":[41],"product_tag":[],"class_list":{"0":"post-13907","1":"product","2":"type-product","3":"status-publish","4":"has-post-thumbnail","6":"product_cat-preparation","8":"first","9":"instock","10":"sale","11":"taxable","12":"shipping-taxable","13":"purchasable","14":"product-type-simple"},"acf":[],"yoast_head":"<!-- This site is optimized with the Yoast SEO plugin v27.4 - https:\/\/yoast.com\/product\/yoast-seo-wordpress\/ -->\n<title>Poussoir \u00e0 saucisses - 10 L - verticale - incl 4 tubes de remplissage - Gastora<\/title>\n<meta name=\"description\" content=\"Achetez Poussoir \u00e0 saucisses - 10 L - verticale - incl 4 tubes de remplissage au meilleur prix, fiable et performant avec une livraison rapide\" \/>\n<meta name=\"robots\" content=\"index, follow, max-snippet:-1, max-image-preview:large, max-video-preview:-1\" \/>\n<link rel=\"canonical\" href=\"https:\/\/gastora.eu\/en\/product\/poussoir-saucisses-10-l-verticale-incl-4-tubes-de-remplissage\/\" \/>\n<meta property=\"og:locale\" content=\"en_US\" \/>\n<meta property=\"og:type\" content=\"article\" \/>\n<meta property=\"og:title\" content=\"Poussoir \u00e0 saucisses - 10 L - verticale - incl 4 tubes de remplissage - Gastora\" \/>\n<meta property=\"og:description\" content=\"Achetez Poussoir \u00e0 saucisses - 10 L - verticale - incl 4 tubes de remplissage au meilleur prix, fiable et performant avec une livraison rapide\" \/>\n<meta property=\"og:url\" content=\"https:\/\/gastora.eu\/en\/product\/poussoir-saucisses-10-l-verticale-incl-4-tubes-de-remplissage\/\" \/>\n<meta property=\"og:site_name\" content=\"Gastora\" \/>\n<meta property=\"article:modified_time\" content=\"2026-04-27T08:34:00+00:00\" \/>\n<meta name=\"twitter:card\" content=\"summary_large_image\" \/>\n<meta name=\"twitter:label1\" content=\"Est. reading time\" \/>\n\t<meta name=\"twitter:data1\" content=\"2 minutes\" \/>\n<script type=\"application\/ld+json\" class=\"yoast-schema-graph\">{\"@context\":\"https:\\\/\\\/schema.org\",\"@graph\":[{\"@type\":\"WebPage\",\"@id\":\"https:\\\/\\\/gastora.eu\\\/product\\\/poussoir-saucisses-10-l-verticale-incl-4-tubes-de-remplissage\\\/\",\"url\":\"https:\\\/\\\/gastora.eu\\\/product\\\/poussoir-saucisses-10-l-verticale-incl-4-tubes-de-remplissage\\\/\",\"name\":\"Poussoir \u00e0 saucisses - 10 L - verticale - incl 4 tubes de remplissage - Gastora\",\"isPartOf\":{\"@id\":\"https:\\\/\\\/gastora.eu\\\/#website\"},\"primaryImageOfPage\":{\"@id\":\"https:\\\/\\\/gastora.eu\\\/product\\\/poussoir-saucisses-10-l-verticale-incl-4-tubes-de-remplissage\\\/#primaryimage\"},\"image\":{\"@id\":\"https:\\\/\\\/gastora.eu\\\/product\\\/poussoir-saucisses-10-l-verticale-incl-4-tubes-de-remplissage\\\/#primaryimage\"},\"thumbnailUrl\":\"https:\\\/\\\/gastora.eu\\\/wp-content\\\/uploads\\\/2026\\\/04\\\/sp-005-61656e706c1ce.jpg\",\"datePublished\":\"2026-04-25T17:39:24+00:00\",\"dateModified\":\"2026-04-27T08:34:00+00:00\",\"description\":\"Achetez Poussoir \u00e0 saucisses - 10 L - verticale - incl 4 tubes de remplissage au meilleur prix, fiable et performant avec une livraison rapide\",\"breadcrumb\":{\"@id\":\"https:\\\/\\\/gastora.eu\\\/product\\\/poussoir-saucisses-10-l-verticale-incl-4-tubes-de-remplissage\\\/#breadcrumb\"},\"inLanguage\":\"en-US\",\"potentialAction\":[{\"@type\":\"ReadAction\",\"target\":[\"https:\\\/\\\/gastora.eu\\\/product\\\/poussoir-saucisses-10-l-verticale-incl-4-tubes-de-remplissage\\\/\"]}]},{\"@type\":\"ImageObject\",\"inLanguage\":\"en-US\",\"@id\":\"https:\\\/\\\/gastora.eu\\\/product\\\/poussoir-saucisses-10-l-verticale-incl-4-tubes-de-remplissage\\\/#primaryimage\",\"url\":\"https:\\\/\\\/gastora.eu\\\/wp-content\\\/uploads\\\/2026\\\/04\\\/sp-005-61656e706c1ce.jpg\",\"contentUrl\":\"https:\\\/\\\/gastora.eu\\\/wp-content\\\/uploads\\\/2026\\\/04\\\/sp-005-61656e706c1ce.jpg\",\"width\":1024,\"height\":1024},{\"@type\":\"BreadcrumbList\",\"@id\":\"https:\\\/\\\/gastora.eu\\\/product\\\/poussoir-saucisses-10-l-verticale-incl-4-tubes-de-remplissage\\\/#breadcrumb\",\"itemListElement\":[{\"@type\":\"ListItem\",\"position\":1,\"name\":\"Home\",\"item\":\"https:\\\/\\\/gastora.eu\\\/\"},{\"@type\":\"ListItem\",\"position\":2,\"name\":\"Shop\",\"item\":\"https:\\\/\\\/gastora.eu\\\/shop\\\/\"},{\"@type\":\"ListItem\",\"position\":3,\"name\":\"Poussoir \u00e0 saucisses &#8211; 10 L &#8211; verticale &#8211; incl 4 tubes de remplissage\"}]},{\"@type\":\"WebSite\",\"@id\":\"https:\\\/\\\/gastora.eu\\\/#website\",\"url\":\"https:\\\/\\\/gastora.eu\\\/\",\"name\":\"Gastora\",\"description\":\"\u00c9quipements professionnels CHR\",\"publisher\":{\"@id\":\"https:\\\/\\\/gastora.eu\\\/#organization\"},\"potentialAction\":[{\"@type\":\"SearchAction\",\"target\":{\"@type\":\"EntryPoint\",\"urlTemplate\":\"https:\\\/\\\/gastora.eu\\\/?s={search_term_string}\"},\"query-input\":{\"@type\":\"PropertyValueSpecification\",\"valueRequired\":true,\"valueName\":\"search_term_string\"}}],\"inLanguage\":\"en-US\"},{\"@type\":\"Organization\",\"@id\":\"https:\\\/\\\/gastora.eu\\\/#organization\",\"name\":\"Gastora\",\"url\":\"https:\\\/\\\/gastora.eu\\\/\",\"logo\":{\"@type\":\"ImageObject\",\"inLanguage\":\"en-US\",\"@id\":\"https:\\\/\\\/gastora.eu\\\/#\\\/schema\\\/logo\\\/image\\\/\",\"url\":\"https:\\\/\\\/gastora.eu\\\/wp-content\\\/uploads\\\/2025\\\/12\\\/ChatGPT-Image-2-janv.-2026-22_52_47-1.png\",\"contentUrl\":\"https:\\\/\\\/gastora.eu\\\/wp-content\\\/uploads\\\/2025\\\/12\\\/ChatGPT-Image-2-janv.-2026-22_52_47-1.png\",\"width\":1536,\"height\":320,\"caption\":\"Gastora\"},\"image\":{\"@id\":\"https:\\\/\\\/gastora.eu\\\/#\\\/schema\\\/logo\\\/image\\\/\"}}]}<\/script>\n<!-- \/ Yoast SEO plugin. -->","yoast_head_json":{"title":"Poussoir \u00e0 saucisses - 10 L - verticale - incl 4 tubes de remplissage - Gastora","description":"Achetez Poussoir \u00e0 saucisses - 10 L - verticale - incl 4 tubes de remplissage au meilleur prix, fiable et performant avec une livraison rapide","robots":{"index":"index","follow":"follow","max-snippet":"max-snippet:-1","max-image-preview":"max-image-preview:large","max-video-preview":"max-video-preview:-1"},"canonical":"https:\/\/gastora.eu\/en\/product\/poussoir-saucisses-10-l-verticale-incl-4-tubes-de-remplissage\/","og_locale":"en_US","og_type":"article","og_title":"Poussoir \u00e0 saucisses - 10 L - verticale - incl 4 tubes de remplissage - Gastora","og_description":"Achetez Poussoir \u00e0 saucisses - 10 L - verticale - incl 4 tubes de remplissage au meilleur prix, fiable et performant avec une livraison rapide","og_url":"https:\/\/gastora.eu\/en\/product\/poussoir-saucisses-10-l-verticale-incl-4-tubes-de-remplissage\/","og_site_name":"Gastora","article_modified_time":"2026-04-27T08:34:00+00:00","twitter_card":"summary_large_image","twitter_misc":{"Est. reading time":"2 minutes"},"schema":{"@context":"https:\/\/schema.org","@graph":[{"@type":"WebPage","@id":"https:\/\/gastora.eu\/product\/poussoir-saucisses-10-l-verticale-incl-4-tubes-de-remplissage\/","url":"https:\/\/gastora.eu\/product\/poussoir-saucisses-10-l-verticale-incl-4-tubes-de-remplissage\/","name":"Poussoir \u00e0 saucisses - 10 L - verticale - incl 4 tubes de remplissage - Gastora","isPartOf":{"@id":"https:\/\/gastora.eu\/#website"},"primaryImageOfPage":{"@id":"https:\/\/gastora.eu\/product\/poussoir-saucisses-10-l-verticale-incl-4-tubes-de-remplissage\/#primaryimage"},"image":{"@id":"https:\/\/gastora.eu\/product\/poussoir-saucisses-10-l-verticale-incl-4-tubes-de-remplissage\/#primaryimage"},"thumbnailUrl":"https:\/\/gastora.eu\/wp-content\/uploads\/2026\/04\/sp-005-61656e706c1ce.jpg","datePublished":"2026-04-25T17:39:24+00:00","dateModified":"2026-04-27T08:34:00+00:00","description":"Achetez Poussoir \u00e0 saucisses - 10 L - verticale - incl 4 tubes de remplissage au meilleur prix, fiable et performant avec une livraison rapide","breadcrumb":{"@id":"https:\/\/gastora.eu\/product\/poussoir-saucisses-10-l-verticale-incl-4-tubes-de-remplissage\/#breadcrumb"},"inLanguage":"en-US","potentialAction":[{"@type":"ReadAction","target":["https:\/\/gastora.eu\/product\/poussoir-saucisses-10-l-verticale-incl-4-tubes-de-remplissage\/"]}]},{"@type":"ImageObject","inLanguage":"en-US","@id":"https:\/\/gastora.eu\/product\/poussoir-saucisses-10-l-verticale-incl-4-tubes-de-remplissage\/#primaryimage","url":"https:\/\/gastora.eu\/wp-content\/uploads\/2026\/04\/sp-005-61656e706c1ce.jpg","contentUrl":"https:\/\/gastora.eu\/wp-content\/uploads\/2026\/04\/sp-005-61656e706c1ce.jpg","width":1024,"height":1024},{"@type":"BreadcrumbList","@id":"https:\/\/gastora.eu\/product\/poussoir-saucisses-10-l-verticale-incl-4-tubes-de-remplissage\/#breadcrumb","itemListElement":[{"@type":"ListItem","position":1,"name":"Home","item":"https:\/\/gastora.eu\/"},{"@type":"ListItem","position":2,"name":"Shop","item":"https:\/\/gastora.eu\/shop\/"},{"@type":"ListItem","position":3,"name":"Poussoir \u00e0 saucisses &#8211; 10 L &#8211; verticale &#8211; incl 4 tubes de remplissage"}]},{"@type":"WebSite","@id":"https:\/\/gastora.eu\/#website","url":"https:\/\/gastora.eu\/","name":"Gastora","description":"\u00c9quipements professionnels CHR","publisher":{"@id":"https:\/\/gastora.eu\/#organization"},"potentialAction":[{"@type":"SearchAction","target":{"@type":"EntryPoint","urlTemplate":"https:\/\/gastora.eu\/?s={search_term_string}"},"query-input":{"@type":"PropertyValueSpecification","valueRequired":true,"valueName":"search_term_string"}}],"inLanguage":"en-US"},{"@type":"Organization","@id":"https:\/\/gastora.eu\/#organization","name":"Gastora","url":"https:\/\/gastora.eu\/","logo":{"@type":"ImageObject","inLanguage":"en-US","@id":"https:\/\/gastora.eu\/#\/schema\/logo\/image\/","url":"https:\/\/gastora.eu\/wp-content\/uploads\/2025\/12\/ChatGPT-Image-2-janv.-2026-22_52_47-1.png","contentUrl":"https:\/\/gastora.eu\/wp-content\/uploads\/2025\/12\/ChatGPT-Image-2-janv.-2026-22_52_47-1.png","width":1536,"height":320,"caption":"Gastora"},"image":{"@id":"https:\/\/gastora.eu\/#\/schema\/logo\/image\/"}}]}},"jetpack_sharing_enabled":true,"_links":{"self":[{"href":"https:\/\/gastora.eu\/en\/wp-json\/wp\/v2\/product\/13907","targetHints":{"allow":["GET"]}}],"collection":[{"href":"https:\/\/gastora.eu\/en\/wp-json\/wp\/v2\/product"}],"about":[{"href":"https:\/\/gastora.eu\/en\/wp-json\/wp\/v2\/types\/product"}],"wp:featuredmedia":[{"embeddable":true,"href":"https:\/\/gastora.eu\/en\/wp-json\/wp\/v2\/media\/6564"}],"wp:attachment":[{"href":"https:\/\/gastora.eu\/en\/wp-json\/wp\/v2\/media?parent=13907"}],"wp:term":[{"taxonomy":"product_brand","embeddable":true,"href":"https:\/\/gastora.eu\/en\/wp-json\/wp\/v2\/product_brand?post=13907"},{"taxonomy":"product_cat","embeddable":true,"href":"https:\/\/gastora.eu\/en\/wp-json\/wp\/v2\/product_cat?post=13907"},{"taxonomy":"product_tag","embeddable":true,"href":"https:\/\/gastora.eu\/en\/wp-json\/wp\/v2\/product_tag?post=13907"}],"curies":[{"name":"wp","href":"https:\/\/api.w.org\/{rel}","templated":true}]}}