{"id":13904,"date":"2026-04-25T17:39:21","date_gmt":"2026-04-25T17:39:21","guid":{"rendered":"https:\/\/gastora.eu\/?post_type=product&#038;p=13904"},"modified":"2026-04-27T08:34:00","modified_gmt":"2026-04-27T08:34:00","slug":"poussoir-saucisses-3-l-verticale-incl-4-tubes-de-remplissage","status":"publish","type":"product","link":"https:\/\/gastora.eu\/en\/product\/poussoir-saucisses-3-l-verticale-incl-4-tubes-de-remplissage\/","title":{"rendered":"Poussoir \u00e0 saucisses &#8211; 3 L &#8211; verticale &#8211; incl 4 tubes de remplissage"},"content":{"rendered":"<p>Parce que la fabrication manuelle de saucisses est une t\u00e2che difficile et fastidieuse, cet appareil est un compl\u00e9ment pr\u00e9cieux \u00e0 toute boucherie. Cette remplisseuse de saucisses professionnelle est enti\u00e8rement fabriqu\u00e9e en acier inoxydable et a une capacit\u00e9 de remplissage de 3 litres. La remplisseuse de saucisses est livr\u00e9e avec quatre tubes de remplissage en acier inoxydable de 16, 22, 32 et 38 mm de diam\u00e8tre. La plaque de pression est munie d&#8217;un trou d&#8217;a\u00e9ration et d&#8217;un joint d&#8217;\u00e9tanch\u00e9it\u00e9. En utilisant la plaque de pression, vous pressez manuellement la viande dans le tube de remplissage \u00e0 l&#8217;aide d&#8217;une manivelle. Vous pouvez tourner des saucisses \u00e0 deux vitesses avec cette solide machine \u00e0 fabriquer des saucisses.<\/p>\n<h3>Une fabrication de saucisses simple et contr\u00f4l\u00e9e<\/h3>\n<p>Pour fabriquer des saucisses avec cette solide remplisseuse de saucisses, vous pouvez utiliser l&#8217;un des quatre tubes de remplissage. Les tubes de remplissage d\u00e9terminent l&#8217;\u00e9paisseur des saucisses. Il suffit d&#8217;incliner le r\u00e9servoir vers vous et de le remplir d&#8217;ingr\u00e9dients. Le boyau utilis\u00e9 pour fabriquer la saucisse glisse sur le tube de remplissage et doit \u00eatre maintenu fermement. Tournez la manivelle et les ingr\u00e9dients sont pouss\u00e9s dans le tube de remplissage. Il est important que le boyau soit rempli le plus herm\u00e9tiquement possible et qu&#8217;il n&#8217;y ait pas d&#8217;air ajout\u00e9. Lorsque la saucisse est pr\u00eate, tournez-la plusieurs fois et retirez-la du tube de remplissage.<\/p>\n<h3>Lavable au lave-vaisselle<\/h3>\n<p>Comme cet appareil est utilis\u00e9 avec des ingr\u00e9dients frais, il doit \u00eatre nettoy\u00e9 correctement apr\u00e8s usage. Pour ce faire, le r\u00e9servoir et les tubes de remplissage peuvent \u00eatre facilement retir\u00e9s. Les pi\u00e8ces \u00e9tant en acier inoxydable, elles peuvent \u00eatre nettoy\u00e9es au lave-vaisselle. Pour la plaque de pression, utilisez un d\u00e9sinfectant et un chiffon humide. Apr\u00e8s le nettoyage, la remplisseuse de saucisses peut \u00eatre remont\u00e9e. En outre, la machine \u00e0 saucisses est \u00e9quip\u00e9e de quatre pieds en caoutchouc afin qu&#8217;elle puisse \u00eatre plac\u00e9e sans glisser pendant l&#8217;utilisation.<\/p>\n<p><strong>Caract\u00e9ristiques<\/strong><\/p>\n<ul>\n<li>Bo\u00eetier, plaque de base, arbre et plaque de pressage en acier inoxydable<\/li>\n<li>La plaque de pressage est scell\u00e9e par un joint d&#8217;\u00e9tanch\u00e9it\u00e9<\/li>\n<li>La section de sortie peut \u00eatre retir\u00e9e en une seule fois<\/li>\n<li>Deux vitesses pour un dosage parfait<\/li>\n<li>Repose sur quatre pieds en caoutchouc<\/li>\n<li>Plaque de pressage avec un trou pour l&#8217;a\u00e9ration<\/li>\n<\/ul>\n<p><strong>Caract\u00e9ristiques du produit<\/strong><\/p>\n<ul>\n<li>Poids net : 8 kg<\/li>\n<li>Capacit\u00e9 de remplissage : 3L<\/li>\n<li>Dimensions du cylindre : \u00d814 x 20 cm<\/li>\n<li>Dimensions de l&#8217;appareil : L34 x P30 x H57cm<\/li>\n<li>Diam\u00e8tre du cylindre de sortie : \u00d85cm<\/li>\n<\/ul>\n<p><em>Inclus<\/em><\/p>\n<ul>\n<li><em>Quatre tubes de remplissage en acier inoxydable de \u00d816mm, \u00d822mm, \u00d832mm et \u00d838mm<\/em><\/li>\n<\/ul>","protected":false},"excerpt":{"rendered":"<p>Cette machine \u00e0 farcir les saucisses verticale a une capacit\u00e9 de remplissage de 3 litres pour pr\u00e9parer de d\u00e9licieuses saucisses. Cette machine \u00e0 farcir les saucisses a deux vitesses et est livr\u00e9e avec quatre tubes de remplissage. Le bo\u00eetier, la plaque de base, l&#8217;arbre et la plaque de pression sont en acier inoxydable, ce qui facilite le nettoyage. Parfait pour les boucheries et les restaurants.<\/p>","protected":false},"featured_media":6558,"template":"","meta":{"_acf_changed":false},"product_brand":[],"product_cat":[41],"product_tag":[],"class_list":{"0":"post-13904","1":"product","2":"type-product","3":"status-publish","4":"has-post-thumbnail","6":"product_cat-preparation","8":"first","9":"instock","10":"sale","11":"taxable","12":"shipping-taxable","13":"purchasable","14":"product-type-simple"},"acf":[],"yoast_head":"<!-- This site is optimized with the Yoast SEO plugin v27.4 - https:\/\/yoast.com\/product\/yoast-seo-wordpress\/ -->\n<title>Poussoir \u00e0 saucisses - 3 L - verticale - incl 4 tubes de remplissage - Gastora<\/title>\n<meta name=\"description\" content=\"Achetez Poussoir \u00e0 saucisses - 3 L - verticale - incl 4 tubes de remplissage au meilleur prix, fiable et performant avec une livraison rapide\" \/>\n<meta name=\"robots\" content=\"index, follow, max-snippet:-1, max-image-preview:large, max-video-preview:-1\" \/>\n<link rel=\"canonical\" href=\"https:\/\/gastora.eu\/en\/product\/poussoir-saucisses-3-l-verticale-incl-4-tubes-de-remplissage\/\" \/>\n<meta property=\"og:locale\" content=\"en_US\" \/>\n<meta property=\"og:type\" content=\"article\" \/>\n<meta property=\"og:title\" content=\"Poussoir \u00e0 saucisses - 3 L - verticale - incl 4 tubes de remplissage - Gastora\" \/>\n<meta property=\"og:description\" content=\"Achetez Poussoir \u00e0 saucisses - 3 L - verticale - incl 4 tubes de remplissage au meilleur prix, fiable et performant avec une livraison rapide\" \/>\n<meta property=\"og:url\" content=\"https:\/\/gastora.eu\/en\/product\/poussoir-saucisses-3-l-verticale-incl-4-tubes-de-remplissage\/\" \/>\n<meta property=\"og:site_name\" content=\"Gastora\" \/>\n<meta property=\"article:modified_time\" content=\"2026-04-27T08:34:00+00:00\" \/>\n<meta name=\"twitter:card\" content=\"summary_large_image\" \/>\n<meta name=\"twitter:label1\" content=\"Est. reading time\" \/>\n\t<meta name=\"twitter:data1\" content=\"2 minutes\" \/>\n<script type=\"application\/ld+json\" class=\"yoast-schema-graph\">{\"@context\":\"https:\\\/\\\/schema.org\",\"@graph\":[{\"@type\":\"WebPage\",\"@id\":\"https:\\\/\\\/gastora.eu\\\/product\\\/poussoir-saucisses-3-l-verticale-incl-4-tubes-de-remplissage\\\/\",\"url\":\"https:\\\/\\\/gastora.eu\\\/product\\\/poussoir-saucisses-3-l-verticale-incl-4-tubes-de-remplissage\\\/\",\"name\":\"Poussoir \u00e0 saucisses - 3 L - verticale - incl 4 tubes de remplissage - Gastora\",\"isPartOf\":{\"@id\":\"https:\\\/\\\/gastora.eu\\\/#website\"},\"primaryImageOfPage\":{\"@id\":\"https:\\\/\\\/gastora.eu\\\/product\\\/poussoir-saucisses-3-l-verticale-incl-4-tubes-de-remplissage\\\/#primaryimage\"},\"image\":{\"@id\":\"https:\\\/\\\/gastora.eu\\\/product\\\/poussoir-saucisses-3-l-verticale-incl-4-tubes-de-remplissage\\\/#primaryimage\"},\"thumbnailUrl\":\"https:\\\/\\\/gastora.eu\\\/wp-content\\\/uploads\\\/2026\\\/04\\\/sp-005-61656e703ac82.jpg\",\"datePublished\":\"2026-04-25T17:39:21+00:00\",\"dateModified\":\"2026-04-27T08:34:00+00:00\",\"description\":\"Achetez Poussoir \u00e0 saucisses - 3 L - verticale - incl 4 tubes de remplissage au meilleur prix, fiable et performant avec une livraison rapide\",\"breadcrumb\":{\"@id\":\"https:\\\/\\\/gastora.eu\\\/product\\\/poussoir-saucisses-3-l-verticale-incl-4-tubes-de-remplissage\\\/#breadcrumb\"},\"inLanguage\":\"en-US\",\"potentialAction\":[{\"@type\":\"ReadAction\",\"target\":[\"https:\\\/\\\/gastora.eu\\\/product\\\/poussoir-saucisses-3-l-verticale-incl-4-tubes-de-remplissage\\\/\"]}]},{\"@type\":\"ImageObject\",\"inLanguage\":\"en-US\",\"@id\":\"https:\\\/\\\/gastora.eu\\\/product\\\/poussoir-saucisses-3-l-verticale-incl-4-tubes-de-remplissage\\\/#primaryimage\",\"url\":\"https:\\\/\\\/gastora.eu\\\/wp-content\\\/uploads\\\/2026\\\/04\\\/sp-005-61656e703ac82.jpg\",\"contentUrl\":\"https:\\\/\\\/gastora.eu\\\/wp-content\\\/uploads\\\/2026\\\/04\\\/sp-005-61656e703ac82.jpg\",\"width\":1024,\"height\":1024},{\"@type\":\"BreadcrumbList\",\"@id\":\"https:\\\/\\\/gastora.eu\\\/product\\\/poussoir-saucisses-3-l-verticale-incl-4-tubes-de-remplissage\\\/#breadcrumb\",\"itemListElement\":[{\"@type\":\"ListItem\",\"position\":1,\"name\":\"Home\",\"item\":\"https:\\\/\\\/gastora.eu\\\/\"},{\"@type\":\"ListItem\",\"position\":2,\"name\":\"Shop\",\"item\":\"https:\\\/\\\/gastora.eu\\\/shop\\\/\"},{\"@type\":\"ListItem\",\"position\":3,\"name\":\"Poussoir \u00e0 saucisses &#8211; 3 L &#8211; verticale &#8211; incl 4 tubes de remplissage\"}]},{\"@type\":\"WebSite\",\"@id\":\"https:\\\/\\\/gastora.eu\\\/#website\",\"url\":\"https:\\\/\\\/gastora.eu\\\/\",\"name\":\"Gastora\",\"description\":\"\u00c9quipements professionnels CHR\",\"publisher\":{\"@id\":\"https:\\\/\\\/gastora.eu\\\/#organization\"},\"potentialAction\":[{\"@type\":\"SearchAction\",\"target\":{\"@type\":\"EntryPoint\",\"urlTemplate\":\"https:\\\/\\\/gastora.eu\\\/?s={search_term_string}\"},\"query-input\":{\"@type\":\"PropertyValueSpecification\",\"valueRequired\":true,\"valueName\":\"search_term_string\"}}],\"inLanguage\":\"en-US\"},{\"@type\":\"Organization\",\"@id\":\"https:\\\/\\\/gastora.eu\\\/#organization\",\"name\":\"Gastora\",\"url\":\"https:\\\/\\\/gastora.eu\\\/\",\"logo\":{\"@type\":\"ImageObject\",\"inLanguage\":\"en-US\",\"@id\":\"https:\\\/\\\/gastora.eu\\\/#\\\/schema\\\/logo\\\/image\\\/\",\"url\":\"https:\\\/\\\/gastora.eu\\\/wp-content\\\/uploads\\\/2025\\\/12\\\/ChatGPT-Image-2-janv.-2026-22_52_47-1.png\",\"contentUrl\":\"https:\\\/\\\/gastora.eu\\\/wp-content\\\/uploads\\\/2025\\\/12\\\/ChatGPT-Image-2-janv.-2026-22_52_47-1.png\",\"width\":1536,\"height\":320,\"caption\":\"Gastora\"},\"image\":{\"@id\":\"https:\\\/\\\/gastora.eu\\\/#\\\/schema\\\/logo\\\/image\\\/\"}}]}<\/script>\n<!-- \/ Yoast SEO plugin. -->","yoast_head_json":{"title":"Poussoir \u00e0 saucisses - 3 L - verticale - incl 4 tubes de remplissage - Gastora","description":"Achetez Poussoir \u00e0 saucisses - 3 L - verticale - incl 4 tubes de remplissage au meilleur prix, fiable et performant avec une livraison rapide","robots":{"index":"index","follow":"follow","max-snippet":"max-snippet:-1","max-image-preview":"max-image-preview:large","max-video-preview":"max-video-preview:-1"},"canonical":"https:\/\/gastora.eu\/en\/product\/poussoir-saucisses-3-l-verticale-incl-4-tubes-de-remplissage\/","og_locale":"en_US","og_type":"article","og_title":"Poussoir \u00e0 saucisses - 3 L - verticale - incl 4 tubes de remplissage - Gastora","og_description":"Achetez Poussoir \u00e0 saucisses - 3 L - verticale - incl 4 tubes de remplissage au meilleur prix, fiable et performant avec une livraison rapide","og_url":"https:\/\/gastora.eu\/en\/product\/poussoir-saucisses-3-l-verticale-incl-4-tubes-de-remplissage\/","og_site_name":"Gastora","article_modified_time":"2026-04-27T08:34:00+00:00","twitter_card":"summary_large_image","twitter_misc":{"Est. reading time":"2 minutes"},"schema":{"@context":"https:\/\/schema.org","@graph":[{"@type":"WebPage","@id":"https:\/\/gastora.eu\/product\/poussoir-saucisses-3-l-verticale-incl-4-tubes-de-remplissage\/","url":"https:\/\/gastora.eu\/product\/poussoir-saucisses-3-l-verticale-incl-4-tubes-de-remplissage\/","name":"Poussoir \u00e0 saucisses - 3 L - verticale - incl 4 tubes de remplissage - Gastora","isPartOf":{"@id":"https:\/\/gastora.eu\/#website"},"primaryImageOfPage":{"@id":"https:\/\/gastora.eu\/product\/poussoir-saucisses-3-l-verticale-incl-4-tubes-de-remplissage\/#primaryimage"},"image":{"@id":"https:\/\/gastora.eu\/product\/poussoir-saucisses-3-l-verticale-incl-4-tubes-de-remplissage\/#primaryimage"},"thumbnailUrl":"https:\/\/gastora.eu\/wp-content\/uploads\/2026\/04\/sp-005-61656e703ac82.jpg","datePublished":"2026-04-25T17:39:21+00:00","dateModified":"2026-04-27T08:34:00+00:00","description":"Achetez Poussoir \u00e0 saucisses - 3 L - verticale - incl 4 tubes de remplissage au meilleur prix, fiable et performant avec une livraison rapide","breadcrumb":{"@id":"https:\/\/gastora.eu\/product\/poussoir-saucisses-3-l-verticale-incl-4-tubes-de-remplissage\/#breadcrumb"},"inLanguage":"en-US","potentialAction":[{"@type":"ReadAction","target":["https:\/\/gastora.eu\/product\/poussoir-saucisses-3-l-verticale-incl-4-tubes-de-remplissage\/"]}]},{"@type":"ImageObject","inLanguage":"en-US","@id":"https:\/\/gastora.eu\/product\/poussoir-saucisses-3-l-verticale-incl-4-tubes-de-remplissage\/#primaryimage","url":"https:\/\/gastora.eu\/wp-content\/uploads\/2026\/04\/sp-005-61656e703ac82.jpg","contentUrl":"https:\/\/gastora.eu\/wp-content\/uploads\/2026\/04\/sp-005-61656e703ac82.jpg","width":1024,"height":1024},{"@type":"BreadcrumbList","@id":"https:\/\/gastora.eu\/product\/poussoir-saucisses-3-l-verticale-incl-4-tubes-de-remplissage\/#breadcrumb","itemListElement":[{"@type":"ListItem","position":1,"name":"Home","item":"https:\/\/gastora.eu\/"},{"@type":"ListItem","position":2,"name":"Shop","item":"https:\/\/gastora.eu\/shop\/"},{"@type":"ListItem","position":3,"name":"Poussoir \u00e0 saucisses &#8211; 3 L &#8211; verticale &#8211; incl 4 tubes de remplissage"}]},{"@type":"WebSite","@id":"https:\/\/gastora.eu\/#website","url":"https:\/\/gastora.eu\/","name":"Gastora","description":"\u00c9quipements professionnels CHR","publisher":{"@id":"https:\/\/gastora.eu\/#organization"},"potentialAction":[{"@type":"SearchAction","target":{"@type":"EntryPoint","urlTemplate":"https:\/\/gastora.eu\/?s={search_term_string}"},"query-input":{"@type":"PropertyValueSpecification","valueRequired":true,"valueName":"search_term_string"}}],"inLanguage":"en-US"},{"@type":"Organization","@id":"https:\/\/gastora.eu\/#organization","name":"Gastora","url":"https:\/\/gastora.eu\/","logo":{"@type":"ImageObject","inLanguage":"en-US","@id":"https:\/\/gastora.eu\/#\/schema\/logo\/image\/","url":"https:\/\/gastora.eu\/wp-content\/uploads\/2025\/12\/ChatGPT-Image-2-janv.-2026-22_52_47-1.png","contentUrl":"https:\/\/gastora.eu\/wp-content\/uploads\/2025\/12\/ChatGPT-Image-2-janv.-2026-22_52_47-1.png","width":1536,"height":320,"caption":"Gastora"},"image":{"@id":"https:\/\/gastora.eu\/#\/schema\/logo\/image\/"}}]}},"jetpack_sharing_enabled":true,"_links":{"self":[{"href":"https:\/\/gastora.eu\/en\/wp-json\/wp\/v2\/product\/13904","targetHints":{"allow":["GET"]}}],"collection":[{"href":"https:\/\/gastora.eu\/en\/wp-json\/wp\/v2\/product"}],"about":[{"href":"https:\/\/gastora.eu\/en\/wp-json\/wp\/v2\/types\/product"}],"wp:featuredmedia":[{"embeddable":true,"href":"https:\/\/gastora.eu\/en\/wp-json\/wp\/v2\/media\/6558"}],"wp:attachment":[{"href":"https:\/\/gastora.eu\/en\/wp-json\/wp\/v2\/media?parent=13904"}],"wp:term":[{"taxonomy":"product_brand","embeddable":true,"href":"https:\/\/gastora.eu\/en\/wp-json\/wp\/v2\/product_brand?post=13904"},{"taxonomy":"product_cat","embeddable":true,"href":"https:\/\/gastora.eu\/en\/wp-json\/wp\/v2\/product_cat?post=13904"},{"taxonomy":"product_tag","embeddable":true,"href":"https:\/\/gastora.eu\/en\/wp-json\/wp\/v2\/product_tag?post=13904"}],"curies":[{"name":"wp","href":"https:\/\/api.w.org\/{rel}","templated":true}]}}