{"id":13902,"date":"2026-04-25T17:39:19","date_gmt":"2026-04-25T17:39:19","guid":{"rendered":"https:\/\/gastora.eu\/?post_type=product&#038;p=13902"},"modified":"2026-04-28T16:55:30","modified_gmt":"2026-04-28T16:55:30","slug":"rfrigrateur-de-boulangerie-800-l-tagres-rglables-convient-60-x-40-cm-sur-roues","status":"publish","type":"product","link":"https:\/\/gastora.eu\/en\/product\/rfrigrateur-de-boulangerie-800-l-tagres-rglables-convient-60-x-40-cm-sur-roues\/","title":{"rendered":"R\u00e9frig\u00e9rateur de boulangerie &#8211; 800 L &#8211; \u00e9tag\u00e8res r\u00e9glables &#8211; convient \u00e0 60 x 40 cm &#8211; sur roues"},"content":{"rendered":"<p>Ce r\u00e9frig\u00e9rateur professionnel pour boulangerie est con\u00e7u pour les cuisines actives qui ont besoin d&#8217;une r\u00e9frig\u00e9ration fiable, d&#8217;une grande flexibilit\u00e9 et d&#8217;une grande facilit\u00e9 d&#8217;utilisation. Gr\u00e2ce \u00e0 son agencement intelligent et \u00e0 sa construction durable, il facilite la production quotidienne et maintient les ingr\u00e9dients parfaitement r\u00e9frig\u00e9r\u00e9s.<\/p>\n<h2>Refroidissement fiable pour la production de p\u00e2tisseries<\/h2>\n<p>Avec une capacit\u00e9 brute de 800 litres, ce r\u00e9frig\u00e9rateur pour boulangerie offre beaucoup d&#8217;espace pour stocker la p\u00e2te, les p\u00e2tisseries et les ingr\u00e9dients. Le syst\u00e8me de refroidissement ventil\u00e9 avec \u00e9vaporateur assure une r\u00e9partition homog\u00e8ne de la temp\u00e9rature, tandis que le r\u00e9gulateur num\u00e9rique permet des r\u00e9glages pr\u00e9cis entre -2\u00b0C et 8\u00b0C. Le r\u00e9frig\u00e9rant R290 est sans CFC et \u00e9conome en \u00e9nergie, ce qui permet de r\u00e9duire l&#8217;impact sur l&#8217;environnement tout en conservant de bonnes performances de refroidissement.<\/p>\n<h2>Stockage flexible gr\u00e2ce au syst\u00e8me de guidage<\/h2>\n<p>Le r\u00e9frig\u00e9rateur est livr\u00e9 avec dix jeux de guides, con\u00e7us pour une utilisation en boulangerie. Les guides sont r\u00e9glables en hauteur et chaque niveau peut accueillir deux \u00e9tag\u00e8res de 60&#215;40 cm ou une \u00e9tag\u00e8re de 60&#215;80 cm, offrant ainsi une flexibilit\u00e9 maximale. L&#8217;\u00e9clairage LED lumineux garantit une vue claire de vos produits \u00e0 tout moment. La porte \u00e0 fermeture automatique permet de maintenir une temp\u00e9rature interne stable, tandis que la serrure int\u00e9gr\u00e9e assure la s\u00e9curit\u00e9 du contenu. Gr\u00e2ce aux quatre roues, dont deux avec frein, l&#8217;unit\u00e9 peut \u00eatre facilement d\u00e9plac\u00e9e et positionn\u00e9e l\u00e0 o\u00f9 vous le souhaitez.<\/p>\n<h2>Durable et facile \u00e0 entretenir<\/h2>\n<p>Ce r\u00e9frig\u00e9rateur pour boulangerie est con\u00e7u pour une utilisation quotidienne intensive et pour l&#8217;hygi\u00e8ne. L&#8217;int\u00e9rieur en acier inoxydable aux angles arrondis permet un nettoyage rapide et minutieux, \u00e9vitant l&#8217;accumulation de salet\u00e9 dans les zones difficiles d&#8217;acc\u00e8s. Le joint de porte en caoutchouc antibact\u00e9rien est facile \u00e0 retirer et \u00e0 nettoyer, ce qui permet de respecter les normes de s\u00e9curit\u00e9 alimentaire. En outre, la fonction de d\u00e9givrage automatique r\u00e9duit le temps d&#8217;entretien et garantit un fonctionnement efficace du r\u00e9frig\u00e9rateur. Un nettoyage r\u00e9gulier et une bonne ventilation contribueront \u00e0 prolonger la dur\u00e9e de vie et \u00e0 maintenir des performances optimales.<\/p>\n<p>Choisissez ce r\u00e9frig\u00e9rateur de boulangerie de 800 litres pour stocker efficacement des \u00e9tag\u00e8res de 60&#215;40 cm et de 60&#215;80 cm tout en maintenant un contr\u00f4le parfait de la temp\u00e9rature dans votre cuisine.<\/p>\n<p><strong>Caract\u00e9ristiques<\/strong><\/p>\n<ul>\n<li>Solide isolation protectrice de 6 cm<\/li>\n<li>Contr\u00f4le num\u00e9rique de la temp\u00e9rature (Dixell)<\/li>\n<li>Syst\u00e8me de refroidissement ventil\u00e9 avec \u00e9vaporateur<\/li>\n<li>Cycle de r\u00e9frig\u00e9ration sp\u00e9cialis\u00e9 pour r\u00e9duire la formation de glace<\/li>\n<li>Livr\u00e9 avec 10 jeux de guides<\/li>\n<\/ul>\n<p><strong>Caract\u00e9ristiques du produit<\/strong><\/p>\n<ul>\n<li>Poids net : 140 kg<\/li>\n<li>Capacit\u00e9 nette : 612L<\/li>\n<li>Distance entre les \u00e9tag\u00e8res : 10,5 cm<\/li>\n<li>Dimensions int\u00e9rieures : L62,4 x P86 x H139,6cm<\/li>\n<li>Dimensions ext\u00e9rieures : L74 x P99 x H201cm<\/li>\n<li>230V \/ 50Hz \/ 1 Phase 390W<\/li>\n<\/ul>\n<p><em>Incluant<\/em><\/p>\n<ul>\n<li><em>Dix jeux de guides (80 cm)<\/em><\/li>\n<\/ul>\n<p><em>Sans<\/em><\/p>\n<ul>\n<li><em>Tablettes<\/em><\/li>\n<\/ul>","protected":false},"excerpt":{"rendered":"<p>Ce r\u00e9frig\u00e9rateur professionnel pour boulangerie de 800 litres est livr\u00e9 avec dix jeux de guides qui conviennent pour deux \u00e9tag\u00e8res de 60&#215;40 cm ou une \u00e9tag\u00e8re de 60&#215;80 cm par niveau. Le r\u00e9frig\u00e9rateur pour boulangerie est \u00e9quip\u00e9 d&#8217;un syst\u00e8me de refroidissement ventil\u00e9, d&#8217;un \u00e9clairage LED, d&#8217;une porte \u00e0 fermeture automatique avec serrure et de roulettes pour une utilisation flexible et efficace dans les cuisines tr\u00e8s fr\u00e9quent\u00e9es.<\/p>","protected":false},"featured_media":6554,"template":"","meta":{"_acf_changed":false},"product_brand":[],"product_cat":[474],"product_tag":[],"class_list":{"0":"post-13902","1":"product","2":"type-product","3":"status-publish","4":"has-post-thumbnail","6":"product_cat-armoires-refrigerees-positif-negatif-2","8":"first","9":"instock","10":"sale","11":"taxable","12":"shipping-taxable","13":"purchasable","14":"product-type-simple"},"acf":[],"yoast_head":"<!-- This site is optimized with the Yoast SEO plugin v27.4 - https:\/\/yoast.com\/product\/yoast-seo-wordpress\/ -->\n<title>R\u00e9frig\u00e9rateur de boulangerie - 800 L - \u00e9tag\u00e8res r\u00e9glables - convient \u00e0 60 x 40 cm - sur roues - Gastora<\/title>\n<meta name=\"description\" content=\"Achetez R\u00e9frig\u00e9rateur de boulangerie - 800 L - \u00e9tag\u00e8res r\u00e9glables - convient \u00e0 60 x 40 cm - sur roues au meilleur prix, fiable et performant avec une livraison rapide\" \/>\n<meta name=\"robots\" content=\"index, follow, max-snippet:-1, max-image-preview:large, max-video-preview:-1\" \/>\n<link rel=\"canonical\" href=\"https:\/\/gastora.eu\/en\/product\/rfrigrateur-de-boulangerie-800-l-tagres-rglables-convient-60-x-40-cm-sur-roues\/\" \/>\n<meta property=\"og:locale\" content=\"en_US\" \/>\n<meta property=\"og:type\" content=\"article\" \/>\n<meta property=\"og:title\" content=\"R\u00e9frig\u00e9rateur de boulangerie - 800 L - \u00e9tag\u00e8res r\u00e9glables - convient \u00e0 60 x 40 cm - sur roues - Gastora\" \/>\n<meta property=\"og:description\" content=\"Achetez R\u00e9frig\u00e9rateur de boulangerie - 800 L - \u00e9tag\u00e8res r\u00e9glables - convient \u00e0 60 x 40 cm - sur roues au meilleur prix, fiable et performant avec une livraison rapide\" \/>\n<meta property=\"og:url\" content=\"https:\/\/gastora.eu\/en\/product\/rfrigrateur-de-boulangerie-800-l-tagres-rglables-convient-60-x-40-cm-sur-roues\/\" \/>\n<meta property=\"og:site_name\" content=\"Gastora\" \/>\n<meta property=\"article:modified_time\" content=\"2026-04-28T16:55:30+00:00\" \/>\n<meta name=\"twitter:card\" content=\"summary_large_image\" \/>\n<meta name=\"twitter:label1\" content=\"Est. reading time\" \/>\n\t<meta name=\"twitter:data1\" content=\"3 minutes\" \/>\n<script type=\"application\/ld+json\" class=\"yoast-schema-graph\">{\"@context\":\"https:\\\/\\\/schema.org\",\"@graph\":[{\"@type\":\"WebPage\",\"@id\":\"https:\\\/\\\/gastora.eu\\\/product\\\/rfrigrateur-de-boulangerie-800-l-tagres-rglables-convient-60-x-40-cm-sur-roues\\\/\",\"url\":\"https:\\\/\\\/gastora.eu\\\/product\\\/rfrigrateur-de-boulangerie-800-l-tagres-rglables-convient-60-x-40-cm-sur-roues\\\/\",\"name\":\"R\u00e9frig\u00e9rateur de boulangerie - 800 L - \u00e9tag\u00e8res r\u00e9glables - convient \u00e0 60 x 40 cm - sur roues - Gastora\",\"isPartOf\":{\"@id\":\"https:\\\/\\\/gastora.eu\\\/#website\"},\"primaryImageOfPage\":{\"@id\":\"https:\\\/\\\/gastora.eu\\\/product\\\/rfrigrateur-de-boulangerie-800-l-tagres-rglables-convient-60-x-40-cm-sur-roues\\\/#primaryimage\"},\"image\":{\"@id\":\"https:\\\/\\\/gastora.eu\\\/product\\\/rfrigrateur-de-boulangerie-800-l-tagres-rglables-convient-60-x-40-cm-sur-roues\\\/#primaryimage\"},\"thumbnailUrl\":\"https:\\\/\\\/gastora.eu\\\/wp-content\\\/uploads\\\/2026\\\/04\\\/1_r800_073.jpg\",\"datePublished\":\"2026-04-25T17:39:19+00:00\",\"dateModified\":\"2026-04-28T16:55:30+00:00\",\"description\":\"Achetez R\u00e9frig\u00e9rateur de boulangerie - 800 L - \u00e9tag\u00e8res r\u00e9glables - convient \u00e0 60 x 40 cm - sur roues au meilleur prix, fiable et performant avec une livraison rapide\",\"breadcrumb\":{\"@id\":\"https:\\\/\\\/gastora.eu\\\/product\\\/rfrigrateur-de-boulangerie-800-l-tagres-rglables-convient-60-x-40-cm-sur-roues\\\/#breadcrumb\"},\"inLanguage\":\"en-US\",\"potentialAction\":[{\"@type\":\"ReadAction\",\"target\":[\"https:\\\/\\\/gastora.eu\\\/product\\\/rfrigrateur-de-boulangerie-800-l-tagres-rglables-convient-60-x-40-cm-sur-roues\\\/\"]}]},{\"@type\":\"ImageObject\",\"inLanguage\":\"en-US\",\"@id\":\"https:\\\/\\\/gastora.eu\\\/product\\\/rfrigrateur-de-boulangerie-800-l-tagres-rglables-convient-60-x-40-cm-sur-roues\\\/#primaryimage\",\"url\":\"https:\\\/\\\/gastora.eu\\\/wp-content\\\/uploads\\\/2026\\\/04\\\/1_r800_073.jpg\",\"contentUrl\":\"https:\\\/\\\/gastora.eu\\\/wp-content\\\/uploads\\\/2026\\\/04\\\/1_r800_073.jpg\",\"width\":1200,\"height\":1200},{\"@type\":\"BreadcrumbList\",\"@id\":\"https:\\\/\\\/gastora.eu\\\/product\\\/rfrigrateur-de-boulangerie-800-l-tagres-rglables-convient-60-x-40-cm-sur-roues\\\/#breadcrumb\",\"itemListElement\":[{\"@type\":\"ListItem\",\"position\":1,\"name\":\"Home\",\"item\":\"https:\\\/\\\/gastora.eu\\\/\"},{\"@type\":\"ListItem\",\"position\":2,\"name\":\"Shop\",\"item\":\"https:\\\/\\\/gastora.eu\\\/shop\\\/\"},{\"@type\":\"ListItem\",\"position\":3,\"name\":\"R\u00e9frig\u00e9rateur de boulangerie &#8211; 800 L &#8211; \u00e9tag\u00e8res r\u00e9glables &#8211; convient \u00e0 60 x 40 cm &#8211; sur roues\"}]},{\"@type\":\"WebSite\",\"@id\":\"https:\\\/\\\/gastora.eu\\\/#website\",\"url\":\"https:\\\/\\\/gastora.eu\\\/\",\"name\":\"Gastora\",\"description\":\"\u00c9quipements professionnels CHR\",\"publisher\":{\"@id\":\"https:\\\/\\\/gastora.eu\\\/#organization\"},\"potentialAction\":[{\"@type\":\"SearchAction\",\"target\":{\"@type\":\"EntryPoint\",\"urlTemplate\":\"https:\\\/\\\/gastora.eu\\\/?s={search_term_string}\"},\"query-input\":{\"@type\":\"PropertyValueSpecification\",\"valueRequired\":true,\"valueName\":\"search_term_string\"}}],\"inLanguage\":\"en-US\"},{\"@type\":\"Organization\",\"@id\":\"https:\\\/\\\/gastora.eu\\\/#organization\",\"name\":\"Gastora\",\"url\":\"https:\\\/\\\/gastora.eu\\\/\",\"logo\":{\"@type\":\"ImageObject\",\"inLanguage\":\"en-US\",\"@id\":\"https:\\\/\\\/gastora.eu\\\/#\\\/schema\\\/logo\\\/image\\\/\",\"url\":\"https:\\\/\\\/gastora.eu\\\/wp-content\\\/uploads\\\/2025\\\/12\\\/ChatGPT-Image-2-janv.-2026-22_52_47-1.png\",\"contentUrl\":\"https:\\\/\\\/gastora.eu\\\/wp-content\\\/uploads\\\/2025\\\/12\\\/ChatGPT-Image-2-janv.-2026-22_52_47-1.png\",\"width\":1536,\"height\":320,\"caption\":\"Gastora\"},\"image\":{\"@id\":\"https:\\\/\\\/gastora.eu\\\/#\\\/schema\\\/logo\\\/image\\\/\"}}]}<\/script>\n<!-- \/ Yoast SEO plugin. -->","yoast_head_json":{"title":"R\u00e9frig\u00e9rateur de boulangerie - 800 L - \u00e9tag\u00e8res r\u00e9glables - convient \u00e0 60 x 40 cm - sur roues - Gastora","description":"Achetez R\u00e9frig\u00e9rateur de boulangerie - 800 L - \u00e9tag\u00e8res r\u00e9glables - convient \u00e0 60 x 40 cm - sur roues au meilleur prix, fiable et performant avec une livraison rapide","robots":{"index":"index","follow":"follow","max-snippet":"max-snippet:-1","max-image-preview":"max-image-preview:large","max-video-preview":"max-video-preview:-1"},"canonical":"https:\/\/gastora.eu\/en\/product\/rfrigrateur-de-boulangerie-800-l-tagres-rglables-convient-60-x-40-cm-sur-roues\/","og_locale":"en_US","og_type":"article","og_title":"R\u00e9frig\u00e9rateur de boulangerie - 800 L - \u00e9tag\u00e8res r\u00e9glables - convient \u00e0 60 x 40 cm - sur roues - Gastora","og_description":"Achetez R\u00e9frig\u00e9rateur de boulangerie - 800 L - \u00e9tag\u00e8res r\u00e9glables - convient \u00e0 60 x 40 cm - sur roues au meilleur prix, fiable et performant avec une livraison rapide","og_url":"https:\/\/gastora.eu\/en\/product\/rfrigrateur-de-boulangerie-800-l-tagres-rglables-convient-60-x-40-cm-sur-roues\/","og_site_name":"Gastora","article_modified_time":"2026-04-28T16:55:30+00:00","twitter_card":"summary_large_image","twitter_misc":{"Est. reading time":"3 minutes"},"schema":{"@context":"https:\/\/schema.org","@graph":[{"@type":"WebPage","@id":"https:\/\/gastora.eu\/product\/rfrigrateur-de-boulangerie-800-l-tagres-rglables-convient-60-x-40-cm-sur-roues\/","url":"https:\/\/gastora.eu\/product\/rfrigrateur-de-boulangerie-800-l-tagres-rglables-convient-60-x-40-cm-sur-roues\/","name":"R\u00e9frig\u00e9rateur de boulangerie - 800 L - \u00e9tag\u00e8res r\u00e9glables - convient \u00e0 60 x 40 cm - sur roues - Gastora","isPartOf":{"@id":"https:\/\/gastora.eu\/#website"},"primaryImageOfPage":{"@id":"https:\/\/gastora.eu\/product\/rfrigrateur-de-boulangerie-800-l-tagres-rglables-convient-60-x-40-cm-sur-roues\/#primaryimage"},"image":{"@id":"https:\/\/gastora.eu\/product\/rfrigrateur-de-boulangerie-800-l-tagres-rglables-convient-60-x-40-cm-sur-roues\/#primaryimage"},"thumbnailUrl":"https:\/\/gastora.eu\/wp-content\/uploads\/2026\/04\/1_r800_073.jpg","datePublished":"2026-04-25T17:39:19+00:00","dateModified":"2026-04-28T16:55:30+00:00","description":"Achetez R\u00e9frig\u00e9rateur de boulangerie - 800 L - \u00e9tag\u00e8res r\u00e9glables - convient \u00e0 60 x 40 cm - sur roues au meilleur prix, fiable et performant avec une livraison rapide","breadcrumb":{"@id":"https:\/\/gastora.eu\/product\/rfrigrateur-de-boulangerie-800-l-tagres-rglables-convient-60-x-40-cm-sur-roues\/#breadcrumb"},"inLanguage":"en-US","potentialAction":[{"@type":"ReadAction","target":["https:\/\/gastora.eu\/product\/rfrigrateur-de-boulangerie-800-l-tagres-rglables-convient-60-x-40-cm-sur-roues\/"]}]},{"@type":"ImageObject","inLanguage":"en-US","@id":"https:\/\/gastora.eu\/product\/rfrigrateur-de-boulangerie-800-l-tagres-rglables-convient-60-x-40-cm-sur-roues\/#primaryimage","url":"https:\/\/gastora.eu\/wp-content\/uploads\/2026\/04\/1_r800_073.jpg","contentUrl":"https:\/\/gastora.eu\/wp-content\/uploads\/2026\/04\/1_r800_073.jpg","width":1200,"height":1200},{"@type":"BreadcrumbList","@id":"https:\/\/gastora.eu\/product\/rfrigrateur-de-boulangerie-800-l-tagres-rglables-convient-60-x-40-cm-sur-roues\/#breadcrumb","itemListElement":[{"@type":"ListItem","position":1,"name":"Home","item":"https:\/\/gastora.eu\/"},{"@type":"ListItem","position":2,"name":"Shop","item":"https:\/\/gastora.eu\/shop\/"},{"@type":"ListItem","position":3,"name":"R\u00e9frig\u00e9rateur de boulangerie &#8211; 800 L &#8211; \u00e9tag\u00e8res r\u00e9glables &#8211; convient \u00e0 60 x 40 cm &#8211; sur roues"}]},{"@type":"WebSite","@id":"https:\/\/gastora.eu\/#website","url":"https:\/\/gastora.eu\/","name":"Gastora","description":"\u00c9quipements professionnels CHR","publisher":{"@id":"https:\/\/gastora.eu\/#organization"},"potentialAction":[{"@type":"SearchAction","target":{"@type":"EntryPoint","urlTemplate":"https:\/\/gastora.eu\/?s={search_term_string}"},"query-input":{"@type":"PropertyValueSpecification","valueRequired":true,"valueName":"search_term_string"}}],"inLanguage":"en-US"},{"@type":"Organization","@id":"https:\/\/gastora.eu\/#organization","name":"Gastora","url":"https:\/\/gastora.eu\/","logo":{"@type":"ImageObject","inLanguage":"en-US","@id":"https:\/\/gastora.eu\/#\/schema\/logo\/image\/","url":"https:\/\/gastora.eu\/wp-content\/uploads\/2025\/12\/ChatGPT-Image-2-janv.-2026-22_52_47-1.png","contentUrl":"https:\/\/gastora.eu\/wp-content\/uploads\/2025\/12\/ChatGPT-Image-2-janv.-2026-22_52_47-1.png","width":1536,"height":320,"caption":"Gastora"},"image":{"@id":"https:\/\/gastora.eu\/#\/schema\/logo\/image\/"}}]}},"jetpack_sharing_enabled":true,"_links":{"self":[{"href":"https:\/\/gastora.eu\/en\/wp-json\/wp\/v2\/product\/13902","targetHints":{"allow":["GET"]}}],"collection":[{"href":"https:\/\/gastora.eu\/en\/wp-json\/wp\/v2\/product"}],"about":[{"href":"https:\/\/gastora.eu\/en\/wp-json\/wp\/v2\/types\/product"}],"wp:featuredmedia":[{"embeddable":true,"href":"https:\/\/gastora.eu\/en\/wp-json\/wp\/v2\/media\/6554"}],"wp:attachment":[{"href":"https:\/\/gastora.eu\/en\/wp-json\/wp\/v2\/media?parent=13902"}],"wp:term":[{"taxonomy":"product_brand","embeddable":true,"href":"https:\/\/gastora.eu\/en\/wp-json\/wp\/v2\/product_brand?post=13902"},{"taxonomy":"product_cat","embeddable":true,"href":"https:\/\/gastora.eu\/en\/wp-json\/wp\/v2\/product_cat?post=13902"},{"taxonomy":"product_tag","embeddable":true,"href":"https:\/\/gastora.eu\/en\/wp-json\/wp\/v2\/product_tag?post=13902"}],"curies":[{"name":"wp","href":"https:\/\/api.w.org\/{rel}","templated":true}]}}