{"id":13901,"date":"2026-04-25T17:39:18","date_gmt":"2026-04-25T17:39:18","guid":{"rendered":"https:\/\/gastora.eu\/?post_type=product&#038;p=13901"},"modified":"2026-04-27T08:34:00","modified_gmt":"2026-04-27T08:34:00","slug":"vitrine-gteaux-220-l-50-x-50-cm-ouvert","status":"publish","type":"product","link":"https:\/\/gastora.eu\/en\/product\/vitrine-gteaux-220-l-50-x-50-cm-ouvert\/","title":{"rendered":"Vitrine \u00e0 g\u00e2teaux &#8211; 220 L &#8211; 50 x 50 cm &#8211; ouvert"},"content":{"rendered":"<p>Un r\u00e9frig\u00e9rateur ouvert est id\u00e9al pour tout \u00e9tablissement de restauration, en particulier ceux qui offrent une option de libre-service. Les produits sont pr\u00e9sent\u00e9s de mani\u00e8re attrayante et professionnelle sur trois \u00e9tag\u00e8res diff\u00e9rentes. L&#8217;\u00e9clairage LED int\u00e9gr\u00e9 met litt\u00e9ralement les aliments et les boissons sous les projecteurs afin que les clients puissent choisir leurs propres options. Les \u00e9tag\u00e8res sont \u00e9galement \u00e9quip\u00e9es de porte-cartes pour placer les \u00e9tiquettes de prix. En outre, ce r\u00e9frig\u00e9rateur \u00e0 vitrine ouverte est \u00e9quip\u00e9 de deux roues avec freins, ce qui permet de le d\u00e9placer facilement. Il est \u00e9quip\u00e9 d&#8217;une poign\u00e9e et d&#8217;un pare-chocs. Les vitres lat\u00e9rales de la vitrine sont \u00e0 double vitrage et les plaques de verre incurv\u00e9es sont mont\u00e9es sur un bo\u00eetier en acier chrom\u00e9.<\/p>\n<h3>Refroidissement constant<\/h3>\n<p>Le syst\u00e8me de refroidissement int\u00e9gr\u00e9 de ce r\u00e9frig\u00e9rateur \u00e0 vitrine ouverte est \u00e9quip\u00e9 d&#8217;un ventilateur qui assure une r\u00e9partition homog\u00e8ne de la temp\u00e9rature dans l&#8217;ensemble du r\u00e9frig\u00e9rateur. Les aliments et les boissons sont refroidis de mani\u00e8re homog\u00e8ne et \u00e0 la m\u00eame temp\u00e9rature sur les \u00e9tag\u00e8res du haut et du bas. Gr\u00e2ce au r\u00e9gulateur de temp\u00e9rature num\u00e9rique facile \u00e0 utiliser, la temp\u00e9rature peut \u00eatre r\u00e9gl\u00e9e dans une plage comprise entre 2 et 10\u00b0C. Le r\u00e9frig\u00e9rant utilis\u00e9 est le R290, exempt de CFC.<\/p>\n<h3>Facile \u00e0 nettoyer<\/h3>\n<p>La formation de glace est facilement \u00e9vit\u00e9e dans ce r\u00e9frig\u00e9rateur premium \u00e0 vitrine ouverte, gr\u00e2ce au cycle de refroidissement sp\u00e9cial qui permet \u00e0 l&#8217;eau de s&#8217;\u00e9vaporer \u00e0 intervalles r\u00e9guliers. Le nettoyage de la vitrine est \u00e9galement tr\u00e8s simple. Il suffit d&#8217;un chiffon doux et humide avec un peu de d\u00e9tergent doux pour essuyer l&#8217;ext\u00e9rieur et l&#8217;int\u00e9rieur du r\u00e9frig\u00e9rateur. Les \u00e9tag\u00e8res peuvent \u00e9galement \u00eatre nettoy\u00e9es avec un chiffon humide et de l&#8217;eau savonneuse.<\/p>\n<p><strong>Caract\u00e9ristiques<\/strong><\/p>\n<ul>\n<li>\u00c9clairage LED \u00e0 l&#8217;int\u00e9rieur<\/li>\n<li>Mod\u00e8le \u00e0 plancher mobile<\/li>\n<li>Syst\u00e8me de refroidissement avec ventilateur<\/li>\n<li>R\u00e9frig\u00e9rant R290, sans CFC<\/li>\n<li>Les \u00e9tag\u00e8res comprennent des porte-cartes<\/li>\n<li>R\u00e9gulateur de temp\u00e9rature num\u00e9rique<\/li>\n<li>Plage de temp\u00e9rature de 2 \u00e0 10\u00b0C<\/li>\n<li>Verre bomb\u00e9 avec acier chrom\u00e9<\/li>\n<li>Livr\u00e9 avec trois \u00e9tag\u00e8res rev\u00eatues<\/li>\n<li>Design luxueux avec une belle finition<\/li>\n<li>Comprend une poign\u00e9e pour le d\u00e9placer<\/li>\n<li>Livr\u00e9 avec deux roues et des freins<\/li>\n<li>Pr\u00e9sentation attrayante des produits sur plusieurs niveaux<\/li>\n<li>Fen\u00eatres \u00e0 double vitrage sur deux c\u00f4t\u00e9s<\/li>\n<li>Cycle de refroidissement sp\u00e9cialis\u00e9 pour r\u00e9duire la formation de glace<\/li>\n<\/ul>\n<p><strong>Caract\u00e9ristiques du produit<\/strong><\/p>\n<ul>\n<li>Poids net : 106 kg<\/li>\n<li>Dimensions : L49,4 x P60 x H174cm L49,4 x P60 x H174cm<\/li>\n<li>Dimensions de l&#8217;\u00e9tag\u00e8re : L46 x P28cm<\/li>\n<li>230V \/ 50Hz \/ 1 Phase 1340W<\/li>\n<\/ul>","protected":false},"excerpt":{"rendered":"<p>Ce r\u00e9frig\u00e9rateur de pr\u00e9sentation a une capacit\u00e9 de 220 litres et convient parfaitement \u00e0 la pr\u00e9sentation et \u00e0 la r\u00e9frig\u00e9ration d&#8217;aliments emball\u00e9s, de sandwiches, de bouteilles et de bo\u00eetes de conserve. Le mod\u00e8le ouvert est id\u00e9al pour les entreprises de restauration en libre-service, comme les cantines ou les restaurants rapides. Il est \u00e9quip\u00e9 d&#8217;un \u00e9cran digital et de roues avec freins.<\/p>","protected":false},"featured_media":6552,"template":"","meta":{"_acf_changed":false},"product_brand":[],"product_cat":[473],"product_tag":[],"class_list":{"0":"post-13901","1":"product","2":"type-product","3":"status-publish","4":"has-post-thumbnail","6":"product_cat-meubles-bas-meubles-muraux-2","8":"first","9":"instock","10":"sale","11":"taxable","12":"shipping-taxable","13":"purchasable","14":"product-type-simple"},"acf":[],"yoast_head":"<!-- This site is optimized with the Yoast SEO plugin v27.4 - https:\/\/yoast.com\/product\/yoast-seo-wordpress\/ -->\n<title>Vitrine \u00e0 g\u00e2teaux - 220 L - 50 x 50 cm - ouvert - Gastora<\/title>\n<meta name=\"description\" content=\"Achetez Vitrine \u00e0 g\u00e2teaux - 220 L - 50 x 50 cm - ouvert au meilleur prix, fiable et performant avec une livraison rapide\" \/>\n<meta name=\"robots\" content=\"index, follow, max-snippet:-1, max-image-preview:large, max-video-preview:-1\" \/>\n<link rel=\"canonical\" href=\"https:\/\/gastora.eu\/en\/product\/vitrine-gteaux-220-l-50-x-50-cm-ouvert\/\" \/>\n<meta property=\"og:locale\" content=\"en_US\" \/>\n<meta property=\"og:type\" content=\"article\" \/>\n<meta property=\"og:title\" content=\"Vitrine \u00e0 g\u00e2teaux - 220 L - 50 x 50 cm - ouvert - Gastora\" \/>\n<meta property=\"og:description\" content=\"Achetez Vitrine \u00e0 g\u00e2teaux - 220 L - 50 x 50 cm - ouvert au meilleur prix, fiable et performant avec une livraison rapide\" \/>\n<meta property=\"og:url\" content=\"https:\/\/gastora.eu\/en\/product\/vitrine-gteaux-220-l-50-x-50-cm-ouvert\/\" \/>\n<meta property=\"og:site_name\" content=\"Gastora\" \/>\n<meta property=\"article:modified_time\" content=\"2026-04-27T08:34:00+00:00\" \/>\n<meta name=\"twitter:card\" content=\"summary_large_image\" \/>\n<meta name=\"twitter:label1\" content=\"Est. reading time\" \/>\n\t<meta name=\"twitter:data1\" content=\"2 minutes\" \/>\n<script type=\"application\/ld+json\" class=\"yoast-schema-graph\">{\"@context\":\"https:\\\/\\\/schema.org\",\"@graph\":[{\"@type\":\"WebPage\",\"@id\":\"https:\\\/\\\/gastora.eu\\\/product\\\/vitrine-gteaux-220-l-50-x-50-cm-ouvert\\\/\",\"url\":\"https:\\\/\\\/gastora.eu\\\/product\\\/vitrine-gteaux-220-l-50-x-50-cm-ouvert\\\/\",\"name\":\"Vitrine \u00e0 g\u00e2teaux - 220 L - 50 x 50 cm - ouvert - Gastora\",\"isPartOf\":{\"@id\":\"https:\\\/\\\/gastora.eu\\\/#website\"},\"primaryImageOfPage\":{\"@id\":\"https:\\\/\\\/gastora.eu\\\/product\\\/vitrine-gteaux-220-l-50-x-50-cm-ouvert\\\/#primaryimage\"},\"image\":{\"@id\":\"https:\\\/\\\/gastora.eu\\\/product\\\/vitrine-gteaux-220-l-50-x-50-cm-ouvert\\\/#primaryimage\"},\"thumbnailUrl\":\"https:\\\/\\\/gastora.eu\\\/wp-content\\\/uploads\\\/2026\\\/04\\\/sp-005-61656e697d8e1.jpg\",\"datePublished\":\"2026-04-25T17:39:18+00:00\",\"dateModified\":\"2026-04-27T08:34:00+00:00\",\"description\":\"Achetez Vitrine \u00e0 g\u00e2teaux - 220 L - 50 x 50 cm - ouvert au meilleur prix, fiable et performant avec une livraison rapide\",\"breadcrumb\":{\"@id\":\"https:\\\/\\\/gastora.eu\\\/product\\\/vitrine-gteaux-220-l-50-x-50-cm-ouvert\\\/#breadcrumb\"},\"inLanguage\":\"en-US\",\"potentialAction\":[{\"@type\":\"ReadAction\",\"target\":[\"https:\\\/\\\/gastora.eu\\\/product\\\/vitrine-gteaux-220-l-50-x-50-cm-ouvert\\\/\"]}]},{\"@type\":\"ImageObject\",\"inLanguage\":\"en-US\",\"@id\":\"https:\\\/\\\/gastora.eu\\\/product\\\/vitrine-gteaux-220-l-50-x-50-cm-ouvert\\\/#primaryimage\",\"url\":\"https:\\\/\\\/gastora.eu\\\/wp-content\\\/uploads\\\/2026\\\/04\\\/sp-005-61656e697d8e1.jpg\",\"contentUrl\":\"https:\\\/\\\/gastora.eu\\\/wp-content\\\/uploads\\\/2026\\\/04\\\/sp-005-61656e697d8e1.jpg\",\"width\":2048,\"height\":2048},{\"@type\":\"BreadcrumbList\",\"@id\":\"https:\\\/\\\/gastora.eu\\\/product\\\/vitrine-gteaux-220-l-50-x-50-cm-ouvert\\\/#breadcrumb\",\"itemListElement\":[{\"@type\":\"ListItem\",\"position\":1,\"name\":\"Home\",\"item\":\"https:\\\/\\\/gastora.eu\\\/\"},{\"@type\":\"ListItem\",\"position\":2,\"name\":\"Shop\",\"item\":\"https:\\\/\\\/gastora.eu\\\/shop\\\/\"},{\"@type\":\"ListItem\",\"position\":3,\"name\":\"Vitrine \u00e0 g\u00e2teaux &#8211; 220 L &#8211; 50 x 50 cm &#8211; ouvert\"}]},{\"@type\":\"WebSite\",\"@id\":\"https:\\\/\\\/gastora.eu\\\/#website\",\"url\":\"https:\\\/\\\/gastora.eu\\\/\",\"name\":\"Gastora\",\"description\":\"\u00c9quipements professionnels CHR\",\"publisher\":{\"@id\":\"https:\\\/\\\/gastora.eu\\\/#organization\"},\"potentialAction\":[{\"@type\":\"SearchAction\",\"target\":{\"@type\":\"EntryPoint\",\"urlTemplate\":\"https:\\\/\\\/gastora.eu\\\/?s={search_term_string}\"},\"query-input\":{\"@type\":\"PropertyValueSpecification\",\"valueRequired\":true,\"valueName\":\"search_term_string\"}}],\"inLanguage\":\"en-US\"},{\"@type\":\"Organization\",\"@id\":\"https:\\\/\\\/gastora.eu\\\/#organization\",\"name\":\"Gastora\",\"url\":\"https:\\\/\\\/gastora.eu\\\/\",\"logo\":{\"@type\":\"ImageObject\",\"inLanguage\":\"en-US\",\"@id\":\"https:\\\/\\\/gastora.eu\\\/#\\\/schema\\\/logo\\\/image\\\/\",\"url\":\"https:\\\/\\\/gastora.eu\\\/wp-content\\\/uploads\\\/2025\\\/12\\\/ChatGPT-Image-2-janv.-2026-22_52_47-1.png\",\"contentUrl\":\"https:\\\/\\\/gastora.eu\\\/wp-content\\\/uploads\\\/2025\\\/12\\\/ChatGPT-Image-2-janv.-2026-22_52_47-1.png\",\"width\":1536,\"height\":320,\"caption\":\"Gastora\"},\"image\":{\"@id\":\"https:\\\/\\\/gastora.eu\\\/#\\\/schema\\\/logo\\\/image\\\/\"}}]}<\/script>\n<!-- \/ Yoast SEO plugin. -->","yoast_head_json":{"title":"Vitrine \u00e0 g\u00e2teaux - 220 L - 50 x 50 cm - ouvert - Gastora","description":"Achetez Vitrine \u00e0 g\u00e2teaux - 220 L - 50 x 50 cm - ouvert au meilleur prix, fiable et performant avec une livraison rapide","robots":{"index":"index","follow":"follow","max-snippet":"max-snippet:-1","max-image-preview":"max-image-preview:large","max-video-preview":"max-video-preview:-1"},"canonical":"https:\/\/gastora.eu\/en\/product\/vitrine-gteaux-220-l-50-x-50-cm-ouvert\/","og_locale":"en_US","og_type":"article","og_title":"Vitrine \u00e0 g\u00e2teaux - 220 L - 50 x 50 cm - ouvert - Gastora","og_description":"Achetez Vitrine \u00e0 g\u00e2teaux - 220 L - 50 x 50 cm - ouvert au meilleur prix, fiable et performant avec une livraison rapide","og_url":"https:\/\/gastora.eu\/en\/product\/vitrine-gteaux-220-l-50-x-50-cm-ouvert\/","og_site_name":"Gastora","article_modified_time":"2026-04-27T08:34:00+00:00","twitter_card":"summary_large_image","twitter_misc":{"Est. reading time":"2 minutes"},"schema":{"@context":"https:\/\/schema.org","@graph":[{"@type":"WebPage","@id":"https:\/\/gastora.eu\/product\/vitrine-gteaux-220-l-50-x-50-cm-ouvert\/","url":"https:\/\/gastora.eu\/product\/vitrine-gteaux-220-l-50-x-50-cm-ouvert\/","name":"Vitrine \u00e0 g\u00e2teaux - 220 L - 50 x 50 cm - ouvert - Gastora","isPartOf":{"@id":"https:\/\/gastora.eu\/#website"},"primaryImageOfPage":{"@id":"https:\/\/gastora.eu\/product\/vitrine-gteaux-220-l-50-x-50-cm-ouvert\/#primaryimage"},"image":{"@id":"https:\/\/gastora.eu\/product\/vitrine-gteaux-220-l-50-x-50-cm-ouvert\/#primaryimage"},"thumbnailUrl":"https:\/\/gastora.eu\/wp-content\/uploads\/2026\/04\/sp-005-61656e697d8e1.jpg","datePublished":"2026-04-25T17:39:18+00:00","dateModified":"2026-04-27T08:34:00+00:00","description":"Achetez Vitrine \u00e0 g\u00e2teaux - 220 L - 50 x 50 cm - ouvert au meilleur prix, fiable et performant avec une livraison rapide","breadcrumb":{"@id":"https:\/\/gastora.eu\/product\/vitrine-gteaux-220-l-50-x-50-cm-ouvert\/#breadcrumb"},"inLanguage":"en-US","potentialAction":[{"@type":"ReadAction","target":["https:\/\/gastora.eu\/product\/vitrine-gteaux-220-l-50-x-50-cm-ouvert\/"]}]},{"@type":"ImageObject","inLanguage":"en-US","@id":"https:\/\/gastora.eu\/product\/vitrine-gteaux-220-l-50-x-50-cm-ouvert\/#primaryimage","url":"https:\/\/gastora.eu\/wp-content\/uploads\/2026\/04\/sp-005-61656e697d8e1.jpg","contentUrl":"https:\/\/gastora.eu\/wp-content\/uploads\/2026\/04\/sp-005-61656e697d8e1.jpg","width":2048,"height":2048},{"@type":"BreadcrumbList","@id":"https:\/\/gastora.eu\/product\/vitrine-gteaux-220-l-50-x-50-cm-ouvert\/#breadcrumb","itemListElement":[{"@type":"ListItem","position":1,"name":"Home","item":"https:\/\/gastora.eu\/"},{"@type":"ListItem","position":2,"name":"Shop","item":"https:\/\/gastora.eu\/shop\/"},{"@type":"ListItem","position":3,"name":"Vitrine \u00e0 g\u00e2teaux &#8211; 220 L &#8211; 50 x 50 cm &#8211; ouvert"}]},{"@type":"WebSite","@id":"https:\/\/gastora.eu\/#website","url":"https:\/\/gastora.eu\/","name":"Gastora","description":"\u00c9quipements professionnels CHR","publisher":{"@id":"https:\/\/gastora.eu\/#organization"},"potentialAction":[{"@type":"SearchAction","target":{"@type":"EntryPoint","urlTemplate":"https:\/\/gastora.eu\/?s={search_term_string}"},"query-input":{"@type":"PropertyValueSpecification","valueRequired":true,"valueName":"search_term_string"}}],"inLanguage":"en-US"},{"@type":"Organization","@id":"https:\/\/gastora.eu\/#organization","name":"Gastora","url":"https:\/\/gastora.eu\/","logo":{"@type":"ImageObject","inLanguage":"en-US","@id":"https:\/\/gastora.eu\/#\/schema\/logo\/image\/","url":"https:\/\/gastora.eu\/wp-content\/uploads\/2025\/12\/ChatGPT-Image-2-janv.-2026-22_52_47-1.png","contentUrl":"https:\/\/gastora.eu\/wp-content\/uploads\/2025\/12\/ChatGPT-Image-2-janv.-2026-22_52_47-1.png","width":1536,"height":320,"caption":"Gastora"},"image":{"@id":"https:\/\/gastora.eu\/#\/schema\/logo\/image\/"}}]}},"jetpack_sharing_enabled":true,"_links":{"self":[{"href":"https:\/\/gastora.eu\/en\/wp-json\/wp\/v2\/product\/13901","targetHints":{"allow":["GET"]}}],"collection":[{"href":"https:\/\/gastora.eu\/en\/wp-json\/wp\/v2\/product"}],"about":[{"href":"https:\/\/gastora.eu\/en\/wp-json\/wp\/v2\/types\/product"}],"wp:featuredmedia":[{"embeddable":true,"href":"https:\/\/gastora.eu\/en\/wp-json\/wp\/v2\/media\/6552"}],"wp:attachment":[{"href":"https:\/\/gastora.eu\/en\/wp-json\/wp\/v2\/media?parent=13901"}],"wp:term":[{"taxonomy":"product_brand","embeddable":true,"href":"https:\/\/gastora.eu\/en\/wp-json\/wp\/v2\/product_brand?post=13901"},{"taxonomy":"product_cat","embeddable":true,"href":"https:\/\/gastora.eu\/en\/wp-json\/wp\/v2\/product_cat?post=13901"},{"taxonomy":"product_tag","embeddable":true,"href":"https:\/\/gastora.eu\/en\/wp-json\/wp\/v2\/product_tag?post=13901"}],"curies":[{"name":"wp","href":"https:\/\/api.w.org\/{rel}","templated":true}]}}