{"id":13892,"date":"2026-04-25T17:39:07","date_gmt":"2026-04-25T17:39:07","guid":{"rendered":"https:\/\/gastora.eu\/?post_type=product&#038;p=13892"},"modified":"2026-04-28T16:55:29","modified_gmt":"2026-04-28T16:55:29","slug":"marmite-soupe-10-l-pot-intrieur-amovible-avec-encoche-pour-louche","status":"publish","type":"product","link":"https:\/\/gastora.eu\/en\/product\/marmite-soupe-10-l-pot-intrieur-amovible-avec-encoche-pour-louche\/","title":{"rendered":"Marmite \u00e0 soupe \u2013 10 L \u2013 pot int\u00e9rieur amovible \u2013 avec encoche pour louche"},"content":{"rendered":"<p>Vous cherchez une solution fiable pour garder les soupes et les sauces chaudes pendant des heures ? La marmite \u00e0 soupe Maxima 10 L en noir allie capacit\u00e9, commodit\u00e9 et design professionnel, vous aidant \u00e0 servir des plats chauds et savoureux tout au long de votre buffet ou de votre service en toute simplicit\u00e9.<\/p>\n<h2>R\u00e9chauffez et servez en toute confiance tout au long de la journ\u00e9e<\/h2>\n<p>Parfaite pour les grands volumes, cette marmite \u00e0 soupe de 10 litres garantit une chaleur homog\u00e8ne gr\u00e2ce \u00e0 un syst\u00e8me de bain-marie qui r\u00e9chauffe d\u00e9licatement vos plats. De la soupe \u00e0 la tomate aux sauces au curry ou aux hors-d&#8217;\u0153uvre chauds, la marmite offre un contr\u00f4le s\u00fbr et r\u00e9gulier de la temp\u00e9rature gr\u00e2ce \u00e0 un thermostat \u00e0 12 niveaux allant de 20\u00b0C \u00e0 90\u00b0C. La bouilloire est facile \u00e0 utiliser : il suffit de remplir la base d&#8217;eau et de s\u00e9lectionner la temp\u00e9rature. Un t\u00e9moin lumineux indique qu&#8217;elle est en train de chauffer. Lorsque la temp\u00e9rature souhait\u00e9e est atteinte, vous pouvez placer le pot int\u00e9rieur en acier inoxydable rempli de soupe ou de sauce chaude dans la base. Ainsi, vos aliments restent \u00e0 la temp\u00e9rature id\u00e9ale. Id\u00e9al pour les h\u00f4tels, les \u00e9v\u00e9nements, les food trucks ou toute installation horeca qui sert des plats chauds pendant de longues p\u00e9riodes.<\/p>\n<h2>Pr\u00e9sentez vos plats de mani\u00e8re professionnelle gr\u00e2ce \u00e0 une finition noire \u00e9l\u00e9gante<\/h2>\n<p>Son ext\u00e9rieur en aluminium rev\u00eatu de noir lui conf\u00e8re un aspect \u00e9l\u00e9gant et neutre qui convient aussi bien aux buffets classiques qu&#8217;aux buffets modernes. Le couvercle en acier inoxydable est dot\u00e9 d&#8217;une cavit\u00e9 pratique pour la cuill\u00e8re, parfaite pour le service continu ou les stations de self-service. Malgr\u00e9 sa construction robuste et pratique, la bouilloire reste l\u00e9g\u00e8re et compacte. Les \u00e9tiquettes magn\u00e9tiques fournies permettent aux convives et au personnel d&#8217;identifier facilement le contenu de la bouilloire. Cela permet d&#8217;am\u00e9liorer le flux et la communication pendant les heures d&#8217;affluence.<\/p>\n<h2>Le nettoyage est simple gr\u00e2ce \u00e0 la marmite amovible en acier inoxydable<\/h2>\n<p>Le pot int\u00e9rieur lisse et amovible permet un nettoyage rapide et sans souci. Apr\u00e8s le service, il suffit de le retirer et de le laver \u00e0 la main ou au lave-vaisselle. Le couvercle peut \u00eatre nettoy\u00e9 s\u00e9par\u00e9ment, tandis que le corps ext\u00e9rieur de la bouilloire peut \u00eatre nettoy\u00e9 \u00e0 l&#8217;aide d&#8217;un chiffon doux et humide. L&#8217;entretien r\u00e9gulier est minime : il suffit de veiller \u00e0 ce que le bain-marie soit toujours rempli et de d\u00e9tartrer p\u00e9riodiquement la bouilloire pour que ses performances restent optimales. Sa conception simple et son entretien r\u00e9duit en font un choix judicieux pour les environnements tr\u00e8s fr\u00e9quent\u00e9s.<\/p>\n<p>Pr\u00eat \u00e0 servir des soupes et des sauces \u00e0 la bonne temp\u00e9rature ? Commandez la marmite \u00e0 soupe noire Maxima de 10 litres et d\u00e9gustez des plats chauds sans stress.<\/p>\n<p><strong>Caract\u00e9ristiques<\/strong><\/p>\n<ul>\n<li>Bo\u00eetier en aluminium rev\u00eatu durable<\/li>\n<li>Couvercle muni d&#8217;une poign\u00e9e robuste et d&#8217;une cavit\u00e9 pour la cuill\u00e8re<\/li>\n<li>Pot int\u00e9rieur et couvercle en acier inoxydable<\/li>\n<li>Utilise un syst\u00e8me de bain-marie pour un chauffage indirect<\/li>\n<li>Indicateur de temp\u00e9rature inclus<\/li>\n<li>Plage de temp\u00e9rature de 20 \u00e0 90\u00b0C (12 niveaux)<\/li>\n<\/ul>\n<p><strong>Caract\u00e9ristiques du produit<\/strong><\/p>\n<ul>\n<li>Poids net : 4,8kg<\/li>\n<li>Capacit\u00e9 : 10L<\/li>\n<li>Dimensions machine : \u00d8 33 x H36cm<\/li>\n<li>230V \/ 50Hz \/ 1 Phase 400W<\/li>\n<\/ul>\n<p><em>Inclus<\/em><\/p>\n<ul>\n<li><em>Pot int\u00e9rieur en acier inoxydable<\/em><\/li>\n<li><em>Etiquettes magn\u00e9tiques<\/em><\/li>\n<li><em>Couvercle<\/em><\/li>\n<\/ul>","protected":false},"excerpt":{"rendered":"<p>Cette marmite \u00e0 soupe Maxima noire de 10 litres est un appareil de chauffage de buffet puissant et professionnel pour les soupes, les sauces et les plats chauds. Elle est \u00e9quip\u00e9e d&#8217;un pot int\u00e9rieur amovible en acier inoxydable, d&#8217;un thermostat r\u00e9glable et d&#8217;un bo\u00eetier en aluminium rev\u00eatu durable. Id\u00e9ale pour la restauration, le self-service et l&#8217;horeca.<\/p>","protected":false},"featured_media":6534,"template":"","meta":{"_acf_changed":false},"product_brand":[],"product_cat":[54],"product_tag":[],"class_list":{"0":"post-13892","1":"product","2":"type-product","3":"status-publish","4":"has-post-thumbnail","6":"product_cat-chaud","8":"first","9":"instock","10":"sale","11":"taxable","12":"shipping-taxable","13":"purchasable","14":"product-type-simple"},"acf":[],"yoast_head":"<!-- This site is optimized with the Yoast SEO plugin v27.5 - https:\/\/yoast.com\/product\/yoast-seo-wordpress\/ -->\n<title>Marmite \u00e0 soupe \u2013 10 L \u2013 pot int\u00e9rieur amovible \u2013 avec encoche pour louche - Gastora<\/title>\n<meta name=\"description\" content=\"Achetez Marmite \u00e0 soupe \u2013 10 L \u2013 pot int\u00e9rieur amovible \u2013 avec encoche pour louche au meilleur prix, fiable et performant avec une livraison rapide\" \/>\n<meta name=\"robots\" content=\"index, follow, max-snippet:-1, max-image-preview:large, max-video-preview:-1\" \/>\n<link rel=\"canonical\" href=\"https:\/\/gastora.eu\/en\/product\/marmite-soupe-10-l-pot-intrieur-amovible-avec-encoche-pour-louche\/\" \/>\n<meta property=\"og:locale\" content=\"en_US\" \/>\n<meta property=\"og:type\" content=\"article\" \/>\n<meta property=\"og:title\" content=\"Marmite \u00e0 soupe \u2013 10 L \u2013 pot int\u00e9rieur amovible \u2013 avec encoche pour louche - Gastora\" \/>\n<meta property=\"og:description\" content=\"Achetez Marmite \u00e0 soupe \u2013 10 L \u2013 pot int\u00e9rieur amovible \u2013 avec encoche pour louche au meilleur prix, fiable et performant avec une livraison rapide\" \/>\n<meta property=\"og:url\" content=\"https:\/\/gastora.eu\/en\/product\/marmite-soupe-10-l-pot-intrieur-amovible-avec-encoche-pour-louche\/\" \/>\n<meta property=\"og:site_name\" content=\"Gastora\" \/>\n<meta property=\"article:modified_time\" content=\"2026-04-28T16:55:29+00:00\" \/>\n<meta name=\"twitter:card\" content=\"summary_large_image\" \/>\n<meta name=\"twitter:label1\" content=\"Est. reading time\" \/>\n\t<meta name=\"twitter:data1\" content=\"3 minutes\" \/>\n<script type=\"application\/ld+json\" class=\"yoast-schema-graph\">{\"@context\":\"https:\\\/\\\/schema.org\",\"@graph\":[{\"@type\":\"WebPage\",\"@id\":\"https:\\\/\\\/gastora.eu\\\/product\\\/marmite-soupe-10-l-pot-intrieur-amovible-avec-encoche-pour-louche\\\/\",\"url\":\"https:\\\/\\\/gastora.eu\\\/product\\\/marmite-soupe-10-l-pot-intrieur-amovible-avec-encoche-pour-louche\\\/\",\"name\":\"Marmite \u00e0 soupe \u2013 10 L \u2013 pot int\u00e9rieur amovible \u2013 avec encoche pour louche - Gastora\",\"isPartOf\":{\"@id\":\"https:\\\/\\\/gastora.eu\\\/#website\"},\"primaryImageOfPage\":{\"@id\":\"https:\\\/\\\/gastora.eu\\\/product\\\/marmite-soupe-10-l-pot-intrieur-amovible-avec-encoche-pour-louche\\\/#primaryimage\"},\"image\":{\"@id\":\"https:\\\/\\\/gastora.eu\\\/product\\\/marmite-soupe-10-l-pot-intrieur-amovible-avec-encoche-pour-louche\\\/#primaryimage\"},\"thumbnailUrl\":\"https:\\\/\\\/gastora.eu\\\/wp-content\\\/uploads\\\/2026\\\/04\\\/sp-005-61656e5e3a513.jpg\",\"datePublished\":\"2026-04-25T17:39:07+00:00\",\"dateModified\":\"2026-04-28T16:55:29+00:00\",\"description\":\"Achetez Marmite \u00e0 soupe \u2013 10 L \u2013 pot int\u00e9rieur amovible \u2013 avec encoche pour louche au meilleur prix, fiable et performant avec une livraison rapide\",\"breadcrumb\":{\"@id\":\"https:\\\/\\\/gastora.eu\\\/product\\\/marmite-soupe-10-l-pot-intrieur-amovible-avec-encoche-pour-louche\\\/#breadcrumb\"},\"inLanguage\":\"en-US\",\"potentialAction\":[{\"@type\":\"ReadAction\",\"target\":[\"https:\\\/\\\/gastora.eu\\\/product\\\/marmite-soupe-10-l-pot-intrieur-amovible-avec-encoche-pour-louche\\\/\"]}]},{\"@type\":\"ImageObject\",\"inLanguage\":\"en-US\",\"@id\":\"https:\\\/\\\/gastora.eu\\\/product\\\/marmite-soupe-10-l-pot-intrieur-amovible-avec-encoche-pour-louche\\\/#primaryimage\",\"url\":\"https:\\\/\\\/gastora.eu\\\/wp-content\\\/uploads\\\/2026\\\/04\\\/sp-005-61656e5e3a513.jpg\",\"contentUrl\":\"https:\\\/\\\/gastora.eu\\\/wp-content\\\/uploads\\\/2026\\\/04\\\/sp-005-61656e5e3a513.jpg\",\"width\":1024,\"height\":1024},{\"@type\":\"BreadcrumbList\",\"@id\":\"https:\\\/\\\/gastora.eu\\\/product\\\/marmite-soupe-10-l-pot-intrieur-amovible-avec-encoche-pour-louche\\\/#breadcrumb\",\"itemListElement\":[{\"@type\":\"ListItem\",\"position\":1,\"name\":\"Home\",\"item\":\"https:\\\/\\\/gastora.eu\\\/\"},{\"@type\":\"ListItem\",\"position\":2,\"name\":\"Shop\",\"item\":\"https:\\\/\\\/gastora.eu\\\/shop\\\/\"},{\"@type\":\"ListItem\",\"position\":3,\"name\":\"Marmite \u00e0 soupe \u2013 10 L \u2013 pot int\u00e9rieur amovible \u2013 avec encoche pour louche\"}]},{\"@type\":\"WebSite\",\"@id\":\"https:\\\/\\\/gastora.eu\\\/#website\",\"url\":\"https:\\\/\\\/gastora.eu\\\/\",\"name\":\"Gastora\",\"description\":\"\u00c9quipements professionnels CHR\",\"publisher\":{\"@id\":\"https:\\\/\\\/gastora.eu\\\/#organization\"},\"potentialAction\":[{\"@type\":\"SearchAction\",\"target\":{\"@type\":\"EntryPoint\",\"urlTemplate\":\"https:\\\/\\\/gastora.eu\\\/?s={search_term_string}\"},\"query-input\":{\"@type\":\"PropertyValueSpecification\",\"valueRequired\":true,\"valueName\":\"search_term_string\"}}],\"inLanguage\":\"en-US\"},{\"@type\":\"Organization\",\"@id\":\"https:\\\/\\\/gastora.eu\\\/#organization\",\"name\":\"Gastora\",\"url\":\"https:\\\/\\\/gastora.eu\\\/\",\"logo\":{\"@type\":\"ImageObject\",\"inLanguage\":\"en-US\",\"@id\":\"https:\\\/\\\/gastora.eu\\\/#\\\/schema\\\/logo\\\/image\\\/\",\"url\":\"https:\\\/\\\/gastora.eu\\\/wp-content\\\/uploads\\\/2025\\\/12\\\/ChatGPT-Image-2-janv.-2026-22_52_47-1.png\",\"contentUrl\":\"https:\\\/\\\/gastora.eu\\\/wp-content\\\/uploads\\\/2025\\\/12\\\/ChatGPT-Image-2-janv.-2026-22_52_47-1.png\",\"width\":1536,\"height\":320,\"caption\":\"Gastora\"},\"image\":{\"@id\":\"https:\\\/\\\/gastora.eu\\\/#\\\/schema\\\/logo\\\/image\\\/\"}}]}<\/script>\n<!-- \/ Yoast SEO plugin. -->","yoast_head_json":{"title":"Marmite \u00e0 soupe \u2013 10 L \u2013 pot int\u00e9rieur amovible \u2013 avec encoche pour louche - Gastora","description":"Achetez Marmite \u00e0 soupe \u2013 10 L \u2013 pot int\u00e9rieur amovible \u2013 avec encoche pour louche au meilleur prix, fiable et performant avec une livraison rapide","robots":{"index":"index","follow":"follow","max-snippet":"max-snippet:-1","max-image-preview":"max-image-preview:large","max-video-preview":"max-video-preview:-1"},"canonical":"https:\/\/gastora.eu\/en\/product\/marmite-soupe-10-l-pot-intrieur-amovible-avec-encoche-pour-louche\/","og_locale":"en_US","og_type":"article","og_title":"Marmite \u00e0 soupe \u2013 10 L \u2013 pot int\u00e9rieur amovible \u2013 avec encoche pour louche - Gastora","og_description":"Achetez Marmite \u00e0 soupe \u2013 10 L \u2013 pot int\u00e9rieur amovible \u2013 avec encoche pour louche au meilleur prix, fiable et performant avec une livraison rapide","og_url":"https:\/\/gastora.eu\/en\/product\/marmite-soupe-10-l-pot-intrieur-amovible-avec-encoche-pour-louche\/","og_site_name":"Gastora","article_modified_time":"2026-04-28T16:55:29+00:00","twitter_card":"summary_large_image","twitter_misc":{"Est. reading time":"3 minutes"},"schema":{"@context":"https:\/\/schema.org","@graph":[{"@type":"WebPage","@id":"https:\/\/gastora.eu\/product\/marmite-soupe-10-l-pot-intrieur-amovible-avec-encoche-pour-louche\/","url":"https:\/\/gastora.eu\/product\/marmite-soupe-10-l-pot-intrieur-amovible-avec-encoche-pour-louche\/","name":"Marmite \u00e0 soupe \u2013 10 L \u2013 pot int\u00e9rieur amovible \u2013 avec encoche pour louche - Gastora","isPartOf":{"@id":"https:\/\/gastora.eu\/#website"},"primaryImageOfPage":{"@id":"https:\/\/gastora.eu\/product\/marmite-soupe-10-l-pot-intrieur-amovible-avec-encoche-pour-louche\/#primaryimage"},"image":{"@id":"https:\/\/gastora.eu\/product\/marmite-soupe-10-l-pot-intrieur-amovible-avec-encoche-pour-louche\/#primaryimage"},"thumbnailUrl":"https:\/\/gastora.eu\/wp-content\/uploads\/2026\/04\/sp-005-61656e5e3a513.jpg","datePublished":"2026-04-25T17:39:07+00:00","dateModified":"2026-04-28T16:55:29+00:00","description":"Achetez Marmite \u00e0 soupe \u2013 10 L \u2013 pot int\u00e9rieur amovible \u2013 avec encoche pour louche au meilleur prix, fiable et performant avec une livraison rapide","breadcrumb":{"@id":"https:\/\/gastora.eu\/product\/marmite-soupe-10-l-pot-intrieur-amovible-avec-encoche-pour-louche\/#breadcrumb"},"inLanguage":"en-US","potentialAction":[{"@type":"ReadAction","target":["https:\/\/gastora.eu\/product\/marmite-soupe-10-l-pot-intrieur-amovible-avec-encoche-pour-louche\/"]}]},{"@type":"ImageObject","inLanguage":"en-US","@id":"https:\/\/gastora.eu\/product\/marmite-soupe-10-l-pot-intrieur-amovible-avec-encoche-pour-louche\/#primaryimage","url":"https:\/\/gastora.eu\/wp-content\/uploads\/2026\/04\/sp-005-61656e5e3a513.jpg","contentUrl":"https:\/\/gastora.eu\/wp-content\/uploads\/2026\/04\/sp-005-61656e5e3a513.jpg","width":1024,"height":1024},{"@type":"BreadcrumbList","@id":"https:\/\/gastora.eu\/product\/marmite-soupe-10-l-pot-intrieur-amovible-avec-encoche-pour-louche\/#breadcrumb","itemListElement":[{"@type":"ListItem","position":1,"name":"Home","item":"https:\/\/gastora.eu\/"},{"@type":"ListItem","position":2,"name":"Shop","item":"https:\/\/gastora.eu\/shop\/"},{"@type":"ListItem","position":3,"name":"Marmite \u00e0 soupe \u2013 10 L \u2013 pot int\u00e9rieur amovible \u2013 avec encoche pour louche"}]},{"@type":"WebSite","@id":"https:\/\/gastora.eu\/#website","url":"https:\/\/gastora.eu\/","name":"Gastora","description":"\u00c9quipements professionnels CHR","publisher":{"@id":"https:\/\/gastora.eu\/#organization"},"potentialAction":[{"@type":"SearchAction","target":{"@type":"EntryPoint","urlTemplate":"https:\/\/gastora.eu\/?s={search_term_string}"},"query-input":{"@type":"PropertyValueSpecification","valueRequired":true,"valueName":"search_term_string"}}],"inLanguage":"en-US"},{"@type":"Organization","@id":"https:\/\/gastora.eu\/#organization","name":"Gastora","url":"https:\/\/gastora.eu\/","logo":{"@type":"ImageObject","inLanguage":"en-US","@id":"https:\/\/gastora.eu\/#\/schema\/logo\/image\/","url":"https:\/\/gastora.eu\/wp-content\/uploads\/2025\/12\/ChatGPT-Image-2-janv.-2026-22_52_47-1.png","contentUrl":"https:\/\/gastora.eu\/wp-content\/uploads\/2025\/12\/ChatGPT-Image-2-janv.-2026-22_52_47-1.png","width":1536,"height":320,"caption":"Gastora"},"image":{"@id":"https:\/\/gastora.eu\/#\/schema\/logo\/image\/"}}]}},"jetpack_sharing_enabled":true,"_links":{"self":[{"href":"https:\/\/gastora.eu\/en\/wp-json\/wp\/v2\/product\/13892","targetHints":{"allow":["GET"]}}],"collection":[{"href":"https:\/\/gastora.eu\/en\/wp-json\/wp\/v2\/product"}],"about":[{"href":"https:\/\/gastora.eu\/en\/wp-json\/wp\/v2\/types\/product"}],"wp:featuredmedia":[{"embeddable":true,"href":"https:\/\/gastora.eu\/en\/wp-json\/wp\/v2\/media\/6534"}],"wp:attachment":[{"href":"https:\/\/gastora.eu\/en\/wp-json\/wp\/v2\/media?parent=13892"}],"wp:term":[{"taxonomy":"product_brand","embeddable":true,"href":"https:\/\/gastora.eu\/en\/wp-json\/wp\/v2\/product_brand?post=13892"},{"taxonomy":"product_cat","embeddable":true,"href":"https:\/\/gastora.eu\/en\/wp-json\/wp\/v2\/product_cat?post=13892"},{"taxonomy":"product_tag","embeddable":true,"href":"https:\/\/gastora.eu\/en\/wp-json\/wp\/v2\/product_tag?post=13892"}],"curies":[{"name":"wp","href":"https:\/\/api.w.org\/{rel}","templated":true}]}}