{"id":13891,"date":"2026-04-25T17:39:06","date_gmt":"2026-04-25T17:39:06","guid":{"rendered":"https:\/\/gastora.eu\/?post_type=product&#038;p=13891"},"modified":"2026-04-26T08:30:26","modified_gmt":"2026-04-26T08:30:26","slug":"distributeur-deau-chaude-20-l","status":"publish","type":"product","link":"https:\/\/gastora.eu\/en\/product\/distributeur-deau-chaude-20-l\/","title":{"rendered":"Distributeur d&#8217;eau chaude &#8211; 20 L"},"content":{"rendered":"<p>Cette bouilloire robuste est id\u00e9ale pour pr\u00e9parer une grande quantit\u00e9 de tasses de th\u00e9 lorsque vous recevez de nombreux invit\u00e9s. Elle peut contenir jusqu&#8217;\u00e0 20 litres d&#8217;eau. Ainsi, vous aurez toujours suffisamment d&#8217;eau chaude en stock pour servir rapidement une tasse de th\u00e9. Il s&#8217;agit d&#8217;un appareil de cuisine pratique pour tout \u00e9tablissement de restauration ou \u00e9v\u00e9nement. Le couvercle est muni d&#8217;un bouchon et est fabriqu\u00e9 en plastique. Gr\u00e2ce aux poign\u00e9es de transport pratiques avec isolation, vous pouvez facilement d\u00e9placer la bouilloire sans vous br\u00fbler. Il faut environ 20 \u00e0 30 minutes pour que l&#8217;eau soit suffisamment chaude pour faire du th\u00e9.<\/p>\n<h3>R\u00e9gulateur de temp\u00e9rature pratique<\/h3>\n<p>Le distributeur d&#8217;eau dispose \u00e9galement d&#8217;un r\u00e9gulateur de temp\u00e9rature permettant de r\u00e9gler la temp\u00e9rature entre 30 et 110\u2070C. Le t\u00e9moin lumineux de la bouilloire indique quand l&#8217;eau a atteint la bonne temp\u00e9rature. Il y a \u00e9galement un indicateur de niveau \u00e0 l&#8217;ext\u00e9rieur pour que vous sachiez toujours \u00e0 quel point la bouilloire est pleine. Gr\u00e2ce aux quatre pieds en caoutchouc, la bouilloire reste bien en place et ne bouge pas pendant l&#8217;utilisation. En outre, la bouilloire est \u00e9quip\u00e9e d&#8217;un robinet robuste pour verser en toute s\u00e9curit\u00e9 une d\u00e9licieuse tasse de th\u00e9.<\/p>\n<h3>Facile \u00e0 d\u00e9tartrer<\/h3>\n<p>M\u00eame si la bouilloire ne contient que de l&#8217;eau, il est conseill\u00e9 de la nettoyer r\u00e9guli\u00e8rement. Avec le temps, une couche de calcaire peut se former sur l&#8217;\u00e9l\u00e9ment chauffant et les r\u00e9sidus peuvent se retrouver dans l&#8217;eau du th\u00e9. Le d\u00e9tartrage est rapide et facile. Vous pouvez le faire avec un d\u00e9tartrant sp\u00e9cial, mais vous pouvez aussi pr\u00e9parer votre propre m\u00e9lange de vinaigre et d&#8217;eau. Portez \u00e0 \u00e9bullition et laissez reposer pendant 15 minutes. L&#8217;\u00e9tape suivante consiste \u00e0 vidanger l&#8217;eau et \u00e0 la rincer soigneusement plusieurs fois pour s&#8217;assurer que l&#8217;odeur et le go\u00fbt du vinaigre ont disparu. Apr\u00e8s cela, l&#8217;appareil est pr\u00eat pour la prochaine utilisation.<\/p>\n<ul>\n<li>Distributeur d&#8217;eau chaude professionnel \/ chauffe-eau<\/li>\n<li>Bo\u00eetier et couvercle en acier inoxydable<\/li>\n<li>Couvercle avec bouchon en plastique<\/li>\n<li>Poign\u00e9es de transport pratiques avec isolation<\/li>\n<li>Verre de niveau avec \u00e9chelle<\/li>\n<li>Capacit\u00e9 brute : 20 litres<\/li>\n<li>Temps de pr\u00e9chauffage moyen : 20-30 minutes<\/li>\n<li>Contr\u00f4le de la temp\u00e9rature 30\u00b0C &#8211; 110\u00b0C<\/li>\n<li>Indicateur de temp\u00e9rature<\/li>\n<li>Repose sur quatre pieds en caoutchouc<\/li>\n<li>Avec robinet robuste<\/li>\n<li>Facile \u00e0 nettoyer<\/li>\n<li>Poids net : 3,6 kg<\/li>\n<li>Dimensions : L310 x P310 x H523 mm<\/li>\n<li>230V\/50Hz\/1Phase 2500 Watt<\/li>\n<\/ul>\n<ul>\n<li>Poids net : 3,6 kg\n<\/li>\n<li>Dimensions de la machine : L31 x P31 x H52,3cm\n<\/li>\n<li>Volume brut : 20L\n<\/li>\n<li>Temps de chauffage moyen : 20-30 minutes\n<\/li>\n<li>230V\/50Hz\/1Phase 2500W<br \/>","protected":false},"excerpt":{"rendered":"<p>Cette bouilloire a une capacit\u00e9 de 20L et convient pour faire bouillir de l&#8217;eau pour de grands groupes. La temp\u00e9rature est r\u00e9glable et la bouilloire est \u00e9quip\u00e9e d&#8217;une jauge de niveau pour voir ce qu&#8217;il reste dans l&#8217;appareil.<\/p>","protected":false},"featured_media":6532,"template":"","meta":{"_acf_changed":false},"product_brand":[],"product_cat":[54],"product_tag":[],"class_list":{"0":"post-13891","1":"product","2":"type-product","3":"status-publish","4":"has-post-thumbnail","6":"product_cat-chaud","8":"first","9":"instock","10":"sale","11":"taxable","12":"shipping-taxable","13":"purchasable","14":"product-type-simple"},"acf":[],"yoast_head":"<!-- This site is optimized with the Yoast SEO plugin v27.4 - https:\/\/yoast.com\/product\/yoast-seo-wordpress\/ -->\n<title>Distributeur d&#039;eau chaude - 20 L - Gastora<\/title>\n<meta name=\"description\" content=\"Achetez Distributeur d&#039;eau chaude - 20 L au meilleur prix, fiable et performant avec une livraison rapide\" \/>\n<meta name=\"robots\" content=\"index, follow, max-snippet:-1, max-image-preview:large, max-video-preview:-1\" \/>\n<link rel=\"canonical\" href=\"https:\/\/gastora.eu\/en\/product\/distributeur-deau-chaude-20-l\/\" \/>\n<meta property=\"og:locale\" content=\"en_US\" \/>\n<meta property=\"og:type\" content=\"article\" \/>\n<meta property=\"og:title\" content=\"Distributeur d&#039;eau chaude - 20 L - Gastora\" \/>\n<meta property=\"og:description\" content=\"Achetez Distributeur d&#039;eau chaude - 20 L au meilleur prix, fiable et performant avec une livraison rapide\" \/>\n<meta property=\"og:url\" content=\"https:\/\/gastora.eu\/en\/product\/distributeur-deau-chaude-20-l\/\" \/>\n<meta property=\"og:site_name\" content=\"Gastora\" \/>\n<meta property=\"article:modified_time\" content=\"2026-04-26T08:30:26+00:00\" \/>\n<meta name=\"twitter:card\" content=\"summary_large_image\" \/>\n<meta name=\"twitter:label1\" content=\"Est. reading time\" \/>\n\t<meta name=\"twitter:data1\" content=\"2 minutes\" \/>\n<script type=\"application\/ld+json\" class=\"yoast-schema-graph\">{\"@context\":\"https:\\\/\\\/schema.org\",\"@graph\":[{\"@type\":\"WebPage\",\"@id\":\"https:\\\/\\\/gastora.eu\\\/product\\\/distributeur-deau-chaude-20-l\\\/\",\"url\":\"https:\\\/\\\/gastora.eu\\\/product\\\/distributeur-deau-chaude-20-l\\\/\",\"name\":\"Distributeur d'eau chaude - 20 L - Gastora\",\"isPartOf\":{\"@id\":\"https:\\\/\\\/gastora.eu\\\/#website\"},\"primaryImageOfPage\":{\"@id\":\"https:\\\/\\\/gastora.eu\\\/product\\\/distributeur-deau-chaude-20-l\\\/#primaryimage\"},\"image\":{\"@id\":\"https:\\\/\\\/gastora.eu\\\/product\\\/distributeur-deau-chaude-20-l\\\/#primaryimage\"},\"thumbnailUrl\":\"https:\\\/\\\/gastora.eu\\\/wp-content\\\/uploads\\\/2026\\\/04\\\/sp-005-61656e688df6c.jpg\",\"datePublished\":\"2026-04-25T17:39:06+00:00\",\"dateModified\":\"2026-04-26T08:30:26+00:00\",\"description\":\"Achetez Distributeur d'eau chaude - 20 L au meilleur prix, fiable et performant avec une livraison rapide\",\"breadcrumb\":{\"@id\":\"https:\\\/\\\/gastora.eu\\\/product\\\/distributeur-deau-chaude-20-l\\\/#breadcrumb\"},\"inLanguage\":\"en-US\",\"potentialAction\":[{\"@type\":\"ReadAction\",\"target\":[\"https:\\\/\\\/gastora.eu\\\/product\\\/distributeur-deau-chaude-20-l\\\/\"]}]},{\"@type\":\"ImageObject\",\"inLanguage\":\"en-US\",\"@id\":\"https:\\\/\\\/gastora.eu\\\/product\\\/distributeur-deau-chaude-20-l\\\/#primaryimage\",\"url\":\"https:\\\/\\\/gastora.eu\\\/wp-content\\\/uploads\\\/2026\\\/04\\\/sp-005-61656e688df6c.jpg\",\"contentUrl\":\"https:\\\/\\\/gastora.eu\\\/wp-content\\\/uploads\\\/2026\\\/04\\\/sp-005-61656e688df6c.jpg\",\"width\":1024,\"height\":1024},{\"@type\":\"BreadcrumbList\",\"@id\":\"https:\\\/\\\/gastora.eu\\\/product\\\/distributeur-deau-chaude-20-l\\\/#breadcrumb\",\"itemListElement\":[{\"@type\":\"ListItem\",\"position\":1,\"name\":\"Home\",\"item\":\"https:\\\/\\\/gastora.eu\\\/\"},{\"@type\":\"ListItem\",\"position\":2,\"name\":\"Shop\",\"item\":\"https:\\\/\\\/gastora.eu\\\/shop\\\/\"},{\"@type\":\"ListItem\",\"position\":3,\"name\":\"Distributeur d&#8217;eau chaude &#8211; 20 L\"}]},{\"@type\":\"WebSite\",\"@id\":\"https:\\\/\\\/gastora.eu\\\/#website\",\"url\":\"https:\\\/\\\/gastora.eu\\\/\",\"name\":\"Gastora\",\"description\":\"\u00c9quipements professionnels CHR\",\"publisher\":{\"@id\":\"https:\\\/\\\/gastora.eu\\\/#organization\"},\"potentialAction\":[{\"@type\":\"SearchAction\",\"target\":{\"@type\":\"EntryPoint\",\"urlTemplate\":\"https:\\\/\\\/gastora.eu\\\/?s={search_term_string}\"},\"query-input\":{\"@type\":\"PropertyValueSpecification\",\"valueRequired\":true,\"valueName\":\"search_term_string\"}}],\"inLanguage\":\"en-US\"},{\"@type\":\"Organization\",\"@id\":\"https:\\\/\\\/gastora.eu\\\/#organization\",\"name\":\"Gastora\",\"url\":\"https:\\\/\\\/gastora.eu\\\/\",\"logo\":{\"@type\":\"ImageObject\",\"inLanguage\":\"en-US\",\"@id\":\"https:\\\/\\\/gastora.eu\\\/#\\\/schema\\\/logo\\\/image\\\/\",\"url\":\"https:\\\/\\\/gastora.eu\\\/wp-content\\\/uploads\\\/2025\\\/12\\\/ChatGPT-Image-2-janv.-2026-22_52_47-1.png\",\"contentUrl\":\"https:\\\/\\\/gastora.eu\\\/wp-content\\\/uploads\\\/2025\\\/12\\\/ChatGPT-Image-2-janv.-2026-22_52_47-1.png\",\"width\":1536,\"height\":320,\"caption\":\"Gastora\"},\"image\":{\"@id\":\"https:\\\/\\\/gastora.eu\\\/#\\\/schema\\\/logo\\\/image\\\/\"}}]}<\/script>\n<!-- \/ Yoast SEO plugin. -->","yoast_head_json":{"title":"Distributeur d'eau chaude - 20 L - Gastora","description":"Achetez Distributeur d'eau chaude - 20 L au meilleur prix, fiable et performant avec une livraison rapide","robots":{"index":"index","follow":"follow","max-snippet":"max-snippet:-1","max-image-preview":"max-image-preview:large","max-video-preview":"max-video-preview:-1"},"canonical":"https:\/\/gastora.eu\/en\/product\/distributeur-deau-chaude-20-l\/","og_locale":"en_US","og_type":"article","og_title":"Distributeur d'eau chaude - 20 L - Gastora","og_description":"Achetez Distributeur d'eau chaude - 20 L au meilleur prix, fiable et performant avec une livraison rapide","og_url":"https:\/\/gastora.eu\/en\/product\/distributeur-deau-chaude-20-l\/","og_site_name":"Gastora","article_modified_time":"2026-04-26T08:30:26+00:00","twitter_card":"summary_large_image","twitter_misc":{"Est. reading time":"2 minutes"},"schema":{"@context":"https:\/\/schema.org","@graph":[{"@type":"WebPage","@id":"https:\/\/gastora.eu\/product\/distributeur-deau-chaude-20-l\/","url":"https:\/\/gastora.eu\/product\/distributeur-deau-chaude-20-l\/","name":"Distributeur d'eau chaude - 20 L - Gastora","isPartOf":{"@id":"https:\/\/gastora.eu\/#website"},"primaryImageOfPage":{"@id":"https:\/\/gastora.eu\/product\/distributeur-deau-chaude-20-l\/#primaryimage"},"image":{"@id":"https:\/\/gastora.eu\/product\/distributeur-deau-chaude-20-l\/#primaryimage"},"thumbnailUrl":"https:\/\/gastora.eu\/wp-content\/uploads\/2026\/04\/sp-005-61656e688df6c.jpg","datePublished":"2026-04-25T17:39:06+00:00","dateModified":"2026-04-26T08:30:26+00:00","description":"Achetez Distributeur d'eau chaude - 20 L au meilleur prix, fiable et performant avec une livraison rapide","breadcrumb":{"@id":"https:\/\/gastora.eu\/product\/distributeur-deau-chaude-20-l\/#breadcrumb"},"inLanguage":"en-US","potentialAction":[{"@type":"ReadAction","target":["https:\/\/gastora.eu\/product\/distributeur-deau-chaude-20-l\/"]}]},{"@type":"ImageObject","inLanguage":"en-US","@id":"https:\/\/gastora.eu\/product\/distributeur-deau-chaude-20-l\/#primaryimage","url":"https:\/\/gastora.eu\/wp-content\/uploads\/2026\/04\/sp-005-61656e688df6c.jpg","contentUrl":"https:\/\/gastora.eu\/wp-content\/uploads\/2026\/04\/sp-005-61656e688df6c.jpg","width":1024,"height":1024},{"@type":"BreadcrumbList","@id":"https:\/\/gastora.eu\/product\/distributeur-deau-chaude-20-l\/#breadcrumb","itemListElement":[{"@type":"ListItem","position":1,"name":"Home","item":"https:\/\/gastora.eu\/"},{"@type":"ListItem","position":2,"name":"Shop","item":"https:\/\/gastora.eu\/shop\/"},{"@type":"ListItem","position":3,"name":"Distributeur d&#8217;eau chaude &#8211; 20 L"}]},{"@type":"WebSite","@id":"https:\/\/gastora.eu\/#website","url":"https:\/\/gastora.eu\/","name":"Gastora","description":"\u00c9quipements professionnels CHR","publisher":{"@id":"https:\/\/gastora.eu\/#organization"},"potentialAction":[{"@type":"SearchAction","target":{"@type":"EntryPoint","urlTemplate":"https:\/\/gastora.eu\/?s={search_term_string}"},"query-input":{"@type":"PropertyValueSpecification","valueRequired":true,"valueName":"search_term_string"}}],"inLanguage":"en-US"},{"@type":"Organization","@id":"https:\/\/gastora.eu\/#organization","name":"Gastora","url":"https:\/\/gastora.eu\/","logo":{"@type":"ImageObject","inLanguage":"en-US","@id":"https:\/\/gastora.eu\/#\/schema\/logo\/image\/","url":"https:\/\/gastora.eu\/wp-content\/uploads\/2025\/12\/ChatGPT-Image-2-janv.-2026-22_52_47-1.png","contentUrl":"https:\/\/gastora.eu\/wp-content\/uploads\/2025\/12\/ChatGPT-Image-2-janv.-2026-22_52_47-1.png","width":1536,"height":320,"caption":"Gastora"},"image":{"@id":"https:\/\/gastora.eu\/#\/schema\/logo\/image\/"}}]}},"jetpack_sharing_enabled":true,"_links":{"self":[{"href":"https:\/\/gastora.eu\/en\/wp-json\/wp\/v2\/product\/13891","targetHints":{"allow":["GET"]}}],"collection":[{"href":"https:\/\/gastora.eu\/en\/wp-json\/wp\/v2\/product"}],"about":[{"href":"https:\/\/gastora.eu\/en\/wp-json\/wp\/v2\/types\/product"}],"wp:featuredmedia":[{"embeddable":true,"href":"https:\/\/gastora.eu\/en\/wp-json\/wp\/v2\/media\/6532"}],"wp:attachment":[{"href":"https:\/\/gastora.eu\/en\/wp-json\/wp\/v2\/media?parent=13891"}],"wp:term":[{"taxonomy":"product_brand","embeddable":true,"href":"https:\/\/gastora.eu\/en\/wp-json\/wp\/v2\/product_brand?post=13891"},{"taxonomy":"product_cat","embeddable":true,"href":"https:\/\/gastora.eu\/en\/wp-json\/wp\/v2\/product_cat?post=13891"},{"taxonomy":"product_tag","embeddable":true,"href":"https:\/\/gastora.eu\/en\/wp-json\/wp\/v2\/product_tag?post=13891"}],"curies":[{"name":"wp","href":"https:\/\/api.w.org\/{rel}","templated":true}]}}