{"id":13884,"date":"2026-04-25T17:38:57","date_gmt":"2026-04-25T17:38:57","guid":{"rendered":"https:\/\/gastora.eu\/?post_type=product&#038;p=13884"},"modified":"2026-04-28T16:55:28","modified_gmt":"2026-04-28T16:55:28","slug":"bain-marie-avec-robinet-excl-11-gn-set-lectrique","status":"publish","type":"product","link":"https:\/\/gastora.eu\/en\/product\/bain-marie-avec-robinet-excl-11-gn-set-lectrique\/","title":{"rendered":"Bain Marie &#8211; avec robinet &#8211; excl. 1\/1 GN set &#8211; \u00e9lectrique"},"content":{"rendered":"<p>Avec ce bain-marie professionnel, vous pouvez \u00e0 la fois pr\u00e9parer des plats ou les r\u00e9chauffer progressivement. Le bain marie fonctionne en chauffant l&#8217;eau sans la faire bouillir. Vous pouvez ensuite placer dans l&#8217;appareil des r\u00e9cipients GN ou d&#8217;autres plats contenant des aliments \u00e0 cuire ou \u00e0 r\u00e9chauffer. Comme il ne d\u00e9passe jamais 100\u00baC, vos aliments ne bouillent pas et ne br\u00fblent pas. Il emp\u00eache \u00e9galement les aliments de se s\u00e9parer, ce qui \u00e9vite tout risque de perte de saveur. Le bain-marie est \u00e9galement une solution id\u00e9ale pour maintenir les aliments au chaud pour de grands groupes d&#8217;invit\u00e9s.<\/p>\n<h3>Un design \u00e9l\u00e9gant<\/h3>\n<p>Ce bain-marie est id\u00e9al pour chauffer le chocolat, les sauces, les produits laitiers et les m\u00e9langes. Gr\u00e2ce \u00e0 son bo\u00eetier aux finitions soign\u00e9es et \u00e0 son bord int\u00e9rieur sans soudure, ce bain-marie professionnel peut \u00eatre utilis\u00e9 en toute s\u00e9curit\u00e9. Le robinet de vidange permet de vider facilement le r\u00e9servoir du bain-marie. Le thermostat a une plage de temp\u00e9rature comprise entre 30 et 95\u00baC et il est dot\u00e9 de voyants lumineux qui indiquent que l&#8217;eau a atteint la bonne temp\u00e9rature. Ce bain-marie peut \u00eatre utilis\u00e9 avec des r\u00e9cipients GN d&#8217;une hauteur maximale de 15 cm. Il n&#8217;est pas livr\u00e9 avec des r\u00e9cipients GN ou des couvercles, mais ceux-ci peuvent \u00eatre achet\u00e9s dans notre boutique en ligne.<\/p>\n<h3>Facile \u00e0 nettoyer<\/h3>\n<p>Le bain-marie est non seulement tr\u00e8s facile \u00e0 utiliser, mais aussi \u00e0 nettoyer. Apr\u00e8s utilisation, \u00e9teignez le bain-marie et retirez les r\u00e9cipients GN. Les r\u00e9cipients GN peuvent \u00eatre nettoy\u00e9s au lave-vaisselle. Il est important de noter que l&#8217;eau du r\u00e9servoir peut \u00eatre encore chaude. Ouvrez le robinet de vidange et laissez l&#8217;eau s&#8217;\u00e9couler dans un r\u00e9cipient appropri\u00e9. Nettoyez l&#8217;int\u00e9rieur et l&#8217;ext\u00e9rieur du bain-marie \u00e0 l&#8217;aide d&#8217;un chiffon humide et d&#8217;un peu de d\u00e9tergent doux. S\u00e9chez le tout avec un chiffon doux et le bain-marie est pr\u00eat pour la prochaine utilisation.<\/p>\n<p><strong>Caract\u00e9ristiques<\/strong><\/p>\n<ul>\n<li>Fabriqu\u00e9 en acier inoxydable<\/li>\n<li>Facile \u00e0 nettoyer<\/li>\n<li>Soud\u00e9 sans soudure<\/li>\n<li>Bouton d&#8217;alimentation prot\u00e9g\u00e9<\/li>\n<li>Comprend un robinet de vidange<\/li>\n<li>Repose sur quatre pieds en caoutchouc<\/li>\n<\/ul>\n<p><strong>Caract\u00e9ristiques du produit<\/strong><\/p>\n<ul>\n<li>Poids net : 8 kg<\/li>\n<li>Dimensions : 33,8 x 54 x 24,8 cm L33,8 x P54 x H24,8cm<\/li>\n<li>Plage de temp\u00e9rature : 30-95\u00baC<\/li>\n<li>Capacit\u00e9 GN : 1 x 1\/1 GN jusqu&#8217;\u00e0 15cm de profondeur<\/li>\n<li>230V \/ 50Hz \/ 1 Phase 1200W<\/li>\n<\/ul>","protected":false},"excerpt":{"rendered":"<p>Pour r\u00e9chauffer ou pr\u00e9parer progressivement les aliments, utilisez ce bain-marie qui est l&#8217;appareil de cuisine professionnel id\u00e9al. Il a \u00e9t\u00e9 fabriqu\u00e9 en acier inoxydable, qui est \u00e0 la fois r\u00e9sistant aux rayures et rapide \u00e0 nettoyer. Ce bain-marie est \u00e9quip\u00e9 d&#8217;un robinet de vidange pratique pour faciliter la vidange du r\u00e9servoir. Il peut \u00e9galement \u00eatre utilis\u00e9 avec des r\u00e9cipients GN.<\/p>","protected":false},"featured_media":6518,"template":"","meta":{"_acf_changed":false},"product_brand":[],"product_cat":[487],"product_tag":[],"class_list":{"0":"post-13884","1":"product","2":"type-product","3":"status-publish","4":"has-post-thumbnail","6":"product_cat-bains-marie-2","8":"first","9":"instock","10":"sale","11":"taxable","12":"shipping-taxable","13":"purchasable","14":"product-type-simple"},"acf":[],"yoast_head":"<!-- This site is optimized with the Yoast SEO plugin v27.5 - https:\/\/yoast.com\/product\/yoast-seo-wordpress\/ -->\n<title>Bain Marie - avec robinet - excl. 1\/1 GN set - \u00e9lectrique - Gastora<\/title>\n<meta name=\"description\" content=\"Achetez Bain Marie - avec robinet - excl. 1\/1 GN set - \u00e9lectrique au meilleur prix, fiable et performant avec une livraison rapide\" \/>\n<meta name=\"robots\" content=\"index, follow, max-snippet:-1, max-image-preview:large, max-video-preview:-1\" \/>\n<link rel=\"canonical\" href=\"https:\/\/gastora.eu\/en\/product\/bain-marie-avec-robinet-excl-11-gn-set-lectrique\/\" \/>\n<meta property=\"og:locale\" content=\"en_US\" \/>\n<meta property=\"og:type\" content=\"article\" \/>\n<meta property=\"og:title\" content=\"Bain Marie - avec robinet - excl. 1\/1 GN set - \u00e9lectrique - Gastora\" \/>\n<meta property=\"og:description\" content=\"Achetez Bain Marie - avec robinet - excl. 1\/1 GN set - \u00e9lectrique au meilleur prix, fiable et performant avec une livraison rapide\" \/>\n<meta property=\"og:url\" content=\"https:\/\/gastora.eu\/en\/product\/bain-marie-avec-robinet-excl-11-gn-set-lectrique\/\" \/>\n<meta property=\"og:site_name\" content=\"Gastora\" \/>\n<meta property=\"article:modified_time\" content=\"2026-04-28T16:55:28+00:00\" \/>\n<meta name=\"twitter:card\" content=\"summary_large_image\" \/>\n<meta name=\"twitter:label1\" content=\"Est. reading time\" \/>\n\t<meta name=\"twitter:data1\" content=\"2 minutes\" \/>\n<script type=\"application\/ld+json\" class=\"yoast-schema-graph\">{\"@context\":\"https:\\\/\\\/schema.org\",\"@graph\":[{\"@type\":\"WebPage\",\"@id\":\"https:\\\/\\\/gastora.eu\\\/product\\\/bain-marie-avec-robinet-excl-11-gn-set-lectrique\\\/\",\"url\":\"https:\\\/\\\/gastora.eu\\\/product\\\/bain-marie-avec-robinet-excl-11-gn-set-lectrique\\\/\",\"name\":\"Bain Marie - avec robinet - excl. 1\\\/1 GN set - \u00e9lectrique - Gastora\",\"isPartOf\":{\"@id\":\"https:\\\/\\\/gastora.eu\\\/#website\"},\"primaryImageOfPage\":{\"@id\":\"https:\\\/\\\/gastora.eu\\\/product\\\/bain-marie-avec-robinet-excl-11-gn-set-lectrique\\\/#primaryimage\"},\"image\":{\"@id\":\"https:\\\/\\\/gastora.eu\\\/product\\\/bain-marie-avec-robinet-excl-11-gn-set-lectrique\\\/#primaryimage\"},\"thumbnailUrl\":\"https:\\\/\\\/gastora.eu\\\/wp-content\\\/uploads\\\/2026\\\/04\\\/sp-005.jpg\",\"datePublished\":\"2026-04-25T17:38:57+00:00\",\"dateModified\":\"2026-04-28T16:55:28+00:00\",\"description\":\"Achetez Bain Marie - avec robinet - excl. 1\\\/1 GN set - \u00e9lectrique au meilleur prix, fiable et performant avec une livraison rapide\",\"breadcrumb\":{\"@id\":\"https:\\\/\\\/gastora.eu\\\/product\\\/bain-marie-avec-robinet-excl-11-gn-set-lectrique\\\/#breadcrumb\"},\"inLanguage\":\"en-US\",\"potentialAction\":[{\"@type\":\"ReadAction\",\"target\":[\"https:\\\/\\\/gastora.eu\\\/product\\\/bain-marie-avec-robinet-excl-11-gn-set-lectrique\\\/\"]}]},{\"@type\":\"ImageObject\",\"inLanguage\":\"en-US\",\"@id\":\"https:\\\/\\\/gastora.eu\\\/product\\\/bain-marie-avec-robinet-excl-11-gn-set-lectrique\\\/#primaryimage\",\"url\":\"https:\\\/\\\/gastora.eu\\\/wp-content\\\/uploads\\\/2026\\\/04\\\/sp-005.jpg\",\"contentUrl\":\"https:\\\/\\\/gastora.eu\\\/wp-content\\\/uploads\\\/2026\\\/04\\\/sp-005.jpg\",\"width\":1024,\"height\":1024},{\"@type\":\"BreadcrumbList\",\"@id\":\"https:\\\/\\\/gastora.eu\\\/product\\\/bain-marie-avec-robinet-excl-11-gn-set-lectrique\\\/#breadcrumb\",\"itemListElement\":[{\"@type\":\"ListItem\",\"position\":1,\"name\":\"Home\",\"item\":\"https:\\\/\\\/gastora.eu\\\/\"},{\"@type\":\"ListItem\",\"position\":2,\"name\":\"Shop\",\"item\":\"https:\\\/\\\/gastora.eu\\\/shop\\\/\"},{\"@type\":\"ListItem\",\"position\":3,\"name\":\"Bain Marie &#8211; avec robinet &#8211; excl. 1\\\/1 GN set &#8211; \u00e9lectrique\"}]},{\"@type\":\"WebSite\",\"@id\":\"https:\\\/\\\/gastora.eu\\\/#website\",\"url\":\"https:\\\/\\\/gastora.eu\\\/\",\"name\":\"Gastora\",\"description\":\"\u00c9quipements professionnels CHR\",\"publisher\":{\"@id\":\"https:\\\/\\\/gastora.eu\\\/#organization\"},\"potentialAction\":[{\"@type\":\"SearchAction\",\"target\":{\"@type\":\"EntryPoint\",\"urlTemplate\":\"https:\\\/\\\/gastora.eu\\\/?s={search_term_string}\"},\"query-input\":{\"@type\":\"PropertyValueSpecification\",\"valueRequired\":true,\"valueName\":\"search_term_string\"}}],\"inLanguage\":\"en-US\"},{\"@type\":\"Organization\",\"@id\":\"https:\\\/\\\/gastora.eu\\\/#organization\",\"name\":\"Gastora\",\"url\":\"https:\\\/\\\/gastora.eu\\\/\",\"logo\":{\"@type\":\"ImageObject\",\"inLanguage\":\"en-US\",\"@id\":\"https:\\\/\\\/gastora.eu\\\/#\\\/schema\\\/logo\\\/image\\\/\",\"url\":\"https:\\\/\\\/gastora.eu\\\/wp-content\\\/uploads\\\/2025\\\/12\\\/ChatGPT-Image-2-janv.-2026-22_52_47-1.png\",\"contentUrl\":\"https:\\\/\\\/gastora.eu\\\/wp-content\\\/uploads\\\/2025\\\/12\\\/ChatGPT-Image-2-janv.-2026-22_52_47-1.png\",\"width\":1536,\"height\":320,\"caption\":\"Gastora\"},\"image\":{\"@id\":\"https:\\\/\\\/gastora.eu\\\/#\\\/schema\\\/logo\\\/image\\\/\"}}]}<\/script>\n<!-- \/ Yoast SEO plugin. -->","yoast_head_json":{"title":"Bain Marie - avec robinet - excl. 1\/1 GN set - \u00e9lectrique - Gastora","description":"Achetez Bain Marie - avec robinet - excl. 1\/1 GN set - \u00e9lectrique au meilleur prix, fiable et performant avec une livraison rapide","robots":{"index":"index","follow":"follow","max-snippet":"max-snippet:-1","max-image-preview":"max-image-preview:large","max-video-preview":"max-video-preview:-1"},"canonical":"https:\/\/gastora.eu\/en\/product\/bain-marie-avec-robinet-excl-11-gn-set-lectrique\/","og_locale":"en_US","og_type":"article","og_title":"Bain Marie - avec robinet - excl. 1\/1 GN set - \u00e9lectrique - Gastora","og_description":"Achetez Bain Marie - avec robinet - excl. 1\/1 GN set - \u00e9lectrique au meilleur prix, fiable et performant avec une livraison rapide","og_url":"https:\/\/gastora.eu\/en\/product\/bain-marie-avec-robinet-excl-11-gn-set-lectrique\/","og_site_name":"Gastora","article_modified_time":"2026-04-28T16:55:28+00:00","twitter_card":"summary_large_image","twitter_misc":{"Est. reading time":"2 minutes"},"schema":{"@context":"https:\/\/schema.org","@graph":[{"@type":"WebPage","@id":"https:\/\/gastora.eu\/product\/bain-marie-avec-robinet-excl-11-gn-set-lectrique\/","url":"https:\/\/gastora.eu\/product\/bain-marie-avec-robinet-excl-11-gn-set-lectrique\/","name":"Bain Marie - avec robinet - excl. 1\/1 GN set - \u00e9lectrique - Gastora","isPartOf":{"@id":"https:\/\/gastora.eu\/#website"},"primaryImageOfPage":{"@id":"https:\/\/gastora.eu\/product\/bain-marie-avec-robinet-excl-11-gn-set-lectrique\/#primaryimage"},"image":{"@id":"https:\/\/gastora.eu\/product\/bain-marie-avec-robinet-excl-11-gn-set-lectrique\/#primaryimage"},"thumbnailUrl":"https:\/\/gastora.eu\/wp-content\/uploads\/2026\/04\/sp-005.jpg","datePublished":"2026-04-25T17:38:57+00:00","dateModified":"2026-04-28T16:55:28+00:00","description":"Achetez Bain Marie - avec robinet - excl. 1\/1 GN set - \u00e9lectrique au meilleur prix, fiable et performant avec une livraison rapide","breadcrumb":{"@id":"https:\/\/gastora.eu\/product\/bain-marie-avec-robinet-excl-11-gn-set-lectrique\/#breadcrumb"},"inLanguage":"en-US","potentialAction":[{"@type":"ReadAction","target":["https:\/\/gastora.eu\/product\/bain-marie-avec-robinet-excl-11-gn-set-lectrique\/"]}]},{"@type":"ImageObject","inLanguage":"en-US","@id":"https:\/\/gastora.eu\/product\/bain-marie-avec-robinet-excl-11-gn-set-lectrique\/#primaryimage","url":"https:\/\/gastora.eu\/wp-content\/uploads\/2026\/04\/sp-005.jpg","contentUrl":"https:\/\/gastora.eu\/wp-content\/uploads\/2026\/04\/sp-005.jpg","width":1024,"height":1024},{"@type":"BreadcrumbList","@id":"https:\/\/gastora.eu\/product\/bain-marie-avec-robinet-excl-11-gn-set-lectrique\/#breadcrumb","itemListElement":[{"@type":"ListItem","position":1,"name":"Home","item":"https:\/\/gastora.eu\/"},{"@type":"ListItem","position":2,"name":"Shop","item":"https:\/\/gastora.eu\/shop\/"},{"@type":"ListItem","position":3,"name":"Bain Marie &#8211; avec robinet &#8211; excl. 1\/1 GN set &#8211; \u00e9lectrique"}]},{"@type":"WebSite","@id":"https:\/\/gastora.eu\/#website","url":"https:\/\/gastora.eu\/","name":"Gastora","description":"\u00c9quipements professionnels CHR","publisher":{"@id":"https:\/\/gastora.eu\/#organization"},"potentialAction":[{"@type":"SearchAction","target":{"@type":"EntryPoint","urlTemplate":"https:\/\/gastora.eu\/?s={search_term_string}"},"query-input":{"@type":"PropertyValueSpecification","valueRequired":true,"valueName":"search_term_string"}}],"inLanguage":"en-US"},{"@type":"Organization","@id":"https:\/\/gastora.eu\/#organization","name":"Gastora","url":"https:\/\/gastora.eu\/","logo":{"@type":"ImageObject","inLanguage":"en-US","@id":"https:\/\/gastora.eu\/#\/schema\/logo\/image\/","url":"https:\/\/gastora.eu\/wp-content\/uploads\/2025\/12\/ChatGPT-Image-2-janv.-2026-22_52_47-1.png","contentUrl":"https:\/\/gastora.eu\/wp-content\/uploads\/2025\/12\/ChatGPT-Image-2-janv.-2026-22_52_47-1.png","width":1536,"height":320,"caption":"Gastora"},"image":{"@id":"https:\/\/gastora.eu\/#\/schema\/logo\/image\/"}}]}},"jetpack_sharing_enabled":true,"_links":{"self":[{"href":"https:\/\/gastora.eu\/en\/wp-json\/wp\/v2\/product\/13884","targetHints":{"allow":["GET"]}}],"collection":[{"href":"https:\/\/gastora.eu\/en\/wp-json\/wp\/v2\/product"}],"about":[{"href":"https:\/\/gastora.eu\/en\/wp-json\/wp\/v2\/types\/product"}],"wp:featuredmedia":[{"embeddable":true,"href":"https:\/\/gastora.eu\/en\/wp-json\/wp\/v2\/media\/6518"}],"wp:attachment":[{"href":"https:\/\/gastora.eu\/en\/wp-json\/wp\/v2\/media?parent=13884"}],"wp:term":[{"taxonomy":"product_brand","embeddable":true,"href":"https:\/\/gastora.eu\/en\/wp-json\/wp\/v2\/product_brand?post=13884"},{"taxonomy":"product_cat","embeddable":true,"href":"https:\/\/gastora.eu\/en\/wp-json\/wp\/v2\/product_cat?post=13884"},{"taxonomy":"product_tag","embeddable":true,"href":"https:\/\/gastora.eu\/en\/wp-json\/wp\/v2\/product_tag?post=13884"}],"curies":[{"name":"wp","href":"https:\/\/api.w.org\/{rel}","templated":true}]}}