{"id":13883,"date":"2026-04-25T17:38:56","date_gmt":"2026-04-25T17:38:56","guid":{"rendered":"https:\/\/gastora.eu\/?post_type=product&#038;p=13883"},"modified":"2026-04-27T08:33:53","modified_gmt":"2026-04-27T08:33:53","slug":"machine-plucher-les-pommes-de-terre-20-kg-400-kg-h-minuteur-intgr","status":"publish","type":"product","link":"https:\/\/gastora.eu\/en\/product\/machine-plucher-les-pommes-de-terre-20-kg-400-kg-h-minuteur-intgr\/","title":{"rendered":"Machine \u00e0 \u00e9plucher les pommes de terre &#8211; 20 kg &#8211; 400 kg \/ h &#8211; minuteur int\u00e9gr\u00e9"},"content":{"rendered":"<p>Si vous travaillez dans le secteur de la restauration, vous savez que l&#8217;\u00e9pluchage des pommes de terre prend beaucoup de temps. En outre, l&#8217;\u00e9pluchage \u00e0 la main est moins efficace, car vous perdez une grande partie du l\u00e9gume. Cette \u00e9plucheuse professionnelle convient parfaitement \u00e0 l&#8217;\u00e9pluchage de grandes quantit\u00e9s de carottes et de pommes de terre. La plaque d&#8217;\u00e9pluchage en acier inoxydable, durable et r\u00e9sistante \u00e0 l&#8217;usure, a une conception sp\u00e9ciale qui lui permet de durer longtemps. Gr\u00e2ce au mouvement continu de la machine \u00e0 \u00e9plucher, les pommes de terre sont \u00e9pluch\u00e9es de mani\u00e8re uniforme. Cette \u00e9plucheuse de pommes de terre professionnelle a une capacit\u00e9 de remplissage de 20 kg et un cycle unique dure 2 \u00e0 3 minutes.<\/p>\n<h3>Facile \u00e0 utiliser<\/h3>\n<p>Pour surveiller le processus d&#8217;\u00e9pluchage, vous pouvez regarder \u00e0 travers le couvercle transparent. A l&#8217;int\u00e9rieur de la machine \u00e0 peler, la paroi de pelage est fabriqu\u00e9e en carborundum, un mat\u00e9riau durable. Les boutons m\u00e9caniques de d\u00e9marrage et d&#8217;arr\u00eat rendent cette machine tr\u00e8s facile \u00e0 utiliser. Elle dispose \u00e9galement d&#8217;une minuterie pratique avec un bouton rotatif. Il est important de travailler en toute s\u00e9curit\u00e9 dans le secteur de la restauration, c&#8217;est pourquoi un interrupteur de s\u00e9curit\u00e9 se trouve sur le couvercle, ainsi que sur la porte avant. L&#8217;\u00e9plucheuse est \u00e9quip\u00e9e d&#8217;un bac en acier inoxydable et d&#8217;un filtre pour r\u00e9cup\u00e9rer les restes et l&#8217;eau. Si vous placez des cubes coup\u00e9s dans l&#8217;\u00e9plucheuse, ils sortiront sous une forme arrondie, comme des carottes miniatures.<\/p>\n<h3>\u00c9quip\u00e9 de pieds en caoutchouc<\/h3>\n<p>Cet \u00e9plucheur de pommes de terre aux finitions luxueuses est facile \u00e0 nettoyer gr\u00e2ce \u00e0 ses pi\u00e8ces en acier inoxydable. La plaque d&#8217;\u00e9pluchage, le bo\u00eetier, le couvercle et le bac sont faciles \u00e0 retirer et \u00e0 nettoyer \u00e0 l&#8217;aide d&#8217;un chiffon doux et humide. Le collecteur de d\u00e9chets doit \u00e9galement \u00eatre vid\u00e9 et nettoy\u00e9 apr\u00e8s chaque utilisation. La machine \u00e0 \u00e9plucher les pommes de terre repose sur quatre pieds en caoutchouc, ce qui lui permet de rester bien en place pendant l&#8217;utilisation.<\/p>\n<p><strong>Caract\u00e9ristiques<\/strong><\/p>\n<ul>\n<li>Bo\u00eetier, bac et pieds en acier inoxydable<\/li>\n<li>Couvercle et bac faciles \u00e0 retirer<\/li>\n<li>Plaque d&#8217;\u00e9pluchage en acier inoxydable robuste et r\u00e9sistante \u00e0 l&#8217;usure<\/li>\n<li>Plaque d&#8217;\u00e9pluchage facile \u00e0 retirer<\/li>\n<li>\u00c9quip\u00e9 d&#8217;un bouton de minuterie rotatif<\/li>\n<li>Interrupteur de s\u00e9curit\u00e9 dans le couvercle et la porte<\/li>\n<\/ul>\n<p><strong>Caract\u00e9ristiques du produit<\/strong><\/p>\n<ul>\n<li>Poids net : 64 kg<\/li>\n<li>Capacit\u00e9 de remplissage : 20 kg<\/li>\n<li>Capacit\u00e9 de raclage : 400 kg par heure<\/li>\n<li>Vitesse : 2-3 minutes par cycle<\/li>\n<li>Dimensions : L49,4 x P59 x H110,5cm L49,4 x P59 x H110,5cm<\/li>\n<li>230V\/50Hz\/1Phase 950W<\/li>\n<\/ul>","protected":false},"excerpt":{"rendered":"<p>Cette \u00e9plucheuse de pommes de terre de 20 kg permet d&#8217;\u00e9plucher 400 kg de pommes de terre ou de carottes en une heure. Le bo\u00eetier, la cuve et la porte sont en acier inoxydable, et la plaque abrasive et les parois lat\u00e9rales sont durables. Elle est \u00e9quip\u00e9e d&#8217;une minuterie et la plaque d&#8217;\u00e9pluchage est amovible, ce qui la rend facile \u00e0 nettoyer. Elle est parfaite pour les cuisines professionnelles, les restaurants et la restauration.<\/p>","protected":false},"featured_media":6516,"template":"","meta":{"_acf_changed":false},"product_brand":[],"product_cat":[486],"product_tag":[],"class_list":{"0":"post-13883","1":"product","2":"type-product","3":"status-publish","4":"has-post-thumbnail","6":"product_cat-coupe-legumes-2","8":"first","9":"instock","10":"sale","11":"taxable","12":"shipping-taxable","13":"purchasable","14":"product-type-simple"},"acf":[],"yoast_head":"<!-- This site is optimized with the Yoast SEO plugin v27.4 - https:\/\/yoast.com\/product\/yoast-seo-wordpress\/ -->\n<title>Machine \u00e0 \u00e9plucher les pommes de terre - 20 kg - 400 kg \/ h - minuteur int\u00e9gr\u00e9 - Gastora<\/title>\n<meta name=\"description\" content=\"Achetez Machine \u00e0 \u00e9plucher les pommes de terre - 20 kg - 400 kg \/ h - minuteur int\u00e9gr\u00e9 au meilleur prix, fiable et performant avec une livraison rapide\" \/>\n<meta name=\"robots\" content=\"index, follow, max-snippet:-1, max-image-preview:large, max-video-preview:-1\" \/>\n<link rel=\"canonical\" href=\"https:\/\/gastora.eu\/en\/product\/machine-plucher-les-pommes-de-terre-20-kg-400-kg-h-minuteur-intgr\/\" \/>\n<meta property=\"og:locale\" content=\"en_US\" \/>\n<meta property=\"og:type\" content=\"article\" \/>\n<meta property=\"og:title\" content=\"Machine \u00e0 \u00e9plucher les pommes de terre - 20 kg - 400 kg \/ h - minuteur int\u00e9gr\u00e9 - Gastora\" \/>\n<meta property=\"og:description\" content=\"Achetez Machine \u00e0 \u00e9plucher les pommes de terre - 20 kg - 400 kg \/ h - minuteur int\u00e9gr\u00e9 au meilleur prix, fiable et performant avec une livraison rapide\" \/>\n<meta property=\"og:url\" content=\"https:\/\/gastora.eu\/en\/product\/machine-plucher-les-pommes-de-terre-20-kg-400-kg-h-minuteur-intgr\/\" \/>\n<meta property=\"og:site_name\" content=\"Gastora\" \/>\n<meta property=\"article:modified_time\" content=\"2026-04-27T08:33:53+00:00\" \/>\n<meta name=\"twitter:card\" content=\"summary_large_image\" \/>\n<meta name=\"twitter:label1\" content=\"Est. reading time\" \/>\n\t<meta name=\"twitter:data1\" content=\"2 minutes\" \/>\n<script type=\"application\/ld+json\" class=\"yoast-schema-graph\">{\"@context\":\"https:\\\/\\\/schema.org\",\"@graph\":[{\"@type\":\"WebPage\",\"@id\":\"https:\\\/\\\/gastora.eu\\\/product\\\/machine-plucher-les-pommes-de-terre-20-kg-400-kg-h-minuteur-intgr\\\/\",\"url\":\"https:\\\/\\\/gastora.eu\\\/product\\\/machine-plucher-les-pommes-de-terre-20-kg-400-kg-h-minuteur-intgr\\\/\",\"name\":\"Machine \u00e0 \u00e9plucher les pommes de terre - 20 kg - 400 kg \\\/ h - minuteur int\u00e9gr\u00e9 - Gastora\",\"isPartOf\":{\"@id\":\"https:\\\/\\\/gastora.eu\\\/#website\"},\"primaryImageOfPage\":{\"@id\":\"https:\\\/\\\/gastora.eu\\\/product\\\/machine-plucher-les-pommes-de-terre-20-kg-400-kg-h-minuteur-intgr\\\/#primaryimage\"},\"image\":{\"@id\":\"https:\\\/\\\/gastora.eu\\\/product\\\/machine-plucher-les-pommes-de-terre-20-kg-400-kg-h-minuteur-intgr\\\/#primaryimage\"},\"thumbnailUrl\":\"https:\\\/\\\/gastora.eu\\\/wp-content\\\/uploads\\\/2026\\\/04\\\/sp-005-61656e6851540.jpg\",\"datePublished\":\"2026-04-25T17:38:56+00:00\",\"dateModified\":\"2026-04-27T08:33:53+00:00\",\"description\":\"Achetez Machine \u00e0 \u00e9plucher les pommes de terre - 20 kg - 400 kg \\\/ h - minuteur int\u00e9gr\u00e9 au meilleur prix, fiable et performant avec une livraison rapide\",\"breadcrumb\":{\"@id\":\"https:\\\/\\\/gastora.eu\\\/product\\\/machine-plucher-les-pommes-de-terre-20-kg-400-kg-h-minuteur-intgr\\\/#breadcrumb\"},\"inLanguage\":\"en-US\",\"potentialAction\":[{\"@type\":\"ReadAction\",\"target\":[\"https:\\\/\\\/gastora.eu\\\/product\\\/machine-plucher-les-pommes-de-terre-20-kg-400-kg-h-minuteur-intgr\\\/\"]}]},{\"@type\":\"ImageObject\",\"inLanguage\":\"en-US\",\"@id\":\"https:\\\/\\\/gastora.eu\\\/product\\\/machine-plucher-les-pommes-de-terre-20-kg-400-kg-h-minuteur-intgr\\\/#primaryimage\",\"url\":\"https:\\\/\\\/gastora.eu\\\/wp-content\\\/uploads\\\/2026\\\/04\\\/sp-005-61656e6851540.jpg\",\"contentUrl\":\"https:\\\/\\\/gastora.eu\\\/wp-content\\\/uploads\\\/2026\\\/04\\\/sp-005-61656e6851540.jpg\",\"width\":1024,\"height\":1024},{\"@type\":\"BreadcrumbList\",\"@id\":\"https:\\\/\\\/gastora.eu\\\/product\\\/machine-plucher-les-pommes-de-terre-20-kg-400-kg-h-minuteur-intgr\\\/#breadcrumb\",\"itemListElement\":[{\"@type\":\"ListItem\",\"position\":1,\"name\":\"Home\",\"item\":\"https:\\\/\\\/gastora.eu\\\/\"},{\"@type\":\"ListItem\",\"position\":2,\"name\":\"Shop\",\"item\":\"https:\\\/\\\/gastora.eu\\\/shop\\\/\"},{\"@type\":\"ListItem\",\"position\":3,\"name\":\"Machine \u00e0 \u00e9plucher les pommes de terre &#8211; 20 kg &#8211; 400 kg \\\/ h &#8211; minuteur int\u00e9gr\u00e9\"}]},{\"@type\":\"WebSite\",\"@id\":\"https:\\\/\\\/gastora.eu\\\/#website\",\"url\":\"https:\\\/\\\/gastora.eu\\\/\",\"name\":\"Gastora\",\"description\":\"\u00c9quipements professionnels CHR\",\"publisher\":{\"@id\":\"https:\\\/\\\/gastora.eu\\\/#organization\"},\"potentialAction\":[{\"@type\":\"SearchAction\",\"target\":{\"@type\":\"EntryPoint\",\"urlTemplate\":\"https:\\\/\\\/gastora.eu\\\/?s={search_term_string}\"},\"query-input\":{\"@type\":\"PropertyValueSpecification\",\"valueRequired\":true,\"valueName\":\"search_term_string\"}}],\"inLanguage\":\"en-US\"},{\"@type\":\"Organization\",\"@id\":\"https:\\\/\\\/gastora.eu\\\/#organization\",\"name\":\"Gastora\",\"url\":\"https:\\\/\\\/gastora.eu\\\/\",\"logo\":{\"@type\":\"ImageObject\",\"inLanguage\":\"en-US\",\"@id\":\"https:\\\/\\\/gastora.eu\\\/#\\\/schema\\\/logo\\\/image\\\/\",\"url\":\"https:\\\/\\\/gastora.eu\\\/wp-content\\\/uploads\\\/2025\\\/12\\\/ChatGPT-Image-2-janv.-2026-22_52_47-1.png\",\"contentUrl\":\"https:\\\/\\\/gastora.eu\\\/wp-content\\\/uploads\\\/2025\\\/12\\\/ChatGPT-Image-2-janv.-2026-22_52_47-1.png\",\"width\":1536,\"height\":320,\"caption\":\"Gastora\"},\"image\":{\"@id\":\"https:\\\/\\\/gastora.eu\\\/#\\\/schema\\\/logo\\\/image\\\/\"}}]}<\/script>\n<!-- \/ Yoast SEO plugin. -->","yoast_head_json":{"title":"Machine \u00e0 \u00e9plucher les pommes de terre - 20 kg - 400 kg \/ h - minuteur int\u00e9gr\u00e9 - Gastora","description":"Achetez Machine \u00e0 \u00e9plucher les pommes de terre - 20 kg - 400 kg \/ h - minuteur int\u00e9gr\u00e9 au meilleur prix, fiable et performant avec une livraison rapide","robots":{"index":"index","follow":"follow","max-snippet":"max-snippet:-1","max-image-preview":"max-image-preview:large","max-video-preview":"max-video-preview:-1"},"canonical":"https:\/\/gastora.eu\/en\/product\/machine-plucher-les-pommes-de-terre-20-kg-400-kg-h-minuteur-intgr\/","og_locale":"en_US","og_type":"article","og_title":"Machine \u00e0 \u00e9plucher les pommes de terre - 20 kg - 400 kg \/ h - minuteur int\u00e9gr\u00e9 - Gastora","og_description":"Achetez Machine \u00e0 \u00e9plucher les pommes de terre - 20 kg - 400 kg \/ h - minuteur int\u00e9gr\u00e9 au meilleur prix, fiable et performant avec une livraison rapide","og_url":"https:\/\/gastora.eu\/en\/product\/machine-plucher-les-pommes-de-terre-20-kg-400-kg-h-minuteur-intgr\/","og_site_name":"Gastora","article_modified_time":"2026-04-27T08:33:53+00:00","twitter_card":"summary_large_image","twitter_misc":{"Est. reading time":"2 minutes"},"schema":{"@context":"https:\/\/schema.org","@graph":[{"@type":"WebPage","@id":"https:\/\/gastora.eu\/product\/machine-plucher-les-pommes-de-terre-20-kg-400-kg-h-minuteur-intgr\/","url":"https:\/\/gastora.eu\/product\/machine-plucher-les-pommes-de-terre-20-kg-400-kg-h-minuteur-intgr\/","name":"Machine \u00e0 \u00e9plucher les pommes de terre - 20 kg - 400 kg \/ h - minuteur int\u00e9gr\u00e9 - Gastora","isPartOf":{"@id":"https:\/\/gastora.eu\/#website"},"primaryImageOfPage":{"@id":"https:\/\/gastora.eu\/product\/machine-plucher-les-pommes-de-terre-20-kg-400-kg-h-minuteur-intgr\/#primaryimage"},"image":{"@id":"https:\/\/gastora.eu\/product\/machine-plucher-les-pommes-de-terre-20-kg-400-kg-h-minuteur-intgr\/#primaryimage"},"thumbnailUrl":"https:\/\/gastora.eu\/wp-content\/uploads\/2026\/04\/sp-005-61656e6851540.jpg","datePublished":"2026-04-25T17:38:56+00:00","dateModified":"2026-04-27T08:33:53+00:00","description":"Achetez Machine \u00e0 \u00e9plucher les pommes de terre - 20 kg - 400 kg \/ h - minuteur int\u00e9gr\u00e9 au meilleur prix, fiable et performant avec une livraison rapide","breadcrumb":{"@id":"https:\/\/gastora.eu\/product\/machine-plucher-les-pommes-de-terre-20-kg-400-kg-h-minuteur-intgr\/#breadcrumb"},"inLanguage":"en-US","potentialAction":[{"@type":"ReadAction","target":["https:\/\/gastora.eu\/product\/machine-plucher-les-pommes-de-terre-20-kg-400-kg-h-minuteur-intgr\/"]}]},{"@type":"ImageObject","inLanguage":"en-US","@id":"https:\/\/gastora.eu\/product\/machine-plucher-les-pommes-de-terre-20-kg-400-kg-h-minuteur-intgr\/#primaryimage","url":"https:\/\/gastora.eu\/wp-content\/uploads\/2026\/04\/sp-005-61656e6851540.jpg","contentUrl":"https:\/\/gastora.eu\/wp-content\/uploads\/2026\/04\/sp-005-61656e6851540.jpg","width":1024,"height":1024},{"@type":"BreadcrumbList","@id":"https:\/\/gastora.eu\/product\/machine-plucher-les-pommes-de-terre-20-kg-400-kg-h-minuteur-intgr\/#breadcrumb","itemListElement":[{"@type":"ListItem","position":1,"name":"Home","item":"https:\/\/gastora.eu\/"},{"@type":"ListItem","position":2,"name":"Shop","item":"https:\/\/gastora.eu\/shop\/"},{"@type":"ListItem","position":3,"name":"Machine \u00e0 \u00e9plucher les pommes de terre &#8211; 20 kg &#8211; 400 kg \/ h &#8211; minuteur int\u00e9gr\u00e9"}]},{"@type":"WebSite","@id":"https:\/\/gastora.eu\/#website","url":"https:\/\/gastora.eu\/","name":"Gastora","description":"\u00c9quipements professionnels CHR","publisher":{"@id":"https:\/\/gastora.eu\/#organization"},"potentialAction":[{"@type":"SearchAction","target":{"@type":"EntryPoint","urlTemplate":"https:\/\/gastora.eu\/?s={search_term_string}"},"query-input":{"@type":"PropertyValueSpecification","valueRequired":true,"valueName":"search_term_string"}}],"inLanguage":"en-US"},{"@type":"Organization","@id":"https:\/\/gastora.eu\/#organization","name":"Gastora","url":"https:\/\/gastora.eu\/","logo":{"@type":"ImageObject","inLanguage":"en-US","@id":"https:\/\/gastora.eu\/#\/schema\/logo\/image\/","url":"https:\/\/gastora.eu\/wp-content\/uploads\/2025\/12\/ChatGPT-Image-2-janv.-2026-22_52_47-1.png","contentUrl":"https:\/\/gastora.eu\/wp-content\/uploads\/2025\/12\/ChatGPT-Image-2-janv.-2026-22_52_47-1.png","width":1536,"height":320,"caption":"Gastora"},"image":{"@id":"https:\/\/gastora.eu\/#\/schema\/logo\/image\/"}}]}},"jetpack_sharing_enabled":true,"_links":{"self":[{"href":"https:\/\/gastora.eu\/en\/wp-json\/wp\/v2\/product\/13883","targetHints":{"allow":["GET"]}}],"collection":[{"href":"https:\/\/gastora.eu\/en\/wp-json\/wp\/v2\/product"}],"about":[{"href":"https:\/\/gastora.eu\/en\/wp-json\/wp\/v2\/types\/product"}],"wp:featuredmedia":[{"embeddable":true,"href":"https:\/\/gastora.eu\/en\/wp-json\/wp\/v2\/media\/6516"}],"wp:attachment":[{"href":"https:\/\/gastora.eu\/en\/wp-json\/wp\/v2\/media?parent=13883"}],"wp:term":[{"taxonomy":"product_brand","embeddable":true,"href":"https:\/\/gastora.eu\/en\/wp-json\/wp\/v2\/product_brand?post=13883"},{"taxonomy":"product_cat","embeddable":true,"href":"https:\/\/gastora.eu\/en\/wp-json\/wp\/v2\/product_cat?post=13883"},{"taxonomy":"product_tag","embeddable":true,"href":"https:\/\/gastora.eu\/en\/wp-json\/wp\/v2\/product_tag?post=13883"}],"curies":[{"name":"wp","href":"https:\/\/api.w.org\/{rel}","templated":true}]}}