{"id":13856,"date":"2026-04-25T17:31:24","date_gmt":"2026-04-25T17:31:24","guid":{"rendered":"https:\/\/gastora.eu\/?post_type=product&#038;p=13856"},"modified":"2026-04-27T08:33:42","modified_gmt":"2026-04-27T08:33:42","slug":"machine-emballer-sous-vide-joint-44-cm-w22-x-d46-x-h46-cm-chambre","status":"publish","type":"product","link":"https:\/\/gastora.eu\/en\/product\/machine-emballer-sous-vide-joint-44-cm-w22-x-d46-x-h46-cm-chambre\/","title":{"rendered":"Machine \u00e0 emballer sous vide &#8211; joint 44 cm &#8211; W22 x D46 x H46 cm chambre"},"content":{"rendered":"<p>Cette machine \u00e0 emballer sous vide est un atout dans toute cuisine professionnelle. Elle convient parfaitement aux cuisines qui souhaitent conserver des aliments pendant de longues p\u00e9riodes. Gr\u00e2ce aux sacs sous vide mesurant jusqu&#8217;\u00e0 40 x 50 cm, vous pouvez conserver de plus grandes quantit\u00e9s d&#8217;aliments en toute s\u00e9curit\u00e9. Les sachets herm\u00e9tiques et transparents permettent de voir imm\u00e9diatement ce qu&#8217;ils contiennent. Les produits emball\u00e9s peuvent \u00eatre conserv\u00e9s au r\u00e9frig\u00e9rateur ou au cong\u00e9lateur, ce qui permet de gagner de la place. Ce mod\u00e8le de table s&#8217;adapte \u00e0 n&#8217;importe quel comptoir ou table.<\/p>\n<h3>Fonctionnement simple<\/h3>\n<p>Le panneau de commande convivial situ\u00e9 \u00e0 l&#8217;avant de la machine d&#8217;emballage vous permet de r\u00e9gler le temps de soudure, la temp\u00e9rature de soudure, la pression du vide et le temps de refroidissement. L&#8217;utilisation de l&#8217;appareil est simple. Placez les produits \u00e0 sceller dans un sac sous vide. Placez ensuite le sac dans la machine \u00e0 emballer en pla\u00e7ant l&#8217;ouverture sur la barre de soudure. R\u00e9glez les valeurs correctes sur le panneau de commande et fermez le couvercle. En quelques instants, vous disposez d&#8217;un emballage compact pr\u00eat \u00e0 \u00eatre stock\u00e9. Cette machine est livr\u00e9e d\u00e9j\u00e0 remplie d&#8217;huile. Dans le kit d&#8217;entretien qui accompagne votre commande, vous trouverez de l&#8217;huile d&#8217;aspiration, du lubrifiant et d&#8217;autres accessoires pour l&#8217;entretien de la machine d&#8217;emballage. Il est conseill\u00e9 de changer l&#8217;huile au moins deux fois par an.<\/p>\n<h3>Nettoyage facile<\/h3>\n<p>Le bo\u00eetier et l&#8217;int\u00e9rieur de la machine d&#8217;emballage sont en acier inoxydable. Ils sont donc \u00e0 la fois robustes et tr\u00e8s faciles \u00e0 nettoyer. Un chiffon humide, de l&#8217;eau et un d\u00e9tergent doux suffisent pour assurer un nettoyage en profondeur. Il suffit d&#8217;essuyer toutes les surfaces. Veillez \u00e0 ne pas tenir la machine sous le robinet. Apr\u00e8s le nettoyage, s\u00e9chez toutes les pi\u00e8ces avec un chiffon doux.<\/p>\n<p><strong>Caract\u00e9ristiques<\/strong><\/p>\n<ul>\n<li>Interrupteur de s\u00e9curit\u00e9 dans le couvercle<\/li>\n<li>Panneau de commande num\u00e9rique<\/li>\n<li>Couvercle robuste et incurv\u00e9<\/li>\n<li>Cycle d&#8217;emballage enti\u00e8rement automatique<\/li>\n<li>Bo\u00eetier et chambre en acier inoxydable<\/li>\n<li>Grand mod\u00e8le de table avec une finition \u00e9l\u00e9gante<\/li>\n<\/ul>\n<p><strong>Caract\u00e9ristiques du produit<\/strong><\/p>\n<ul>\n<li>Poids net : 67 kg<\/li>\n<li>Dimensions ext\u00e9rieures : L52 x P56 x H46cm<\/li>\n<li>Dimensions de la chambre : L46 x P46 x H22cm<\/li>\n<li>Dimensions de la barre d&#8217;\u00e9tanch\u00e9it\u00e9 : 44 x 0,8cm<\/li>\n<li>Capacit\u00e9 de la pompe \u00e0 vide : 20m\u00b3 p\/h<\/li>\n<li>Pression du vide : 1mbar<\/li>\n<li>230V \/ 50Hz \/ 1 phase 900W<\/li>\n<\/ul>\n<p><em>Inclus :<\/em><\/p>\n<ul>\n<li>Kit d&#8217;entretien pour la maintenance de base<\/li>\n<\/ul>","protected":false},"excerpt":{"rendered":"<p>Cette machine \u00e0 emballer sous vide convient aux sacs sous vide jusqu&#8217;\u00e0 40 x 50 cm. Id\u00e9al pour l&#8217;emballage herm\u00e9tique des aliments, ce grand mod\u00e8le de table peut \u00eatre install\u00e9 sur un comptoir ou une table. Il convient \u00e0 une utilisation quotidienne intensive dans les cuisines professionnelles qui souhaitent conserver les aliments plus longtemps.<\/p>","protected":false},"featured_media":6462,"template":"","meta":{"_acf_changed":false},"product_brand":[],"product_cat":[41],"product_tag":[],"class_list":{"0":"post-13856","1":"product","2":"type-product","3":"status-publish","4":"has-post-thumbnail","6":"product_cat-preparation","8":"first","9":"instock","10":"sale","11":"taxable","12":"shipping-taxable","13":"purchasable","14":"product-type-simple"},"acf":[],"yoast_head":"<!-- This site is optimized with the Yoast SEO plugin v27.4 - https:\/\/yoast.com\/product\/yoast-seo-wordpress\/ -->\n<title>Machine \u00e0 emballer sous vide - joint 44 cm - W22 x D46 x H46 cm chambre - Gastora<\/title>\n<meta name=\"description\" content=\"Achetez Machine \u00e0 emballer sous vide - joint 44 cm - W22 x D46 x H46 cm chambre au meilleur prix, fiable et performant avec une livraison rapide\" \/>\n<meta name=\"robots\" content=\"index, follow, max-snippet:-1, max-image-preview:large, max-video-preview:-1\" \/>\n<link rel=\"canonical\" href=\"https:\/\/gastora.eu\/en\/product\/machine-emballer-sous-vide-joint-44-cm-w22-x-d46-x-h46-cm-chambre\/\" \/>\n<meta property=\"og:locale\" content=\"en_US\" \/>\n<meta property=\"og:type\" content=\"article\" \/>\n<meta property=\"og:title\" content=\"Machine \u00e0 emballer sous vide - joint 44 cm - W22 x D46 x H46 cm chambre - Gastora\" \/>\n<meta property=\"og:description\" content=\"Achetez Machine \u00e0 emballer sous vide - joint 44 cm - W22 x D46 x H46 cm chambre au meilleur prix, fiable et performant avec une livraison rapide\" \/>\n<meta property=\"og:url\" content=\"https:\/\/gastora.eu\/en\/product\/machine-emballer-sous-vide-joint-44-cm-w22-x-d46-x-h46-cm-chambre\/\" \/>\n<meta property=\"og:site_name\" content=\"Gastora\" \/>\n<meta property=\"article:modified_time\" content=\"2026-04-27T08:33:42+00:00\" \/>\n<meta name=\"twitter:card\" content=\"summary_large_image\" \/>\n<meta name=\"twitter:label1\" content=\"Est. reading time\" \/>\n\t<meta name=\"twitter:data1\" content=\"2 minutes\" \/>\n<script type=\"application\/ld+json\" class=\"yoast-schema-graph\">{\"@context\":\"https:\\\/\\\/schema.org\",\"@graph\":[{\"@type\":\"WebPage\",\"@id\":\"https:\\\/\\\/gastora.eu\\\/product\\\/machine-emballer-sous-vide-joint-44-cm-w22-x-d46-x-h46-cm-chambre\\\/\",\"url\":\"https:\\\/\\\/gastora.eu\\\/product\\\/machine-emballer-sous-vide-joint-44-cm-w22-x-d46-x-h46-cm-chambre\\\/\",\"name\":\"Machine \u00e0 emballer sous vide - joint 44 cm - W22 x D46 x H46 cm chambre - Gastora\",\"isPartOf\":{\"@id\":\"https:\\\/\\\/gastora.eu\\\/#website\"},\"primaryImageOfPage\":{\"@id\":\"https:\\\/\\\/gastora.eu\\\/product\\\/machine-emballer-sous-vide-joint-44-cm-w22-x-d46-x-h46-cm-chambre\\\/#primaryimage\"},\"image\":{\"@id\":\"https:\\\/\\\/gastora.eu\\\/product\\\/machine-emballer-sous-vide-joint-44-cm-w22-x-d46-x-h46-cm-chambre\\\/#primaryimage\"},\"thumbnailUrl\":\"https:\\\/\\\/gastora.eu\\\/wp-content\\\/uploads\\\/2026\\\/04\\\/1_mvac-400_2864.jpg\",\"datePublished\":\"2026-04-25T17:31:24+00:00\",\"dateModified\":\"2026-04-27T08:33:42+00:00\",\"description\":\"Achetez Machine \u00e0 emballer sous vide - joint 44 cm - W22 x D46 x H46 cm chambre au meilleur prix, fiable et performant avec une livraison rapide\",\"breadcrumb\":{\"@id\":\"https:\\\/\\\/gastora.eu\\\/product\\\/machine-emballer-sous-vide-joint-44-cm-w22-x-d46-x-h46-cm-chambre\\\/#breadcrumb\"},\"inLanguage\":\"en-US\",\"potentialAction\":[{\"@type\":\"ReadAction\",\"target\":[\"https:\\\/\\\/gastora.eu\\\/product\\\/machine-emballer-sous-vide-joint-44-cm-w22-x-d46-x-h46-cm-chambre\\\/\"]}]},{\"@type\":\"ImageObject\",\"inLanguage\":\"en-US\",\"@id\":\"https:\\\/\\\/gastora.eu\\\/product\\\/machine-emballer-sous-vide-joint-44-cm-w22-x-d46-x-h46-cm-chambre\\\/#primaryimage\",\"url\":\"https:\\\/\\\/gastora.eu\\\/wp-content\\\/uploads\\\/2026\\\/04\\\/1_mvac-400_2864.jpg\",\"contentUrl\":\"https:\\\/\\\/gastora.eu\\\/wp-content\\\/uploads\\\/2026\\\/04\\\/1_mvac-400_2864.jpg\",\"width\":1200,\"height\":1200},{\"@type\":\"BreadcrumbList\",\"@id\":\"https:\\\/\\\/gastora.eu\\\/product\\\/machine-emballer-sous-vide-joint-44-cm-w22-x-d46-x-h46-cm-chambre\\\/#breadcrumb\",\"itemListElement\":[{\"@type\":\"ListItem\",\"position\":1,\"name\":\"Home\",\"item\":\"https:\\\/\\\/gastora.eu\\\/\"},{\"@type\":\"ListItem\",\"position\":2,\"name\":\"Shop\",\"item\":\"https:\\\/\\\/gastora.eu\\\/shop\\\/\"},{\"@type\":\"ListItem\",\"position\":3,\"name\":\"Machine \u00e0 emballer sous vide &#8211; joint 44 cm &#8211; W22 x D46 x H46 cm chambre\"}]},{\"@type\":\"WebSite\",\"@id\":\"https:\\\/\\\/gastora.eu\\\/#website\",\"url\":\"https:\\\/\\\/gastora.eu\\\/\",\"name\":\"Gastora\",\"description\":\"\u00c9quipements professionnels CHR\",\"publisher\":{\"@id\":\"https:\\\/\\\/gastora.eu\\\/#organization\"},\"potentialAction\":[{\"@type\":\"SearchAction\",\"target\":{\"@type\":\"EntryPoint\",\"urlTemplate\":\"https:\\\/\\\/gastora.eu\\\/?s={search_term_string}\"},\"query-input\":{\"@type\":\"PropertyValueSpecification\",\"valueRequired\":true,\"valueName\":\"search_term_string\"}}],\"inLanguage\":\"en-US\"},{\"@type\":\"Organization\",\"@id\":\"https:\\\/\\\/gastora.eu\\\/#organization\",\"name\":\"Gastora\",\"url\":\"https:\\\/\\\/gastora.eu\\\/\",\"logo\":{\"@type\":\"ImageObject\",\"inLanguage\":\"en-US\",\"@id\":\"https:\\\/\\\/gastora.eu\\\/#\\\/schema\\\/logo\\\/image\\\/\",\"url\":\"https:\\\/\\\/gastora.eu\\\/wp-content\\\/uploads\\\/2025\\\/12\\\/ChatGPT-Image-2-janv.-2026-22_52_47-1.png\",\"contentUrl\":\"https:\\\/\\\/gastora.eu\\\/wp-content\\\/uploads\\\/2025\\\/12\\\/ChatGPT-Image-2-janv.-2026-22_52_47-1.png\",\"width\":1536,\"height\":320,\"caption\":\"Gastora\"},\"image\":{\"@id\":\"https:\\\/\\\/gastora.eu\\\/#\\\/schema\\\/logo\\\/image\\\/\"}}]}<\/script>\n<!-- \/ Yoast SEO plugin. -->","yoast_head_json":{"title":"Machine \u00e0 emballer sous vide - joint 44 cm - W22 x D46 x H46 cm chambre - Gastora","description":"Achetez Machine \u00e0 emballer sous vide - joint 44 cm - W22 x D46 x H46 cm chambre au meilleur prix, fiable et performant avec une livraison rapide","robots":{"index":"index","follow":"follow","max-snippet":"max-snippet:-1","max-image-preview":"max-image-preview:large","max-video-preview":"max-video-preview:-1"},"canonical":"https:\/\/gastora.eu\/en\/product\/machine-emballer-sous-vide-joint-44-cm-w22-x-d46-x-h46-cm-chambre\/","og_locale":"en_US","og_type":"article","og_title":"Machine \u00e0 emballer sous vide - joint 44 cm - W22 x D46 x H46 cm chambre - Gastora","og_description":"Achetez Machine \u00e0 emballer sous vide - joint 44 cm - W22 x D46 x H46 cm chambre au meilleur prix, fiable et performant avec une livraison rapide","og_url":"https:\/\/gastora.eu\/en\/product\/machine-emballer-sous-vide-joint-44-cm-w22-x-d46-x-h46-cm-chambre\/","og_site_name":"Gastora","article_modified_time":"2026-04-27T08:33:42+00:00","twitter_card":"summary_large_image","twitter_misc":{"Est. reading time":"2 minutes"},"schema":{"@context":"https:\/\/schema.org","@graph":[{"@type":"WebPage","@id":"https:\/\/gastora.eu\/product\/machine-emballer-sous-vide-joint-44-cm-w22-x-d46-x-h46-cm-chambre\/","url":"https:\/\/gastora.eu\/product\/machine-emballer-sous-vide-joint-44-cm-w22-x-d46-x-h46-cm-chambre\/","name":"Machine \u00e0 emballer sous vide - joint 44 cm - W22 x D46 x H46 cm chambre - Gastora","isPartOf":{"@id":"https:\/\/gastora.eu\/#website"},"primaryImageOfPage":{"@id":"https:\/\/gastora.eu\/product\/machine-emballer-sous-vide-joint-44-cm-w22-x-d46-x-h46-cm-chambre\/#primaryimage"},"image":{"@id":"https:\/\/gastora.eu\/product\/machine-emballer-sous-vide-joint-44-cm-w22-x-d46-x-h46-cm-chambre\/#primaryimage"},"thumbnailUrl":"https:\/\/gastora.eu\/wp-content\/uploads\/2026\/04\/1_mvac-400_2864.jpg","datePublished":"2026-04-25T17:31:24+00:00","dateModified":"2026-04-27T08:33:42+00:00","description":"Achetez Machine \u00e0 emballer sous vide - joint 44 cm - W22 x D46 x H46 cm chambre au meilleur prix, fiable et performant avec une livraison rapide","breadcrumb":{"@id":"https:\/\/gastora.eu\/product\/machine-emballer-sous-vide-joint-44-cm-w22-x-d46-x-h46-cm-chambre\/#breadcrumb"},"inLanguage":"en-US","potentialAction":[{"@type":"ReadAction","target":["https:\/\/gastora.eu\/product\/machine-emballer-sous-vide-joint-44-cm-w22-x-d46-x-h46-cm-chambre\/"]}]},{"@type":"ImageObject","inLanguage":"en-US","@id":"https:\/\/gastora.eu\/product\/machine-emballer-sous-vide-joint-44-cm-w22-x-d46-x-h46-cm-chambre\/#primaryimage","url":"https:\/\/gastora.eu\/wp-content\/uploads\/2026\/04\/1_mvac-400_2864.jpg","contentUrl":"https:\/\/gastora.eu\/wp-content\/uploads\/2026\/04\/1_mvac-400_2864.jpg","width":1200,"height":1200},{"@type":"BreadcrumbList","@id":"https:\/\/gastora.eu\/product\/machine-emballer-sous-vide-joint-44-cm-w22-x-d46-x-h46-cm-chambre\/#breadcrumb","itemListElement":[{"@type":"ListItem","position":1,"name":"Home","item":"https:\/\/gastora.eu\/"},{"@type":"ListItem","position":2,"name":"Shop","item":"https:\/\/gastora.eu\/shop\/"},{"@type":"ListItem","position":3,"name":"Machine \u00e0 emballer sous vide &#8211; joint 44 cm &#8211; W22 x D46 x H46 cm chambre"}]},{"@type":"WebSite","@id":"https:\/\/gastora.eu\/#website","url":"https:\/\/gastora.eu\/","name":"Gastora","description":"\u00c9quipements professionnels CHR","publisher":{"@id":"https:\/\/gastora.eu\/#organization"},"potentialAction":[{"@type":"SearchAction","target":{"@type":"EntryPoint","urlTemplate":"https:\/\/gastora.eu\/?s={search_term_string}"},"query-input":{"@type":"PropertyValueSpecification","valueRequired":true,"valueName":"search_term_string"}}],"inLanguage":"en-US"},{"@type":"Organization","@id":"https:\/\/gastora.eu\/#organization","name":"Gastora","url":"https:\/\/gastora.eu\/","logo":{"@type":"ImageObject","inLanguage":"en-US","@id":"https:\/\/gastora.eu\/#\/schema\/logo\/image\/","url":"https:\/\/gastora.eu\/wp-content\/uploads\/2025\/12\/ChatGPT-Image-2-janv.-2026-22_52_47-1.png","contentUrl":"https:\/\/gastora.eu\/wp-content\/uploads\/2025\/12\/ChatGPT-Image-2-janv.-2026-22_52_47-1.png","width":1536,"height":320,"caption":"Gastora"},"image":{"@id":"https:\/\/gastora.eu\/#\/schema\/logo\/image\/"}}]}},"jetpack_sharing_enabled":true,"_links":{"self":[{"href":"https:\/\/gastora.eu\/en\/wp-json\/wp\/v2\/product\/13856","targetHints":{"allow":["GET"]}}],"collection":[{"href":"https:\/\/gastora.eu\/en\/wp-json\/wp\/v2\/product"}],"about":[{"href":"https:\/\/gastora.eu\/en\/wp-json\/wp\/v2\/types\/product"}],"wp:featuredmedia":[{"embeddable":true,"href":"https:\/\/gastora.eu\/en\/wp-json\/wp\/v2\/media\/6462"}],"wp:attachment":[{"href":"https:\/\/gastora.eu\/en\/wp-json\/wp\/v2\/media?parent=13856"}],"wp:term":[{"taxonomy":"product_brand","embeddable":true,"href":"https:\/\/gastora.eu\/en\/wp-json\/wp\/v2\/product_brand?post=13856"},{"taxonomy":"product_cat","embeddable":true,"href":"https:\/\/gastora.eu\/en\/wp-json\/wp\/v2\/product_cat?post=13856"},{"taxonomy":"product_tag","embeddable":true,"href":"https:\/\/gastora.eu\/en\/wp-json\/wp\/v2\/product_tag?post=13856"}],"curies":[{"name":"wp","href":"https:\/\/api.w.org\/{rel}","templated":true}]}}