{"id":13853,"date":"2026-04-25T17:31:21","date_gmt":"2026-04-25T17:31:21","guid":{"rendered":"https:\/\/gastora.eu\/?post_type=product&#038;p=13853"},"modified":"2026-04-28T16:55:24","modified_gmt":"2026-04-28T16:55:24","slug":"table-de-machine-en-acier-inoxydable-60-x-60-cm-capacit-de-charge-de-120-kg-sur-roues","status":"publish","type":"product","link":"https:\/\/gastora.eu\/en\/product\/table-de-machine-en-acier-inoxydable-60-x-60-cm-capacit-de-charge-de-120-kg-sur-roues\/","title":{"rendered":"Table de machine en acier inoxydable &#8211; 60 x 60 cm &#8211; capacit\u00e9 de charge de 120 kg &#8211; sur roues"},"content":{"rendered":"<p>Avec cette table \u00e0 roulettes en acier inoxydable, vous disposez d&#8217;une table multifonctionnelle dans votre cuisine. Elle vous permet non seulement de d\u00e9placer facilement des \u00e9quipements de cuisine lourds, mais aussi de poser des appareils \u00e9lectrom\u00e9nagers. Vous pouvez ainsi agrandir votre cuisine. Elle mesure 60 x 60 cm et dispose d&#8217;\u00e9tag\u00e8res de rangement pratiques. Il est id\u00e9al pour ranger toutes sortes d&#8217;ustensiles et de fournitures de cuisine. En am\u00e9nageant efficacement votre cuisine avec l&#8217;ajout de cette table de machine, vous pouvez utiliser chaque espace de votre \u00e9tablissement de restauration.<\/p>\n<h3>Comprend quatre roulettes pivotantes avec frein<\/h3>\n<p>La table machine est fabriqu\u00e9e en acier inoxydable et est tr\u00e8s facile \u00e0 nettoyer. La base est \u00e9quip\u00e9e de quatre roulettes pivotantes stables. Deux des roulettes sont \u00e9quip\u00e9es d&#8217;un frein afin que la table reste stable \u00e0 sa place. Elle a une capacit\u00e9 de 120 kg. Comme tous les appareils de cuisine ne disposent pas d&#8217;un socle adapt\u00e9 et solide, il est toujours utile de commander une table de machine assortie. L&#8217;arri\u00e8re de cette table est ouvert.<\/p>\n<p><strong>Caract\u00e9ristiques<\/strong><\/p>\n<ul>\n<li>Enti\u00e8rement fabriqu\u00e9e en acier inoxydable durable<\/li>\n<li>Facile \u00e0 nettoyer<\/li>\n<li>Comprend deux cales pour maintenir la table en place<\/li>\n<li>Convient pour ranger les appareils de cuisine<\/li>\n<\/ul>\n<p><strong>Caract\u00e9ristiques du produit<\/strong><\/p>\n<ul>\n<li>Poids net : 25 kg<\/li>\n<li>Capacit\u00e9 de charge de la base : 120 kg<\/li>\n<li>Dimensions : B60 x D60 x H70cm<\/li>\n<\/ul>","protected":false},"excerpt":{"rendered":"<p>Une cuisine professionnelle ne peut se passer d&#8217;une table machine en acier inoxydable. Cette table mesure 60 x 60 cm et peut \u00eatre utilis\u00e9e pour poser du mat\u00e9riel de cuisine ou pour ranger des objets dans l&#8217;un des trois compartiments. Gr\u00e2ce aux quatre roulettes stables avec frein, il est \u00e9galement facile de d\u00e9placer les ustensiles de cuisine avec cette table.<\/p>","protected":false},"featured_media":6456,"template":"","meta":{"_acf_changed":false},"product_brand":[],"product_cat":[473],"product_tag":[],"class_list":{"0":"post-13853","1":"product","2":"type-product","3":"status-publish","4":"has-post-thumbnail","6":"product_cat-meubles-bas-meubles-muraux-2","8":"first","9":"instock","10":"sale","11":"taxable","12":"shipping-taxable","13":"purchasable","14":"product-type-simple"},"acf":[],"yoast_head":"<!-- This site is optimized with the Yoast SEO plugin v27.5 - https:\/\/yoast.com\/product\/yoast-seo-wordpress\/ -->\n<title>Table de machine en acier inoxydable - 60 x 60 cm - capacit\u00e9 de charge de 120 kg - sur roues - Gastora<\/title>\n<meta name=\"description\" content=\"Achetez Table de machine en acier inoxydable - 60 x 60 cm - capacit\u00e9 de charge de 120 kg - sur roues au meilleur prix, fiable et performant avec une livraison rapide\" \/>\n<meta name=\"robots\" content=\"index, follow, max-snippet:-1, max-image-preview:large, max-video-preview:-1\" \/>\n<link rel=\"canonical\" href=\"https:\/\/gastora.eu\/en\/product\/table-de-machine-en-acier-inoxydable-60-x-60-cm-capacit-de-charge-de-120-kg-sur-roues\/\" \/>\n<meta property=\"og:locale\" content=\"en_US\" \/>\n<meta property=\"og:type\" content=\"article\" \/>\n<meta property=\"og:title\" content=\"Table de machine en acier inoxydable - 60 x 60 cm - capacit\u00e9 de charge de 120 kg - sur roues - Gastora\" \/>\n<meta property=\"og:description\" content=\"Achetez Table de machine en acier inoxydable - 60 x 60 cm - capacit\u00e9 de charge de 120 kg - sur roues au meilleur prix, fiable et performant avec une livraison rapide\" \/>\n<meta property=\"og:url\" content=\"https:\/\/gastora.eu\/en\/product\/table-de-machine-en-acier-inoxydable-60-x-60-cm-capacit-de-charge-de-120-kg-sur-roues\/\" \/>\n<meta property=\"og:site_name\" content=\"Gastora\" \/>\n<meta property=\"article:modified_time\" content=\"2026-04-28T16:55:24+00:00\" \/>\n<meta name=\"twitter:card\" content=\"summary_large_image\" \/>\n<meta name=\"twitter:label1\" content=\"Est. reading time\" \/>\n\t<meta name=\"twitter:data1\" content=\"1 minute\" \/>\n<script type=\"application\/ld+json\" class=\"yoast-schema-graph\">{\"@context\":\"https:\\\/\\\/schema.org\",\"@graph\":[{\"@type\":\"WebPage\",\"@id\":\"https:\\\/\\\/gastora.eu\\\/product\\\/table-de-machine-en-acier-inoxydable-60-x-60-cm-capacit-de-charge-de-120-kg-sur-roues\\\/\",\"url\":\"https:\\\/\\\/gastora.eu\\\/product\\\/table-de-machine-en-acier-inoxydable-60-x-60-cm-capacit-de-charge-de-120-kg-sur-roues\\\/\",\"name\":\"Table de machine en acier inoxydable - 60 x 60 cm - capacit\u00e9 de charge de 120 kg - sur roues - Gastora\",\"isPartOf\":{\"@id\":\"https:\\\/\\\/gastora.eu\\\/#website\"},\"primaryImageOfPage\":{\"@id\":\"https:\\\/\\\/gastora.eu\\\/product\\\/table-de-machine-en-acier-inoxydable-60-x-60-cm-capacit-de-charge-de-120-kg-sur-roues\\\/#primaryimage\"},\"image\":{\"@id\":\"https:\\\/\\\/gastora.eu\\\/product\\\/table-de-machine-en-acier-inoxydable-60-x-60-cm-capacit-de-charge-de-120-kg-sur-roues\\\/#primaryimage\"},\"thumbnailUrl\":\"https:\\\/\\\/gastora.eu\\\/wp-content\\\/uploads\\\/2026\\\/04\\\/09300780-maxima-movable-machine-table-60-x-60-x-60.jpg\",\"datePublished\":\"2026-04-25T17:31:21+00:00\",\"dateModified\":\"2026-04-28T16:55:24+00:00\",\"description\":\"Achetez Table de machine en acier inoxydable - 60 x 60 cm - capacit\u00e9 de charge de 120 kg - sur roues au meilleur prix, fiable et performant avec une livraison rapide\",\"breadcrumb\":{\"@id\":\"https:\\\/\\\/gastora.eu\\\/product\\\/table-de-machine-en-acier-inoxydable-60-x-60-cm-capacit-de-charge-de-120-kg-sur-roues\\\/#breadcrumb\"},\"inLanguage\":\"en-US\",\"potentialAction\":[{\"@type\":\"ReadAction\",\"target\":[\"https:\\\/\\\/gastora.eu\\\/product\\\/table-de-machine-en-acier-inoxydable-60-x-60-cm-capacit-de-charge-de-120-kg-sur-roues\\\/\"]}]},{\"@type\":\"ImageObject\",\"inLanguage\":\"en-US\",\"@id\":\"https:\\\/\\\/gastora.eu\\\/product\\\/table-de-machine-en-acier-inoxydable-60-x-60-cm-capacit-de-charge-de-120-kg-sur-roues\\\/#primaryimage\",\"url\":\"https:\\\/\\\/gastora.eu\\\/wp-content\\\/uploads\\\/2026\\\/04\\\/09300780-maxima-movable-machine-table-60-x-60-x-60.jpg\",\"contentUrl\":\"https:\\\/\\\/gastora.eu\\\/wp-content\\\/uploads\\\/2026\\\/04\\\/09300780-maxima-movable-machine-table-60-x-60-x-60.jpg\",\"width\":1024,\"height\":1024},{\"@type\":\"BreadcrumbList\",\"@id\":\"https:\\\/\\\/gastora.eu\\\/product\\\/table-de-machine-en-acier-inoxydable-60-x-60-cm-capacit-de-charge-de-120-kg-sur-roues\\\/#breadcrumb\",\"itemListElement\":[{\"@type\":\"ListItem\",\"position\":1,\"name\":\"Home\",\"item\":\"https:\\\/\\\/gastora.eu\\\/\"},{\"@type\":\"ListItem\",\"position\":2,\"name\":\"Shop\",\"item\":\"https:\\\/\\\/gastora.eu\\\/shop\\\/\"},{\"@type\":\"ListItem\",\"position\":3,\"name\":\"Table de machine en acier inoxydable &#8211; 60 x 60 cm &#8211; capacit\u00e9 de charge de 120 kg &#8211; sur roues\"}]},{\"@type\":\"WebSite\",\"@id\":\"https:\\\/\\\/gastora.eu\\\/#website\",\"url\":\"https:\\\/\\\/gastora.eu\\\/\",\"name\":\"Gastora\",\"description\":\"\u00c9quipements professionnels CHR\",\"publisher\":{\"@id\":\"https:\\\/\\\/gastora.eu\\\/#organization\"},\"potentialAction\":[{\"@type\":\"SearchAction\",\"target\":{\"@type\":\"EntryPoint\",\"urlTemplate\":\"https:\\\/\\\/gastora.eu\\\/?s={search_term_string}\"},\"query-input\":{\"@type\":\"PropertyValueSpecification\",\"valueRequired\":true,\"valueName\":\"search_term_string\"}}],\"inLanguage\":\"en-US\"},{\"@type\":\"Organization\",\"@id\":\"https:\\\/\\\/gastora.eu\\\/#organization\",\"name\":\"Gastora\",\"url\":\"https:\\\/\\\/gastora.eu\\\/\",\"logo\":{\"@type\":\"ImageObject\",\"inLanguage\":\"en-US\",\"@id\":\"https:\\\/\\\/gastora.eu\\\/#\\\/schema\\\/logo\\\/image\\\/\",\"url\":\"https:\\\/\\\/gastora.eu\\\/wp-content\\\/uploads\\\/2025\\\/12\\\/ChatGPT-Image-2-janv.-2026-22_52_47-1.png\",\"contentUrl\":\"https:\\\/\\\/gastora.eu\\\/wp-content\\\/uploads\\\/2025\\\/12\\\/ChatGPT-Image-2-janv.-2026-22_52_47-1.png\",\"width\":1536,\"height\":320,\"caption\":\"Gastora\"},\"image\":{\"@id\":\"https:\\\/\\\/gastora.eu\\\/#\\\/schema\\\/logo\\\/image\\\/\"}}]}<\/script>\n<!-- \/ Yoast SEO plugin. -->","yoast_head_json":{"title":"Table de machine en acier inoxydable - 60 x 60 cm - capacit\u00e9 de charge de 120 kg - sur roues - Gastora","description":"Achetez Table de machine en acier inoxydable - 60 x 60 cm - capacit\u00e9 de charge de 120 kg - sur roues au meilleur prix, fiable et performant avec une livraison rapide","robots":{"index":"index","follow":"follow","max-snippet":"max-snippet:-1","max-image-preview":"max-image-preview:large","max-video-preview":"max-video-preview:-1"},"canonical":"https:\/\/gastora.eu\/en\/product\/table-de-machine-en-acier-inoxydable-60-x-60-cm-capacit-de-charge-de-120-kg-sur-roues\/","og_locale":"en_US","og_type":"article","og_title":"Table de machine en acier inoxydable - 60 x 60 cm - capacit\u00e9 de charge de 120 kg - sur roues - Gastora","og_description":"Achetez Table de machine en acier inoxydable - 60 x 60 cm - capacit\u00e9 de charge de 120 kg - sur roues au meilleur prix, fiable et performant avec une livraison rapide","og_url":"https:\/\/gastora.eu\/en\/product\/table-de-machine-en-acier-inoxydable-60-x-60-cm-capacit-de-charge-de-120-kg-sur-roues\/","og_site_name":"Gastora","article_modified_time":"2026-04-28T16:55:24+00:00","twitter_card":"summary_large_image","twitter_misc":{"Est. reading time":"1 minute"},"schema":{"@context":"https:\/\/schema.org","@graph":[{"@type":"WebPage","@id":"https:\/\/gastora.eu\/product\/table-de-machine-en-acier-inoxydable-60-x-60-cm-capacit-de-charge-de-120-kg-sur-roues\/","url":"https:\/\/gastora.eu\/product\/table-de-machine-en-acier-inoxydable-60-x-60-cm-capacit-de-charge-de-120-kg-sur-roues\/","name":"Table de machine en acier inoxydable - 60 x 60 cm - capacit\u00e9 de charge de 120 kg - sur roues - Gastora","isPartOf":{"@id":"https:\/\/gastora.eu\/#website"},"primaryImageOfPage":{"@id":"https:\/\/gastora.eu\/product\/table-de-machine-en-acier-inoxydable-60-x-60-cm-capacit-de-charge-de-120-kg-sur-roues\/#primaryimage"},"image":{"@id":"https:\/\/gastora.eu\/product\/table-de-machine-en-acier-inoxydable-60-x-60-cm-capacit-de-charge-de-120-kg-sur-roues\/#primaryimage"},"thumbnailUrl":"https:\/\/gastora.eu\/wp-content\/uploads\/2026\/04\/09300780-maxima-movable-machine-table-60-x-60-x-60.jpg","datePublished":"2026-04-25T17:31:21+00:00","dateModified":"2026-04-28T16:55:24+00:00","description":"Achetez Table de machine en acier inoxydable - 60 x 60 cm - capacit\u00e9 de charge de 120 kg - sur roues au meilleur prix, fiable et performant avec une livraison rapide","breadcrumb":{"@id":"https:\/\/gastora.eu\/product\/table-de-machine-en-acier-inoxydable-60-x-60-cm-capacit-de-charge-de-120-kg-sur-roues\/#breadcrumb"},"inLanguage":"en-US","potentialAction":[{"@type":"ReadAction","target":["https:\/\/gastora.eu\/product\/table-de-machine-en-acier-inoxydable-60-x-60-cm-capacit-de-charge-de-120-kg-sur-roues\/"]}]},{"@type":"ImageObject","inLanguage":"en-US","@id":"https:\/\/gastora.eu\/product\/table-de-machine-en-acier-inoxydable-60-x-60-cm-capacit-de-charge-de-120-kg-sur-roues\/#primaryimage","url":"https:\/\/gastora.eu\/wp-content\/uploads\/2026\/04\/09300780-maxima-movable-machine-table-60-x-60-x-60.jpg","contentUrl":"https:\/\/gastora.eu\/wp-content\/uploads\/2026\/04\/09300780-maxima-movable-machine-table-60-x-60-x-60.jpg","width":1024,"height":1024},{"@type":"BreadcrumbList","@id":"https:\/\/gastora.eu\/product\/table-de-machine-en-acier-inoxydable-60-x-60-cm-capacit-de-charge-de-120-kg-sur-roues\/#breadcrumb","itemListElement":[{"@type":"ListItem","position":1,"name":"Home","item":"https:\/\/gastora.eu\/"},{"@type":"ListItem","position":2,"name":"Shop","item":"https:\/\/gastora.eu\/shop\/"},{"@type":"ListItem","position":3,"name":"Table de machine en acier inoxydable &#8211; 60 x 60 cm &#8211; capacit\u00e9 de charge de 120 kg &#8211; sur roues"}]},{"@type":"WebSite","@id":"https:\/\/gastora.eu\/#website","url":"https:\/\/gastora.eu\/","name":"Gastora","description":"\u00c9quipements professionnels CHR","publisher":{"@id":"https:\/\/gastora.eu\/#organization"},"potentialAction":[{"@type":"SearchAction","target":{"@type":"EntryPoint","urlTemplate":"https:\/\/gastora.eu\/?s={search_term_string}"},"query-input":{"@type":"PropertyValueSpecification","valueRequired":true,"valueName":"search_term_string"}}],"inLanguage":"en-US"},{"@type":"Organization","@id":"https:\/\/gastora.eu\/#organization","name":"Gastora","url":"https:\/\/gastora.eu\/","logo":{"@type":"ImageObject","inLanguage":"en-US","@id":"https:\/\/gastora.eu\/#\/schema\/logo\/image\/","url":"https:\/\/gastora.eu\/wp-content\/uploads\/2025\/12\/ChatGPT-Image-2-janv.-2026-22_52_47-1.png","contentUrl":"https:\/\/gastora.eu\/wp-content\/uploads\/2025\/12\/ChatGPT-Image-2-janv.-2026-22_52_47-1.png","width":1536,"height":320,"caption":"Gastora"},"image":{"@id":"https:\/\/gastora.eu\/#\/schema\/logo\/image\/"}}]}},"jetpack_sharing_enabled":true,"_links":{"self":[{"href":"https:\/\/gastora.eu\/en\/wp-json\/wp\/v2\/product\/13853","targetHints":{"allow":["GET"]}}],"collection":[{"href":"https:\/\/gastora.eu\/en\/wp-json\/wp\/v2\/product"}],"about":[{"href":"https:\/\/gastora.eu\/en\/wp-json\/wp\/v2\/types\/product"}],"wp:featuredmedia":[{"embeddable":true,"href":"https:\/\/gastora.eu\/en\/wp-json\/wp\/v2\/media\/6456"}],"wp:attachment":[{"href":"https:\/\/gastora.eu\/en\/wp-json\/wp\/v2\/media?parent=13853"}],"wp:term":[{"taxonomy":"product_brand","embeddable":true,"href":"https:\/\/gastora.eu\/en\/wp-json\/wp\/v2\/product_brand?post=13853"},{"taxonomy":"product_cat","embeddable":true,"href":"https:\/\/gastora.eu\/en\/wp-json\/wp\/v2\/product_cat?post=13853"},{"taxonomy":"product_tag","embeddable":true,"href":"https:\/\/gastora.eu\/en\/wp-json\/wp\/v2\/product_tag?post=13853"}],"curies":[{"name":"wp","href":"https:\/\/api.w.org\/{rel}","templated":true}]}}