{"id":13836,"date":"2026-04-25T17:30:58","date_gmt":"2026-04-25T17:30:58","guid":{"rendered":"https:\/\/gastora.eu\/?post_type=product&#038;p=13836"},"modified":"2026-04-28T16:55:23","modified_gmt":"2026-04-28T16:55:23","slug":"chariot-en-acier-inoxydable-3-tagres","status":"publish","type":"product","link":"https:\/\/gastora.eu\/en\/product\/chariot-en-acier-inoxydable-3-tagres\/","title":{"rendered":"Chariot en acier inoxydable &#8211; 3 \u00e9tag\u00e8res"},"content":{"rendered":"<p>Facilitez votre travail et celui de votre personnel en utilisant un chariot de service dans votre restaurant, votre cantine ou tout autre \u00e9tablissement de restauration. Vous \u00e9viterez ainsi de marcher et de soulever des charges en laissant le chariot de service faire le travail. Il est id\u00e9al pour transporter et servir les repas. Vous pouvez servir les repas en m\u00eame temps et de mani\u00e8re bien organis\u00e9e. Le chariot de service est \u00e9galement une aide pr\u00e9cieuse pour d\u00e9barrasser la cuisine de la vaisselle sale. Ce chariot de service professionnel est \u00e9quip\u00e9 de trois \u00e9tag\u00e8res en acier inoxydable.<\/p>\n<h3>Roulettes pivotantes pratiques<\/h3>\n<p>Les pieds de la desserte sont dot\u00e9s de rebords de protection. En outre, la desserte est fabriqu\u00e9e en acier inoxydable, ce qui lui permet de durer des ann\u00e9es et de r\u00e9sister \u00e0 une utilisation intensive. Pour des mouvements en douceur, la desserte est \u00e9quip\u00e9e de quatre roulettes pratiques, dont deux sont \u00e9quip\u00e9es d&#8217;un frein. Cela vous permet de placer facilement la desserte \u00e0 n&#8217;importe quel endroit sans qu&#8217;elle ne se mette \u00e0 rouler. Les \u00e9tag\u00e8res du chariot de service sont renforc\u00e9es dans les coins et peuvent supporter une charge maximale de 40 kg chacune. Les pieds sont carr\u00e9s et tr\u00e8s solides. Le chariot de service se monte rapidement et facilement \u00e0 l&#8217;aide des outils fournis. En outre, cet appareil est \u00e9quip\u00e9 d&#8217;un joint d&#8217;\u00e9tanch\u00e9it\u00e9.<\/p>\n<h3>Enti\u00e8rement fabriqu\u00e9 en acier inoxydable<\/h3>\n<p>Les coins sont soud\u00e9s et polis. Le chariot de service ne pr\u00e9sente pas d&#8217;ar\u00eates vives et sa finition est soign\u00e9e, ce qui permet de travailler en toute s\u00e9curit\u00e9. La desserte est enti\u00e8rement fabriqu\u00e9e en acier inoxydable et se nettoie facilement \u00e0 l&#8217;aide d&#8217;un chiffon l\u00e9g\u00e8rement humide. Prenez un seau d&#8217;eau chaude et un d\u00e9tergent doux pour nettoyer toutes les surfaces. Pour un r\u00e9sultat sans traces, essuyez ensuite le tout avec un chiffon sec et doux.<\/p>\n<p><strong>Caract\u00e9ristiques<\/strong><\/p>\n<ul>\n<li>\u00c9quip\u00e9 de trois feuilles de travail en acier inoxydable<\/li>\n<li>Les feuilles de travail ont des bords pli\u00e9s<\/li>\n<li>Les coins sont soud\u00e9s et polis<\/li>\n<li>Les pieds sont munis de pare-chocs<\/li>\n<li>Installation tr\u00e8s facile (10 minutes)<\/li>\n<li>Les outils sont inclus<\/li>\n<\/ul>\n<p><strong>Caract\u00e9ristiques du produit<\/strong><\/p>\n<ul>\n<li>Poids net : 15kg<\/li>\n<li>Dimensions : L95 x P51 x H94cm L95 x P51 x H94cm<\/li>\n<li>Capacit\u00e9 par \u00e9tag\u00e8re : 40kg<\/li>\n<li>Capacit\u00e9 de charge totale : 120kg<\/li>\n<li>Diam\u00e8tre des pieds : 2cm<\/li>\n<li>Distance entre les \u00e9tag\u00e8res : 28,5cm<\/li>\n<\/ul>","protected":false},"excerpt":{"rendered":"<p>Ce chariot de service robuste est dot\u00e9 de trois plateaux en acier inoxydable et peut supporter jusqu&#8217;\u00e0 40 kg. Le chariot est \u00e9quip\u00e9 de quatre roues, dont deux sont munies de freins. Les pieds sont munis de rebords de protection et il est facile \u00e0 assembler.<\/p>","protected":false},"featured_media":6422,"template":"","meta":{"_acf_changed":false},"product_brand":[],"product_cat":[485],"product_tag":[],"class_list":{"0":"post-13836","1":"product","2":"type-product","3":"status-publish","4":"has-post-thumbnail","6":"product_cat-chariots-dessertes-2","8":"first","9":"instock","10":"sale","11":"taxable","12":"shipping-taxable","13":"purchasable","14":"product-type-simple"},"acf":[],"yoast_head":"<!-- This site is optimized with the Yoast SEO plugin v27.5 - https:\/\/yoast.com\/product\/yoast-seo-wordpress\/ -->\n<title>Chariot en acier inoxydable - 3 \u00e9tag\u00e8res - Gastora<\/title>\n<meta name=\"description\" content=\"Achetez Chariot en acier inoxydable - 3 \u00e9tag\u00e8res au meilleur prix, fiable et performant avec une livraison rapide\" \/>\n<meta name=\"robots\" content=\"index, follow, max-snippet:-1, max-image-preview:large, max-video-preview:-1\" \/>\n<link rel=\"canonical\" href=\"https:\/\/gastora.eu\/en\/product\/chariot-en-acier-inoxydable-3-tagres\/\" \/>\n<meta property=\"og:locale\" content=\"en_US\" \/>\n<meta property=\"og:type\" content=\"article\" \/>\n<meta property=\"og:title\" content=\"Chariot en acier inoxydable - 3 \u00e9tag\u00e8res - Gastora\" \/>\n<meta property=\"og:description\" content=\"Achetez Chariot en acier inoxydable - 3 \u00e9tag\u00e8res au meilleur prix, fiable et performant avec une livraison rapide\" \/>\n<meta property=\"og:url\" content=\"https:\/\/gastora.eu\/en\/product\/chariot-en-acier-inoxydable-3-tagres\/\" \/>\n<meta property=\"og:site_name\" content=\"Gastora\" \/>\n<meta property=\"article:modified_time\" content=\"2026-04-28T16:55:23+00:00\" \/>\n<meta name=\"twitter:card\" content=\"summary_large_image\" \/>\n<meta name=\"twitter:label1\" content=\"Est. reading time\" \/>\n\t<meta name=\"twitter:data1\" content=\"2 minutes\" \/>\n<script type=\"application\/ld+json\" class=\"yoast-schema-graph\">{\"@context\":\"https:\\\/\\\/schema.org\",\"@graph\":[{\"@type\":\"WebPage\",\"@id\":\"https:\\\/\\\/gastora.eu\\\/product\\\/chariot-en-acier-inoxydable-3-tagres\\\/\",\"url\":\"https:\\\/\\\/gastora.eu\\\/product\\\/chariot-en-acier-inoxydable-3-tagres\\\/\",\"name\":\"Chariot en acier inoxydable - 3 \u00e9tag\u00e8res - Gastora\",\"isPartOf\":{\"@id\":\"https:\\\/\\\/gastora.eu\\\/#website\"},\"primaryImageOfPage\":{\"@id\":\"https:\\\/\\\/gastora.eu\\\/product\\\/chariot-en-acier-inoxydable-3-tagres\\\/#primaryimage\"},\"image\":{\"@id\":\"https:\\\/\\\/gastora.eu\\\/product\\\/chariot-en-acier-inoxydable-3-tagres\\\/#primaryimage\"},\"thumbnailUrl\":\"https:\\\/\\\/gastora.eu\\\/wp-content\\\/uploads\\\/2026\\\/04\\\/sp-005-61656e6a4d8e8.jpg\",\"datePublished\":\"2026-04-25T17:30:58+00:00\",\"dateModified\":\"2026-04-28T16:55:23+00:00\",\"description\":\"Achetez Chariot en acier inoxydable - 3 \u00e9tag\u00e8res au meilleur prix, fiable et performant avec une livraison rapide\",\"breadcrumb\":{\"@id\":\"https:\\\/\\\/gastora.eu\\\/product\\\/chariot-en-acier-inoxydable-3-tagres\\\/#breadcrumb\"},\"inLanguage\":\"en-US\",\"potentialAction\":[{\"@type\":\"ReadAction\",\"target\":[\"https:\\\/\\\/gastora.eu\\\/product\\\/chariot-en-acier-inoxydable-3-tagres\\\/\"]}]},{\"@type\":\"ImageObject\",\"inLanguage\":\"en-US\",\"@id\":\"https:\\\/\\\/gastora.eu\\\/product\\\/chariot-en-acier-inoxydable-3-tagres\\\/#primaryimage\",\"url\":\"https:\\\/\\\/gastora.eu\\\/wp-content\\\/uploads\\\/2026\\\/04\\\/sp-005-61656e6a4d8e8.jpg\",\"contentUrl\":\"https:\\\/\\\/gastora.eu\\\/wp-content\\\/uploads\\\/2026\\\/04\\\/sp-005-61656e6a4d8e8.jpg\",\"width\":1024,\"height\":1024},{\"@type\":\"BreadcrumbList\",\"@id\":\"https:\\\/\\\/gastora.eu\\\/product\\\/chariot-en-acier-inoxydable-3-tagres\\\/#breadcrumb\",\"itemListElement\":[{\"@type\":\"ListItem\",\"position\":1,\"name\":\"Home\",\"item\":\"https:\\\/\\\/gastora.eu\\\/\"},{\"@type\":\"ListItem\",\"position\":2,\"name\":\"Shop\",\"item\":\"https:\\\/\\\/gastora.eu\\\/shop\\\/\"},{\"@type\":\"ListItem\",\"position\":3,\"name\":\"Chariot en acier inoxydable &#8211; 3 \u00e9tag\u00e8res\"}]},{\"@type\":\"WebSite\",\"@id\":\"https:\\\/\\\/gastora.eu\\\/#website\",\"url\":\"https:\\\/\\\/gastora.eu\\\/\",\"name\":\"Gastora\",\"description\":\"\u00c9quipements professionnels CHR\",\"publisher\":{\"@id\":\"https:\\\/\\\/gastora.eu\\\/#organization\"},\"potentialAction\":[{\"@type\":\"SearchAction\",\"target\":{\"@type\":\"EntryPoint\",\"urlTemplate\":\"https:\\\/\\\/gastora.eu\\\/?s={search_term_string}\"},\"query-input\":{\"@type\":\"PropertyValueSpecification\",\"valueRequired\":true,\"valueName\":\"search_term_string\"}}],\"inLanguage\":\"en-US\"},{\"@type\":\"Organization\",\"@id\":\"https:\\\/\\\/gastora.eu\\\/#organization\",\"name\":\"Gastora\",\"url\":\"https:\\\/\\\/gastora.eu\\\/\",\"logo\":{\"@type\":\"ImageObject\",\"inLanguage\":\"en-US\",\"@id\":\"https:\\\/\\\/gastora.eu\\\/#\\\/schema\\\/logo\\\/image\\\/\",\"url\":\"https:\\\/\\\/gastora.eu\\\/wp-content\\\/uploads\\\/2025\\\/12\\\/ChatGPT-Image-2-janv.-2026-22_52_47-1.png\",\"contentUrl\":\"https:\\\/\\\/gastora.eu\\\/wp-content\\\/uploads\\\/2025\\\/12\\\/ChatGPT-Image-2-janv.-2026-22_52_47-1.png\",\"width\":1536,\"height\":320,\"caption\":\"Gastora\"},\"image\":{\"@id\":\"https:\\\/\\\/gastora.eu\\\/#\\\/schema\\\/logo\\\/image\\\/\"}}]}<\/script>\n<!-- \/ Yoast SEO plugin. -->","yoast_head_json":{"title":"Chariot en acier inoxydable - 3 \u00e9tag\u00e8res - Gastora","description":"Achetez Chariot en acier inoxydable - 3 \u00e9tag\u00e8res au meilleur prix, fiable et performant avec une livraison rapide","robots":{"index":"index","follow":"follow","max-snippet":"max-snippet:-1","max-image-preview":"max-image-preview:large","max-video-preview":"max-video-preview:-1"},"canonical":"https:\/\/gastora.eu\/en\/product\/chariot-en-acier-inoxydable-3-tagres\/","og_locale":"en_US","og_type":"article","og_title":"Chariot en acier inoxydable - 3 \u00e9tag\u00e8res - Gastora","og_description":"Achetez Chariot en acier inoxydable - 3 \u00e9tag\u00e8res au meilleur prix, fiable et performant avec une livraison rapide","og_url":"https:\/\/gastora.eu\/en\/product\/chariot-en-acier-inoxydable-3-tagres\/","og_site_name":"Gastora","article_modified_time":"2026-04-28T16:55:23+00:00","twitter_card":"summary_large_image","twitter_misc":{"Est. reading time":"2 minutes"},"schema":{"@context":"https:\/\/schema.org","@graph":[{"@type":"WebPage","@id":"https:\/\/gastora.eu\/product\/chariot-en-acier-inoxydable-3-tagres\/","url":"https:\/\/gastora.eu\/product\/chariot-en-acier-inoxydable-3-tagres\/","name":"Chariot en acier inoxydable - 3 \u00e9tag\u00e8res - Gastora","isPartOf":{"@id":"https:\/\/gastora.eu\/#website"},"primaryImageOfPage":{"@id":"https:\/\/gastora.eu\/product\/chariot-en-acier-inoxydable-3-tagres\/#primaryimage"},"image":{"@id":"https:\/\/gastora.eu\/product\/chariot-en-acier-inoxydable-3-tagres\/#primaryimage"},"thumbnailUrl":"https:\/\/gastora.eu\/wp-content\/uploads\/2026\/04\/sp-005-61656e6a4d8e8.jpg","datePublished":"2026-04-25T17:30:58+00:00","dateModified":"2026-04-28T16:55:23+00:00","description":"Achetez Chariot en acier inoxydable - 3 \u00e9tag\u00e8res au meilleur prix, fiable et performant avec une livraison rapide","breadcrumb":{"@id":"https:\/\/gastora.eu\/product\/chariot-en-acier-inoxydable-3-tagres\/#breadcrumb"},"inLanguage":"en-US","potentialAction":[{"@type":"ReadAction","target":["https:\/\/gastora.eu\/product\/chariot-en-acier-inoxydable-3-tagres\/"]}]},{"@type":"ImageObject","inLanguage":"en-US","@id":"https:\/\/gastora.eu\/product\/chariot-en-acier-inoxydable-3-tagres\/#primaryimage","url":"https:\/\/gastora.eu\/wp-content\/uploads\/2026\/04\/sp-005-61656e6a4d8e8.jpg","contentUrl":"https:\/\/gastora.eu\/wp-content\/uploads\/2026\/04\/sp-005-61656e6a4d8e8.jpg","width":1024,"height":1024},{"@type":"BreadcrumbList","@id":"https:\/\/gastora.eu\/product\/chariot-en-acier-inoxydable-3-tagres\/#breadcrumb","itemListElement":[{"@type":"ListItem","position":1,"name":"Home","item":"https:\/\/gastora.eu\/"},{"@type":"ListItem","position":2,"name":"Shop","item":"https:\/\/gastora.eu\/shop\/"},{"@type":"ListItem","position":3,"name":"Chariot en acier inoxydable &#8211; 3 \u00e9tag\u00e8res"}]},{"@type":"WebSite","@id":"https:\/\/gastora.eu\/#website","url":"https:\/\/gastora.eu\/","name":"Gastora","description":"\u00c9quipements professionnels CHR","publisher":{"@id":"https:\/\/gastora.eu\/#organization"},"potentialAction":[{"@type":"SearchAction","target":{"@type":"EntryPoint","urlTemplate":"https:\/\/gastora.eu\/?s={search_term_string}"},"query-input":{"@type":"PropertyValueSpecification","valueRequired":true,"valueName":"search_term_string"}}],"inLanguage":"en-US"},{"@type":"Organization","@id":"https:\/\/gastora.eu\/#organization","name":"Gastora","url":"https:\/\/gastora.eu\/","logo":{"@type":"ImageObject","inLanguage":"en-US","@id":"https:\/\/gastora.eu\/#\/schema\/logo\/image\/","url":"https:\/\/gastora.eu\/wp-content\/uploads\/2025\/12\/ChatGPT-Image-2-janv.-2026-22_52_47-1.png","contentUrl":"https:\/\/gastora.eu\/wp-content\/uploads\/2025\/12\/ChatGPT-Image-2-janv.-2026-22_52_47-1.png","width":1536,"height":320,"caption":"Gastora"},"image":{"@id":"https:\/\/gastora.eu\/#\/schema\/logo\/image\/"}}]}},"jetpack_sharing_enabled":true,"_links":{"self":[{"href":"https:\/\/gastora.eu\/en\/wp-json\/wp\/v2\/product\/13836","targetHints":{"allow":["GET"]}}],"collection":[{"href":"https:\/\/gastora.eu\/en\/wp-json\/wp\/v2\/product"}],"about":[{"href":"https:\/\/gastora.eu\/en\/wp-json\/wp\/v2\/types\/product"}],"wp:featuredmedia":[{"embeddable":true,"href":"https:\/\/gastora.eu\/en\/wp-json\/wp\/v2\/media\/6422"}],"wp:attachment":[{"href":"https:\/\/gastora.eu\/en\/wp-json\/wp\/v2\/media?parent=13836"}],"wp:term":[{"taxonomy":"product_brand","embeddable":true,"href":"https:\/\/gastora.eu\/en\/wp-json\/wp\/v2\/product_brand?post=13836"},{"taxonomy":"product_cat","embeddable":true,"href":"https:\/\/gastora.eu\/en\/wp-json\/wp\/v2\/product_cat?post=13836"},{"taxonomy":"product_tag","embeddable":true,"href":"https:\/\/gastora.eu\/en\/wp-json\/wp\/v2\/product_tag?post=13836"}],"curies":[{"name":"wp","href":"https:\/\/api.w.org\/{rel}","templated":true}]}}