{"id":13834,"date":"2026-04-25T17:30:56","date_gmt":"2026-04-25T17:30:56","guid":{"rendered":"https:\/\/gastora.eu\/?post_type=product&#038;p=13834"},"modified":"2026-04-28T16:55:23","modified_gmt":"2026-04-28T16:55:23","slug":"sous-vide-85-l","status":"publish","type":"product","link":"https:\/\/gastora.eu\/en\/product\/sous-vide-85-l\/","title":{"rendered":"Sous vide &#8211; 8,5 L"},"content":{"rendered":"<p>Cet appareil de cuisson sous vide peut \u00eatre utilis\u00e9 pour un large \u00e9ventail de plats et d&#8217;aliments. L&#8217;avantage de la cuisson sous vide est que les produits conservent leur saveur et leurs vitamines. En outre, la cuisson dans cet appareil sous vide garantit que vos plats ne br\u00fblent pas et ne se dess\u00e8chent pas. Cet appareil compact est \u00e9galement tr\u00e8s silencieux. Lorsque vous cuisinez sous vide, vous laissez les aliments emball\u00e9s sous vide cuire \u00e0 une temp\u00e9rature constante. Avant la cuisson, vous pouvez nettoyer, couper ou \u00e9plucher des produits frais afin que vos plats soient pr\u00eats imm\u00e9diatement apr\u00e8s la cuisson sous vide.<\/p>\n<h3>Une pr\u00e9cision sans pr\u00e9c\u00e9dent de 0,3\u00baC<\/h3>\n<p>Dans cet appareil professionnel de cuisson sous vide d&#8217;une capacit\u00e9 de 8,5 litres, l&#8217;eau du r\u00e9servoir est chauff\u00e9e progressivement. Les aliments ne br\u00fblent pas et ne se s\u00e9parent pas, car la temp\u00e9rature de l&#8217;eau ne peut pas d\u00e9passer 90\u00baC. La temp\u00e9rature et la dur\u00e9e peuvent \u00eatre r\u00e9gl\u00e9es s\u00e9par\u00e9ment. De plus, cet appareil de sous-vide a une pr\u00e9cision de 0,3\u00baC. Gr\u00e2ce \u00e0 l&#8217;\u00e9coulement r\u00e9gulier de l&#8217;eau, la texture et les nutriments sont pr\u00e9serv\u00e9s. L&#8217;\u00e9cran LCD est num\u00e9rique et le panneau de commande est facile \u00e0 utiliser gr\u00e2ce aux touches tactiles. L&#8217;appareil sous vide est \u00e9galement \u00e9quip\u00e9 d&#8217;un dispositif de s\u00e9curit\u00e9 thermique et le cordon d&#8217;alimentation est amovible.<\/p>\n<h3>Comprend une \u00e9tag\u00e8re pratique en acier inoxydable pour les produits<\/h3>\n<p>Cet appareil \u00e0 sous-vide est tr\u00e8s silencieux et ne fait pratiquement pas de bruit pendant son utilisation. En outre, l&#8217;appareil est \u00e9quip\u00e9 d&#8217;une \u00e9tag\u00e8re pratique en acier inoxydable pour placer les produits dans le r\u00e9servoir d&#8217;eau. Laissez l&#8217;appareil refroidir avant de le nettoyer. Utilisez un chiffon humide, de l&#8217;eau chaude et un d\u00e9tergent doux pour nettoyer les parties en acier inoxydable. Essuyez le tout avec un chiffon sec avant de r\u00e9utiliser l&#8217;appareil.<\/p>\n<p><strong>Caract\u00e9ristiques<\/strong><\/p>\n<ul>\n<li>La temp\u00e9rature et la dur\u00e9e sont r\u00e9glables s\u00e9par\u00e9ment<\/li>\n<li>Temp\u00e9rature maximale de 90 degr\u00e9s Celsius<\/li>\n<li>Syst\u00e8me de pompe \u00e0 eau brevet\u00e9<\/li>\n<li>Fen\u00eatre transparente en plastique dans le couvercle<\/li>\n<li>\u00c9quip\u00e9 d&#8217;un support pratique en acier inoxydable pour les produits<\/li>\n<li>Cordon d&#8217;alimentation d\u00e9tachable<\/li>\n<\/ul>\n<p><strong>Caract\u00e9ristiques du produit<\/strong><\/p>\n<ul>\n<li>Poids net : 4,4 kg<\/li>\n<li>Dimensions int\u00e9rieures : L30 x P22 x H15cm<\/li>\n<li>Dimensions externes : L38 x P25 x H22cm<\/li>\n<li>230V\/50Hz\/1Phase 800W<\/li>\n<p><!--0.3c--><\/ul>","protected":false},"excerpt":{"rendered":"<p>Avec cet appareil de cuisson sous vide, vous pouvez pr\u00e9parer des plats sains et cuits qui conservent leur saveur et leurs vitamines sans qu&#8217;ils ne br\u00fblent ou ne se dess\u00e8chent. Cet appareil compact de cuisson sous vide cuit avec une pr\u00e9cision de 0,3\u00baC. La dur\u00e9e et la temp\u00e9rature peuvent \u00eatre r\u00e9gl\u00e9es \u00e0 volont\u00e9.<\/p>","protected":false},"featured_media":6418,"template":"","meta":{"_acf_changed":false},"product_brand":[],"product_cat":[16],"product_tag":[],"class_list":{"0":"post-13834","1":"product","2":"type-product","3":"status-publish","4":"has-post-thumbnail","6":"product_cat-cuisson","8":"first","9":"instock","10":"sale","11":"taxable","12":"shipping-taxable","13":"purchasable","14":"product-type-simple"},"acf":[],"yoast_head":"<!-- This site is optimized with the Yoast SEO plugin v27.5 - https:\/\/yoast.com\/product\/yoast-seo-wordpress\/ -->\n<title>Sous vide - 8,5 L - Gastora<\/title>\n<meta name=\"description\" content=\"Achetez Sous vide - 8,5 L au meilleur prix, fiable et performant avec une livraison rapide\" \/>\n<meta name=\"robots\" content=\"index, follow, max-snippet:-1, max-image-preview:large, max-video-preview:-1\" \/>\n<link rel=\"canonical\" href=\"https:\/\/gastora.eu\/en\/product\/sous-vide-85-l\/\" \/>\n<meta property=\"og:locale\" content=\"en_US\" \/>\n<meta property=\"og:type\" content=\"article\" \/>\n<meta property=\"og:title\" content=\"Sous vide - 8,5 L - Gastora\" \/>\n<meta property=\"og:description\" content=\"Achetez Sous vide - 8,5 L au meilleur prix, fiable et performant avec une livraison rapide\" \/>\n<meta property=\"og:url\" content=\"https:\/\/gastora.eu\/en\/product\/sous-vide-85-l\/\" \/>\n<meta property=\"og:site_name\" content=\"Gastora\" \/>\n<meta property=\"article:modified_time\" content=\"2026-04-28T16:55:23+00:00\" \/>\n<meta name=\"twitter:card\" content=\"summary_large_image\" \/>\n<meta name=\"twitter:label1\" content=\"Est. reading time\" \/>\n\t<meta name=\"twitter:data1\" content=\"2 minutes\" \/>\n<script type=\"application\/ld+json\" class=\"yoast-schema-graph\">{\"@context\":\"https:\\\/\\\/schema.org\",\"@graph\":[{\"@type\":\"WebPage\",\"@id\":\"https:\\\/\\\/gastora.eu\\\/product\\\/sous-vide-85-l\\\/\",\"url\":\"https:\\\/\\\/gastora.eu\\\/product\\\/sous-vide-85-l\\\/\",\"name\":\"Sous vide - 8,5 L - Gastora\",\"isPartOf\":{\"@id\":\"https:\\\/\\\/gastora.eu\\\/#website\"},\"primaryImageOfPage\":{\"@id\":\"https:\\\/\\\/gastora.eu\\\/product\\\/sous-vide-85-l\\\/#primaryimage\"},\"image\":{\"@id\":\"https:\\\/\\\/gastora.eu\\\/product\\\/sous-vide-85-l\\\/#primaryimage\"},\"thumbnailUrl\":\"https:\\\/\\\/gastora.eu\\\/wp-content\\\/uploads\\\/2026\\\/04\\\/1_sous_vide_8_5l_2900_1.jpg\",\"datePublished\":\"2026-04-25T17:30:56+00:00\",\"dateModified\":\"2026-04-28T16:55:23+00:00\",\"description\":\"Achetez Sous vide - 8,5 L au meilleur prix, fiable et performant avec une livraison rapide\",\"breadcrumb\":{\"@id\":\"https:\\\/\\\/gastora.eu\\\/product\\\/sous-vide-85-l\\\/#breadcrumb\"},\"inLanguage\":\"en-US\",\"potentialAction\":[{\"@type\":\"ReadAction\",\"target\":[\"https:\\\/\\\/gastora.eu\\\/product\\\/sous-vide-85-l\\\/\"]}]},{\"@type\":\"ImageObject\",\"inLanguage\":\"en-US\",\"@id\":\"https:\\\/\\\/gastora.eu\\\/product\\\/sous-vide-85-l\\\/#primaryimage\",\"url\":\"https:\\\/\\\/gastora.eu\\\/wp-content\\\/uploads\\\/2026\\\/04\\\/1_sous_vide_8_5l_2900_1.jpg\",\"contentUrl\":\"https:\\\/\\\/gastora.eu\\\/wp-content\\\/uploads\\\/2026\\\/04\\\/1_sous_vide_8_5l_2900_1.jpg\",\"width\":1200,\"height\":1200},{\"@type\":\"BreadcrumbList\",\"@id\":\"https:\\\/\\\/gastora.eu\\\/product\\\/sous-vide-85-l\\\/#breadcrumb\",\"itemListElement\":[{\"@type\":\"ListItem\",\"position\":1,\"name\":\"Home\",\"item\":\"https:\\\/\\\/gastora.eu\\\/\"},{\"@type\":\"ListItem\",\"position\":2,\"name\":\"Shop\",\"item\":\"https:\\\/\\\/gastora.eu\\\/shop\\\/\"},{\"@type\":\"ListItem\",\"position\":3,\"name\":\"Sous vide &#8211; 8,5 L\"}]},{\"@type\":\"WebSite\",\"@id\":\"https:\\\/\\\/gastora.eu\\\/#website\",\"url\":\"https:\\\/\\\/gastora.eu\\\/\",\"name\":\"Gastora\",\"description\":\"\u00c9quipements professionnels CHR\",\"publisher\":{\"@id\":\"https:\\\/\\\/gastora.eu\\\/#organization\"},\"potentialAction\":[{\"@type\":\"SearchAction\",\"target\":{\"@type\":\"EntryPoint\",\"urlTemplate\":\"https:\\\/\\\/gastora.eu\\\/?s={search_term_string}\"},\"query-input\":{\"@type\":\"PropertyValueSpecification\",\"valueRequired\":true,\"valueName\":\"search_term_string\"}}],\"inLanguage\":\"en-US\"},{\"@type\":\"Organization\",\"@id\":\"https:\\\/\\\/gastora.eu\\\/#organization\",\"name\":\"Gastora\",\"url\":\"https:\\\/\\\/gastora.eu\\\/\",\"logo\":{\"@type\":\"ImageObject\",\"inLanguage\":\"en-US\",\"@id\":\"https:\\\/\\\/gastora.eu\\\/#\\\/schema\\\/logo\\\/image\\\/\",\"url\":\"https:\\\/\\\/gastora.eu\\\/wp-content\\\/uploads\\\/2025\\\/12\\\/ChatGPT-Image-2-janv.-2026-22_52_47-1.png\",\"contentUrl\":\"https:\\\/\\\/gastora.eu\\\/wp-content\\\/uploads\\\/2025\\\/12\\\/ChatGPT-Image-2-janv.-2026-22_52_47-1.png\",\"width\":1536,\"height\":320,\"caption\":\"Gastora\"},\"image\":{\"@id\":\"https:\\\/\\\/gastora.eu\\\/#\\\/schema\\\/logo\\\/image\\\/\"}}]}<\/script>\n<!-- \/ Yoast SEO plugin. -->","yoast_head_json":{"title":"Sous vide - 8,5 L - Gastora","description":"Achetez Sous vide - 8,5 L au meilleur prix, fiable et performant avec une livraison rapide","robots":{"index":"index","follow":"follow","max-snippet":"max-snippet:-1","max-image-preview":"max-image-preview:large","max-video-preview":"max-video-preview:-1"},"canonical":"https:\/\/gastora.eu\/en\/product\/sous-vide-85-l\/","og_locale":"en_US","og_type":"article","og_title":"Sous vide - 8,5 L - Gastora","og_description":"Achetez Sous vide - 8,5 L au meilleur prix, fiable et performant avec une livraison rapide","og_url":"https:\/\/gastora.eu\/en\/product\/sous-vide-85-l\/","og_site_name":"Gastora","article_modified_time":"2026-04-28T16:55:23+00:00","twitter_card":"summary_large_image","twitter_misc":{"Est. reading time":"2 minutes"},"schema":{"@context":"https:\/\/schema.org","@graph":[{"@type":"WebPage","@id":"https:\/\/gastora.eu\/product\/sous-vide-85-l\/","url":"https:\/\/gastora.eu\/product\/sous-vide-85-l\/","name":"Sous vide - 8,5 L - Gastora","isPartOf":{"@id":"https:\/\/gastora.eu\/#website"},"primaryImageOfPage":{"@id":"https:\/\/gastora.eu\/product\/sous-vide-85-l\/#primaryimage"},"image":{"@id":"https:\/\/gastora.eu\/product\/sous-vide-85-l\/#primaryimage"},"thumbnailUrl":"https:\/\/gastora.eu\/wp-content\/uploads\/2026\/04\/1_sous_vide_8_5l_2900_1.jpg","datePublished":"2026-04-25T17:30:56+00:00","dateModified":"2026-04-28T16:55:23+00:00","description":"Achetez Sous vide - 8,5 L au meilleur prix, fiable et performant avec une livraison rapide","breadcrumb":{"@id":"https:\/\/gastora.eu\/product\/sous-vide-85-l\/#breadcrumb"},"inLanguage":"en-US","potentialAction":[{"@type":"ReadAction","target":["https:\/\/gastora.eu\/product\/sous-vide-85-l\/"]}]},{"@type":"ImageObject","inLanguage":"en-US","@id":"https:\/\/gastora.eu\/product\/sous-vide-85-l\/#primaryimage","url":"https:\/\/gastora.eu\/wp-content\/uploads\/2026\/04\/1_sous_vide_8_5l_2900_1.jpg","contentUrl":"https:\/\/gastora.eu\/wp-content\/uploads\/2026\/04\/1_sous_vide_8_5l_2900_1.jpg","width":1200,"height":1200},{"@type":"BreadcrumbList","@id":"https:\/\/gastora.eu\/product\/sous-vide-85-l\/#breadcrumb","itemListElement":[{"@type":"ListItem","position":1,"name":"Home","item":"https:\/\/gastora.eu\/"},{"@type":"ListItem","position":2,"name":"Shop","item":"https:\/\/gastora.eu\/shop\/"},{"@type":"ListItem","position":3,"name":"Sous vide &#8211; 8,5 L"}]},{"@type":"WebSite","@id":"https:\/\/gastora.eu\/#website","url":"https:\/\/gastora.eu\/","name":"Gastora","description":"\u00c9quipements professionnels CHR","publisher":{"@id":"https:\/\/gastora.eu\/#organization"},"potentialAction":[{"@type":"SearchAction","target":{"@type":"EntryPoint","urlTemplate":"https:\/\/gastora.eu\/?s={search_term_string}"},"query-input":{"@type":"PropertyValueSpecification","valueRequired":true,"valueName":"search_term_string"}}],"inLanguage":"en-US"},{"@type":"Organization","@id":"https:\/\/gastora.eu\/#organization","name":"Gastora","url":"https:\/\/gastora.eu\/","logo":{"@type":"ImageObject","inLanguage":"en-US","@id":"https:\/\/gastora.eu\/#\/schema\/logo\/image\/","url":"https:\/\/gastora.eu\/wp-content\/uploads\/2025\/12\/ChatGPT-Image-2-janv.-2026-22_52_47-1.png","contentUrl":"https:\/\/gastora.eu\/wp-content\/uploads\/2025\/12\/ChatGPT-Image-2-janv.-2026-22_52_47-1.png","width":1536,"height":320,"caption":"Gastora"},"image":{"@id":"https:\/\/gastora.eu\/#\/schema\/logo\/image\/"}}]}},"jetpack_sharing_enabled":true,"_links":{"self":[{"href":"https:\/\/gastora.eu\/en\/wp-json\/wp\/v2\/product\/13834","targetHints":{"allow":["GET"]}}],"collection":[{"href":"https:\/\/gastora.eu\/en\/wp-json\/wp\/v2\/product"}],"about":[{"href":"https:\/\/gastora.eu\/en\/wp-json\/wp\/v2\/types\/product"}],"wp:featuredmedia":[{"embeddable":true,"href":"https:\/\/gastora.eu\/en\/wp-json\/wp\/v2\/media\/6418"}],"wp:attachment":[{"href":"https:\/\/gastora.eu\/en\/wp-json\/wp\/v2\/media?parent=13834"}],"wp:term":[{"taxonomy":"product_brand","embeddable":true,"href":"https:\/\/gastora.eu\/en\/wp-json\/wp\/v2\/product_brand?post=13834"},{"taxonomy":"product_cat","embeddable":true,"href":"https:\/\/gastora.eu\/en\/wp-json\/wp\/v2\/product_cat?post=13834"},{"taxonomy":"product_tag","embeddable":true,"href":"https:\/\/gastora.eu\/en\/wp-json\/wp\/v2\/product_tag?post=13834"}],"curies":[{"name":"wp","href":"https:\/\/api.w.org\/{rel}","templated":true}]}}