{"id":13833,"date":"2026-04-25T17:30:55","date_gmt":"2026-04-25T17:30:55","guid":{"rendered":"https:\/\/gastora.eu\/?post_type=product&#038;p=13833"},"modified":"2026-04-26T08:29:40","modified_gmt":"2026-04-26T08:29:40","slug":"four-convection-4-plateaux-minuterie-intgre-jusqu-300c","status":"publish","type":"product","link":"https:\/\/gastora.eu\/en\/product\/four-convection-4-plateaux-minuterie-intgre-jusqu-300c\/","title":{"rendered":"Four \u00e0 convection &#8211; 4 plateaux &#8211; minuterie int\u00e9gr\u00e9e &#8211; jusqu&#8217;\u00e0 300\u00b0C"},"content":{"rendered":"<p>Avec un four \u00e0 convection, vous pouvez chauffer, cuire et r\u00f4tir. C&#8217;est pourquoi les fours \u00e0 convection sont parfaits pour pr\u00e9parer de savoureux rago\u00fbts, des tartes et des plats de viande juteux. Gr\u00e2ce \u00e0 l&#8217;air chaud, qui est distribu\u00e9 dans tout le four par les deux ventilateurs, les plats sont cuits uniform\u00e9ment et en profondeur. Comme vous pouvez r\u00e9gler la temp\u00e9rature du four jusqu&#8217;\u00e0 300 \u00b0C, vous pouvez d\u00e9cider de la rapidit\u00e9 ou de la lenteur de la cuisson des plats.<\/p>\n<h3>Distribution efficace de la chaleur<\/h3>\n<p>La chaleur uniform\u00e9ment r\u00e9partie dans ce four \u00e0 convection garantit une temp\u00e9rature constante dans l&#8217;ensemble de l&#8217;appareil. Les t\u00e9moins lumineux indiquent que le four a atteint la bonne temp\u00e9rature. Avec ce four \u00e0 convection professionnel, le temps de cuisson est plus court qu&#8217;avec un four traditionnel. La porte est amovible et dot\u00e9e d&#8217;un double vitrage athermique. L&#8217;utilisation est conviviale, gr\u00e2ce aux boutons analogiques et \u00e0 la minuterie r\u00e9glable entre 0 et 120 minutes. Ce four \u00e0 convection est \u00e9galement \u00e9quip\u00e9 de quatre plateaux de 43,5 x 31,5 cm.<\/p>\n<h3>Fourni avec des pieds en caoutchouc<\/h3>\n<p>Le bo\u00eetier de ce four est en acier inoxydable et la chambre int\u00e9rieure est \u00e9maill\u00e9e. Les quatre pieds en caoutchouc assurent la stabilit\u00e9 de l&#8217;appareil et l&#8217;emp\u00eachent de glisser. Le nettoyage de ce four est \u00e9galement une t\u00e2che facile et rapide. En le nettoyant r\u00e9guli\u00e8rement, vous \u00e9viterez que les r\u00e9sidus de cuisson soient difficiles \u00e0 \u00e9liminer. Laissez d&#8217;abord refroidir le four avant d&#8217;en nettoyer l&#8217;int\u00e9rieur avec un chiffon humide. Vous pouvez \u00e9liminer les r\u00e9sidus tenaces en pla\u00e7ant un bol d&#8217;eau dans le four et en le chauffant \u00e0 200 \u00b0C. Laissez-le refroidir \u00e0 nouveau et laissez les r\u00e9sidus s&#8217;enlever \u00e0 l&#8217;aide d&#8217;un chiffon humide. Laissez-le refroidir \u00e0 nouveau et laissez la vapeur d\u00e9tacher les r\u00e9sidus alimentaires. Vous pouvez ensuite l&#8217;essuyer avec un chiffon propre.<\/p>\n<p><strong>Caract\u00e9ristiques<\/strong><\/p>\n<ul>\n<li>Construction en acier inoxydable avec int\u00e9rieur \u00e9maill\u00e9<\/li>\n<li>Double vitrage athermique<\/li>\n<li>Commande analogique et minuterie<\/li>\n<li>Thermostat r\u00e9glable : 0\u00b0C \u00e0 300\u00b0C<\/li>\n<li>Minuterie r\u00e9glable : 0 \u00e0 120 minutes<\/li>\n<li>Pieds en caoutchouc<\/li>\n<\/ul>\n<p><strong>Caract\u00e9ristiques du produit<\/strong><\/p>\n<ul>\n<li>Poids net : 38 kg<\/li>\n<li>Dimensions : L59,5 x P61,5 x H57cm : L59,5 x P61,5 x H57cm<\/li>\n<li>Y compris 4 plateaux de L43,5 x P31,5cm<\/li>\n<li>230V\/50Hz\/1Phase 2670W<\/li>\n<li>Distance entre les plateaux 70 mm<\/li>\n<\/ul>","protected":false},"excerpt":{"rendered":"<p>Ce magnifique four \u00e0 convection est dot\u00e9 de deux ventilateurs et de quatre plateaux. Il est dot\u00e9 de boutons rotatifs permettant de r\u00e9gler la temp\u00e9rature jusqu&#8217;\u00e0 300\u00baC et d&#8217;une minuterie jusqu&#8217;\u00e0 120 minutes. Ce petit four \u00e0 convection est parfait pour pr\u00e9parer de d\u00e9licieux plats en cocotte, des tartes, du pain, des l\u00e9gumes et des plats de viande juteux.<\/p>","protected":false},"featured_media":6416,"template":"","meta":{"_acf_changed":false},"product_brand":[],"product_cat":[484],"product_tag":[],"class_list":{"0":"post-13833","1":"product","2":"type-product","3":"status-publish","4":"has-post-thumbnail","6":"product_cat-fours-convection-mixtes-pizza-2","8":"first","9":"instock","10":"sale","11":"taxable","12":"shipping-taxable","13":"purchasable","14":"product-type-simple"},"acf":[],"yoast_head":"<!-- This site is optimized with the Yoast SEO plugin v27.4 - https:\/\/yoast.com\/product\/yoast-seo-wordpress\/ -->\n<title>Four \u00e0 convection - 4 plateaux - minuterie int\u00e9gr\u00e9e - jusqu&#039;\u00e0 300\u00b0C - Gastora<\/title>\n<meta name=\"description\" content=\"Achetez Four \u00e0 convection - 4 plateaux - minuterie int\u00e9gr\u00e9e - jusqu&#039;\u00e0 300\u00b0C au meilleur prix, fiable et performant avec une livraison rapide\" \/>\n<meta name=\"robots\" content=\"index, follow, max-snippet:-1, max-image-preview:large, max-video-preview:-1\" \/>\n<link rel=\"canonical\" href=\"https:\/\/gastora.eu\/en\/product\/four-convection-4-plateaux-minuterie-intgre-jusqu-300c\/\" \/>\n<meta property=\"og:locale\" content=\"en_US\" \/>\n<meta property=\"og:type\" content=\"article\" \/>\n<meta property=\"og:title\" content=\"Four \u00e0 convection - 4 plateaux - minuterie int\u00e9gr\u00e9e - jusqu&#039;\u00e0 300\u00b0C - Gastora\" \/>\n<meta property=\"og:description\" content=\"Achetez Four \u00e0 convection - 4 plateaux - minuterie int\u00e9gr\u00e9e - jusqu&#039;\u00e0 300\u00b0C au meilleur prix, fiable et performant avec une livraison rapide\" \/>\n<meta property=\"og:url\" content=\"https:\/\/gastora.eu\/en\/product\/four-convection-4-plateaux-minuterie-intgre-jusqu-300c\/\" \/>\n<meta property=\"og:site_name\" content=\"Gastora\" \/>\n<meta property=\"article:modified_time\" content=\"2026-04-26T08:29:40+00:00\" \/>\n<meta name=\"twitter:card\" content=\"summary_large_image\" \/>\n<meta name=\"twitter:label1\" content=\"Est. reading time\" \/>\n\t<meta name=\"twitter:data1\" content=\"2 minutes\" \/>\n<script type=\"application\/ld+json\" class=\"yoast-schema-graph\">{\"@context\":\"https:\\\/\\\/schema.org\",\"@graph\":[{\"@type\":\"WebPage\",\"@id\":\"https:\\\/\\\/gastora.eu\\\/product\\\/four-convection-4-plateaux-minuterie-intgre-jusqu-300c\\\/\",\"url\":\"https:\\\/\\\/gastora.eu\\\/product\\\/four-convection-4-plateaux-minuterie-intgre-jusqu-300c\\\/\",\"name\":\"Four \u00e0 convection - 4 plateaux - minuterie int\u00e9gr\u00e9e - jusqu'\u00e0 300\u00b0C - Gastora\",\"isPartOf\":{\"@id\":\"https:\\\/\\\/gastora.eu\\\/#website\"},\"primaryImageOfPage\":{\"@id\":\"https:\\\/\\\/gastora.eu\\\/product\\\/four-convection-4-plateaux-minuterie-intgre-jusqu-300c\\\/#primaryimage\"},\"image\":{\"@id\":\"https:\\\/\\\/gastora.eu\\\/product\\\/four-convection-4-plateaux-minuterie-intgre-jusqu-300c\\\/#primaryimage\"},\"thumbnailUrl\":\"https:\\\/\\\/gastora.eu\\\/wp-content\\\/uploads\\\/2026\\\/04\\\/sp-005_1.jpg\",\"datePublished\":\"2026-04-25T17:30:55+00:00\",\"dateModified\":\"2026-04-26T08:29:40+00:00\",\"description\":\"Achetez Four \u00e0 convection - 4 plateaux - minuterie int\u00e9gr\u00e9e - jusqu'\u00e0 300\u00b0C au meilleur prix, fiable et performant avec une livraison rapide\",\"breadcrumb\":{\"@id\":\"https:\\\/\\\/gastora.eu\\\/product\\\/four-convection-4-plateaux-minuterie-intgre-jusqu-300c\\\/#breadcrumb\"},\"inLanguage\":\"en-US\",\"potentialAction\":[{\"@type\":\"ReadAction\",\"target\":[\"https:\\\/\\\/gastora.eu\\\/product\\\/four-convection-4-plateaux-minuterie-intgre-jusqu-300c\\\/\"]}]},{\"@type\":\"ImageObject\",\"inLanguage\":\"en-US\",\"@id\":\"https:\\\/\\\/gastora.eu\\\/product\\\/four-convection-4-plateaux-minuterie-intgre-jusqu-300c\\\/#primaryimage\",\"url\":\"https:\\\/\\\/gastora.eu\\\/wp-content\\\/uploads\\\/2026\\\/04\\\/sp-005_1.jpg\",\"contentUrl\":\"https:\\\/\\\/gastora.eu\\\/wp-content\\\/uploads\\\/2026\\\/04\\\/sp-005_1.jpg\",\"width\":1200,\"height\":1200},{\"@type\":\"BreadcrumbList\",\"@id\":\"https:\\\/\\\/gastora.eu\\\/product\\\/four-convection-4-plateaux-minuterie-intgre-jusqu-300c\\\/#breadcrumb\",\"itemListElement\":[{\"@type\":\"ListItem\",\"position\":1,\"name\":\"Home\",\"item\":\"https:\\\/\\\/gastora.eu\\\/\"},{\"@type\":\"ListItem\",\"position\":2,\"name\":\"Shop\",\"item\":\"https:\\\/\\\/gastora.eu\\\/shop\\\/\"},{\"@type\":\"ListItem\",\"position\":3,\"name\":\"Four \u00e0 convection &#8211; 4 plateaux &#8211; minuterie int\u00e9gr\u00e9e &#8211; jusqu&#8217;\u00e0 300\u00b0C\"}]},{\"@type\":\"WebSite\",\"@id\":\"https:\\\/\\\/gastora.eu\\\/#website\",\"url\":\"https:\\\/\\\/gastora.eu\\\/\",\"name\":\"Gastora\",\"description\":\"\u00c9quipements professionnels CHR\",\"publisher\":{\"@id\":\"https:\\\/\\\/gastora.eu\\\/#organization\"},\"potentialAction\":[{\"@type\":\"SearchAction\",\"target\":{\"@type\":\"EntryPoint\",\"urlTemplate\":\"https:\\\/\\\/gastora.eu\\\/?s={search_term_string}\"},\"query-input\":{\"@type\":\"PropertyValueSpecification\",\"valueRequired\":true,\"valueName\":\"search_term_string\"}}],\"inLanguage\":\"en-US\"},{\"@type\":\"Organization\",\"@id\":\"https:\\\/\\\/gastora.eu\\\/#organization\",\"name\":\"Gastora\",\"url\":\"https:\\\/\\\/gastora.eu\\\/\",\"logo\":{\"@type\":\"ImageObject\",\"inLanguage\":\"en-US\",\"@id\":\"https:\\\/\\\/gastora.eu\\\/#\\\/schema\\\/logo\\\/image\\\/\",\"url\":\"https:\\\/\\\/gastora.eu\\\/wp-content\\\/uploads\\\/2025\\\/12\\\/ChatGPT-Image-2-janv.-2026-22_52_47-1.png\",\"contentUrl\":\"https:\\\/\\\/gastora.eu\\\/wp-content\\\/uploads\\\/2025\\\/12\\\/ChatGPT-Image-2-janv.-2026-22_52_47-1.png\",\"width\":1536,\"height\":320,\"caption\":\"Gastora\"},\"image\":{\"@id\":\"https:\\\/\\\/gastora.eu\\\/#\\\/schema\\\/logo\\\/image\\\/\"}}]}<\/script>\n<!-- \/ Yoast SEO plugin. -->","yoast_head_json":{"title":"Four \u00e0 convection - 4 plateaux - minuterie int\u00e9gr\u00e9e - jusqu'\u00e0 300\u00b0C - Gastora","description":"Achetez Four \u00e0 convection - 4 plateaux - minuterie int\u00e9gr\u00e9e - jusqu'\u00e0 300\u00b0C au meilleur prix, fiable et performant avec une livraison rapide","robots":{"index":"index","follow":"follow","max-snippet":"max-snippet:-1","max-image-preview":"max-image-preview:large","max-video-preview":"max-video-preview:-1"},"canonical":"https:\/\/gastora.eu\/en\/product\/four-convection-4-plateaux-minuterie-intgre-jusqu-300c\/","og_locale":"en_US","og_type":"article","og_title":"Four \u00e0 convection - 4 plateaux - minuterie int\u00e9gr\u00e9e - jusqu'\u00e0 300\u00b0C - Gastora","og_description":"Achetez Four \u00e0 convection - 4 plateaux - minuterie int\u00e9gr\u00e9e - jusqu'\u00e0 300\u00b0C au meilleur prix, fiable et performant avec une livraison rapide","og_url":"https:\/\/gastora.eu\/en\/product\/four-convection-4-plateaux-minuterie-intgre-jusqu-300c\/","og_site_name":"Gastora","article_modified_time":"2026-04-26T08:29:40+00:00","twitter_card":"summary_large_image","twitter_misc":{"Est. reading time":"2 minutes"},"schema":{"@context":"https:\/\/schema.org","@graph":[{"@type":"WebPage","@id":"https:\/\/gastora.eu\/product\/four-convection-4-plateaux-minuterie-intgre-jusqu-300c\/","url":"https:\/\/gastora.eu\/product\/four-convection-4-plateaux-minuterie-intgre-jusqu-300c\/","name":"Four \u00e0 convection - 4 plateaux - minuterie int\u00e9gr\u00e9e - jusqu'\u00e0 300\u00b0C - Gastora","isPartOf":{"@id":"https:\/\/gastora.eu\/#website"},"primaryImageOfPage":{"@id":"https:\/\/gastora.eu\/product\/four-convection-4-plateaux-minuterie-intgre-jusqu-300c\/#primaryimage"},"image":{"@id":"https:\/\/gastora.eu\/product\/four-convection-4-plateaux-minuterie-intgre-jusqu-300c\/#primaryimage"},"thumbnailUrl":"https:\/\/gastora.eu\/wp-content\/uploads\/2026\/04\/sp-005_1.jpg","datePublished":"2026-04-25T17:30:55+00:00","dateModified":"2026-04-26T08:29:40+00:00","description":"Achetez Four \u00e0 convection - 4 plateaux - minuterie int\u00e9gr\u00e9e - jusqu'\u00e0 300\u00b0C au meilleur prix, fiable et performant avec une livraison rapide","breadcrumb":{"@id":"https:\/\/gastora.eu\/product\/four-convection-4-plateaux-minuterie-intgre-jusqu-300c\/#breadcrumb"},"inLanguage":"en-US","potentialAction":[{"@type":"ReadAction","target":["https:\/\/gastora.eu\/product\/four-convection-4-plateaux-minuterie-intgre-jusqu-300c\/"]}]},{"@type":"ImageObject","inLanguage":"en-US","@id":"https:\/\/gastora.eu\/product\/four-convection-4-plateaux-minuterie-intgre-jusqu-300c\/#primaryimage","url":"https:\/\/gastora.eu\/wp-content\/uploads\/2026\/04\/sp-005_1.jpg","contentUrl":"https:\/\/gastora.eu\/wp-content\/uploads\/2026\/04\/sp-005_1.jpg","width":1200,"height":1200},{"@type":"BreadcrumbList","@id":"https:\/\/gastora.eu\/product\/four-convection-4-plateaux-minuterie-intgre-jusqu-300c\/#breadcrumb","itemListElement":[{"@type":"ListItem","position":1,"name":"Home","item":"https:\/\/gastora.eu\/"},{"@type":"ListItem","position":2,"name":"Shop","item":"https:\/\/gastora.eu\/shop\/"},{"@type":"ListItem","position":3,"name":"Four \u00e0 convection &#8211; 4 plateaux &#8211; minuterie int\u00e9gr\u00e9e &#8211; jusqu&#8217;\u00e0 300\u00b0C"}]},{"@type":"WebSite","@id":"https:\/\/gastora.eu\/#website","url":"https:\/\/gastora.eu\/","name":"Gastora","description":"\u00c9quipements professionnels CHR","publisher":{"@id":"https:\/\/gastora.eu\/#organization"},"potentialAction":[{"@type":"SearchAction","target":{"@type":"EntryPoint","urlTemplate":"https:\/\/gastora.eu\/?s={search_term_string}"},"query-input":{"@type":"PropertyValueSpecification","valueRequired":true,"valueName":"search_term_string"}}],"inLanguage":"en-US"},{"@type":"Organization","@id":"https:\/\/gastora.eu\/#organization","name":"Gastora","url":"https:\/\/gastora.eu\/","logo":{"@type":"ImageObject","inLanguage":"en-US","@id":"https:\/\/gastora.eu\/#\/schema\/logo\/image\/","url":"https:\/\/gastora.eu\/wp-content\/uploads\/2025\/12\/ChatGPT-Image-2-janv.-2026-22_52_47-1.png","contentUrl":"https:\/\/gastora.eu\/wp-content\/uploads\/2025\/12\/ChatGPT-Image-2-janv.-2026-22_52_47-1.png","width":1536,"height":320,"caption":"Gastora"},"image":{"@id":"https:\/\/gastora.eu\/#\/schema\/logo\/image\/"}}]}},"jetpack_sharing_enabled":true,"_links":{"self":[{"href":"https:\/\/gastora.eu\/en\/wp-json\/wp\/v2\/product\/13833","targetHints":{"allow":["GET"]}}],"collection":[{"href":"https:\/\/gastora.eu\/en\/wp-json\/wp\/v2\/product"}],"about":[{"href":"https:\/\/gastora.eu\/en\/wp-json\/wp\/v2\/types\/product"}],"wp:featuredmedia":[{"embeddable":true,"href":"https:\/\/gastora.eu\/en\/wp-json\/wp\/v2\/media\/6416"}],"wp:attachment":[{"href":"https:\/\/gastora.eu\/en\/wp-json\/wp\/v2\/media?parent=13833"}],"wp:term":[{"taxonomy":"product_brand","embeddable":true,"href":"https:\/\/gastora.eu\/en\/wp-json\/wp\/v2\/product_brand?post=13833"},{"taxonomy":"product_cat","embeddable":true,"href":"https:\/\/gastora.eu\/en\/wp-json\/wp\/v2\/product_cat?post=13833"},{"taxonomy":"product_tag","embeddable":true,"href":"https:\/\/gastora.eu\/en\/wp-json\/wp\/v2\/product_tag?post=13833"}],"curies":[{"name":"wp","href":"https:\/\/api.w.org\/{rel}","templated":true}]}}