{"id":13832,"date":"2026-04-25T17:30:54","date_gmt":"2026-04-25T17:30:54","guid":{"rendered":"https:\/\/gastora.eu\/?post_type=product&#038;p=13832"},"modified":"2026-04-28T16:55:22","modified_gmt":"2026-04-28T16:55:22","slug":"four-convection-vapeur-4-plateaux-60-x-40-cm-400v","status":"publish","type":"product","link":"https:\/\/gastora.eu\/en\/product\/four-convection-vapeur-4-plateaux-60-x-40-cm-400v\/","title":{"rendered":"Four \u00e0 convection &#8211; vapeur &#8211; 4 plateaux (60 x 40 cm) &#8211; 400V"},"content":{"rendered":"<p>Dans ce four \u00e0 convection professionnel, vous pouvez pr\u00e9parer des plats au four, cuire des g\u00e2teaux et m\u00eame faire cuire du poulet. Gr\u00e2ce \u00e0 l&#8217;air chaud souffl\u00e9 dans le four, les aliments deviennent l\u00e9gers et croustillants. En outre, ce four convient \u00e9galement pour r\u00f4tir les pommes de terre, les l\u00e9gumes et la viande. Pour les plats de viande tendres, en revanche, il convient d&#8217;utiliser une temp\u00e9rature plus basse afin de cuire les plats lentement. La porte \u00e0 double vitrage athermique peut \u00eatre facilement retir\u00e9e pour vous permettre d&#8217;acc\u00e9der \u00e0 vos plats. La chaleur est efficacement r\u00e9partie dans la chambre int\u00e9rieure et le four est \u00e9galement \u00e9quip\u00e9 d&#8217;une fonction vapeur pour cuire les aliments \u00e0 l&#8217;\u00e9touff\u00e9e.<\/p>\n<h3>\u00c9quip\u00e9 de quatre plateaux<\/h3>\n<p>Le four \u00e0 convection est livr\u00e9 avec quatre plateaux de 60 x 40 cm, qui s&#8217;adaptent parfaitement \u00e0 l&#8217;int\u00e9rieur du four. La distance entre les plateaux est de 8 cm. Les boutons analogiques permettent de commander facilement le four. Il dispose \u00e9galement d&#8217;un thermostat pour des temp\u00e9ratures comprises entre 0 et 300\u00baC. Les voyants lumineux indiquent que le four a atteint la bonne temp\u00e9rature. La minuterie r\u00e9glable permet de r\u00e9gler les temps de cuisson entre 0 et 120 minutes. De plus, il s&#8217;agit d&#8217;un mod\u00e8le durable gr\u00e2ce \u00e0 sa construction en acier inoxydable et \u00e0 la chambre int\u00e9rieure \u00e9maill\u00e9e du four.<\/p>\n<h3>Pieds en caoutchouc<\/h3>\n<p>Un nettoyage r\u00e9gulier de ce four \u00e0 convection permet d&#8217;\u00e9liminer facilement les r\u00e9sidus. Avant de commencer le nettoyage, laissez le four refroidir. Nettoyez ensuite l&#8217;int\u00e9rieur \u00e0 l&#8217;aide d&#8217;un chiffon humide. Pour \u00e9liminer les salissures tenaces, rien de plus simple : remplissez un bol d&#8217;eau et mettez-le dans le four \u00e0 environ 200\u00baC. Apr\u00e8s la cuisson \u00e0 la vapeur, utilisez un chiffon humide pour essuyer les parois. Ouvrez \u00e9galement la porte de temps en temps pour la nettoyer correctement. Le four repose sur quatre pieds en caoutchouc pour une meilleure stabilit\u00e9.<\/p>\n<p><strong>Caract\u00e9ristiques<\/strong><\/p>\n<ul>\n<li>Construction en acier inoxydable avec int\u00e9rieur \u00e9maill\u00e9<\/li>\n<li>\u00c9quip\u00e9 de 2 moteurs<\/li>\n<li>Porte facilement amovible<\/li>\n<li>Double vitrage athermique<\/li>\n<li>Commande analogique et minuterie<\/li>\n<li>Indicateurs de temp\u00e9rature<\/li>\n<\/ul>\n<p><strong>Caract\u00e9ristiques du produit<\/strong><\/p>\n<ul>\n<li>Poids net : 70 kg<\/li>\n<li>Dimensions : L83,4 x P79,6 x H57cm L83,4 x P79,6 x H57cm<\/li>\n<li>Distance entre les plateaux : 8cm<\/li>\n<li>Plage de temp\u00e9rature : 0-300\u00b0C<\/li>\n<li>Minuterie : 0 \u00e0 120 minutes<\/li>\n<li>400V \/ 50Hz \/ 3 Phase 6400W<\/li>\n<\/ul>\n<p><em>Inclus<\/em><\/p>\n<ul>\n<li>Quatre plateaux : 60 x 40cm<\/li>\n<\/ul>","protected":false},"excerpt":{"rendered":"<p>Ce puissant four \u00e0 convection est \u00e9quip\u00e9 de boutons pour r\u00e9gler la minuterie et la temp\u00e9rature et poss\u00e8de une fonction vapeur. Le four \u00e0 convection peut accueillir quatre plateaux de 60 x 40 cm avec une distance entre les plateaux de 8 cm. C&#8217;est un four \u00e0 convection parfait pour la cuisson du pain, la pr\u00e9paration de plats au four savoureux ou la pr\u00e9paration de viandes succulentes.<\/p>","protected":false},"featured_media":6414,"template":"","meta":{"_acf_changed":false},"product_brand":[],"product_cat":[484],"product_tag":[],"class_list":{"0":"post-13832","1":"product","2":"type-product","3":"status-publish","4":"has-post-thumbnail","6":"product_cat-fours-convection-mixtes-pizza-2","8":"first","9":"instock","10":"sale","11":"taxable","12":"shipping-taxable","13":"purchasable","14":"product-type-simple"},"acf":[],"yoast_head":"<!-- This site is optimized with the Yoast SEO plugin v27.5 - https:\/\/yoast.com\/product\/yoast-seo-wordpress\/ -->\n<title>Four \u00e0 convection - vapeur - 4 plateaux (60 x 40 cm) - 400V - Gastora<\/title>\n<meta name=\"description\" content=\"Achetez Four \u00e0 convection - vapeur - 4 plateaux (60 x 40 cm) - 400V au meilleur prix, fiable et performant avec une livraison rapide\" \/>\n<meta name=\"robots\" content=\"index, follow, max-snippet:-1, max-image-preview:large, max-video-preview:-1\" \/>\n<link rel=\"canonical\" href=\"https:\/\/gastora.eu\/en\/product\/four-convection-vapeur-4-plateaux-60-x-40-cm-400v\/\" \/>\n<meta property=\"og:locale\" content=\"en_US\" \/>\n<meta property=\"og:type\" content=\"article\" \/>\n<meta property=\"og:title\" content=\"Four \u00e0 convection - vapeur - 4 plateaux (60 x 40 cm) - 400V - Gastora\" \/>\n<meta property=\"og:description\" content=\"Achetez Four \u00e0 convection - vapeur - 4 plateaux (60 x 40 cm) - 400V au meilleur prix, fiable et performant avec une livraison rapide\" \/>\n<meta property=\"og:url\" content=\"https:\/\/gastora.eu\/en\/product\/four-convection-vapeur-4-plateaux-60-x-40-cm-400v\/\" \/>\n<meta property=\"og:site_name\" content=\"Gastora\" \/>\n<meta property=\"article:modified_time\" content=\"2026-04-28T16:55:22+00:00\" \/>\n<meta name=\"twitter:card\" content=\"summary_large_image\" \/>\n<meta name=\"twitter:label1\" content=\"Est. reading time\" \/>\n\t<meta name=\"twitter:data1\" content=\"2 minutes\" \/>\n<script type=\"application\/ld+json\" class=\"yoast-schema-graph\">{\"@context\":\"https:\\\/\\\/schema.org\",\"@graph\":[{\"@type\":\"WebPage\",\"@id\":\"https:\\\/\\\/gastora.eu\\\/product\\\/four-convection-vapeur-4-plateaux-60-x-40-cm-400v\\\/\",\"url\":\"https:\\\/\\\/gastora.eu\\\/product\\\/four-convection-vapeur-4-plateaux-60-x-40-cm-400v\\\/\",\"name\":\"Four \u00e0 convection - vapeur - 4 plateaux (60 x 40 cm) - 400V - Gastora\",\"isPartOf\":{\"@id\":\"https:\\\/\\\/gastora.eu\\\/#website\"},\"primaryImageOfPage\":{\"@id\":\"https:\\\/\\\/gastora.eu\\\/product\\\/four-convection-vapeur-4-plateaux-60-x-40-cm-400v\\\/#primaryimage\"},\"image\":{\"@id\":\"https:\\\/\\\/gastora.eu\\\/product\\\/four-convection-vapeur-4-plateaux-60-x-40-cm-400v\\\/#primaryimage\"},\"thumbnailUrl\":\"https:\\\/\\\/gastora.eu\\\/wp-content\\\/uploads\\\/2026\\\/04\\\/sp-005-61656e68b2750.jpg\",\"datePublished\":\"2026-04-25T17:30:54+00:00\",\"dateModified\":\"2026-04-28T16:55:22+00:00\",\"description\":\"Achetez Four \u00e0 convection - vapeur - 4 plateaux (60 x 40 cm) - 400V au meilleur prix, fiable et performant avec une livraison rapide\",\"breadcrumb\":{\"@id\":\"https:\\\/\\\/gastora.eu\\\/product\\\/four-convection-vapeur-4-plateaux-60-x-40-cm-400v\\\/#breadcrumb\"},\"inLanguage\":\"en-US\",\"potentialAction\":[{\"@type\":\"ReadAction\",\"target\":[\"https:\\\/\\\/gastora.eu\\\/product\\\/four-convection-vapeur-4-plateaux-60-x-40-cm-400v\\\/\"]}]},{\"@type\":\"ImageObject\",\"inLanguage\":\"en-US\",\"@id\":\"https:\\\/\\\/gastora.eu\\\/product\\\/four-convection-vapeur-4-plateaux-60-x-40-cm-400v\\\/#primaryimage\",\"url\":\"https:\\\/\\\/gastora.eu\\\/wp-content\\\/uploads\\\/2026\\\/04\\\/sp-005-61656e68b2750.jpg\",\"contentUrl\":\"https:\\\/\\\/gastora.eu\\\/wp-content\\\/uploads\\\/2026\\\/04\\\/sp-005-61656e68b2750.jpg\",\"width\":2048,\"height\":2048},{\"@type\":\"BreadcrumbList\",\"@id\":\"https:\\\/\\\/gastora.eu\\\/product\\\/four-convection-vapeur-4-plateaux-60-x-40-cm-400v\\\/#breadcrumb\",\"itemListElement\":[{\"@type\":\"ListItem\",\"position\":1,\"name\":\"Home\",\"item\":\"https:\\\/\\\/gastora.eu\\\/\"},{\"@type\":\"ListItem\",\"position\":2,\"name\":\"Shop\",\"item\":\"https:\\\/\\\/gastora.eu\\\/shop\\\/\"},{\"@type\":\"ListItem\",\"position\":3,\"name\":\"Four \u00e0 convection &#8211; vapeur &#8211; 4 plateaux (60 x 40 cm) &#8211; 400V\"}]},{\"@type\":\"WebSite\",\"@id\":\"https:\\\/\\\/gastora.eu\\\/#website\",\"url\":\"https:\\\/\\\/gastora.eu\\\/\",\"name\":\"Gastora\",\"description\":\"\u00c9quipements professionnels CHR\",\"publisher\":{\"@id\":\"https:\\\/\\\/gastora.eu\\\/#organization\"},\"potentialAction\":[{\"@type\":\"SearchAction\",\"target\":{\"@type\":\"EntryPoint\",\"urlTemplate\":\"https:\\\/\\\/gastora.eu\\\/?s={search_term_string}\"},\"query-input\":{\"@type\":\"PropertyValueSpecification\",\"valueRequired\":true,\"valueName\":\"search_term_string\"}}],\"inLanguage\":\"en-US\"},{\"@type\":\"Organization\",\"@id\":\"https:\\\/\\\/gastora.eu\\\/#organization\",\"name\":\"Gastora\",\"url\":\"https:\\\/\\\/gastora.eu\\\/\",\"logo\":{\"@type\":\"ImageObject\",\"inLanguage\":\"en-US\",\"@id\":\"https:\\\/\\\/gastora.eu\\\/#\\\/schema\\\/logo\\\/image\\\/\",\"url\":\"https:\\\/\\\/gastora.eu\\\/wp-content\\\/uploads\\\/2025\\\/12\\\/ChatGPT-Image-2-janv.-2026-22_52_47-1.png\",\"contentUrl\":\"https:\\\/\\\/gastora.eu\\\/wp-content\\\/uploads\\\/2025\\\/12\\\/ChatGPT-Image-2-janv.-2026-22_52_47-1.png\",\"width\":1536,\"height\":320,\"caption\":\"Gastora\"},\"image\":{\"@id\":\"https:\\\/\\\/gastora.eu\\\/#\\\/schema\\\/logo\\\/image\\\/\"}}]}<\/script>\n<!-- \/ Yoast SEO plugin. -->","yoast_head_json":{"title":"Four \u00e0 convection - vapeur - 4 plateaux (60 x 40 cm) - 400V - Gastora","description":"Achetez Four \u00e0 convection - vapeur - 4 plateaux (60 x 40 cm) - 400V au meilleur prix, fiable et performant avec une livraison rapide","robots":{"index":"index","follow":"follow","max-snippet":"max-snippet:-1","max-image-preview":"max-image-preview:large","max-video-preview":"max-video-preview:-1"},"canonical":"https:\/\/gastora.eu\/en\/product\/four-convection-vapeur-4-plateaux-60-x-40-cm-400v\/","og_locale":"en_US","og_type":"article","og_title":"Four \u00e0 convection - vapeur - 4 plateaux (60 x 40 cm) - 400V - Gastora","og_description":"Achetez Four \u00e0 convection - vapeur - 4 plateaux (60 x 40 cm) - 400V au meilleur prix, fiable et performant avec une livraison rapide","og_url":"https:\/\/gastora.eu\/en\/product\/four-convection-vapeur-4-plateaux-60-x-40-cm-400v\/","og_site_name":"Gastora","article_modified_time":"2026-04-28T16:55:22+00:00","twitter_card":"summary_large_image","twitter_misc":{"Est. reading time":"2 minutes"},"schema":{"@context":"https:\/\/schema.org","@graph":[{"@type":"WebPage","@id":"https:\/\/gastora.eu\/product\/four-convection-vapeur-4-plateaux-60-x-40-cm-400v\/","url":"https:\/\/gastora.eu\/product\/four-convection-vapeur-4-plateaux-60-x-40-cm-400v\/","name":"Four \u00e0 convection - vapeur - 4 plateaux (60 x 40 cm) - 400V - Gastora","isPartOf":{"@id":"https:\/\/gastora.eu\/#website"},"primaryImageOfPage":{"@id":"https:\/\/gastora.eu\/product\/four-convection-vapeur-4-plateaux-60-x-40-cm-400v\/#primaryimage"},"image":{"@id":"https:\/\/gastora.eu\/product\/four-convection-vapeur-4-plateaux-60-x-40-cm-400v\/#primaryimage"},"thumbnailUrl":"https:\/\/gastora.eu\/wp-content\/uploads\/2026\/04\/sp-005-61656e68b2750.jpg","datePublished":"2026-04-25T17:30:54+00:00","dateModified":"2026-04-28T16:55:22+00:00","description":"Achetez Four \u00e0 convection - vapeur - 4 plateaux (60 x 40 cm) - 400V au meilleur prix, fiable et performant avec une livraison rapide","breadcrumb":{"@id":"https:\/\/gastora.eu\/product\/four-convection-vapeur-4-plateaux-60-x-40-cm-400v\/#breadcrumb"},"inLanguage":"en-US","potentialAction":[{"@type":"ReadAction","target":["https:\/\/gastora.eu\/product\/four-convection-vapeur-4-plateaux-60-x-40-cm-400v\/"]}]},{"@type":"ImageObject","inLanguage":"en-US","@id":"https:\/\/gastora.eu\/product\/four-convection-vapeur-4-plateaux-60-x-40-cm-400v\/#primaryimage","url":"https:\/\/gastora.eu\/wp-content\/uploads\/2026\/04\/sp-005-61656e68b2750.jpg","contentUrl":"https:\/\/gastora.eu\/wp-content\/uploads\/2026\/04\/sp-005-61656e68b2750.jpg","width":2048,"height":2048},{"@type":"BreadcrumbList","@id":"https:\/\/gastora.eu\/product\/four-convection-vapeur-4-plateaux-60-x-40-cm-400v\/#breadcrumb","itemListElement":[{"@type":"ListItem","position":1,"name":"Home","item":"https:\/\/gastora.eu\/"},{"@type":"ListItem","position":2,"name":"Shop","item":"https:\/\/gastora.eu\/shop\/"},{"@type":"ListItem","position":3,"name":"Four \u00e0 convection &#8211; vapeur &#8211; 4 plateaux (60 x 40 cm) &#8211; 400V"}]},{"@type":"WebSite","@id":"https:\/\/gastora.eu\/#website","url":"https:\/\/gastora.eu\/","name":"Gastora","description":"\u00c9quipements professionnels CHR","publisher":{"@id":"https:\/\/gastora.eu\/#organization"},"potentialAction":[{"@type":"SearchAction","target":{"@type":"EntryPoint","urlTemplate":"https:\/\/gastora.eu\/?s={search_term_string}"},"query-input":{"@type":"PropertyValueSpecification","valueRequired":true,"valueName":"search_term_string"}}],"inLanguage":"en-US"},{"@type":"Organization","@id":"https:\/\/gastora.eu\/#organization","name":"Gastora","url":"https:\/\/gastora.eu\/","logo":{"@type":"ImageObject","inLanguage":"en-US","@id":"https:\/\/gastora.eu\/#\/schema\/logo\/image\/","url":"https:\/\/gastora.eu\/wp-content\/uploads\/2025\/12\/ChatGPT-Image-2-janv.-2026-22_52_47-1.png","contentUrl":"https:\/\/gastora.eu\/wp-content\/uploads\/2025\/12\/ChatGPT-Image-2-janv.-2026-22_52_47-1.png","width":1536,"height":320,"caption":"Gastora"},"image":{"@id":"https:\/\/gastora.eu\/#\/schema\/logo\/image\/"}}]}},"jetpack_sharing_enabled":true,"_links":{"self":[{"href":"https:\/\/gastora.eu\/en\/wp-json\/wp\/v2\/product\/13832","targetHints":{"allow":["GET"]}}],"collection":[{"href":"https:\/\/gastora.eu\/en\/wp-json\/wp\/v2\/product"}],"about":[{"href":"https:\/\/gastora.eu\/en\/wp-json\/wp\/v2\/types\/product"}],"wp:featuredmedia":[{"embeddable":true,"href":"https:\/\/gastora.eu\/en\/wp-json\/wp\/v2\/media\/6414"}],"wp:attachment":[{"href":"https:\/\/gastora.eu\/en\/wp-json\/wp\/v2\/media?parent=13832"}],"wp:term":[{"taxonomy":"product_brand","embeddable":true,"href":"https:\/\/gastora.eu\/en\/wp-json\/wp\/v2\/product_brand?post=13832"},{"taxonomy":"product_cat","embeddable":true,"href":"https:\/\/gastora.eu\/en\/wp-json\/wp\/v2\/product_cat?post=13832"},{"taxonomy":"product_tag","embeddable":true,"href":"https:\/\/gastora.eu\/en\/wp-json\/wp\/v2\/product_tag?post=13832"}],"curies":[{"name":"wp","href":"https:\/\/api.w.org\/{rel}","templated":true}]}}