{"id":13828,"date":"2026-04-25T17:30:50","date_gmt":"2026-04-25T17:30:50","guid":{"rendered":"https:\/\/gastora.eu\/?post_type=product&#038;p=13828"},"modified":"2026-04-28T16:55:22","modified_gmt":"2026-04-28T16:55:22","slug":"trancheur-de-viande-lame-30-cm","status":"publish","type":"product","link":"https:\/\/gastora.eu\/en\/product\/trancheur-de-viande-lame-30-cm\/","title":{"rendered":"Trancheur de viande &#8211; lame \u00d830 cm"},"content":{"rendered":"<p>Trancher la viande \u00e0 la main prend beaucoup de temps. Il est \u00e9galement difficile de couper manuellement des tranches tr\u00e8s fines et droites ayant toutes la m\u00eame \u00e9paisseur. Cette trancheuse \u00e0 viande professionnelle est un atout pour toutes les cuisines de restauration. Gr\u00e2ce \u00e0 la lame en acier inoxydable tremp\u00e9 d&#8217;un diam\u00e8tre de 30 cm, vous pouvez facilement couper des tranches parfaites de viande ou d&#8217;autres produits. La lame livr\u00e9e avec l&#8217;appareil sert uniquement \u00e0 trancher de la viande. Si vous souhaitez trancher d&#8217;autres aliments, nous vous proposons des accessoires suppl\u00e9mentaires tels qu&#8217;une lame t\u00e9flonn\u00e9e pour trancher le fromage et une lame dentel\u00e9e pour couper le pain. Cette trancheuse \u00e0 viande est non seulement polyvalente, mais aussi tr\u00e8s silencieuse, ce qui vous permet de l&#8217;utiliser dans la m\u00eame pi\u00e8ce que celle o\u00f9 vous recevez vos clients.<\/p>\n<h3>Dispositif de broyage inclus<\/h3>\n<p>Chaque type de viande n&#8217;\u00e9tant pas coup\u00e9 \u00e0 la m\u00eame \u00e9paisseur, vous pouvez facilement r\u00e9gler l&#8217;\u00e9paisseur de coupe \u00e0 l&#8217;aide d&#8217;un bouton convivial. Choisissez une \u00e9paisseur comprise entre 1 et 12 mm. Dans toute cuisine professionnelle, la s\u00e9curit\u00e9 est importante. Lors de l&#8217;utilisation de la trancheuse, vous constaterez que vos mains ne s&#8217;approchent jamais de la lame. De plus, le moteur est \u00e9quip\u00e9 d&#8217;une s\u00e9curit\u00e9 int\u00e9gr\u00e9e. En outre, la trancheuse est livr\u00e9e avec un accessoire pour l&#8217;aff\u00fbtage. Une lame bien aff\u00fbt\u00e9e augmente \u00e9galement la s\u00e9curit\u00e9. Apr\u00e8s l&#8217;aff\u00fbtage, la machine \u00e0 d\u00e9couper doit toujours \u00eatre nettoy\u00e9e afin d&#8217;\u00e9viter que de fines particules provenant des pierres d&#8217;aff\u00fbtage ne restent et ne se retrouvent dans les aliments.<\/p>\n<h3>Facile \u00e0 nettoyer<\/h3>\n<p>La trancheuse doit \u00eatre nettoy\u00e9e non seulement apr\u00e8s l&#8217;aff\u00fbtage, mais aussi apr\u00e8s chaque utilisation. La planche \u00e0 d\u00e9couper et la lame \u00e9tant amovibles, vous pouvez facilement les tremper dans de l&#8217;eau savonneuse additionn\u00e9e d&#8217;un peu de d\u00e9tergent. Le bo\u00eetier de la trancheuse \u00e0 viande se nettoie facilement \u00e0 l&#8217;aide d&#8217;une \u00e9ponge humide. Avant de r\u00e9utiliser la trancheuse, rincez tout et laissez s\u00e9cher. La trancheuse est \u00e9galement \u00e9quip\u00e9e de quatre pieds en caoutchouc pour que la machine reste stable et bien en place pendant l&#8217;utilisation.<\/p>\n<p><strong>Caract\u00e9ristiques<\/strong><\/p>\n<ul>\n<li>Construction robuste en aluminium<\/li>\n<li>Lame creuse en acier inoxydable tremp\u00e9<\/li>\n<li>Comprend un accessoire pour l&#8217;aff\u00fbtage<\/li>\n<li>Disposition inclin\u00e9e pour faciliter la coupe<\/li>\n<li>Convient pour le fromage avec la lame en t\u00e9flon en option<\/li>\n<li>Dispositif de s\u00e9curit\u00e9 int\u00e9gr\u00e9 au moteur<\/li>\n<\/ul>\n<p><strong>Caract\u00e9ristiques du produit<\/strong><\/p>\n<ul>\n<li>Poids net : 24,3 kg<\/li>\n<li>Dimensions : 57,6 x 46,6 x 42,6 cm : L57,6 x D46,6 x H42,6cm<\/li>\n<li>Dimensions de la glissi\u00e8re : L20 x P27,5cm<\/li>\n<li>Hauteur de coupe maximale : 21cm<\/li>\n<li>\u00c9paisseur de coupe r\u00e9glable de 1 \u00e0 12 mm<\/li>\n<li>Vitesse de rotation de la lame : 265 RPM<\/li>\n<li>Diam\u00e8tre de la lame : \u00d8 30cm<\/li>\n<li>230V\/50Hz\/1Phase 250W<\/li>\n<\/ul>","protected":false},"excerpt":{"rendered":"<p>Cette trancheuse \u00e0 viande professionnelle est fabriqu\u00e9e en aluminium et en acier inoxydable tremp\u00e9. Le couteau a un diam\u00e8tre de 30 cm et coupe facilement de fines tranches de viande, de fromage, de pain et de l\u00e9gumes. Gr\u00e2ce \u00e0 sa facilit\u00e9 d&#8217;utilisation et \u00e0 sa s\u00e9curit\u00e9, il constitue un compl\u00e9ment pr\u00e9cieux \u00e0 toute cuisine de restauration.<\/p>","protected":false},"featured_media":6406,"template":"","meta":{"_acf_changed":false},"product_brand":[],"product_cat":[482],"product_tag":[],"class_list":{"0":"post-13828","1":"product","2":"type-product","3":"status-publish","4":"has-post-thumbnail","6":"product_cat-trancheuses-2","8":"first","9":"instock","10":"sale","11":"taxable","12":"shipping-taxable","13":"purchasable","14":"product-type-simple"},"acf":[],"yoast_head":"<!-- This site is optimized with the Yoast SEO plugin v27.5 - https:\/\/yoast.com\/product\/yoast-seo-wordpress\/ -->\n<title>Trancheur de viande - lame \u00d830 cm - Gastora<\/title>\n<meta name=\"description\" content=\"Achetez Trancheur de viande - lame \u00d830 cm au meilleur prix, fiable et performant avec une livraison rapide\" \/>\n<meta name=\"robots\" content=\"index, follow, max-snippet:-1, max-image-preview:large, max-video-preview:-1\" \/>\n<link rel=\"canonical\" href=\"https:\/\/gastora.eu\/en\/product\/trancheur-de-viande-lame-30-cm\/\" \/>\n<meta property=\"og:locale\" content=\"en_US\" \/>\n<meta property=\"og:type\" content=\"article\" \/>\n<meta property=\"og:title\" content=\"Trancheur de viande - lame \u00d830 cm - Gastora\" \/>\n<meta property=\"og:description\" content=\"Achetez Trancheur de viande - lame \u00d830 cm au meilleur prix, fiable et performant avec une livraison rapide\" \/>\n<meta property=\"og:url\" content=\"https:\/\/gastora.eu\/en\/product\/trancheur-de-viande-lame-30-cm\/\" \/>\n<meta property=\"og:site_name\" content=\"Gastora\" \/>\n<meta property=\"article:modified_time\" content=\"2026-04-28T16:55:22+00:00\" \/>\n<meta name=\"twitter:card\" content=\"summary_large_image\" \/>\n<meta name=\"twitter:label1\" content=\"Est. reading time\" \/>\n\t<meta name=\"twitter:data1\" content=\"2 minutes\" \/>\n<script type=\"application\/ld+json\" class=\"yoast-schema-graph\">{\"@context\":\"https:\\\/\\\/schema.org\",\"@graph\":[{\"@type\":\"WebPage\",\"@id\":\"https:\\\/\\\/gastora.eu\\\/product\\\/trancheur-de-viande-lame-30-cm\\\/\",\"url\":\"https:\\\/\\\/gastora.eu\\\/product\\\/trancheur-de-viande-lame-30-cm\\\/\",\"name\":\"Trancheur de viande - lame \u00d830 cm - Gastora\",\"isPartOf\":{\"@id\":\"https:\\\/\\\/gastora.eu\\\/#website\"},\"primaryImageOfPage\":{\"@id\":\"https:\\\/\\\/gastora.eu\\\/product\\\/trancheur-de-viande-lame-30-cm\\\/#primaryimage\"},\"image\":{\"@id\":\"https:\\\/\\\/gastora.eu\\\/product\\\/trancheur-de-viande-lame-30-cm\\\/#primaryimage\"},\"thumbnailUrl\":\"https:\\\/\\\/gastora.eu\\\/wp-content\\\/uploads\\\/2026\\\/04\\\/09300500_3765.jpg\",\"datePublished\":\"2026-04-25T17:30:50+00:00\",\"dateModified\":\"2026-04-28T16:55:22+00:00\",\"description\":\"Achetez Trancheur de viande - lame \u00d830 cm au meilleur prix, fiable et performant avec une livraison rapide\",\"breadcrumb\":{\"@id\":\"https:\\\/\\\/gastora.eu\\\/product\\\/trancheur-de-viande-lame-30-cm\\\/#breadcrumb\"},\"inLanguage\":\"en-US\",\"potentialAction\":[{\"@type\":\"ReadAction\",\"target\":[\"https:\\\/\\\/gastora.eu\\\/product\\\/trancheur-de-viande-lame-30-cm\\\/\"]}]},{\"@type\":\"ImageObject\",\"inLanguage\":\"en-US\",\"@id\":\"https:\\\/\\\/gastora.eu\\\/product\\\/trancheur-de-viande-lame-30-cm\\\/#primaryimage\",\"url\":\"https:\\\/\\\/gastora.eu\\\/wp-content\\\/uploads\\\/2026\\\/04\\\/09300500_3765.jpg\",\"contentUrl\":\"https:\\\/\\\/gastora.eu\\\/wp-content\\\/uploads\\\/2026\\\/04\\\/09300500_3765.jpg\",\"width\":1200,\"height\":1200},{\"@type\":\"BreadcrumbList\",\"@id\":\"https:\\\/\\\/gastora.eu\\\/product\\\/trancheur-de-viande-lame-30-cm\\\/#breadcrumb\",\"itemListElement\":[{\"@type\":\"ListItem\",\"position\":1,\"name\":\"Home\",\"item\":\"https:\\\/\\\/gastora.eu\\\/\"},{\"@type\":\"ListItem\",\"position\":2,\"name\":\"Shop\",\"item\":\"https:\\\/\\\/gastora.eu\\\/shop\\\/\"},{\"@type\":\"ListItem\",\"position\":3,\"name\":\"Trancheur de viande &#8211; lame \u00d830 cm\"}]},{\"@type\":\"WebSite\",\"@id\":\"https:\\\/\\\/gastora.eu\\\/#website\",\"url\":\"https:\\\/\\\/gastora.eu\\\/\",\"name\":\"Gastora\",\"description\":\"\u00c9quipements professionnels CHR\",\"publisher\":{\"@id\":\"https:\\\/\\\/gastora.eu\\\/#organization\"},\"potentialAction\":[{\"@type\":\"SearchAction\",\"target\":{\"@type\":\"EntryPoint\",\"urlTemplate\":\"https:\\\/\\\/gastora.eu\\\/?s={search_term_string}\"},\"query-input\":{\"@type\":\"PropertyValueSpecification\",\"valueRequired\":true,\"valueName\":\"search_term_string\"}}],\"inLanguage\":\"en-US\"},{\"@type\":\"Organization\",\"@id\":\"https:\\\/\\\/gastora.eu\\\/#organization\",\"name\":\"Gastora\",\"url\":\"https:\\\/\\\/gastora.eu\\\/\",\"logo\":{\"@type\":\"ImageObject\",\"inLanguage\":\"en-US\",\"@id\":\"https:\\\/\\\/gastora.eu\\\/#\\\/schema\\\/logo\\\/image\\\/\",\"url\":\"https:\\\/\\\/gastora.eu\\\/wp-content\\\/uploads\\\/2025\\\/12\\\/ChatGPT-Image-2-janv.-2026-22_52_47-1.png\",\"contentUrl\":\"https:\\\/\\\/gastora.eu\\\/wp-content\\\/uploads\\\/2025\\\/12\\\/ChatGPT-Image-2-janv.-2026-22_52_47-1.png\",\"width\":1536,\"height\":320,\"caption\":\"Gastora\"},\"image\":{\"@id\":\"https:\\\/\\\/gastora.eu\\\/#\\\/schema\\\/logo\\\/image\\\/\"}}]}<\/script>\n<!-- \/ Yoast SEO plugin. -->","yoast_head_json":{"title":"Trancheur de viande - lame \u00d830 cm - Gastora","description":"Achetez Trancheur de viande - lame \u00d830 cm au meilleur prix, fiable et performant avec une livraison rapide","robots":{"index":"index","follow":"follow","max-snippet":"max-snippet:-1","max-image-preview":"max-image-preview:large","max-video-preview":"max-video-preview:-1"},"canonical":"https:\/\/gastora.eu\/en\/product\/trancheur-de-viande-lame-30-cm\/","og_locale":"en_US","og_type":"article","og_title":"Trancheur de viande - lame \u00d830 cm - Gastora","og_description":"Achetez Trancheur de viande - lame \u00d830 cm au meilleur prix, fiable et performant avec une livraison rapide","og_url":"https:\/\/gastora.eu\/en\/product\/trancheur-de-viande-lame-30-cm\/","og_site_name":"Gastora","article_modified_time":"2026-04-28T16:55:22+00:00","twitter_card":"summary_large_image","twitter_misc":{"Est. reading time":"2 minutes"},"schema":{"@context":"https:\/\/schema.org","@graph":[{"@type":"WebPage","@id":"https:\/\/gastora.eu\/product\/trancheur-de-viande-lame-30-cm\/","url":"https:\/\/gastora.eu\/product\/trancheur-de-viande-lame-30-cm\/","name":"Trancheur de viande - lame \u00d830 cm - Gastora","isPartOf":{"@id":"https:\/\/gastora.eu\/#website"},"primaryImageOfPage":{"@id":"https:\/\/gastora.eu\/product\/trancheur-de-viande-lame-30-cm\/#primaryimage"},"image":{"@id":"https:\/\/gastora.eu\/product\/trancheur-de-viande-lame-30-cm\/#primaryimage"},"thumbnailUrl":"https:\/\/gastora.eu\/wp-content\/uploads\/2026\/04\/09300500_3765.jpg","datePublished":"2026-04-25T17:30:50+00:00","dateModified":"2026-04-28T16:55:22+00:00","description":"Achetez Trancheur de viande - lame \u00d830 cm au meilleur prix, fiable et performant avec une livraison rapide","breadcrumb":{"@id":"https:\/\/gastora.eu\/product\/trancheur-de-viande-lame-30-cm\/#breadcrumb"},"inLanguage":"en-US","potentialAction":[{"@type":"ReadAction","target":["https:\/\/gastora.eu\/product\/trancheur-de-viande-lame-30-cm\/"]}]},{"@type":"ImageObject","inLanguage":"en-US","@id":"https:\/\/gastora.eu\/product\/trancheur-de-viande-lame-30-cm\/#primaryimage","url":"https:\/\/gastora.eu\/wp-content\/uploads\/2026\/04\/09300500_3765.jpg","contentUrl":"https:\/\/gastora.eu\/wp-content\/uploads\/2026\/04\/09300500_3765.jpg","width":1200,"height":1200},{"@type":"BreadcrumbList","@id":"https:\/\/gastora.eu\/product\/trancheur-de-viande-lame-30-cm\/#breadcrumb","itemListElement":[{"@type":"ListItem","position":1,"name":"Home","item":"https:\/\/gastora.eu\/"},{"@type":"ListItem","position":2,"name":"Shop","item":"https:\/\/gastora.eu\/shop\/"},{"@type":"ListItem","position":3,"name":"Trancheur de viande &#8211; lame \u00d830 cm"}]},{"@type":"WebSite","@id":"https:\/\/gastora.eu\/#website","url":"https:\/\/gastora.eu\/","name":"Gastora","description":"\u00c9quipements professionnels CHR","publisher":{"@id":"https:\/\/gastora.eu\/#organization"},"potentialAction":[{"@type":"SearchAction","target":{"@type":"EntryPoint","urlTemplate":"https:\/\/gastora.eu\/?s={search_term_string}"},"query-input":{"@type":"PropertyValueSpecification","valueRequired":true,"valueName":"search_term_string"}}],"inLanguage":"en-US"},{"@type":"Organization","@id":"https:\/\/gastora.eu\/#organization","name":"Gastora","url":"https:\/\/gastora.eu\/","logo":{"@type":"ImageObject","inLanguage":"en-US","@id":"https:\/\/gastora.eu\/#\/schema\/logo\/image\/","url":"https:\/\/gastora.eu\/wp-content\/uploads\/2025\/12\/ChatGPT-Image-2-janv.-2026-22_52_47-1.png","contentUrl":"https:\/\/gastora.eu\/wp-content\/uploads\/2025\/12\/ChatGPT-Image-2-janv.-2026-22_52_47-1.png","width":1536,"height":320,"caption":"Gastora"},"image":{"@id":"https:\/\/gastora.eu\/#\/schema\/logo\/image\/"}}]}},"jetpack_sharing_enabled":true,"_links":{"self":[{"href":"https:\/\/gastora.eu\/en\/wp-json\/wp\/v2\/product\/13828","targetHints":{"allow":["GET"]}}],"collection":[{"href":"https:\/\/gastora.eu\/en\/wp-json\/wp\/v2\/product"}],"about":[{"href":"https:\/\/gastora.eu\/en\/wp-json\/wp\/v2\/types\/product"}],"wp:featuredmedia":[{"embeddable":true,"href":"https:\/\/gastora.eu\/en\/wp-json\/wp\/v2\/media\/6406"}],"wp:attachment":[{"href":"https:\/\/gastora.eu\/en\/wp-json\/wp\/v2\/media?parent=13828"}],"wp:term":[{"taxonomy":"product_brand","embeddable":true,"href":"https:\/\/gastora.eu\/en\/wp-json\/wp\/v2\/product_brand?post=13828"},{"taxonomy":"product_cat","embeddable":true,"href":"https:\/\/gastora.eu\/en\/wp-json\/wp\/v2\/product_cat?post=13828"},{"taxonomy":"product_tag","embeddable":true,"href":"https:\/\/gastora.eu\/en\/wp-json\/wp\/v2\/product_tag?post=13828"}],"curies":[{"name":"wp","href":"https:\/\/api.w.org\/{rel}","templated":true}]}}