{"id":13826,"date":"2026-04-25T17:30:46","date_gmt":"2026-04-25T17:30:46","guid":{"rendered":"https:\/\/gastora.eu\/?post_type=product&#038;p=13826"},"modified":"2026-04-28T16:55:21","modified_gmt":"2026-04-28T16:55:21","slug":"trancheur-de-viande-lame-22-cm","status":"publish","type":"product","link":"https:\/\/gastora.eu\/en\/product\/trancheur-de-viande-lame-22-cm\/","title":{"rendered":"Trancheur de viande &#8211; lame \u00d822 cm"},"content":{"rendered":"<p>Couper des tranches droites et fines est difficile si vous devez le faire \u00e0 la main. Gr\u00e2ce \u00e0 cette trancheuse \u00e0 viande \u00e9lectrique professionnelle, vous pouvez couper non seulement des tranches de viande parfaitement uniformes, mais aussi d&#8217;autres aliments. <span class=\"ui-provider fz b c d e f g h i j k l m n o p q r s t u v w x y z ab ac ae af ag ah ai aj ak\" dir=\"ltr\">La lame fournie avec l&#8217;appareil est con\u00e7ue pour trancher uniquement de la viande. Toutefois, si vous souhaitez trancher d&#8217;autres aliments, nous proposons des accessoires suppl\u00e9mentaires tels qu&#8217;une lame t\u00e9flonn\u00e9e pour trancher le fromage et une lame dentel\u00e9e pour couper le pain.<\/span> La d\u00e9coupe avec cet appareil de cuisine polyvalent se fait en douceur et en silence. La lame en acier inoxydable tremp\u00e9 a un diam\u00e8tre de 22 cm et vous pouvez r\u00e9gler l&#8217;\u00e9paisseur de coupe entre 1 et 12 mm par tranche. Ainsi, les tranches de saucisse, de jambon, de salami ou d&#8217;autres types de viande sont toujours coup\u00e9es \u00e0 la m\u00eame \u00e9paisseur.<\/p>\n<h3>Trancher la viande en toute s\u00e9curit\u00e9<\/h3>\n<p>Cette trancheuse \u00e0 viande robuste permet de trancher tr\u00e8s rapidement, mais aussi en toute s\u00e9curit\u00e9. Gr\u00e2ce \u00e0 sa conception, les mains sont tenues \u00e0 l&#8217;\u00e9cart de la lame. Le moteur est \u00e9galement dot\u00e9 d&#8217;une fonction de s\u00e9curit\u00e9 int\u00e9gr\u00e9e. Gr\u00e2ce \u00e0 la disposition angulaire de la lame, celle-ci coupe rapidement et en douceur. En outre, le cutter est \u00e9quip\u00e9 d&#8217;un dispositif d&#8217;aff\u00fbtage de la lame. L&#8217;aff\u00fbtage r\u00e9gulier de la lame am\u00e9liore \u00e9galement la s\u00e9curit\u00e9 lors de la coupe. En tournant l&#8217;accessoire, la lame passe devant les pierres d&#8217;aff\u00fbtage. Apr\u00e8s l&#8217;aff\u00fbtage, nettoyez bien la trancheuse pour \u00e9viter que les fines particules des pierres d&#8217;aff\u00fbtage ne p\u00e9n\u00e8trent dans les aliments.<\/p>\n<h3>Facile \u00e0 utiliser<\/h3>\n<p>L&#8217;interrupteur marche\/arr\u00eat se trouve sur le c\u00f4t\u00e9 de la trancheuse. Vous pouvez manipuler la poign\u00e9e d&#8217;une seule main afin d&#8217;attraper la viande avec l&#8217;autre main. Pour une bonne hygi\u00e8ne, portez toujours des gants pour couper. Le coupe-viande doit \u00eatre nettoy\u00e9 et d\u00e9sinfect\u00e9 apr\u00e8s chaque utilisation. D\u00e9branchez la planche \u00e0 d\u00e9couper et lavez-la, ainsi que la lame, dans de l&#8217;eau savonneuse additionn\u00e9e d&#8217;un d\u00e9tergent doux. Nettoyez le bo\u00eetier avec une \u00e9ponge humide et du d\u00e9tergent. Rincez ensuite le tout \u00e0 l&#8217;eau et laissez-le s\u00e9cher avant de le r\u00e9utiliser. Gr\u00e2ce aux quatre pieds en caoutchouc, la trancheuse reste bien en place pendant l&#8217;utilisation.<\/p>\n<p><strong>Caract\u00e9ristiques<\/strong><\/p>\n<ul>\n<li>Construction robuste en aluminium<\/li>\n<li>Lame creuse en acier inoxydable tremp\u00e9<\/li>\n<li>Comprend un accessoire pour l&#8217;aff\u00fbtage<\/li>\n<li>Disposition inclin\u00e9e pour faciliter la coupe<\/li>\n<li>Convient pour le fromage avec la lame en t\u00e9flon en option<\/li>\n<li>Dispositif de s\u00e9curit\u00e9 int\u00e9gr\u00e9 au moteur<\/li>\n<\/ul>\n<p><strong>Caract\u00e9ristiques du produit<\/strong><\/p>\n<ul>\n<li>Poids net : 14,1 kg<\/li>\n<li>Dimensions : B47,8 x D40,4 x H35cm B47,8 x D40,4 x H35cm<\/li>\n<li>Dimensions de la glissi\u00e8re : B18 x D23cm<\/li>\n<li>Hauteur de coupe maximale : 17cm<\/li>\n<li>\u00c9paisseur de coupe r\u00e9glable de 1 \u00e0 12 mm<\/li>\n<li>Vitesse de rotation de la lame : 300 RPM<\/li>\n<li>Diam\u00e8tre de la lame : \u00d8 22cm<\/li>\n<li>230V\/50Hz\/1Phase 120W<\/li>\n<\/ul>","protected":false},"excerpt":{"rendered":"<p>Avec cette trancheuse \u00e0 viande professionnelle d&#8217;un diam\u00e8tre de 22 cm, vous pouvez couper des tranches parfaites de viande, de pain ou de fromage. La trancheuse est non seulement s\u00fbre et tr\u00e8s conviviale, mais elle est \u00e9galement tr\u00e8s silencieuse. Elle est id\u00e9ale pour une utilisation dans la cuisine ou \u00e0 l&#8217;avant d&#8217;une boucherie, d&#8217;une boulangerie ou d&#8217;une charcuterie.<\/p>","protected":false},"featured_media":6402,"template":"","meta":{"_acf_changed":false},"product_brand":[],"product_cat":[482],"product_tag":[],"class_list":{"0":"post-13826","1":"product","2":"type-product","3":"status-publish","4":"has-post-thumbnail","6":"product_cat-trancheuses-2","8":"first","9":"instock","10":"sale","11":"taxable","12":"shipping-taxable","13":"purchasable","14":"product-type-simple"},"acf":[],"yoast_head":"<!-- This site is optimized with the Yoast SEO plugin v27.5 - https:\/\/yoast.com\/product\/yoast-seo-wordpress\/ -->\n<title>Trancheur de viande - lame \u00d822 cm - Gastora<\/title>\n<meta name=\"description\" content=\"Achetez Trancheur de viande - lame \u00d822 cm au meilleur prix, fiable et performant avec une livraison rapide\" \/>\n<meta name=\"robots\" content=\"index, follow, max-snippet:-1, max-image-preview:large, max-video-preview:-1\" \/>\n<link rel=\"canonical\" href=\"https:\/\/gastora.eu\/en\/product\/trancheur-de-viande-lame-22-cm\/\" \/>\n<meta property=\"og:locale\" content=\"en_US\" \/>\n<meta property=\"og:type\" content=\"article\" \/>\n<meta property=\"og:title\" content=\"Trancheur de viande - lame \u00d822 cm - Gastora\" \/>\n<meta property=\"og:description\" content=\"Achetez Trancheur de viande - lame \u00d822 cm au meilleur prix, fiable et performant avec une livraison rapide\" \/>\n<meta property=\"og:url\" content=\"https:\/\/gastora.eu\/en\/product\/trancheur-de-viande-lame-22-cm\/\" \/>\n<meta property=\"og:site_name\" content=\"Gastora\" \/>\n<meta property=\"article:modified_time\" content=\"2026-04-28T16:55:21+00:00\" \/>\n<meta name=\"twitter:card\" content=\"summary_large_image\" \/>\n<meta name=\"twitter:label1\" content=\"Est. reading time\" \/>\n\t<meta name=\"twitter:data1\" content=\"2 minutes\" \/>\n<script type=\"application\/ld+json\" class=\"yoast-schema-graph\">{\"@context\":\"https:\\\/\\\/schema.org\",\"@graph\":[{\"@type\":\"WebPage\",\"@id\":\"https:\\\/\\\/gastora.eu\\\/product\\\/trancheur-de-viande-lame-22-cm\\\/\",\"url\":\"https:\\\/\\\/gastora.eu\\\/product\\\/trancheur-de-viande-lame-22-cm\\\/\",\"name\":\"Trancheur de viande - lame \u00d822 cm - Gastora\",\"isPartOf\":{\"@id\":\"https:\\\/\\\/gastora.eu\\\/#website\"},\"primaryImageOfPage\":{\"@id\":\"https:\\\/\\\/gastora.eu\\\/product\\\/trancheur-de-viande-lame-22-cm\\\/#primaryimage\"},\"image\":{\"@id\":\"https:\\\/\\\/gastora.eu\\\/product\\\/trancheur-de-viande-lame-22-cm\\\/#primaryimage\"},\"thumbnailUrl\":\"https:\\\/\\\/gastora.eu\\\/wp-content\\\/uploads\\\/2026\\\/04\\\/09300490_3841.jpg\",\"datePublished\":\"2026-04-25T17:30:46+00:00\",\"dateModified\":\"2026-04-28T16:55:21+00:00\",\"description\":\"Achetez Trancheur de viande - lame \u00d822 cm au meilleur prix, fiable et performant avec une livraison rapide\",\"breadcrumb\":{\"@id\":\"https:\\\/\\\/gastora.eu\\\/product\\\/trancheur-de-viande-lame-22-cm\\\/#breadcrumb\"},\"inLanguage\":\"en-US\",\"potentialAction\":[{\"@type\":\"ReadAction\",\"target\":[\"https:\\\/\\\/gastora.eu\\\/product\\\/trancheur-de-viande-lame-22-cm\\\/\"]}]},{\"@type\":\"ImageObject\",\"inLanguage\":\"en-US\",\"@id\":\"https:\\\/\\\/gastora.eu\\\/product\\\/trancheur-de-viande-lame-22-cm\\\/#primaryimage\",\"url\":\"https:\\\/\\\/gastora.eu\\\/wp-content\\\/uploads\\\/2026\\\/04\\\/09300490_3841.jpg\",\"contentUrl\":\"https:\\\/\\\/gastora.eu\\\/wp-content\\\/uploads\\\/2026\\\/04\\\/09300490_3841.jpg\",\"width\":1200,\"height\":1200},{\"@type\":\"BreadcrumbList\",\"@id\":\"https:\\\/\\\/gastora.eu\\\/product\\\/trancheur-de-viande-lame-22-cm\\\/#breadcrumb\",\"itemListElement\":[{\"@type\":\"ListItem\",\"position\":1,\"name\":\"Home\",\"item\":\"https:\\\/\\\/gastora.eu\\\/\"},{\"@type\":\"ListItem\",\"position\":2,\"name\":\"Shop\",\"item\":\"https:\\\/\\\/gastora.eu\\\/shop\\\/\"},{\"@type\":\"ListItem\",\"position\":3,\"name\":\"Trancheur de viande &#8211; lame \u00d822 cm\"}]},{\"@type\":\"WebSite\",\"@id\":\"https:\\\/\\\/gastora.eu\\\/#website\",\"url\":\"https:\\\/\\\/gastora.eu\\\/\",\"name\":\"Gastora\",\"description\":\"\u00c9quipements professionnels CHR\",\"publisher\":{\"@id\":\"https:\\\/\\\/gastora.eu\\\/#organization\"},\"potentialAction\":[{\"@type\":\"SearchAction\",\"target\":{\"@type\":\"EntryPoint\",\"urlTemplate\":\"https:\\\/\\\/gastora.eu\\\/?s={search_term_string}\"},\"query-input\":{\"@type\":\"PropertyValueSpecification\",\"valueRequired\":true,\"valueName\":\"search_term_string\"}}],\"inLanguage\":\"en-US\"},{\"@type\":\"Organization\",\"@id\":\"https:\\\/\\\/gastora.eu\\\/#organization\",\"name\":\"Gastora\",\"url\":\"https:\\\/\\\/gastora.eu\\\/\",\"logo\":{\"@type\":\"ImageObject\",\"inLanguage\":\"en-US\",\"@id\":\"https:\\\/\\\/gastora.eu\\\/#\\\/schema\\\/logo\\\/image\\\/\",\"url\":\"https:\\\/\\\/gastora.eu\\\/wp-content\\\/uploads\\\/2025\\\/12\\\/ChatGPT-Image-2-janv.-2026-22_52_47-1.png\",\"contentUrl\":\"https:\\\/\\\/gastora.eu\\\/wp-content\\\/uploads\\\/2025\\\/12\\\/ChatGPT-Image-2-janv.-2026-22_52_47-1.png\",\"width\":1536,\"height\":320,\"caption\":\"Gastora\"},\"image\":{\"@id\":\"https:\\\/\\\/gastora.eu\\\/#\\\/schema\\\/logo\\\/image\\\/\"}}]}<\/script>\n<!-- \/ Yoast SEO plugin. -->","yoast_head_json":{"title":"Trancheur de viande - lame \u00d822 cm - Gastora","description":"Achetez Trancheur de viande - lame \u00d822 cm au meilleur prix, fiable et performant avec une livraison rapide","robots":{"index":"index","follow":"follow","max-snippet":"max-snippet:-1","max-image-preview":"max-image-preview:large","max-video-preview":"max-video-preview:-1"},"canonical":"https:\/\/gastora.eu\/en\/product\/trancheur-de-viande-lame-22-cm\/","og_locale":"en_US","og_type":"article","og_title":"Trancheur de viande - lame \u00d822 cm - Gastora","og_description":"Achetez Trancheur de viande - lame \u00d822 cm au meilleur prix, fiable et performant avec une livraison rapide","og_url":"https:\/\/gastora.eu\/en\/product\/trancheur-de-viande-lame-22-cm\/","og_site_name":"Gastora","article_modified_time":"2026-04-28T16:55:21+00:00","twitter_card":"summary_large_image","twitter_misc":{"Est. reading time":"2 minutes"},"schema":{"@context":"https:\/\/schema.org","@graph":[{"@type":"WebPage","@id":"https:\/\/gastora.eu\/product\/trancheur-de-viande-lame-22-cm\/","url":"https:\/\/gastora.eu\/product\/trancheur-de-viande-lame-22-cm\/","name":"Trancheur de viande - lame \u00d822 cm - Gastora","isPartOf":{"@id":"https:\/\/gastora.eu\/#website"},"primaryImageOfPage":{"@id":"https:\/\/gastora.eu\/product\/trancheur-de-viande-lame-22-cm\/#primaryimage"},"image":{"@id":"https:\/\/gastora.eu\/product\/trancheur-de-viande-lame-22-cm\/#primaryimage"},"thumbnailUrl":"https:\/\/gastora.eu\/wp-content\/uploads\/2026\/04\/09300490_3841.jpg","datePublished":"2026-04-25T17:30:46+00:00","dateModified":"2026-04-28T16:55:21+00:00","description":"Achetez Trancheur de viande - lame \u00d822 cm au meilleur prix, fiable et performant avec une livraison rapide","breadcrumb":{"@id":"https:\/\/gastora.eu\/product\/trancheur-de-viande-lame-22-cm\/#breadcrumb"},"inLanguage":"en-US","potentialAction":[{"@type":"ReadAction","target":["https:\/\/gastora.eu\/product\/trancheur-de-viande-lame-22-cm\/"]}]},{"@type":"ImageObject","inLanguage":"en-US","@id":"https:\/\/gastora.eu\/product\/trancheur-de-viande-lame-22-cm\/#primaryimage","url":"https:\/\/gastora.eu\/wp-content\/uploads\/2026\/04\/09300490_3841.jpg","contentUrl":"https:\/\/gastora.eu\/wp-content\/uploads\/2026\/04\/09300490_3841.jpg","width":1200,"height":1200},{"@type":"BreadcrumbList","@id":"https:\/\/gastora.eu\/product\/trancheur-de-viande-lame-22-cm\/#breadcrumb","itemListElement":[{"@type":"ListItem","position":1,"name":"Home","item":"https:\/\/gastora.eu\/"},{"@type":"ListItem","position":2,"name":"Shop","item":"https:\/\/gastora.eu\/shop\/"},{"@type":"ListItem","position":3,"name":"Trancheur de viande &#8211; lame \u00d822 cm"}]},{"@type":"WebSite","@id":"https:\/\/gastora.eu\/#website","url":"https:\/\/gastora.eu\/","name":"Gastora","description":"\u00c9quipements professionnels CHR","publisher":{"@id":"https:\/\/gastora.eu\/#organization"},"potentialAction":[{"@type":"SearchAction","target":{"@type":"EntryPoint","urlTemplate":"https:\/\/gastora.eu\/?s={search_term_string}"},"query-input":{"@type":"PropertyValueSpecification","valueRequired":true,"valueName":"search_term_string"}}],"inLanguage":"en-US"},{"@type":"Organization","@id":"https:\/\/gastora.eu\/#organization","name":"Gastora","url":"https:\/\/gastora.eu\/","logo":{"@type":"ImageObject","inLanguage":"en-US","@id":"https:\/\/gastora.eu\/#\/schema\/logo\/image\/","url":"https:\/\/gastora.eu\/wp-content\/uploads\/2025\/12\/ChatGPT-Image-2-janv.-2026-22_52_47-1.png","contentUrl":"https:\/\/gastora.eu\/wp-content\/uploads\/2025\/12\/ChatGPT-Image-2-janv.-2026-22_52_47-1.png","width":1536,"height":320,"caption":"Gastora"},"image":{"@id":"https:\/\/gastora.eu\/#\/schema\/logo\/image\/"}}]}},"jetpack_sharing_enabled":true,"_links":{"self":[{"href":"https:\/\/gastora.eu\/en\/wp-json\/wp\/v2\/product\/13826","targetHints":{"allow":["GET"]}}],"collection":[{"href":"https:\/\/gastora.eu\/en\/wp-json\/wp\/v2\/product"}],"about":[{"href":"https:\/\/gastora.eu\/en\/wp-json\/wp\/v2\/types\/product"}],"wp:featuredmedia":[{"embeddable":true,"href":"https:\/\/gastora.eu\/en\/wp-json\/wp\/v2\/media\/6402"}],"wp:attachment":[{"href":"https:\/\/gastora.eu\/en\/wp-json\/wp\/v2\/media?parent=13826"}],"wp:term":[{"taxonomy":"product_brand","embeddable":true,"href":"https:\/\/gastora.eu\/en\/wp-json\/wp\/v2\/product_brand?post=13826"},{"taxonomy":"product_cat","embeddable":true,"href":"https:\/\/gastora.eu\/en\/wp-json\/wp\/v2\/product_cat?post=13826"},{"taxonomy":"product_tag","embeddable":true,"href":"https:\/\/gastora.eu\/en\/wp-json\/wp\/v2\/product_tag?post=13826"}],"curies":[{"name":"wp","href":"https:\/\/api.w.org\/{rel}","templated":true}]}}