{"id":13825,"date":"2026-04-25T17:30:45","date_gmt":"2026-04-25T17:30:45","guid":{"rendered":"https:\/\/gastora.eu\/?post_type=product&#038;p=13825"},"modified":"2026-04-27T08:33:31","modified_gmt":"2026-04-27T08:33:31","slug":"presse-hamburger-plaque-de-portionnement-de-13-cm-manuel","status":"publish","type":"product","link":"https:\/\/gastora.eu\/en\/product\/presse-hamburger-plaque-de-portionnement-de-13-cm-manuel\/","title":{"rendered":"Presse \u00e0 hamburger &#8211; plaque de portionnement de 13 cm &#8211; manuel"},"content":{"rendered":"<p>Les hamburgers sont les plus d\u00e9licieux lorsqu&#8217;ils sont faits maison. Pour \u00e9viter que vos hamburgers ne se d\u00e9sagr\u00e8gent ou n&#8217;aient pas une belle forme, utilisez cette presse \u00e0 hamburgers professionnelle. Cette presse permet de pr\u00e9parer des hamburgers d&#8217;un diam\u00e8tre de 13 cm. Comme les ingr\u00e9dients sont press\u00e9s ensemble, vos hamburgers restent fermes, r\u00e9guliers et parfaitement ronds. La quantit\u00e9 d&#8217;ingr\u00e9dients que vous mettez dans la presse \u00e0 hamburger d\u00e9termine l&#8217;\u00e9paisseur de votre hamburger.<\/p>\n<h3>Facile \u00e0 utiliser<\/h3>\n<p>Cette presse \u00e0 hamburger est \u00e9quip\u00e9e d&#8217;un r\u00e9servoir pour la viande hach\u00e9e. Inclinez le cylindre vers vous et placez la viande hach\u00e9e dans le tube de remplissage. En tournant la manivelle, la plaque de pression descend dans le cylindre et vous comprimez la viande hach\u00e9e. Celle-ci ressort par un tuyau de remplissage. D\u00e9placez ensuite la plaque de pression vers la gauche ou la droite et le hamburger est expuls\u00e9 de la presse. Vous pouvez ainsi portionner des hamburgers parfaits rapidement et facilement.<\/p>\n<h3>Feuilles de portionnement incluses<\/h3>\n<p>Ce mod\u00e8le de table pratique et compact est \u00e9quip\u00e9 d&#8217;un levier et fonctionne enti\u00e8rement manuellement. Vous pouvez ainsi utiliser la presse \u00e0 hamburgers partout dans la cuisine. La plaque, la poign\u00e9e et les supports sont en acier inoxydable et faciles \u00e0 nettoyer. Les diff\u00e9rentes parties peuvent \u00eatre nettoy\u00e9es au lave-vaisselle. Veillez \u00e0 ce que toutes les pi\u00e8ces soient s\u00e8ches avant de remonter le presse-hamburgers. Les pieds en caoutchouc assurent une meilleure stabilit\u00e9. La presse \u00e0 hamburger est livr\u00e9e avec 500 feuilles de portions.<\/p>\n<p><strong>Caract\u00e9ristiques<\/strong><\/p>\n<ul>\n<li>Mod\u00e8le manuel de table avec levier<\/li>\n<li>Construction en aluminium anodis\u00e9<\/li>\n<li>Le plateau, le levier et les supports sont en acier inoxydable<\/li>\n<li>\u00c9quip\u00e9 de 500 feuilles de portionnement<\/li>\n<li>Repose sur quatre pieds en caoutchouc<\/li>\n<li>Facile \u00e0 nettoyer<\/li>\n<\/ul>\n<p><strong>Caract\u00e9ristiques du produit<\/strong><\/p>\n<ul>\n<li>Poids net : 6,22 kg<\/li>\n<li>Plaque de portionnement \u00d8 13cm<\/li>\n<li>Dimensions : L21.1 x P28.8 x H27.5cm L21.1 x P28.8 x H27.5cm<\/li>\n<li>Diam\u00e8tre du hamburger : 13cm<\/li>\n<li>Epaisseur du hamburger : 1,2cm<\/li>\n<\/ul>","protected":false},"excerpt":{"rendered":"<p>Avec cette presse \u00e0 hamburger professionnelle, vous pouvez rapidement pr\u00e9parer des hamburgers parfaitement ronds et fermes. Le diam\u00e8tre des hamburgers pr\u00e9par\u00e9s avec cette presse \u00e0 hamburgers est de 13 cm. Il est id\u00e9al pour pr\u00e9parer des hamburgers, des hamburgers de poisson, des hamburgers de l\u00e9gumes et des hamburgers v\u00e9g\u00e9taliens<\/p>","protected":false},"featured_media":6400,"template":"","meta":{"_acf_changed":false},"product_brand":[],"product_cat":[41],"product_tag":[],"class_list":{"0":"post-13825","1":"product","2":"type-product","3":"status-publish","4":"has-post-thumbnail","6":"product_cat-preparation","8":"first","9":"instock","10":"sale","11":"taxable","12":"shipping-taxable","13":"purchasable","14":"product-type-simple"},"acf":[],"yoast_head":"<!-- This site is optimized with the Yoast SEO plugin v27.4 - https:\/\/yoast.com\/product\/yoast-seo-wordpress\/ -->\n<title>Presse \u00e0 hamburger - plaque de portionnement de 13 cm - manuel - Gastora<\/title>\n<meta name=\"description\" content=\"Achetez Presse \u00e0 hamburger - plaque de portionnement de 13 cm - manuel au meilleur prix, fiable et performant avec une livraison rapide\" \/>\n<meta name=\"robots\" content=\"index, follow, max-snippet:-1, max-image-preview:large, max-video-preview:-1\" \/>\n<link rel=\"canonical\" href=\"https:\/\/gastora.eu\/en\/product\/presse-hamburger-plaque-de-portionnement-de-13-cm-manuel\/\" \/>\n<meta property=\"og:locale\" content=\"en_US\" \/>\n<meta property=\"og:type\" content=\"article\" \/>\n<meta property=\"og:title\" content=\"Presse \u00e0 hamburger - plaque de portionnement de 13 cm - manuel - Gastora\" \/>\n<meta property=\"og:description\" content=\"Achetez Presse \u00e0 hamburger - plaque de portionnement de 13 cm - manuel au meilleur prix, fiable et performant avec une livraison rapide\" \/>\n<meta property=\"og:url\" content=\"https:\/\/gastora.eu\/en\/product\/presse-hamburger-plaque-de-portionnement-de-13-cm-manuel\/\" \/>\n<meta property=\"og:site_name\" content=\"Gastora\" \/>\n<meta property=\"article:modified_time\" content=\"2026-04-27T08:33:31+00:00\" \/>\n<meta name=\"twitter:card\" content=\"summary_large_image\" \/>\n<meta name=\"twitter:label1\" content=\"Est. reading time\" \/>\n\t<meta name=\"twitter:data1\" content=\"2 minutes\" \/>\n<script type=\"application\/ld+json\" class=\"yoast-schema-graph\">{\"@context\":\"https:\\\/\\\/schema.org\",\"@graph\":[{\"@type\":\"WebPage\",\"@id\":\"https:\\\/\\\/gastora.eu\\\/product\\\/presse-hamburger-plaque-de-portionnement-de-13-cm-manuel\\\/\",\"url\":\"https:\\\/\\\/gastora.eu\\\/product\\\/presse-hamburger-plaque-de-portionnement-de-13-cm-manuel\\\/\",\"name\":\"Presse \u00e0 hamburger - plaque de portionnement de 13 cm - manuel - Gastora\",\"isPartOf\":{\"@id\":\"https:\\\/\\\/gastora.eu\\\/#website\"},\"primaryImageOfPage\":{\"@id\":\"https:\\\/\\\/gastora.eu\\\/product\\\/presse-hamburger-plaque-de-portionnement-de-13-cm-manuel\\\/#primaryimage\"},\"image\":{\"@id\":\"https:\\\/\\\/gastora.eu\\\/product\\\/presse-hamburger-plaque-de-portionnement-de-13-cm-manuel\\\/#primaryimage\"},\"thumbnailUrl\":\"https:\\\/\\\/gastora.eu\\\/wp-content\\\/uploads\\\/2026\\\/04\\\/sp-005-61656e682feb3.jpg\",\"datePublished\":\"2026-04-25T17:30:45+00:00\",\"dateModified\":\"2026-04-27T08:33:31+00:00\",\"description\":\"Achetez Presse \u00e0 hamburger - plaque de portionnement de 13 cm - manuel au meilleur prix, fiable et performant avec une livraison rapide\",\"breadcrumb\":{\"@id\":\"https:\\\/\\\/gastora.eu\\\/product\\\/presse-hamburger-plaque-de-portionnement-de-13-cm-manuel\\\/#breadcrumb\"},\"inLanguage\":\"en-US\",\"potentialAction\":[{\"@type\":\"ReadAction\",\"target\":[\"https:\\\/\\\/gastora.eu\\\/product\\\/presse-hamburger-plaque-de-portionnement-de-13-cm-manuel\\\/\"]}]},{\"@type\":\"ImageObject\",\"inLanguage\":\"en-US\",\"@id\":\"https:\\\/\\\/gastora.eu\\\/product\\\/presse-hamburger-plaque-de-portionnement-de-13-cm-manuel\\\/#primaryimage\",\"url\":\"https:\\\/\\\/gastora.eu\\\/wp-content\\\/uploads\\\/2026\\\/04\\\/sp-005-61656e682feb3.jpg\",\"contentUrl\":\"https:\\\/\\\/gastora.eu\\\/wp-content\\\/uploads\\\/2026\\\/04\\\/sp-005-61656e682feb3.jpg\",\"width\":1024,\"height\":1024},{\"@type\":\"BreadcrumbList\",\"@id\":\"https:\\\/\\\/gastora.eu\\\/product\\\/presse-hamburger-plaque-de-portionnement-de-13-cm-manuel\\\/#breadcrumb\",\"itemListElement\":[{\"@type\":\"ListItem\",\"position\":1,\"name\":\"Home\",\"item\":\"https:\\\/\\\/gastora.eu\\\/\"},{\"@type\":\"ListItem\",\"position\":2,\"name\":\"Shop\",\"item\":\"https:\\\/\\\/gastora.eu\\\/shop\\\/\"},{\"@type\":\"ListItem\",\"position\":3,\"name\":\"Presse \u00e0 hamburger &#8211; plaque de portionnement de 13 cm &#8211; manuel\"}]},{\"@type\":\"WebSite\",\"@id\":\"https:\\\/\\\/gastora.eu\\\/#website\",\"url\":\"https:\\\/\\\/gastora.eu\\\/\",\"name\":\"Gastora\",\"description\":\"\u00c9quipements professionnels CHR\",\"publisher\":{\"@id\":\"https:\\\/\\\/gastora.eu\\\/#organization\"},\"potentialAction\":[{\"@type\":\"SearchAction\",\"target\":{\"@type\":\"EntryPoint\",\"urlTemplate\":\"https:\\\/\\\/gastora.eu\\\/?s={search_term_string}\"},\"query-input\":{\"@type\":\"PropertyValueSpecification\",\"valueRequired\":true,\"valueName\":\"search_term_string\"}}],\"inLanguage\":\"en-US\"},{\"@type\":\"Organization\",\"@id\":\"https:\\\/\\\/gastora.eu\\\/#organization\",\"name\":\"Gastora\",\"url\":\"https:\\\/\\\/gastora.eu\\\/\",\"logo\":{\"@type\":\"ImageObject\",\"inLanguage\":\"en-US\",\"@id\":\"https:\\\/\\\/gastora.eu\\\/#\\\/schema\\\/logo\\\/image\\\/\",\"url\":\"https:\\\/\\\/gastora.eu\\\/wp-content\\\/uploads\\\/2025\\\/12\\\/ChatGPT-Image-2-janv.-2026-22_52_47-1.png\",\"contentUrl\":\"https:\\\/\\\/gastora.eu\\\/wp-content\\\/uploads\\\/2025\\\/12\\\/ChatGPT-Image-2-janv.-2026-22_52_47-1.png\",\"width\":1536,\"height\":320,\"caption\":\"Gastora\"},\"image\":{\"@id\":\"https:\\\/\\\/gastora.eu\\\/#\\\/schema\\\/logo\\\/image\\\/\"}}]}<\/script>\n<!-- \/ Yoast SEO plugin. -->","yoast_head_json":{"title":"Presse \u00e0 hamburger - plaque de portionnement de 13 cm - manuel - Gastora","description":"Achetez Presse \u00e0 hamburger - plaque de portionnement de 13 cm - manuel au meilleur prix, fiable et performant avec une livraison rapide","robots":{"index":"index","follow":"follow","max-snippet":"max-snippet:-1","max-image-preview":"max-image-preview:large","max-video-preview":"max-video-preview:-1"},"canonical":"https:\/\/gastora.eu\/en\/product\/presse-hamburger-plaque-de-portionnement-de-13-cm-manuel\/","og_locale":"en_US","og_type":"article","og_title":"Presse \u00e0 hamburger - plaque de portionnement de 13 cm - manuel - Gastora","og_description":"Achetez Presse \u00e0 hamburger - plaque de portionnement de 13 cm - manuel au meilleur prix, fiable et performant avec une livraison rapide","og_url":"https:\/\/gastora.eu\/en\/product\/presse-hamburger-plaque-de-portionnement-de-13-cm-manuel\/","og_site_name":"Gastora","article_modified_time":"2026-04-27T08:33:31+00:00","twitter_card":"summary_large_image","twitter_misc":{"Est. reading time":"2 minutes"},"schema":{"@context":"https:\/\/schema.org","@graph":[{"@type":"WebPage","@id":"https:\/\/gastora.eu\/product\/presse-hamburger-plaque-de-portionnement-de-13-cm-manuel\/","url":"https:\/\/gastora.eu\/product\/presse-hamburger-plaque-de-portionnement-de-13-cm-manuel\/","name":"Presse \u00e0 hamburger - plaque de portionnement de 13 cm - manuel - Gastora","isPartOf":{"@id":"https:\/\/gastora.eu\/#website"},"primaryImageOfPage":{"@id":"https:\/\/gastora.eu\/product\/presse-hamburger-plaque-de-portionnement-de-13-cm-manuel\/#primaryimage"},"image":{"@id":"https:\/\/gastora.eu\/product\/presse-hamburger-plaque-de-portionnement-de-13-cm-manuel\/#primaryimage"},"thumbnailUrl":"https:\/\/gastora.eu\/wp-content\/uploads\/2026\/04\/sp-005-61656e682feb3.jpg","datePublished":"2026-04-25T17:30:45+00:00","dateModified":"2026-04-27T08:33:31+00:00","description":"Achetez Presse \u00e0 hamburger - plaque de portionnement de 13 cm - manuel au meilleur prix, fiable et performant avec une livraison rapide","breadcrumb":{"@id":"https:\/\/gastora.eu\/product\/presse-hamburger-plaque-de-portionnement-de-13-cm-manuel\/#breadcrumb"},"inLanguage":"en-US","potentialAction":[{"@type":"ReadAction","target":["https:\/\/gastora.eu\/product\/presse-hamburger-plaque-de-portionnement-de-13-cm-manuel\/"]}]},{"@type":"ImageObject","inLanguage":"en-US","@id":"https:\/\/gastora.eu\/product\/presse-hamburger-plaque-de-portionnement-de-13-cm-manuel\/#primaryimage","url":"https:\/\/gastora.eu\/wp-content\/uploads\/2026\/04\/sp-005-61656e682feb3.jpg","contentUrl":"https:\/\/gastora.eu\/wp-content\/uploads\/2026\/04\/sp-005-61656e682feb3.jpg","width":1024,"height":1024},{"@type":"BreadcrumbList","@id":"https:\/\/gastora.eu\/product\/presse-hamburger-plaque-de-portionnement-de-13-cm-manuel\/#breadcrumb","itemListElement":[{"@type":"ListItem","position":1,"name":"Home","item":"https:\/\/gastora.eu\/"},{"@type":"ListItem","position":2,"name":"Shop","item":"https:\/\/gastora.eu\/shop\/"},{"@type":"ListItem","position":3,"name":"Presse \u00e0 hamburger &#8211; plaque de portionnement de 13 cm &#8211; manuel"}]},{"@type":"WebSite","@id":"https:\/\/gastora.eu\/#website","url":"https:\/\/gastora.eu\/","name":"Gastora","description":"\u00c9quipements professionnels CHR","publisher":{"@id":"https:\/\/gastora.eu\/#organization"},"potentialAction":[{"@type":"SearchAction","target":{"@type":"EntryPoint","urlTemplate":"https:\/\/gastora.eu\/?s={search_term_string}"},"query-input":{"@type":"PropertyValueSpecification","valueRequired":true,"valueName":"search_term_string"}}],"inLanguage":"en-US"},{"@type":"Organization","@id":"https:\/\/gastora.eu\/#organization","name":"Gastora","url":"https:\/\/gastora.eu\/","logo":{"@type":"ImageObject","inLanguage":"en-US","@id":"https:\/\/gastora.eu\/#\/schema\/logo\/image\/","url":"https:\/\/gastora.eu\/wp-content\/uploads\/2025\/12\/ChatGPT-Image-2-janv.-2026-22_52_47-1.png","contentUrl":"https:\/\/gastora.eu\/wp-content\/uploads\/2025\/12\/ChatGPT-Image-2-janv.-2026-22_52_47-1.png","width":1536,"height":320,"caption":"Gastora"},"image":{"@id":"https:\/\/gastora.eu\/#\/schema\/logo\/image\/"}}]}},"jetpack_sharing_enabled":true,"_links":{"self":[{"href":"https:\/\/gastora.eu\/en\/wp-json\/wp\/v2\/product\/13825","targetHints":{"allow":["GET"]}}],"collection":[{"href":"https:\/\/gastora.eu\/en\/wp-json\/wp\/v2\/product"}],"about":[{"href":"https:\/\/gastora.eu\/en\/wp-json\/wp\/v2\/types\/product"}],"wp:featuredmedia":[{"embeddable":true,"href":"https:\/\/gastora.eu\/en\/wp-json\/wp\/v2\/media\/6400"}],"wp:attachment":[{"href":"https:\/\/gastora.eu\/en\/wp-json\/wp\/v2\/media?parent=13825"}],"wp:term":[{"taxonomy":"product_brand","embeddable":true,"href":"https:\/\/gastora.eu\/en\/wp-json\/wp\/v2\/product_brand?post=13825"},{"taxonomy":"product_cat","embeddable":true,"href":"https:\/\/gastora.eu\/en\/wp-json\/wp\/v2\/product_cat?post=13825"},{"taxonomy":"product_tag","embeddable":true,"href":"https:\/\/gastora.eu\/en\/wp-json\/wp\/v2\/product_tag?post=13825"}],"curies":[{"name":"wp","href":"https:\/\/api.w.org\/{rel}","templated":true}]}}