{"id":13823,"date":"2026-04-25T17:30:43","date_gmt":"2026-04-25T17:30:43","guid":{"rendered":"https:\/\/gastora.eu\/?post_type=product&#038;p=13823"},"modified":"2026-05-06T14:31:44","modified_gmt":"2026-05-06T14:31:44","slug":"ptrin-spirale-ptrin-pte-10-l-6-kg-de-pte","status":"publish","type":"product","link":"https:\/\/gastora.eu\/en\/product\/ptrin-spirale-ptrin-pte-10-l-6-kg-de-pte\/","title":{"rendered":"P\u00e9trin \u00e0 spirale \/ p\u00e9trin \u00e0 p\u00e2te &#8211; 10 L &#8211; 6 kg de p\u00e2te"},"content":{"rendered":"<p>Le p\u00e9trissage manuel de la p\u00e2te peut prendre beaucoup de temps et de force. Pour faciliter ce processus, ce p\u00e9trin professionnel permet de p\u00e9trir jusqu&#8217;\u00e0 6 kg de p\u00e2te \u00e0 la fois. Le bol de m\u00e9lange a une capacit\u00e9 de 10 litres et convient \u00e0 la pr\u00e9paration de la p\u00e2te \u00e0 pain et de la p\u00e2te \u00e0 pizza. La quantit\u00e9 maximale de farine est de 4 kg et la quantit\u00e9 maximale de p\u00e2te est de 6 kg. Vous pouvez \u00e9galement pr\u00e9parer une quantit\u00e9 minimale de 2 kg de p\u00e2te. Le crochet p\u00e9trisseur et le bol de mixage tournent s\u00e9par\u00e9ment afin que tous les ingr\u00e9dients soient parfaitement m\u00e9lang\u00e9s.<\/p>\n<h3>\u00c9quip\u00e9 d&#8217;une barre de protection<\/h3>\n<p>Travailler dans une cuisine de restauration doit toujours se faire en toute s\u00e9curit\u00e9. C&#8217;est pourquoi ce mixeur est \u00e9quip\u00e9 d&#8217;un interrupteur de s\u00e9curit\u00e9 qui emp\u00eache le moteur de surchauffer. Vous pouvez \u00e9galement fermer le bol de mixage \u00e0 l&#8217;aide de la cage de s\u00e9curit\u00e9 afin que les mains ou d&#8217;autres objets ne puissent pas s&#8217;introduire entre le crochet rotatif pendant l&#8217;utilisation. Enfin, ce p\u00e9trin est \u00e9quip\u00e9 d&#8217;une protection contre les surcharges afin que le bol de mixage ne soit jamais surcharg\u00e9.<\/p>\n<h3>Design \u00e9l\u00e9gant et durable<\/h3>\n<p>Gr\u00e2ce \u00e0 son bo\u00eetier m\u00e9tallique dot\u00e9 d&#8217;un rev\u00eatement durable, ce p\u00e9trin professionnel reste longtemps brillant et exempt de rayures. Le bol et le crochet sont en acier inoxydable, ce qui les rend tr\u00e8s faciles \u00e0 nettoyer. Utilisez un chiffon humide et un d\u00e9tergent doux pour tout nettoyer en profondeur. Bien que le bol de mixage soit fixe, il reste facile \u00e0 nettoyer gr\u00e2ce \u00e0 sa grande taille. L&#8217;appareil est \u00e9galement dot\u00e9 de quatre pieds en caoutchouc pour une bonne stabilit\u00e9.<\/p>\n<p><strong>Caract\u00e9ristiques :<\/strong><\/p>\n<ul>\n<li>\u00c9quip\u00e9 d&#8217;une cha\u00eene d&#8217;entra\u00eenement et de courroies trap\u00e9zo\u00efdales<\/li>\n<li>Bo\u00eetier m\u00e9tallique avec rev\u00eatement durable<\/li>\n<li>Axe et spirale en acier inoxydable<\/li>\n<li>Protection m\u00e9tallique<\/li>\n<li>Avec interrupteur de s\u00e9curit\u00e9<\/li>\n<li>Repose sur quatre pieds en caoutchouc<\/li>\n<\/ul>\n<p><strong>Caract\u00e9ristiques du produit :<\/strong><\/p>\n<ul>\n<li>Poids net : 58kg<\/li>\n<li>Capacit\u00e9 nette du bol : 10,6l<\/li>\n<li>Dimensions : L30 x P61 x H63cm L30 x P61 x H63cm<\/li>\n<li>Dimensions du bol de m\u00e9lange : \u00f8 27 x H21cm<\/li>\n<li>Vitesse de la spirale : 160RPM<\/li>\n<li>Vitesse du bol m\u00e9langeur : 15RPM<\/li>\n<li>230V\/50Hz\/1Phase 650W<\/li>\n<\/ul>\n<p><strong>Capacit\u00e9 de production :<\/strong><\/p>\n<ul>\n<li>Quantit\u00e9 max. de farine : 4kg<\/li>\n<li>Quantit\u00e9 max. de p\u00e2te : 6kg<\/li>\n<li>Quantit\u00e9 minimale de p\u00e2te : 2kg<\/li>\n<\/ul>\n<p><strong>Remarque : <\/strong>le bol de m\u00e9lange est fixe et ne peut pas \u00eatre retir\u00e9.<\/p>","protected":false},"excerpt":{"rendered":"<p>Ce p\u00e9trin professionnel avec bol de 10 litres permet de p\u00e9trir jusqu&#8217;\u00e0 6 kg de p\u00e2te. Il est dot\u00e9 d&#8217;un panneau de commande facile \u00e0 utiliser et de plusieurs dispositifs de s\u00e9curit\u00e9 tels que des interrupteurs de s\u00e9curit\u00e9 et une grille de protection. Le p\u00e9trin est dot\u00e9 d&#8217;un bo\u00eetier m\u00e9tallique avec rev\u00eatement, d&#8217;un crochet en acier inoxydable et d&#8217;un bol de m\u00e9lange fixe.<\/p>","protected":false},"featured_media":6396,"template":"","meta":{"_acf_changed":false},"product_brand":[],"product_cat":[481],"product_tag":[],"class_list":{"0":"post-13823","1":"product","2":"type-product","3":"status-publish","4":"has-post-thumbnail","6":"product_cat-petrins-2","8":"first","9":"instock","10":"sale","11":"taxable","12":"shipping-taxable","13":"purchasable","14":"product-type-simple"},"acf":[],"yoast_head":"<!-- This site is optimized with the Yoast SEO plugin v27.6 - https:\/\/yoast.com\/product\/yoast-seo-wordpress\/ -->\n<title>P\u00e9trin \u00e0 spirale \/ p\u00e9trin \u00e0 p\u00e2te - 10 L - 6 kg de p\u00e2te - Gastora<\/title>\n<meta name=\"description\" content=\"Achetez P\u00e9trin \u00e0 spirale \/ p\u00e9trin \u00e0 p\u00e2te - 10 L - 6 kg de p\u00e2te au meilleur prix, fiable et performant avec une livraison rapide\" \/>\n<meta name=\"robots\" content=\"index, follow, max-snippet:-1, max-image-preview:large, max-video-preview:-1\" \/>\n<link rel=\"canonical\" href=\"https:\/\/gastora.eu\/en\/product\/ptrin-spirale-ptrin-pte-10-l-6-kg-de-pte\/\" \/>\n<meta property=\"og:locale\" content=\"en_US\" \/>\n<meta property=\"og:type\" content=\"article\" \/>\n<meta property=\"og:title\" content=\"P\u00e9trin \u00e0 spirale \/ p\u00e9trin \u00e0 p\u00e2te - 10 L - 6 kg de p\u00e2te - Gastora\" \/>\n<meta property=\"og:description\" content=\"Achetez P\u00e9trin \u00e0 spirale \/ p\u00e9trin \u00e0 p\u00e2te - 10 L - 6 kg de p\u00e2te au meilleur prix, fiable et performant avec une livraison rapide\" \/>\n<meta property=\"og:url\" content=\"https:\/\/gastora.eu\/en\/product\/ptrin-spirale-ptrin-pte-10-l-6-kg-de-pte\/\" \/>\n<meta property=\"og:site_name\" content=\"Gastora\" \/>\n<meta property=\"article:modified_time\" content=\"2026-05-06T14:31:44+00:00\" \/>\n<meta name=\"twitter:card\" content=\"summary_large_image\" \/>\n<meta name=\"twitter:label1\" content=\"Est. reading time\" \/>\n\t<meta name=\"twitter:data1\" content=\"2 minutes\" \/>\n<script type=\"application\/ld+json\" class=\"yoast-schema-graph\">{\"@context\":\"https:\\\/\\\/schema.org\",\"@graph\":[{\"@type\":\"WebPage\",\"@id\":\"https:\\\/\\\/gastora.eu\\\/product\\\/ptrin-spirale-ptrin-pte-10-l-6-kg-de-pte\\\/\",\"url\":\"https:\\\/\\\/gastora.eu\\\/product\\\/ptrin-spirale-ptrin-pte-10-l-6-kg-de-pte\\\/\",\"name\":\"P\u00e9trin \u00e0 spirale \\\/ p\u00e9trin \u00e0 p\u00e2te - 10 L - 6 kg de p\u00e2te - Gastora\",\"isPartOf\":{\"@id\":\"https:\\\/\\\/gastora.eu\\\/#website\"},\"primaryImageOfPage\":{\"@id\":\"https:\\\/\\\/gastora.eu\\\/product\\\/ptrin-spirale-ptrin-pte-10-l-6-kg-de-pte\\\/#primaryimage\"},\"image\":{\"@id\":\"https:\\\/\\\/gastora.eu\\\/product\\\/ptrin-spirale-ptrin-pte-10-l-6-kg-de-pte\\\/#primaryimage\"},\"thumbnailUrl\":\"https:\\\/\\\/gastora.eu\\\/wp-content\\\/uploads\\\/2026\\\/04\\\/1_msm10_9037.jpg\",\"datePublished\":\"2026-04-25T17:30:43+00:00\",\"dateModified\":\"2026-05-06T14:31:44+00:00\",\"description\":\"Achetez P\u00e9trin \u00e0 spirale \\\/ p\u00e9trin \u00e0 p\u00e2te - 10 L - 6 kg de p\u00e2te au meilleur prix, fiable et performant avec une livraison rapide\",\"breadcrumb\":{\"@id\":\"https:\\\/\\\/gastora.eu\\\/product\\\/ptrin-spirale-ptrin-pte-10-l-6-kg-de-pte\\\/#breadcrumb\"},\"inLanguage\":\"en-US\",\"potentialAction\":[{\"@type\":\"ReadAction\",\"target\":[\"https:\\\/\\\/gastora.eu\\\/product\\\/ptrin-spirale-ptrin-pte-10-l-6-kg-de-pte\\\/\"]}]},{\"@type\":\"ImageObject\",\"inLanguage\":\"en-US\",\"@id\":\"https:\\\/\\\/gastora.eu\\\/product\\\/ptrin-spirale-ptrin-pte-10-l-6-kg-de-pte\\\/#primaryimage\",\"url\":\"https:\\\/\\\/gastora.eu\\\/wp-content\\\/uploads\\\/2026\\\/04\\\/1_msm10_9037.jpg\",\"contentUrl\":\"https:\\\/\\\/gastora.eu\\\/wp-content\\\/uploads\\\/2026\\\/04\\\/1_msm10_9037.jpg\",\"width\":1200,\"height\":1200},{\"@type\":\"BreadcrumbList\",\"@id\":\"https:\\\/\\\/gastora.eu\\\/product\\\/ptrin-spirale-ptrin-pte-10-l-6-kg-de-pte\\\/#breadcrumb\",\"itemListElement\":[{\"@type\":\"ListItem\",\"position\":1,\"name\":\"Home\",\"item\":\"https:\\\/\\\/gastora.eu\\\/\"},{\"@type\":\"ListItem\",\"position\":2,\"name\":\"Shop\",\"item\":\"https:\\\/\\\/gastora.eu\\\/shop\\\/\"},{\"@type\":\"ListItem\",\"position\":3,\"name\":\"P\u00e9trin \u00e0 spirale \\\/ p\u00e9trin \u00e0 p\u00e2te &#8211; 10 L &#8211; 6 kg de p\u00e2te\"}]},{\"@type\":\"WebSite\",\"@id\":\"https:\\\/\\\/gastora.eu\\\/#website\",\"url\":\"https:\\\/\\\/gastora.eu\\\/\",\"name\":\"Gastora\",\"description\":\"\u00c9quipements professionnels CHR\",\"publisher\":{\"@id\":\"https:\\\/\\\/gastora.eu\\\/#organization\"},\"potentialAction\":[{\"@type\":\"SearchAction\",\"target\":{\"@type\":\"EntryPoint\",\"urlTemplate\":\"https:\\\/\\\/gastora.eu\\\/?s={search_term_string}\"},\"query-input\":{\"@type\":\"PropertyValueSpecification\",\"valueRequired\":true,\"valueName\":\"search_term_string\"}}],\"inLanguage\":\"en-US\"},{\"@type\":\"Organization\",\"@id\":\"https:\\\/\\\/gastora.eu\\\/#organization\",\"name\":\"Gastora\",\"url\":\"https:\\\/\\\/gastora.eu\\\/\",\"logo\":{\"@type\":\"ImageObject\",\"inLanguage\":\"en-US\",\"@id\":\"https:\\\/\\\/gastora.eu\\\/#\\\/schema\\\/logo\\\/image\\\/\",\"url\":\"https:\\\/\\\/gastora.eu\\\/wp-content\\\/uploads\\\/2025\\\/12\\\/ChatGPT-Image-2-janv.-2026-22_52_47-1.png\",\"contentUrl\":\"https:\\\/\\\/gastora.eu\\\/wp-content\\\/uploads\\\/2025\\\/12\\\/ChatGPT-Image-2-janv.-2026-22_52_47-1.png\",\"width\":1536,\"height\":320,\"caption\":\"Gastora\"},\"image\":{\"@id\":\"https:\\\/\\\/gastora.eu\\\/#\\\/schema\\\/logo\\\/image\\\/\"}}]}<\/script>\n<!-- \/ Yoast SEO plugin. -->","yoast_head_json":{"title":"P\u00e9trin \u00e0 spirale \/ p\u00e9trin \u00e0 p\u00e2te - 10 L - 6 kg de p\u00e2te - Gastora","description":"Achetez P\u00e9trin \u00e0 spirale \/ p\u00e9trin \u00e0 p\u00e2te - 10 L - 6 kg de p\u00e2te au meilleur prix, fiable et performant avec une livraison rapide","robots":{"index":"index","follow":"follow","max-snippet":"max-snippet:-1","max-image-preview":"max-image-preview:large","max-video-preview":"max-video-preview:-1"},"canonical":"https:\/\/gastora.eu\/en\/product\/ptrin-spirale-ptrin-pte-10-l-6-kg-de-pte\/","og_locale":"en_US","og_type":"article","og_title":"P\u00e9trin \u00e0 spirale \/ p\u00e9trin \u00e0 p\u00e2te - 10 L - 6 kg de p\u00e2te - Gastora","og_description":"Achetez P\u00e9trin \u00e0 spirale \/ p\u00e9trin \u00e0 p\u00e2te - 10 L - 6 kg de p\u00e2te au meilleur prix, fiable et performant avec une livraison rapide","og_url":"https:\/\/gastora.eu\/en\/product\/ptrin-spirale-ptrin-pte-10-l-6-kg-de-pte\/","og_site_name":"Gastora","article_modified_time":"2026-05-06T14:31:44+00:00","twitter_card":"summary_large_image","twitter_misc":{"Est. reading time":"2 minutes"},"schema":{"@context":"https:\/\/schema.org","@graph":[{"@type":"WebPage","@id":"https:\/\/gastora.eu\/product\/ptrin-spirale-ptrin-pte-10-l-6-kg-de-pte\/","url":"https:\/\/gastora.eu\/product\/ptrin-spirale-ptrin-pte-10-l-6-kg-de-pte\/","name":"P\u00e9trin \u00e0 spirale \/ p\u00e9trin \u00e0 p\u00e2te - 10 L - 6 kg de p\u00e2te - Gastora","isPartOf":{"@id":"https:\/\/gastora.eu\/#website"},"primaryImageOfPage":{"@id":"https:\/\/gastora.eu\/product\/ptrin-spirale-ptrin-pte-10-l-6-kg-de-pte\/#primaryimage"},"image":{"@id":"https:\/\/gastora.eu\/product\/ptrin-spirale-ptrin-pte-10-l-6-kg-de-pte\/#primaryimage"},"thumbnailUrl":"https:\/\/gastora.eu\/wp-content\/uploads\/2026\/04\/1_msm10_9037.jpg","datePublished":"2026-04-25T17:30:43+00:00","dateModified":"2026-05-06T14:31:44+00:00","description":"Achetez P\u00e9trin \u00e0 spirale \/ p\u00e9trin \u00e0 p\u00e2te - 10 L - 6 kg de p\u00e2te au meilleur prix, fiable et performant avec une livraison rapide","breadcrumb":{"@id":"https:\/\/gastora.eu\/product\/ptrin-spirale-ptrin-pte-10-l-6-kg-de-pte\/#breadcrumb"},"inLanguage":"en-US","potentialAction":[{"@type":"ReadAction","target":["https:\/\/gastora.eu\/product\/ptrin-spirale-ptrin-pte-10-l-6-kg-de-pte\/"]}]},{"@type":"ImageObject","inLanguage":"en-US","@id":"https:\/\/gastora.eu\/product\/ptrin-spirale-ptrin-pte-10-l-6-kg-de-pte\/#primaryimage","url":"https:\/\/gastora.eu\/wp-content\/uploads\/2026\/04\/1_msm10_9037.jpg","contentUrl":"https:\/\/gastora.eu\/wp-content\/uploads\/2026\/04\/1_msm10_9037.jpg","width":1200,"height":1200},{"@type":"BreadcrumbList","@id":"https:\/\/gastora.eu\/product\/ptrin-spirale-ptrin-pte-10-l-6-kg-de-pte\/#breadcrumb","itemListElement":[{"@type":"ListItem","position":1,"name":"Home","item":"https:\/\/gastora.eu\/"},{"@type":"ListItem","position":2,"name":"Shop","item":"https:\/\/gastora.eu\/shop\/"},{"@type":"ListItem","position":3,"name":"P\u00e9trin \u00e0 spirale \/ p\u00e9trin \u00e0 p\u00e2te &#8211; 10 L &#8211; 6 kg de p\u00e2te"}]},{"@type":"WebSite","@id":"https:\/\/gastora.eu\/#website","url":"https:\/\/gastora.eu\/","name":"Gastora","description":"\u00c9quipements professionnels CHR","publisher":{"@id":"https:\/\/gastora.eu\/#organization"},"potentialAction":[{"@type":"SearchAction","target":{"@type":"EntryPoint","urlTemplate":"https:\/\/gastora.eu\/?s={search_term_string}"},"query-input":{"@type":"PropertyValueSpecification","valueRequired":true,"valueName":"search_term_string"}}],"inLanguage":"en-US"},{"@type":"Organization","@id":"https:\/\/gastora.eu\/#organization","name":"Gastora","url":"https:\/\/gastora.eu\/","logo":{"@type":"ImageObject","inLanguage":"en-US","@id":"https:\/\/gastora.eu\/#\/schema\/logo\/image\/","url":"https:\/\/gastora.eu\/wp-content\/uploads\/2025\/12\/ChatGPT-Image-2-janv.-2026-22_52_47-1.png","contentUrl":"https:\/\/gastora.eu\/wp-content\/uploads\/2025\/12\/ChatGPT-Image-2-janv.-2026-22_52_47-1.png","width":1536,"height":320,"caption":"Gastora"},"image":{"@id":"https:\/\/gastora.eu\/#\/schema\/logo\/image\/"}}]}},"jetpack_sharing_enabled":true,"_links":{"self":[{"href":"https:\/\/gastora.eu\/en\/wp-json\/wp\/v2\/product\/13823","targetHints":{"allow":["GET"]}}],"collection":[{"href":"https:\/\/gastora.eu\/en\/wp-json\/wp\/v2\/product"}],"about":[{"href":"https:\/\/gastora.eu\/en\/wp-json\/wp\/v2\/types\/product"}],"wp:featuredmedia":[{"embeddable":true,"href":"https:\/\/gastora.eu\/en\/wp-json\/wp\/v2\/media\/6396"}],"wp:attachment":[{"href":"https:\/\/gastora.eu\/en\/wp-json\/wp\/v2\/media?parent=13823"}],"wp:term":[{"taxonomy":"product_brand","embeddable":true,"href":"https:\/\/gastora.eu\/en\/wp-json\/wp\/v2\/product_brand?post=13823"},{"taxonomy":"product_cat","embeddable":true,"href":"https:\/\/gastora.eu\/en\/wp-json\/wp\/v2\/product_cat?post=13823"},{"taxonomy":"product_tag","embeddable":true,"href":"https:\/\/gastora.eu\/en\/wp-json\/wp\/v2\/product_tag?post=13823"}],"curies":[{"name":"wp","href":"https:\/\/api.w.org\/{rel}","templated":true}]}}