{"id":13817,"date":"2026-04-25T17:30:35","date_gmt":"2026-04-25T17:30:35","guid":{"rendered":"https:\/\/gastora.eu\/?post_type=product&#038;p=13817"},"modified":"2026-04-26T08:29:26","modified_gmt":"2026-04-26T08:29:26","slug":"grille-pain-convoyeur-150-tranchesh","status":"publish","type":"product","link":"https:\/\/gastora.eu\/en\/product\/grille-pain-convoyeur-150-tranchesh\/","title":{"rendered":"Grille-pain \u00e0 convoyeur &#8211; 150 tranches\/h"},"content":{"rendered":"<p data-start=\"73\" data-end=\"377\">Ce grille-pain \u00e0 convoyeur est fabriqu\u00e9 \u00e0 partir de mat\u00e9riaux durables et pr\u00e9sente un design \u00e9l\u00e9gant. Il peut griller jusqu&#8217;\u00e0 150 tranches de pain par heure, selon le type. Outre le pain, il est \u00e9galement parfait pour griller des brioches et des pistolets. Le pain se d\u00e9place sur le tapis roulant et ressort grill\u00e9 par le bas.<\/p>\n<h3 data-start=\"379\" data-end=\"420\">Vitesse et \u00e9l\u00e9ments chauffants r\u00e9glables<\/h3>\n<p data-start=\"422\" data-end=\"838\">Ce mod\u00e8le est \u00e9quip\u00e9 de deux boutons rotatifs pour un contr\u00f4le ais\u00e9. L&#8217;un d&#8217;eux met le grille-pain en marche et vous permet de choisir entre le chauffage par le haut, le chauffage par le haut et par le bas ou le grillage des pistolets. L&#8217;autre bouton permet de r\u00e9gler le niveau de brunissement. La vitesse est r\u00e9glable de 1 \u00e0 9 rotations par minute. Deux voyants lumineux vous permettent de contr\u00f4ler le grille-pain : un voyant vert signale que l&#8217;appareil est en marche et un voyant rouge indique qu&#8217;il est chaud.<\/p>\n<p data-start=\"840\" data-end=\"1044\">Avant de griller, assurez-vous que tous les accessoires sont bien fix\u00e9s. Mettez l&#8217;appareil en marche, s\u00e9lectionnez votre option de chauffage et r\u00e9glez le degr\u00e9 de brunissement souhait\u00e9. Lorsque le convoyeur d\u00e9marre, placez les tranches de pain une \u00e0 une.<\/p>\n<h3 data-start=\"1046\" data-end=\"1078\">Sens de passage r\u00e9glable<\/h3>\n<p data-start=\"1080\" data-end=\"1350\">Enti\u00e8rement fabriqu\u00e9 en acier inoxydable, ce grille-pain transporteur est solide et durable. Il offre \u00e9galement un sens de passage r\u00e9glable, vous permettant de choisir entre la marche avant et la marche arri\u00e8re. Le plateau ramasse-miettes amovible facilite le nettoyage en recueillant et en \u00e9liminant proprement les miettes.<\/p>\n<h3 data-start=\"1352\" data-end=\"1369\">Facile \u00e0 nettoyer<\/h3>\n<p data-start=\"1371\" data-end=\"1715\">Le nettoyage de ce grille-pain transporteur professionnel est simple et rapide. Tout d&#8217;abord, \u00e9teignez et d\u00e9branchez le grille-pain. Essuyez les surfaces en acier inoxydable avec un chiffon humide et un d\u00e9tergent doux, en \u00e9vitant les mat\u00e9riaux abrasifs qui pourraient provoquer des rayures. Le ramasse-miettes est amovible pour faciliter le nettoyage et garantir que votre grille-pain reste hygi\u00e9nique et en bon \u00e9tat.<\/p>\n<p data-start=\"1717\" data-end=\"1938\">Vous avez besoin d&#8217;un grille-pain fiable pour pr\u00e9parer de grandes quantit\u00e9s de pain dans votre entreprise de restauration ? Commandez ce grille-pain \u00e0 convoyeur d\u00e8s maintenant pour b\u00e9n\u00e9ficier d&#8217;une performance et d&#8217;une commodit\u00e9 optimales ! Vous recherchez un mod\u00e8le de plus grande capacit\u00e9 ? Consultez nos autres mod\u00e8les.<\/p>\n<p><strong>Caract\u00e9ristiques<\/strong><\/p>\n<ul>\n<li>Capacit\u00e9 d&#8217;environ 150 tranches de pain par heure<\/li>\n<li>Machine robuste avec tapis roulant<\/li>\n<li>Bac \u00e0 miettes pour faciliter l&#8217;entretien<\/li>\n<li>Vitesse r\u00e9glable (1-9 rotations par minute)<\/li>\n<li>Deux voyants lumineux pour l&#8217;alimentation et le chauffage<\/li>\n<li>Les petits pains et les pistolets peuvent \u00e9galement \u00eatre grill\u00e9s<\/li>\n<\/ul>\n<p><strong>Caract\u00e9ristiques du produit<\/strong><\/p>\n<ul>\n<li>Poids net : 13 kg<\/li>\n<li>Capacit\u00e9 approximative : 150 tranches de pain par heure<\/li>\n<li>Dimensions de l&#8217;appareil, y compris la plaque de glissement : L32 x P65 x H42cm<\/li>\n<li>Dimensions de l&#8217;ouverture : L17 x P5cm<\/li>\n<li>Largeur de la bande transporteuse : 17 cm<\/li>\n<li>Vitesse de la bande transporteuse : 1-9 RPM<\/li>\n<li>230V\/50Hz\/1Phase 1360 Watt<\/li>\n<\/ul>\n<p><em>Inclus<\/em><\/p>\n<ul>\n<li><em>Plateau \u00e0 miettes<\/em><\/li>\n<li><em>Plaque de glissement<\/em><\/li>\n<li><em>Plaque d&#8217;\u00e9gouttage<\/em><\/li>\n<li><em>Plaque de couverture arri\u00e8re<\/em><\/li>\n<\/ul>","protected":false},"excerpt":{"rendered":"<p>Ce grille-pain convoyeur est un grille-pain professionnel au design \u00e9pur\u00e9. Il peut griller environ 150 tranches de pain par heure et convient \u00e9galement pour griller des pistolets ou des petits pains. Vous pouvez r\u00e9gler la vitesse de rotation et s\u00e9lectionner la position de chauffage : chauffage sup\u00e9rieur et\/ou inf\u00e9rieur.<\/p>","protected":false},"featured_media":6384,"template":"","meta":{"_acf_changed":false},"product_brand":[],"product_cat":[16],"product_tag":[],"class_list":{"0":"post-13817","1":"product","2":"type-product","3":"status-publish","4":"has-post-thumbnail","6":"product_cat-cuisson","8":"first","9":"instock","10":"sale","11":"taxable","12":"shipping-taxable","13":"purchasable","14":"product-type-simple"},"acf":[],"yoast_head":"<!-- This site is optimized with the Yoast SEO plugin v27.4 - https:\/\/yoast.com\/product\/yoast-seo-wordpress\/ -->\n<title>Grille-pain \u00e0 convoyeur - 150 tranches\/h - Gastora<\/title>\n<meta name=\"description\" content=\"Achetez Grille-pain \u00e0 convoyeur - 150 tranches\/h au meilleur prix, fiable et performant avec une livraison rapide\" \/>\n<meta name=\"robots\" content=\"index, follow, max-snippet:-1, max-image-preview:large, max-video-preview:-1\" \/>\n<link rel=\"canonical\" href=\"https:\/\/gastora.eu\/en\/product\/grille-pain-convoyeur-150-tranchesh\/\" \/>\n<meta property=\"og:locale\" content=\"en_US\" \/>\n<meta property=\"og:type\" content=\"article\" \/>\n<meta property=\"og:title\" content=\"Grille-pain \u00e0 convoyeur - 150 tranches\/h - Gastora\" \/>\n<meta property=\"og:description\" content=\"Achetez Grille-pain \u00e0 convoyeur - 150 tranches\/h au meilleur prix, fiable et performant avec une livraison rapide\" \/>\n<meta property=\"og:url\" content=\"https:\/\/gastora.eu\/en\/product\/grille-pain-convoyeur-150-tranchesh\/\" \/>\n<meta property=\"og:site_name\" content=\"Gastora\" \/>\n<meta property=\"article:modified_time\" content=\"2026-04-26T08:29:26+00:00\" \/>\n<meta name=\"twitter:card\" content=\"summary_large_image\" \/>\n<meta name=\"twitter:label1\" content=\"Est. reading time\" \/>\n\t<meta name=\"twitter:data1\" content=\"2 minutes\" \/>\n<script type=\"application\/ld+json\" class=\"yoast-schema-graph\">{\"@context\":\"https:\\\/\\\/schema.org\",\"@graph\":[{\"@type\":\"WebPage\",\"@id\":\"https:\\\/\\\/gastora.eu\\\/product\\\/grille-pain-convoyeur-150-tranchesh\\\/\",\"url\":\"https:\\\/\\\/gastora.eu\\\/product\\\/grille-pain-convoyeur-150-tranchesh\\\/\",\"name\":\"Grille-pain \u00e0 convoyeur - 150 tranches\\\/h - Gastora\",\"isPartOf\":{\"@id\":\"https:\\\/\\\/gastora.eu\\\/#website\"},\"primaryImageOfPage\":{\"@id\":\"https:\\\/\\\/gastora.eu\\\/product\\\/grille-pain-convoyeur-150-tranchesh\\\/#primaryimage\"},\"image\":{\"@id\":\"https:\\\/\\\/gastora.eu\\\/product\\\/grille-pain-convoyeur-150-tranchesh\\\/#primaryimage\"},\"thumbnailUrl\":\"https:\\\/\\\/gastora.eu\\\/wp-content\\\/uploads\\\/2026\\\/04\\\/250610_09300055_img_001.jpg\",\"datePublished\":\"2026-04-25T17:30:35+00:00\",\"dateModified\":\"2026-04-26T08:29:26+00:00\",\"description\":\"Achetez Grille-pain \u00e0 convoyeur - 150 tranches\\\/h au meilleur prix, fiable et performant avec une livraison rapide\",\"breadcrumb\":{\"@id\":\"https:\\\/\\\/gastora.eu\\\/product\\\/grille-pain-convoyeur-150-tranchesh\\\/#breadcrumb\"},\"inLanguage\":\"en-US\",\"potentialAction\":[{\"@type\":\"ReadAction\",\"target\":[\"https:\\\/\\\/gastora.eu\\\/product\\\/grille-pain-convoyeur-150-tranchesh\\\/\"]}]},{\"@type\":\"ImageObject\",\"inLanguage\":\"en-US\",\"@id\":\"https:\\\/\\\/gastora.eu\\\/product\\\/grille-pain-convoyeur-150-tranchesh\\\/#primaryimage\",\"url\":\"https:\\\/\\\/gastora.eu\\\/wp-content\\\/uploads\\\/2026\\\/04\\\/250610_09300055_img_001.jpg\",\"contentUrl\":\"https:\\\/\\\/gastora.eu\\\/wp-content\\\/uploads\\\/2026\\\/04\\\/250610_09300055_img_001.jpg\",\"width\":1200,\"height\":1200},{\"@type\":\"BreadcrumbList\",\"@id\":\"https:\\\/\\\/gastora.eu\\\/product\\\/grille-pain-convoyeur-150-tranchesh\\\/#breadcrumb\",\"itemListElement\":[{\"@type\":\"ListItem\",\"position\":1,\"name\":\"Home\",\"item\":\"https:\\\/\\\/gastora.eu\\\/\"},{\"@type\":\"ListItem\",\"position\":2,\"name\":\"Shop\",\"item\":\"https:\\\/\\\/gastora.eu\\\/shop\\\/\"},{\"@type\":\"ListItem\",\"position\":3,\"name\":\"Grille-pain \u00e0 convoyeur &#8211; 150 tranches\\\/h\"}]},{\"@type\":\"WebSite\",\"@id\":\"https:\\\/\\\/gastora.eu\\\/#website\",\"url\":\"https:\\\/\\\/gastora.eu\\\/\",\"name\":\"Gastora\",\"description\":\"\u00c9quipements professionnels CHR\",\"publisher\":{\"@id\":\"https:\\\/\\\/gastora.eu\\\/#organization\"},\"potentialAction\":[{\"@type\":\"SearchAction\",\"target\":{\"@type\":\"EntryPoint\",\"urlTemplate\":\"https:\\\/\\\/gastora.eu\\\/?s={search_term_string}\"},\"query-input\":{\"@type\":\"PropertyValueSpecification\",\"valueRequired\":true,\"valueName\":\"search_term_string\"}}],\"inLanguage\":\"en-US\"},{\"@type\":\"Organization\",\"@id\":\"https:\\\/\\\/gastora.eu\\\/#organization\",\"name\":\"Gastora\",\"url\":\"https:\\\/\\\/gastora.eu\\\/\",\"logo\":{\"@type\":\"ImageObject\",\"inLanguage\":\"en-US\",\"@id\":\"https:\\\/\\\/gastora.eu\\\/#\\\/schema\\\/logo\\\/image\\\/\",\"url\":\"https:\\\/\\\/gastora.eu\\\/wp-content\\\/uploads\\\/2025\\\/12\\\/ChatGPT-Image-2-janv.-2026-22_52_47-1.png\",\"contentUrl\":\"https:\\\/\\\/gastora.eu\\\/wp-content\\\/uploads\\\/2025\\\/12\\\/ChatGPT-Image-2-janv.-2026-22_52_47-1.png\",\"width\":1536,\"height\":320,\"caption\":\"Gastora\"},\"image\":{\"@id\":\"https:\\\/\\\/gastora.eu\\\/#\\\/schema\\\/logo\\\/image\\\/\"}}]}<\/script>\n<!-- \/ Yoast SEO plugin. -->","yoast_head_json":{"title":"Grille-pain \u00e0 convoyeur - 150 tranches\/h - Gastora","description":"Achetez Grille-pain \u00e0 convoyeur - 150 tranches\/h au meilleur prix, fiable et performant avec une livraison rapide","robots":{"index":"index","follow":"follow","max-snippet":"max-snippet:-1","max-image-preview":"max-image-preview:large","max-video-preview":"max-video-preview:-1"},"canonical":"https:\/\/gastora.eu\/en\/product\/grille-pain-convoyeur-150-tranchesh\/","og_locale":"en_US","og_type":"article","og_title":"Grille-pain \u00e0 convoyeur - 150 tranches\/h - Gastora","og_description":"Achetez Grille-pain \u00e0 convoyeur - 150 tranches\/h au meilleur prix, fiable et performant avec une livraison rapide","og_url":"https:\/\/gastora.eu\/en\/product\/grille-pain-convoyeur-150-tranchesh\/","og_site_name":"Gastora","article_modified_time":"2026-04-26T08:29:26+00:00","twitter_card":"summary_large_image","twitter_misc":{"Est. reading time":"2 minutes"},"schema":{"@context":"https:\/\/schema.org","@graph":[{"@type":"WebPage","@id":"https:\/\/gastora.eu\/product\/grille-pain-convoyeur-150-tranchesh\/","url":"https:\/\/gastora.eu\/product\/grille-pain-convoyeur-150-tranchesh\/","name":"Grille-pain \u00e0 convoyeur - 150 tranches\/h - Gastora","isPartOf":{"@id":"https:\/\/gastora.eu\/#website"},"primaryImageOfPage":{"@id":"https:\/\/gastora.eu\/product\/grille-pain-convoyeur-150-tranchesh\/#primaryimage"},"image":{"@id":"https:\/\/gastora.eu\/product\/grille-pain-convoyeur-150-tranchesh\/#primaryimage"},"thumbnailUrl":"https:\/\/gastora.eu\/wp-content\/uploads\/2026\/04\/250610_09300055_img_001.jpg","datePublished":"2026-04-25T17:30:35+00:00","dateModified":"2026-04-26T08:29:26+00:00","description":"Achetez Grille-pain \u00e0 convoyeur - 150 tranches\/h au meilleur prix, fiable et performant avec une livraison rapide","breadcrumb":{"@id":"https:\/\/gastora.eu\/product\/grille-pain-convoyeur-150-tranchesh\/#breadcrumb"},"inLanguage":"en-US","potentialAction":[{"@type":"ReadAction","target":["https:\/\/gastora.eu\/product\/grille-pain-convoyeur-150-tranchesh\/"]}]},{"@type":"ImageObject","inLanguage":"en-US","@id":"https:\/\/gastora.eu\/product\/grille-pain-convoyeur-150-tranchesh\/#primaryimage","url":"https:\/\/gastora.eu\/wp-content\/uploads\/2026\/04\/250610_09300055_img_001.jpg","contentUrl":"https:\/\/gastora.eu\/wp-content\/uploads\/2026\/04\/250610_09300055_img_001.jpg","width":1200,"height":1200},{"@type":"BreadcrumbList","@id":"https:\/\/gastora.eu\/product\/grille-pain-convoyeur-150-tranchesh\/#breadcrumb","itemListElement":[{"@type":"ListItem","position":1,"name":"Home","item":"https:\/\/gastora.eu\/"},{"@type":"ListItem","position":2,"name":"Shop","item":"https:\/\/gastora.eu\/shop\/"},{"@type":"ListItem","position":3,"name":"Grille-pain \u00e0 convoyeur &#8211; 150 tranches\/h"}]},{"@type":"WebSite","@id":"https:\/\/gastora.eu\/#website","url":"https:\/\/gastora.eu\/","name":"Gastora","description":"\u00c9quipements professionnels CHR","publisher":{"@id":"https:\/\/gastora.eu\/#organization"},"potentialAction":[{"@type":"SearchAction","target":{"@type":"EntryPoint","urlTemplate":"https:\/\/gastora.eu\/?s={search_term_string}"},"query-input":{"@type":"PropertyValueSpecification","valueRequired":true,"valueName":"search_term_string"}}],"inLanguage":"en-US"},{"@type":"Organization","@id":"https:\/\/gastora.eu\/#organization","name":"Gastora","url":"https:\/\/gastora.eu\/","logo":{"@type":"ImageObject","inLanguage":"en-US","@id":"https:\/\/gastora.eu\/#\/schema\/logo\/image\/","url":"https:\/\/gastora.eu\/wp-content\/uploads\/2025\/12\/ChatGPT-Image-2-janv.-2026-22_52_47-1.png","contentUrl":"https:\/\/gastora.eu\/wp-content\/uploads\/2025\/12\/ChatGPT-Image-2-janv.-2026-22_52_47-1.png","width":1536,"height":320,"caption":"Gastora"},"image":{"@id":"https:\/\/gastora.eu\/#\/schema\/logo\/image\/"}}]}},"jetpack_sharing_enabled":true,"_links":{"self":[{"href":"https:\/\/gastora.eu\/en\/wp-json\/wp\/v2\/product\/13817","targetHints":{"allow":["GET"]}}],"collection":[{"href":"https:\/\/gastora.eu\/en\/wp-json\/wp\/v2\/product"}],"about":[{"href":"https:\/\/gastora.eu\/en\/wp-json\/wp\/v2\/types\/product"}],"wp:featuredmedia":[{"embeddable":true,"href":"https:\/\/gastora.eu\/en\/wp-json\/wp\/v2\/media\/6384"}],"wp:attachment":[{"href":"https:\/\/gastora.eu\/en\/wp-json\/wp\/v2\/media?parent=13817"}],"wp:term":[{"taxonomy":"product_brand","embeddable":true,"href":"https:\/\/gastora.eu\/en\/wp-json\/wp\/v2\/product_brand?post=13817"},{"taxonomy":"product_cat","embeddable":true,"href":"https:\/\/gastora.eu\/en\/wp-json\/wp\/v2\/product_cat?post=13817"},{"taxonomy":"product_tag","embeddable":true,"href":"https:\/\/gastora.eu\/en\/wp-json\/wp\/v2\/product_tag?post=13817"}],"curies":[{"name":"wp","href":"https:\/\/api.w.org\/{rel}","templated":true}]}}