{"id":13816,"date":"2026-04-25T17:30:34","date_gmt":"2026-04-25T17:30:34","guid":{"rendered":"https:\/\/gastora.eu\/?post_type=product&#038;p=13816"},"modified":"2026-04-28T16:55:20","modified_gmt":"2026-04-28T16:55:20","slug":"grille-pain-6-tranches-de-pain","status":"publish","type":"product","link":"https:\/\/gastora.eu\/en\/product\/grille-pain-6-tranches-de-pain\/","title":{"rendered":"Grille-pain &#8211; 6 tranches de pain"},"content":{"rendered":"<p>Un grille-pain de haute qualit\u00e9 est essentiel dans toute cuisine professionnelle. Ce mod\u00e8le de style r\u00e9tro allie l&#8217;esth\u00e9tique \u00e0 la puissance et \u00e0 la fonctionnalit\u00e9. Son bo\u00eetier en acier inoxydable, sa minuterie r\u00e9glable et sa poign\u00e9e de levage pratique le rendent parfait pour une utilisation intensive dans le secteur de la restauration. Il peut \u00e9galement \u00eatre utilis\u00e9 en libre-service pour permettre aux clients de griller rapidement leurs sandwichs.<\/p>\n<h3>Des performances puissantes pour les besoins de la restauration<\/h3>\n<p>Avec une puissance de 2570 watts, ce grille-pain offre les performances requises dans une cuisine occup\u00e9e. Placez le pain dans la fente et appuyez dessus \u00e0 l&#8217;aide du levier de levage. Le voyant rouge indique que le grille-pain est en marche et la minuterie pr\u00e9cise assure un niveau de brunissement parfait. Un bouton de commande vous permet de choisir d&#8217;activer toutes les fentes ou seulement certaines d&#8217;entre elles. Lorsque le toast est pr\u00eat, soulevez le levier pour le retirer rapidement.<\/p>\n<h3>Facile \u00e0 nettoyer et \u00e0 entretenir<\/h3>\n<p>Un bon entretien est essentiel pour maintenir votre grille-pain en parfait \u00e9tat. Le plateau ramasse-miettes amovible permet un nettoyage simple et rapide. Apr\u00e8s utilisation, laissez le grille-pain refroidir, retirez le tiroir ramasse-miettes et lavez-le \u00e0 l&#8217;eau ti\u00e8de avec un d\u00e9tergent doux. Essuyez l&#8217;ext\u00e9rieur avec un chiffon humide pour le garder impeccable. Le bo\u00eetier en acier inoxydable est facile \u00e0 nettoyer et doit \u00eatre s\u00e9ch\u00e9 apr\u00e8s l&#8217;avoir essuy\u00e9 pour \u00e9viter les traces. Quatre pieds en caoutchouc assurent la stabilit\u00e9 du grille-pain et \u00e9vitent qu&#8217;il ne glisse pendant l&#8217;utilisation.<\/p>\n<p>Avec sa capacit\u00e9 \u00e0 griller deux, quatre ou six tranches \u00e0 la fois, ce grille-pain est un compl\u00e9ment indispensable \u00e0 toute cuisine professionnelle. Commandez d\u00e8s maintenant pour profiter de l&#8217;\u00e9quilibre parfait entre style, performance et facilit\u00e9 d&#8217;utilisation !<\/p>\n<h4>Caract\u00e9ristiques<\/h4>\n<ul>\n<li>Grille 2, 4 ou 6 tranches \u00e0 la fois<\/li>\n<li>Design r\u00e9tro avec poign\u00e9e de levage pratique<\/li>\n<li>Plateau \u00e0 miettes amovible pour un nettoyage facile<\/li>\n<li>Minuterie r\u00e9glable (1-5 minutes)<\/li>\n<li>Voyant rouge indiquant l&#8217;\u00e9tat de chauffe<\/li>\n<\/ul>\n<p><strong>Caract\u00e9ristiques du produit<\/strong><\/p>\n<ul>\n<li>Poids net : 5,5 kg<\/li>\n<li>Capacit\u00e9 : 2, 4 ou 6 tranches \u00e0 la fois<\/li>\n<li>Dimensions de la machine : L43 x P25 x H22cm<\/li>\n<li>Dimensions de la fente : B14,5 x D1.7cm<\/li>\n<li>230V\/50Hz\/1Phase 2570W<\/li>\n<\/ul>\n<p><em>Inclus<\/em><\/p>\n<ul>\n<li><em>Tiroir \u00e0 miettes<\/em><\/li>\n<\/ul>","protected":false},"excerpt":{"rendered":"<p>Ce grille-pain professionnel au superbe design r\u00e9tro grille les sandwichs les plus croustillants. Il peut griller 2, 4 ou 6 tranches en m\u00eame temps, et convient donc aussi bien aux petites qu&#8217;aux grandes portions de pain grill\u00e9. Il est dot\u00e9 d&#8217;un bac \u00e0 miettes pratique pour recueillir les miettes de pain et d&#8217;une minuterie pratique.<\/p>","protected":false},"featured_media":6382,"template":"","meta":{"_acf_changed":false},"product_brand":[],"product_cat":[16],"product_tag":[],"class_list":{"0":"post-13816","1":"product","2":"type-product","3":"status-publish","4":"has-post-thumbnail","6":"product_cat-cuisson","8":"first","9":"instock","10":"sale","11":"taxable","12":"shipping-taxable","13":"purchasable","14":"product-type-simple"},"acf":[],"yoast_head":"<!-- This site is optimized with the Yoast SEO plugin v27.5 - https:\/\/yoast.com\/product\/yoast-seo-wordpress\/ -->\n<title>Grille-pain - 6 tranches de pain - Gastora<\/title>\n<meta name=\"description\" content=\"Achetez Grille-pain - 6 tranches de pain au meilleur prix, fiable et performant avec une livraison rapide\" \/>\n<meta name=\"robots\" content=\"index, follow, max-snippet:-1, max-image-preview:large, max-video-preview:-1\" \/>\n<link rel=\"canonical\" href=\"https:\/\/gastora.eu\/en\/product\/grille-pain-6-tranches-de-pain\/\" \/>\n<meta property=\"og:locale\" content=\"en_US\" \/>\n<meta property=\"og:type\" content=\"article\" \/>\n<meta property=\"og:title\" content=\"Grille-pain - 6 tranches de pain - Gastora\" \/>\n<meta property=\"og:description\" content=\"Achetez Grille-pain - 6 tranches de pain au meilleur prix, fiable et performant avec une livraison rapide\" \/>\n<meta property=\"og:url\" content=\"https:\/\/gastora.eu\/en\/product\/grille-pain-6-tranches-de-pain\/\" \/>\n<meta property=\"og:site_name\" content=\"Gastora\" \/>\n<meta property=\"article:modified_time\" content=\"2026-04-28T16:55:20+00:00\" \/>\n<meta name=\"twitter:card\" content=\"summary_large_image\" \/>\n<meta name=\"twitter:label1\" content=\"Est. reading time\" \/>\n\t<meta name=\"twitter:data1\" content=\"2 minutes\" \/>\n<script type=\"application\/ld+json\" class=\"yoast-schema-graph\">{\"@context\":\"https:\\\/\\\/schema.org\",\"@graph\":[{\"@type\":\"WebPage\",\"@id\":\"https:\\\/\\\/gastora.eu\\\/product\\\/grille-pain-6-tranches-de-pain\\\/\",\"url\":\"https:\\\/\\\/gastora.eu\\\/product\\\/grille-pain-6-tranches-de-pain\\\/\",\"name\":\"Grille-pain - 6 tranches de pain - Gastora\",\"isPartOf\":{\"@id\":\"https:\\\/\\\/gastora.eu\\\/#website\"},\"primaryImageOfPage\":{\"@id\":\"https:\\\/\\\/gastora.eu\\\/product\\\/grille-pain-6-tranches-de-pain\\\/#primaryimage\"},\"image\":{\"@id\":\"https:\\\/\\\/gastora.eu\\\/product\\\/grille-pain-6-tranches-de-pain\\\/#primaryimage\"},\"thumbnailUrl\":\"https:\\\/\\\/gastora.eu\\\/wp-content\\\/uploads\\\/2026\\\/04\\\/250606_09300050_img_084.jpg\",\"datePublished\":\"2026-04-25T17:30:34+00:00\",\"dateModified\":\"2026-04-28T16:55:20+00:00\",\"description\":\"Achetez Grille-pain - 6 tranches de pain au meilleur prix, fiable et performant avec une livraison rapide\",\"breadcrumb\":{\"@id\":\"https:\\\/\\\/gastora.eu\\\/product\\\/grille-pain-6-tranches-de-pain\\\/#breadcrumb\"},\"inLanguage\":\"en-US\",\"potentialAction\":[{\"@type\":\"ReadAction\",\"target\":[\"https:\\\/\\\/gastora.eu\\\/product\\\/grille-pain-6-tranches-de-pain\\\/\"]}]},{\"@type\":\"ImageObject\",\"inLanguage\":\"en-US\",\"@id\":\"https:\\\/\\\/gastora.eu\\\/product\\\/grille-pain-6-tranches-de-pain\\\/#primaryimage\",\"url\":\"https:\\\/\\\/gastora.eu\\\/wp-content\\\/uploads\\\/2026\\\/04\\\/250606_09300050_img_084.jpg\",\"contentUrl\":\"https:\\\/\\\/gastora.eu\\\/wp-content\\\/uploads\\\/2026\\\/04\\\/250606_09300050_img_084.jpg\",\"width\":1200,\"height\":1200},{\"@type\":\"BreadcrumbList\",\"@id\":\"https:\\\/\\\/gastora.eu\\\/product\\\/grille-pain-6-tranches-de-pain\\\/#breadcrumb\",\"itemListElement\":[{\"@type\":\"ListItem\",\"position\":1,\"name\":\"Home\",\"item\":\"https:\\\/\\\/gastora.eu\\\/\"},{\"@type\":\"ListItem\",\"position\":2,\"name\":\"Shop\",\"item\":\"https:\\\/\\\/gastora.eu\\\/shop\\\/\"},{\"@type\":\"ListItem\",\"position\":3,\"name\":\"Grille-pain &#8211; 6 tranches de pain\"}]},{\"@type\":\"WebSite\",\"@id\":\"https:\\\/\\\/gastora.eu\\\/#website\",\"url\":\"https:\\\/\\\/gastora.eu\\\/\",\"name\":\"Gastora\",\"description\":\"\u00c9quipements professionnels CHR\",\"publisher\":{\"@id\":\"https:\\\/\\\/gastora.eu\\\/#organization\"},\"potentialAction\":[{\"@type\":\"SearchAction\",\"target\":{\"@type\":\"EntryPoint\",\"urlTemplate\":\"https:\\\/\\\/gastora.eu\\\/?s={search_term_string}\"},\"query-input\":{\"@type\":\"PropertyValueSpecification\",\"valueRequired\":true,\"valueName\":\"search_term_string\"}}],\"inLanguage\":\"en-US\"},{\"@type\":\"Organization\",\"@id\":\"https:\\\/\\\/gastora.eu\\\/#organization\",\"name\":\"Gastora\",\"url\":\"https:\\\/\\\/gastora.eu\\\/\",\"logo\":{\"@type\":\"ImageObject\",\"inLanguage\":\"en-US\",\"@id\":\"https:\\\/\\\/gastora.eu\\\/#\\\/schema\\\/logo\\\/image\\\/\",\"url\":\"https:\\\/\\\/gastora.eu\\\/wp-content\\\/uploads\\\/2025\\\/12\\\/ChatGPT-Image-2-janv.-2026-22_52_47-1.png\",\"contentUrl\":\"https:\\\/\\\/gastora.eu\\\/wp-content\\\/uploads\\\/2025\\\/12\\\/ChatGPT-Image-2-janv.-2026-22_52_47-1.png\",\"width\":1536,\"height\":320,\"caption\":\"Gastora\"},\"image\":{\"@id\":\"https:\\\/\\\/gastora.eu\\\/#\\\/schema\\\/logo\\\/image\\\/\"}}]}<\/script>\n<!-- \/ Yoast SEO plugin. -->","yoast_head_json":{"title":"Grille-pain - 6 tranches de pain - Gastora","description":"Achetez Grille-pain - 6 tranches de pain au meilleur prix, fiable et performant avec une livraison rapide","robots":{"index":"index","follow":"follow","max-snippet":"max-snippet:-1","max-image-preview":"max-image-preview:large","max-video-preview":"max-video-preview:-1"},"canonical":"https:\/\/gastora.eu\/en\/product\/grille-pain-6-tranches-de-pain\/","og_locale":"en_US","og_type":"article","og_title":"Grille-pain - 6 tranches de pain - Gastora","og_description":"Achetez Grille-pain - 6 tranches de pain au meilleur prix, fiable et performant avec une livraison rapide","og_url":"https:\/\/gastora.eu\/en\/product\/grille-pain-6-tranches-de-pain\/","og_site_name":"Gastora","article_modified_time":"2026-04-28T16:55:20+00:00","twitter_card":"summary_large_image","twitter_misc":{"Est. reading time":"2 minutes"},"schema":{"@context":"https:\/\/schema.org","@graph":[{"@type":"WebPage","@id":"https:\/\/gastora.eu\/product\/grille-pain-6-tranches-de-pain\/","url":"https:\/\/gastora.eu\/product\/grille-pain-6-tranches-de-pain\/","name":"Grille-pain - 6 tranches de pain - Gastora","isPartOf":{"@id":"https:\/\/gastora.eu\/#website"},"primaryImageOfPage":{"@id":"https:\/\/gastora.eu\/product\/grille-pain-6-tranches-de-pain\/#primaryimage"},"image":{"@id":"https:\/\/gastora.eu\/product\/grille-pain-6-tranches-de-pain\/#primaryimage"},"thumbnailUrl":"https:\/\/gastora.eu\/wp-content\/uploads\/2026\/04\/250606_09300050_img_084.jpg","datePublished":"2026-04-25T17:30:34+00:00","dateModified":"2026-04-28T16:55:20+00:00","description":"Achetez Grille-pain - 6 tranches de pain au meilleur prix, fiable et performant avec une livraison rapide","breadcrumb":{"@id":"https:\/\/gastora.eu\/product\/grille-pain-6-tranches-de-pain\/#breadcrumb"},"inLanguage":"en-US","potentialAction":[{"@type":"ReadAction","target":["https:\/\/gastora.eu\/product\/grille-pain-6-tranches-de-pain\/"]}]},{"@type":"ImageObject","inLanguage":"en-US","@id":"https:\/\/gastora.eu\/product\/grille-pain-6-tranches-de-pain\/#primaryimage","url":"https:\/\/gastora.eu\/wp-content\/uploads\/2026\/04\/250606_09300050_img_084.jpg","contentUrl":"https:\/\/gastora.eu\/wp-content\/uploads\/2026\/04\/250606_09300050_img_084.jpg","width":1200,"height":1200},{"@type":"BreadcrumbList","@id":"https:\/\/gastora.eu\/product\/grille-pain-6-tranches-de-pain\/#breadcrumb","itemListElement":[{"@type":"ListItem","position":1,"name":"Home","item":"https:\/\/gastora.eu\/"},{"@type":"ListItem","position":2,"name":"Shop","item":"https:\/\/gastora.eu\/shop\/"},{"@type":"ListItem","position":3,"name":"Grille-pain &#8211; 6 tranches de pain"}]},{"@type":"WebSite","@id":"https:\/\/gastora.eu\/#website","url":"https:\/\/gastora.eu\/","name":"Gastora","description":"\u00c9quipements professionnels CHR","publisher":{"@id":"https:\/\/gastora.eu\/#organization"},"potentialAction":[{"@type":"SearchAction","target":{"@type":"EntryPoint","urlTemplate":"https:\/\/gastora.eu\/?s={search_term_string}"},"query-input":{"@type":"PropertyValueSpecification","valueRequired":true,"valueName":"search_term_string"}}],"inLanguage":"en-US"},{"@type":"Organization","@id":"https:\/\/gastora.eu\/#organization","name":"Gastora","url":"https:\/\/gastora.eu\/","logo":{"@type":"ImageObject","inLanguage":"en-US","@id":"https:\/\/gastora.eu\/#\/schema\/logo\/image\/","url":"https:\/\/gastora.eu\/wp-content\/uploads\/2025\/12\/ChatGPT-Image-2-janv.-2026-22_52_47-1.png","contentUrl":"https:\/\/gastora.eu\/wp-content\/uploads\/2025\/12\/ChatGPT-Image-2-janv.-2026-22_52_47-1.png","width":1536,"height":320,"caption":"Gastora"},"image":{"@id":"https:\/\/gastora.eu\/#\/schema\/logo\/image\/"}}]}},"jetpack_sharing_enabled":true,"_links":{"self":[{"href":"https:\/\/gastora.eu\/en\/wp-json\/wp\/v2\/product\/13816","targetHints":{"allow":["GET"]}}],"collection":[{"href":"https:\/\/gastora.eu\/en\/wp-json\/wp\/v2\/product"}],"about":[{"href":"https:\/\/gastora.eu\/en\/wp-json\/wp\/v2\/types\/product"}],"wp:featuredmedia":[{"embeddable":true,"href":"https:\/\/gastora.eu\/en\/wp-json\/wp\/v2\/media\/6382"}],"wp:attachment":[{"href":"https:\/\/gastora.eu\/en\/wp-json\/wp\/v2\/media?parent=13816"}],"wp:term":[{"taxonomy":"product_brand","embeddable":true,"href":"https:\/\/gastora.eu\/en\/wp-json\/wp\/v2\/product_brand?post=13816"},{"taxonomy":"product_cat","embeddable":true,"href":"https:\/\/gastora.eu\/en\/wp-json\/wp\/v2\/product_cat?post=13816"},{"taxonomy":"product_tag","embeddable":true,"href":"https:\/\/gastora.eu\/en\/wp-json\/wp\/v2\/product_tag?post=13816"}],"curies":[{"name":"wp","href":"https:\/\/api.w.org\/{rel}","templated":true}]}}