{"id":13815,"date":"2026-04-25T17:30:33","date_gmt":"2026-04-25T17:30:33","guid":{"rendered":"https:\/\/gastora.eu\/?post_type=product&#038;p=13815"},"modified":"2026-04-28T16:55:20","modified_gmt":"2026-04-28T16:55:20","slug":"grille-pain-4-tranches-de-pain","status":"publish","type":"product","link":"https:\/\/gastora.eu\/en\/product\/grille-pain-4-tranches-de-pain\/","title":{"rendered":"Grille-pain &#8211; 4 tranches de pain"},"content":{"rendered":"<p>Le design r\u00e9tro de ce grille-pain est plus qu&#8217;un avantage esth\u00e9tique. Le bo\u00eetier robuste en acier inoxydable et les fonctions pratiques, telles que la poign\u00e9e de levage et le tiroir ramasse-miettes, font de cet appareil un outil id\u00e9al pour une utilisation intensive. Les pieds en caoutchouc emp\u00eachent le grille-pain de glisser. Cet appareil offre \u00e0 la fois style et fiabilit\u00e9, ce qui est essentiel dans une entreprise de restauration.<\/p>\n<h3>Grille-pain \u00e0 usage professionnel<\/h3>\n<p>L&#8217;environnement anim\u00e9 d&#8217;une cuisine de restauration exige un \u00e9quipement qui fonctionne rapidement et r\u00e9guli\u00e8rement. Ce grille-pain permet de griller deux ou quatre tranches de pain \u00e0 la fois, avec un contr\u00f4le total gr\u00e2ce \u00e0 une minuterie r\u00e9glable (1-5 minutes). Le levier de levage pratique garantit que les tranches de pain ne sortent pas automatiquement du grille-pain, ce qui rend le processus s\u00fbr et contr\u00f4l\u00e9.<\/p>\n<p>Avec la possibilit\u00e9 de griller deux ou quatre tranches de pain, ce grille-pain offre la flexibilit\u00e9 n\u00e9cessaire pour varier les commandes en indiquant simplement \u00e0 l&#8217;aide d&#8217;un bouton si vous souhaitez griller deux ou quatre tranches de pain. Vous placez les tranches de pain dans la fente et utilisez le bouton du levier de levage pour les pousser vers le bas. La minuterie r\u00e9glable garantit que chaque tranche est grill\u00e9e exactement comme vous le souhaitez. Lorsque les toasts sont pr\u00eats, poussez le levier de levage vers le haut pour les retirer de l&#8217;appareil. Ce grille-pain facile \u00e0 utiliser convient \u00e0 une grande vari\u00e9t\u00e9 d&#8217;applications, du petit-d\u00e9jeuner au d\u00e9jeuner, ainsi qu&#8217;au libre-service lors d&#8217;un buffet de petit-d\u00e9jeuner.<\/p>\n<h3>Puissance et efficacit\u00e9 pour la restauration moderne<\/h3>\n<p>Avec une puissance de 1800 watts, ce grille-pain offre les performances que l&#8217;on peut attendre d&#8217;un \u00e9quipement professionnel. Con\u00e7u pour une utilisation quotidienne intensive, il offre des r\u00e9sultats fiables m\u00eame aux heures les plus charg\u00e9es. Lorsque vous activez la minuterie, le voyant rouge s&#8217;allume et vous pouvez voir sur le minuteur quand les tranches de pain grill\u00e9 sont pr\u00eates, ce qui augmente encore l&#8217;efficacit\u00e9 dans la cuisine.<\/p>\n<h3>Nettoyage du grille-pain<\/h3>\n<p>Le nettoyage d&#8217;un grille-pain est une t\u00e2che simple mais essentielle pour prolonger la dur\u00e9e de vie de l&#8217;appareil et garantir l&#8217;hygi\u00e8ne. \u00c9teignez le grille-pain et d\u00e9branchez-le. Lorsque le grille-pain a compl\u00e8tement refroidi, retirez le tiroir \u00e0 miettes et nettoyez-le avec de l&#8217;eau chaude et un d\u00e9tergent doux. S\u00e9chez soigneusement le tiroir \u00e0 miettes avant de le remettre en place. Les miettes qui se trouvent \u00e0 l&#8217;int\u00e9rieur du grille-pain peuvent se d\u00e9tacher en le tenant d\u00e9licatement \u00e0 l&#8217;envers et en le secouant doucement. Nettoyez l&#8217;ext\u00e9rieur du grille-pain avec un chiffon doux et humide et \u00e9vitez les produits abrasifs pour ne pas le rayer ou l&#8217;endommager.<\/p>\n<p>Ce grille-pain pour deux \u00e0 quatre tranches de pain est pr\u00e9cieux pour toute cuisine professionnelle. Commandez d\u00e8s maintenant et d\u00e9couvrez la combinaison parfaite de fonctionnalit\u00e9, de design et de performance. Ou jetez un coup d&#8217;\u0153il \u00e0 nos autres grille-pain.<\/p>\n<p><strong>Caract\u00e9ristiques<\/strong><\/p>\n<ul>\n<li>Capacit\u00e9 de 2 \u00e0 4 tranches de pain<\/li>\n<li>Design r\u00e9tro avec poign\u00e9e de levage pratique<\/li>\n<li>Bac \u00e0 miettes pour faciliter l&#8217;entretien<\/li>\n<li>Minuterie r\u00e9glable (1-5 minutes)<\/li>\n<li>Voyant rouge indiquant l&#8217;\u00e9tat de chauffe<\/li>\n<\/ul>\n<p><strong>Caract\u00e9ristiques du produit<\/strong><\/p>\n<ul>\n<li>Poids net : 4,1 kg<\/li>\n<li>Capacit\u00e9 : 2 ou 4 tranches de pain en m\u00eame temps<\/li>\n<li>Dimensions de la machine : B29 x D25 x H22cm<\/li>\n<li>Dimensions de la fente : B14.5 x D1.7cm<\/li>\n<li>230V\/50Hz\/1Phase 1800W<\/li>\n<\/ul>\n<p><em>Inclus<\/em><\/p>\n<ul>\n<li><em>Bac \u00e0 miettes<\/em><\/li>\n<\/ul>","protected":false},"excerpt":{"rendered":"<p>Ce grille-pain de haute qualit\u00e9 est sp\u00e9cialement con\u00e7u pour les \u00e9tablissements de restauration professionnelle. Il peut contenir jusqu&#8217;\u00e0 quatre tranches de pain et pr\u00e9sente un design r\u00e9tro \u00e9l\u00e9gant. Ce grille-pain allie fonctionnalit\u00e9, durabilit\u00e9 et esth\u00e9tique, ce qui en fait un choix fiable pour les cuisines occup\u00e9es et les utilisateurs exigeants.<\/p>","protected":false},"featured_media":6380,"template":"","meta":{"_acf_changed":false},"product_brand":[],"product_cat":[16],"product_tag":[],"class_list":{"0":"post-13815","1":"product","2":"type-product","3":"status-publish","4":"has-post-thumbnail","6":"product_cat-cuisson","8":"first","9":"instock","10":"sale","11":"taxable","12":"shipping-taxable","13":"purchasable","14":"product-type-simple"},"acf":[],"yoast_head":"<!-- This site is optimized with the Yoast SEO plugin v27.5 - https:\/\/yoast.com\/product\/yoast-seo-wordpress\/ -->\n<title>Grille-pain - 4 tranches de pain - Gastora<\/title>\n<meta name=\"description\" content=\"Achetez Grille-pain - 4 tranches de pain au meilleur prix, fiable et performant avec une livraison rapide\" \/>\n<meta name=\"robots\" content=\"index, follow, max-snippet:-1, max-image-preview:large, max-video-preview:-1\" \/>\n<link rel=\"canonical\" href=\"https:\/\/gastora.eu\/en\/product\/grille-pain-4-tranches-de-pain\/\" \/>\n<meta property=\"og:locale\" content=\"en_US\" \/>\n<meta property=\"og:type\" content=\"article\" \/>\n<meta property=\"og:title\" content=\"Grille-pain - 4 tranches de pain - Gastora\" \/>\n<meta property=\"og:description\" content=\"Achetez Grille-pain - 4 tranches de pain au meilleur prix, fiable et performant avec une livraison rapide\" \/>\n<meta property=\"og:url\" content=\"https:\/\/gastora.eu\/en\/product\/grille-pain-4-tranches-de-pain\/\" \/>\n<meta property=\"og:site_name\" content=\"Gastora\" \/>\n<meta property=\"article:modified_time\" content=\"2026-04-28T16:55:20+00:00\" \/>\n<meta name=\"twitter:card\" content=\"summary_large_image\" \/>\n<meta name=\"twitter:label1\" content=\"Est. reading time\" \/>\n\t<meta name=\"twitter:data1\" content=\"3 minutes\" \/>\n<script type=\"application\/ld+json\" class=\"yoast-schema-graph\">{\"@context\":\"https:\\\/\\\/schema.org\",\"@graph\":[{\"@type\":\"WebPage\",\"@id\":\"https:\\\/\\\/gastora.eu\\\/product\\\/grille-pain-4-tranches-de-pain\\\/\",\"url\":\"https:\\\/\\\/gastora.eu\\\/product\\\/grille-pain-4-tranches-de-pain\\\/\",\"name\":\"Grille-pain - 4 tranches de pain - Gastora\",\"isPartOf\":{\"@id\":\"https:\\\/\\\/gastora.eu\\\/#website\"},\"primaryImageOfPage\":{\"@id\":\"https:\\\/\\\/gastora.eu\\\/product\\\/grille-pain-4-tranches-de-pain\\\/#primaryimage\"},\"image\":{\"@id\":\"https:\\\/\\\/gastora.eu\\\/product\\\/grille-pain-4-tranches-de-pain\\\/#primaryimage\"},\"thumbnailUrl\":\"https:\\\/\\\/gastora.eu\\\/wp-content\\\/uploads\\\/2026\\\/04\\\/250606_09300045_img_077.jpg\",\"datePublished\":\"2026-04-25T17:30:33+00:00\",\"dateModified\":\"2026-04-28T16:55:20+00:00\",\"description\":\"Achetez Grille-pain - 4 tranches de pain au meilleur prix, fiable et performant avec une livraison rapide\",\"breadcrumb\":{\"@id\":\"https:\\\/\\\/gastora.eu\\\/product\\\/grille-pain-4-tranches-de-pain\\\/#breadcrumb\"},\"inLanguage\":\"en-US\",\"potentialAction\":[{\"@type\":\"ReadAction\",\"target\":[\"https:\\\/\\\/gastora.eu\\\/product\\\/grille-pain-4-tranches-de-pain\\\/\"]}]},{\"@type\":\"ImageObject\",\"inLanguage\":\"en-US\",\"@id\":\"https:\\\/\\\/gastora.eu\\\/product\\\/grille-pain-4-tranches-de-pain\\\/#primaryimage\",\"url\":\"https:\\\/\\\/gastora.eu\\\/wp-content\\\/uploads\\\/2026\\\/04\\\/250606_09300045_img_077.jpg\",\"contentUrl\":\"https:\\\/\\\/gastora.eu\\\/wp-content\\\/uploads\\\/2026\\\/04\\\/250606_09300045_img_077.jpg\",\"width\":1200,\"height\":1200},{\"@type\":\"BreadcrumbList\",\"@id\":\"https:\\\/\\\/gastora.eu\\\/product\\\/grille-pain-4-tranches-de-pain\\\/#breadcrumb\",\"itemListElement\":[{\"@type\":\"ListItem\",\"position\":1,\"name\":\"Home\",\"item\":\"https:\\\/\\\/gastora.eu\\\/\"},{\"@type\":\"ListItem\",\"position\":2,\"name\":\"Shop\",\"item\":\"https:\\\/\\\/gastora.eu\\\/shop\\\/\"},{\"@type\":\"ListItem\",\"position\":3,\"name\":\"Grille-pain &#8211; 4 tranches de pain\"}]},{\"@type\":\"WebSite\",\"@id\":\"https:\\\/\\\/gastora.eu\\\/#website\",\"url\":\"https:\\\/\\\/gastora.eu\\\/\",\"name\":\"Gastora\",\"description\":\"\u00c9quipements professionnels CHR\",\"publisher\":{\"@id\":\"https:\\\/\\\/gastora.eu\\\/#organization\"},\"potentialAction\":[{\"@type\":\"SearchAction\",\"target\":{\"@type\":\"EntryPoint\",\"urlTemplate\":\"https:\\\/\\\/gastora.eu\\\/?s={search_term_string}\"},\"query-input\":{\"@type\":\"PropertyValueSpecification\",\"valueRequired\":true,\"valueName\":\"search_term_string\"}}],\"inLanguage\":\"en-US\"},{\"@type\":\"Organization\",\"@id\":\"https:\\\/\\\/gastora.eu\\\/#organization\",\"name\":\"Gastora\",\"url\":\"https:\\\/\\\/gastora.eu\\\/\",\"logo\":{\"@type\":\"ImageObject\",\"inLanguage\":\"en-US\",\"@id\":\"https:\\\/\\\/gastora.eu\\\/#\\\/schema\\\/logo\\\/image\\\/\",\"url\":\"https:\\\/\\\/gastora.eu\\\/wp-content\\\/uploads\\\/2025\\\/12\\\/ChatGPT-Image-2-janv.-2026-22_52_47-1.png\",\"contentUrl\":\"https:\\\/\\\/gastora.eu\\\/wp-content\\\/uploads\\\/2025\\\/12\\\/ChatGPT-Image-2-janv.-2026-22_52_47-1.png\",\"width\":1536,\"height\":320,\"caption\":\"Gastora\"},\"image\":{\"@id\":\"https:\\\/\\\/gastora.eu\\\/#\\\/schema\\\/logo\\\/image\\\/\"}}]}<\/script>\n<!-- \/ Yoast SEO plugin. -->","yoast_head_json":{"title":"Grille-pain - 4 tranches de pain - Gastora","description":"Achetez Grille-pain - 4 tranches de pain au meilleur prix, fiable et performant avec une livraison rapide","robots":{"index":"index","follow":"follow","max-snippet":"max-snippet:-1","max-image-preview":"max-image-preview:large","max-video-preview":"max-video-preview:-1"},"canonical":"https:\/\/gastora.eu\/en\/product\/grille-pain-4-tranches-de-pain\/","og_locale":"en_US","og_type":"article","og_title":"Grille-pain - 4 tranches de pain - Gastora","og_description":"Achetez Grille-pain - 4 tranches de pain au meilleur prix, fiable et performant avec une livraison rapide","og_url":"https:\/\/gastora.eu\/en\/product\/grille-pain-4-tranches-de-pain\/","og_site_name":"Gastora","article_modified_time":"2026-04-28T16:55:20+00:00","twitter_card":"summary_large_image","twitter_misc":{"Est. reading time":"3 minutes"},"schema":{"@context":"https:\/\/schema.org","@graph":[{"@type":"WebPage","@id":"https:\/\/gastora.eu\/product\/grille-pain-4-tranches-de-pain\/","url":"https:\/\/gastora.eu\/product\/grille-pain-4-tranches-de-pain\/","name":"Grille-pain - 4 tranches de pain - Gastora","isPartOf":{"@id":"https:\/\/gastora.eu\/#website"},"primaryImageOfPage":{"@id":"https:\/\/gastora.eu\/product\/grille-pain-4-tranches-de-pain\/#primaryimage"},"image":{"@id":"https:\/\/gastora.eu\/product\/grille-pain-4-tranches-de-pain\/#primaryimage"},"thumbnailUrl":"https:\/\/gastora.eu\/wp-content\/uploads\/2026\/04\/250606_09300045_img_077.jpg","datePublished":"2026-04-25T17:30:33+00:00","dateModified":"2026-04-28T16:55:20+00:00","description":"Achetez Grille-pain - 4 tranches de pain au meilleur prix, fiable et performant avec une livraison rapide","breadcrumb":{"@id":"https:\/\/gastora.eu\/product\/grille-pain-4-tranches-de-pain\/#breadcrumb"},"inLanguage":"en-US","potentialAction":[{"@type":"ReadAction","target":["https:\/\/gastora.eu\/product\/grille-pain-4-tranches-de-pain\/"]}]},{"@type":"ImageObject","inLanguage":"en-US","@id":"https:\/\/gastora.eu\/product\/grille-pain-4-tranches-de-pain\/#primaryimage","url":"https:\/\/gastora.eu\/wp-content\/uploads\/2026\/04\/250606_09300045_img_077.jpg","contentUrl":"https:\/\/gastora.eu\/wp-content\/uploads\/2026\/04\/250606_09300045_img_077.jpg","width":1200,"height":1200},{"@type":"BreadcrumbList","@id":"https:\/\/gastora.eu\/product\/grille-pain-4-tranches-de-pain\/#breadcrumb","itemListElement":[{"@type":"ListItem","position":1,"name":"Home","item":"https:\/\/gastora.eu\/"},{"@type":"ListItem","position":2,"name":"Shop","item":"https:\/\/gastora.eu\/shop\/"},{"@type":"ListItem","position":3,"name":"Grille-pain &#8211; 4 tranches de pain"}]},{"@type":"WebSite","@id":"https:\/\/gastora.eu\/#website","url":"https:\/\/gastora.eu\/","name":"Gastora","description":"\u00c9quipements professionnels CHR","publisher":{"@id":"https:\/\/gastora.eu\/#organization"},"potentialAction":[{"@type":"SearchAction","target":{"@type":"EntryPoint","urlTemplate":"https:\/\/gastora.eu\/?s={search_term_string}"},"query-input":{"@type":"PropertyValueSpecification","valueRequired":true,"valueName":"search_term_string"}}],"inLanguage":"en-US"},{"@type":"Organization","@id":"https:\/\/gastora.eu\/#organization","name":"Gastora","url":"https:\/\/gastora.eu\/","logo":{"@type":"ImageObject","inLanguage":"en-US","@id":"https:\/\/gastora.eu\/#\/schema\/logo\/image\/","url":"https:\/\/gastora.eu\/wp-content\/uploads\/2025\/12\/ChatGPT-Image-2-janv.-2026-22_52_47-1.png","contentUrl":"https:\/\/gastora.eu\/wp-content\/uploads\/2025\/12\/ChatGPT-Image-2-janv.-2026-22_52_47-1.png","width":1536,"height":320,"caption":"Gastora"},"image":{"@id":"https:\/\/gastora.eu\/#\/schema\/logo\/image\/"}}]}},"jetpack_sharing_enabled":true,"_links":{"self":[{"href":"https:\/\/gastora.eu\/en\/wp-json\/wp\/v2\/product\/13815","targetHints":{"allow":["GET"]}}],"collection":[{"href":"https:\/\/gastora.eu\/en\/wp-json\/wp\/v2\/product"}],"about":[{"href":"https:\/\/gastora.eu\/en\/wp-json\/wp\/v2\/types\/product"}],"wp:featuredmedia":[{"embeddable":true,"href":"https:\/\/gastora.eu\/en\/wp-json\/wp\/v2\/media\/6380"}],"wp:attachment":[{"href":"https:\/\/gastora.eu\/en\/wp-json\/wp\/v2\/media?parent=13815"}],"wp:term":[{"taxonomy":"product_brand","embeddable":true,"href":"https:\/\/gastora.eu\/en\/wp-json\/wp\/v2\/product_brand?post=13815"},{"taxonomy":"product_cat","embeddable":true,"href":"https:\/\/gastora.eu\/en\/wp-json\/wp\/v2\/product_cat?post=13815"},{"taxonomy":"product_tag","embeddable":true,"href":"https:\/\/gastora.eu\/en\/wp-json\/wp\/v2\/product_tag?post=13815"}],"curies":[{"name":"wp","href":"https:\/\/api.w.org\/{rel}","templated":true}]}}