{"id":13813,"date":"2026-04-25T17:30:31","date_gmt":"2026-04-25T17:30:31","guid":{"rendered":"https:\/\/gastora.eu\/?post_type=product&#038;p=13813"},"modified":"2026-04-26T08:29:24","modified_gmt":"2026-04-26T08:29:24","slug":"chauffe-saucisses-20-x-24-cm-lavable-au-lave-vaisselle","status":"publish","type":"product","link":"https:\/\/gastora.eu\/en\/product\/chauffe-saucisses-20-x-24-cm-lavable-au-lave-vaisselle\/","title":{"rendered":"Chauffe saucisses &#8211; \u00d820 x 24 cm &#8211; lavable au lave-vaisselle"},"content":{"rendered":"<p>Vous avez besoin de servir des hot-dogs traditionnels dans un petit pain ou de maintenir la saucisse au chaud ? Alors ce chauffe-saucisses professionnel est l&#8217;id\u00e9al pour votre cuisine. Gr\u00e2ce \u00e0 ce chauffe-saucisses, vous aurez toujours des saucisses chaudes pr\u00eates \u00e0 \u00eatre servies \u00e0 vos invit\u00e9s. Le chauffe-chien est fabriqu\u00e9 en acier inoxydable et dispose d&#8217;un couvercle pour que la chaleur ne se perde pas pendant que les saucisses sont dans le chauffe-chien.<\/p>\n<h3>Les saucisses restent chaudes pendant longtemps<\/h3>\n<p>Ce chauffe-chien est \u00e9quip\u00e9 d&#8217;un thermostat r\u00e9glable avec des temp\u00e9ratures comprises entre 30 et 80\u2070C. Le voyant lumineux indique exactement quand l&#8217;eau est \u00e0 la bonne temp\u00e9rature et que les saucisses peuvent \u00eatre plac\u00e9es dans l&#8217;eau. En outre, le chauffe-chien dispose d&#8217;un interrupteur marche\/arr\u00eat prot\u00e9g\u00e9 et vous pouvez facilement d\u00e9placer l&#8217;appareil \u00e0 l&#8217;aide des poign\u00e9es situ\u00e9es sur les c\u00f4t\u00e9s. Le r\u00e9servoir d&#8217;eau est en aluminium. Gr\u00e2ce au panier robuste et au cylindre en verre, les saucisses restent longtemps au chaud et sont imm\u00e9diatement pr\u00eates \u00e0 l&#8217;emploi.<\/p>\n<h3>Convient au lave-vaisselle<\/h3>\n<p>Le r\u00e9chaud \u00e0 hot-dogs est con\u00e7u de mani\u00e8re \u00e0 ce que toutes les pi\u00e8ces puissent \u00eatre facilement d\u00e9mont\u00e9es. Le cylindre en verre, le couvercle et le panier peuvent \u00eatre mis au lave-vaisselle. Le r\u00e9servoir d&#8217;eau doit \u00eatre lav\u00e9 \u00e0 la main. Essuyez le bo\u00eetier en acier inoxydable \u00e0 l&#8217;aide d&#8217;un chiffon doux et l\u00e9g\u00e8rement humide et d&#8217;un d\u00e9tergent doux. Nettoyez l&#8217;appareil apr\u00e8s chaque utilisation et laissez toutes les pi\u00e8ces s\u00e9cher correctement avant de remonter le r\u00e9chaud \u00e0 hot-dogs. Les quatre pieds en caoutchouc situ\u00e9s \u00e0 la base de l&#8217;appareil garantissent la stabilit\u00e9 de ce dernier pendant son utilisation.<\/p>\n<p><strong>Caract\u00e9ristiques<\/strong><\/p>\n<ul>\n<li>Bo\u00eetier et couvercle en acier inoxydable<\/li>\n<li>Bac \u00e0 eau en aluminium<\/li>\n<li>Thermostat r\u00e9glable : 30 \u00b0C \u00e0 80 \u00b0C<\/li>\n<li>Indicateur de temp\u00e9rature<\/li>\n<li>Interrupteur marche-arr\u00eat prot\u00e9g\u00e9<\/li>\n<li>\u00c9quip\u00e9 de poign\u00e9es<\/li>\n<\/ul>\n<p><strong>Caract\u00e9ristiques du produit<\/strong><\/p>\n<ul>\n<li>Poids net : 6,16 kg<\/li>\n<li>Dimensions : B36 x D36 x H46cm B36 x D36 x H46cm<\/li>\n<li>Cylindre en verre : \u00d8 20 x H24cm<\/li>\n<li>Plaque de cuisson : \u00d8 20cm<\/li>\n<li>230V\/50Hz\/1Phase 800W<\/li>\n<\/ul>","protected":false},"excerpt":{"rendered":"<p>Gr\u00e2ce \u00e0 ce chauffe-chaud professionnel, vous pouvez pr\u00e9parer de d\u00e9licieux hot-dogs rapidement et facilement. Remplissez le bac \u00e0 eau en aluminium et placez le cylindre de verre vertical dessus. Le panier a une grande capacit\u00e9, ce qui vous permet de r\u00e9chauffer un grand nombre de hot-dogs en m\u00eame temps.<\/p>","protected":false},"featured_media":6376,"template":"","meta":{"_acf_changed":false},"product_brand":[],"product_cat":[16],"product_tag":[],"class_list":{"0":"post-13813","1":"product","2":"type-product","3":"status-publish","4":"has-post-thumbnail","6":"product_cat-cuisson","8":"first","9":"instock","10":"sale","11":"taxable","12":"shipping-taxable","13":"purchasable","14":"product-type-simple"},"acf":[],"yoast_head":"<!-- This site is optimized with the Yoast SEO plugin v27.4 - https:\/\/yoast.com\/product\/yoast-seo-wordpress\/ -->\n<title>Chauffe saucisses - \u00d820 x 24 cm - lavable au lave-vaisselle - Gastora<\/title>\n<meta name=\"description\" content=\"Achetez Chauffe saucisses - \u00d820 x 24 cm - lavable au lave-vaisselle au meilleur prix, fiable et performant avec une livraison rapide\" \/>\n<meta name=\"robots\" content=\"index, follow, max-snippet:-1, max-image-preview:large, max-video-preview:-1\" \/>\n<link rel=\"canonical\" href=\"https:\/\/gastora.eu\/en\/product\/chauffe-saucisses-20-x-24-cm-lavable-au-lave-vaisselle\/\" \/>\n<meta property=\"og:locale\" content=\"en_US\" \/>\n<meta property=\"og:type\" content=\"article\" \/>\n<meta property=\"og:title\" content=\"Chauffe saucisses - \u00d820 x 24 cm - lavable au lave-vaisselle - Gastora\" \/>\n<meta property=\"og:description\" content=\"Achetez Chauffe saucisses - \u00d820 x 24 cm - lavable au lave-vaisselle au meilleur prix, fiable et performant avec une livraison rapide\" \/>\n<meta property=\"og:url\" content=\"https:\/\/gastora.eu\/en\/product\/chauffe-saucisses-20-x-24-cm-lavable-au-lave-vaisselle\/\" \/>\n<meta property=\"og:site_name\" content=\"Gastora\" \/>\n<meta property=\"article:modified_time\" content=\"2026-04-26T08:29:24+00:00\" \/>\n<meta name=\"twitter:card\" content=\"summary_large_image\" \/>\n<meta name=\"twitter:label1\" content=\"Est. reading time\" \/>\n\t<meta name=\"twitter:data1\" content=\"2 minutes\" \/>\n<script type=\"application\/ld+json\" class=\"yoast-schema-graph\">{\"@context\":\"https:\\\/\\\/schema.org\",\"@graph\":[{\"@type\":\"WebPage\",\"@id\":\"https:\\\/\\\/gastora.eu\\\/product\\\/chauffe-saucisses-20-x-24-cm-lavable-au-lave-vaisselle\\\/\",\"url\":\"https:\\\/\\\/gastora.eu\\\/product\\\/chauffe-saucisses-20-x-24-cm-lavable-au-lave-vaisselle\\\/\",\"name\":\"Chauffe saucisses - \u00d820 x 24 cm - lavable au lave-vaisselle - Gastora\",\"isPartOf\":{\"@id\":\"https:\\\/\\\/gastora.eu\\\/#website\"},\"primaryImageOfPage\":{\"@id\":\"https:\\\/\\\/gastora.eu\\\/product\\\/chauffe-saucisses-20-x-24-cm-lavable-au-lave-vaisselle\\\/#primaryimage\"},\"image\":{\"@id\":\"https:\\\/\\\/gastora.eu\\\/product\\\/chauffe-saucisses-20-x-24-cm-lavable-au-lave-vaisselle\\\/#primaryimage\"},\"thumbnailUrl\":\"https:\\\/\\\/gastora.eu\\\/wp-content\\\/uploads\\\/2026\\\/04\\\/sp-005-61656e5d2ac3f.jpg\",\"datePublished\":\"2026-04-25T17:30:31+00:00\",\"dateModified\":\"2026-04-26T08:29:24+00:00\",\"description\":\"Achetez Chauffe saucisses - \u00d820 x 24 cm - lavable au lave-vaisselle au meilleur prix, fiable et performant avec une livraison rapide\",\"breadcrumb\":{\"@id\":\"https:\\\/\\\/gastora.eu\\\/product\\\/chauffe-saucisses-20-x-24-cm-lavable-au-lave-vaisselle\\\/#breadcrumb\"},\"inLanguage\":\"en-US\",\"potentialAction\":[{\"@type\":\"ReadAction\",\"target\":[\"https:\\\/\\\/gastora.eu\\\/product\\\/chauffe-saucisses-20-x-24-cm-lavable-au-lave-vaisselle\\\/\"]}]},{\"@type\":\"ImageObject\",\"inLanguage\":\"en-US\",\"@id\":\"https:\\\/\\\/gastora.eu\\\/product\\\/chauffe-saucisses-20-x-24-cm-lavable-au-lave-vaisselle\\\/#primaryimage\",\"url\":\"https:\\\/\\\/gastora.eu\\\/wp-content\\\/uploads\\\/2026\\\/04\\\/sp-005-61656e5d2ac3f.jpg\",\"contentUrl\":\"https:\\\/\\\/gastora.eu\\\/wp-content\\\/uploads\\\/2026\\\/04\\\/sp-005-61656e5d2ac3f.jpg\",\"width\":1024,\"height\":1024},{\"@type\":\"BreadcrumbList\",\"@id\":\"https:\\\/\\\/gastora.eu\\\/product\\\/chauffe-saucisses-20-x-24-cm-lavable-au-lave-vaisselle\\\/#breadcrumb\",\"itemListElement\":[{\"@type\":\"ListItem\",\"position\":1,\"name\":\"Home\",\"item\":\"https:\\\/\\\/gastora.eu\\\/\"},{\"@type\":\"ListItem\",\"position\":2,\"name\":\"Shop\",\"item\":\"https:\\\/\\\/gastora.eu\\\/shop\\\/\"},{\"@type\":\"ListItem\",\"position\":3,\"name\":\"Chauffe saucisses &#8211; \u00d820 x 24 cm &#8211; lavable au lave-vaisselle\"}]},{\"@type\":\"WebSite\",\"@id\":\"https:\\\/\\\/gastora.eu\\\/#website\",\"url\":\"https:\\\/\\\/gastora.eu\\\/\",\"name\":\"Gastora\",\"description\":\"\u00c9quipements professionnels CHR\",\"publisher\":{\"@id\":\"https:\\\/\\\/gastora.eu\\\/#organization\"},\"potentialAction\":[{\"@type\":\"SearchAction\",\"target\":{\"@type\":\"EntryPoint\",\"urlTemplate\":\"https:\\\/\\\/gastora.eu\\\/?s={search_term_string}\"},\"query-input\":{\"@type\":\"PropertyValueSpecification\",\"valueRequired\":true,\"valueName\":\"search_term_string\"}}],\"inLanguage\":\"en-US\"},{\"@type\":\"Organization\",\"@id\":\"https:\\\/\\\/gastora.eu\\\/#organization\",\"name\":\"Gastora\",\"url\":\"https:\\\/\\\/gastora.eu\\\/\",\"logo\":{\"@type\":\"ImageObject\",\"inLanguage\":\"en-US\",\"@id\":\"https:\\\/\\\/gastora.eu\\\/#\\\/schema\\\/logo\\\/image\\\/\",\"url\":\"https:\\\/\\\/gastora.eu\\\/wp-content\\\/uploads\\\/2025\\\/12\\\/ChatGPT-Image-2-janv.-2026-22_52_47-1.png\",\"contentUrl\":\"https:\\\/\\\/gastora.eu\\\/wp-content\\\/uploads\\\/2025\\\/12\\\/ChatGPT-Image-2-janv.-2026-22_52_47-1.png\",\"width\":1536,\"height\":320,\"caption\":\"Gastora\"},\"image\":{\"@id\":\"https:\\\/\\\/gastora.eu\\\/#\\\/schema\\\/logo\\\/image\\\/\"}}]}<\/script>\n<!-- \/ Yoast SEO plugin. -->","yoast_head_json":{"title":"Chauffe saucisses - \u00d820 x 24 cm - lavable au lave-vaisselle - Gastora","description":"Achetez Chauffe saucisses - \u00d820 x 24 cm - lavable au lave-vaisselle au meilleur prix, fiable et performant avec une livraison rapide","robots":{"index":"index","follow":"follow","max-snippet":"max-snippet:-1","max-image-preview":"max-image-preview:large","max-video-preview":"max-video-preview:-1"},"canonical":"https:\/\/gastora.eu\/en\/product\/chauffe-saucisses-20-x-24-cm-lavable-au-lave-vaisselle\/","og_locale":"en_US","og_type":"article","og_title":"Chauffe saucisses - \u00d820 x 24 cm - lavable au lave-vaisselle - Gastora","og_description":"Achetez Chauffe saucisses - \u00d820 x 24 cm - lavable au lave-vaisselle au meilleur prix, fiable et performant avec une livraison rapide","og_url":"https:\/\/gastora.eu\/en\/product\/chauffe-saucisses-20-x-24-cm-lavable-au-lave-vaisselle\/","og_site_name":"Gastora","article_modified_time":"2026-04-26T08:29:24+00:00","twitter_card":"summary_large_image","twitter_misc":{"Est. reading time":"2 minutes"},"schema":{"@context":"https:\/\/schema.org","@graph":[{"@type":"WebPage","@id":"https:\/\/gastora.eu\/product\/chauffe-saucisses-20-x-24-cm-lavable-au-lave-vaisselle\/","url":"https:\/\/gastora.eu\/product\/chauffe-saucisses-20-x-24-cm-lavable-au-lave-vaisselle\/","name":"Chauffe saucisses - \u00d820 x 24 cm - lavable au lave-vaisselle - Gastora","isPartOf":{"@id":"https:\/\/gastora.eu\/#website"},"primaryImageOfPage":{"@id":"https:\/\/gastora.eu\/product\/chauffe-saucisses-20-x-24-cm-lavable-au-lave-vaisselle\/#primaryimage"},"image":{"@id":"https:\/\/gastora.eu\/product\/chauffe-saucisses-20-x-24-cm-lavable-au-lave-vaisselle\/#primaryimage"},"thumbnailUrl":"https:\/\/gastora.eu\/wp-content\/uploads\/2026\/04\/sp-005-61656e5d2ac3f.jpg","datePublished":"2026-04-25T17:30:31+00:00","dateModified":"2026-04-26T08:29:24+00:00","description":"Achetez Chauffe saucisses - \u00d820 x 24 cm - lavable au lave-vaisselle au meilleur prix, fiable et performant avec une livraison rapide","breadcrumb":{"@id":"https:\/\/gastora.eu\/product\/chauffe-saucisses-20-x-24-cm-lavable-au-lave-vaisselle\/#breadcrumb"},"inLanguage":"en-US","potentialAction":[{"@type":"ReadAction","target":["https:\/\/gastora.eu\/product\/chauffe-saucisses-20-x-24-cm-lavable-au-lave-vaisselle\/"]}]},{"@type":"ImageObject","inLanguage":"en-US","@id":"https:\/\/gastora.eu\/product\/chauffe-saucisses-20-x-24-cm-lavable-au-lave-vaisselle\/#primaryimage","url":"https:\/\/gastora.eu\/wp-content\/uploads\/2026\/04\/sp-005-61656e5d2ac3f.jpg","contentUrl":"https:\/\/gastora.eu\/wp-content\/uploads\/2026\/04\/sp-005-61656e5d2ac3f.jpg","width":1024,"height":1024},{"@type":"BreadcrumbList","@id":"https:\/\/gastora.eu\/product\/chauffe-saucisses-20-x-24-cm-lavable-au-lave-vaisselle\/#breadcrumb","itemListElement":[{"@type":"ListItem","position":1,"name":"Home","item":"https:\/\/gastora.eu\/"},{"@type":"ListItem","position":2,"name":"Shop","item":"https:\/\/gastora.eu\/shop\/"},{"@type":"ListItem","position":3,"name":"Chauffe saucisses &#8211; \u00d820 x 24 cm &#8211; lavable au lave-vaisselle"}]},{"@type":"WebSite","@id":"https:\/\/gastora.eu\/#website","url":"https:\/\/gastora.eu\/","name":"Gastora","description":"\u00c9quipements professionnels CHR","publisher":{"@id":"https:\/\/gastora.eu\/#organization"},"potentialAction":[{"@type":"SearchAction","target":{"@type":"EntryPoint","urlTemplate":"https:\/\/gastora.eu\/?s={search_term_string}"},"query-input":{"@type":"PropertyValueSpecification","valueRequired":true,"valueName":"search_term_string"}}],"inLanguage":"en-US"},{"@type":"Organization","@id":"https:\/\/gastora.eu\/#organization","name":"Gastora","url":"https:\/\/gastora.eu\/","logo":{"@type":"ImageObject","inLanguage":"en-US","@id":"https:\/\/gastora.eu\/#\/schema\/logo\/image\/","url":"https:\/\/gastora.eu\/wp-content\/uploads\/2025\/12\/ChatGPT-Image-2-janv.-2026-22_52_47-1.png","contentUrl":"https:\/\/gastora.eu\/wp-content\/uploads\/2025\/12\/ChatGPT-Image-2-janv.-2026-22_52_47-1.png","width":1536,"height":320,"caption":"Gastora"},"image":{"@id":"https:\/\/gastora.eu\/#\/schema\/logo\/image\/"}}]}},"jetpack_sharing_enabled":true,"_links":{"self":[{"href":"https:\/\/gastora.eu\/en\/wp-json\/wp\/v2\/product\/13813","targetHints":{"allow":["GET"]}}],"collection":[{"href":"https:\/\/gastora.eu\/en\/wp-json\/wp\/v2\/product"}],"about":[{"href":"https:\/\/gastora.eu\/en\/wp-json\/wp\/v2\/types\/product"}],"wp:featuredmedia":[{"embeddable":true,"href":"https:\/\/gastora.eu\/en\/wp-json\/wp\/v2\/media\/6376"}],"wp:attachment":[{"href":"https:\/\/gastora.eu\/en\/wp-json\/wp\/v2\/media?parent=13813"}],"wp:term":[{"taxonomy":"product_brand","embeddable":true,"href":"https:\/\/gastora.eu\/en\/wp-json\/wp\/v2\/product_brand?post=13813"},{"taxonomy":"product_cat","embeddable":true,"href":"https:\/\/gastora.eu\/en\/wp-json\/wp\/v2\/product_cat?post=13813"},{"taxonomy":"product_tag","embeddable":true,"href":"https:\/\/gastora.eu\/en\/wp-json\/wp\/v2\/product_tag?post=13813"}],"curies":[{"name":"wp","href":"https:\/\/api.w.org\/{rel}","templated":true}]}}