{"id":13812,"date":"2026-04-25T17:30:30","date_gmt":"2026-04-25T17:30:30","guid":{"rendered":"https:\/\/gastora.eu\/?post_type=product&#038;p=13812"},"modified":"2026-04-27T08:33:29","modified_gmt":"2026-04-27T08:33:29","slug":"plaque-de-gril-demi-rainur-73-cm-incl-plateau-dgouttement-400v","status":"publish","type":"product","link":"https:\/\/gastora.eu\/en\/product\/plaque-de-gril-demi-rainur-73-cm-incl-plateau-dgouttement-400v\/","title":{"rendered":"Plaque de gril &#8211; demi-rainur\u00e9 &#8211; 73 cm &#8211; incl plateau d&#8217;\u00e9gouttement &#8211; 400V"},"content":{"rendered":"<p>Les saveurs et les vitamines sont pr\u00e9serv\u00e9es plus longtemps lorsque vous cuisinez sur une plancha \u00e9lectrique. Pour obtenir les plats de viande, de poisson ou de l\u00e9gumes les plus savoureux, utilisez ce gril professionnel dot\u00e9 d&#8217;une plaque lisse et d&#8217;une plaque rainur\u00e9e de 6 mm d&#8217;\u00e9paisseur. Non seulement la plancha \u00e9lectrique chauffe rapidement, mais elle refroidit aussi rapidement pour faciliter le nettoyage apr\u00e8s utilisation. Avec une surface de cuisson de 73 cm, vous pouvez cuire uniform\u00e9ment de grandes portions d&#8217;aliments en une seule fois. Ce gril \u00e9lectrique est id\u00e9al pour une utilisation quotidienne intensive dans toute cuisine de restauration.<\/p>\n<h3>Plaque de fond en acier inoxydable<\/h3>\n<p>La temp\u00e9rature de cette plancha \u00e9lectrique peut \u00eatre r\u00e9gl\u00e9e entre 50\u00baC et 300\u00baC. Vous pouvez ainsi pr\u00e9parer diff\u00e9rents produits \u00e0 diff\u00e9rentes temp\u00e9ratures. La plancha est \u00e9galement \u00e9quip\u00e9e d&#8217;un indicateur de temp\u00e9rature tr\u00e8s pratique. Lorsque le voyant s&#8217;\u00e9teint, vous savez que vous pouvez commencer \u00e0 cuisiner. Parce qu&#8217;il est tr\u00e8s important de travailler en toute s\u00e9curit\u00e9 dans une cuisine professionnelle, la plancha est \u00e9quip\u00e9e d&#8217;une protection contre les surcharges. Les hauts pare-\u00e9claboussures en acier inoxydable qui entourent la plaque \u00e9vitent les projections d&#8217;huile. Le gril \u00e9lectrique est \u00e9galement tr\u00e8s facile \u00e0 utiliser. Il suffit de l&#8217;allumer \u00e0 l&#8217;aide du bouton de mise en marche, de graisser la surface du gril et d&#8217;attendre que la bonne temp\u00e9rature soit atteinte avant de griller.<\/p>\n<h3>Facile \u00e0 nettoyer<\/h3>\n<p>Le bo\u00eetier et le bac de r\u00e9cup\u00e9ration en acier inoxydable rendent cette plancha \u00e9lectrique facile \u00e0 nettoyer. Les r\u00e9sidus grossiers peuvent \u00eatre enlev\u00e9s \u00e0 l&#8217;aide d&#8217;une brosse ou d&#8217;un grattoir, tandis que les salet\u00e9s tenaces s&#8217;\u00e9liminent plus facilement en chauffant l&#8217;appareil \u00e0 75\u00b0C et en versant un peu d&#8217;eau sur la surface de la grille. Il est toutefois conseill\u00e9 de porter des gants. Un chiffon humide et un d\u00e9tergent doux peuvent \u00eatre utilis\u00e9s pour nettoyer toutes les parties. Gr\u00e2ce \u00e0 ses pieds en caoutchouc, ce gril professionnel reste ferme et stable pendant l&#8217;utilisation.<\/p>\n<p><strong>Caract\u00e9ristiques<\/strong><\/p>\n<ul>\n<li>Surface mi-lisse, mi-rainur\u00e9e avec plaque de gril de 6 mm<\/li>\n<li>Bo\u00eetier et bac de r\u00e9cup\u00e9ration en acier inoxydable<\/li>\n<li>\u00c9quip\u00e9 d&#8217;une haute protection contre les \u00e9claboussures<\/li>\n<li>Thermostat r\u00e9glable : 50\u00b0C \u00e0 300\u00b0C<\/li>\n<li>Protection contre les surcharges<\/li>\n<\/ul>\n<p><strong>Caract\u00e9ristiques du produit<\/strong><\/p>\n<ul>\n<li>Poids net : 30,5kg<\/li>\n<li>Surface de cuisson : B73 x D40cm<\/li>\n<li>Dimensions de la machine : B74 x D52 x H24cm<\/li>\n<li>400V\/50Hz\/3Phase 4400W<\/li>\n<\/ul>","protected":false},"excerpt":{"rendered":"<p>Cette plancha \u00e9lectrique en acier inoxydable a une surface de gril de 73 cm. La surface de gril est lisse et rainur\u00e9e, et convient donc pour la viande, le poisson, les l\u00e9gumes ou les \u0153ufs. Cette plancha professionnelle convient \u00e0 un usage quotidien dans les foodtrucks ou les cuisines professionnelles et est facile \u00e0 nettoyer.<\/p>","protected":false},"featured_media":6374,"template":"","meta":{"_acf_changed":false},"product_brand":[],"product_cat":[470],"product_tag":[],"class_list":{"0":"post-13812","1":"product","2":"type-product","3":"status-publish","4":"has-post-thumbnail","6":"product_cat-grills-planchas-2","8":"first","9":"instock","10":"sale","11":"taxable","12":"shipping-taxable","13":"purchasable","14":"product-type-simple"},"acf":[],"yoast_head":"<!-- This site is optimized with the Yoast SEO plugin v27.4 - https:\/\/yoast.com\/product\/yoast-seo-wordpress\/ -->\n<title>Plaque de gril - demi-rainur\u00e9 - 73 cm - incl plateau d&#039;\u00e9gouttement - 400V - Gastora<\/title>\n<meta name=\"description\" content=\"Achetez Plaque de gril - demi-rainur\u00e9 - 73 cm - incl plateau d&#039;\u00e9gouttement - 400V au meilleur prix, fiable et performant avec une livraison rapide\" \/>\n<meta name=\"robots\" content=\"index, follow, max-snippet:-1, max-image-preview:large, max-video-preview:-1\" \/>\n<link rel=\"canonical\" href=\"https:\/\/gastora.eu\/en\/product\/plaque-de-gril-demi-rainur-73-cm-incl-plateau-dgouttement-400v\/\" \/>\n<meta property=\"og:locale\" content=\"en_US\" \/>\n<meta property=\"og:type\" content=\"article\" \/>\n<meta property=\"og:title\" content=\"Plaque de gril - demi-rainur\u00e9 - 73 cm - incl plateau d&#039;\u00e9gouttement - 400V - Gastora\" \/>\n<meta property=\"og:description\" content=\"Achetez Plaque de gril - demi-rainur\u00e9 - 73 cm - incl plateau d&#039;\u00e9gouttement - 400V au meilleur prix, fiable et performant avec une livraison rapide\" \/>\n<meta property=\"og:url\" content=\"https:\/\/gastora.eu\/en\/product\/plaque-de-gril-demi-rainur-73-cm-incl-plateau-dgouttement-400v\/\" \/>\n<meta property=\"og:site_name\" content=\"Gastora\" \/>\n<meta property=\"article:modified_time\" content=\"2026-04-27T08:33:29+00:00\" \/>\n<meta name=\"twitter:card\" content=\"summary_large_image\" \/>\n<meta name=\"twitter:label1\" content=\"Est. reading time\" \/>\n\t<meta name=\"twitter:data1\" content=\"2 minutes\" \/>\n<script type=\"application\/ld+json\" class=\"yoast-schema-graph\">{\"@context\":\"https:\\\/\\\/schema.org\",\"@graph\":[{\"@type\":\"WebPage\",\"@id\":\"https:\\\/\\\/gastora.eu\\\/product\\\/plaque-de-gril-demi-rainur-73-cm-incl-plateau-dgouttement-400v\\\/\",\"url\":\"https:\\\/\\\/gastora.eu\\\/product\\\/plaque-de-gril-demi-rainur-73-cm-incl-plateau-dgouttement-400v\\\/\",\"name\":\"Plaque de gril - demi-rainur\u00e9 - 73 cm - incl plateau d'\u00e9gouttement - 400V - Gastora\",\"isPartOf\":{\"@id\":\"https:\\\/\\\/gastora.eu\\\/#website\"},\"primaryImageOfPage\":{\"@id\":\"https:\\\/\\\/gastora.eu\\\/product\\\/plaque-de-gril-demi-rainur-73-cm-incl-plateau-dgouttement-400v\\\/#primaryimage\"},\"image\":{\"@id\":\"https:\\\/\\\/gastora.eu\\\/product\\\/plaque-de-gril-demi-rainur-73-cm-incl-plateau-dgouttement-400v\\\/#primaryimage\"},\"thumbnailUrl\":\"https:\\\/\\\/gastora.eu\\\/wp-content\\\/uploads\\\/2026\\\/04\\\/sp-005-61656e5ce138e.jpg\",\"datePublished\":\"2026-04-25T17:30:30+00:00\",\"dateModified\":\"2026-04-27T08:33:29+00:00\",\"description\":\"Achetez Plaque de gril - demi-rainur\u00e9 - 73 cm - incl plateau d'\u00e9gouttement - 400V au meilleur prix, fiable et performant avec une livraison rapide\",\"breadcrumb\":{\"@id\":\"https:\\\/\\\/gastora.eu\\\/product\\\/plaque-de-gril-demi-rainur-73-cm-incl-plateau-dgouttement-400v\\\/#breadcrumb\"},\"inLanguage\":\"en-US\",\"potentialAction\":[{\"@type\":\"ReadAction\",\"target\":[\"https:\\\/\\\/gastora.eu\\\/product\\\/plaque-de-gril-demi-rainur-73-cm-incl-plateau-dgouttement-400v\\\/\"]}]},{\"@type\":\"ImageObject\",\"inLanguage\":\"en-US\",\"@id\":\"https:\\\/\\\/gastora.eu\\\/product\\\/plaque-de-gril-demi-rainur-73-cm-incl-plateau-dgouttement-400v\\\/#primaryimage\",\"url\":\"https:\\\/\\\/gastora.eu\\\/wp-content\\\/uploads\\\/2026\\\/04\\\/sp-005-61656e5ce138e.jpg\",\"contentUrl\":\"https:\\\/\\\/gastora.eu\\\/wp-content\\\/uploads\\\/2026\\\/04\\\/sp-005-61656e5ce138e.jpg\",\"width\":1024,\"height\":1023},{\"@type\":\"BreadcrumbList\",\"@id\":\"https:\\\/\\\/gastora.eu\\\/product\\\/plaque-de-gril-demi-rainur-73-cm-incl-plateau-dgouttement-400v\\\/#breadcrumb\",\"itemListElement\":[{\"@type\":\"ListItem\",\"position\":1,\"name\":\"Home\",\"item\":\"https:\\\/\\\/gastora.eu\\\/\"},{\"@type\":\"ListItem\",\"position\":2,\"name\":\"Shop\",\"item\":\"https:\\\/\\\/gastora.eu\\\/shop\\\/\"},{\"@type\":\"ListItem\",\"position\":3,\"name\":\"Plaque de gril &#8211; demi-rainur\u00e9 &#8211; 73 cm &#8211; incl plateau d&#8217;\u00e9gouttement &#8211; 400V\"}]},{\"@type\":\"WebSite\",\"@id\":\"https:\\\/\\\/gastora.eu\\\/#website\",\"url\":\"https:\\\/\\\/gastora.eu\\\/\",\"name\":\"Gastora\",\"description\":\"\u00c9quipements professionnels CHR\",\"publisher\":{\"@id\":\"https:\\\/\\\/gastora.eu\\\/#organization\"},\"potentialAction\":[{\"@type\":\"SearchAction\",\"target\":{\"@type\":\"EntryPoint\",\"urlTemplate\":\"https:\\\/\\\/gastora.eu\\\/?s={search_term_string}\"},\"query-input\":{\"@type\":\"PropertyValueSpecification\",\"valueRequired\":true,\"valueName\":\"search_term_string\"}}],\"inLanguage\":\"en-US\"},{\"@type\":\"Organization\",\"@id\":\"https:\\\/\\\/gastora.eu\\\/#organization\",\"name\":\"Gastora\",\"url\":\"https:\\\/\\\/gastora.eu\\\/\",\"logo\":{\"@type\":\"ImageObject\",\"inLanguage\":\"en-US\",\"@id\":\"https:\\\/\\\/gastora.eu\\\/#\\\/schema\\\/logo\\\/image\\\/\",\"url\":\"https:\\\/\\\/gastora.eu\\\/wp-content\\\/uploads\\\/2025\\\/12\\\/ChatGPT-Image-2-janv.-2026-22_52_47-1.png\",\"contentUrl\":\"https:\\\/\\\/gastora.eu\\\/wp-content\\\/uploads\\\/2025\\\/12\\\/ChatGPT-Image-2-janv.-2026-22_52_47-1.png\",\"width\":1536,\"height\":320,\"caption\":\"Gastora\"},\"image\":{\"@id\":\"https:\\\/\\\/gastora.eu\\\/#\\\/schema\\\/logo\\\/image\\\/\"}}]}<\/script>\n<!-- \/ Yoast SEO plugin. -->","yoast_head_json":{"title":"Plaque de gril - demi-rainur\u00e9 - 73 cm - incl plateau d'\u00e9gouttement - 400V - Gastora","description":"Achetez Plaque de gril - demi-rainur\u00e9 - 73 cm - incl plateau d'\u00e9gouttement - 400V au meilleur prix, fiable et performant avec une livraison rapide","robots":{"index":"index","follow":"follow","max-snippet":"max-snippet:-1","max-image-preview":"max-image-preview:large","max-video-preview":"max-video-preview:-1"},"canonical":"https:\/\/gastora.eu\/en\/product\/plaque-de-gril-demi-rainur-73-cm-incl-plateau-dgouttement-400v\/","og_locale":"en_US","og_type":"article","og_title":"Plaque de gril - demi-rainur\u00e9 - 73 cm - incl plateau d'\u00e9gouttement - 400V - Gastora","og_description":"Achetez Plaque de gril - demi-rainur\u00e9 - 73 cm - incl plateau d'\u00e9gouttement - 400V au meilleur prix, fiable et performant avec une livraison rapide","og_url":"https:\/\/gastora.eu\/en\/product\/plaque-de-gril-demi-rainur-73-cm-incl-plateau-dgouttement-400v\/","og_site_name":"Gastora","article_modified_time":"2026-04-27T08:33:29+00:00","twitter_card":"summary_large_image","twitter_misc":{"Est. reading time":"2 minutes"},"schema":{"@context":"https:\/\/schema.org","@graph":[{"@type":"WebPage","@id":"https:\/\/gastora.eu\/product\/plaque-de-gril-demi-rainur-73-cm-incl-plateau-dgouttement-400v\/","url":"https:\/\/gastora.eu\/product\/plaque-de-gril-demi-rainur-73-cm-incl-plateau-dgouttement-400v\/","name":"Plaque de gril - demi-rainur\u00e9 - 73 cm - incl plateau d'\u00e9gouttement - 400V - Gastora","isPartOf":{"@id":"https:\/\/gastora.eu\/#website"},"primaryImageOfPage":{"@id":"https:\/\/gastora.eu\/product\/plaque-de-gril-demi-rainur-73-cm-incl-plateau-dgouttement-400v\/#primaryimage"},"image":{"@id":"https:\/\/gastora.eu\/product\/plaque-de-gril-demi-rainur-73-cm-incl-plateau-dgouttement-400v\/#primaryimage"},"thumbnailUrl":"https:\/\/gastora.eu\/wp-content\/uploads\/2026\/04\/sp-005-61656e5ce138e.jpg","datePublished":"2026-04-25T17:30:30+00:00","dateModified":"2026-04-27T08:33:29+00:00","description":"Achetez Plaque de gril - demi-rainur\u00e9 - 73 cm - incl plateau d'\u00e9gouttement - 400V au meilleur prix, fiable et performant avec une livraison rapide","breadcrumb":{"@id":"https:\/\/gastora.eu\/product\/plaque-de-gril-demi-rainur-73-cm-incl-plateau-dgouttement-400v\/#breadcrumb"},"inLanguage":"en-US","potentialAction":[{"@type":"ReadAction","target":["https:\/\/gastora.eu\/product\/plaque-de-gril-demi-rainur-73-cm-incl-plateau-dgouttement-400v\/"]}]},{"@type":"ImageObject","inLanguage":"en-US","@id":"https:\/\/gastora.eu\/product\/plaque-de-gril-demi-rainur-73-cm-incl-plateau-dgouttement-400v\/#primaryimage","url":"https:\/\/gastora.eu\/wp-content\/uploads\/2026\/04\/sp-005-61656e5ce138e.jpg","contentUrl":"https:\/\/gastora.eu\/wp-content\/uploads\/2026\/04\/sp-005-61656e5ce138e.jpg","width":1024,"height":1023},{"@type":"BreadcrumbList","@id":"https:\/\/gastora.eu\/product\/plaque-de-gril-demi-rainur-73-cm-incl-plateau-dgouttement-400v\/#breadcrumb","itemListElement":[{"@type":"ListItem","position":1,"name":"Home","item":"https:\/\/gastora.eu\/"},{"@type":"ListItem","position":2,"name":"Shop","item":"https:\/\/gastora.eu\/shop\/"},{"@type":"ListItem","position":3,"name":"Plaque de gril &#8211; demi-rainur\u00e9 &#8211; 73 cm &#8211; incl plateau d&#8217;\u00e9gouttement &#8211; 400V"}]},{"@type":"WebSite","@id":"https:\/\/gastora.eu\/#website","url":"https:\/\/gastora.eu\/","name":"Gastora","description":"\u00c9quipements professionnels CHR","publisher":{"@id":"https:\/\/gastora.eu\/#organization"},"potentialAction":[{"@type":"SearchAction","target":{"@type":"EntryPoint","urlTemplate":"https:\/\/gastora.eu\/?s={search_term_string}"},"query-input":{"@type":"PropertyValueSpecification","valueRequired":true,"valueName":"search_term_string"}}],"inLanguage":"en-US"},{"@type":"Organization","@id":"https:\/\/gastora.eu\/#organization","name":"Gastora","url":"https:\/\/gastora.eu\/","logo":{"@type":"ImageObject","inLanguage":"en-US","@id":"https:\/\/gastora.eu\/#\/schema\/logo\/image\/","url":"https:\/\/gastora.eu\/wp-content\/uploads\/2025\/12\/ChatGPT-Image-2-janv.-2026-22_52_47-1.png","contentUrl":"https:\/\/gastora.eu\/wp-content\/uploads\/2025\/12\/ChatGPT-Image-2-janv.-2026-22_52_47-1.png","width":1536,"height":320,"caption":"Gastora"},"image":{"@id":"https:\/\/gastora.eu\/#\/schema\/logo\/image\/"}}]}},"jetpack_sharing_enabled":true,"_links":{"self":[{"href":"https:\/\/gastora.eu\/en\/wp-json\/wp\/v2\/product\/13812","targetHints":{"allow":["GET"]}}],"collection":[{"href":"https:\/\/gastora.eu\/en\/wp-json\/wp\/v2\/product"}],"about":[{"href":"https:\/\/gastora.eu\/en\/wp-json\/wp\/v2\/types\/product"}],"wp:featuredmedia":[{"embeddable":true,"href":"https:\/\/gastora.eu\/en\/wp-json\/wp\/v2\/media\/6374"}],"wp:attachment":[{"href":"https:\/\/gastora.eu\/en\/wp-json\/wp\/v2\/media?parent=13812"}],"wp:term":[{"taxonomy":"product_brand","embeddable":true,"href":"https:\/\/gastora.eu\/en\/wp-json\/wp\/v2\/product_brand?post=13812"},{"taxonomy":"product_cat","embeddable":true,"href":"https:\/\/gastora.eu\/en\/wp-json\/wp\/v2\/product_cat?post=13812"},{"taxonomy":"product_tag","embeddable":true,"href":"https:\/\/gastora.eu\/en\/wp-json\/wp\/v2\/product_tag?post=13812"}],"curies":[{"name":"wp","href":"https:\/\/api.w.org\/{rel}","templated":true}]}}