{"id":13810,"date":"2026-04-25T17:30:28","date_gmt":"2026-04-25T17:30:28","guid":{"rendered":"https:\/\/gastora.eu\/?post_type=product&#038;p=13810"},"modified":"2026-04-27T08:33:29","modified_gmt":"2026-04-27T08:33:29","slug":"plaque-de-gril-rainur-55-cm-incl-plateau-dgouttement","status":"publish","type":"product","link":"https:\/\/gastora.eu\/en\/product\/plaque-de-gril-rainur-55-cm-incl-plateau-dgouttement\/","title":{"rendered":"Plaque de gril &#8211; rainur\u00e9 &#8211; 55 cm &#8211; incl plateau d&#8217;\u00e9gouttement"},"content":{"rendered":"<p>Pour donner encore plus de go\u00fbt \u00e0 vos plats de viande, de poisson ou de l\u00e9gumes, vous pouvez les cuire sur un gril \u00e9lectrique. De cette mani\u00e8re, la saveur et les vitamines sont pr\u00e9serv\u00e9es plus longtemps. Un autre avantage du gril \u00e9lectrique est que les produits sont cuits rapidement. Cette plancha \u00e9lectrique chauffe rapidement. Et si vous souhaitez nettoyer l&#8217;appareil, vous n&#8217;avez pas besoin d&#8217;attendre longtemps car la plaque refroidit rapidement. Cette plancha professionnelle est dot\u00e9e d&#8217;une surface rainur\u00e9e de 6 mm. Gr\u00e2ce \u00e0 l&#8217;\u00e9l\u00e9ment chauffant robuste, cette plaque de gril convient parfaitement \u00e0 un usage quotidien intensif et les aliments sont cuits uniform\u00e9ment.<\/p>\n<h3>R\u00e9glez la temp\u00e9rature avec pr\u00e9cision<\/h3>\n<p>Vous choisissez la temp\u00e9rature exacte pour les aliments que vous souhaitez cuire. Le thermostat facile \u00e0 utiliser vous permet de r\u00e9gler la temp\u00e9rature entre 50\u00baC et 300\u00baC. La plaque du gril est \u00e9galement \u00e9quip\u00e9e d&#8217;un voyant de temp\u00e9rature. D\u00e8s que le voyant s&#8217;\u00e9teint, vous pouvez commencer \u00e0 griller. La plaque de gril est \u00e9galement prot\u00e9g\u00e9e contre les surcharges. La s\u00e9curit\u00e9 est importante dans la cuisine. Les hauts pare-\u00e9claboussures en acier inoxydable emp\u00eachent les \u00e9claboussures d&#8217;huile. Le gril \u00e9lectrique est facile \u00e0 utiliser. Il suffit d&#8217;appuyer sur le bouton, de graisser la surface du gril avec de l&#8217;huile et de r\u00e9gler la temp\u00e9rature souhait\u00e9e.<\/p>\n<h3>Nettoyage rapide et facile<\/h3>\n<p>Gr\u00e2ce au bo\u00eetier en acier inoxydable et au bac \u00e0 graisse en acier inoxydable, le nettoyage est facile. Commencez par \u00e9liminer les r\u00e9sidus grossiers \u00e0 l&#8217;aide d&#8217;une brosse ou d&#8217;un grattoir. Les salissures tenaces peuvent \u00eatre \u00e9limin\u00e9es en chauffant l&#8217;appareil \u00e0 75\u00b0C et en versant un peu d&#8217;eau sur la surface du gril. Il est recommand\u00e9 d&#8217;utiliser des gants. Utilisez ensuite un chiffon humide avec un peu de d\u00e9tergent doux pour nettoyer toutes les parties. Gr\u00e2ce \u00e0 ses pieds en caoutchouc, cette plancha professionnelle reste ferme et stable pendant l&#8217;utilisation.<\/p>\n<p><strong>Caract\u00e9ristiques<\/strong><\/p>\n<ul>\n<li>Surface enti\u00e8rement rainur\u00e9e avec plaque de gril de 6 mm<\/li>\n<li>Bo\u00eetier et bac de r\u00e9cup\u00e9ration en acier inoxydable<\/li>\n<li>\u00c9quip\u00e9e d&#8217;une haute protection contre les \u00e9claboussures<\/li>\n<li>Thermostat r\u00e9glable : 50\u00b0C \u00e0 300\u00b0C<\/li>\n<li>Protection contre les surcharges<\/li>\n<\/ul>\n<p><strong>Caract\u00e9ristiques du produit<\/strong><\/p>\n<ul>\n<li>Poids net : 23 kg<\/li>\n<li>Surface de cuisson : L55 x P35cm<\/li>\n<li>Dimensions de la machine : L56 x P47 x H25cm<\/li>\n<li>230V\/50Hz\/1Phase 3000W<\/li>\n<\/ul>","protected":false},"excerpt":{"rendered":"<p>Cette plancha \u00e9lectrique a une surface de gril rainur\u00e9e de 55 cm et est fabriqu\u00e9e en acier inoxydable. Elle est \u00e9quip\u00e9e d&#8217;un bac de r\u00e9cup\u00e9ration des graisses et de protections contre les \u00e9claboussures pour un travail en toute s\u00e9curit\u00e9. Avec cette plancha, vous pouvez griller les viandes, poissons ou l\u00e9gumes les plus savoureux. Elle est parfaite pour une utilisation quotidienne et intensive dans toute cuisine professionnelle.<\/p>","protected":false},"featured_media":6370,"template":"","meta":{"_acf_changed":false},"product_brand":[],"product_cat":[470],"product_tag":[],"class_list":{"0":"post-13810","1":"product","2":"type-product","3":"status-publish","4":"has-post-thumbnail","6":"product_cat-grills-planchas-2","8":"first","9":"instock","10":"sale","11":"taxable","12":"shipping-taxable","13":"purchasable","14":"product-type-simple"},"acf":[],"yoast_head":"<!-- This site is optimized with the Yoast SEO plugin v27.4 - https:\/\/yoast.com\/product\/yoast-seo-wordpress\/ -->\n<title>Plaque de gril - rainur\u00e9 - 55 cm - incl plateau d&#039;\u00e9gouttement - Gastora<\/title>\n<meta name=\"description\" content=\"Achetez Plaque de gril - rainur\u00e9 - 55 cm - incl plateau d&#039;\u00e9gouttement au meilleur prix, fiable et performant avec une livraison rapide\" \/>\n<meta name=\"robots\" content=\"index, follow, max-snippet:-1, max-image-preview:large, max-video-preview:-1\" \/>\n<link rel=\"canonical\" href=\"https:\/\/gastora.eu\/en\/product\/plaque-de-gril-rainur-55-cm-incl-plateau-dgouttement\/\" \/>\n<meta property=\"og:locale\" content=\"en_US\" \/>\n<meta property=\"og:type\" content=\"article\" \/>\n<meta property=\"og:title\" content=\"Plaque de gril - rainur\u00e9 - 55 cm - incl plateau d&#039;\u00e9gouttement - Gastora\" \/>\n<meta property=\"og:description\" content=\"Achetez Plaque de gril - rainur\u00e9 - 55 cm - incl plateau d&#039;\u00e9gouttement au meilleur prix, fiable et performant avec une livraison rapide\" \/>\n<meta property=\"og:url\" content=\"https:\/\/gastora.eu\/en\/product\/plaque-de-gril-rainur-55-cm-incl-plateau-dgouttement\/\" \/>\n<meta property=\"og:site_name\" content=\"Gastora\" \/>\n<meta property=\"article:modified_time\" content=\"2026-04-27T08:33:29+00:00\" \/>\n<meta name=\"twitter:card\" content=\"summary_large_image\" \/>\n<meta name=\"twitter:label1\" content=\"Est. reading time\" \/>\n\t<meta name=\"twitter:data1\" content=\"2 minutes\" \/>\n<script type=\"application\/ld+json\" class=\"yoast-schema-graph\">{\"@context\":\"https:\\\/\\\/schema.org\",\"@graph\":[{\"@type\":\"WebPage\",\"@id\":\"https:\\\/\\\/gastora.eu\\\/product\\\/plaque-de-gril-rainur-55-cm-incl-plateau-dgouttement\\\/\",\"url\":\"https:\\\/\\\/gastora.eu\\\/product\\\/plaque-de-gril-rainur-55-cm-incl-plateau-dgouttement\\\/\",\"name\":\"Plaque de gril - rainur\u00e9 - 55 cm - incl plateau d'\u00e9gouttement - Gastora\",\"isPartOf\":{\"@id\":\"https:\\\/\\\/gastora.eu\\\/#website\"},\"primaryImageOfPage\":{\"@id\":\"https:\\\/\\\/gastora.eu\\\/product\\\/plaque-de-gril-rainur-55-cm-incl-plateau-dgouttement\\\/#primaryimage\"},\"image\":{\"@id\":\"https:\\\/\\\/gastora.eu\\\/product\\\/plaque-de-gril-rainur-55-cm-incl-plateau-dgouttement\\\/#primaryimage\"},\"thumbnailUrl\":\"https:\\\/\\\/gastora.eu\\\/wp-content\\\/uploads\\\/2026\\\/04\\\/sp-005-61656e5cc15a8.jpg\",\"datePublished\":\"2026-04-25T17:30:28+00:00\",\"dateModified\":\"2026-04-27T08:33:29+00:00\",\"description\":\"Achetez Plaque de gril - rainur\u00e9 - 55 cm - incl plateau d'\u00e9gouttement au meilleur prix, fiable et performant avec une livraison rapide\",\"breadcrumb\":{\"@id\":\"https:\\\/\\\/gastora.eu\\\/product\\\/plaque-de-gril-rainur-55-cm-incl-plateau-dgouttement\\\/#breadcrumb\"},\"inLanguage\":\"en-US\",\"potentialAction\":[{\"@type\":\"ReadAction\",\"target\":[\"https:\\\/\\\/gastora.eu\\\/product\\\/plaque-de-gril-rainur-55-cm-incl-plateau-dgouttement\\\/\"]}]},{\"@type\":\"ImageObject\",\"inLanguage\":\"en-US\",\"@id\":\"https:\\\/\\\/gastora.eu\\\/product\\\/plaque-de-gril-rainur-55-cm-incl-plateau-dgouttement\\\/#primaryimage\",\"url\":\"https:\\\/\\\/gastora.eu\\\/wp-content\\\/uploads\\\/2026\\\/04\\\/sp-005-61656e5cc15a8.jpg\",\"contentUrl\":\"https:\\\/\\\/gastora.eu\\\/wp-content\\\/uploads\\\/2026\\\/04\\\/sp-005-61656e5cc15a8.jpg\",\"width\":1024,\"height\":1024},{\"@type\":\"BreadcrumbList\",\"@id\":\"https:\\\/\\\/gastora.eu\\\/product\\\/plaque-de-gril-rainur-55-cm-incl-plateau-dgouttement\\\/#breadcrumb\",\"itemListElement\":[{\"@type\":\"ListItem\",\"position\":1,\"name\":\"Home\",\"item\":\"https:\\\/\\\/gastora.eu\\\/\"},{\"@type\":\"ListItem\",\"position\":2,\"name\":\"Shop\",\"item\":\"https:\\\/\\\/gastora.eu\\\/shop\\\/\"},{\"@type\":\"ListItem\",\"position\":3,\"name\":\"Plaque de gril &#8211; rainur\u00e9 &#8211; 55 cm &#8211; incl plateau d&#8217;\u00e9gouttement\"}]},{\"@type\":\"WebSite\",\"@id\":\"https:\\\/\\\/gastora.eu\\\/#website\",\"url\":\"https:\\\/\\\/gastora.eu\\\/\",\"name\":\"Gastora\",\"description\":\"\u00c9quipements professionnels CHR\",\"publisher\":{\"@id\":\"https:\\\/\\\/gastora.eu\\\/#organization\"},\"potentialAction\":[{\"@type\":\"SearchAction\",\"target\":{\"@type\":\"EntryPoint\",\"urlTemplate\":\"https:\\\/\\\/gastora.eu\\\/?s={search_term_string}\"},\"query-input\":{\"@type\":\"PropertyValueSpecification\",\"valueRequired\":true,\"valueName\":\"search_term_string\"}}],\"inLanguage\":\"en-US\"},{\"@type\":\"Organization\",\"@id\":\"https:\\\/\\\/gastora.eu\\\/#organization\",\"name\":\"Gastora\",\"url\":\"https:\\\/\\\/gastora.eu\\\/\",\"logo\":{\"@type\":\"ImageObject\",\"inLanguage\":\"en-US\",\"@id\":\"https:\\\/\\\/gastora.eu\\\/#\\\/schema\\\/logo\\\/image\\\/\",\"url\":\"https:\\\/\\\/gastora.eu\\\/wp-content\\\/uploads\\\/2025\\\/12\\\/ChatGPT-Image-2-janv.-2026-22_52_47-1.png\",\"contentUrl\":\"https:\\\/\\\/gastora.eu\\\/wp-content\\\/uploads\\\/2025\\\/12\\\/ChatGPT-Image-2-janv.-2026-22_52_47-1.png\",\"width\":1536,\"height\":320,\"caption\":\"Gastora\"},\"image\":{\"@id\":\"https:\\\/\\\/gastora.eu\\\/#\\\/schema\\\/logo\\\/image\\\/\"}}]}<\/script>\n<!-- \/ Yoast SEO plugin. -->","yoast_head_json":{"title":"Plaque de gril - rainur\u00e9 - 55 cm - incl plateau d'\u00e9gouttement - Gastora","description":"Achetez Plaque de gril - rainur\u00e9 - 55 cm - incl plateau d'\u00e9gouttement au meilleur prix, fiable et performant avec une livraison rapide","robots":{"index":"index","follow":"follow","max-snippet":"max-snippet:-1","max-image-preview":"max-image-preview:large","max-video-preview":"max-video-preview:-1"},"canonical":"https:\/\/gastora.eu\/en\/product\/plaque-de-gril-rainur-55-cm-incl-plateau-dgouttement\/","og_locale":"en_US","og_type":"article","og_title":"Plaque de gril - rainur\u00e9 - 55 cm - incl plateau d'\u00e9gouttement - Gastora","og_description":"Achetez Plaque de gril - rainur\u00e9 - 55 cm - incl plateau d'\u00e9gouttement au meilleur prix, fiable et performant avec une livraison rapide","og_url":"https:\/\/gastora.eu\/en\/product\/plaque-de-gril-rainur-55-cm-incl-plateau-dgouttement\/","og_site_name":"Gastora","article_modified_time":"2026-04-27T08:33:29+00:00","twitter_card":"summary_large_image","twitter_misc":{"Est. reading time":"2 minutes"},"schema":{"@context":"https:\/\/schema.org","@graph":[{"@type":"WebPage","@id":"https:\/\/gastora.eu\/product\/plaque-de-gril-rainur-55-cm-incl-plateau-dgouttement\/","url":"https:\/\/gastora.eu\/product\/plaque-de-gril-rainur-55-cm-incl-plateau-dgouttement\/","name":"Plaque de gril - rainur\u00e9 - 55 cm - incl plateau d'\u00e9gouttement - Gastora","isPartOf":{"@id":"https:\/\/gastora.eu\/#website"},"primaryImageOfPage":{"@id":"https:\/\/gastora.eu\/product\/plaque-de-gril-rainur-55-cm-incl-plateau-dgouttement\/#primaryimage"},"image":{"@id":"https:\/\/gastora.eu\/product\/plaque-de-gril-rainur-55-cm-incl-plateau-dgouttement\/#primaryimage"},"thumbnailUrl":"https:\/\/gastora.eu\/wp-content\/uploads\/2026\/04\/sp-005-61656e5cc15a8.jpg","datePublished":"2026-04-25T17:30:28+00:00","dateModified":"2026-04-27T08:33:29+00:00","description":"Achetez Plaque de gril - rainur\u00e9 - 55 cm - incl plateau d'\u00e9gouttement au meilleur prix, fiable et performant avec une livraison rapide","breadcrumb":{"@id":"https:\/\/gastora.eu\/product\/plaque-de-gril-rainur-55-cm-incl-plateau-dgouttement\/#breadcrumb"},"inLanguage":"en-US","potentialAction":[{"@type":"ReadAction","target":["https:\/\/gastora.eu\/product\/plaque-de-gril-rainur-55-cm-incl-plateau-dgouttement\/"]}]},{"@type":"ImageObject","inLanguage":"en-US","@id":"https:\/\/gastora.eu\/product\/plaque-de-gril-rainur-55-cm-incl-plateau-dgouttement\/#primaryimage","url":"https:\/\/gastora.eu\/wp-content\/uploads\/2026\/04\/sp-005-61656e5cc15a8.jpg","contentUrl":"https:\/\/gastora.eu\/wp-content\/uploads\/2026\/04\/sp-005-61656e5cc15a8.jpg","width":1024,"height":1024},{"@type":"BreadcrumbList","@id":"https:\/\/gastora.eu\/product\/plaque-de-gril-rainur-55-cm-incl-plateau-dgouttement\/#breadcrumb","itemListElement":[{"@type":"ListItem","position":1,"name":"Home","item":"https:\/\/gastora.eu\/"},{"@type":"ListItem","position":2,"name":"Shop","item":"https:\/\/gastora.eu\/shop\/"},{"@type":"ListItem","position":3,"name":"Plaque de gril &#8211; rainur\u00e9 &#8211; 55 cm &#8211; incl plateau d&#8217;\u00e9gouttement"}]},{"@type":"WebSite","@id":"https:\/\/gastora.eu\/#website","url":"https:\/\/gastora.eu\/","name":"Gastora","description":"\u00c9quipements professionnels CHR","publisher":{"@id":"https:\/\/gastora.eu\/#organization"},"potentialAction":[{"@type":"SearchAction","target":{"@type":"EntryPoint","urlTemplate":"https:\/\/gastora.eu\/?s={search_term_string}"},"query-input":{"@type":"PropertyValueSpecification","valueRequired":true,"valueName":"search_term_string"}}],"inLanguage":"en-US"},{"@type":"Organization","@id":"https:\/\/gastora.eu\/#organization","name":"Gastora","url":"https:\/\/gastora.eu\/","logo":{"@type":"ImageObject","inLanguage":"en-US","@id":"https:\/\/gastora.eu\/#\/schema\/logo\/image\/","url":"https:\/\/gastora.eu\/wp-content\/uploads\/2025\/12\/ChatGPT-Image-2-janv.-2026-22_52_47-1.png","contentUrl":"https:\/\/gastora.eu\/wp-content\/uploads\/2025\/12\/ChatGPT-Image-2-janv.-2026-22_52_47-1.png","width":1536,"height":320,"caption":"Gastora"},"image":{"@id":"https:\/\/gastora.eu\/#\/schema\/logo\/image\/"}}]}},"jetpack_sharing_enabled":true,"_links":{"self":[{"href":"https:\/\/gastora.eu\/en\/wp-json\/wp\/v2\/product\/13810","targetHints":{"allow":["GET"]}}],"collection":[{"href":"https:\/\/gastora.eu\/en\/wp-json\/wp\/v2\/product"}],"about":[{"href":"https:\/\/gastora.eu\/en\/wp-json\/wp\/v2\/types\/product"}],"wp:featuredmedia":[{"embeddable":true,"href":"https:\/\/gastora.eu\/en\/wp-json\/wp\/v2\/media\/6370"}],"wp:attachment":[{"href":"https:\/\/gastora.eu\/en\/wp-json\/wp\/v2\/media?parent=13810"}],"wp:term":[{"taxonomy":"product_brand","embeddable":true,"href":"https:\/\/gastora.eu\/en\/wp-json\/wp\/v2\/product_brand?post=13810"},{"taxonomy":"product_cat","embeddable":true,"href":"https:\/\/gastora.eu\/en\/wp-json\/wp\/v2\/product_cat?post=13810"},{"taxonomy":"product_tag","embeddable":true,"href":"https:\/\/gastora.eu\/en\/wp-json\/wp\/v2\/product_tag?post=13810"}],"curies":[{"name":"wp","href":"https:\/\/api.w.org\/{rel}","templated":true}]}}