{"id":13800,"date":"2026-04-25T17:30:16","date_gmt":"2026-04-25T17:30:16","guid":{"rendered":"https:\/\/gastora.eu\/?post_type=product&#038;p=13800"},"modified":"2026-04-28T16:55:19","modified_gmt":"2026-04-28T16:55:19","slug":"grill-contact-rainur-plaque-de-gril-double-2-x-22-cm","status":"publish","type":"product","link":"https:\/\/gastora.eu\/en\/product\/grill-contact-rainur-plaque-de-gril-double-2-x-22-cm\/","title":{"rendered":"Grill contact &#8211; rainur\u00e9 &#8211; plaque de gril double &#8211; 2 x 22 cm"},"content":{"rendered":"<p>Dans les cuisines tr\u00e8s fr\u00e9quent\u00e9es, par exemple dans les restaurants, les caf\u00e9s ou les cantines, ce gril \u00e0 double contact est tr\u00e8s utile. Il permet de pr\u00e9parer de nombreux plats en peu de temps. Outre les sandwichs et paninis grill\u00e9s, vous pouvez \u00e9galement faire frire des hamburgers, du poisson, des l\u00e9gumes et d&#8217;autres produits sur la plaque de cuisson en fonte rainur\u00e9e. Ce gril de contact professionnel est id\u00e9al pour une utilisation quotidienne intensive. Gr\u00e2ce \u00e0 sa construction robuste, il dure longtemps et r\u00e9siste \u00e0 une utilisation intensive.<\/p>\n<h3>Excellente r\u00e9partition de la chaleur<\/h3>\n<p>Ce gril robuste \u00e0 double contact pr\u00e9sente une excellente r\u00e9partition de la chaleur, ce qui signifie que les aliments sont cuits uniform\u00e9ment. Comme tous les produits ne sont pas cuits \u00e0 la m\u00eame temp\u00e9rature, vous pouvez r\u00e9gler manuellement la temp\u00e9rature jusqu&#8217;\u00e0 300\u00baC. Gr\u00e2ce au voyant lumineux, le gril de contact vous indique exactement quand il est chaud et que vous pouvez commencer \u00e0 cuisiner. Pour r\u00e9cup\u00e9rer les graisses des plats, le gril est \u00e9quip\u00e9 d&#8217;un bac de r\u00e9cup\u00e9ration tr\u00e8s pratique.<\/p>\n<h3>Brosse de nettoyage incluse<\/h3>\n<p>Le bo\u00eetier et la poign\u00e9e sont en acier inoxydable de haute qualit\u00e9 et sont donc faciles \u00e0 nettoyer. Il en va de m\u00eame pour les plaques de cuisson rainur\u00e9es en fonte. Avant de commencer le nettoyage, \u00e9teignez l&#8217;appareil et d\u00e9branchez-le de la prise murale. Une fois que les plaques ont refroidi, mais sont encore chaudes, vous pouvez les nettoyer \u00e0 l&#8217;aide de la brosse de nettoyage fournie et d&#8217;un peu d&#8217;eau chaude. N&#8217;utilisez pas de tampon \u00e0 r\u00e9curer ni de produits de nettoyage agressifs afin de ne pas endommager les plaques. Apr\u00e8s le nettoyage, s\u00e9chez la grille de contact avec un chiffon doux. Gr\u00e2ce aux pieds en caoutchouc, la grille de contact reste bien en place.<\/p>\n<p><strong>Caract\u00e9ristiques<\/strong><\/p>\n<ul>\n<li>Bo\u00eetier et poign\u00e9e en acier inoxydable<\/li>\n<li>\u00c9quip\u00e9 d&#8217;un bac de r\u00e9cup\u00e9ration et d&#8217;un voyant de temp\u00e9rature<\/li>\n<li>R\u00e9partition optimale de la chaleur<\/li>\n<li>Thermostat variable de 50\u00b0C \u00e0 300\u00b0C<\/li>\n<li>Comprend une brosse de nettoyage<\/li>\n<\/ul>\n<p><strong>Caract\u00e9ristiques du produit<\/strong><\/p>\n<ul>\n<li>Poids net : 25 kg<\/li>\n<li>Dimensions : 57 x 30,5 x 21 cm L57 x P30,5 x H21cm<\/li>\n<li>Plaques de gril sup\u00e9rieures : B21,4 x D21,4cm<\/li>\n<li>Plaques de gril inf\u00e9rieures : B22 x D23,5cm<\/li>\n<li>230V\/50Hz\/1Phase 2 x 1800W<\/li>\n<\/ul>","protected":false},"excerpt":{"rendered":"<p>Avec ce gril professionnel \u00e0 double contact, vous pouvez servir de d\u00e9licieux hamburgers, sandwichs grill\u00e9s et paninis. Le gril est dot\u00e9 de plaques de cuisson rainur\u00e9es et est livr\u00e9 avec une brosse pour un nettoyage facile. C&#8217;est un appareil de cuisine polyvalent avec lequel vous pouvez pr\u00e9parer un grand nombre de plats.<\/p>","protected":false},"featured_media":6350,"template":"","meta":{"_acf_changed":false},"product_brand":[],"product_cat":[470],"product_tag":[],"class_list":{"0":"post-13800","1":"product","2":"type-product","3":"status-publish","4":"has-post-thumbnail","6":"product_cat-grills-planchas-2","8":"first","9":"instock","10":"sale","11":"taxable","12":"shipping-taxable","13":"purchasable","14":"product-type-simple"},"acf":[],"yoast_head":"<!-- This site is optimized with the Yoast SEO plugin v27.4 - https:\/\/yoast.com\/product\/yoast-seo-wordpress\/ -->\n<title>Grill contact - rainur\u00e9 - plaque de gril double - 2 x 22 cm - Gastora<\/title>\n<meta name=\"description\" content=\"Achetez Grill contact - rainur\u00e9 - plaque de gril double - 2 x 22 cm au meilleur prix, fiable et performant avec une livraison rapide\" \/>\n<meta name=\"robots\" content=\"index, follow, max-snippet:-1, max-image-preview:large, max-video-preview:-1\" \/>\n<link rel=\"canonical\" href=\"https:\/\/gastora.eu\/en\/product\/grill-contact-rainur-plaque-de-gril-double-2-x-22-cm\/\" \/>\n<meta property=\"og:locale\" content=\"en_US\" \/>\n<meta property=\"og:type\" content=\"article\" \/>\n<meta property=\"og:title\" content=\"Grill contact - rainur\u00e9 - plaque de gril double - 2 x 22 cm - Gastora\" \/>\n<meta property=\"og:description\" content=\"Achetez Grill contact - rainur\u00e9 - plaque de gril double - 2 x 22 cm au meilleur prix, fiable et performant avec une livraison rapide\" \/>\n<meta property=\"og:url\" content=\"https:\/\/gastora.eu\/en\/product\/grill-contact-rainur-plaque-de-gril-double-2-x-22-cm\/\" \/>\n<meta property=\"og:site_name\" content=\"Gastora\" \/>\n<meta property=\"article:modified_time\" content=\"2026-04-28T16:55:19+00:00\" \/>\n<meta name=\"twitter:card\" content=\"summary_large_image\" \/>\n<meta name=\"twitter:label1\" content=\"Est. reading time\" \/>\n\t<meta name=\"twitter:data1\" content=\"2 minutes\" \/>\n<script type=\"application\/ld+json\" class=\"yoast-schema-graph\">{\"@context\":\"https:\\\/\\\/schema.org\",\"@graph\":[{\"@type\":\"WebPage\",\"@id\":\"https:\\\/\\\/gastora.eu\\\/product\\\/grill-contact-rainur-plaque-de-gril-double-2-x-22-cm\\\/\",\"url\":\"https:\\\/\\\/gastora.eu\\\/product\\\/grill-contact-rainur-plaque-de-gril-double-2-x-22-cm\\\/\",\"name\":\"Grill contact - rainur\u00e9 - plaque de gril double - 2 x 22 cm - Gastora\",\"isPartOf\":{\"@id\":\"https:\\\/\\\/gastora.eu\\\/#website\"},\"primaryImageOfPage\":{\"@id\":\"https:\\\/\\\/gastora.eu\\\/product\\\/grill-contact-rainur-plaque-de-gril-double-2-x-22-cm\\\/#primaryimage\"},\"image\":{\"@id\":\"https:\\\/\\\/gastora.eu\\\/product\\\/grill-contact-rainur-plaque-de-gril-double-2-x-22-cm\\\/#primaryimage\"},\"thumbnailUrl\":\"https:\\\/\\\/gastora.eu\\\/wp-content\\\/uploads\\\/2026\\\/04\\\/09300435_3909.jpg\",\"datePublished\":\"2026-04-25T17:30:16+00:00\",\"dateModified\":\"2026-04-28T16:55:19+00:00\",\"description\":\"Achetez Grill contact - rainur\u00e9 - plaque de gril double - 2 x 22 cm au meilleur prix, fiable et performant avec une livraison rapide\",\"breadcrumb\":{\"@id\":\"https:\\\/\\\/gastora.eu\\\/product\\\/grill-contact-rainur-plaque-de-gril-double-2-x-22-cm\\\/#breadcrumb\"},\"inLanguage\":\"en-US\",\"potentialAction\":[{\"@type\":\"ReadAction\",\"target\":[\"https:\\\/\\\/gastora.eu\\\/product\\\/grill-contact-rainur-plaque-de-gril-double-2-x-22-cm\\\/\"]}]},{\"@type\":\"ImageObject\",\"inLanguage\":\"en-US\",\"@id\":\"https:\\\/\\\/gastora.eu\\\/product\\\/grill-contact-rainur-plaque-de-gril-double-2-x-22-cm\\\/#primaryimage\",\"url\":\"https:\\\/\\\/gastora.eu\\\/wp-content\\\/uploads\\\/2026\\\/04\\\/09300435_3909.jpg\",\"contentUrl\":\"https:\\\/\\\/gastora.eu\\\/wp-content\\\/uploads\\\/2026\\\/04\\\/09300435_3909.jpg\",\"width\":1200,\"height\":1200},{\"@type\":\"BreadcrumbList\",\"@id\":\"https:\\\/\\\/gastora.eu\\\/product\\\/grill-contact-rainur-plaque-de-gril-double-2-x-22-cm\\\/#breadcrumb\",\"itemListElement\":[{\"@type\":\"ListItem\",\"position\":1,\"name\":\"Home\",\"item\":\"https:\\\/\\\/gastora.eu\\\/\"},{\"@type\":\"ListItem\",\"position\":2,\"name\":\"Shop\",\"item\":\"https:\\\/\\\/gastora.eu\\\/shop\\\/\"},{\"@type\":\"ListItem\",\"position\":3,\"name\":\"Grill contact &#8211; rainur\u00e9 &#8211; plaque de gril double &#8211; 2 x 22 cm\"}]},{\"@type\":\"WebSite\",\"@id\":\"https:\\\/\\\/gastora.eu\\\/#website\",\"url\":\"https:\\\/\\\/gastora.eu\\\/\",\"name\":\"Gastora\",\"description\":\"\u00c9quipements professionnels CHR\",\"publisher\":{\"@id\":\"https:\\\/\\\/gastora.eu\\\/#organization\"},\"potentialAction\":[{\"@type\":\"SearchAction\",\"target\":{\"@type\":\"EntryPoint\",\"urlTemplate\":\"https:\\\/\\\/gastora.eu\\\/?s={search_term_string}\"},\"query-input\":{\"@type\":\"PropertyValueSpecification\",\"valueRequired\":true,\"valueName\":\"search_term_string\"}}],\"inLanguage\":\"en-US\"},{\"@type\":\"Organization\",\"@id\":\"https:\\\/\\\/gastora.eu\\\/#organization\",\"name\":\"Gastora\",\"url\":\"https:\\\/\\\/gastora.eu\\\/\",\"logo\":{\"@type\":\"ImageObject\",\"inLanguage\":\"en-US\",\"@id\":\"https:\\\/\\\/gastora.eu\\\/#\\\/schema\\\/logo\\\/image\\\/\",\"url\":\"https:\\\/\\\/gastora.eu\\\/wp-content\\\/uploads\\\/2025\\\/12\\\/ChatGPT-Image-2-janv.-2026-22_52_47-1.png\",\"contentUrl\":\"https:\\\/\\\/gastora.eu\\\/wp-content\\\/uploads\\\/2025\\\/12\\\/ChatGPT-Image-2-janv.-2026-22_52_47-1.png\",\"width\":1536,\"height\":320,\"caption\":\"Gastora\"},\"image\":{\"@id\":\"https:\\\/\\\/gastora.eu\\\/#\\\/schema\\\/logo\\\/image\\\/\"}}]}<\/script>\n<!-- \/ Yoast SEO plugin. -->","yoast_head_json":{"title":"Grill contact - rainur\u00e9 - plaque de gril double - 2 x 22 cm - Gastora","description":"Achetez Grill contact - rainur\u00e9 - plaque de gril double - 2 x 22 cm au meilleur prix, fiable et performant avec une livraison rapide","robots":{"index":"index","follow":"follow","max-snippet":"max-snippet:-1","max-image-preview":"max-image-preview:large","max-video-preview":"max-video-preview:-1"},"canonical":"https:\/\/gastora.eu\/en\/product\/grill-contact-rainur-plaque-de-gril-double-2-x-22-cm\/","og_locale":"en_US","og_type":"article","og_title":"Grill contact - rainur\u00e9 - plaque de gril double - 2 x 22 cm - Gastora","og_description":"Achetez Grill contact - rainur\u00e9 - plaque de gril double - 2 x 22 cm au meilleur prix, fiable et performant avec une livraison rapide","og_url":"https:\/\/gastora.eu\/en\/product\/grill-contact-rainur-plaque-de-gril-double-2-x-22-cm\/","og_site_name":"Gastora","article_modified_time":"2026-04-28T16:55:19+00:00","twitter_card":"summary_large_image","twitter_misc":{"Est. reading time":"2 minutes"},"schema":{"@context":"https:\/\/schema.org","@graph":[{"@type":"WebPage","@id":"https:\/\/gastora.eu\/product\/grill-contact-rainur-plaque-de-gril-double-2-x-22-cm\/","url":"https:\/\/gastora.eu\/product\/grill-contact-rainur-plaque-de-gril-double-2-x-22-cm\/","name":"Grill contact - rainur\u00e9 - plaque de gril double - 2 x 22 cm - Gastora","isPartOf":{"@id":"https:\/\/gastora.eu\/#website"},"primaryImageOfPage":{"@id":"https:\/\/gastora.eu\/product\/grill-contact-rainur-plaque-de-gril-double-2-x-22-cm\/#primaryimage"},"image":{"@id":"https:\/\/gastora.eu\/product\/grill-contact-rainur-plaque-de-gril-double-2-x-22-cm\/#primaryimage"},"thumbnailUrl":"https:\/\/gastora.eu\/wp-content\/uploads\/2026\/04\/09300435_3909.jpg","datePublished":"2026-04-25T17:30:16+00:00","dateModified":"2026-04-28T16:55:19+00:00","description":"Achetez Grill contact - rainur\u00e9 - plaque de gril double - 2 x 22 cm au meilleur prix, fiable et performant avec une livraison rapide","breadcrumb":{"@id":"https:\/\/gastora.eu\/product\/grill-contact-rainur-plaque-de-gril-double-2-x-22-cm\/#breadcrumb"},"inLanguage":"en-US","potentialAction":[{"@type":"ReadAction","target":["https:\/\/gastora.eu\/product\/grill-contact-rainur-plaque-de-gril-double-2-x-22-cm\/"]}]},{"@type":"ImageObject","inLanguage":"en-US","@id":"https:\/\/gastora.eu\/product\/grill-contact-rainur-plaque-de-gril-double-2-x-22-cm\/#primaryimage","url":"https:\/\/gastora.eu\/wp-content\/uploads\/2026\/04\/09300435_3909.jpg","contentUrl":"https:\/\/gastora.eu\/wp-content\/uploads\/2026\/04\/09300435_3909.jpg","width":1200,"height":1200},{"@type":"BreadcrumbList","@id":"https:\/\/gastora.eu\/product\/grill-contact-rainur-plaque-de-gril-double-2-x-22-cm\/#breadcrumb","itemListElement":[{"@type":"ListItem","position":1,"name":"Home","item":"https:\/\/gastora.eu\/"},{"@type":"ListItem","position":2,"name":"Shop","item":"https:\/\/gastora.eu\/shop\/"},{"@type":"ListItem","position":3,"name":"Grill contact &#8211; rainur\u00e9 &#8211; plaque de gril double &#8211; 2 x 22 cm"}]},{"@type":"WebSite","@id":"https:\/\/gastora.eu\/#website","url":"https:\/\/gastora.eu\/","name":"Gastora","description":"\u00c9quipements professionnels CHR","publisher":{"@id":"https:\/\/gastora.eu\/#organization"},"potentialAction":[{"@type":"SearchAction","target":{"@type":"EntryPoint","urlTemplate":"https:\/\/gastora.eu\/?s={search_term_string}"},"query-input":{"@type":"PropertyValueSpecification","valueRequired":true,"valueName":"search_term_string"}}],"inLanguage":"en-US"},{"@type":"Organization","@id":"https:\/\/gastora.eu\/#organization","name":"Gastora","url":"https:\/\/gastora.eu\/","logo":{"@type":"ImageObject","inLanguage":"en-US","@id":"https:\/\/gastora.eu\/#\/schema\/logo\/image\/","url":"https:\/\/gastora.eu\/wp-content\/uploads\/2025\/12\/ChatGPT-Image-2-janv.-2026-22_52_47-1.png","contentUrl":"https:\/\/gastora.eu\/wp-content\/uploads\/2025\/12\/ChatGPT-Image-2-janv.-2026-22_52_47-1.png","width":1536,"height":320,"caption":"Gastora"},"image":{"@id":"https:\/\/gastora.eu\/#\/schema\/logo\/image\/"}}]}},"jetpack_sharing_enabled":true,"_links":{"self":[{"href":"https:\/\/gastora.eu\/en\/wp-json\/wp\/v2\/product\/13800","targetHints":{"allow":["GET"]}}],"collection":[{"href":"https:\/\/gastora.eu\/en\/wp-json\/wp\/v2\/product"}],"about":[{"href":"https:\/\/gastora.eu\/en\/wp-json\/wp\/v2\/types\/product"}],"wp:featuredmedia":[{"embeddable":true,"href":"https:\/\/gastora.eu\/en\/wp-json\/wp\/v2\/media\/6350"}],"wp:attachment":[{"href":"https:\/\/gastora.eu\/en\/wp-json\/wp\/v2\/media?parent=13800"}],"wp:term":[{"taxonomy":"product_brand","embeddable":true,"href":"https:\/\/gastora.eu\/en\/wp-json\/wp\/v2\/product_brand?post=13800"},{"taxonomy":"product_cat","embeddable":true,"href":"https:\/\/gastora.eu\/en\/wp-json\/wp\/v2\/product_cat?post=13800"},{"taxonomy":"product_tag","embeddable":true,"href":"https:\/\/gastora.eu\/en\/wp-json\/wp\/v2\/product_tag?post=13800"}],"curies":[{"name":"wp","href":"https:\/\/api.w.org\/{rel}","templated":true}]}}