{"id":13798,"date":"2026-04-25T17:30:14","date_gmt":"2026-04-25T17:30:14","guid":{"rendered":"https:\/\/gastora.eu\/?post_type=product&#038;p=13798"},"modified":"2026-04-28T16:55:19","modified_gmt":"2026-04-28T16:55:19","slug":"grill-contact-rainur-plaque-de-gril-simple-22-cm","status":"publish","type":"product","link":"https:\/\/gastora.eu\/en\/product\/grill-contact-rainur-plaque-de-gril-simple-22-cm\/","title":{"rendered":"Grill contact &#8211; rainur\u00e9 &#8211; plaque de gril simple &#8211; 22 cm"},"content":{"rendered":"<p>La friture sur un gril \u00e0 contact est g\u00e9n\u00e9ralement plus saine, car vous utilisez peu d&#8217;huile ou de graisse. Avec ce gril de contact, vous pouvez faire frire des plats de viande, de poisson et de l\u00e9gumes. Vous pouvez \u00e9galement l&#8217;utiliser pour pr\u00e9parer de d\u00e9licieux paninis et sandwichs grill\u00e9s. Le gril de contact \u00e9tant de construction durable, cet appareil durera longtemps et r\u00e9sistera \u00e0 une utilisation intensive. Il convient donc parfaitement aux cuisines d&#8217;h\u00f4tellerie et de restauration tr\u00e8s fr\u00e9quent\u00e9es, qui n\u00e9cessitent une utilisation quotidienne intensive.<\/p>\n<h3>Bac de r\u00e9cup\u00e9ration pratique inclus<\/h3>\n<p>Ce gril de contact professionnel est \u00e9quip\u00e9 de deux plaques de cuisson en fonte robustes et rainur\u00e9es. Gr\u00e2ce aux stries, les plats obtiennent le motif de grillade caract\u00e9ristique. La r\u00e9partition de la chaleur de cet appareil est \u00e9galement tr\u00e8s bonne. Les produits de boulangerie sont donc cuits de mani\u00e8re homog\u00e8ne. Gr\u00e2ce au thermostat variable, vous pouvez r\u00e9gler la bonne temp\u00e9rature entre 50 et 300\u00baC. Le t\u00e9moin lumineux pratique indique que la bonne temp\u00e9rature est atteinte et que vous pouvez commencer \u00e0 cuisiner. Le gril de contact est \u00e9galement \u00e9quip\u00e9 d&#8217;un bac de r\u00e9cup\u00e9ration.<\/p>\n<h3>Facile \u00e0 nettoyer<\/h3>\n<p>Le nettoyage est tr\u00e8s facile gr\u00e2ce au bo\u00eetier et \u00e0 la poign\u00e9e en acier inoxydable. Vous pouvez les nettoyer avec un chiffon humide et de l&#8217;eau chaude. Les plaques du gril en fonte peuvent \u00eatre nettoy\u00e9es \u00e0 l&#8217;aide de la brosse de nettoyage fournie. Avant de proc\u00e9der, assurez-vous que l&#8217;appareil est \u00e9teint et que la fiche est retir\u00e9e de la prise murale. Une fois que les plaques ont refroidi, mais sont encore chaudes au toucher, enlevez les r\u00e9sidus d&#8217;aliments \u00e0 l&#8217;aide de la brosse. N&#8217;utilisez pas de produits de nettoyage agressifs ou d&#8217;\u00e9ponges \u00e0 r\u00e9curer. S\u00e9chez les plaques avec un chiffon doux. Les pieds en caoutchouc sur lesquels repose la grille de contact assurent une bonne stabilit\u00e9 de l&#8217;appareil.<\/p>\n<p><strong>Caract\u00e9ristiques<\/strong><\/p>\n<ul>\n<li>Bo\u00eetier et poign\u00e9e en acier inoxydable<\/li>\n<li>\u00c9quip\u00e9 d&#8217;un bac de r\u00e9cup\u00e9ration et d&#8217;un voyant de temp\u00e9rature<\/li>\n<li>R\u00e9partition optimale de la chaleur<\/li>\n<li>Thermostat variable de 50\u00b0C \u00e0 300\u00b0C<\/li>\n<li>Comprend une brosse de nettoyage<\/li>\n<\/ul>\n<p><strong>Caract\u00e9ristiques du produit<\/strong><\/p>\n<ul>\n<li>Poids net : 11,5 kg<\/li>\n<li>Dimensions : B29 x D30,5 x H21cm B29 x D30,5 x H21cm<\/li>\n<li>Plaque sup\u00e9rieure du gril : B21,4 x D21,4cm<\/li>\n<li>Plaque inf\u00e9rieure du gril : B22 x D23,5cm<\/li>\n<li>230V\/50Hz\/1Phase 1800W<\/li>\n<\/ul>","protected":false},"excerpt":{"rendered":"<p>Sur les plaques rainur\u00e9es en fonte de ce gril de contact professionnel, vous pouvez pr\u00e9parer non seulement des sandwichs grill\u00e9s et des paninis, mais aussi des plats de viande, de poisson et de l\u00e9gumes. Les plaques de cuisson en fonte sont faciles \u00e0 nettoyer gr\u00e2ce \u00e0 la brosse de nettoyage fournie. Il est \u00e9galement \u00e9quip\u00e9 d&#8217;un bac de r\u00e9cup\u00e9ration pratique pour recueillir l&#8217;huile.<\/p>","protected":false},"featured_media":6346,"template":"","meta":{"_acf_changed":false},"product_brand":[],"product_cat":[470],"product_tag":[],"class_list":{"0":"post-13798","1":"product","2":"type-product","3":"status-publish","4":"has-post-thumbnail","6":"product_cat-grills-planchas-2","8":"first","9":"instock","10":"sale","11":"taxable","12":"shipping-taxable","13":"purchasable","14":"product-type-simple"},"acf":[],"yoast_head":"<!-- This site is optimized with the Yoast SEO plugin v27.5 - https:\/\/yoast.com\/product\/yoast-seo-wordpress\/ -->\n<title>Grill contact - rainur\u00e9 - plaque de gril simple - 22 cm - Gastora<\/title>\n<meta name=\"description\" content=\"Achetez Grill contact - rainur\u00e9 - plaque de gril simple - 22 cm au meilleur prix, fiable et performant avec une livraison rapide\" \/>\n<meta name=\"robots\" content=\"index, follow, max-snippet:-1, max-image-preview:large, max-video-preview:-1\" \/>\n<link rel=\"canonical\" href=\"https:\/\/gastora.eu\/en\/product\/grill-contact-rainur-plaque-de-gril-simple-22-cm\/\" \/>\n<meta property=\"og:locale\" content=\"en_US\" \/>\n<meta property=\"og:type\" content=\"article\" \/>\n<meta property=\"og:title\" content=\"Grill contact - rainur\u00e9 - plaque de gril simple - 22 cm - Gastora\" \/>\n<meta property=\"og:description\" content=\"Achetez Grill contact - rainur\u00e9 - plaque de gril simple - 22 cm au meilleur prix, fiable et performant avec une livraison rapide\" \/>\n<meta property=\"og:url\" content=\"https:\/\/gastora.eu\/en\/product\/grill-contact-rainur-plaque-de-gril-simple-22-cm\/\" \/>\n<meta property=\"og:site_name\" content=\"Gastora\" \/>\n<meta property=\"article:modified_time\" content=\"2026-04-28T16:55:19+00:00\" \/>\n<meta name=\"twitter:card\" content=\"summary_large_image\" \/>\n<meta name=\"twitter:label1\" content=\"Est. reading time\" \/>\n\t<meta name=\"twitter:data1\" content=\"2 minutes\" \/>\n<script type=\"application\/ld+json\" class=\"yoast-schema-graph\">{\"@context\":\"https:\\\/\\\/schema.org\",\"@graph\":[{\"@type\":\"WebPage\",\"@id\":\"https:\\\/\\\/gastora.eu\\\/product\\\/grill-contact-rainur-plaque-de-gril-simple-22-cm\\\/\",\"url\":\"https:\\\/\\\/gastora.eu\\\/product\\\/grill-contact-rainur-plaque-de-gril-simple-22-cm\\\/\",\"name\":\"Grill contact - rainur\u00e9 - plaque de gril simple - 22 cm - Gastora\",\"isPartOf\":{\"@id\":\"https:\\\/\\\/gastora.eu\\\/#website\"},\"primaryImageOfPage\":{\"@id\":\"https:\\\/\\\/gastora.eu\\\/product\\\/grill-contact-rainur-plaque-de-gril-simple-22-cm\\\/#primaryimage\"},\"image\":{\"@id\":\"https:\\\/\\\/gastora.eu\\\/product\\\/grill-contact-rainur-plaque-de-gril-simple-22-cm\\\/#primaryimage\"},\"thumbnailUrl\":\"https:\\\/\\\/gastora.eu\\\/wp-content\\\/uploads\\\/2026\\\/04\\\/sp-005-61656e5bc13e6.jpg\",\"datePublished\":\"2026-04-25T17:30:14+00:00\",\"dateModified\":\"2026-04-28T16:55:19+00:00\",\"description\":\"Achetez Grill contact - rainur\u00e9 - plaque de gril simple - 22 cm au meilleur prix, fiable et performant avec une livraison rapide\",\"breadcrumb\":{\"@id\":\"https:\\\/\\\/gastora.eu\\\/product\\\/grill-contact-rainur-plaque-de-gril-simple-22-cm\\\/#breadcrumb\"},\"inLanguage\":\"en-US\",\"potentialAction\":[{\"@type\":\"ReadAction\",\"target\":[\"https:\\\/\\\/gastora.eu\\\/product\\\/grill-contact-rainur-plaque-de-gril-simple-22-cm\\\/\"]}]},{\"@type\":\"ImageObject\",\"inLanguage\":\"en-US\",\"@id\":\"https:\\\/\\\/gastora.eu\\\/product\\\/grill-contact-rainur-plaque-de-gril-simple-22-cm\\\/#primaryimage\",\"url\":\"https:\\\/\\\/gastora.eu\\\/wp-content\\\/uploads\\\/2026\\\/04\\\/sp-005-61656e5bc13e6.jpg\",\"contentUrl\":\"https:\\\/\\\/gastora.eu\\\/wp-content\\\/uploads\\\/2026\\\/04\\\/sp-005-61656e5bc13e6.jpg\",\"width\":1024,\"height\":1024},{\"@type\":\"BreadcrumbList\",\"@id\":\"https:\\\/\\\/gastora.eu\\\/product\\\/grill-contact-rainur-plaque-de-gril-simple-22-cm\\\/#breadcrumb\",\"itemListElement\":[{\"@type\":\"ListItem\",\"position\":1,\"name\":\"Home\",\"item\":\"https:\\\/\\\/gastora.eu\\\/\"},{\"@type\":\"ListItem\",\"position\":2,\"name\":\"Shop\",\"item\":\"https:\\\/\\\/gastora.eu\\\/shop\\\/\"},{\"@type\":\"ListItem\",\"position\":3,\"name\":\"Grill contact &#8211; rainur\u00e9 &#8211; plaque de gril simple &#8211; 22 cm\"}]},{\"@type\":\"WebSite\",\"@id\":\"https:\\\/\\\/gastora.eu\\\/#website\",\"url\":\"https:\\\/\\\/gastora.eu\\\/\",\"name\":\"Gastora\",\"description\":\"\u00c9quipements professionnels CHR\",\"publisher\":{\"@id\":\"https:\\\/\\\/gastora.eu\\\/#organization\"},\"potentialAction\":[{\"@type\":\"SearchAction\",\"target\":{\"@type\":\"EntryPoint\",\"urlTemplate\":\"https:\\\/\\\/gastora.eu\\\/?s={search_term_string}\"},\"query-input\":{\"@type\":\"PropertyValueSpecification\",\"valueRequired\":true,\"valueName\":\"search_term_string\"}}],\"inLanguage\":\"en-US\"},{\"@type\":\"Organization\",\"@id\":\"https:\\\/\\\/gastora.eu\\\/#organization\",\"name\":\"Gastora\",\"url\":\"https:\\\/\\\/gastora.eu\\\/\",\"logo\":{\"@type\":\"ImageObject\",\"inLanguage\":\"en-US\",\"@id\":\"https:\\\/\\\/gastora.eu\\\/#\\\/schema\\\/logo\\\/image\\\/\",\"url\":\"https:\\\/\\\/gastora.eu\\\/wp-content\\\/uploads\\\/2025\\\/12\\\/ChatGPT-Image-2-janv.-2026-22_52_47-1.png\",\"contentUrl\":\"https:\\\/\\\/gastora.eu\\\/wp-content\\\/uploads\\\/2025\\\/12\\\/ChatGPT-Image-2-janv.-2026-22_52_47-1.png\",\"width\":1536,\"height\":320,\"caption\":\"Gastora\"},\"image\":{\"@id\":\"https:\\\/\\\/gastora.eu\\\/#\\\/schema\\\/logo\\\/image\\\/\"}}]}<\/script>\n<!-- \/ Yoast SEO plugin. -->","yoast_head_json":{"title":"Grill contact - rainur\u00e9 - plaque de gril simple - 22 cm - Gastora","description":"Achetez Grill contact - rainur\u00e9 - plaque de gril simple - 22 cm au meilleur prix, fiable et performant avec une livraison rapide","robots":{"index":"index","follow":"follow","max-snippet":"max-snippet:-1","max-image-preview":"max-image-preview:large","max-video-preview":"max-video-preview:-1"},"canonical":"https:\/\/gastora.eu\/en\/product\/grill-contact-rainur-plaque-de-gril-simple-22-cm\/","og_locale":"en_US","og_type":"article","og_title":"Grill contact - rainur\u00e9 - plaque de gril simple - 22 cm - Gastora","og_description":"Achetez Grill contact - rainur\u00e9 - plaque de gril simple - 22 cm au meilleur prix, fiable et performant avec une livraison rapide","og_url":"https:\/\/gastora.eu\/en\/product\/grill-contact-rainur-plaque-de-gril-simple-22-cm\/","og_site_name":"Gastora","article_modified_time":"2026-04-28T16:55:19+00:00","twitter_card":"summary_large_image","twitter_misc":{"Est. reading time":"2 minutes"},"schema":{"@context":"https:\/\/schema.org","@graph":[{"@type":"WebPage","@id":"https:\/\/gastora.eu\/product\/grill-contact-rainur-plaque-de-gril-simple-22-cm\/","url":"https:\/\/gastora.eu\/product\/grill-contact-rainur-plaque-de-gril-simple-22-cm\/","name":"Grill contact - rainur\u00e9 - plaque de gril simple - 22 cm - Gastora","isPartOf":{"@id":"https:\/\/gastora.eu\/#website"},"primaryImageOfPage":{"@id":"https:\/\/gastora.eu\/product\/grill-contact-rainur-plaque-de-gril-simple-22-cm\/#primaryimage"},"image":{"@id":"https:\/\/gastora.eu\/product\/grill-contact-rainur-plaque-de-gril-simple-22-cm\/#primaryimage"},"thumbnailUrl":"https:\/\/gastora.eu\/wp-content\/uploads\/2026\/04\/sp-005-61656e5bc13e6.jpg","datePublished":"2026-04-25T17:30:14+00:00","dateModified":"2026-04-28T16:55:19+00:00","description":"Achetez Grill contact - rainur\u00e9 - plaque de gril simple - 22 cm au meilleur prix, fiable et performant avec une livraison rapide","breadcrumb":{"@id":"https:\/\/gastora.eu\/product\/grill-contact-rainur-plaque-de-gril-simple-22-cm\/#breadcrumb"},"inLanguage":"en-US","potentialAction":[{"@type":"ReadAction","target":["https:\/\/gastora.eu\/product\/grill-contact-rainur-plaque-de-gril-simple-22-cm\/"]}]},{"@type":"ImageObject","inLanguage":"en-US","@id":"https:\/\/gastora.eu\/product\/grill-contact-rainur-plaque-de-gril-simple-22-cm\/#primaryimage","url":"https:\/\/gastora.eu\/wp-content\/uploads\/2026\/04\/sp-005-61656e5bc13e6.jpg","contentUrl":"https:\/\/gastora.eu\/wp-content\/uploads\/2026\/04\/sp-005-61656e5bc13e6.jpg","width":1024,"height":1024},{"@type":"BreadcrumbList","@id":"https:\/\/gastora.eu\/product\/grill-contact-rainur-plaque-de-gril-simple-22-cm\/#breadcrumb","itemListElement":[{"@type":"ListItem","position":1,"name":"Home","item":"https:\/\/gastora.eu\/"},{"@type":"ListItem","position":2,"name":"Shop","item":"https:\/\/gastora.eu\/shop\/"},{"@type":"ListItem","position":3,"name":"Grill contact &#8211; rainur\u00e9 &#8211; plaque de gril simple &#8211; 22 cm"}]},{"@type":"WebSite","@id":"https:\/\/gastora.eu\/#website","url":"https:\/\/gastora.eu\/","name":"Gastora","description":"\u00c9quipements professionnels CHR","publisher":{"@id":"https:\/\/gastora.eu\/#organization"},"potentialAction":[{"@type":"SearchAction","target":{"@type":"EntryPoint","urlTemplate":"https:\/\/gastora.eu\/?s={search_term_string}"},"query-input":{"@type":"PropertyValueSpecification","valueRequired":true,"valueName":"search_term_string"}}],"inLanguage":"en-US"},{"@type":"Organization","@id":"https:\/\/gastora.eu\/#organization","name":"Gastora","url":"https:\/\/gastora.eu\/","logo":{"@type":"ImageObject","inLanguage":"en-US","@id":"https:\/\/gastora.eu\/#\/schema\/logo\/image\/","url":"https:\/\/gastora.eu\/wp-content\/uploads\/2025\/12\/ChatGPT-Image-2-janv.-2026-22_52_47-1.png","contentUrl":"https:\/\/gastora.eu\/wp-content\/uploads\/2025\/12\/ChatGPT-Image-2-janv.-2026-22_52_47-1.png","width":1536,"height":320,"caption":"Gastora"},"image":{"@id":"https:\/\/gastora.eu\/#\/schema\/logo\/image\/"}}]}},"jetpack_sharing_enabled":true,"_links":{"self":[{"href":"https:\/\/gastora.eu\/en\/wp-json\/wp\/v2\/product\/13798","targetHints":{"allow":["GET"]}}],"collection":[{"href":"https:\/\/gastora.eu\/en\/wp-json\/wp\/v2\/product"}],"about":[{"href":"https:\/\/gastora.eu\/en\/wp-json\/wp\/v2\/types\/product"}],"wp:featuredmedia":[{"embeddable":true,"href":"https:\/\/gastora.eu\/en\/wp-json\/wp\/v2\/media\/6346"}],"wp:attachment":[{"href":"https:\/\/gastora.eu\/en\/wp-json\/wp\/v2\/media?parent=13798"}],"wp:term":[{"taxonomy":"product_brand","embeddable":true,"href":"https:\/\/gastora.eu\/en\/wp-json\/wp\/v2\/product_brand?post=13798"},{"taxonomy":"product_cat","embeddable":true,"href":"https:\/\/gastora.eu\/en\/wp-json\/wp\/v2\/product_cat?post=13798"},{"taxonomy":"product_tag","embeddable":true,"href":"https:\/\/gastora.eu\/en\/wp-json\/wp\/v2\/product_tag?post=13798"}],"curies":[{"name":"wp","href":"https:\/\/api.w.org\/{rel}","templated":true}]}}