{"id":13792,"date":"2026-04-25T17:30:05","date_gmt":"2026-04-25T17:30:05","guid":{"rendered":"https:\/\/gastora.eu\/?post_type=product&#038;p=13792"},"modified":"2026-04-27T08:33:23","modified_gmt":"2026-04-27T08:33:23","slug":"support-pour-lave-vaisselle-sadapte-50-x-50-cm-acier-inoxydable","status":"publish","type":"product","link":"https:\/\/gastora.eu\/en\/product\/support-pour-lave-vaisselle-sadapte-50-x-50-cm-acier-inoxydable\/","title":{"rendered":"Support pour lave-vaisselle &#8211; s&#8217;adapte \u00e0 50 x 50 cm &#8211; acier inoxydable"},"content":{"rendered":"<p>Le support est fabriqu\u00e9 en acier inoxydable et les coins sont soud\u00e9s ensemble et finement polis, de sorte qu&#8217;il n&#8217;y a pas de bords tranchants et que vous pouvez travailler en toute s\u00e9curit\u00e9 dans la cuisine. Les pieds de ce support pratique sont \u00e9galement r\u00e9glables en hauteur, ce qui permet de choisir la hauteur exacte et d&#8217;\u00e9viter de se pencher inutilement. Le support est livr\u00e9 pr\u00e9assembl\u00e9 et pr\u00eat \u00e0 \u00eatre utilis\u00e9 d\u00e8s sa sortie de la bo\u00eete. Il est livr\u00e9 avec des \u00e9tag\u00e8res permettant de ranger deux paniers de 50 x 50 cm, pr\u00eats \u00e0 \u00eatre remplis.<\/p>\n<ul>\n<li>Support en acier inoxydable pour lave-vaisselle<\/li>\n<li>Les joints d&#8217;angle sont soud\u00e9s et polis<\/li>\n<li>Finition soign\u00e9e, pas d&#8217;ar\u00eates vives<\/li>\n<li>Avec des bords pli\u00e9s<\/li>\n<li>Livr\u00e9 enti\u00e8rement soud\u00e9<\/li>\n<li>\u00c9quip\u00e9 de deux fentes pour les paniers<\/li>\n<li>Tubes solides et carr\u00e9s<\/li>\n<li>Pieds r\u00e9glables en hauteur <\/li>\n<li>Poids net : 4kg<\/li>\n<li>Dimensions : L60,5 x P57 x H45cm<\/li>\n<\/ul>\n<ul>\n<li>Poids net : 4kg\n<ul>\n<li>Dimensions : L60,5 x P57 x H45cm<br \/>","protected":false},"excerpt":{"rendered":"<p>Ce support en acier inoxydable peut \u00eatre plac\u00e9 sous les lave-vaisselle \u00e9quip\u00e9s d&#8217;un panier de 50 x 50 cm. Il est id\u00e9al pour charger et d\u00e9charger la vaisselle sans se pencher.<\/p>","protected":false},"featured_media":6334,"template":"","meta":{"_acf_changed":false},"product_brand":[],"product_cat":[477],"product_tag":[],"class_list":{"0":"post-13792","1":"product","2":"type-product","3":"status-publish","4":"has-post-thumbnail","6":"product_cat-lave-vaisselle-professionnels-2","8":"first","9":"instock","10":"sale","11":"taxable","12":"shipping-taxable","13":"purchasable","14":"product-type-simple"},"acf":[],"yoast_head":"<!-- This site is optimized with the Yoast SEO plugin v27.4 - https:\/\/yoast.com\/product\/yoast-seo-wordpress\/ -->\n<title>Support pour lave-vaisselle - s&#039;adapte \u00e0 50 x 50 cm - acier inoxydable - Gastora<\/title>\n<meta name=\"description\" content=\"Achetez Support pour lave-vaisselle - s&#039;adapte \u00e0 50 x 50 cm - acier inoxydable au meilleur prix, fiable et performant avec une livraison rapide\" \/>\n<meta name=\"robots\" content=\"index, follow, max-snippet:-1, max-image-preview:large, max-video-preview:-1\" \/>\n<link rel=\"canonical\" href=\"https:\/\/gastora.eu\/en\/product\/support-pour-lave-vaisselle-sadapte-50-x-50-cm-acier-inoxydable\/\" \/>\n<meta property=\"og:locale\" content=\"en_US\" \/>\n<meta property=\"og:type\" content=\"article\" \/>\n<meta property=\"og:title\" content=\"Support pour lave-vaisselle - s&#039;adapte \u00e0 50 x 50 cm - acier inoxydable - Gastora\" \/>\n<meta property=\"og:description\" content=\"Achetez Support pour lave-vaisselle - s&#039;adapte \u00e0 50 x 50 cm - acier inoxydable au meilleur prix, fiable et performant avec une livraison rapide\" \/>\n<meta property=\"og:url\" content=\"https:\/\/gastora.eu\/en\/product\/support-pour-lave-vaisselle-sadapte-50-x-50-cm-acier-inoxydable\/\" \/>\n<meta property=\"og:site_name\" content=\"Gastora\" \/>\n<meta property=\"article:modified_time\" content=\"2026-04-27T08:33:23+00:00\" \/>\n<meta name=\"twitter:card\" content=\"summary_large_image\" \/>\n<meta name=\"twitter:label1\" content=\"Est. reading time\" \/>\n\t<meta name=\"twitter:data1\" content=\"1 minute\" \/>\n<script type=\"application\/ld+json\" class=\"yoast-schema-graph\">{\"@context\":\"https:\\\/\\\/schema.org\",\"@graph\":[{\"@type\":\"WebPage\",\"@id\":\"https:\\\/\\\/gastora.eu\\\/product\\\/support-pour-lave-vaisselle-sadapte-50-x-50-cm-acier-inoxydable\\\/\",\"url\":\"https:\\\/\\\/gastora.eu\\\/product\\\/support-pour-lave-vaisselle-sadapte-50-x-50-cm-acier-inoxydable\\\/\",\"name\":\"Support pour lave-vaisselle - s'adapte \u00e0 50 x 50 cm - acier inoxydable - Gastora\",\"isPartOf\":{\"@id\":\"https:\\\/\\\/gastora.eu\\\/#website\"},\"primaryImageOfPage\":{\"@id\":\"https:\\\/\\\/gastora.eu\\\/product\\\/support-pour-lave-vaisselle-sadapte-50-x-50-cm-acier-inoxydable\\\/#primaryimage\"},\"image\":{\"@id\":\"https:\\\/\\\/gastora.eu\\\/product\\\/support-pour-lave-vaisselle-sadapte-50-x-50-cm-acier-inoxydable\\\/#primaryimage\"},\"thumbnailUrl\":\"https:\\\/\\\/gastora.eu\\\/wp-content\\\/uploads\\\/2026\\\/04\\\/sp-005-61656e6b80947.jpg\",\"datePublished\":\"2026-04-25T17:30:05+00:00\",\"dateModified\":\"2026-04-27T08:33:23+00:00\",\"description\":\"Achetez Support pour lave-vaisselle - s'adapte \u00e0 50 x 50 cm - acier inoxydable au meilleur prix, fiable et performant avec une livraison rapide\",\"breadcrumb\":{\"@id\":\"https:\\\/\\\/gastora.eu\\\/product\\\/support-pour-lave-vaisselle-sadapte-50-x-50-cm-acier-inoxydable\\\/#breadcrumb\"},\"inLanguage\":\"en-US\",\"potentialAction\":[{\"@type\":\"ReadAction\",\"target\":[\"https:\\\/\\\/gastora.eu\\\/product\\\/support-pour-lave-vaisselle-sadapte-50-x-50-cm-acier-inoxydable\\\/\"]}]},{\"@type\":\"ImageObject\",\"inLanguage\":\"en-US\",\"@id\":\"https:\\\/\\\/gastora.eu\\\/product\\\/support-pour-lave-vaisselle-sadapte-50-x-50-cm-acier-inoxydable\\\/#primaryimage\",\"url\":\"https:\\\/\\\/gastora.eu\\\/wp-content\\\/uploads\\\/2026\\\/04\\\/sp-005-61656e6b80947.jpg\",\"contentUrl\":\"https:\\\/\\\/gastora.eu\\\/wp-content\\\/uploads\\\/2026\\\/04\\\/sp-005-61656e6b80947.jpg\",\"width\":2048,\"height\":2048},{\"@type\":\"BreadcrumbList\",\"@id\":\"https:\\\/\\\/gastora.eu\\\/product\\\/support-pour-lave-vaisselle-sadapte-50-x-50-cm-acier-inoxydable\\\/#breadcrumb\",\"itemListElement\":[{\"@type\":\"ListItem\",\"position\":1,\"name\":\"Home\",\"item\":\"https:\\\/\\\/gastora.eu\\\/\"},{\"@type\":\"ListItem\",\"position\":2,\"name\":\"Shop\",\"item\":\"https:\\\/\\\/gastora.eu\\\/shop\\\/\"},{\"@type\":\"ListItem\",\"position\":3,\"name\":\"Support pour lave-vaisselle &#8211; s&#8217;adapte \u00e0 50 x 50 cm &#8211; acier inoxydable\"}]},{\"@type\":\"WebSite\",\"@id\":\"https:\\\/\\\/gastora.eu\\\/#website\",\"url\":\"https:\\\/\\\/gastora.eu\\\/\",\"name\":\"Gastora\",\"description\":\"\u00c9quipements professionnels CHR\",\"publisher\":{\"@id\":\"https:\\\/\\\/gastora.eu\\\/#organization\"},\"potentialAction\":[{\"@type\":\"SearchAction\",\"target\":{\"@type\":\"EntryPoint\",\"urlTemplate\":\"https:\\\/\\\/gastora.eu\\\/?s={search_term_string}\"},\"query-input\":{\"@type\":\"PropertyValueSpecification\",\"valueRequired\":true,\"valueName\":\"search_term_string\"}}],\"inLanguage\":\"en-US\"},{\"@type\":\"Organization\",\"@id\":\"https:\\\/\\\/gastora.eu\\\/#organization\",\"name\":\"Gastora\",\"url\":\"https:\\\/\\\/gastora.eu\\\/\",\"logo\":{\"@type\":\"ImageObject\",\"inLanguage\":\"en-US\",\"@id\":\"https:\\\/\\\/gastora.eu\\\/#\\\/schema\\\/logo\\\/image\\\/\",\"url\":\"https:\\\/\\\/gastora.eu\\\/wp-content\\\/uploads\\\/2025\\\/12\\\/ChatGPT-Image-2-janv.-2026-22_52_47-1.png\",\"contentUrl\":\"https:\\\/\\\/gastora.eu\\\/wp-content\\\/uploads\\\/2025\\\/12\\\/ChatGPT-Image-2-janv.-2026-22_52_47-1.png\",\"width\":1536,\"height\":320,\"caption\":\"Gastora\"},\"image\":{\"@id\":\"https:\\\/\\\/gastora.eu\\\/#\\\/schema\\\/logo\\\/image\\\/\"}}]}<\/script>\n<!-- \/ Yoast SEO plugin. -->","yoast_head_json":{"title":"Support pour lave-vaisselle - s'adapte \u00e0 50 x 50 cm - acier inoxydable - Gastora","description":"Achetez Support pour lave-vaisselle - s'adapte \u00e0 50 x 50 cm - acier inoxydable au meilleur prix, fiable et performant avec une livraison rapide","robots":{"index":"index","follow":"follow","max-snippet":"max-snippet:-1","max-image-preview":"max-image-preview:large","max-video-preview":"max-video-preview:-1"},"canonical":"https:\/\/gastora.eu\/en\/product\/support-pour-lave-vaisselle-sadapte-50-x-50-cm-acier-inoxydable\/","og_locale":"en_US","og_type":"article","og_title":"Support pour lave-vaisselle - s'adapte \u00e0 50 x 50 cm - acier inoxydable - Gastora","og_description":"Achetez Support pour lave-vaisselle - s'adapte \u00e0 50 x 50 cm - acier inoxydable au meilleur prix, fiable et performant avec une livraison rapide","og_url":"https:\/\/gastora.eu\/en\/product\/support-pour-lave-vaisselle-sadapte-50-x-50-cm-acier-inoxydable\/","og_site_name":"Gastora","article_modified_time":"2026-04-27T08:33:23+00:00","twitter_card":"summary_large_image","twitter_misc":{"Est. reading time":"1 minute"},"schema":{"@context":"https:\/\/schema.org","@graph":[{"@type":"WebPage","@id":"https:\/\/gastora.eu\/product\/support-pour-lave-vaisselle-sadapte-50-x-50-cm-acier-inoxydable\/","url":"https:\/\/gastora.eu\/product\/support-pour-lave-vaisselle-sadapte-50-x-50-cm-acier-inoxydable\/","name":"Support pour lave-vaisselle - s'adapte \u00e0 50 x 50 cm - acier inoxydable - Gastora","isPartOf":{"@id":"https:\/\/gastora.eu\/#website"},"primaryImageOfPage":{"@id":"https:\/\/gastora.eu\/product\/support-pour-lave-vaisselle-sadapte-50-x-50-cm-acier-inoxydable\/#primaryimage"},"image":{"@id":"https:\/\/gastora.eu\/product\/support-pour-lave-vaisselle-sadapte-50-x-50-cm-acier-inoxydable\/#primaryimage"},"thumbnailUrl":"https:\/\/gastora.eu\/wp-content\/uploads\/2026\/04\/sp-005-61656e6b80947.jpg","datePublished":"2026-04-25T17:30:05+00:00","dateModified":"2026-04-27T08:33:23+00:00","description":"Achetez Support pour lave-vaisselle - s'adapte \u00e0 50 x 50 cm - acier inoxydable au meilleur prix, fiable et performant avec une livraison rapide","breadcrumb":{"@id":"https:\/\/gastora.eu\/product\/support-pour-lave-vaisselle-sadapte-50-x-50-cm-acier-inoxydable\/#breadcrumb"},"inLanguage":"en-US","potentialAction":[{"@type":"ReadAction","target":["https:\/\/gastora.eu\/product\/support-pour-lave-vaisselle-sadapte-50-x-50-cm-acier-inoxydable\/"]}]},{"@type":"ImageObject","inLanguage":"en-US","@id":"https:\/\/gastora.eu\/product\/support-pour-lave-vaisselle-sadapte-50-x-50-cm-acier-inoxydable\/#primaryimage","url":"https:\/\/gastora.eu\/wp-content\/uploads\/2026\/04\/sp-005-61656e6b80947.jpg","contentUrl":"https:\/\/gastora.eu\/wp-content\/uploads\/2026\/04\/sp-005-61656e6b80947.jpg","width":2048,"height":2048},{"@type":"BreadcrumbList","@id":"https:\/\/gastora.eu\/product\/support-pour-lave-vaisselle-sadapte-50-x-50-cm-acier-inoxydable\/#breadcrumb","itemListElement":[{"@type":"ListItem","position":1,"name":"Home","item":"https:\/\/gastora.eu\/"},{"@type":"ListItem","position":2,"name":"Shop","item":"https:\/\/gastora.eu\/shop\/"},{"@type":"ListItem","position":3,"name":"Support pour lave-vaisselle &#8211; s&#8217;adapte \u00e0 50 x 50 cm &#8211; acier inoxydable"}]},{"@type":"WebSite","@id":"https:\/\/gastora.eu\/#website","url":"https:\/\/gastora.eu\/","name":"Gastora","description":"\u00c9quipements professionnels CHR","publisher":{"@id":"https:\/\/gastora.eu\/#organization"},"potentialAction":[{"@type":"SearchAction","target":{"@type":"EntryPoint","urlTemplate":"https:\/\/gastora.eu\/?s={search_term_string}"},"query-input":{"@type":"PropertyValueSpecification","valueRequired":true,"valueName":"search_term_string"}}],"inLanguage":"en-US"},{"@type":"Organization","@id":"https:\/\/gastora.eu\/#organization","name":"Gastora","url":"https:\/\/gastora.eu\/","logo":{"@type":"ImageObject","inLanguage":"en-US","@id":"https:\/\/gastora.eu\/#\/schema\/logo\/image\/","url":"https:\/\/gastora.eu\/wp-content\/uploads\/2025\/12\/ChatGPT-Image-2-janv.-2026-22_52_47-1.png","contentUrl":"https:\/\/gastora.eu\/wp-content\/uploads\/2025\/12\/ChatGPT-Image-2-janv.-2026-22_52_47-1.png","width":1536,"height":320,"caption":"Gastora"},"image":{"@id":"https:\/\/gastora.eu\/#\/schema\/logo\/image\/"}}]}},"jetpack_sharing_enabled":true,"_links":{"self":[{"href":"https:\/\/gastora.eu\/en\/wp-json\/wp\/v2\/product\/13792","targetHints":{"allow":["GET"]}}],"collection":[{"href":"https:\/\/gastora.eu\/en\/wp-json\/wp\/v2\/product"}],"about":[{"href":"https:\/\/gastora.eu\/en\/wp-json\/wp\/v2\/types\/product"}],"wp:featuredmedia":[{"embeddable":true,"href":"https:\/\/gastora.eu\/en\/wp-json\/wp\/v2\/media\/6334"}],"wp:attachment":[{"href":"https:\/\/gastora.eu\/en\/wp-json\/wp\/v2\/media?parent=13792"}],"wp:term":[{"taxonomy":"product_brand","embeddable":true,"href":"https:\/\/gastora.eu\/en\/wp-json\/wp\/v2\/product_brand?post=13792"},{"taxonomy":"product_cat","embeddable":true,"href":"https:\/\/gastora.eu\/en\/wp-json\/wp\/v2\/product_cat?post=13792"},{"taxonomy":"product_tag","embeddable":true,"href":"https:\/\/gastora.eu\/en\/wp-json\/wp\/v2\/product_tag?post=13792"}],"curies":[{"name":"wp","href":"https:\/\/api.w.org\/{rel}","templated":true}]}}