{"id":13790,"date":"2026-04-25T17:30:03","date_gmt":"2026-04-25T17:30:03","guid":{"rendered":"https:\/\/gastora.eu\/?post_type=product&#038;p=13790"},"modified":"2026-04-28T16:55:18","modified_gmt":"2026-04-28T16:55:18","slug":"robot-culinaire-9-l","status":"publish","type":"product","link":"https:\/\/gastora.eu\/en\/product\/robot-culinaire-9-l\/","title":{"rendered":"Robot culinaire &#8211; 9 L"},"content":{"rendered":"<p>Ce robot culinaire professionnel de 9 litres est un ajout bienvenu dans toute cuisine professionnelle. Il peut couper et mixer divers ingr\u00e9dients tels que la viande, le poisson, les noix, les fruits, le fromage et le chocolat. En outre, il est tr\u00e8s pratique pour pr\u00e9parer du pesto, des vinaigrettes, des sauces, de la tapenade et des m\u00e9langes d&#8217;\u00e9pices. Comme vous pouvez r\u00e9gler la vitesse entre 1100 et 2800 tours\/minute, vous pouvez pr\u00e9parer des farces pour les plats de viande et de p\u00e2tes avec la texture souhait\u00e9e.<\/p>\n<h3>Travailler en toute s\u00e9curit\u00e9 gr\u00e2ce \u00e0 des pr\u00e9cautions suppl\u00e9mentaires<\/h3>\n<p>Il est tr\u00e8s facile de hacher les ingr\u00e9dients dans ce processeur facile \u00e0 utiliser. Il suffit de placer tous les ingr\u00e9dients que vous souhaitez hacher dans le grand bol en acier inoxydable. Placez ensuite le couvercle sur le bol et utilisez les deux loquets de s\u00e9curit\u00e9 du robot pour le fixer fermement. Cela permet d&#8217;\u00e9viter les accidents et de s&#8217;assurer que tous les ingr\u00e9dients restent dans le bol. Enfin, fermez le couvercle \u00e0 l&#8217;aide du levier situ\u00e9 sur le dessus du couvercle. Le couvercle transparent comporte une ouverture de recharge pratique pour ajouter des ingr\u00e9dients suppl\u00e9mentaires en toute s\u00e9curit\u00e9. Les ingr\u00e9dients sont trait\u00e9s sans effort gr\u00e2ce \u00e0 la lame en forme de S fabriqu\u00e9e en acier inoxydable.<\/p>\n<h3>Pieds en caoutchouc<\/h3>\n<p>Ce robot robuste est \u00e9quip\u00e9 de pieds en caoutchouc pour une meilleure adh\u00e9rence, ce qui vous permet de travailler de mani\u00e8re encore plus s\u00fbre. Le nettoyage du robot est simple, gr\u00e2ce aux pi\u00e8ces en acier inoxydable. De plus, le bol et les poign\u00e9es ont des coins arrondis afin que les particules alimentaires ne s&#8217;accumulent pas dans les coins. D\u00e9branchez d&#8217;abord le robot culinaire, puis retirez les pi\u00e8ces. Le bo\u00eetier en acier inoxydable du robot peut \u00eatre nettoy\u00e9 avec un chiffon l\u00e9g\u00e8rement humide. Utilisez ensuite un d\u00e9tergent doux et de l&#8217;eau chaude pour nettoyer toutes les pi\u00e8ces. S\u00e9chez tout soigneusement avec un chiffon sec avant de r\u00e9assembler l&#8217;appareil pour la prochaine utilisation.<\/p>\n<ul>\n<li>Coupeur professionnel pour la restauration<\/li>\n<li>Bonne qualit\u00e9 avec des finitions de luxe<\/li>\n<li>9.bol en acier inoxydable de 0L (Capacit\u00e9 de charge 4,6L)<\/li>\n<li>Cockpit avec coins arrondis et poign\u00e9es<\/li>\n<li>Bo\u00eetier enti\u00e8rement en acier inoxydable<\/li>\n<li>Avec deux interrupteurs de s\u00e9curit\u00e9<\/li>\n<li>\u00c9quip\u00e9 d&#8217;une lame en acier inoxydable en forme de S<\/li>\n<li>Couvercle en plastique transparent<\/li>\n<li>\u00c9quip\u00e9 d&#8217;une ouverture de recharge<\/li>\n<li>Repose sur quatre pieds en caoutchouc<\/li>\n<li>Facile \u00e0 nettoyer<\/li>\n<li>Poids net : 21kg<\/li>\n<li>Dimensions : B57 x D38,5 x H46cm<\/li>\n<li>Vitesse variable : 1100-2800RPM<\/li>\n<li>230V\/50Hz\/1Phase 1800W<\/li>\n<\/ul>\n<p>Convient pour le traitement de :<\/p>\n<ul>\n<li>Viande et poisson<\/li>\n<li>Fruits et l\u00e9gumes<\/li>\n<li>Noix<\/li>\n<li>Fruits secs<\/li>\n<li>Fromage<\/li>\n<li>Chocolat<\/li>\n<li>Etc. etc.<\/li>\n<\/ul>\n<p>Id\u00e9al pour cr\u00e9er :<\/p>\n<ul>\n<li>Pesto<\/li>\n<li>Tapenade<\/li>\n<li>Sauces<\/li>\n<li>M\u00e9langes d&#8217;assaisonnement<\/li>\n<li>Garnitures<\/li>\n<li>Vinaigrettes<\/li>\n<li>Alimentation par sonde<\/li>\n<li>Etc. etc.<\/li>\n<\/ul>","protected":false},"excerpt":{"rendered":"<p>Ce puissant robot culinaire dot\u00e9 d&#8217;un bol en acier inoxydable de 9L hache et m\u00e9lange de grandes quantit\u00e9s d&#8217;ingr\u00e9dients, notamment de la viande, du poisson, des l\u00e9gumes, des fruits, des noix et du fromage. La vitesse est r\u00e9glable entre 1100 et 2800RPM et le couteau est tr\u00e8s facile \u00e0 nettoyer.<\/p>","protected":false},"featured_media":6330,"template":"","meta":{"_acf_changed":false},"product_brand":[],"product_cat":[471],"product_tag":[],"class_list":{"0":"post-13790","1":"product","2":"type-product","3":"status-publish","4":"has-post-thumbnail","6":"product_cat-robots-cutters-2","8":"first","9":"instock","10":"sale","11":"taxable","12":"shipping-taxable","13":"purchasable","14":"product-type-simple"},"acf":[],"yoast_head":"<!-- This site is optimized with the Yoast SEO plugin v27.5 - https:\/\/yoast.com\/product\/yoast-seo-wordpress\/ -->\n<title>Robot culinaire - 9 L - Gastora<\/title>\n<meta name=\"description\" content=\"Achetez Robot culinaire - 9 L au meilleur prix, fiable et performant avec une livraison rapide\" \/>\n<meta name=\"robots\" content=\"index, follow, max-snippet:-1, max-image-preview:large, max-video-preview:-1\" \/>\n<link rel=\"canonical\" href=\"https:\/\/gastora.eu\/en\/product\/robot-culinaire-9-l\/\" \/>\n<meta property=\"og:locale\" content=\"en_US\" \/>\n<meta property=\"og:type\" content=\"article\" \/>\n<meta property=\"og:title\" content=\"Robot culinaire - 9 L - Gastora\" \/>\n<meta property=\"og:description\" content=\"Achetez Robot culinaire - 9 L au meilleur prix, fiable et performant avec une livraison rapide\" \/>\n<meta property=\"og:url\" content=\"https:\/\/gastora.eu\/en\/product\/robot-culinaire-9-l\/\" \/>\n<meta property=\"og:site_name\" content=\"Gastora\" \/>\n<meta property=\"article:modified_time\" content=\"2026-04-28T16:55:18+00:00\" \/>\n<meta name=\"twitter:card\" content=\"summary_large_image\" \/>\n<meta name=\"twitter:label1\" content=\"Est. reading time\" \/>\n\t<meta name=\"twitter:data1\" content=\"2 minutes\" \/>\n<script type=\"application\/ld+json\" class=\"yoast-schema-graph\">{\"@context\":\"https:\\\/\\\/schema.org\",\"@graph\":[{\"@type\":\"WebPage\",\"@id\":\"https:\\\/\\\/gastora.eu\\\/product\\\/robot-culinaire-9-l\\\/\",\"url\":\"https:\\\/\\\/gastora.eu\\\/product\\\/robot-culinaire-9-l\\\/\",\"name\":\"Robot culinaire - 9 L - Gastora\",\"isPartOf\":{\"@id\":\"https:\\\/\\\/gastora.eu\\\/#website\"},\"primaryImageOfPage\":{\"@id\":\"https:\\\/\\\/gastora.eu\\\/product\\\/robot-culinaire-9-l\\\/#primaryimage\"},\"image\":{\"@id\":\"https:\\\/\\\/gastora.eu\\\/product\\\/robot-culinaire-9-l\\\/#primaryimage\"},\"thumbnailUrl\":\"https:\\\/\\\/gastora.eu\\\/wp-content\\\/uploads\\\/2026\\\/04\\\/1_cutter_deluxe_9l_4592.jpg\",\"datePublished\":\"2026-04-25T17:30:03+00:00\",\"dateModified\":\"2026-04-28T16:55:18+00:00\",\"description\":\"Achetez Robot culinaire - 9 L au meilleur prix, fiable et performant avec une livraison rapide\",\"breadcrumb\":{\"@id\":\"https:\\\/\\\/gastora.eu\\\/product\\\/robot-culinaire-9-l\\\/#breadcrumb\"},\"inLanguage\":\"en-US\",\"potentialAction\":[{\"@type\":\"ReadAction\",\"target\":[\"https:\\\/\\\/gastora.eu\\\/product\\\/robot-culinaire-9-l\\\/\"]}]},{\"@type\":\"ImageObject\",\"inLanguage\":\"en-US\",\"@id\":\"https:\\\/\\\/gastora.eu\\\/product\\\/robot-culinaire-9-l\\\/#primaryimage\",\"url\":\"https:\\\/\\\/gastora.eu\\\/wp-content\\\/uploads\\\/2026\\\/04\\\/1_cutter_deluxe_9l_4592.jpg\",\"contentUrl\":\"https:\\\/\\\/gastora.eu\\\/wp-content\\\/uploads\\\/2026\\\/04\\\/1_cutter_deluxe_9l_4592.jpg\",\"width\":1200,\"height\":1200},{\"@type\":\"BreadcrumbList\",\"@id\":\"https:\\\/\\\/gastora.eu\\\/product\\\/robot-culinaire-9-l\\\/#breadcrumb\",\"itemListElement\":[{\"@type\":\"ListItem\",\"position\":1,\"name\":\"Home\",\"item\":\"https:\\\/\\\/gastora.eu\\\/\"},{\"@type\":\"ListItem\",\"position\":2,\"name\":\"Shop\",\"item\":\"https:\\\/\\\/gastora.eu\\\/shop\\\/\"},{\"@type\":\"ListItem\",\"position\":3,\"name\":\"Robot culinaire &#8211; 9 L\"}]},{\"@type\":\"WebSite\",\"@id\":\"https:\\\/\\\/gastora.eu\\\/#website\",\"url\":\"https:\\\/\\\/gastora.eu\\\/\",\"name\":\"Gastora\",\"description\":\"\u00c9quipements professionnels CHR\",\"publisher\":{\"@id\":\"https:\\\/\\\/gastora.eu\\\/#organization\"},\"potentialAction\":[{\"@type\":\"SearchAction\",\"target\":{\"@type\":\"EntryPoint\",\"urlTemplate\":\"https:\\\/\\\/gastora.eu\\\/?s={search_term_string}\"},\"query-input\":{\"@type\":\"PropertyValueSpecification\",\"valueRequired\":true,\"valueName\":\"search_term_string\"}}],\"inLanguage\":\"en-US\"},{\"@type\":\"Organization\",\"@id\":\"https:\\\/\\\/gastora.eu\\\/#organization\",\"name\":\"Gastora\",\"url\":\"https:\\\/\\\/gastora.eu\\\/\",\"logo\":{\"@type\":\"ImageObject\",\"inLanguage\":\"en-US\",\"@id\":\"https:\\\/\\\/gastora.eu\\\/#\\\/schema\\\/logo\\\/image\\\/\",\"url\":\"https:\\\/\\\/gastora.eu\\\/wp-content\\\/uploads\\\/2025\\\/12\\\/ChatGPT-Image-2-janv.-2026-22_52_47-1.png\",\"contentUrl\":\"https:\\\/\\\/gastora.eu\\\/wp-content\\\/uploads\\\/2025\\\/12\\\/ChatGPT-Image-2-janv.-2026-22_52_47-1.png\",\"width\":1536,\"height\":320,\"caption\":\"Gastora\"},\"image\":{\"@id\":\"https:\\\/\\\/gastora.eu\\\/#\\\/schema\\\/logo\\\/image\\\/\"}}]}<\/script>\n<!-- \/ Yoast SEO plugin. -->","yoast_head_json":{"title":"Robot culinaire - 9 L - Gastora","description":"Achetez Robot culinaire - 9 L au meilleur prix, fiable et performant avec une livraison rapide","robots":{"index":"index","follow":"follow","max-snippet":"max-snippet:-1","max-image-preview":"max-image-preview:large","max-video-preview":"max-video-preview:-1"},"canonical":"https:\/\/gastora.eu\/en\/product\/robot-culinaire-9-l\/","og_locale":"en_US","og_type":"article","og_title":"Robot culinaire - 9 L - Gastora","og_description":"Achetez Robot culinaire - 9 L au meilleur prix, fiable et performant avec une livraison rapide","og_url":"https:\/\/gastora.eu\/en\/product\/robot-culinaire-9-l\/","og_site_name":"Gastora","article_modified_time":"2026-04-28T16:55:18+00:00","twitter_card":"summary_large_image","twitter_misc":{"Est. reading time":"2 minutes"},"schema":{"@context":"https:\/\/schema.org","@graph":[{"@type":"WebPage","@id":"https:\/\/gastora.eu\/product\/robot-culinaire-9-l\/","url":"https:\/\/gastora.eu\/product\/robot-culinaire-9-l\/","name":"Robot culinaire - 9 L - Gastora","isPartOf":{"@id":"https:\/\/gastora.eu\/#website"},"primaryImageOfPage":{"@id":"https:\/\/gastora.eu\/product\/robot-culinaire-9-l\/#primaryimage"},"image":{"@id":"https:\/\/gastora.eu\/product\/robot-culinaire-9-l\/#primaryimage"},"thumbnailUrl":"https:\/\/gastora.eu\/wp-content\/uploads\/2026\/04\/1_cutter_deluxe_9l_4592.jpg","datePublished":"2026-04-25T17:30:03+00:00","dateModified":"2026-04-28T16:55:18+00:00","description":"Achetez Robot culinaire - 9 L au meilleur prix, fiable et performant avec une livraison rapide","breadcrumb":{"@id":"https:\/\/gastora.eu\/product\/robot-culinaire-9-l\/#breadcrumb"},"inLanguage":"en-US","potentialAction":[{"@type":"ReadAction","target":["https:\/\/gastora.eu\/product\/robot-culinaire-9-l\/"]}]},{"@type":"ImageObject","inLanguage":"en-US","@id":"https:\/\/gastora.eu\/product\/robot-culinaire-9-l\/#primaryimage","url":"https:\/\/gastora.eu\/wp-content\/uploads\/2026\/04\/1_cutter_deluxe_9l_4592.jpg","contentUrl":"https:\/\/gastora.eu\/wp-content\/uploads\/2026\/04\/1_cutter_deluxe_9l_4592.jpg","width":1200,"height":1200},{"@type":"BreadcrumbList","@id":"https:\/\/gastora.eu\/product\/robot-culinaire-9-l\/#breadcrumb","itemListElement":[{"@type":"ListItem","position":1,"name":"Home","item":"https:\/\/gastora.eu\/"},{"@type":"ListItem","position":2,"name":"Shop","item":"https:\/\/gastora.eu\/shop\/"},{"@type":"ListItem","position":3,"name":"Robot culinaire &#8211; 9 L"}]},{"@type":"WebSite","@id":"https:\/\/gastora.eu\/#website","url":"https:\/\/gastora.eu\/","name":"Gastora","description":"\u00c9quipements professionnels CHR","publisher":{"@id":"https:\/\/gastora.eu\/#organization"},"potentialAction":[{"@type":"SearchAction","target":{"@type":"EntryPoint","urlTemplate":"https:\/\/gastora.eu\/?s={search_term_string}"},"query-input":{"@type":"PropertyValueSpecification","valueRequired":true,"valueName":"search_term_string"}}],"inLanguage":"en-US"},{"@type":"Organization","@id":"https:\/\/gastora.eu\/#organization","name":"Gastora","url":"https:\/\/gastora.eu\/","logo":{"@type":"ImageObject","inLanguage":"en-US","@id":"https:\/\/gastora.eu\/#\/schema\/logo\/image\/","url":"https:\/\/gastora.eu\/wp-content\/uploads\/2025\/12\/ChatGPT-Image-2-janv.-2026-22_52_47-1.png","contentUrl":"https:\/\/gastora.eu\/wp-content\/uploads\/2025\/12\/ChatGPT-Image-2-janv.-2026-22_52_47-1.png","width":1536,"height":320,"caption":"Gastora"},"image":{"@id":"https:\/\/gastora.eu\/#\/schema\/logo\/image\/"}}]}},"jetpack_sharing_enabled":true,"_links":{"self":[{"href":"https:\/\/gastora.eu\/en\/wp-json\/wp\/v2\/product\/13790","targetHints":{"allow":["GET"]}}],"collection":[{"href":"https:\/\/gastora.eu\/en\/wp-json\/wp\/v2\/product"}],"about":[{"href":"https:\/\/gastora.eu\/en\/wp-json\/wp\/v2\/types\/product"}],"wp:featuredmedia":[{"embeddable":true,"href":"https:\/\/gastora.eu\/en\/wp-json\/wp\/v2\/media\/6330"}],"wp:attachment":[{"href":"https:\/\/gastora.eu\/en\/wp-json\/wp\/v2\/media?parent=13790"}],"wp:term":[{"taxonomy":"product_brand","embeddable":true,"href":"https:\/\/gastora.eu\/en\/wp-json\/wp\/v2\/product_brand?post=13790"},{"taxonomy":"product_cat","embeddable":true,"href":"https:\/\/gastora.eu\/en\/wp-json\/wp\/v2\/product_cat?post=13790"},{"taxonomy":"product_tag","embeddable":true,"href":"https:\/\/gastora.eu\/en\/wp-json\/wp\/v2\/product_tag?post=13790"}],"curies":[{"name":"wp","href":"https:\/\/api.w.org\/{rel}","templated":true}]}}