{"id":13789,"date":"2026-04-25T17:30:02","date_gmt":"2026-04-25T17:30:02","guid":{"rendered":"https:\/\/gastora.eu\/?post_type=product&#038;p=13789"},"modified":"2026-04-28T16:55:18","modified_gmt":"2026-04-28T16:55:18","slug":"robot-culinaire-6-l","status":"publish","type":"product","link":"https:\/\/gastora.eu\/en\/product\/robot-culinaire-6-l\/","title":{"rendered":"Robot culinaire &#8211; 6 L"},"content":{"rendered":"<p>Vous gagnerez beaucoup de temps dans la cuisine de restauration avec ce robot de cuisine professionnel. Sans tracas, ce cutter coupe et m\u00e9lange divers produits, notamment de la viande et du poisson, des l\u00e9gumes et des fruits, des noix, des fruits secs, du fromage et du chocolat. Ce hachoir permet \u00e9galement de pr\u00e9parer de d\u00e9licieux pesto, tapenade, sauces, m\u00e9langes d&#8217;herbes et vinaigrettes. M\u00eame la pr\u00e9paration des garnitures pour les plats de viande est facile avec ce robot culinaire et peut \u00eatre r\u00e9alis\u00e9e avec la texture souhait\u00e9e. La vitesse est r\u00e9glable entre 1100 et 2800 tr\/min.<\/p>\n<h3>Robot de cuisine facile \u00e0 utiliser<\/h3>\n<p>Ce robot de cuisine professionnel est tr\u00e8s facile \u00e0 utiliser. Le grand bol en acier inoxydable d&#8217;une capacit\u00e9 de 6 litres est l&#8217;endroit o\u00f9 mettre tous les ingr\u00e9dients dont vous avez besoin. Placez ensuite le deskel sur le cutter et serrez les deux loquets de s\u00e9curit\u00e9 \u00e0 c\u00f4t\u00e9 du bol. Le levier situ\u00e9 sur le dessus du couvercle sert de s\u00e9curit\u00e9 suppl\u00e9mentaire pour travailler en toute s\u00e9curit\u00e9 avec cet appareil. Il est important de ne mettre les ingr\u00e9dients dans le bol que lorsque l&#8217;appareil est \u00e9teint. Le cutter poss\u00e8de \u00e9galement un couvercle transparent qui vous permet de voir la progression. Il y a \u00e9galement une ouverture de recharge dans le couvercle pour ajouter des ingr\u00e9dients suppl\u00e9mentaires en toute s\u00e9curit\u00e9. Gr\u00e2ce \u00e0 la lame en forme de S en acier inoxydable, ce robot culinaire coupe toutes sortes de produits avec facilit\u00e9.<\/p>\n<h3>Avec pieds en caoutchouc<\/h3>\n<p>Ce puissant robot culinaire est fabriqu\u00e9 en acier inoxydable et gr\u00e2ce \u00e0 ses surfaces lisses, vous pouvez facilement \u00e9liminer les r\u00e9sidus alimentaires. Le bol a des coins arrondis ainsi que les poign\u00e9es, les r\u00e9sidus ne restent donc pas dans les coins mais peuvent \u00eatre essuy\u00e9s rapidement. Avant le nettoyage, d\u00e9branchez l&#8217;appareil et retirez les pi\u00e8ces d\u00e9tach\u00e9es. Le bo\u00eetier en acier inoxydable peut \u00eatre nettoy\u00e9 avec un chiffon l\u00e9g\u00e8rement humide. Nettoyez les autres pi\u00e8ces avec un d\u00e9tergent doux et rincez-les \u00e0 l&#8217;eau chaude. Apr\u00e8s le nettoyage, assurez-vous que tout est sec avant de remonter le robot. Le robot culinaire est dot\u00e9 de quatre pieds en caoutchouc et reste fermement en place lorsqu&#8217;il est utilis\u00e9.<\/p>\n<ul>\n<li>Cutter professionnel pour la restauration<\/li>\n<li>Bonne qualit\u00e9 avec des finitions de luxe<\/li>\n<li>Avec un bol en acier inoxydable de 6,0 l (capacit\u00e9 de charge : 3,5L)<\/li>\n<li>Cockpit avec coins et poign\u00e9es rondes<\/li>\n<li>Bo\u00eetier enti\u00e8rement en acier inoxydable<\/li>\n<li>Avec deux interrupteurs de s\u00e9curit\u00e9<\/li>\n<li>\u00c9quip\u00e9 d&#8217;une lame en acier inoxydable en forme de S<\/li>\n<li>Couvercle en plastique transparent<\/li>\n<li>\u00c9quip\u00e9 d&#8217;une ouverture de recharge<\/li>\n<li>Repose sur quatre pieds en caoutchouc<\/li>\n<li>Facile \u00e0 nettoyer<\/li>\n<li>Poids net : 19 kg<\/li>\n<li>Dimensions : B56,5 x D36,5 x H44cm<\/li>\n<li>Vitesse variable 1100-2800RPM<\/li>\n<li>230V\/50Hz\/1Phase 1800W<\/li>\n<li>&nbsp;<\/li>\n<\/ul>\n<p>Convient pour le traitement de :<\/p>\n<ul>\n<li>Viande et poisson<\/li>\n<li>Fruits et l\u00e9gumes<\/li>\n<li>Noix<\/li>\n<li>Fruits secs<\/li>\n<li>Fromage<\/li>\n<li>Chocolat<\/li>\n<li>Etc. etc.<\/li>\n<\/ul>\n<p>Id\u00e9al pour la production de :<\/p>\n<ul>\n<li>Pesto<\/li>\n<li>Tapenade<\/li>\n<li>Sauces<\/li>\n<li>M\u00e9langes d&#8217;assaisonnement<\/li>\n<li>Garnitures<\/li>\n<li>Vinaigrettes<\/li>\n<li>Alimentation par sonde<\/li>\n<li>Etc. etc.<\/li>\n<\/ul>","protected":false},"excerpt":{"rendered":"<p>Ce robot de cuisine professionnel et efficace poss\u00e8de un bol en acier inoxydable de 6L. Il est id\u00e9al pour une utilisation dans la cuisine de restauration pour traiter des ingr\u00e9dients tels que la viande, le poisson, les l\u00e9gumes, les fruits, le fromage, les noix ou le chocolat. Il est dot\u00e9 d&#8217;une vitesse variable entre 1100 et 2800RPM.<\/p>","protected":false},"featured_media":6328,"template":"","meta":{"_acf_changed":false},"product_brand":[],"product_cat":[471],"product_tag":[],"class_list":{"0":"post-13789","1":"product","2":"type-product","3":"status-publish","4":"has-post-thumbnail","6":"product_cat-robots-cutters-2","8":"first","9":"instock","10":"sale","11":"taxable","12":"shipping-taxable","13":"purchasable","14":"product-type-simple"},"acf":[],"yoast_head":"<!-- This site is optimized with the Yoast SEO plugin v27.5 - https:\/\/yoast.com\/product\/yoast-seo-wordpress\/ -->\n<title>Robot culinaire - 6 L - Gastora<\/title>\n<meta name=\"description\" content=\"Achetez Robot culinaire - 6 L au meilleur prix, fiable et performant avec une livraison rapide\" \/>\n<meta name=\"robots\" content=\"index, follow, max-snippet:-1, max-image-preview:large, max-video-preview:-1\" \/>\n<link rel=\"canonical\" href=\"https:\/\/gastora.eu\/en\/product\/robot-culinaire-6-l\/\" \/>\n<meta property=\"og:locale\" content=\"en_US\" \/>\n<meta property=\"og:type\" content=\"article\" \/>\n<meta property=\"og:title\" content=\"Robot culinaire - 6 L - Gastora\" \/>\n<meta property=\"og:description\" content=\"Achetez Robot culinaire - 6 L au meilleur prix, fiable et performant avec une livraison rapide\" \/>\n<meta property=\"og:url\" content=\"https:\/\/gastora.eu\/en\/product\/robot-culinaire-6-l\/\" \/>\n<meta property=\"og:site_name\" content=\"Gastora\" \/>\n<meta property=\"article:modified_time\" content=\"2026-04-28T16:55:18+00:00\" \/>\n<meta name=\"twitter:card\" content=\"summary_large_image\" \/>\n<meta name=\"twitter:label1\" content=\"Est. reading time\" \/>\n\t<meta name=\"twitter:data1\" content=\"3 minutes\" \/>\n<script type=\"application\/ld+json\" class=\"yoast-schema-graph\">{\"@context\":\"https:\\\/\\\/schema.org\",\"@graph\":[{\"@type\":\"WebPage\",\"@id\":\"https:\\\/\\\/gastora.eu\\\/product\\\/robot-culinaire-6-l\\\/\",\"url\":\"https:\\\/\\\/gastora.eu\\\/product\\\/robot-culinaire-6-l\\\/\",\"name\":\"Robot culinaire - 6 L - Gastora\",\"isPartOf\":{\"@id\":\"https:\\\/\\\/gastora.eu\\\/#website\"},\"primaryImageOfPage\":{\"@id\":\"https:\\\/\\\/gastora.eu\\\/product\\\/robot-culinaire-6-l\\\/#primaryimage\"},\"image\":{\"@id\":\"https:\\\/\\\/gastora.eu\\\/product\\\/robot-culinaire-6-l\\\/#primaryimage\"},\"thumbnailUrl\":\"https:\\\/\\\/gastora.eu\\\/wp-content\\\/uploads\\\/2026\\\/04\\\/1_cutter_deluxe_6l_4604.jpg\",\"datePublished\":\"2026-04-25T17:30:02+00:00\",\"dateModified\":\"2026-04-28T16:55:18+00:00\",\"description\":\"Achetez Robot culinaire - 6 L au meilleur prix, fiable et performant avec une livraison rapide\",\"breadcrumb\":{\"@id\":\"https:\\\/\\\/gastora.eu\\\/product\\\/robot-culinaire-6-l\\\/#breadcrumb\"},\"inLanguage\":\"en-US\",\"potentialAction\":[{\"@type\":\"ReadAction\",\"target\":[\"https:\\\/\\\/gastora.eu\\\/product\\\/robot-culinaire-6-l\\\/\"]}]},{\"@type\":\"ImageObject\",\"inLanguage\":\"en-US\",\"@id\":\"https:\\\/\\\/gastora.eu\\\/product\\\/robot-culinaire-6-l\\\/#primaryimage\",\"url\":\"https:\\\/\\\/gastora.eu\\\/wp-content\\\/uploads\\\/2026\\\/04\\\/1_cutter_deluxe_6l_4604.jpg\",\"contentUrl\":\"https:\\\/\\\/gastora.eu\\\/wp-content\\\/uploads\\\/2026\\\/04\\\/1_cutter_deluxe_6l_4604.jpg\",\"width\":1200,\"height\":1200},{\"@type\":\"BreadcrumbList\",\"@id\":\"https:\\\/\\\/gastora.eu\\\/product\\\/robot-culinaire-6-l\\\/#breadcrumb\",\"itemListElement\":[{\"@type\":\"ListItem\",\"position\":1,\"name\":\"Home\",\"item\":\"https:\\\/\\\/gastora.eu\\\/\"},{\"@type\":\"ListItem\",\"position\":2,\"name\":\"Shop\",\"item\":\"https:\\\/\\\/gastora.eu\\\/shop\\\/\"},{\"@type\":\"ListItem\",\"position\":3,\"name\":\"Robot culinaire &#8211; 6 L\"}]},{\"@type\":\"WebSite\",\"@id\":\"https:\\\/\\\/gastora.eu\\\/#website\",\"url\":\"https:\\\/\\\/gastora.eu\\\/\",\"name\":\"Gastora\",\"description\":\"\u00c9quipements professionnels CHR\",\"publisher\":{\"@id\":\"https:\\\/\\\/gastora.eu\\\/#organization\"},\"potentialAction\":[{\"@type\":\"SearchAction\",\"target\":{\"@type\":\"EntryPoint\",\"urlTemplate\":\"https:\\\/\\\/gastora.eu\\\/?s={search_term_string}\"},\"query-input\":{\"@type\":\"PropertyValueSpecification\",\"valueRequired\":true,\"valueName\":\"search_term_string\"}}],\"inLanguage\":\"en-US\"},{\"@type\":\"Organization\",\"@id\":\"https:\\\/\\\/gastora.eu\\\/#organization\",\"name\":\"Gastora\",\"url\":\"https:\\\/\\\/gastora.eu\\\/\",\"logo\":{\"@type\":\"ImageObject\",\"inLanguage\":\"en-US\",\"@id\":\"https:\\\/\\\/gastora.eu\\\/#\\\/schema\\\/logo\\\/image\\\/\",\"url\":\"https:\\\/\\\/gastora.eu\\\/wp-content\\\/uploads\\\/2025\\\/12\\\/ChatGPT-Image-2-janv.-2026-22_52_47-1.png\",\"contentUrl\":\"https:\\\/\\\/gastora.eu\\\/wp-content\\\/uploads\\\/2025\\\/12\\\/ChatGPT-Image-2-janv.-2026-22_52_47-1.png\",\"width\":1536,\"height\":320,\"caption\":\"Gastora\"},\"image\":{\"@id\":\"https:\\\/\\\/gastora.eu\\\/#\\\/schema\\\/logo\\\/image\\\/\"}}]}<\/script>\n<!-- \/ Yoast SEO plugin. -->","yoast_head_json":{"title":"Robot culinaire - 6 L - Gastora","description":"Achetez Robot culinaire - 6 L au meilleur prix, fiable et performant avec une livraison rapide","robots":{"index":"index","follow":"follow","max-snippet":"max-snippet:-1","max-image-preview":"max-image-preview:large","max-video-preview":"max-video-preview:-1"},"canonical":"https:\/\/gastora.eu\/en\/product\/robot-culinaire-6-l\/","og_locale":"en_US","og_type":"article","og_title":"Robot culinaire - 6 L - Gastora","og_description":"Achetez Robot culinaire - 6 L au meilleur prix, fiable et performant avec une livraison rapide","og_url":"https:\/\/gastora.eu\/en\/product\/robot-culinaire-6-l\/","og_site_name":"Gastora","article_modified_time":"2026-04-28T16:55:18+00:00","twitter_card":"summary_large_image","twitter_misc":{"Est. reading time":"3 minutes"},"schema":{"@context":"https:\/\/schema.org","@graph":[{"@type":"WebPage","@id":"https:\/\/gastora.eu\/product\/robot-culinaire-6-l\/","url":"https:\/\/gastora.eu\/product\/robot-culinaire-6-l\/","name":"Robot culinaire - 6 L - Gastora","isPartOf":{"@id":"https:\/\/gastora.eu\/#website"},"primaryImageOfPage":{"@id":"https:\/\/gastora.eu\/product\/robot-culinaire-6-l\/#primaryimage"},"image":{"@id":"https:\/\/gastora.eu\/product\/robot-culinaire-6-l\/#primaryimage"},"thumbnailUrl":"https:\/\/gastora.eu\/wp-content\/uploads\/2026\/04\/1_cutter_deluxe_6l_4604.jpg","datePublished":"2026-04-25T17:30:02+00:00","dateModified":"2026-04-28T16:55:18+00:00","description":"Achetez Robot culinaire - 6 L au meilleur prix, fiable et performant avec une livraison rapide","breadcrumb":{"@id":"https:\/\/gastora.eu\/product\/robot-culinaire-6-l\/#breadcrumb"},"inLanguage":"en-US","potentialAction":[{"@type":"ReadAction","target":["https:\/\/gastora.eu\/product\/robot-culinaire-6-l\/"]}]},{"@type":"ImageObject","inLanguage":"en-US","@id":"https:\/\/gastora.eu\/product\/robot-culinaire-6-l\/#primaryimage","url":"https:\/\/gastora.eu\/wp-content\/uploads\/2026\/04\/1_cutter_deluxe_6l_4604.jpg","contentUrl":"https:\/\/gastora.eu\/wp-content\/uploads\/2026\/04\/1_cutter_deluxe_6l_4604.jpg","width":1200,"height":1200},{"@type":"BreadcrumbList","@id":"https:\/\/gastora.eu\/product\/robot-culinaire-6-l\/#breadcrumb","itemListElement":[{"@type":"ListItem","position":1,"name":"Home","item":"https:\/\/gastora.eu\/"},{"@type":"ListItem","position":2,"name":"Shop","item":"https:\/\/gastora.eu\/shop\/"},{"@type":"ListItem","position":3,"name":"Robot culinaire &#8211; 6 L"}]},{"@type":"WebSite","@id":"https:\/\/gastora.eu\/#website","url":"https:\/\/gastora.eu\/","name":"Gastora","description":"\u00c9quipements professionnels CHR","publisher":{"@id":"https:\/\/gastora.eu\/#organization"},"potentialAction":[{"@type":"SearchAction","target":{"@type":"EntryPoint","urlTemplate":"https:\/\/gastora.eu\/?s={search_term_string}"},"query-input":{"@type":"PropertyValueSpecification","valueRequired":true,"valueName":"search_term_string"}}],"inLanguage":"en-US"},{"@type":"Organization","@id":"https:\/\/gastora.eu\/#organization","name":"Gastora","url":"https:\/\/gastora.eu\/","logo":{"@type":"ImageObject","inLanguage":"en-US","@id":"https:\/\/gastora.eu\/#\/schema\/logo\/image\/","url":"https:\/\/gastora.eu\/wp-content\/uploads\/2025\/12\/ChatGPT-Image-2-janv.-2026-22_52_47-1.png","contentUrl":"https:\/\/gastora.eu\/wp-content\/uploads\/2025\/12\/ChatGPT-Image-2-janv.-2026-22_52_47-1.png","width":1536,"height":320,"caption":"Gastora"},"image":{"@id":"https:\/\/gastora.eu\/#\/schema\/logo\/image\/"}}]}},"jetpack_sharing_enabled":true,"_links":{"self":[{"href":"https:\/\/gastora.eu\/en\/wp-json\/wp\/v2\/product\/13789","targetHints":{"allow":["GET"]}}],"collection":[{"href":"https:\/\/gastora.eu\/en\/wp-json\/wp\/v2\/product"}],"about":[{"href":"https:\/\/gastora.eu\/en\/wp-json\/wp\/v2\/types\/product"}],"wp:featuredmedia":[{"embeddable":true,"href":"https:\/\/gastora.eu\/en\/wp-json\/wp\/v2\/media\/6328"}],"wp:attachment":[{"href":"https:\/\/gastora.eu\/en\/wp-json\/wp\/v2\/media?parent=13789"}],"wp:term":[{"taxonomy":"product_brand","embeddable":true,"href":"https:\/\/gastora.eu\/en\/wp-json\/wp\/v2\/product_brand?post=13789"},{"taxonomy":"product_cat","embeddable":true,"href":"https:\/\/gastora.eu\/en\/wp-json\/wp\/v2\/product_cat?post=13789"},{"taxonomy":"product_tag","embeddable":true,"href":"https:\/\/gastora.eu\/en\/wp-json\/wp\/v2\/product_tag?post=13789"}],"curies":[{"name":"wp","href":"https:\/\/api.w.org\/{rel}","templated":true}]}}