{"id":13788,"date":"2026-04-25T17:30:01","date_gmt":"2026-04-25T17:30:01","guid":{"rendered":"https:\/\/gastora.eu\/?post_type=product&#038;p=13788"},"modified":"2026-04-28T16:55:17","modified_gmt":"2026-04-28T16:55:17","slug":"prsentoir-de-sushis-et-de-tapas-132-l-incl-5-x-12-gn-modle-de-table","status":"publish","type":"product","link":"https:\/\/gastora.eu\/en\/product\/prsentoir-de-sushis-et-de-tapas-132-l-incl-5-x-12-gn-modle-de-table\/","title":{"rendered":"Pr\u00e9sentoir de sushis et de tapas -132 L &#8211; incl 5 x 1\/2 GN &#8211;  mod\u00e8le de table"},"content":{"rendered":"<p>Ce pr\u00e9sentoir \u00e0 tapas de table convient aussi bien \u00e0 la pr\u00e9sentation des aliments qu&#8217;\u00e0 la conservation d&#8217;une s\u00e9lection d&#8217;articles au frais. La fen\u00eatre en verre incurv\u00e9e et l&#8217;\u00e9l\u00e9gant bo\u00eetier noir conf\u00e8rent \u00e0 cette vitrine un aspect luxueux. Elle peut donc \u00eatre plac\u00e9e sur un comptoir afin que les clients puissent voir facilement ce qui leur est propos\u00e9. La vitrine de table convient \u00e0 la pr\u00e9sentation de tapas, mais aussi \u00e0 la conservation au frais de plats de sushi et de produits \u00e0 base de poisson. Cette vitrine professionnelle pour tapas peut \u00eatre utilis\u00e9e en combinaison avec des bacs GN 8 x 1\/3 ou des bacs GN 5 x 1\/2. Elle est livr\u00e9e avec des bacs 5 x 1\/2 GN, pr\u00eats \u00e0 l&#8217;emploi.<\/p>\n<h3>Syst\u00e8me de refroidissement sp\u00e9cialis\u00e9<\/h3>\n<p>Gr\u00e2ce au syst\u00e8me de refroidissement statique, les produits restent bien refroidis dans cette vitrine \u00e0 tapas de 132 litres. Pour ce faire, il est \u00e9quip\u00e9 d&#8217;un \u00e9vaporateur mouss\u00e9 et utilise le r\u00e9frig\u00e9rant R600a, exempt de CFC. Le cycle de refroidissement unique permet de r\u00e9duire la formation de glace dans la vitrine. Gr\u00e2ce \u00e0 la r\u00e9gulation num\u00e9rique de Dixell, les temp\u00e9ratures peuvent \u00eatre r\u00e9gl\u00e9es avec pr\u00e9cision entre 0 et 12\u2070C. Un \u00e9clairage LED a \u00e9t\u00e9 int\u00e9gr\u00e9 \u00e0 l&#8217;int\u00e9rieur de la vitrine pour mettre en valeur les produits sous le meilleur \u00e9clairage possible. Enfin, un syst\u00e8me anti-condensation a \u00e9t\u00e9 int\u00e9gr\u00e9 \u00e0 cette vitrine, qui repose \u00e9galement sur quatre pieds r\u00e9glables afin de pouvoir \u00eatre plac\u00e9e sur presque n&#8217;importe quelle surface.<\/p>\n<h3>Une propret\u00e9 \u00e9tincelante et facile \u00e0 obtenir<\/h3>\n<p>Le contenu d&#8217;une vitrine de table change constamment et, comme elle occupe une place de choix dans votre \u00e9tablissement de restauration, il est important de la garder propre. Non seulement la vitrine est plus belle lorsqu&#8217;elle est \u00e9tincelante, mais il est \u00e9galement hygi\u00e9nique de la laver r\u00e9guli\u00e8rement. Heureusement, il s&#8217;agit d&#8217;une t\u00e2che facile \u00e0 r\u00e9aliser et qui ne demande que tr\u00e8s peu d&#8217;efforts. Commencez par nettoyer l&#8217;int\u00e9rieur avec un chiffon chaud et humide et un peu de d\u00e9tergent doux. Essayez d&#8217;utiliser tr\u00e8s peu d&#8217;eau \u00e0 l&#8217;int\u00e9rieur pour \u00e9viter la formation de condensation et de glace plus tard dans la vitrine. Vous pouvez \u00e9galement nettoyer l&#8217;ext\u00e9rieur et la vitre de la m\u00eame mani\u00e8re. Les r\u00e9cipients GN sont amovibles et peuvent \u00eatre nettoy\u00e9s au lave-vaisselle.<\/p>\n<p><strong>Caract\u00e9ristiques<\/strong><\/p>\n<ul>\n<li>Syst\u00e8me anti-condensation<\/li>\n<li>Refroidissement statique<\/li>\n<li>Lumi\u00e8res LED \u00e0 l&#8217;int\u00e9rieur<\/li>\n<li>\u00c9vaporateur en mousse<\/li>\n<li>Cycle de refroidissement sp\u00e9cialis\u00e9 pour r\u00e9duire la formation de glace<\/li>\n<li>Bo\u00eetier et supports en acier inoxydable<\/li>\n<\/ul>\n<p><strong>Caract\u00e9ristiques du produit<\/strong><\/p>\n<ul>\n<li>Poids net : 45 kg<\/li>\n<li>Dimensions : 80 x 42 x 26,5 cm L180 x P42 x H26,5cm<\/li>\n<li>Capacit\u00e9 : 132L avec espace pour 5 x 1\/2 GN, ou 8 x 1\/3 GN<\/li>\n<li>230V \/ 50Hz \/ 1 Phase 160W<\/li>\n<\/ul>\n<p><em>Y compris<\/em><\/p>\n<ul>\n<li><em>5 x 1\/2 GN contient une profondeur de 4cm<\/em><\/li>\n<\/ul>","protected":false},"excerpt":{"rendered":"<p>Ce pr\u00e9sentoir de table noir pour sushis et tapas permet de pr\u00e9senter une s\u00e9lection d&#8217;aliments de petite taille tels que des tapas, des sushis ou du poisson. Cette version a une capacit\u00e9 de 132 litres et est livr\u00e9e avec cinq r\u00e9cipients de 1\/2GN. Le pr\u00e9sentoir en verre incurv\u00e9 lui conf\u00e8re un aspect luxueux et l&#8217;\u00e9clairage LED permet de voir clairement les aliments.<\/p>","protected":false},"featured_media":6326,"template":"","meta":{"_acf_changed":false},"product_brand":[],"product_cat":[474],"product_tag":[],"class_list":{"0":"post-13788","1":"product","2":"type-product","3":"status-publish","4":"has-post-thumbnail","6":"product_cat-armoires-refrigerees-positif-negatif-2","8":"first","9":"instock","10":"sale","11":"taxable","12":"shipping-taxable","13":"purchasable","14":"product-type-simple"},"acf":[],"yoast_head":"<!-- This site is optimized with the Yoast SEO plugin v27.5 - https:\/\/yoast.com\/product\/yoast-seo-wordpress\/ -->\n<title>Pr\u00e9sentoir de sushis et de tapas -132 L - incl 5 x 1\/2 GN - mod\u00e8le de table - Gastora<\/title>\n<meta name=\"description\" content=\"Achetez Pr\u00e9sentoir de sushis et de tapas -132 L - incl 5 x 1\/2 GN - mod\u00e8le de table au meilleur prix, fiable et performant avec une livraison rapide\" \/>\n<meta name=\"robots\" content=\"index, follow, max-snippet:-1, max-image-preview:large, max-video-preview:-1\" \/>\n<link rel=\"canonical\" href=\"https:\/\/gastora.eu\/en\/product\/prsentoir-de-sushis-et-de-tapas-132-l-incl-5-x-12-gn-modle-de-table\/\" \/>\n<meta property=\"og:locale\" content=\"en_US\" \/>\n<meta property=\"og:type\" content=\"article\" \/>\n<meta property=\"og:title\" content=\"Pr\u00e9sentoir de sushis et de tapas -132 L - incl 5 x 1\/2 GN - mod\u00e8le de table - Gastora\" \/>\n<meta property=\"og:description\" content=\"Achetez Pr\u00e9sentoir de sushis et de tapas -132 L - incl 5 x 1\/2 GN - mod\u00e8le de table au meilleur prix, fiable et performant avec une livraison rapide\" \/>\n<meta property=\"og:url\" content=\"https:\/\/gastora.eu\/en\/product\/prsentoir-de-sushis-et-de-tapas-132-l-incl-5-x-12-gn-modle-de-table\/\" \/>\n<meta property=\"og:site_name\" content=\"Gastora\" \/>\n<meta property=\"article:modified_time\" content=\"2026-04-28T16:55:17+00:00\" \/>\n<meta name=\"twitter:card\" content=\"summary_large_image\" \/>\n<meta name=\"twitter:label1\" content=\"Est. reading time\" \/>\n\t<meta name=\"twitter:data1\" content=\"2 minutes\" \/>\n<script type=\"application\/ld+json\" class=\"yoast-schema-graph\">{\"@context\":\"https:\\\/\\\/schema.org\",\"@graph\":[{\"@type\":\"WebPage\",\"@id\":\"https:\\\/\\\/gastora.eu\\\/product\\\/prsentoir-de-sushis-et-de-tapas-132-l-incl-5-x-12-gn-modle-de-table\\\/\",\"url\":\"https:\\\/\\\/gastora.eu\\\/product\\\/prsentoir-de-sushis-et-de-tapas-132-l-incl-5-x-12-gn-modle-de-table\\\/\",\"name\":\"Pr\u00e9sentoir de sushis et de tapas -132 L - incl 5 x 1\\\/2 GN - mod\u00e8le de table - Gastora\",\"isPartOf\":{\"@id\":\"https:\\\/\\\/gastora.eu\\\/#website\"},\"primaryImageOfPage\":{\"@id\":\"https:\\\/\\\/gastora.eu\\\/product\\\/prsentoir-de-sushis-et-de-tapas-132-l-incl-5-x-12-gn-modle-de-table\\\/#primaryimage\"},\"image\":{\"@id\":\"https:\\\/\\\/gastora.eu\\\/product\\\/prsentoir-de-sushis-et-de-tapas-132-l-incl-5-x-12-gn-modle-de-table\\\/#primaryimage\"},\"thumbnailUrl\":\"https:\\\/\\\/gastora.eu\\\/wp-content\\\/uploads\\\/2026\\\/04\\\/sp-005-61656e6561742.jpg\",\"datePublished\":\"2026-04-25T17:30:01+00:00\",\"dateModified\":\"2026-04-28T16:55:17+00:00\",\"description\":\"Achetez Pr\u00e9sentoir de sushis et de tapas -132 L - incl 5 x 1\\\/2 GN - mod\u00e8le de table au meilleur prix, fiable et performant avec une livraison rapide\",\"breadcrumb\":{\"@id\":\"https:\\\/\\\/gastora.eu\\\/product\\\/prsentoir-de-sushis-et-de-tapas-132-l-incl-5-x-12-gn-modle-de-table\\\/#breadcrumb\"},\"inLanguage\":\"en-US\",\"potentialAction\":[{\"@type\":\"ReadAction\",\"target\":[\"https:\\\/\\\/gastora.eu\\\/product\\\/prsentoir-de-sushis-et-de-tapas-132-l-incl-5-x-12-gn-modle-de-table\\\/\"]}]},{\"@type\":\"ImageObject\",\"inLanguage\":\"en-US\",\"@id\":\"https:\\\/\\\/gastora.eu\\\/product\\\/prsentoir-de-sushis-et-de-tapas-132-l-incl-5-x-12-gn-modle-de-table\\\/#primaryimage\",\"url\":\"https:\\\/\\\/gastora.eu\\\/wp-content\\\/uploads\\\/2026\\\/04\\\/sp-005-61656e6561742.jpg\",\"contentUrl\":\"https:\\\/\\\/gastora.eu\\\/wp-content\\\/uploads\\\/2026\\\/04\\\/sp-005-61656e6561742.jpg\",\"width\":1024,\"height\":1024},{\"@type\":\"BreadcrumbList\",\"@id\":\"https:\\\/\\\/gastora.eu\\\/product\\\/prsentoir-de-sushis-et-de-tapas-132-l-incl-5-x-12-gn-modle-de-table\\\/#breadcrumb\",\"itemListElement\":[{\"@type\":\"ListItem\",\"position\":1,\"name\":\"Home\",\"item\":\"https:\\\/\\\/gastora.eu\\\/\"},{\"@type\":\"ListItem\",\"position\":2,\"name\":\"Shop\",\"item\":\"https:\\\/\\\/gastora.eu\\\/shop\\\/\"},{\"@type\":\"ListItem\",\"position\":3,\"name\":\"Pr\u00e9sentoir de sushis et de tapas -132 L &#8211; incl 5 x 1\\\/2 GN &#8211; mod\u00e8le de table\"}]},{\"@type\":\"WebSite\",\"@id\":\"https:\\\/\\\/gastora.eu\\\/#website\",\"url\":\"https:\\\/\\\/gastora.eu\\\/\",\"name\":\"Gastora\",\"description\":\"\u00c9quipements professionnels CHR\",\"publisher\":{\"@id\":\"https:\\\/\\\/gastora.eu\\\/#organization\"},\"potentialAction\":[{\"@type\":\"SearchAction\",\"target\":{\"@type\":\"EntryPoint\",\"urlTemplate\":\"https:\\\/\\\/gastora.eu\\\/?s={search_term_string}\"},\"query-input\":{\"@type\":\"PropertyValueSpecification\",\"valueRequired\":true,\"valueName\":\"search_term_string\"}}],\"inLanguage\":\"en-US\"},{\"@type\":\"Organization\",\"@id\":\"https:\\\/\\\/gastora.eu\\\/#organization\",\"name\":\"Gastora\",\"url\":\"https:\\\/\\\/gastora.eu\\\/\",\"logo\":{\"@type\":\"ImageObject\",\"inLanguage\":\"en-US\",\"@id\":\"https:\\\/\\\/gastora.eu\\\/#\\\/schema\\\/logo\\\/image\\\/\",\"url\":\"https:\\\/\\\/gastora.eu\\\/wp-content\\\/uploads\\\/2025\\\/12\\\/ChatGPT-Image-2-janv.-2026-22_52_47-1.png\",\"contentUrl\":\"https:\\\/\\\/gastora.eu\\\/wp-content\\\/uploads\\\/2025\\\/12\\\/ChatGPT-Image-2-janv.-2026-22_52_47-1.png\",\"width\":1536,\"height\":320,\"caption\":\"Gastora\"},\"image\":{\"@id\":\"https:\\\/\\\/gastora.eu\\\/#\\\/schema\\\/logo\\\/image\\\/\"}}]}<\/script>\n<!-- \/ Yoast SEO plugin. -->","yoast_head_json":{"title":"Pr\u00e9sentoir de sushis et de tapas -132 L - incl 5 x 1\/2 GN - mod\u00e8le de table - Gastora","description":"Achetez Pr\u00e9sentoir de sushis et de tapas -132 L - incl 5 x 1\/2 GN - mod\u00e8le de table au meilleur prix, fiable et performant avec une livraison rapide","robots":{"index":"index","follow":"follow","max-snippet":"max-snippet:-1","max-image-preview":"max-image-preview:large","max-video-preview":"max-video-preview:-1"},"canonical":"https:\/\/gastora.eu\/en\/product\/prsentoir-de-sushis-et-de-tapas-132-l-incl-5-x-12-gn-modle-de-table\/","og_locale":"en_US","og_type":"article","og_title":"Pr\u00e9sentoir de sushis et de tapas -132 L - incl 5 x 1\/2 GN - mod\u00e8le de table - Gastora","og_description":"Achetez Pr\u00e9sentoir de sushis et de tapas -132 L - incl 5 x 1\/2 GN - mod\u00e8le de table au meilleur prix, fiable et performant avec une livraison rapide","og_url":"https:\/\/gastora.eu\/en\/product\/prsentoir-de-sushis-et-de-tapas-132-l-incl-5-x-12-gn-modle-de-table\/","og_site_name":"Gastora","article_modified_time":"2026-04-28T16:55:17+00:00","twitter_card":"summary_large_image","twitter_misc":{"Est. reading time":"2 minutes"},"schema":{"@context":"https:\/\/schema.org","@graph":[{"@type":"WebPage","@id":"https:\/\/gastora.eu\/product\/prsentoir-de-sushis-et-de-tapas-132-l-incl-5-x-12-gn-modle-de-table\/","url":"https:\/\/gastora.eu\/product\/prsentoir-de-sushis-et-de-tapas-132-l-incl-5-x-12-gn-modle-de-table\/","name":"Pr\u00e9sentoir de sushis et de tapas -132 L - incl 5 x 1\/2 GN - mod\u00e8le de table - Gastora","isPartOf":{"@id":"https:\/\/gastora.eu\/#website"},"primaryImageOfPage":{"@id":"https:\/\/gastora.eu\/product\/prsentoir-de-sushis-et-de-tapas-132-l-incl-5-x-12-gn-modle-de-table\/#primaryimage"},"image":{"@id":"https:\/\/gastora.eu\/product\/prsentoir-de-sushis-et-de-tapas-132-l-incl-5-x-12-gn-modle-de-table\/#primaryimage"},"thumbnailUrl":"https:\/\/gastora.eu\/wp-content\/uploads\/2026\/04\/sp-005-61656e6561742.jpg","datePublished":"2026-04-25T17:30:01+00:00","dateModified":"2026-04-28T16:55:17+00:00","description":"Achetez Pr\u00e9sentoir de sushis et de tapas -132 L - incl 5 x 1\/2 GN - mod\u00e8le de table au meilleur prix, fiable et performant avec une livraison rapide","breadcrumb":{"@id":"https:\/\/gastora.eu\/product\/prsentoir-de-sushis-et-de-tapas-132-l-incl-5-x-12-gn-modle-de-table\/#breadcrumb"},"inLanguage":"en-US","potentialAction":[{"@type":"ReadAction","target":["https:\/\/gastora.eu\/product\/prsentoir-de-sushis-et-de-tapas-132-l-incl-5-x-12-gn-modle-de-table\/"]}]},{"@type":"ImageObject","inLanguage":"en-US","@id":"https:\/\/gastora.eu\/product\/prsentoir-de-sushis-et-de-tapas-132-l-incl-5-x-12-gn-modle-de-table\/#primaryimage","url":"https:\/\/gastora.eu\/wp-content\/uploads\/2026\/04\/sp-005-61656e6561742.jpg","contentUrl":"https:\/\/gastora.eu\/wp-content\/uploads\/2026\/04\/sp-005-61656e6561742.jpg","width":1024,"height":1024},{"@type":"BreadcrumbList","@id":"https:\/\/gastora.eu\/product\/prsentoir-de-sushis-et-de-tapas-132-l-incl-5-x-12-gn-modle-de-table\/#breadcrumb","itemListElement":[{"@type":"ListItem","position":1,"name":"Home","item":"https:\/\/gastora.eu\/"},{"@type":"ListItem","position":2,"name":"Shop","item":"https:\/\/gastora.eu\/shop\/"},{"@type":"ListItem","position":3,"name":"Pr\u00e9sentoir de sushis et de tapas -132 L &#8211; incl 5 x 1\/2 GN &#8211; mod\u00e8le de table"}]},{"@type":"WebSite","@id":"https:\/\/gastora.eu\/#website","url":"https:\/\/gastora.eu\/","name":"Gastora","description":"\u00c9quipements professionnels CHR","publisher":{"@id":"https:\/\/gastora.eu\/#organization"},"potentialAction":[{"@type":"SearchAction","target":{"@type":"EntryPoint","urlTemplate":"https:\/\/gastora.eu\/?s={search_term_string}"},"query-input":{"@type":"PropertyValueSpecification","valueRequired":true,"valueName":"search_term_string"}}],"inLanguage":"en-US"},{"@type":"Organization","@id":"https:\/\/gastora.eu\/#organization","name":"Gastora","url":"https:\/\/gastora.eu\/","logo":{"@type":"ImageObject","inLanguage":"en-US","@id":"https:\/\/gastora.eu\/#\/schema\/logo\/image\/","url":"https:\/\/gastora.eu\/wp-content\/uploads\/2025\/12\/ChatGPT-Image-2-janv.-2026-22_52_47-1.png","contentUrl":"https:\/\/gastora.eu\/wp-content\/uploads\/2025\/12\/ChatGPT-Image-2-janv.-2026-22_52_47-1.png","width":1536,"height":320,"caption":"Gastora"},"image":{"@id":"https:\/\/gastora.eu\/#\/schema\/logo\/image\/"}}]}},"jetpack_sharing_enabled":true,"_links":{"self":[{"href":"https:\/\/gastora.eu\/en\/wp-json\/wp\/v2\/product\/13788","targetHints":{"allow":["GET"]}}],"collection":[{"href":"https:\/\/gastora.eu\/en\/wp-json\/wp\/v2\/product"}],"about":[{"href":"https:\/\/gastora.eu\/en\/wp-json\/wp\/v2\/types\/product"}],"wp:featuredmedia":[{"embeddable":true,"href":"https:\/\/gastora.eu\/en\/wp-json\/wp\/v2\/media\/6326"}],"wp:attachment":[{"href":"https:\/\/gastora.eu\/en\/wp-json\/wp\/v2\/media?parent=13788"}],"wp:term":[{"taxonomy":"product_brand","embeddable":true,"href":"https:\/\/gastora.eu\/en\/wp-json\/wp\/v2\/product_brand?post=13788"},{"taxonomy":"product_cat","embeddable":true,"href":"https:\/\/gastora.eu\/en\/wp-json\/wp\/v2\/product_cat?post=13788"},{"taxonomy":"product_tag","embeddable":true,"href":"https:\/\/gastora.eu\/en\/wp-json\/wp\/v2\/product_tag?post=13788"}],"curies":[{"name":"wp","href":"https:\/\/api.w.org\/{rel}","templated":true}]}}