{"id":13783,"date":"2026-04-25T17:29:51","date_gmt":"2026-04-25T17:29:51","guid":{"rendered":"https:\/\/gastora.eu\/?post_type=product&#038;p=13783"},"modified":"2026-04-28T16:55:17","modified_gmt":"2026-04-28T16:55:17","slug":"rfrigrateur-de-comptoir-90-cm-2-portes","status":"publish","type":"product","link":"https:\/\/gastora.eu\/en\/product\/rfrigrateur-de-comptoir-90-cm-2-portes\/","title":{"rendered":"R\u00e9frig\u00e9rateur de comptoir &#8211; 90 cm &#8211; 2 portes"},"content":{"rendered":"<p>Les appareils de r\u00e9frig\u00e9ration de bonne qualit\u00e9 sont indispensables dans une cuisine professionnelle. Tous les aliments qui ne sont pas en conserve ou emball\u00e9s restent frais plus longtemps et conservent leur qualit\u00e9 si vous les r\u00e9frig\u00e9rez quelque part, comme dans un bon r\u00e9frig\u00e9rateur de comptoir. L&#8217;avantage est que vous disposez non seulement d&#8217;un bon syst\u00e8me de r\u00e9frig\u00e9ration, mais aussi d&#8217;un espace de travail fonctionnel avec un plan de travail en acier inoxydable, id\u00e9al pour pr\u00e9parer les ingr\u00e9dients frais. Ce syst\u00e8me de r\u00e9frig\u00e9ration avec ventilateur a une capacit\u00e9 de 179 litres et derri\u00e8re chacune des deux portes robustes en acier inoxydable se trouve une \u00e9tag\u00e8re r\u00e9glable qui vous permet de personnaliser votre agencement.<\/p>\n<h3>Un syst\u00e8me de refroidissement astucieux<\/h3>\n<p>Gr\u00e2ce au cycle de r\u00e9frig\u00e9ration sp\u00e9cialis\u00e9 de ce r\u00e9frig\u00e9rateur de comptoir, la formation de glace est r\u00e9duite. Il est \u00e9galement \u00e9quip\u00e9 d&#8217;un \u00e9vaporateur en mousse sur trois c\u00f4t\u00e9s. Le r\u00e9gulateur de temp\u00e9rature num\u00e9rique permet de r\u00e9gler la temp\u00e9rature de ce r\u00e9frig\u00e9rateur de comptoir sur une plage comprise entre 0 et 10\u00baC. Cet appareil professionnel peut \u00eatre utilis\u00e9 \u00e0 une temp\u00e9rature ambiante allant jusqu&#8217;\u00e0 32\u00baC. En outre, ce r\u00e9frig\u00e9rateur de comptoir est \u00e9quip\u00e9 d&#8217;un compresseur Zanussi et utilise le r\u00e9frig\u00e9rant R600a, exempt de CFC. Cet appareil repose solidement sur quatre pieds en caoutchouc, de sorte qu&#8217;il peut \u00eatre plac\u00e9 sur presque toutes les surfaces. Ce r\u00e9frig\u00e9rateur de comptoir est livr\u00e9 sans tiroirs, mais ceux-ci peuvent \u00eatre command\u00e9s s\u00e9par\u00e9ment.<\/p>\n<h3>Facile \u00e0 nettoyer<\/h3>\n<p>L&#8217;int\u00e9rieur et l&#8217;ext\u00e9rieur de ce r\u00e9frig\u00e9rateur de comptoir de luxe sont en acier inoxydable lisse, ce qui le rend tr\u00e8s facile \u00e0 nettoyer. Pour des raisons d&#8217;hygi\u00e8ne, le r\u00e9frig\u00e9rateur de comptoir doit \u00eatre nettoy\u00e9 soigneusement et r\u00e9guli\u00e8rement. Pour ce faire, vous pouvez utiliser un chiffon humide, un peu d&#8217;eau chaude et un d\u00e9tergent doux. Cet appareil doit \u00eatre enti\u00e8rement d\u00e9congel\u00e9 et nettoy\u00e9 deux \u00e0 trois fois par an pour garantir un fonctionnement optimal.<\/p>\n<p><strong>Caract\u00e9ristiques<\/strong><\/p>\n<ul>\n<li>Cycle de refroidissement unique pour r\u00e9duire la formation de glace<\/li>\n<li>Syst\u00e8me de refroidissement avec ventilateur<\/li>\n<li>Isolation protectrice compacte de 3,5 cm<\/li>\n<li>Contr\u00f4le num\u00e9rique de la temp\u00e9rature (Dixell)<\/li>\n<li>R\u00e9frig\u00e9rant R600a, exempt de CFC<\/li>\n<li>Int\u00e9rieur et ext\u00e9rieur en acier inoxydable AISI 304<\/li>\n<\/ul>\n<p><strong>Caract\u00e9ristiques du produit<\/strong><\/p>\n<ul>\n<li>Poids net : 81kg<\/li>\n<li>Capacit\u00e9 nette : 179L<\/li>\n<li>Dimensions int\u00e9rieures : L83 x P59,5 x H50cm<\/li>\n<li>Dimensions ext\u00e9rieures : L90 x P70 x H88cm<\/li>\n<li>230V \/ 50Hz \/ 1 phase 230W<\/li>\n<\/ul>","protected":false},"excerpt":{"rendered":"<p>Ce r\u00e9frig\u00e9rateur de comptoir en acier inoxydable a une capacit\u00e9 de 179 litres et poss\u00e8de deux portes. Derri\u00e8re chaque porte se trouve une grille r\u00e9glable en hauteur. Le r\u00e9frig\u00e9rateur de comptoir conserve les ingr\u00e9dients frais et r\u00e9frig\u00e9r\u00e9s et vos ingr\u00e9dients sont toujours \u00e0 port\u00e9e de main, exactement l\u00e0 o\u00f9 vous en avez besoin. Parfait pour la cuisine professionnelle.<\/p>","protected":false},"featured_media":6314,"template":"","meta":{"_acf_changed":false},"product_brand":[],"product_cat":[474],"product_tag":[],"class_list":{"0":"post-13783","1":"product","2":"type-product","3":"status-publish","4":"has-post-thumbnail","6":"product_cat-armoires-refrigerees-positif-negatif-2","8":"first","9":"instock","10":"sale","11":"taxable","12":"shipping-taxable","13":"purchasable","14":"product-type-simple"},"acf":[],"yoast_head":"<!-- This site is optimized with the Yoast SEO plugin v27.4 - https:\/\/yoast.com\/product\/yoast-seo-wordpress\/ -->\n<title>R\u00e9frig\u00e9rateur de comptoir - 90 cm - 2 portes - Gastora<\/title>\n<meta name=\"description\" content=\"Achetez R\u00e9frig\u00e9rateur de comptoir - 90 cm - 2 portes au meilleur prix, fiable et performant avec une livraison rapide\" \/>\n<meta name=\"robots\" content=\"index, follow, max-snippet:-1, max-image-preview:large, max-video-preview:-1\" \/>\n<link rel=\"canonical\" href=\"https:\/\/gastora.eu\/en\/product\/rfrigrateur-de-comptoir-90-cm-2-portes\/\" \/>\n<meta property=\"og:locale\" content=\"en_US\" \/>\n<meta property=\"og:type\" content=\"article\" \/>\n<meta property=\"og:title\" content=\"R\u00e9frig\u00e9rateur de comptoir - 90 cm - 2 portes - Gastora\" \/>\n<meta property=\"og:description\" content=\"Achetez R\u00e9frig\u00e9rateur de comptoir - 90 cm - 2 portes au meilleur prix, fiable et performant avec une livraison rapide\" \/>\n<meta property=\"og:url\" content=\"https:\/\/gastora.eu\/en\/product\/rfrigrateur-de-comptoir-90-cm-2-portes\/\" \/>\n<meta property=\"og:site_name\" content=\"Gastora\" \/>\n<meta property=\"article:modified_time\" content=\"2026-04-28T16:55:17+00:00\" \/>\n<meta name=\"twitter:card\" content=\"summary_large_image\" \/>\n<meta name=\"twitter:label1\" content=\"Est. reading time\" \/>\n\t<meta name=\"twitter:data1\" content=\"2 minutes\" \/>\n<script type=\"application\/ld+json\" class=\"yoast-schema-graph\">{\"@context\":\"https:\\\/\\\/schema.org\",\"@graph\":[{\"@type\":\"WebPage\",\"@id\":\"https:\\\/\\\/gastora.eu\\\/product\\\/rfrigrateur-de-comptoir-90-cm-2-portes\\\/\",\"url\":\"https:\\\/\\\/gastora.eu\\\/product\\\/rfrigrateur-de-comptoir-90-cm-2-portes\\\/\",\"name\":\"R\u00e9frig\u00e9rateur de comptoir - 90 cm - 2 portes - Gastora\",\"isPartOf\":{\"@id\":\"https:\\\/\\\/gastora.eu\\\/#website\"},\"primaryImageOfPage\":{\"@id\":\"https:\\\/\\\/gastora.eu\\\/product\\\/rfrigrateur-de-comptoir-90-cm-2-portes\\\/#primaryimage\"},\"image\":{\"@id\":\"https:\\\/\\\/gastora.eu\\\/product\\\/rfrigrateur-de-comptoir-90-cm-2-portes\\\/#primaryimage\"},\"thumbnailUrl\":\"https:\\\/\\\/gastora.eu\\\/wp-content\\\/uploads\\\/2026\\\/04\\\/sp-05-61656e65ec943.jpg\",\"datePublished\":\"2026-04-25T17:29:51+00:00\",\"dateModified\":\"2026-04-28T16:55:17+00:00\",\"description\":\"Achetez R\u00e9frig\u00e9rateur de comptoir - 90 cm - 2 portes au meilleur prix, fiable et performant avec une livraison rapide\",\"breadcrumb\":{\"@id\":\"https:\\\/\\\/gastora.eu\\\/product\\\/rfrigrateur-de-comptoir-90-cm-2-portes\\\/#breadcrumb\"},\"inLanguage\":\"en-US\",\"potentialAction\":[{\"@type\":\"ReadAction\",\"target\":[\"https:\\\/\\\/gastora.eu\\\/product\\\/rfrigrateur-de-comptoir-90-cm-2-portes\\\/\"]}]},{\"@type\":\"ImageObject\",\"inLanguage\":\"en-US\",\"@id\":\"https:\\\/\\\/gastora.eu\\\/product\\\/rfrigrateur-de-comptoir-90-cm-2-portes\\\/#primaryimage\",\"url\":\"https:\\\/\\\/gastora.eu\\\/wp-content\\\/uploads\\\/2026\\\/04\\\/sp-05-61656e65ec943.jpg\",\"contentUrl\":\"https:\\\/\\\/gastora.eu\\\/wp-content\\\/uploads\\\/2026\\\/04\\\/sp-05-61656e65ec943.jpg\",\"width\":1024,\"height\":1024},{\"@type\":\"BreadcrumbList\",\"@id\":\"https:\\\/\\\/gastora.eu\\\/product\\\/rfrigrateur-de-comptoir-90-cm-2-portes\\\/#breadcrumb\",\"itemListElement\":[{\"@type\":\"ListItem\",\"position\":1,\"name\":\"Home\",\"item\":\"https:\\\/\\\/gastora.eu\\\/\"},{\"@type\":\"ListItem\",\"position\":2,\"name\":\"Shop\",\"item\":\"https:\\\/\\\/gastora.eu\\\/shop\\\/\"},{\"@type\":\"ListItem\",\"position\":3,\"name\":\"R\u00e9frig\u00e9rateur de comptoir &#8211; 90 cm &#8211; 2 portes\"}]},{\"@type\":\"WebSite\",\"@id\":\"https:\\\/\\\/gastora.eu\\\/#website\",\"url\":\"https:\\\/\\\/gastora.eu\\\/\",\"name\":\"Gastora\",\"description\":\"\u00c9quipements professionnels CHR\",\"publisher\":{\"@id\":\"https:\\\/\\\/gastora.eu\\\/#organization\"},\"potentialAction\":[{\"@type\":\"SearchAction\",\"target\":{\"@type\":\"EntryPoint\",\"urlTemplate\":\"https:\\\/\\\/gastora.eu\\\/?s={search_term_string}\"},\"query-input\":{\"@type\":\"PropertyValueSpecification\",\"valueRequired\":true,\"valueName\":\"search_term_string\"}}],\"inLanguage\":\"en-US\"},{\"@type\":\"Organization\",\"@id\":\"https:\\\/\\\/gastora.eu\\\/#organization\",\"name\":\"Gastora\",\"url\":\"https:\\\/\\\/gastora.eu\\\/\",\"logo\":{\"@type\":\"ImageObject\",\"inLanguage\":\"en-US\",\"@id\":\"https:\\\/\\\/gastora.eu\\\/#\\\/schema\\\/logo\\\/image\\\/\",\"url\":\"https:\\\/\\\/gastora.eu\\\/wp-content\\\/uploads\\\/2025\\\/12\\\/ChatGPT-Image-2-janv.-2026-22_52_47-1.png\",\"contentUrl\":\"https:\\\/\\\/gastora.eu\\\/wp-content\\\/uploads\\\/2025\\\/12\\\/ChatGPT-Image-2-janv.-2026-22_52_47-1.png\",\"width\":1536,\"height\":320,\"caption\":\"Gastora\"},\"image\":{\"@id\":\"https:\\\/\\\/gastora.eu\\\/#\\\/schema\\\/logo\\\/image\\\/\"}}]}<\/script>\n<!-- \/ Yoast SEO plugin. -->","yoast_head_json":{"title":"R\u00e9frig\u00e9rateur de comptoir - 90 cm - 2 portes - Gastora","description":"Achetez R\u00e9frig\u00e9rateur de comptoir - 90 cm - 2 portes au meilleur prix, fiable et performant avec une livraison rapide","robots":{"index":"index","follow":"follow","max-snippet":"max-snippet:-1","max-image-preview":"max-image-preview:large","max-video-preview":"max-video-preview:-1"},"canonical":"https:\/\/gastora.eu\/en\/product\/rfrigrateur-de-comptoir-90-cm-2-portes\/","og_locale":"en_US","og_type":"article","og_title":"R\u00e9frig\u00e9rateur de comptoir - 90 cm - 2 portes - Gastora","og_description":"Achetez R\u00e9frig\u00e9rateur de comptoir - 90 cm - 2 portes au meilleur prix, fiable et performant avec une livraison rapide","og_url":"https:\/\/gastora.eu\/en\/product\/rfrigrateur-de-comptoir-90-cm-2-portes\/","og_site_name":"Gastora","article_modified_time":"2026-04-28T16:55:17+00:00","twitter_card":"summary_large_image","twitter_misc":{"Est. reading time":"2 minutes"},"schema":{"@context":"https:\/\/schema.org","@graph":[{"@type":"WebPage","@id":"https:\/\/gastora.eu\/product\/rfrigrateur-de-comptoir-90-cm-2-portes\/","url":"https:\/\/gastora.eu\/product\/rfrigrateur-de-comptoir-90-cm-2-portes\/","name":"R\u00e9frig\u00e9rateur de comptoir - 90 cm - 2 portes - Gastora","isPartOf":{"@id":"https:\/\/gastora.eu\/#website"},"primaryImageOfPage":{"@id":"https:\/\/gastora.eu\/product\/rfrigrateur-de-comptoir-90-cm-2-portes\/#primaryimage"},"image":{"@id":"https:\/\/gastora.eu\/product\/rfrigrateur-de-comptoir-90-cm-2-portes\/#primaryimage"},"thumbnailUrl":"https:\/\/gastora.eu\/wp-content\/uploads\/2026\/04\/sp-05-61656e65ec943.jpg","datePublished":"2026-04-25T17:29:51+00:00","dateModified":"2026-04-28T16:55:17+00:00","description":"Achetez R\u00e9frig\u00e9rateur de comptoir - 90 cm - 2 portes au meilleur prix, fiable et performant avec une livraison rapide","breadcrumb":{"@id":"https:\/\/gastora.eu\/product\/rfrigrateur-de-comptoir-90-cm-2-portes\/#breadcrumb"},"inLanguage":"en-US","potentialAction":[{"@type":"ReadAction","target":["https:\/\/gastora.eu\/product\/rfrigrateur-de-comptoir-90-cm-2-portes\/"]}]},{"@type":"ImageObject","inLanguage":"en-US","@id":"https:\/\/gastora.eu\/product\/rfrigrateur-de-comptoir-90-cm-2-portes\/#primaryimage","url":"https:\/\/gastora.eu\/wp-content\/uploads\/2026\/04\/sp-05-61656e65ec943.jpg","contentUrl":"https:\/\/gastora.eu\/wp-content\/uploads\/2026\/04\/sp-05-61656e65ec943.jpg","width":1024,"height":1024},{"@type":"BreadcrumbList","@id":"https:\/\/gastora.eu\/product\/rfrigrateur-de-comptoir-90-cm-2-portes\/#breadcrumb","itemListElement":[{"@type":"ListItem","position":1,"name":"Home","item":"https:\/\/gastora.eu\/"},{"@type":"ListItem","position":2,"name":"Shop","item":"https:\/\/gastora.eu\/shop\/"},{"@type":"ListItem","position":3,"name":"R\u00e9frig\u00e9rateur de comptoir &#8211; 90 cm &#8211; 2 portes"}]},{"@type":"WebSite","@id":"https:\/\/gastora.eu\/#website","url":"https:\/\/gastora.eu\/","name":"Gastora","description":"\u00c9quipements professionnels CHR","publisher":{"@id":"https:\/\/gastora.eu\/#organization"},"potentialAction":[{"@type":"SearchAction","target":{"@type":"EntryPoint","urlTemplate":"https:\/\/gastora.eu\/?s={search_term_string}"},"query-input":{"@type":"PropertyValueSpecification","valueRequired":true,"valueName":"search_term_string"}}],"inLanguage":"en-US"},{"@type":"Organization","@id":"https:\/\/gastora.eu\/#organization","name":"Gastora","url":"https:\/\/gastora.eu\/","logo":{"@type":"ImageObject","inLanguage":"en-US","@id":"https:\/\/gastora.eu\/#\/schema\/logo\/image\/","url":"https:\/\/gastora.eu\/wp-content\/uploads\/2025\/12\/ChatGPT-Image-2-janv.-2026-22_52_47-1.png","contentUrl":"https:\/\/gastora.eu\/wp-content\/uploads\/2025\/12\/ChatGPT-Image-2-janv.-2026-22_52_47-1.png","width":1536,"height":320,"caption":"Gastora"},"image":{"@id":"https:\/\/gastora.eu\/#\/schema\/logo\/image\/"}}]}},"jetpack_sharing_enabled":true,"_links":{"self":[{"href":"https:\/\/gastora.eu\/en\/wp-json\/wp\/v2\/product\/13783","targetHints":{"allow":["GET"]}}],"collection":[{"href":"https:\/\/gastora.eu\/en\/wp-json\/wp\/v2\/product"}],"about":[{"href":"https:\/\/gastora.eu\/en\/wp-json\/wp\/v2\/types\/product"}],"wp:featuredmedia":[{"embeddable":true,"href":"https:\/\/gastora.eu\/en\/wp-json\/wp\/v2\/media\/6314"}],"wp:attachment":[{"href":"https:\/\/gastora.eu\/en\/wp-json\/wp\/v2\/media?parent=13783"}],"wp:term":[{"taxonomy":"product_brand","embeddable":true,"href":"https:\/\/gastora.eu\/en\/wp-json\/wp\/v2\/product_brand?post=13783"},{"taxonomy":"product_cat","embeddable":true,"href":"https:\/\/gastora.eu\/en\/wp-json\/wp\/v2\/product_cat?post=13783"},{"taxonomy":"product_tag","embeddable":true,"href":"https:\/\/gastora.eu\/en\/wp-json\/wp\/v2\/product_tag?post=13783"}],"curies":[{"name":"wp","href":"https:\/\/api.w.org\/{rel}","templated":true}]}}