{"id":13782,"date":"2026-04-25T17:29:50","date_gmt":"2026-04-25T17:29:50","guid":{"rendered":"https:\/\/gastora.eu\/?post_type=product&#038;p=13782"},"modified":"2026-04-28T16:55:16","modified_gmt":"2026-04-28T16:55:16","slug":"vitrine-gteaux-100-l-48-cm-ronde","status":"publish","type":"product","link":"https:\/\/gastora.eu\/en\/product\/vitrine-gteaux-100-l-48-cm-ronde\/","title":{"rendered":"Vitrine \u00e0 g\u00e2teaux &#8211; 100 L &#8211; 48 cm &#8211; ronde"},"content":{"rendered":"<p>Ce luxueux r\u00e9frig\u00e9rateur rond d&#8217;une capacit\u00e9 de 100 litres est un atout pour toute boulangerie, tout restaurant ou toute entreprise de restauration. Il est dot\u00e9 de fen\u00eatres joliment incurv\u00e9es tout autour et de trois \u00e9tag\u00e8res en verre r\u00e9glables en hauteur. Gr\u00e2ce \u00e0 l&#8217;\u00e9clairage LED \u00e0 faible consommation d&#8217;\u00e9nergie \u00e0 l&#8217;int\u00e9rieur, les g\u00e2teaux, les p\u00e2tisseries et autres produits de boulangerie sont litt\u00e9ralement sous les feux de la rampe. L&#8217;arri\u00e8re de la glaci\u00e8re ronde est \u00e9quip\u00e9 d&#8217;une porte battante pratique pour servir les clients rapidement et r\u00e9approvisionner facilement les produits.<\/p>\n<h3>Refroidissement homog\u00e8ne<\/h3>\n<p>Pour garantir une r\u00e9frig\u00e9ration homog\u00e8ne de tous les produits contenus dans le r\u00e9frig\u00e9rateur rond, celui-ci est dot\u00e9 d&#8217;un syst\u00e8me de refroidissement int\u00e9gr\u00e9 avec ventilateur. Vous pouvez \u00e9galement s\u00e9lectionner facilement la temp\u00e9rature de refroidissement de vos produits gr\u00e2ce au r\u00e9gulateur de temp\u00e9rature num\u00e9rique. Les boutons situ\u00e9s sur l&#8217;\u00e9cran \u00e0 l&#8217;arri\u00e8re vous permettent de r\u00e9gler vous-m\u00eame la temp\u00e9rature entre 0\u00b0 et 12\u00b0C. La formation de glace est \u00e9galement r\u00e9duite gr\u00e2ce au cycle de refroidissement int\u00e9gr\u00e9 unique. Le r\u00e9frig\u00e9rateur est \u00e9quip\u00e9 d&#8217;une fonction de d\u00e9givrage automatique, ce qui signifie que la glace qui se forme est transform\u00e9e en air froid toutes les six heures. Le r\u00e9frig\u00e9rant utilis\u00e9 pour cette p\u00e2tisserie de luxe est le R600a, exempt de CFC.<\/p>\n<h3>Nettoyage facile et hygi\u00e9nique<\/h3>\n<p>Cette vitrine r\u00e9frig\u00e9r\u00e9e professionnelle avec fen\u00eatres incurv\u00e9es est facile \u00e0 nettoyer gr\u00e2ce \u00e0 son bo\u00eetier en acier inoxydable. Les \u00e9tag\u00e8res en verre et les vitres sont faciles \u00e0 nettoyer avec un chiffon doux et de l&#8217;eau savonneuse. Ce r\u00e9frig\u00e9rateur rond est disponible en noir et en acier inoxydable et pr\u00e9sente de belles finitions \u00e0 l&#8217;int\u00e9rieur et \u00e0 l&#8217;ext\u00e9rieur pour un aspect luxueux et \u00e9l\u00e9gant.<\/p>\n<p><strong>Caract\u00e9ristiques<\/strong><\/p>\n<ul>\n<li>Portes coulissantes \u00e0 l&#8217;arri\u00e8re pour un acc\u00e8s facile<\/li>\n<li>\u00c9clairage int\u00e9rieur inclus<\/li>\n<li>Fen\u00eatres \u00e0 double vitrage sur deux c\u00f4t\u00e9s<\/li>\n<li>Comprend trois \u00e9tag\u00e8res en verre r\u00e9glables<\/li>\n<li>Cycle de refroidissement sp\u00e9cialis\u00e9 pour r\u00e9duire la formation de glace<\/li>\n<li>Bo\u00eetier en acier inoxydable avec fen\u00eatres incurv\u00e9es<\/li>\n<\/ul>\n<p><strong>Caract\u00e9ristiques du produit<\/strong><\/p>\n<ul>\n<li>Poids net : 50 kg<\/li>\n<li>Dimensions int\u00e9rieures : L43 x P43 x H65,8cm<\/li>\n<li>Dimensions ext\u00e9rieures : L48 x P48 x H103cm<\/li>\n<li>Diam\u00e8tre des \u00e9tag\u00e8res en verre : \u2205 48cm<\/li>\n<li>230V \/ 50Hz \/ 1 Phase 180W<\/li>\n<\/ul>","protected":false},"excerpt":{"rendered":"<p>Ce r\u00e9frig\u00e9rateur noir rond a une capacit\u00e9 de 100 litres et est id\u00e9al pour refroidir et pr\u00e9senter des g\u00e2teaux, des tartes et d&#8217;autres d\u00e9licieux desserts. Il est dot\u00e9 de vitres rondes, d&#8217;un \u00e9clairage LED \u00e0 l&#8217;int\u00e9rieur, d&#8217;un affichage num\u00e9rique et de trois \u00e9tag\u00e8res en verre r\u00e9glables. Parfait pour les boulangeries, les caf\u00e9s et autres \u00e9tablissements de restauration.<\/p>","protected":false},"featured_media":6312,"template":"","meta":{"_acf_changed":false},"product_brand":[],"product_cat":[475],"product_tag":[],"class_list":{"0":"post-13782","1":"product","2":"type-product","3":"status-publish","4":"has-post-thumbnail","6":"product_cat-vitrines-refrigerees-2","8":"first","9":"instock","10":"sale","11":"taxable","12":"shipping-taxable","13":"purchasable","14":"product-type-simple"},"acf":[],"yoast_head":"<!-- This site is optimized with the Yoast SEO plugin v27.5 - https:\/\/yoast.com\/product\/yoast-seo-wordpress\/ -->\n<title>Vitrine \u00e0 g\u00e2teaux - 100 L - 48 cm - ronde - Gastora<\/title>\n<meta name=\"description\" content=\"Achetez Vitrine \u00e0 g\u00e2teaux - 100 L - 48 cm - ronde au meilleur prix, fiable et performant avec une livraison rapide\" \/>\n<meta name=\"robots\" content=\"index, follow, max-snippet:-1, max-image-preview:large, max-video-preview:-1\" \/>\n<link rel=\"canonical\" href=\"https:\/\/gastora.eu\/en\/product\/vitrine-gteaux-100-l-48-cm-ronde\/\" \/>\n<meta property=\"og:locale\" content=\"en_US\" \/>\n<meta property=\"og:type\" content=\"article\" \/>\n<meta property=\"og:title\" content=\"Vitrine \u00e0 g\u00e2teaux - 100 L - 48 cm - ronde - Gastora\" \/>\n<meta property=\"og:description\" content=\"Achetez Vitrine \u00e0 g\u00e2teaux - 100 L - 48 cm - ronde au meilleur prix, fiable et performant avec une livraison rapide\" \/>\n<meta property=\"og:url\" content=\"https:\/\/gastora.eu\/en\/product\/vitrine-gteaux-100-l-48-cm-ronde\/\" \/>\n<meta property=\"og:site_name\" content=\"Gastora\" \/>\n<meta property=\"article:modified_time\" content=\"2026-04-28T16:55:16+00:00\" \/>\n<meta name=\"twitter:card\" content=\"summary_large_image\" \/>\n<meta name=\"twitter:label1\" content=\"Est. reading time\" \/>\n\t<meta name=\"twitter:data1\" content=\"2 minutes\" \/>\n<script type=\"application\/ld+json\" class=\"yoast-schema-graph\">{\"@context\":\"https:\\\/\\\/schema.org\",\"@graph\":[{\"@type\":\"WebPage\",\"@id\":\"https:\\\/\\\/gastora.eu\\\/product\\\/vitrine-gteaux-100-l-48-cm-ronde\\\/\",\"url\":\"https:\\\/\\\/gastora.eu\\\/product\\\/vitrine-gteaux-100-l-48-cm-ronde\\\/\",\"name\":\"Vitrine \u00e0 g\u00e2teaux - 100 L - 48 cm - ronde - Gastora\",\"isPartOf\":{\"@id\":\"https:\\\/\\\/gastora.eu\\\/#website\"},\"primaryImageOfPage\":{\"@id\":\"https:\\\/\\\/gastora.eu\\\/product\\\/vitrine-gteaux-100-l-48-cm-ronde\\\/#primaryimage\"},\"image\":{\"@id\":\"https:\\\/\\\/gastora.eu\\\/product\\\/vitrine-gteaux-100-l-48-cm-ronde\\\/#primaryimage\"},\"thumbnailUrl\":\"https:\\\/\\\/gastora.eu\\\/wp-content\\\/uploads\\\/2026\\\/04\\\/sp-05-61656e61e92b3.jpg\",\"datePublished\":\"2026-04-25T17:29:50+00:00\",\"dateModified\":\"2026-04-28T16:55:16+00:00\",\"description\":\"Achetez Vitrine \u00e0 g\u00e2teaux - 100 L - 48 cm - ronde au meilleur prix, fiable et performant avec une livraison rapide\",\"breadcrumb\":{\"@id\":\"https:\\\/\\\/gastora.eu\\\/product\\\/vitrine-gteaux-100-l-48-cm-ronde\\\/#breadcrumb\"},\"inLanguage\":\"en-US\",\"potentialAction\":[{\"@type\":\"ReadAction\",\"target\":[\"https:\\\/\\\/gastora.eu\\\/product\\\/vitrine-gteaux-100-l-48-cm-ronde\\\/\"]}]},{\"@type\":\"ImageObject\",\"inLanguage\":\"en-US\",\"@id\":\"https:\\\/\\\/gastora.eu\\\/product\\\/vitrine-gteaux-100-l-48-cm-ronde\\\/#primaryimage\",\"url\":\"https:\\\/\\\/gastora.eu\\\/wp-content\\\/uploads\\\/2026\\\/04\\\/sp-05-61656e61e92b3.jpg\",\"contentUrl\":\"https:\\\/\\\/gastora.eu\\\/wp-content\\\/uploads\\\/2026\\\/04\\\/sp-05-61656e61e92b3.jpg\",\"width\":1024,\"height\":1024},{\"@type\":\"BreadcrumbList\",\"@id\":\"https:\\\/\\\/gastora.eu\\\/product\\\/vitrine-gteaux-100-l-48-cm-ronde\\\/#breadcrumb\",\"itemListElement\":[{\"@type\":\"ListItem\",\"position\":1,\"name\":\"Home\",\"item\":\"https:\\\/\\\/gastora.eu\\\/\"},{\"@type\":\"ListItem\",\"position\":2,\"name\":\"Shop\",\"item\":\"https:\\\/\\\/gastora.eu\\\/shop\\\/\"},{\"@type\":\"ListItem\",\"position\":3,\"name\":\"Vitrine \u00e0 g\u00e2teaux &#8211; 100 L &#8211; 48 cm &#8211; ronde\"}]},{\"@type\":\"WebSite\",\"@id\":\"https:\\\/\\\/gastora.eu\\\/#website\",\"url\":\"https:\\\/\\\/gastora.eu\\\/\",\"name\":\"Gastora\",\"description\":\"\u00c9quipements professionnels CHR\",\"publisher\":{\"@id\":\"https:\\\/\\\/gastora.eu\\\/#organization\"},\"potentialAction\":[{\"@type\":\"SearchAction\",\"target\":{\"@type\":\"EntryPoint\",\"urlTemplate\":\"https:\\\/\\\/gastora.eu\\\/?s={search_term_string}\"},\"query-input\":{\"@type\":\"PropertyValueSpecification\",\"valueRequired\":true,\"valueName\":\"search_term_string\"}}],\"inLanguage\":\"en-US\"},{\"@type\":\"Organization\",\"@id\":\"https:\\\/\\\/gastora.eu\\\/#organization\",\"name\":\"Gastora\",\"url\":\"https:\\\/\\\/gastora.eu\\\/\",\"logo\":{\"@type\":\"ImageObject\",\"inLanguage\":\"en-US\",\"@id\":\"https:\\\/\\\/gastora.eu\\\/#\\\/schema\\\/logo\\\/image\\\/\",\"url\":\"https:\\\/\\\/gastora.eu\\\/wp-content\\\/uploads\\\/2025\\\/12\\\/ChatGPT-Image-2-janv.-2026-22_52_47-1.png\",\"contentUrl\":\"https:\\\/\\\/gastora.eu\\\/wp-content\\\/uploads\\\/2025\\\/12\\\/ChatGPT-Image-2-janv.-2026-22_52_47-1.png\",\"width\":1536,\"height\":320,\"caption\":\"Gastora\"},\"image\":{\"@id\":\"https:\\\/\\\/gastora.eu\\\/#\\\/schema\\\/logo\\\/image\\\/\"}}]}<\/script>\n<!-- \/ Yoast SEO plugin. -->","yoast_head_json":{"title":"Vitrine \u00e0 g\u00e2teaux - 100 L - 48 cm - ronde - Gastora","description":"Achetez Vitrine \u00e0 g\u00e2teaux - 100 L - 48 cm - ronde au meilleur prix, fiable et performant avec une livraison rapide","robots":{"index":"index","follow":"follow","max-snippet":"max-snippet:-1","max-image-preview":"max-image-preview:large","max-video-preview":"max-video-preview:-1"},"canonical":"https:\/\/gastora.eu\/en\/product\/vitrine-gteaux-100-l-48-cm-ronde\/","og_locale":"en_US","og_type":"article","og_title":"Vitrine \u00e0 g\u00e2teaux - 100 L - 48 cm - ronde - Gastora","og_description":"Achetez Vitrine \u00e0 g\u00e2teaux - 100 L - 48 cm - ronde au meilleur prix, fiable et performant avec une livraison rapide","og_url":"https:\/\/gastora.eu\/en\/product\/vitrine-gteaux-100-l-48-cm-ronde\/","og_site_name":"Gastora","article_modified_time":"2026-04-28T16:55:16+00:00","twitter_card":"summary_large_image","twitter_misc":{"Est. reading time":"2 minutes"},"schema":{"@context":"https:\/\/schema.org","@graph":[{"@type":"WebPage","@id":"https:\/\/gastora.eu\/product\/vitrine-gteaux-100-l-48-cm-ronde\/","url":"https:\/\/gastora.eu\/product\/vitrine-gteaux-100-l-48-cm-ronde\/","name":"Vitrine \u00e0 g\u00e2teaux - 100 L - 48 cm - ronde - Gastora","isPartOf":{"@id":"https:\/\/gastora.eu\/#website"},"primaryImageOfPage":{"@id":"https:\/\/gastora.eu\/product\/vitrine-gteaux-100-l-48-cm-ronde\/#primaryimage"},"image":{"@id":"https:\/\/gastora.eu\/product\/vitrine-gteaux-100-l-48-cm-ronde\/#primaryimage"},"thumbnailUrl":"https:\/\/gastora.eu\/wp-content\/uploads\/2026\/04\/sp-05-61656e61e92b3.jpg","datePublished":"2026-04-25T17:29:50+00:00","dateModified":"2026-04-28T16:55:16+00:00","description":"Achetez Vitrine \u00e0 g\u00e2teaux - 100 L - 48 cm - ronde au meilleur prix, fiable et performant avec une livraison rapide","breadcrumb":{"@id":"https:\/\/gastora.eu\/product\/vitrine-gteaux-100-l-48-cm-ronde\/#breadcrumb"},"inLanguage":"en-US","potentialAction":[{"@type":"ReadAction","target":["https:\/\/gastora.eu\/product\/vitrine-gteaux-100-l-48-cm-ronde\/"]}]},{"@type":"ImageObject","inLanguage":"en-US","@id":"https:\/\/gastora.eu\/product\/vitrine-gteaux-100-l-48-cm-ronde\/#primaryimage","url":"https:\/\/gastora.eu\/wp-content\/uploads\/2026\/04\/sp-05-61656e61e92b3.jpg","contentUrl":"https:\/\/gastora.eu\/wp-content\/uploads\/2026\/04\/sp-05-61656e61e92b3.jpg","width":1024,"height":1024},{"@type":"BreadcrumbList","@id":"https:\/\/gastora.eu\/product\/vitrine-gteaux-100-l-48-cm-ronde\/#breadcrumb","itemListElement":[{"@type":"ListItem","position":1,"name":"Home","item":"https:\/\/gastora.eu\/"},{"@type":"ListItem","position":2,"name":"Shop","item":"https:\/\/gastora.eu\/shop\/"},{"@type":"ListItem","position":3,"name":"Vitrine \u00e0 g\u00e2teaux &#8211; 100 L &#8211; 48 cm &#8211; ronde"}]},{"@type":"WebSite","@id":"https:\/\/gastora.eu\/#website","url":"https:\/\/gastora.eu\/","name":"Gastora","description":"\u00c9quipements professionnels CHR","publisher":{"@id":"https:\/\/gastora.eu\/#organization"},"potentialAction":[{"@type":"SearchAction","target":{"@type":"EntryPoint","urlTemplate":"https:\/\/gastora.eu\/?s={search_term_string}"},"query-input":{"@type":"PropertyValueSpecification","valueRequired":true,"valueName":"search_term_string"}}],"inLanguage":"en-US"},{"@type":"Organization","@id":"https:\/\/gastora.eu\/#organization","name":"Gastora","url":"https:\/\/gastora.eu\/","logo":{"@type":"ImageObject","inLanguage":"en-US","@id":"https:\/\/gastora.eu\/#\/schema\/logo\/image\/","url":"https:\/\/gastora.eu\/wp-content\/uploads\/2025\/12\/ChatGPT-Image-2-janv.-2026-22_52_47-1.png","contentUrl":"https:\/\/gastora.eu\/wp-content\/uploads\/2025\/12\/ChatGPT-Image-2-janv.-2026-22_52_47-1.png","width":1536,"height":320,"caption":"Gastora"},"image":{"@id":"https:\/\/gastora.eu\/#\/schema\/logo\/image\/"}}]}},"jetpack_sharing_enabled":true,"_links":{"self":[{"href":"https:\/\/gastora.eu\/en\/wp-json\/wp\/v2\/product\/13782","targetHints":{"allow":["GET"]}}],"collection":[{"href":"https:\/\/gastora.eu\/en\/wp-json\/wp\/v2\/product"}],"about":[{"href":"https:\/\/gastora.eu\/en\/wp-json\/wp\/v2\/types\/product"}],"wp:featuredmedia":[{"embeddable":true,"href":"https:\/\/gastora.eu\/en\/wp-json\/wp\/v2\/media\/6312"}],"wp:attachment":[{"href":"https:\/\/gastora.eu\/en\/wp-json\/wp\/v2\/media?parent=13782"}],"wp:term":[{"taxonomy":"product_brand","embeddable":true,"href":"https:\/\/gastora.eu\/en\/wp-json\/wp\/v2\/product_brand?post=13782"},{"taxonomy":"product_cat","embeddable":true,"href":"https:\/\/gastora.eu\/en\/wp-json\/wp\/v2\/product_cat?post=13782"},{"taxonomy":"product_tag","embeddable":true,"href":"https:\/\/gastora.eu\/en\/wp-json\/wp\/v2\/product_tag?post=13782"}],"curies":[{"name":"wp","href":"https:\/\/api.w.org\/{rel}","templated":true}]}}