{"id":13781,"date":"2026-04-25T17:29:49","date_gmt":"2026-04-25T17:29:49","guid":{"rendered":"https:\/\/gastora.eu\/?post_type=product&#038;p=13781"},"modified":"2026-04-28T16:55:16","modified_gmt":"2026-04-28T16:55:16","slug":"vitrine-gateaux-500-l-120-cm-sur-roues","status":"publish","type":"product","link":"https:\/\/gastora.eu\/en\/product\/vitrine-gateaux-500-l-120-cm-sur-roues\/","title":{"rendered":"Vitrine \u00e0 gateaux  &#8211; 500 L &#8211; 120 cm &#8211; sur roues"},"content":{"rendered":"<p>Ce r\u00e9frig\u00e9rateur de pr\u00e9sentation professionnel est fabriqu\u00e9 \u00e0 partir de mat\u00e9riaux de haute qualit\u00e9 et est id\u00e9al pour les restaurants, les h\u00f4tels, les caf\u00e9s et autres \u00e9tablissements de restauration qui doivent pr\u00e9senter leurs produits. Outre les g\u00e2teaux et les p\u00e2tisseries, le r\u00e9frig\u00e9rateur de luxe, d&#8217;une capacit\u00e9 de 500 litres, offre beaucoup d&#8217;espace pour pr\u00e9senter les produits de votre menu. Il est \u00e9quip\u00e9 de vitres sur tout le pourtour et de trois \u00e9tag\u00e8res en verre \u00e0 l&#8217;int\u00e9rieur, pour faciliter la visualisation. Les \u00e9tag\u00e8res sont \u00e9galement r\u00e9glables en hauteur, ce qui vous permet de personnaliser l&#8217;agencement selon vos besoins. Il comprend \u00e9galement une porte coulissante \u00e0 l&#8217;arri\u00e8re pour faciliter l&#8217;acc\u00e8s au remplissage. Cet \u00e9quipement professionnel est un moyen luxueux de pr\u00e9senter tous vos produits aux clients de mani\u00e8re attrayante.<\/p>\n<h3>Refroidissement des g\u00e2teaux et des p\u00e2tisseries<\/h3>\n<p>Ce r\u00e9frig\u00e9rateur d&#8217;exposition haut de gamme comprend un syst\u00e8me de refroidissement avec ventilateur, de sorte que l&#8217;air froid est constamment et uniform\u00e9ment redistribu\u00e9 dans l&#8217;ensemble du r\u00e9frig\u00e9rateur. Quelle que soit la position du produit dans le r\u00e9frig\u00e9rateur, tout reste \u00e9galement refroidi, ce qui est parfait pour les aliments tels que les g\u00e2teaux, les p\u00e2tisseries et les sandwiches. C&#8217;est \u00e9galement un appareil facile \u00e0 utiliser. Le panneau de commande num\u00e9rique permet de r\u00e9gler la temp\u00e9rature entre 0 et 12\u00b0C. Le r\u00e9frig\u00e9rant utilis\u00e9 pour ce r\u00e9frig\u00e9rateur de luxe est le R290, exempt de CFC.<\/p>\n<h3>Facile \u00e0 nettoyer<\/h3>\n<p>Gr\u00e2ce \u00e0 ses quatre roues, ce r\u00e9frig\u00e9rateur d&#8217;exposition peut \u00eatre d\u00e9plac\u00e9 \u00e0 diff\u00e9rents endroits de votre restaurant ou de votre magasin sans trop d&#8217;efforts. Il est \u00e9galement facile \u00e0 nettoyer, puisqu&#8217;il suffit de le faire rouler dans la cuisine. Une bonne hygi\u00e8ne est importante lorsque l&#8217;on travaille avec des aliments tous les jours, c&#8217;est pourquoi le nettoyage doit \u00eatre facile. Ce r\u00e9frig\u00e9rateur est fabriqu\u00e9 en acier inoxydable lisse, de sorte qu&#8217;il suffit d&#8217;un chiffon humide et d&#8217;un peu d&#8217;eau savonneuse pour nettoyer l&#8217;ext\u00e9rieur. L&#8217;int\u00e9rieur du r\u00e9frig\u00e9rateur, ainsi que les \u00e9tag\u00e8res en verre, peuvent \u00e9galement \u00eatre nettoy\u00e9s \u00e0 l&#8217;eau chaude savonneuse.<\/p>\n<p><strong>Caract\u00e9ristiques<\/strong><\/p>\n<ul>\n<li>\u00c9clairage LED \u00e0 l&#8217;int\u00e9rieur<\/li>\n<li>Bo\u00eetier en acier inoxydable<\/li>\n<li>Porte coulissante \u00e0 l&#8217;arri\u00e8re<\/li>\n<li>R\u00e9frig\u00e9rant R290, sans CFC<\/li>\n<li>Comprend quatre roues pour la mobilit\u00e9<\/li>\n<li>Plage de temp\u00e9rature de 0 \u00e0 12\u00b0C<\/li>\n<li>R\u00e9gulateur de temp\u00e9rature num\u00e9rique Dixell<\/li>\n<li>Fen\u00eatres \u00e0 double vitrage sur tous les c\u00f4t\u00e9s<\/li>\n<li>Syst\u00e8me de refroidissement avec ventilateur, id\u00e9al pour les g\u00e2teaux<\/li>\n<li>Livr\u00e9 avec trois \u00e9tag\u00e8res en verre r\u00e9glables<\/li>\n<li>Cycle de refroidissement sp\u00e9cial pour r\u00e9duire la formation de glace<\/li>\n<\/ul>\n<p><strong>Caract\u00e9ristiques du produit<\/strong><\/p>\n<ul>\n<li>Poids net : 162 kg<\/li>\n<li>Dimensions int\u00e9rieures : L116 x P718cm x H92,2<\/li>\n<li>Dimensions externes de l&#8217;appareil : L120 x P80,5cm x H144,5<\/li>\n<li>Puissance : 230V \/ 50Hz \/ 1 Phase 450W<\/li>\n<\/ul>\n<p><strong>Remarque :<\/strong> pour \u00e9viter la condensation, ne placez pas le r\u00e9frig\u00e9rateur dans une pi\u00e8ce chaude ou humide. En cas de condensation, veuillez nous contacter.<\/p>","protected":false},"excerpt":{"rendered":"<p>Ce r\u00e9frig\u00e9rateur noir a une capacit\u00e9 de 500 litres et est \u00e9quip\u00e9 de portes coulissantes \u00e0 l&#8217;arri\u00e8re pour faciliter le remplissage et le retrait des produits. Il est \u00e9quip\u00e9 de trois \u00e9tag\u00e8res en verre r\u00e9glables, d&#8217;un \u00e9clairage LED \u00e0 l&#8217;int\u00e9rieur, de roues avec freins et d&#8217;un affichage num\u00e9rique. Parfait pour pr\u00e9senter des p\u00e2tisseries, des sandwichs et autres snacks dans divers \u00e9tablissements de restauration.<\/p>","protected":false},"featured_media":6310,"template":"","meta":{"_acf_changed":false},"product_brand":[],"product_cat":[475],"product_tag":[],"class_list":{"0":"post-13781","1":"product","2":"type-product","3":"status-publish","4":"has-post-thumbnail","6":"product_cat-vitrines-refrigerees-2","8":"first","9":"instock","10":"sale","11":"taxable","12":"shipping-taxable","13":"purchasable","14":"product-type-simple"},"acf":[],"yoast_head":"<!-- This site is optimized with the Yoast SEO plugin v27.5 - https:\/\/yoast.com\/product\/yoast-seo-wordpress\/ -->\n<title>Vitrine \u00e0 gateaux - 500 L - 120 cm - sur roues - Gastora<\/title>\n<meta name=\"description\" content=\"Achetez Vitrine \u00e0 gateaux - 500 L - 120 cm - sur roues au meilleur prix, fiable et performant avec une livraison rapide\" \/>\n<meta name=\"robots\" content=\"index, follow, max-snippet:-1, max-image-preview:large, max-video-preview:-1\" \/>\n<link rel=\"canonical\" href=\"https:\/\/gastora.eu\/en\/product\/vitrine-gateaux-500-l-120-cm-sur-roues\/\" \/>\n<meta property=\"og:locale\" content=\"en_US\" \/>\n<meta property=\"og:type\" content=\"article\" \/>\n<meta property=\"og:title\" content=\"Vitrine \u00e0 gateaux - 500 L - 120 cm - sur roues - Gastora\" \/>\n<meta property=\"og:description\" content=\"Achetez Vitrine \u00e0 gateaux - 500 L - 120 cm - sur roues au meilleur prix, fiable et performant avec une livraison rapide\" \/>\n<meta property=\"og:url\" content=\"https:\/\/gastora.eu\/en\/product\/vitrine-gateaux-500-l-120-cm-sur-roues\/\" \/>\n<meta property=\"og:site_name\" content=\"Gastora\" \/>\n<meta property=\"article:modified_time\" content=\"2026-04-28T16:55:16+00:00\" \/>\n<meta name=\"twitter:card\" content=\"summary_large_image\" \/>\n<meta name=\"twitter:label1\" content=\"Est. reading time\" \/>\n\t<meta name=\"twitter:data1\" content=\"3 minutes\" \/>\n<script type=\"application\/ld+json\" class=\"yoast-schema-graph\">{\"@context\":\"https:\\\/\\\/schema.org\",\"@graph\":[{\"@type\":\"WebPage\",\"@id\":\"https:\\\/\\\/gastora.eu\\\/product\\\/vitrine-gateaux-500-l-120-cm-sur-roues\\\/\",\"url\":\"https:\\\/\\\/gastora.eu\\\/product\\\/vitrine-gateaux-500-l-120-cm-sur-roues\\\/\",\"name\":\"Vitrine \u00e0 gateaux - 500 L - 120 cm - sur roues - Gastora\",\"isPartOf\":{\"@id\":\"https:\\\/\\\/gastora.eu\\\/#website\"},\"primaryImageOfPage\":{\"@id\":\"https:\\\/\\\/gastora.eu\\\/product\\\/vitrine-gateaux-500-l-120-cm-sur-roues\\\/#primaryimage\"},\"image\":{\"@id\":\"https:\\\/\\\/gastora.eu\\\/product\\\/vitrine-gateaux-500-l-120-cm-sur-roues\\\/#primaryimage\"},\"thumbnailUrl\":\"https:\\\/\\\/gastora.eu\\\/wp-content\\\/uploads\\\/2026\\\/04\\\/sp-005-61656e6f6cf8e.jpg\",\"datePublished\":\"2026-04-25T17:29:49+00:00\",\"dateModified\":\"2026-04-28T16:55:16+00:00\",\"description\":\"Achetez Vitrine \u00e0 gateaux - 500 L - 120 cm - sur roues au meilleur prix, fiable et performant avec une livraison rapide\",\"breadcrumb\":{\"@id\":\"https:\\\/\\\/gastora.eu\\\/product\\\/vitrine-gateaux-500-l-120-cm-sur-roues\\\/#breadcrumb\"},\"inLanguage\":\"en-US\",\"potentialAction\":[{\"@type\":\"ReadAction\",\"target\":[\"https:\\\/\\\/gastora.eu\\\/product\\\/vitrine-gateaux-500-l-120-cm-sur-roues\\\/\"]}]},{\"@type\":\"ImageObject\",\"inLanguage\":\"en-US\",\"@id\":\"https:\\\/\\\/gastora.eu\\\/product\\\/vitrine-gateaux-500-l-120-cm-sur-roues\\\/#primaryimage\",\"url\":\"https:\\\/\\\/gastora.eu\\\/wp-content\\\/uploads\\\/2026\\\/04\\\/sp-005-61656e6f6cf8e.jpg\",\"contentUrl\":\"https:\\\/\\\/gastora.eu\\\/wp-content\\\/uploads\\\/2026\\\/04\\\/sp-005-61656e6f6cf8e.jpg\",\"width\":1024,\"height\":1024},{\"@type\":\"BreadcrumbList\",\"@id\":\"https:\\\/\\\/gastora.eu\\\/product\\\/vitrine-gateaux-500-l-120-cm-sur-roues\\\/#breadcrumb\",\"itemListElement\":[{\"@type\":\"ListItem\",\"position\":1,\"name\":\"Home\",\"item\":\"https:\\\/\\\/gastora.eu\\\/\"},{\"@type\":\"ListItem\",\"position\":2,\"name\":\"Shop\",\"item\":\"https:\\\/\\\/gastora.eu\\\/shop\\\/\"},{\"@type\":\"ListItem\",\"position\":3,\"name\":\"Vitrine \u00e0 gateaux &#8211; 500 L &#8211; 120 cm &#8211; sur roues\"}]},{\"@type\":\"WebSite\",\"@id\":\"https:\\\/\\\/gastora.eu\\\/#website\",\"url\":\"https:\\\/\\\/gastora.eu\\\/\",\"name\":\"Gastora\",\"description\":\"\u00c9quipements professionnels CHR\",\"publisher\":{\"@id\":\"https:\\\/\\\/gastora.eu\\\/#organization\"},\"potentialAction\":[{\"@type\":\"SearchAction\",\"target\":{\"@type\":\"EntryPoint\",\"urlTemplate\":\"https:\\\/\\\/gastora.eu\\\/?s={search_term_string}\"},\"query-input\":{\"@type\":\"PropertyValueSpecification\",\"valueRequired\":true,\"valueName\":\"search_term_string\"}}],\"inLanguage\":\"en-US\"},{\"@type\":\"Organization\",\"@id\":\"https:\\\/\\\/gastora.eu\\\/#organization\",\"name\":\"Gastora\",\"url\":\"https:\\\/\\\/gastora.eu\\\/\",\"logo\":{\"@type\":\"ImageObject\",\"inLanguage\":\"en-US\",\"@id\":\"https:\\\/\\\/gastora.eu\\\/#\\\/schema\\\/logo\\\/image\\\/\",\"url\":\"https:\\\/\\\/gastora.eu\\\/wp-content\\\/uploads\\\/2025\\\/12\\\/ChatGPT-Image-2-janv.-2026-22_52_47-1.png\",\"contentUrl\":\"https:\\\/\\\/gastora.eu\\\/wp-content\\\/uploads\\\/2025\\\/12\\\/ChatGPT-Image-2-janv.-2026-22_52_47-1.png\",\"width\":1536,\"height\":320,\"caption\":\"Gastora\"},\"image\":{\"@id\":\"https:\\\/\\\/gastora.eu\\\/#\\\/schema\\\/logo\\\/image\\\/\"}}]}<\/script>\n<!-- \/ Yoast SEO plugin. -->","yoast_head_json":{"title":"Vitrine \u00e0 gateaux - 500 L - 120 cm - sur roues - Gastora","description":"Achetez Vitrine \u00e0 gateaux - 500 L - 120 cm - sur roues au meilleur prix, fiable et performant avec une livraison rapide","robots":{"index":"index","follow":"follow","max-snippet":"max-snippet:-1","max-image-preview":"max-image-preview:large","max-video-preview":"max-video-preview:-1"},"canonical":"https:\/\/gastora.eu\/en\/product\/vitrine-gateaux-500-l-120-cm-sur-roues\/","og_locale":"en_US","og_type":"article","og_title":"Vitrine \u00e0 gateaux - 500 L - 120 cm - sur roues - Gastora","og_description":"Achetez Vitrine \u00e0 gateaux - 500 L - 120 cm - sur roues au meilleur prix, fiable et performant avec une livraison rapide","og_url":"https:\/\/gastora.eu\/en\/product\/vitrine-gateaux-500-l-120-cm-sur-roues\/","og_site_name":"Gastora","article_modified_time":"2026-04-28T16:55:16+00:00","twitter_card":"summary_large_image","twitter_misc":{"Est. reading time":"3 minutes"},"schema":{"@context":"https:\/\/schema.org","@graph":[{"@type":"WebPage","@id":"https:\/\/gastora.eu\/product\/vitrine-gateaux-500-l-120-cm-sur-roues\/","url":"https:\/\/gastora.eu\/product\/vitrine-gateaux-500-l-120-cm-sur-roues\/","name":"Vitrine \u00e0 gateaux - 500 L - 120 cm - sur roues - Gastora","isPartOf":{"@id":"https:\/\/gastora.eu\/#website"},"primaryImageOfPage":{"@id":"https:\/\/gastora.eu\/product\/vitrine-gateaux-500-l-120-cm-sur-roues\/#primaryimage"},"image":{"@id":"https:\/\/gastora.eu\/product\/vitrine-gateaux-500-l-120-cm-sur-roues\/#primaryimage"},"thumbnailUrl":"https:\/\/gastora.eu\/wp-content\/uploads\/2026\/04\/sp-005-61656e6f6cf8e.jpg","datePublished":"2026-04-25T17:29:49+00:00","dateModified":"2026-04-28T16:55:16+00:00","description":"Achetez Vitrine \u00e0 gateaux - 500 L - 120 cm - sur roues au meilleur prix, fiable et performant avec une livraison rapide","breadcrumb":{"@id":"https:\/\/gastora.eu\/product\/vitrine-gateaux-500-l-120-cm-sur-roues\/#breadcrumb"},"inLanguage":"en-US","potentialAction":[{"@type":"ReadAction","target":["https:\/\/gastora.eu\/product\/vitrine-gateaux-500-l-120-cm-sur-roues\/"]}]},{"@type":"ImageObject","inLanguage":"en-US","@id":"https:\/\/gastora.eu\/product\/vitrine-gateaux-500-l-120-cm-sur-roues\/#primaryimage","url":"https:\/\/gastora.eu\/wp-content\/uploads\/2026\/04\/sp-005-61656e6f6cf8e.jpg","contentUrl":"https:\/\/gastora.eu\/wp-content\/uploads\/2026\/04\/sp-005-61656e6f6cf8e.jpg","width":1024,"height":1024},{"@type":"BreadcrumbList","@id":"https:\/\/gastora.eu\/product\/vitrine-gateaux-500-l-120-cm-sur-roues\/#breadcrumb","itemListElement":[{"@type":"ListItem","position":1,"name":"Home","item":"https:\/\/gastora.eu\/"},{"@type":"ListItem","position":2,"name":"Shop","item":"https:\/\/gastora.eu\/shop\/"},{"@type":"ListItem","position":3,"name":"Vitrine \u00e0 gateaux &#8211; 500 L &#8211; 120 cm &#8211; sur roues"}]},{"@type":"WebSite","@id":"https:\/\/gastora.eu\/#website","url":"https:\/\/gastora.eu\/","name":"Gastora","description":"\u00c9quipements professionnels CHR","publisher":{"@id":"https:\/\/gastora.eu\/#organization"},"potentialAction":[{"@type":"SearchAction","target":{"@type":"EntryPoint","urlTemplate":"https:\/\/gastora.eu\/?s={search_term_string}"},"query-input":{"@type":"PropertyValueSpecification","valueRequired":true,"valueName":"search_term_string"}}],"inLanguage":"en-US"},{"@type":"Organization","@id":"https:\/\/gastora.eu\/#organization","name":"Gastora","url":"https:\/\/gastora.eu\/","logo":{"@type":"ImageObject","inLanguage":"en-US","@id":"https:\/\/gastora.eu\/#\/schema\/logo\/image\/","url":"https:\/\/gastora.eu\/wp-content\/uploads\/2025\/12\/ChatGPT-Image-2-janv.-2026-22_52_47-1.png","contentUrl":"https:\/\/gastora.eu\/wp-content\/uploads\/2025\/12\/ChatGPT-Image-2-janv.-2026-22_52_47-1.png","width":1536,"height":320,"caption":"Gastora"},"image":{"@id":"https:\/\/gastora.eu\/#\/schema\/logo\/image\/"}}]}},"jetpack_sharing_enabled":true,"_links":{"self":[{"href":"https:\/\/gastora.eu\/en\/wp-json\/wp\/v2\/product\/13781","targetHints":{"allow":["GET"]}}],"collection":[{"href":"https:\/\/gastora.eu\/en\/wp-json\/wp\/v2\/product"}],"about":[{"href":"https:\/\/gastora.eu\/en\/wp-json\/wp\/v2\/types\/product"}],"wp:featuredmedia":[{"embeddable":true,"href":"https:\/\/gastora.eu\/en\/wp-json\/wp\/v2\/media\/6310"}],"wp:attachment":[{"href":"https:\/\/gastora.eu\/en\/wp-json\/wp\/v2\/media?parent=13781"}],"wp:term":[{"taxonomy":"product_brand","embeddable":true,"href":"https:\/\/gastora.eu\/en\/wp-json\/wp\/v2\/product_brand?post=13781"},{"taxonomy":"product_cat","embeddable":true,"href":"https:\/\/gastora.eu\/en\/wp-json\/wp\/v2\/product_cat?post=13781"},{"taxonomy":"product_tag","embeddable":true,"href":"https:\/\/gastora.eu\/en\/wp-json\/wp\/v2\/product_tag?post=13781"}],"curies":[{"name":"wp","href":"https:\/\/api.w.org\/{rel}","templated":true}]}}