{"id":13780,"date":"2026-04-25T17:29:48","date_gmt":"2026-04-25T17:29:48","guid":{"rendered":"https:\/\/gastora.eu\/?post_type=product&#038;p=13780"},"modified":"2026-04-26T08:28:57","modified_gmt":"2026-04-26T08:28:57","slug":"vitrine-gteaux-400-l-90-cm-sur-roues","status":"publish","type":"product","link":"https:\/\/gastora.eu\/en\/product\/vitrine-gteaux-400-l-90-cm-sur-roues\/","title":{"rendered":"Vitrine \u00e0 g\u00e2teaux &#8211; 400 L &#8211; 90 cm &#8211; sur roues"},"content":{"rendered":"<p>Cette vitrine est parfaite pour les restaurants, h\u00f4tels, caf\u00e9s et autres \u00e9tablissements de restauration. Outre les g\u00e2teaux et les p\u00e2tisseries, la vitrine de luxe &#8211; d&#8217;une capacit\u00e9 de 400 litres &#8211; offre suffisamment d&#8217;espace pour d&#8217;autres produits alimentaires, tels que des sandwiches, des salades, des tapas et des snacks. La vitrine r\u00e9frig\u00e9r\u00e9e est \u00e9quip\u00e9e de fen\u00eatres en verre tout autour et de trois \u00e9tag\u00e8res en verre r\u00e9glables en hauteur \u00e0 l&#8217;int\u00e9rieur. Elle offre une mani\u00e8re luxueuse de pr\u00e9senter professionnellement tous vos produits aux invit\u00e9s et aux clients. \u00c0 l&#8217;arri\u00e8re de la vitrine se trouve une porte coulissante qui facilite le remplissage et le service.<\/p>\n<h3>Syst\u00e8me de refroidissement id\u00e9al pour les g\u00e2teaux et les p\u00e2tisseries<\/h3>\n<p>Les g\u00e2teaux et les p\u00e2tisseries de cette vitrine sont r\u00e9frig\u00e9r\u00e9s au moyen d&#8217;un syst\u00e8me de refroidissement avec ventilateur. Cela signifie que l&#8217;air froid est uniform\u00e9ment r\u00e9parti dans le r\u00e9frig\u00e9rateur. Quelle que soit la position du produit, tout reste frais. Vous pouvez utiliser le panneau de commande num\u00e9rique pour r\u00e9gler la temp\u00e9rature. Les temp\u00e9ratures vont de 0\u00b0 \u00e0 12\u00b0C. Le r\u00e9frig\u00e9rant utilis\u00e9 pour cette vitrine de luxe est le R290 et ne contient pas de CFC.<\/p>\n<h3>Vitrine professionnelle mobile<\/h3>\n<p>Gr\u00e2ce \u00e0 ses quatre roues, cette vitrine de luxe est facile \u00e0 d\u00e9placer et \u00e0 placer \u00e0 un autre endroit dans votre entreprise. Le nettoyage du r\u00e9frig\u00e9rateur est \u00e9galement tr\u00e8s facile, gr\u00e2ce au bo\u00eetier en acier inoxydable. L&#8217;int\u00e9rieur et les plateaux en verre peuvent \u00eatre nettoy\u00e9s avec un chiffon et de l&#8217;eau savonneuse. Cette vitrine est disponible en noir et en acier inoxydable.<\/p>\n<ul>\n<li>Pr\u00e9sentoir r\u00e9frig\u00e9r\u00e9 pour g\u00e2teaux et p\u00e2tisseries 400L noir<\/li>\n<li>Id\u00e9al pour les g\u00e2teaux, p\u00e2tisseries, snacks et sandwiches<\/li>\n<li>Bo\u00eetier en acier inoxydable avec des fen\u00eatres rectangulaires tout autour<\/li>\n<li>Porte coulissante \u00e0 l&#8217;arri\u00e8re<\/li>\n<li>Fen\u00eatres en verre sur tous les c\u00f4t\u00e9s (double vitrage)<\/li>\n<li>\u00c9quip\u00e9 de 3 \u00e9tag\u00e8res en verre r\u00e9glables<\/li>\n<li>Syst\u00e8me de refroidissement avec ventilateur (utilisable pour les g\u00e2teaux)<\/li>\n<li>Cycle de refroidissement unique pour r\u00e9duire la formation de glace<\/li>\n<li>\u00c9clairage LED \u00e0 l&#8217;int\u00e9rieur<\/li>\n<li>R\u00e9frig\u00e9rant R290 \/ sans CFC<\/li>\n<li>Contr\u00f4leur de temp\u00e9rature num\u00e9rique Dixell<\/li>\n<li>Temp\u00e9rature de 0 \u00b0 \u00e0 + 12 \u00b0 Celsius<\/li>\n<li>D\u00e9pla\u00e7able sur 4 roues<\/li>\n<li>Poids net : 141kg<\/li>\n<li>Dimensions internes de l&#8217;appareil : L86 x P71,8 x H92,2cm<\/li>\n<li>Dimensions ext\u00e9rieures de l&#8217;appareil : L90 x P80,5 x H144,5cm<\/li>\n<li>Puissance : 230V \/ 50Hz \/ 1Phase 450W<\/li>\n<\/ul>\n<p><strong>Remarque :<\/strong> Pour \u00e9viter la condensation, ne pas placer la vitrine dans une pi\u00e8ce chaude et\/ou humide. En cas de condensation (trop importante), veuillez nous contacter.<\/p>","protected":false},"excerpt":{"rendered":"<p>Dans cette vitrine de luxe, d&#8217;une capacit\u00e9 de 400 litres, vous pouvez conserver longtemps g\u00e2teaux, sandwiches et p\u00e2tisseries au frais. Elle est \u00e9galement facile \u00e0 d\u00e9placer, gr\u00e2ce aux quatre roulettes du fond et \u00e0 un r\u00e9gulateur de temp\u00e9rature facile \u00e0 utiliser.<\/p>","protected":false},"featured_media":6308,"template":"","meta":{"_acf_changed":false},"product_brand":[],"product_cat":[475],"product_tag":[],"class_list":{"0":"post-13780","1":"product","2":"type-product","3":"status-publish","4":"has-post-thumbnail","6":"product_cat-vitrines-refrigerees-2","8":"first","9":"instock","10":"sale","11":"taxable","12":"shipping-taxable","13":"purchasable","14":"product-type-simple"},"acf":[],"yoast_head":"<!-- This site is optimized with the Yoast SEO plugin v27.4 - https:\/\/yoast.com\/product\/yoast-seo-wordpress\/ -->\n<title>Vitrine \u00e0 g\u00e2teaux - 400 L - 90 cm - sur roues - Gastora<\/title>\n<meta name=\"description\" content=\"Achetez Vitrine \u00e0 g\u00e2teaux - 400 L - 90 cm - sur roues au meilleur prix, fiable et performant avec une livraison rapide\" \/>\n<meta name=\"robots\" content=\"index, follow, max-snippet:-1, max-image-preview:large, max-video-preview:-1\" \/>\n<link rel=\"canonical\" href=\"https:\/\/gastora.eu\/en\/product\/vitrine-gteaux-400-l-90-cm-sur-roues\/\" \/>\n<meta property=\"og:locale\" content=\"en_US\" \/>\n<meta property=\"og:type\" content=\"article\" \/>\n<meta property=\"og:title\" content=\"Vitrine \u00e0 g\u00e2teaux - 400 L - 90 cm - sur roues - Gastora\" \/>\n<meta property=\"og:description\" content=\"Achetez Vitrine \u00e0 g\u00e2teaux - 400 L - 90 cm - sur roues au meilleur prix, fiable et performant avec une livraison rapide\" \/>\n<meta property=\"og:url\" content=\"https:\/\/gastora.eu\/en\/product\/vitrine-gteaux-400-l-90-cm-sur-roues\/\" \/>\n<meta property=\"og:site_name\" content=\"Gastora\" \/>\n<meta property=\"article:modified_time\" content=\"2026-04-26T08:28:57+00:00\" \/>\n<meta name=\"twitter:card\" content=\"summary_large_image\" \/>\n<meta name=\"twitter:label1\" content=\"Est. reading time\" \/>\n\t<meta name=\"twitter:data1\" content=\"2 minutes\" \/>\n<script type=\"application\/ld+json\" class=\"yoast-schema-graph\">{\"@context\":\"https:\\\/\\\/schema.org\",\"@graph\":[{\"@type\":\"WebPage\",\"@id\":\"https:\\\/\\\/gastora.eu\\\/product\\\/vitrine-gteaux-400-l-90-cm-sur-roues\\\/\",\"url\":\"https:\\\/\\\/gastora.eu\\\/product\\\/vitrine-gteaux-400-l-90-cm-sur-roues\\\/\",\"name\":\"Vitrine \u00e0 g\u00e2teaux - 400 L - 90 cm - sur roues - Gastora\",\"isPartOf\":{\"@id\":\"https:\\\/\\\/gastora.eu\\\/#website\"},\"primaryImageOfPage\":{\"@id\":\"https:\\\/\\\/gastora.eu\\\/product\\\/vitrine-gteaux-400-l-90-cm-sur-roues\\\/#primaryimage\"},\"image\":{\"@id\":\"https:\\\/\\\/gastora.eu\\\/product\\\/vitrine-gteaux-400-l-90-cm-sur-roues\\\/#primaryimage\"},\"thumbnailUrl\":\"https:\\\/\\\/gastora.eu\\\/wp-content\\\/uploads\\\/2026\\\/04\\\/sp-005-61656e6f5cf68.jpg\",\"datePublished\":\"2026-04-25T17:29:48+00:00\",\"dateModified\":\"2026-04-26T08:28:57+00:00\",\"description\":\"Achetez Vitrine \u00e0 g\u00e2teaux - 400 L - 90 cm - sur roues au meilleur prix, fiable et performant avec une livraison rapide\",\"breadcrumb\":{\"@id\":\"https:\\\/\\\/gastora.eu\\\/product\\\/vitrine-gteaux-400-l-90-cm-sur-roues\\\/#breadcrumb\"},\"inLanguage\":\"en-US\",\"potentialAction\":[{\"@type\":\"ReadAction\",\"target\":[\"https:\\\/\\\/gastora.eu\\\/product\\\/vitrine-gteaux-400-l-90-cm-sur-roues\\\/\"]}]},{\"@type\":\"ImageObject\",\"inLanguage\":\"en-US\",\"@id\":\"https:\\\/\\\/gastora.eu\\\/product\\\/vitrine-gteaux-400-l-90-cm-sur-roues\\\/#primaryimage\",\"url\":\"https:\\\/\\\/gastora.eu\\\/wp-content\\\/uploads\\\/2026\\\/04\\\/sp-005-61656e6f5cf68.jpg\",\"contentUrl\":\"https:\\\/\\\/gastora.eu\\\/wp-content\\\/uploads\\\/2026\\\/04\\\/sp-005-61656e6f5cf68.jpg\",\"width\":1024,\"height\":1024},{\"@type\":\"BreadcrumbList\",\"@id\":\"https:\\\/\\\/gastora.eu\\\/product\\\/vitrine-gteaux-400-l-90-cm-sur-roues\\\/#breadcrumb\",\"itemListElement\":[{\"@type\":\"ListItem\",\"position\":1,\"name\":\"Home\",\"item\":\"https:\\\/\\\/gastora.eu\\\/\"},{\"@type\":\"ListItem\",\"position\":2,\"name\":\"Shop\",\"item\":\"https:\\\/\\\/gastora.eu\\\/shop\\\/\"},{\"@type\":\"ListItem\",\"position\":3,\"name\":\"Vitrine \u00e0 g\u00e2teaux &#8211; 400 L &#8211; 90 cm &#8211; sur roues\"}]},{\"@type\":\"WebSite\",\"@id\":\"https:\\\/\\\/gastora.eu\\\/#website\",\"url\":\"https:\\\/\\\/gastora.eu\\\/\",\"name\":\"Gastora\",\"description\":\"\u00c9quipements professionnels CHR\",\"publisher\":{\"@id\":\"https:\\\/\\\/gastora.eu\\\/#organization\"},\"potentialAction\":[{\"@type\":\"SearchAction\",\"target\":{\"@type\":\"EntryPoint\",\"urlTemplate\":\"https:\\\/\\\/gastora.eu\\\/?s={search_term_string}\"},\"query-input\":{\"@type\":\"PropertyValueSpecification\",\"valueRequired\":true,\"valueName\":\"search_term_string\"}}],\"inLanguage\":\"en-US\"},{\"@type\":\"Organization\",\"@id\":\"https:\\\/\\\/gastora.eu\\\/#organization\",\"name\":\"Gastora\",\"url\":\"https:\\\/\\\/gastora.eu\\\/\",\"logo\":{\"@type\":\"ImageObject\",\"inLanguage\":\"en-US\",\"@id\":\"https:\\\/\\\/gastora.eu\\\/#\\\/schema\\\/logo\\\/image\\\/\",\"url\":\"https:\\\/\\\/gastora.eu\\\/wp-content\\\/uploads\\\/2025\\\/12\\\/ChatGPT-Image-2-janv.-2026-22_52_47-1.png\",\"contentUrl\":\"https:\\\/\\\/gastora.eu\\\/wp-content\\\/uploads\\\/2025\\\/12\\\/ChatGPT-Image-2-janv.-2026-22_52_47-1.png\",\"width\":1536,\"height\":320,\"caption\":\"Gastora\"},\"image\":{\"@id\":\"https:\\\/\\\/gastora.eu\\\/#\\\/schema\\\/logo\\\/image\\\/\"}}]}<\/script>\n<!-- \/ Yoast SEO plugin. -->","yoast_head_json":{"title":"Vitrine \u00e0 g\u00e2teaux - 400 L - 90 cm - sur roues - Gastora","description":"Achetez Vitrine \u00e0 g\u00e2teaux - 400 L - 90 cm - sur roues au meilleur prix, fiable et performant avec une livraison rapide","robots":{"index":"index","follow":"follow","max-snippet":"max-snippet:-1","max-image-preview":"max-image-preview:large","max-video-preview":"max-video-preview:-1"},"canonical":"https:\/\/gastora.eu\/en\/product\/vitrine-gteaux-400-l-90-cm-sur-roues\/","og_locale":"en_US","og_type":"article","og_title":"Vitrine \u00e0 g\u00e2teaux - 400 L - 90 cm - sur roues - Gastora","og_description":"Achetez Vitrine \u00e0 g\u00e2teaux - 400 L - 90 cm - sur roues au meilleur prix, fiable et performant avec une livraison rapide","og_url":"https:\/\/gastora.eu\/en\/product\/vitrine-gteaux-400-l-90-cm-sur-roues\/","og_site_name":"Gastora","article_modified_time":"2026-04-26T08:28:57+00:00","twitter_card":"summary_large_image","twitter_misc":{"Est. reading time":"2 minutes"},"schema":{"@context":"https:\/\/schema.org","@graph":[{"@type":"WebPage","@id":"https:\/\/gastora.eu\/product\/vitrine-gteaux-400-l-90-cm-sur-roues\/","url":"https:\/\/gastora.eu\/product\/vitrine-gteaux-400-l-90-cm-sur-roues\/","name":"Vitrine \u00e0 g\u00e2teaux - 400 L - 90 cm - sur roues - Gastora","isPartOf":{"@id":"https:\/\/gastora.eu\/#website"},"primaryImageOfPage":{"@id":"https:\/\/gastora.eu\/product\/vitrine-gteaux-400-l-90-cm-sur-roues\/#primaryimage"},"image":{"@id":"https:\/\/gastora.eu\/product\/vitrine-gteaux-400-l-90-cm-sur-roues\/#primaryimage"},"thumbnailUrl":"https:\/\/gastora.eu\/wp-content\/uploads\/2026\/04\/sp-005-61656e6f5cf68.jpg","datePublished":"2026-04-25T17:29:48+00:00","dateModified":"2026-04-26T08:28:57+00:00","description":"Achetez Vitrine \u00e0 g\u00e2teaux - 400 L - 90 cm - sur roues au meilleur prix, fiable et performant avec une livraison rapide","breadcrumb":{"@id":"https:\/\/gastora.eu\/product\/vitrine-gteaux-400-l-90-cm-sur-roues\/#breadcrumb"},"inLanguage":"en-US","potentialAction":[{"@type":"ReadAction","target":["https:\/\/gastora.eu\/product\/vitrine-gteaux-400-l-90-cm-sur-roues\/"]}]},{"@type":"ImageObject","inLanguage":"en-US","@id":"https:\/\/gastora.eu\/product\/vitrine-gteaux-400-l-90-cm-sur-roues\/#primaryimage","url":"https:\/\/gastora.eu\/wp-content\/uploads\/2026\/04\/sp-005-61656e6f5cf68.jpg","contentUrl":"https:\/\/gastora.eu\/wp-content\/uploads\/2026\/04\/sp-005-61656e6f5cf68.jpg","width":1024,"height":1024},{"@type":"BreadcrumbList","@id":"https:\/\/gastora.eu\/product\/vitrine-gteaux-400-l-90-cm-sur-roues\/#breadcrumb","itemListElement":[{"@type":"ListItem","position":1,"name":"Home","item":"https:\/\/gastora.eu\/"},{"@type":"ListItem","position":2,"name":"Shop","item":"https:\/\/gastora.eu\/shop\/"},{"@type":"ListItem","position":3,"name":"Vitrine \u00e0 g\u00e2teaux &#8211; 400 L &#8211; 90 cm &#8211; sur roues"}]},{"@type":"WebSite","@id":"https:\/\/gastora.eu\/#website","url":"https:\/\/gastora.eu\/","name":"Gastora","description":"\u00c9quipements professionnels CHR","publisher":{"@id":"https:\/\/gastora.eu\/#organization"},"potentialAction":[{"@type":"SearchAction","target":{"@type":"EntryPoint","urlTemplate":"https:\/\/gastora.eu\/?s={search_term_string}"},"query-input":{"@type":"PropertyValueSpecification","valueRequired":true,"valueName":"search_term_string"}}],"inLanguage":"en-US"},{"@type":"Organization","@id":"https:\/\/gastora.eu\/#organization","name":"Gastora","url":"https:\/\/gastora.eu\/","logo":{"@type":"ImageObject","inLanguage":"en-US","@id":"https:\/\/gastora.eu\/#\/schema\/logo\/image\/","url":"https:\/\/gastora.eu\/wp-content\/uploads\/2025\/12\/ChatGPT-Image-2-janv.-2026-22_52_47-1.png","contentUrl":"https:\/\/gastora.eu\/wp-content\/uploads\/2025\/12\/ChatGPT-Image-2-janv.-2026-22_52_47-1.png","width":1536,"height":320,"caption":"Gastora"},"image":{"@id":"https:\/\/gastora.eu\/#\/schema\/logo\/image\/"}}]}},"jetpack_sharing_enabled":true,"_links":{"self":[{"href":"https:\/\/gastora.eu\/en\/wp-json\/wp\/v2\/product\/13780","targetHints":{"allow":["GET"]}}],"collection":[{"href":"https:\/\/gastora.eu\/en\/wp-json\/wp\/v2\/product"}],"about":[{"href":"https:\/\/gastora.eu\/en\/wp-json\/wp\/v2\/types\/product"}],"wp:featuredmedia":[{"embeddable":true,"href":"https:\/\/gastora.eu\/en\/wp-json\/wp\/v2\/media\/6308"}],"wp:attachment":[{"href":"https:\/\/gastora.eu\/en\/wp-json\/wp\/v2\/media?parent=13780"}],"wp:term":[{"taxonomy":"product_brand","embeddable":true,"href":"https:\/\/gastora.eu\/en\/wp-json\/wp\/v2\/product_brand?post=13780"},{"taxonomy":"product_cat","embeddable":true,"href":"https:\/\/gastora.eu\/en\/wp-json\/wp\/v2\/product_cat?post=13780"},{"taxonomy":"product_tag","embeddable":true,"href":"https:\/\/gastora.eu\/en\/wp-json\/wp\/v2\/product_tag?post=13780"}],"curies":[{"name":"wp","href":"https:\/\/api.w.org\/{rel}","templated":true}]}}