{"id":13778,"date":"2026-04-25T17:29:46","date_gmt":"2026-04-25T17:29:46","guid":{"rendered":"https:\/\/gastora.eu\/?post_type=product&#038;p=13778"},"modified":"2026-04-26T08:28:55","modified_gmt":"2026-04-26T08:28:55","slug":"vitrine-gteaux-120-l-70-cm-portes-coulissantes-arrire","status":"publish","type":"product","link":"https:\/\/gastora.eu\/en\/product\/vitrine-gteaux-120-l-70-cm-portes-coulissantes-arrire\/","title":{"rendered":"Vitrine \u00e0 g\u00e2teaux &#8211; 120 L &#8211; 70 cm &#8211; portes coulissantes arri\u00e8re"},"content":{"rendered":"<p>Ce r\u00e9frig\u00e9rateur d&#8217;exposition haut de gamme est dot\u00e9 d&#8217;une grande capacit\u00e9 de 120 litres et d&#8217;une finition soign\u00e9e. Il est id\u00e9al pour les restaurants, les h\u00f4tels, les caf\u00e9s et tout autre \u00e9tablissement de restauration o\u00f9 il est n\u00e9cessaire de pr\u00e9senter des produits alimentaires. Il est \u00e9quip\u00e9 de deux \u00e9tag\u00e8res chrom\u00e9es r\u00e9glables en hauteur afin que vous puissiez l&#8217;adapter \u00e0 vos besoins. Il comprend \u00e9galement des fen\u00eatres \u00e0 double vitrage et un \u00e9clairage LED int\u00e9gr\u00e9 \u00e0 l&#8217;int\u00e9rieur. Elle convient donc parfaitement \u00e0 la pr\u00e9sentation de g\u00e2teaux, de chocolats et d&#8217;autres en-cas pour les clients et les invit\u00e9s. \u00c0 l&#8217;arri\u00e8re, deux portes coulissantes permettent d&#8217;ajouter ou de retirer rapidement et facilement des articles selon les besoins.<\/p>\n<h3>Des produits toujours refroidis<\/h3>\n<p>Lorsqu&#8217;on travaille avec des produits frais, il est essentiel de disposer d&#8217;un bon syst\u00e8me de refroidissement. Gr\u00e2ce au refroidissement par ventilateur de ce r\u00e9frig\u00e9rateur d&#8217;exposition, l&#8217;air froid est r\u00e9parti uniform\u00e9ment \u00e0 l&#8217;int\u00e9rieur. Ainsi, tous les produits, quelle que soit leur position dans le r\u00e9frig\u00e9rateur, sont refroidis de mani\u00e8re homog\u00e8ne. Le r\u00e9frig\u00e9rateur est \u00e9galement \u00e9quip\u00e9 d&#8217;un r\u00e9gulateur de temp\u00e9rature num\u00e9rique tr\u00e8s facile \u00e0 utiliser. Il vous permet de r\u00e9gler pr\u00e9cis\u00e9ment la temp\u00e9rature souhait\u00e9e dans une plage comprise entre 0 et 12\u00b0C, afin que les produits soient toujours \u00e0 la temp\u00e9rature souhait\u00e9e. La formation de glace est \u00e9galement fortement r\u00e9duite dans ce r\u00e9frig\u00e9rateur, gr\u00e2ce au cycle de refroidissement sp\u00e9cialis\u00e9, combin\u00e9 \u00e0 la fonction de d\u00e9givrage automatique. Le r\u00e9frig\u00e9rant utilis\u00e9 pour ce r\u00e9frig\u00e9rateur est le R600a, exempt de CFC.<\/p>\n<h3>Facile \u00e0 nettoyer<\/h3>\n<p>L&#8217;hygi\u00e8ne est un facteur extr\u00eamement important dans l&#8217;industrie alimentaire. Il est important de garder tous les appareils et ustensiles qui entrent en contact avec les aliments aussi propres que possible. C&#8217;est pourquoi ce r\u00e9frig\u00e9rateur d&#8217;exposition doit \u00eatre nettoy\u00e9 r\u00e9guli\u00e8rement. Heureusement, il s&#8217;agit d&#8217;une t\u00e2che tr\u00e8s facile \u00e0 r\u00e9aliser. Il suffit d&#8217;un chiffon doux et humide pour l&#8217;ext\u00e9rieur et d&#8217;une eau ti\u00e8de et savonneuse pour les \u00e9tag\u00e8res et l&#8217;int\u00e9rieur.<\/p>\n<p><strong>Caract\u00e9ristiques<\/strong><\/p>\n<ul>\n<li>Portes coulissantes \u00e0 l&#8217;arri\u00e8re pour un acc\u00e8s facile<\/li>\n<li>\u00c9clairage int\u00e9rieur inclus<\/li>\n<li>Fen\u00eatres en verre sur tous les c\u00f4t\u00e9s<\/li>\n<li>Deux \u00e9tag\u00e8res chrom\u00e9es r\u00e9glables<\/li>\n<li>Pieds solidement fix\u00e9s pour une meilleure stabilit\u00e9<\/li>\n<li>Cycle de refroidissement sp\u00e9cialis\u00e9 pour r\u00e9duire la formation de glace<\/li>\n<\/ul>\n<p><strong>Caract\u00e9ristiques du produit<\/strong><\/p>\n<ul>\n<li>Poids net : 57 kg<\/li>\n<li>Dimensions int\u00e9rieures : L66,4 x P44,8 x H41cm<\/li>\n<li>Dimensions ext\u00e9rieures : L70,2 x P56,8 x H68,6cm<\/li>\n<li>Dimensions de l&#8217;\u00e9tag\u00e8re : L64 x P37cm<\/li>\n<li>230V \/ 50Hz \/ 1 phase 160W<\/li>\n<\/ul>","protected":false},"excerpt":{"rendered":"<p>Ce r\u00e9frig\u00e9rateur noir incurv\u00e9 a une capacit\u00e9 de 120 litres et est \u00e9quip\u00e9 de portes coulissantes \u00e0 l&#8217;arri\u00e8re pour faciliter le remplissage et le retrait des produits. Il dispose de deux \u00e9tag\u00e8res r\u00e9glables, d&#8217;un \u00e9clairage LED \u00e0 l&#8217;int\u00e9rieur et d&#8217;un affichage num\u00e9rique. Parfait pour pr\u00e9senter des p\u00e2tisseries, des sandwichs et autres snacks dans divers \u00e9tablissements de restauration.<\/p>","protected":false},"featured_media":6304,"template":"","meta":{"_acf_changed":false},"product_brand":[],"product_cat":[475],"product_tag":[],"class_list":{"0":"post-13778","1":"product","2":"type-product","3":"status-publish","4":"has-post-thumbnail","6":"product_cat-vitrines-refrigerees-2","8":"first","9":"instock","10":"sale","11":"taxable","12":"shipping-taxable","13":"purchasable","14":"product-type-simple"},"acf":[],"yoast_head":"<!-- This site is optimized with the Yoast SEO plugin v27.4 - https:\/\/yoast.com\/product\/yoast-seo-wordpress\/ -->\n<title>Vitrine \u00e0 g\u00e2teaux - 120 L - 70 cm - portes coulissantes arri\u00e8re - Gastora<\/title>\n<meta name=\"description\" content=\"Achetez Vitrine \u00e0 g\u00e2teaux - 120 L - 70 cm - portes coulissantes arri\u00e8re au meilleur prix, fiable et performant avec une livraison rapide\" \/>\n<meta name=\"robots\" content=\"index, follow, max-snippet:-1, max-image-preview:large, max-video-preview:-1\" \/>\n<link rel=\"canonical\" href=\"https:\/\/gastora.eu\/en\/product\/vitrine-gteaux-120-l-70-cm-portes-coulissantes-arrire\/\" \/>\n<meta property=\"og:locale\" content=\"en_US\" \/>\n<meta property=\"og:type\" content=\"article\" \/>\n<meta property=\"og:title\" content=\"Vitrine \u00e0 g\u00e2teaux - 120 L - 70 cm - portes coulissantes arri\u00e8re - Gastora\" \/>\n<meta property=\"og:description\" content=\"Achetez Vitrine \u00e0 g\u00e2teaux - 120 L - 70 cm - portes coulissantes arri\u00e8re au meilleur prix, fiable et performant avec une livraison rapide\" \/>\n<meta property=\"og:url\" content=\"https:\/\/gastora.eu\/en\/product\/vitrine-gteaux-120-l-70-cm-portes-coulissantes-arrire\/\" \/>\n<meta property=\"og:site_name\" content=\"Gastora\" \/>\n<meta property=\"article:modified_time\" content=\"2026-04-26T08:28:55+00:00\" \/>\n<meta name=\"twitter:card\" content=\"summary_large_image\" \/>\n<meta name=\"twitter:label1\" content=\"Est. reading time\" \/>\n\t<meta name=\"twitter:data1\" content=\"2 minutes\" \/>\n<script type=\"application\/ld+json\" class=\"yoast-schema-graph\">{\"@context\":\"https:\\\/\\\/schema.org\",\"@graph\":[{\"@type\":\"WebPage\",\"@id\":\"https:\\\/\\\/gastora.eu\\\/product\\\/vitrine-gteaux-120-l-70-cm-portes-coulissantes-arrire\\\/\",\"url\":\"https:\\\/\\\/gastora.eu\\\/product\\\/vitrine-gteaux-120-l-70-cm-portes-coulissantes-arrire\\\/\",\"name\":\"Vitrine \u00e0 g\u00e2teaux - 120 L - 70 cm - portes coulissantes arri\u00e8re - Gastora\",\"isPartOf\":{\"@id\":\"https:\\\/\\\/gastora.eu\\\/#website\"},\"primaryImageOfPage\":{\"@id\":\"https:\\\/\\\/gastora.eu\\\/product\\\/vitrine-gteaux-120-l-70-cm-portes-coulissantes-arrire\\\/#primaryimage\"},\"image\":{\"@id\":\"https:\\\/\\\/gastora.eu\\\/product\\\/vitrine-gteaux-120-l-70-cm-portes-coulissantes-arrire\\\/#primaryimage\"},\"thumbnailUrl\":\"https:\\\/\\\/gastora.eu\\\/wp-content\\\/uploads\\\/2026\\\/04\\\/maxima-05.jpg\",\"datePublished\":\"2026-04-25T17:29:46+00:00\",\"dateModified\":\"2026-04-26T08:28:55+00:00\",\"description\":\"Achetez Vitrine \u00e0 g\u00e2teaux - 120 L - 70 cm - portes coulissantes arri\u00e8re au meilleur prix, fiable et performant avec une livraison rapide\",\"breadcrumb\":{\"@id\":\"https:\\\/\\\/gastora.eu\\\/product\\\/vitrine-gteaux-120-l-70-cm-portes-coulissantes-arrire\\\/#breadcrumb\"},\"inLanguage\":\"en-US\",\"potentialAction\":[{\"@type\":\"ReadAction\",\"target\":[\"https:\\\/\\\/gastora.eu\\\/product\\\/vitrine-gteaux-120-l-70-cm-portes-coulissantes-arrire\\\/\"]}]},{\"@type\":\"ImageObject\",\"inLanguage\":\"en-US\",\"@id\":\"https:\\\/\\\/gastora.eu\\\/product\\\/vitrine-gteaux-120-l-70-cm-portes-coulissantes-arrire\\\/#primaryimage\",\"url\":\"https:\\\/\\\/gastora.eu\\\/wp-content\\\/uploads\\\/2026\\\/04\\\/maxima-05.jpg\",\"contentUrl\":\"https:\\\/\\\/gastora.eu\\\/wp-content\\\/uploads\\\/2026\\\/04\\\/maxima-05.jpg\",\"width\":1024,\"height\":1024},{\"@type\":\"BreadcrumbList\",\"@id\":\"https:\\\/\\\/gastora.eu\\\/product\\\/vitrine-gteaux-120-l-70-cm-portes-coulissantes-arrire\\\/#breadcrumb\",\"itemListElement\":[{\"@type\":\"ListItem\",\"position\":1,\"name\":\"Home\",\"item\":\"https:\\\/\\\/gastora.eu\\\/\"},{\"@type\":\"ListItem\",\"position\":2,\"name\":\"Shop\",\"item\":\"https:\\\/\\\/gastora.eu\\\/shop\\\/\"},{\"@type\":\"ListItem\",\"position\":3,\"name\":\"Vitrine \u00e0 g\u00e2teaux &#8211; 120 L &#8211; 70 cm &#8211; portes coulissantes arri\u00e8re\"}]},{\"@type\":\"WebSite\",\"@id\":\"https:\\\/\\\/gastora.eu\\\/#website\",\"url\":\"https:\\\/\\\/gastora.eu\\\/\",\"name\":\"Gastora\",\"description\":\"\u00c9quipements professionnels CHR\",\"publisher\":{\"@id\":\"https:\\\/\\\/gastora.eu\\\/#organization\"},\"potentialAction\":[{\"@type\":\"SearchAction\",\"target\":{\"@type\":\"EntryPoint\",\"urlTemplate\":\"https:\\\/\\\/gastora.eu\\\/?s={search_term_string}\"},\"query-input\":{\"@type\":\"PropertyValueSpecification\",\"valueRequired\":true,\"valueName\":\"search_term_string\"}}],\"inLanguage\":\"en-US\"},{\"@type\":\"Organization\",\"@id\":\"https:\\\/\\\/gastora.eu\\\/#organization\",\"name\":\"Gastora\",\"url\":\"https:\\\/\\\/gastora.eu\\\/\",\"logo\":{\"@type\":\"ImageObject\",\"inLanguage\":\"en-US\",\"@id\":\"https:\\\/\\\/gastora.eu\\\/#\\\/schema\\\/logo\\\/image\\\/\",\"url\":\"https:\\\/\\\/gastora.eu\\\/wp-content\\\/uploads\\\/2025\\\/12\\\/ChatGPT-Image-2-janv.-2026-22_52_47-1.png\",\"contentUrl\":\"https:\\\/\\\/gastora.eu\\\/wp-content\\\/uploads\\\/2025\\\/12\\\/ChatGPT-Image-2-janv.-2026-22_52_47-1.png\",\"width\":1536,\"height\":320,\"caption\":\"Gastora\"},\"image\":{\"@id\":\"https:\\\/\\\/gastora.eu\\\/#\\\/schema\\\/logo\\\/image\\\/\"}}]}<\/script>\n<!-- \/ Yoast SEO plugin. -->","yoast_head_json":{"title":"Vitrine \u00e0 g\u00e2teaux - 120 L - 70 cm - portes coulissantes arri\u00e8re - Gastora","description":"Achetez Vitrine \u00e0 g\u00e2teaux - 120 L - 70 cm - portes coulissantes arri\u00e8re au meilleur prix, fiable et performant avec une livraison rapide","robots":{"index":"index","follow":"follow","max-snippet":"max-snippet:-1","max-image-preview":"max-image-preview:large","max-video-preview":"max-video-preview:-1"},"canonical":"https:\/\/gastora.eu\/en\/product\/vitrine-gteaux-120-l-70-cm-portes-coulissantes-arrire\/","og_locale":"en_US","og_type":"article","og_title":"Vitrine \u00e0 g\u00e2teaux - 120 L - 70 cm - portes coulissantes arri\u00e8re - Gastora","og_description":"Achetez Vitrine \u00e0 g\u00e2teaux - 120 L - 70 cm - portes coulissantes arri\u00e8re au meilleur prix, fiable et performant avec une livraison rapide","og_url":"https:\/\/gastora.eu\/en\/product\/vitrine-gteaux-120-l-70-cm-portes-coulissantes-arrire\/","og_site_name":"Gastora","article_modified_time":"2026-04-26T08:28:55+00:00","twitter_card":"summary_large_image","twitter_misc":{"Est. reading time":"2 minutes"},"schema":{"@context":"https:\/\/schema.org","@graph":[{"@type":"WebPage","@id":"https:\/\/gastora.eu\/product\/vitrine-gteaux-120-l-70-cm-portes-coulissantes-arrire\/","url":"https:\/\/gastora.eu\/product\/vitrine-gteaux-120-l-70-cm-portes-coulissantes-arrire\/","name":"Vitrine \u00e0 g\u00e2teaux - 120 L - 70 cm - portes coulissantes arri\u00e8re - Gastora","isPartOf":{"@id":"https:\/\/gastora.eu\/#website"},"primaryImageOfPage":{"@id":"https:\/\/gastora.eu\/product\/vitrine-gteaux-120-l-70-cm-portes-coulissantes-arrire\/#primaryimage"},"image":{"@id":"https:\/\/gastora.eu\/product\/vitrine-gteaux-120-l-70-cm-portes-coulissantes-arrire\/#primaryimage"},"thumbnailUrl":"https:\/\/gastora.eu\/wp-content\/uploads\/2026\/04\/maxima-05.jpg","datePublished":"2026-04-25T17:29:46+00:00","dateModified":"2026-04-26T08:28:55+00:00","description":"Achetez Vitrine \u00e0 g\u00e2teaux - 120 L - 70 cm - portes coulissantes arri\u00e8re au meilleur prix, fiable et performant avec une livraison rapide","breadcrumb":{"@id":"https:\/\/gastora.eu\/product\/vitrine-gteaux-120-l-70-cm-portes-coulissantes-arrire\/#breadcrumb"},"inLanguage":"en-US","potentialAction":[{"@type":"ReadAction","target":["https:\/\/gastora.eu\/product\/vitrine-gteaux-120-l-70-cm-portes-coulissantes-arrire\/"]}]},{"@type":"ImageObject","inLanguage":"en-US","@id":"https:\/\/gastora.eu\/product\/vitrine-gteaux-120-l-70-cm-portes-coulissantes-arrire\/#primaryimage","url":"https:\/\/gastora.eu\/wp-content\/uploads\/2026\/04\/maxima-05.jpg","contentUrl":"https:\/\/gastora.eu\/wp-content\/uploads\/2026\/04\/maxima-05.jpg","width":1024,"height":1024},{"@type":"BreadcrumbList","@id":"https:\/\/gastora.eu\/product\/vitrine-gteaux-120-l-70-cm-portes-coulissantes-arrire\/#breadcrumb","itemListElement":[{"@type":"ListItem","position":1,"name":"Home","item":"https:\/\/gastora.eu\/"},{"@type":"ListItem","position":2,"name":"Shop","item":"https:\/\/gastora.eu\/shop\/"},{"@type":"ListItem","position":3,"name":"Vitrine \u00e0 g\u00e2teaux &#8211; 120 L &#8211; 70 cm &#8211; portes coulissantes arri\u00e8re"}]},{"@type":"WebSite","@id":"https:\/\/gastora.eu\/#website","url":"https:\/\/gastora.eu\/","name":"Gastora","description":"\u00c9quipements professionnels CHR","publisher":{"@id":"https:\/\/gastora.eu\/#organization"},"potentialAction":[{"@type":"SearchAction","target":{"@type":"EntryPoint","urlTemplate":"https:\/\/gastora.eu\/?s={search_term_string}"},"query-input":{"@type":"PropertyValueSpecification","valueRequired":true,"valueName":"search_term_string"}}],"inLanguage":"en-US"},{"@type":"Organization","@id":"https:\/\/gastora.eu\/#organization","name":"Gastora","url":"https:\/\/gastora.eu\/","logo":{"@type":"ImageObject","inLanguage":"en-US","@id":"https:\/\/gastora.eu\/#\/schema\/logo\/image\/","url":"https:\/\/gastora.eu\/wp-content\/uploads\/2025\/12\/ChatGPT-Image-2-janv.-2026-22_52_47-1.png","contentUrl":"https:\/\/gastora.eu\/wp-content\/uploads\/2025\/12\/ChatGPT-Image-2-janv.-2026-22_52_47-1.png","width":1536,"height":320,"caption":"Gastora"},"image":{"@id":"https:\/\/gastora.eu\/#\/schema\/logo\/image\/"}}]}},"jetpack_sharing_enabled":true,"_links":{"self":[{"href":"https:\/\/gastora.eu\/en\/wp-json\/wp\/v2\/product\/13778","targetHints":{"allow":["GET"]}}],"collection":[{"href":"https:\/\/gastora.eu\/en\/wp-json\/wp\/v2\/product"}],"about":[{"href":"https:\/\/gastora.eu\/en\/wp-json\/wp\/v2\/types\/product"}],"wp:featuredmedia":[{"embeddable":true,"href":"https:\/\/gastora.eu\/en\/wp-json\/wp\/v2\/media\/6304"}],"wp:attachment":[{"href":"https:\/\/gastora.eu\/en\/wp-json\/wp\/v2\/media?parent=13778"}],"wp:term":[{"taxonomy":"product_brand","embeddable":true,"href":"https:\/\/gastora.eu\/en\/wp-json\/wp\/v2\/product_brand?post=13778"},{"taxonomy":"product_cat","embeddable":true,"href":"https:\/\/gastora.eu\/en\/wp-json\/wp\/v2\/product_cat?post=13778"},{"taxonomy":"product_tag","embeddable":true,"href":"https:\/\/gastora.eu\/en\/wp-json\/wp\/v2\/product_tag?post=13778"}],"curies":[{"name":"wp","href":"https:\/\/api.w.org\/{rel}","templated":true}]}}