{"id":13776,"date":"2026-04-25T17:29:43","date_gmt":"2026-04-25T17:29:43","guid":{"rendered":"https:\/\/gastora.eu\/?post_type=product&#038;p=13776"},"modified":"2026-04-26T08:28:53","modified_gmt":"2026-04-26T08:28:53","slug":"vitrine-gteaux-100-l-68-cm-blanc","status":"publish","type":"product","link":"https:\/\/gastora.eu\/en\/product\/vitrine-gteaux-100-l-68-cm-blanc\/","title":{"rendered":"Vitrine \u00e0 g\u00e2teaux &#8211; 100 L &#8211; 68 cm &#8211; blanc"},"content":{"rendered":"<p>Cette vitrine dot\u00e9e d&#8217;une fen\u00eatre incurv\u00e9e \u00e0 l&#8217;avant est un atout pour toute boulangerie, tout caf\u00e9, toute brasserie ou tout autre \u00e9tablissement de restauration. Avec une capacit\u00e9 allant jusqu&#8217;\u00e0 100 litres et deux \u00e9tag\u00e8res r\u00e9glables en hauteur, vous pouvez refroidir divers aliments rapidement et facilement. Gr\u00e2ce \u00e0 l&#8217;\u00e9clairage LED \u00e0 l&#8217;int\u00e9rieur, ainsi qu&#8217;aux quatre fen\u00eatres en verre de chaque c\u00f4t\u00e9, les produits sont joliment pr\u00e9sent\u00e9s aux clients potentiels. Les portes coulissantes \u00e0 l&#8217;arri\u00e8re du r\u00e9frig\u00e9rateur d&#8217;exposition r\u00e9frig\u00e9r\u00e9 permettent \u00e9galement d&#8217;ajouter ou de retirer facilement des articles en cas de besoin.<\/p>\n<h3>Contr\u00f4le pr\u00e9cis de la temp\u00e9rature<\/h3>\n<p>Les sandwichs, p\u00e2tisseries, tartes et autres snacks sont refroidis avec pr\u00e9cision au niveau souhait\u00e9, gr\u00e2ce au syst\u00e8me de refroidissement par ventilateur, qui distribue l&#8217;air froid de mani\u00e8re homog\u00e8ne dans l&#8217;ensemble du r\u00e9frig\u00e9rateur d&#8217;exposition. La temp\u00e9rature est tr\u00e8s facile \u00e0 r\u00e9gler, simplement \u00e0 l&#8217;aide du r\u00e9gulateur de temp\u00e9rature num\u00e9rique. Vous pouvez choisir n&#8217;importe quelle temp\u00e9rature entre 0 et 12\u00b0C. En outre, pour \u00e9viter la formation de glace dans la vitrine, le r\u00e9frig\u00e9rateur est dot\u00e9 d&#8217;un cycle de refroidissement unique et d&#8217;une fonction de d\u00e9givrage automatique. Le r\u00e9frig\u00e9rant utilis\u00e9 pour la glaci\u00e8re est le R600a, exempt de CFC.<\/p>\n<h3>Stable et facile \u00e0 nettoyer<\/h3>\n<p>Gr\u00e2ce \u00e0 ses pieds solidement fix\u00e9s, cette vitrine est stable et peut \u00eatre plac\u00e9e en toute s\u00e9curit\u00e9 sur presque n&#8217;importe quelle surface. Le nettoyage de la vitrine r\u00e9frig\u00e9r\u00e9e est \u00e9galement tr\u00e8s facile. Un chiffon doux et humide suffit pour nettoyer l&#8217;ext\u00e9rieur de la vitrine. Les \u00e9tag\u00e8res et l&#8217;int\u00e9rieur de la vitrine r\u00e9frig\u00e9r\u00e9e peuvent \u00eatre nettoy\u00e9s \u00e0 l&#8217;aide d&#8217;un chiffon et d&#8217;un peu d&#8217;eau chaude savonneuse. N&#8217;oubliez pas de le nettoyer r\u00e9guli\u00e8rement pour le maintenir en bon \u00e9tat de fonctionnement et pour que vos produits soient toujours bien expos\u00e9s. Ce r\u00e9frig\u00e9rateur professionnel est \u00e9galement disponible en noir.<\/p>\n<p><strong>Caract\u00e9ristiques<\/strong><\/p>\n<ul>\n<li>Portes coulissantes \u00e0 l&#8217;arri\u00e8re pour un acc\u00e8s facile<\/li>\n<li>Eclairage int\u00e9rieur inclus<\/li>\n<li>Fen\u00eatres en verre sur tous les c\u00f4t\u00e9s<\/li>\n<li>Deux \u00e9tag\u00e8res r\u00e9glables avec rev\u00eatement<\/li>\n<li>Pieds solidement fix\u00e9s pour une meilleure stabilit\u00e9<\/li>\n<li>Cycle de refroidissement sp\u00e9cialis\u00e9 pour r\u00e9duire la formation de glace<\/li>\n<\/ul>\n<p><strong>Caract\u00e9ristiques du produit<\/strong><\/p>\n<ul>\n<li>Poids net : 39 kg<\/li>\n<li>Dimensions int\u00e9rieures : L65,4 x P37,5 x H39,7cm<\/li>\n<li>Dimensions ext\u00e9rieures : L68,2 x P45 x H67,5cm<\/li>\n<li>Dimensions de l&#8217;\u00e9tag\u00e8re : L61 x P31cm<\/li>\n<li>230V \/ 50Hz \/ 1 Phase 160W<\/li>\n<\/ul>","protected":false},"excerpt":{"rendered":"<p>Ce r\u00e9frig\u00e9rateur blanc incurv\u00e9 a une capacit\u00e9 de 100 litres et est \u00e9quip\u00e9 de portes coulissantes \u00e0 l&#8217;arri\u00e8re pour faciliter le remplissage et le retrait des produits. Il dispose de deux \u00e9tag\u00e8res r\u00e9glables, d&#8217;un \u00e9clairage LED \u00e0 l&#8217;int\u00e9rieur et d&#8217;un affichage num\u00e9rique. Parfait pour pr\u00e9senter des p\u00e2tisseries, des sandwichs et autres snacks dans divers \u00e9tablissements de restauration.<\/p>","protected":false},"featured_media":6300,"template":"","meta":{"_acf_changed":false},"product_brand":[],"product_cat":[475],"product_tag":[],"class_list":{"0":"post-13776","1":"product","2":"type-product","3":"status-publish","4":"has-post-thumbnail","6":"product_cat-vitrines-refrigerees-2","8":"first","9":"instock","10":"sale","11":"taxable","12":"shipping-taxable","13":"purchasable","14":"product-type-simple"},"acf":[],"yoast_head":"<!-- This site is optimized with the Yoast SEO plugin v27.4 - https:\/\/yoast.com\/product\/yoast-seo-wordpress\/ -->\n<title>Vitrine \u00e0 g\u00e2teaux - 100 L - 68 cm - blanc - Gastora<\/title>\n<meta name=\"description\" content=\"Achetez Vitrine \u00e0 g\u00e2teaux - 100 L - 68 cm - blanc au meilleur prix, fiable et performant avec une livraison rapide\" \/>\n<meta name=\"robots\" content=\"index, follow, max-snippet:-1, max-image-preview:large, max-video-preview:-1\" \/>\n<link rel=\"canonical\" href=\"https:\/\/gastora.eu\/en\/product\/vitrine-gteaux-100-l-68-cm-blanc\/\" \/>\n<meta property=\"og:locale\" content=\"en_US\" \/>\n<meta property=\"og:type\" content=\"article\" \/>\n<meta property=\"og:title\" content=\"Vitrine \u00e0 g\u00e2teaux - 100 L - 68 cm - blanc - Gastora\" \/>\n<meta property=\"og:description\" content=\"Achetez Vitrine \u00e0 g\u00e2teaux - 100 L - 68 cm - blanc au meilleur prix, fiable et performant avec une livraison rapide\" \/>\n<meta property=\"og:url\" content=\"https:\/\/gastora.eu\/en\/product\/vitrine-gteaux-100-l-68-cm-blanc\/\" \/>\n<meta property=\"og:site_name\" content=\"Gastora\" \/>\n<meta property=\"article:modified_time\" content=\"2026-04-26T08:28:53+00:00\" \/>\n<meta name=\"twitter:card\" content=\"summary_large_image\" \/>\n<meta name=\"twitter:label1\" content=\"Est. reading time\" \/>\n\t<meta name=\"twitter:data1\" content=\"2 minutes\" \/>\n<script type=\"application\/ld+json\" class=\"yoast-schema-graph\">{\"@context\":\"https:\\\/\\\/schema.org\",\"@graph\":[{\"@type\":\"WebPage\",\"@id\":\"https:\\\/\\\/gastora.eu\\\/product\\\/vitrine-gteaux-100-l-68-cm-blanc\\\/\",\"url\":\"https:\\\/\\\/gastora.eu\\\/product\\\/vitrine-gteaux-100-l-68-cm-blanc\\\/\",\"name\":\"Vitrine \u00e0 g\u00e2teaux - 100 L - 68 cm - blanc - Gastora\",\"isPartOf\":{\"@id\":\"https:\\\/\\\/gastora.eu\\\/#website\"},\"primaryImageOfPage\":{\"@id\":\"https:\\\/\\\/gastora.eu\\\/product\\\/vitrine-gteaux-100-l-68-cm-blanc\\\/#primaryimage\"},\"image\":{\"@id\":\"https:\\\/\\\/gastora.eu\\\/product\\\/vitrine-gteaux-100-l-68-cm-blanc\\\/#primaryimage\"},\"thumbnailUrl\":\"https:\\\/\\\/gastora.eu\\\/wp-content\\\/uploads\\\/2026\\\/04\\\/sp-005-61656e6211626.jpg\",\"datePublished\":\"2026-04-25T17:29:43+00:00\",\"dateModified\":\"2026-04-26T08:28:53+00:00\",\"description\":\"Achetez Vitrine \u00e0 g\u00e2teaux - 100 L - 68 cm - blanc au meilleur prix, fiable et performant avec une livraison rapide\",\"breadcrumb\":{\"@id\":\"https:\\\/\\\/gastora.eu\\\/product\\\/vitrine-gteaux-100-l-68-cm-blanc\\\/#breadcrumb\"},\"inLanguage\":\"en-US\",\"potentialAction\":[{\"@type\":\"ReadAction\",\"target\":[\"https:\\\/\\\/gastora.eu\\\/product\\\/vitrine-gteaux-100-l-68-cm-blanc\\\/\"]}]},{\"@type\":\"ImageObject\",\"inLanguage\":\"en-US\",\"@id\":\"https:\\\/\\\/gastora.eu\\\/product\\\/vitrine-gteaux-100-l-68-cm-blanc\\\/#primaryimage\",\"url\":\"https:\\\/\\\/gastora.eu\\\/wp-content\\\/uploads\\\/2026\\\/04\\\/sp-005-61656e6211626.jpg\",\"contentUrl\":\"https:\\\/\\\/gastora.eu\\\/wp-content\\\/uploads\\\/2026\\\/04\\\/sp-005-61656e6211626.jpg\",\"width\":1024,\"height\":1024},{\"@type\":\"BreadcrumbList\",\"@id\":\"https:\\\/\\\/gastora.eu\\\/product\\\/vitrine-gteaux-100-l-68-cm-blanc\\\/#breadcrumb\",\"itemListElement\":[{\"@type\":\"ListItem\",\"position\":1,\"name\":\"Home\",\"item\":\"https:\\\/\\\/gastora.eu\\\/\"},{\"@type\":\"ListItem\",\"position\":2,\"name\":\"Shop\",\"item\":\"https:\\\/\\\/gastora.eu\\\/shop\\\/\"},{\"@type\":\"ListItem\",\"position\":3,\"name\":\"Vitrine \u00e0 g\u00e2teaux &#8211; 100 L &#8211; 68 cm &#8211; blanc\"}]},{\"@type\":\"WebSite\",\"@id\":\"https:\\\/\\\/gastora.eu\\\/#website\",\"url\":\"https:\\\/\\\/gastora.eu\\\/\",\"name\":\"Gastora\",\"description\":\"\u00c9quipements professionnels CHR\",\"publisher\":{\"@id\":\"https:\\\/\\\/gastora.eu\\\/#organization\"},\"potentialAction\":[{\"@type\":\"SearchAction\",\"target\":{\"@type\":\"EntryPoint\",\"urlTemplate\":\"https:\\\/\\\/gastora.eu\\\/?s={search_term_string}\"},\"query-input\":{\"@type\":\"PropertyValueSpecification\",\"valueRequired\":true,\"valueName\":\"search_term_string\"}}],\"inLanguage\":\"en-US\"},{\"@type\":\"Organization\",\"@id\":\"https:\\\/\\\/gastora.eu\\\/#organization\",\"name\":\"Gastora\",\"url\":\"https:\\\/\\\/gastora.eu\\\/\",\"logo\":{\"@type\":\"ImageObject\",\"inLanguage\":\"en-US\",\"@id\":\"https:\\\/\\\/gastora.eu\\\/#\\\/schema\\\/logo\\\/image\\\/\",\"url\":\"https:\\\/\\\/gastora.eu\\\/wp-content\\\/uploads\\\/2025\\\/12\\\/ChatGPT-Image-2-janv.-2026-22_52_47-1.png\",\"contentUrl\":\"https:\\\/\\\/gastora.eu\\\/wp-content\\\/uploads\\\/2025\\\/12\\\/ChatGPT-Image-2-janv.-2026-22_52_47-1.png\",\"width\":1536,\"height\":320,\"caption\":\"Gastora\"},\"image\":{\"@id\":\"https:\\\/\\\/gastora.eu\\\/#\\\/schema\\\/logo\\\/image\\\/\"}}]}<\/script>\n<!-- \/ Yoast SEO plugin. -->","yoast_head_json":{"title":"Vitrine \u00e0 g\u00e2teaux - 100 L - 68 cm - blanc - Gastora","description":"Achetez Vitrine \u00e0 g\u00e2teaux - 100 L - 68 cm - blanc au meilleur prix, fiable et performant avec une livraison rapide","robots":{"index":"index","follow":"follow","max-snippet":"max-snippet:-1","max-image-preview":"max-image-preview:large","max-video-preview":"max-video-preview:-1"},"canonical":"https:\/\/gastora.eu\/en\/product\/vitrine-gteaux-100-l-68-cm-blanc\/","og_locale":"en_US","og_type":"article","og_title":"Vitrine \u00e0 g\u00e2teaux - 100 L - 68 cm - blanc - Gastora","og_description":"Achetez Vitrine \u00e0 g\u00e2teaux - 100 L - 68 cm - blanc au meilleur prix, fiable et performant avec une livraison rapide","og_url":"https:\/\/gastora.eu\/en\/product\/vitrine-gteaux-100-l-68-cm-blanc\/","og_site_name":"Gastora","article_modified_time":"2026-04-26T08:28:53+00:00","twitter_card":"summary_large_image","twitter_misc":{"Est. reading time":"2 minutes"},"schema":{"@context":"https:\/\/schema.org","@graph":[{"@type":"WebPage","@id":"https:\/\/gastora.eu\/product\/vitrine-gteaux-100-l-68-cm-blanc\/","url":"https:\/\/gastora.eu\/product\/vitrine-gteaux-100-l-68-cm-blanc\/","name":"Vitrine \u00e0 g\u00e2teaux - 100 L - 68 cm - blanc - Gastora","isPartOf":{"@id":"https:\/\/gastora.eu\/#website"},"primaryImageOfPage":{"@id":"https:\/\/gastora.eu\/product\/vitrine-gteaux-100-l-68-cm-blanc\/#primaryimage"},"image":{"@id":"https:\/\/gastora.eu\/product\/vitrine-gteaux-100-l-68-cm-blanc\/#primaryimage"},"thumbnailUrl":"https:\/\/gastora.eu\/wp-content\/uploads\/2026\/04\/sp-005-61656e6211626.jpg","datePublished":"2026-04-25T17:29:43+00:00","dateModified":"2026-04-26T08:28:53+00:00","description":"Achetez Vitrine \u00e0 g\u00e2teaux - 100 L - 68 cm - blanc au meilleur prix, fiable et performant avec une livraison rapide","breadcrumb":{"@id":"https:\/\/gastora.eu\/product\/vitrine-gteaux-100-l-68-cm-blanc\/#breadcrumb"},"inLanguage":"en-US","potentialAction":[{"@type":"ReadAction","target":["https:\/\/gastora.eu\/product\/vitrine-gteaux-100-l-68-cm-blanc\/"]}]},{"@type":"ImageObject","inLanguage":"en-US","@id":"https:\/\/gastora.eu\/product\/vitrine-gteaux-100-l-68-cm-blanc\/#primaryimage","url":"https:\/\/gastora.eu\/wp-content\/uploads\/2026\/04\/sp-005-61656e6211626.jpg","contentUrl":"https:\/\/gastora.eu\/wp-content\/uploads\/2026\/04\/sp-005-61656e6211626.jpg","width":1024,"height":1024},{"@type":"BreadcrumbList","@id":"https:\/\/gastora.eu\/product\/vitrine-gteaux-100-l-68-cm-blanc\/#breadcrumb","itemListElement":[{"@type":"ListItem","position":1,"name":"Home","item":"https:\/\/gastora.eu\/"},{"@type":"ListItem","position":2,"name":"Shop","item":"https:\/\/gastora.eu\/shop\/"},{"@type":"ListItem","position":3,"name":"Vitrine \u00e0 g\u00e2teaux &#8211; 100 L &#8211; 68 cm &#8211; blanc"}]},{"@type":"WebSite","@id":"https:\/\/gastora.eu\/#website","url":"https:\/\/gastora.eu\/","name":"Gastora","description":"\u00c9quipements professionnels CHR","publisher":{"@id":"https:\/\/gastora.eu\/#organization"},"potentialAction":[{"@type":"SearchAction","target":{"@type":"EntryPoint","urlTemplate":"https:\/\/gastora.eu\/?s={search_term_string}"},"query-input":{"@type":"PropertyValueSpecification","valueRequired":true,"valueName":"search_term_string"}}],"inLanguage":"en-US"},{"@type":"Organization","@id":"https:\/\/gastora.eu\/#organization","name":"Gastora","url":"https:\/\/gastora.eu\/","logo":{"@type":"ImageObject","inLanguage":"en-US","@id":"https:\/\/gastora.eu\/#\/schema\/logo\/image\/","url":"https:\/\/gastora.eu\/wp-content\/uploads\/2025\/12\/ChatGPT-Image-2-janv.-2026-22_52_47-1.png","contentUrl":"https:\/\/gastora.eu\/wp-content\/uploads\/2025\/12\/ChatGPT-Image-2-janv.-2026-22_52_47-1.png","width":1536,"height":320,"caption":"Gastora"},"image":{"@id":"https:\/\/gastora.eu\/#\/schema\/logo\/image\/"}}]}},"jetpack_sharing_enabled":true,"_links":{"self":[{"href":"https:\/\/gastora.eu\/en\/wp-json\/wp\/v2\/product\/13776","targetHints":{"allow":["GET"]}}],"collection":[{"href":"https:\/\/gastora.eu\/en\/wp-json\/wp\/v2\/product"}],"about":[{"href":"https:\/\/gastora.eu\/en\/wp-json\/wp\/v2\/types\/product"}],"wp:featuredmedia":[{"embeddable":true,"href":"https:\/\/gastora.eu\/en\/wp-json\/wp\/v2\/media\/6300"}],"wp:attachment":[{"href":"https:\/\/gastora.eu\/en\/wp-json\/wp\/v2\/media?parent=13776"}],"wp:term":[{"taxonomy":"product_brand","embeddable":true,"href":"https:\/\/gastora.eu\/en\/wp-json\/wp\/v2\/product_brand?post=13776"},{"taxonomy":"product_cat","embeddable":true,"href":"https:\/\/gastora.eu\/en\/wp-json\/wp\/v2\/product_cat?post=13776"},{"taxonomy":"product_tag","embeddable":true,"href":"https:\/\/gastora.eu\/en\/wp-json\/wp\/v2\/product_tag?post=13776"}],"curies":[{"name":"wp","href":"https:\/\/api.w.org\/{rel}","templated":true}]}}